{"id":39307,"date":"2025-05-15T18:05:13","date_gmt":"2025-05-15T16:05:13","guid":{"rendered":"https:\/\/www.axiomams.eu\/produktas\/pce-instruments-pce-emf-40-gausu-meritajs"},"modified":"2026-03-25T17:01:25","modified_gmt":"2026-03-25T15:01:25","slug":"pce-instruments-pce-emf-40-gausu-meritajs","status":"publish","type":"product","link":"https:\/\/www.axiomams.eu\/lv\/produktas\/pce-instruments-pce-emf-40-gausu-meritajs","title":{"rendered":"PCE Instruments PCE-EMF 40 gausu m\u0113r\u012bt\u0101js"},"content":{"rendered":"<p>PCE Instruments PCE-EMF 40 Gausu m\u0113r\u012bt\u0101js tie\u0161i m\u0113ra magn\u0113tiskos laukus l\u012bdz 2000 mG un vienlaikus ar X, Y un Z ass pal\u012bdz\u012bbu ciparu veid\u0101 par\u0101da magn\u0113tisk\u0101 lauka stiprumu. V\u0113l viena gaussmetra m\u0113r\u012b\u0161anas funkcija ir elektromagn\u0113tisk\u0101 lauka intensit\u0101tes m\u0113r\u012b\u0161ana. Ar \u0161o m\u0113r\u012b\u0161anas funkciju gaussmetr\u0101 var noteikt elektromagn\u0113tisk\u0101 lauka intensit\u0101ti baro\u0161anas l\u012bnij\u0101s ar frekvenci 50 Hz\/60 Hz. Ar gausmetru ir iesp\u0113jams veikt m\u0113r\u012bjumus ar\u012b augstfrekven\u010du diapazon\u0101.<\/p>\n<p><b>Standarta komplekts:<\/b> PCE Instruments PCE-EMF 40 Elektromagn\u0113tisk\u0101 lauka m\u0113r\u012bt\u0101js, baterijas, lieto\u0161anas instrukcija.<\/p>\n<p><iframe loading=\"lazy\" width=\"560\" height=\"315\" src=\"https:\/\/www.youtube.com\/embed\/s4bO9vxO1LY?si=vZXYa8CMFEtWlqQ8\" title=\"YouTube video atska\u0146ot\u0101js\" frameborder=\"0\" allow=\"akselerometrs; autoplay; clipboard-write; encrypted-media; gyroscope; picture-in-picture; web-share\" allowfullscreen><\/iframe><\/p>\n<h3>Tehnisk\u0101 inform\u0101cija:<\/h3>\n<ul>\n<li><a href=\"https:\/\/axiomams.eu\/importer\/export\/attachments\/en\/pce-instruments-pce-emf-40.pdf\" target=\"_blank\">PCE Instruments PCE-EMF 40.pdf<\/a><\/li>\n<\/ul>\n","protected":false},"excerpt":{"rendered":"<p>PCE Instruments PCE-EMF 40 Gausu m\u0113r\u012bt\u0101js tie\u0161i m\u0113ra magn\u0113tiskos laukus l\u012bdz 2000 mG un vienlaikus ar X, Y un Z ass pal\u012bdz\u012bbu ciparu veid\u0101 par\u0101da magn\u0113tisk\u0101 lauka stiprumu. V\u0113l viena gaussmetra m\u0113r\u012b\u0161anas funkcija ir elektromagn\u0113tisk\u0101 lauka intensit\u0101tes m\u0113r\u012b\u0161ana. Ar \u0161o m\u0113r\u012b\u0161anas funkciju gaussmetr\u0101 var noteikt elektromagn\u0113tisk\u0101 lauka intensit\u0101ti baro\u0161anas l\u012bnij\u0101s ar frekvenci 50 Hz\/60 Hz&#8230;.<\/p>\n","protected":false},"featured_media":42333,"comment_status":"open","ping_status":"closed","template":"","meta":{"_acf_changed":false},"product_brand":[742],"product_cat":[17723],"product_tag":[],"class_list":{"0":"post-39307","1":"product","2":"type-product","3":"status-publish","4":"has-post-thumbnail","6":"product_brand-pce-instruments","7":"product_cat-putekliem-elektromagnetiska-lauka-merijumiem","9":"first","10":"instock","11":"taxable","12":"shipping-taxable","13":"purchasable","14":"product-type-simple"},"acf":[],"yoast_head":"<!-- This site is optimized with the Yoast SEO plugin v27.0 - https:\/\/yoast.com\/product\/yoast-seo-wordpress\/ -->\n<title>PCE Instruments PCE-EMF 40 gausu m\u0113r\u012bt\u0101js - AXIOMA MS<\/title>\n<meta name=\"robots\" content=\"index, follow, max-snippet:-1, max-image-preview:large, max-video-preview:-1\" \/>\n<link rel=\"canonical\" href=\"https:\/\/www.axiomams.eu\/lv\/produktas\/pce-instruments-pce-emf-40-gausu-meritajs\" \/>\n<meta property=\"og:locale\" content=\"lv_LV\" \/>\n<meta property=\"og:type\" content=\"article\" \/>\n<meta property=\"og:title\" content=\"PCE Instruments PCE-EMF 40 gausu m\u0113r\u012bt\u0101js - AXIOMA MS\" \/>\n<meta property=\"og:description\" content=\"PCE Instruments PCE-EMF 40 Gausu m\u0113r\u012bt\u0101js tie\u0161i m\u0113ra magn\u0113tiskos laukus l\u012bdz 2000 mG un vienlaikus ar X, Y un Z ass pal\u012bdz\u012bbu ciparu veid\u0101 par\u0101da magn\u0113tisk\u0101 lauka stiprumu. V\u0113l viena gaussmetra m\u0113r\u012b\u0161anas funkcija ir elektromagn\u0113tisk\u0101 lauka intensit\u0101tes m\u0113r\u012b\u0161ana. Ar \u0161o m\u0113r\u012b\u0161anas funkciju gaussmetr\u0101 var noteikt elektromagn\u0113tisk\u0101 lauka intensit\u0101ti baro\u0161anas l\u012bnij\u0101s ar frekvenci 50 Hz\/60 Hz....\" \/>\n<meta property=\"og:url\" content=\"https:\/\/www.axiomams.eu\/lv\/produktas\/pce-instruments-pce-emf-40-gausu-meritajs\" \/>\n<meta property=\"og:site_name\" content=\"AXIOMA MS\" \/>\n<meta property=\"article:publisher\" content=\"https:\/\/www.facebook.com\/AxiomaMS\" \/>\n<meta property=\"article:modified_time\" content=\"2026-03-25T15:01:25+00:00\" \/>\n<meta property=\"og:image\" content=\"https:\/\/www.axiomams.eu\/wp-content\/uploads\/2025\/07\/3514-4744.jpg\" \/>\n\t<meta property=\"og:image:width\" content=\"800\" \/>\n\t<meta property=\"og:image:height\" content=\"800\" \/>\n\t<meta property=\"og:image:type\" content=\"image\/jpeg\" \/>\n<meta name=\"twitter:card\" content=\"summary_large_image\" \/>\n<meta name=\"twitter:label1\" content=\"Est. reading time\" \/>\n\t<meta name=\"twitter:data1\" content=\"1 minute\" \/>\n<script type=\"application\/ld+json\" class=\"yoast-schema-graph\">{\"@context\":\"https:\/\/schema.org\",\"@graph\":[{\"@type\":\"WebPage\",\"@id\":\"https:\/\/www.axiomams.eu\/lv\/produktas\/pce-instruments-pce-emf-40-gausu-meritajs\",\"url\":\"https:\/\/www.axiomams.eu\/lv\/produktas\/pce-instruments-pce-emf-40-gausu-meritajs\",\"name\":\"PCE Instruments PCE-EMF 40 gausu m\u0113r\u012bt\u0101js - AXIOMA MS\",\"isPartOf\":{\"@id\":\"https:\/\/www.axiomams.eu\/lv#website\"},\"primaryImageOfPage\":{\"@id\":\"https:\/\/www.axiomams.eu\/lv\/produktas\/pce-instruments-pce-emf-40-gausu-meritajs#primaryimage\"},\"image\":{\"@id\":\"https:\/\/www.axiomams.eu\/lv\/produktas\/pce-instruments-pce-emf-40-gausu-meritajs#primaryimage\"},\"thumbnailUrl\":\"https:\/\/www.axiomams.eu\/wp-content\/uploads\/2025\/07\/3514-4744.jpg\",\"datePublished\":\"2025-05-15T16:05:13+00:00\",\"dateModified\":\"2026-03-25T15:01:25+00:00\",\"breadcrumb\":{\"@id\":\"https:\/\/www.axiomams.eu\/lv\/produktas\/pce-instruments-pce-emf-40-gausu-meritajs#breadcrumb\"},\"inLanguage\":\"lv-LV\",\"potentialAction\":[{\"@type\":\"ReadAction\",\"target\":[\"https:\/\/www.axiomams.eu\/lv\/produktas\/pce-instruments-pce-emf-40-gausu-meritajs\"]}]},{\"@type\":\"ImageObject\",\"inLanguage\":\"lv-LV\",\"@id\":\"https:\/\/www.axiomams.eu\/lv\/produktas\/pce-instruments-pce-emf-40-gausu-meritajs#primaryimage\",\"url\":\"https:\/\/www.axiomams.eu\/wp-content\/uploads\/2025\/07\/3514-4744.jpg\",\"contentUrl\":\"https:\/\/www.axiomams.eu\/wp-content\/uploads\/2025\/07\/3514-4744.jpg\",\"width\":800,\"height\":800},{\"@type\":\"BreadcrumbList\",\"@id\":\"https:\/\/www.axiomams.eu\/lv\/produktas\/pce-instruments-pce-emf-40-gausu-meritajs#breadcrumb\",\"itemListElement\":[{\"@type\":\"ListItem\",\"position\":1,\"name\":\"Home\",\"item\":\"https:\/\/www.axiomams.eu\/lv\"},{\"@type\":\"ListItem\",\"position\":2,\"name\":\"Produkti\",\"item\":\"https:\/\/www.axiomams.eu\/lv\/produkti\"},{\"@type\":\"ListItem\",\"position\":3,\"name\":\"PCE Instruments PCE-EMF 40 gausu m\u0113r\u012bt\u0101js\"}]},{\"@type\":\"WebSite\",\"@id\":\"https:\/\/www.axiomams.eu\/lv#website\",\"url\":\"https:\/\/www.axiomams.eu\/lv\",\"name\":\"AXIOMA MS\",\"description\":\"Terrmovizoriai ir matavimo \u012franga\",\"publisher\":{\"@id\":\"https:\/\/www.axiomams.eu\/lv#organization\"},\"potentialAction\":[{\"@type\":\"SearchAction\",\"target\":{\"@type\":\"EntryPoint\",\"urlTemplate\":\"https:\/\/www.axiomams.eu\/lv?s={search_term_string}\"},\"query-input\":{\"@type\":\"PropertyValueSpecification\",\"valueRequired\":true,\"valueName\":\"search_term_string\"}}],\"inLanguage\":\"lv-LV\"},{\"@type\":\"Organization\",\"@id\":\"https:\/\/www.axiomams.eu\/lv#organization\",\"name\":\"AXIOMA MS\",\"url\":\"https:\/\/www.axiomams.eu\/lv\",\"logo\":{\"@type\":\"ImageObject\",\"inLanguage\":\"lv-LV\",\"@id\":\"https:\/\/www.axiomams.eu\/lv#\/schema\/logo\/image\/\",\"url\":\"https:\/\/www.axiomams.eu\/wp-content\/uploads\/2025\/06\/axioma-logo-2.png\",\"contentUrl\":\"https:\/\/www.axiomams.eu\/wp-content\/uploads\/2025\/06\/axioma-logo-2.png\",\"width\":1200,\"height\":1200,\"caption\":\"AXIOMA MS\"},\"image\":{\"@id\":\"https:\/\/www.axiomams.eu\/lv#\/schema\/logo\/image\/\"},\"sameAs\":[\"https:\/\/www.facebook.com\/AxiomaMS\",\"https:\/\/www.linkedin.com\/company\/axiomams\/\"]}]}<\/script>\n<!-- \/ Yoast SEO plugin. -->","yoast_head_json":{"title":"PCE Instruments PCE-EMF 40 gausu m\u0113r\u012bt\u0101js - AXIOMA MS","robots":{"index":"index","follow":"follow","max-snippet":"max-snippet:-1","max-image-preview":"max-image-preview:large","max-video-preview":"max-video-preview:-1"},"canonical":"https:\/\/www.axiomams.eu\/lv\/produktas\/pce-instruments-pce-emf-40-gausu-meritajs","og_locale":"lv_LV","og_type":"article","og_title":"PCE Instruments PCE-EMF 40 gausu m\u0113r\u012bt\u0101js - AXIOMA MS","og_description":"PCE Instruments PCE-EMF 40 Gausu m\u0113r\u012bt\u0101js tie\u0161i m\u0113ra magn\u0113tiskos laukus l\u012bdz 2000 mG un vienlaikus ar X, Y un Z ass pal\u012bdz\u012bbu ciparu veid\u0101 par\u0101da magn\u0113tisk\u0101 lauka stiprumu. V\u0113l viena gaussmetra m\u0113r\u012b\u0161anas funkcija ir elektromagn\u0113tisk\u0101 lauka intensit\u0101tes m\u0113r\u012b\u0161ana. Ar \u0161o m\u0113r\u012b\u0161anas funkciju gaussmetr\u0101 var noteikt elektromagn\u0113tisk\u0101 lauka intensit\u0101ti baro\u0161anas l\u012bnij\u0101s ar frekvenci 50 Hz\/60 Hz....","og_url":"https:\/\/www.axiomams.eu\/lv\/produktas\/pce-instruments-pce-emf-40-gausu-meritajs","og_site_name":"AXIOMA MS","article_publisher":"https:\/\/www.facebook.com\/AxiomaMS","article_modified_time":"2026-03-25T15:01:25+00:00","og_image":[{"width":800,"height":800,"url":"https:\/\/www.axiomams.eu\/wp-content\/uploads\/2025\/07\/3514-4744.jpg","type":"image\/jpeg"}],"twitter_card":"summary_large_image","twitter_misc":{"Est. reading time":"1 minute"},"schema":{"@context":"https:\/\/schema.org","@graph":[{"@type":"WebPage","@id":"https:\/\/www.axiomams.eu\/lv\/produktas\/pce-instruments-pce-emf-40-gausu-meritajs","url":"https:\/\/www.axiomams.eu\/lv\/produktas\/pce-instruments-pce-emf-40-gausu-meritajs","name":"PCE Instruments PCE-EMF 40 gausu m\u0113r\u012bt\u0101js - AXIOMA MS","isPartOf":{"@id":"https:\/\/www.axiomams.eu\/lv#website"},"primaryImageOfPage":{"@id":"https:\/\/www.axiomams.eu\/lv\/produktas\/pce-instruments-pce-emf-40-gausu-meritajs#primaryimage"},"image":{"@id":"https:\/\/www.axiomams.eu\/lv\/produktas\/pce-instruments-pce-emf-40-gausu-meritajs#primaryimage"},"thumbnailUrl":"https:\/\/www.axiomams.eu\/wp-content\/uploads\/2025\/07\/3514-4744.jpg","datePublished":"2025-05-15T16:05:13+00:00","dateModified":"2026-03-25T15:01:25+00:00","breadcrumb":{"@id":"https:\/\/www.axiomams.eu\/lv\/produktas\/pce-instruments-pce-emf-40-gausu-meritajs#breadcrumb"},"inLanguage":"lv-LV","potentialAction":[{"@type":"ReadAction","target":["https:\/\/www.axiomams.eu\/lv\/produktas\/pce-instruments-pce-emf-40-gausu-meritajs"]}]},{"@type":"ImageObject","inLanguage":"lv-LV","@id":"https:\/\/www.axiomams.eu\/lv\/produktas\/pce-instruments-pce-emf-40-gausu-meritajs#primaryimage","url":"https:\/\/www.axiomams.eu\/wp-content\/uploads\/2025\/07\/3514-4744.jpg","contentUrl":"https:\/\/www.axiomams.eu\/wp-content\/uploads\/2025\/07\/3514-4744.jpg","width":800,"height":800},{"@type":"BreadcrumbList","@id":"https:\/\/www.axiomams.eu\/lv\/produktas\/pce-instruments-pce-emf-40-gausu-meritajs#breadcrumb","itemListElement":[{"@type":"ListItem","position":1,"name":"Home","item":"https:\/\/www.axiomams.eu\/lv"},{"@type":"ListItem","position":2,"name":"Produkti","item":"https:\/\/www.axiomams.eu\/lv\/produkti"},{"@type":"ListItem","position":3,"name":"PCE Instruments PCE-EMF 40 gausu m\u0113r\u012bt\u0101js"}]},{"@type":"WebSite","@id":"https:\/\/www.axiomams.eu\/lv#website","url":"https:\/\/www.axiomams.eu\/lv","name":"AXIOMA MS","description":"Terrmovizoriai ir matavimo \u012franga","publisher":{"@id":"https:\/\/www.axiomams.eu\/lv#organization"},"potentialAction":[{"@type":"SearchAction","target":{"@type":"EntryPoint","urlTemplate":"https:\/\/www.axiomams.eu\/lv?s={search_term_string}"},"query-input":{"@type":"PropertyValueSpecification","valueRequired":true,"valueName":"search_term_string"}}],"inLanguage":"lv-LV"},{"@type":"Organization","@id":"https:\/\/www.axiomams.eu\/lv#organization","name":"AXIOMA MS","url":"https:\/\/www.axiomams.eu\/lv","logo":{"@type":"ImageObject","inLanguage":"lv-LV","@id":"https:\/\/www.axiomams.eu\/lv#\/schema\/logo\/image\/","url":"https:\/\/www.axiomams.eu\/wp-content\/uploads\/2025\/06\/axioma-logo-2.png","contentUrl":"https:\/\/www.axiomams.eu\/wp-content\/uploads\/2025\/06\/axioma-logo-2.png","width":1200,"height":1200,"caption":"AXIOMA MS"},"image":{"@id":"https:\/\/www.axiomams.eu\/lv#\/schema\/logo\/image\/"},"sameAs":["https:\/\/www.facebook.com\/AxiomaMS","https:\/\/www.linkedin.com\/company\/axiomams\/"]}]}},"_links":{"self":[{"href":"https:\/\/www.axiomams.eu\/lv\/wp-json\/wp\/v2\/product\/39307","targetHints":{"allow":["GET"]}}],"collection":[{"href":"https:\/\/www.axiomams.eu\/lv\/wp-json\/wp\/v2\/product"}],"about":[{"href":"https:\/\/www.axiomams.eu\/lv\/wp-json\/wp\/v2\/types\/product"}],"replies":[{"embeddable":true,"href":"https:\/\/www.axiomams.eu\/lv\/wp-json\/wp\/v2\/comments?post=39307"}],"wp:featuredmedia":[{"embeddable":true,"href":"https:\/\/www.axiomams.eu\/lv\/wp-json\/wp\/v2\/media\/42333"}],"wp:attachment":[{"href":"https:\/\/www.axiomams.eu\/lv\/wp-json\/wp\/v2\/media?parent=39307"}],"wp:term":[{"taxonomy":"product_brand","embeddable":true,"href":"https:\/\/www.axiomams.eu\/lv\/wp-json\/wp\/v2\/product_brand?post=39307"},{"taxonomy":"product_cat","embeddable":true,"href":"https:\/\/www.axiomams.eu\/lv\/wp-json\/wp\/v2\/product_cat?post=39307"},{"taxonomy":"product_tag","embeddable":true,"href":"https:\/\/www.axiomams.eu\/lv\/wp-json\/wp\/v2\/product_tag?post=39307"}],"curies":[{"name":"wp","href":"https:\/\/api.w.org\/{rel}","templated":true}]}}