{"id":39308,"date":"2025-05-15T18:05:14","date_gmt":"2025-05-15T16:05:14","guid":{"rendered":"https:\/\/www.axiomams.eu\/produktas\/pce-instruments-pce-pqc-10eu-dalinu-skaititajs"},"modified":"2026-03-25T17:01:25","modified_gmt":"2026-03-25T15:01:25","slug":"pce-instruments-pce-pqc-10eu-dalinu-skaititajs","status":"publish","type":"product","link":"https:\/\/www.axiomams.eu\/lv\/produktas\/pce-instruments-pce-pqc-10eu-dalinu-skaititajs","title":{"rendered":"PCE Instruments PCE-PQC 10EU Da\u013ci\u0146u skait\u012bt\u0101js"},"content":{"rendered":"<p>M\u0113r\u012bjumu diapazons 0,3 &#8230; 25 \u03bcm<br \/>\nM\u0113r\u012b\u0161anas kan\u0101lu izm\u0113ri R\u016bpnieciski kalibr\u0113ts 0,3, 0,5, 1,0, 2,5, 5,0, 10,0 \u03bcm.<br \/>\nSkait\u012b\u0161anas efektivit\u0101te 50 % pie 0,3 \u03bcm 100 % pie > 0,45 \u03bcm saska\u0146\u0101 ar JIS<\/p>\n<p>Pl\u016bsma 2,83 l\/min (0,1 ft3\/min)<br \/>\nGad\u012bjuma zudumi 5 % pie 4 000 000 da\u013ci\u0146u \/ ft\u00b3<br \/>\nAkumulators 10 h<br \/>\nGaismas avots Ilgsto\u0161a l\u0101zera diode<br \/>\nNulles skaits < 1 skaits \/ 5 min (< 2 da\u013ci\u0146as \/ ft\u00b3)\n \tSaska\u0146\u0101 ar ISO 21501-4 un JIS\nSkait\u012b\u0161anas re\u017e\u012bmi Autom\u0101tiskais, manu\u0101lais, re\u0101llaika, kumulat\u012bvais \/\n \tDiferenci\u0101lais, masas koncentr\u0101cija\nTrauksmes sign\u0101li 1 ... 9999999 skaits, regul\u0113jams\nKalibr\u0113\u0161ana Izsekojam\u012bba p\u0113c NIST\nDisplejs 4,3\" WQVGA kr\u0101su sk\u0101rienekr\u0101ns, 480x272 px\nPrinteris \u0100r\u0113jais termiskais printeris\nAspir\u0101cija Iek\u0161\u0113jais s\u016bknis ar autom\u0101tisko\n \tpl\u016bsmas kontroli\nGaisa izpl\u016bde Iek\u0161\u0113jais HEPA filtrs\nAkumulatora bloks Nomain\u0101ms Li-Ion akumulators\nUzl\u0101des laiks Aptuveni 4 stundas\nZi\u0146ojumi ISO 14644-1\n \tES LRP 1. pielikums\n \tFS 209E\nKonfigur\u0101cija Atmi\u0146a 50 piel\u0101got\u0101m konfigur\u0101cij\u0101m\nStandarti ISO 21501-4 un JIS B9921\nIzm\u0113ri 25,4 x 12,9 x 11,4 cm\nSvars 1,0 kg\nUzglab\u0101\u0161ana 45000 datu kopu (gredzenveida atmi\u0146a), kas sast\u0101v no\n \tda\u013ci\u0146u skaits, temperat\u016bra un mitrums, atra\u0161an\u0101s vietas un laiki\nParaugu atra\u0161an\u0101s vietas Var saglab\u0101t l\u012bdz 1000 viet\u0101m.\nRegul\u0113jams paraugu ilgums 1 s ... 99 h\nBaro\u0161anas avots 110 ... 240 V mai\u0146str\u0101vas 50\/60 Hz\nDarba apst\u0101k\u013ci 5 ... 40\u00b0C \/ 41 ... 104\u00b0F\n \tL\u012bdz 95 % relat\u012bv\u0101 mitruma bez kondens\u0101cijas\nUzglab\u0101\u0161anas apst\u0101k\u013ci 0 ... 50\u00b0C \/ 32 ... 122\u00b0F\n \tL\u012bdz 98% relat\u012bv\u0101 mitruma bez kondens\u0101cijas\n\n\nTemperat\u016bras un mitruma sensors 0 ... +50 \u00b0C (32 ... +122 \u00b0F), 15 ... 90 % r.h.\nIek\u0161\u0113jais\n\nIz\u0161\u0137irtsp\u0113ja 0,5 \u00b0C\nPrecizit\u0101te \u00b10,5 \u00b0C (\u00b11 \u00b0F), \u00b12 % r.H.\n \t\nInterfeiss Ethernet, USB\nPapildu saskarnes WiFi 802.11 b\/g, RS485 vai RS232\nM\u0113r\u012b\u0161anas kan\u0101lu skaits 6\n<\/p>\n","protected":false},"excerpt":{"rendered":"<p>M\u0113r\u012bjumu diapazons 0,3 &#8230; 25 \u03bcm M\u0113r\u012b\u0161anas kan\u0101lu izm\u0113ri R\u016bpnieciski kalibr\u0113ts 0,3, 0,5, 1,0, 2,5, 5,0, 10,0 \u03bcm. Skait\u012b\u0161anas efektivit\u0101te 50 % pie 0,3 \u03bcm 100 % pie > 0,45 \u03bcm saska\u0146\u0101 ar JIS Pl\u016bsma 2,83 l\/min (0,1 ft3\/min) Gad\u012bjuma zudumi 5 % pie 4 000 000 da\u013ci\u0146u \/ ft\u00b3 Akumulators 10 h Gaismas avots&#8230;<\/p>\n","protected":false},"featured_media":42335,"comment_status":"open","ping_status":"closed","template":"","meta":{"_acf_changed":false},"product_brand":[742],"product_cat":[17723],"product_tag":[],"class_list":{"0":"post-39308","1":"product","2":"type-product","3":"status-publish","4":"has-post-thumbnail","6":"product_brand-pce-instruments","7":"product_cat-putekliem-elektromagnetiska-lauka-merijumiem","9":"first","10":"instock","11":"taxable","12":"shipping-taxable","13":"purchasable","14":"product-type-simple"},"acf":[],"yoast_head":"<!-- This site is optimized with the Yoast SEO plugin v27.0 - https:\/\/yoast.com\/product\/yoast-seo-wordpress\/ -->\n<title>PCE Instruments PCE-PQC 10EU Da\u013ci\u0146u skait\u012bt\u0101js - AXIOMA MS<\/title>\n<meta name=\"robots\" content=\"index, follow, max-snippet:-1, max-image-preview:large, max-video-preview:-1\" \/>\n<link rel=\"canonical\" href=\"https:\/\/www.axiomams.eu\/lv\/produktas\/pce-instruments-pce-pqc-10eu-dalinu-skaititajs\" \/>\n<meta property=\"og:locale\" content=\"lv_LV\" \/>\n<meta property=\"og:type\" content=\"article\" \/>\n<meta property=\"og:title\" content=\"PCE Instruments PCE-PQC 10EU Da\u013ci\u0146u skait\u012bt\u0101js - AXIOMA MS\" \/>\n<meta property=\"og:description\" content=\"M\u0113r\u012bjumu diapazons 0,3 &#8230; 25 \u03bcm M\u0113r\u012b\u0161anas kan\u0101lu izm\u0113ri R\u016bpnieciski kalibr\u0113ts 0,3, 0,5, 1,0, 2,5, 5,0, 10,0 \u03bcm. Skait\u012b\u0161anas efektivit\u0101te 50 % pie 0,3 \u03bcm 100 % pie &gt; 0,45 \u03bcm saska\u0146\u0101 ar JIS Pl\u016bsma 2,83 l\/min (0,1 ft3\/min) Gad\u012bjuma zudumi 5 % pie 4 000 000 da\u013ci\u0146u \/ ft\u00b3 Akumulators 10 h Gaismas avots...\" \/>\n<meta property=\"og:url\" content=\"https:\/\/www.axiomams.eu\/lv\/produktas\/pce-instruments-pce-pqc-10eu-dalinu-skaititajs\" \/>\n<meta property=\"og:site_name\" content=\"AXIOMA MS\" \/>\n<meta property=\"article:publisher\" content=\"https:\/\/www.facebook.com\/AxiomaMS\" \/>\n<meta property=\"article:modified_time\" content=\"2026-03-25T15:01:25+00:00\" \/>\n<meta property=\"og:image\" content=\"https:\/\/www.axiomams.eu\/wp-content\/uploads\/2025\/07\/2966-3915.jpg\" \/>\n\t<meta property=\"og:image:width\" content=\"250\" \/>\n\t<meta property=\"og:image:height\" content=\"250\" \/>\n\t<meta property=\"og:image:type\" content=\"image\/jpeg\" \/>\n<meta name=\"twitter:card\" content=\"summary_large_image\" \/>\n<meta name=\"twitter:label1\" content=\"Est. reading time\" \/>\n\t<meta name=\"twitter:data1\" content=\"1 minute\" \/>\n<script type=\"application\/ld+json\" class=\"yoast-schema-graph\">{\"@context\":\"https:\/\/schema.org\",\"@graph\":[{\"@type\":\"WebPage\",\"@id\":\"https:\/\/www.axiomams.eu\/lv\/produktas\/pce-instruments-pce-pqc-10eu-dalinu-skaititajs\",\"url\":\"https:\/\/www.axiomams.eu\/lv\/produktas\/pce-instruments-pce-pqc-10eu-dalinu-skaititajs\",\"name\":\"PCE Instruments PCE-PQC 10EU Da\u013ci\u0146u skait\u012bt\u0101js - AXIOMA MS\",\"isPartOf\":{\"@id\":\"https:\/\/www.axiomams.eu\/lv#website\"},\"primaryImageOfPage\":{\"@id\":\"https:\/\/www.axiomams.eu\/lv\/produktas\/pce-instruments-pce-pqc-10eu-dalinu-skaititajs#primaryimage\"},\"image\":{\"@id\":\"https:\/\/www.axiomams.eu\/lv\/produktas\/pce-instruments-pce-pqc-10eu-dalinu-skaititajs#primaryimage\"},\"thumbnailUrl\":\"https:\/\/www.axiomams.eu\/wp-content\/uploads\/2025\/07\/2966-3915.jpg\",\"datePublished\":\"2025-05-15T16:05:14+00:00\",\"dateModified\":\"2026-03-25T15:01:25+00:00\",\"breadcrumb\":{\"@id\":\"https:\/\/www.axiomams.eu\/lv\/produktas\/pce-instruments-pce-pqc-10eu-dalinu-skaititajs#breadcrumb\"},\"inLanguage\":\"lv-LV\",\"potentialAction\":[{\"@type\":\"ReadAction\",\"target\":[\"https:\/\/www.axiomams.eu\/lv\/produktas\/pce-instruments-pce-pqc-10eu-dalinu-skaititajs\"]}]},{\"@type\":\"ImageObject\",\"inLanguage\":\"lv-LV\",\"@id\":\"https:\/\/www.axiomams.eu\/lv\/produktas\/pce-instruments-pce-pqc-10eu-dalinu-skaititajs#primaryimage\",\"url\":\"https:\/\/www.axiomams.eu\/wp-content\/uploads\/2025\/07\/2966-3915.jpg\",\"contentUrl\":\"https:\/\/www.axiomams.eu\/wp-content\/uploads\/2025\/07\/2966-3915.jpg\",\"width\":250,\"height\":250},{\"@type\":\"BreadcrumbList\",\"@id\":\"https:\/\/www.axiomams.eu\/lv\/produktas\/pce-instruments-pce-pqc-10eu-dalinu-skaititajs#breadcrumb\",\"itemListElement\":[{\"@type\":\"ListItem\",\"position\":1,\"name\":\"Home\",\"item\":\"https:\/\/www.axiomams.eu\/lv\"},{\"@type\":\"ListItem\",\"position\":2,\"name\":\"Produkti\",\"item\":\"https:\/\/www.axiomams.eu\/lv\/produkti\"},{\"@type\":\"ListItem\",\"position\":3,\"name\":\"PCE Instruments PCE-PQC 10EU Da\u013ci\u0146u skait\u012bt\u0101js\"}]},{\"@type\":\"WebSite\",\"@id\":\"https:\/\/www.axiomams.eu\/lv#website\",\"url\":\"https:\/\/www.axiomams.eu\/lv\",\"name\":\"AXIOMA MS\",\"description\":\"Terrmovizoriai ir matavimo \u012franga\",\"publisher\":{\"@id\":\"https:\/\/www.axiomams.eu\/lv#organization\"},\"potentialAction\":[{\"@type\":\"SearchAction\",\"target\":{\"@type\":\"EntryPoint\",\"urlTemplate\":\"https:\/\/www.axiomams.eu\/lv?s={search_term_string}\"},\"query-input\":{\"@type\":\"PropertyValueSpecification\",\"valueRequired\":true,\"valueName\":\"search_term_string\"}}],\"inLanguage\":\"lv-LV\"},{\"@type\":\"Organization\",\"@id\":\"https:\/\/www.axiomams.eu\/lv#organization\",\"name\":\"AXIOMA MS\",\"url\":\"https:\/\/www.axiomams.eu\/lv\",\"logo\":{\"@type\":\"ImageObject\",\"inLanguage\":\"lv-LV\",\"@id\":\"https:\/\/www.axiomams.eu\/lv#\/schema\/logo\/image\/\",\"url\":\"https:\/\/www.axiomams.eu\/wp-content\/uploads\/2025\/06\/axioma-logo-2.png\",\"contentUrl\":\"https:\/\/www.axiomams.eu\/wp-content\/uploads\/2025\/06\/axioma-logo-2.png\",\"width\":1200,\"height\":1200,\"caption\":\"AXIOMA MS\"},\"image\":{\"@id\":\"https:\/\/www.axiomams.eu\/lv#\/schema\/logo\/image\/\"},\"sameAs\":[\"https:\/\/www.facebook.com\/AxiomaMS\",\"https:\/\/www.linkedin.com\/company\/axiomams\/\"]}]}<\/script>\n<!-- \/ Yoast SEO plugin. -->","yoast_head_json":{"title":"PCE Instruments PCE-PQC 10EU Da\u013ci\u0146u skait\u012bt\u0101js - AXIOMA MS","robots":{"index":"index","follow":"follow","max-snippet":"max-snippet:-1","max-image-preview":"max-image-preview:large","max-video-preview":"max-video-preview:-1"},"canonical":"https:\/\/www.axiomams.eu\/lv\/produktas\/pce-instruments-pce-pqc-10eu-dalinu-skaititajs","og_locale":"lv_LV","og_type":"article","og_title":"PCE Instruments PCE-PQC 10EU Da\u013ci\u0146u skait\u012bt\u0101js - AXIOMA MS","og_description":"M\u0113r\u012bjumu diapazons 0,3 &#8230; 25 \u03bcm M\u0113r\u012b\u0161anas kan\u0101lu izm\u0113ri R\u016bpnieciski kalibr\u0113ts 0,3, 0,5, 1,0, 2,5, 5,0, 10,0 \u03bcm. Skait\u012b\u0161anas efektivit\u0101te 50 % pie 0,3 \u03bcm 100 % pie > 0,45 \u03bcm saska\u0146\u0101 ar JIS Pl\u016bsma 2,83 l\/min (0,1 ft3\/min) Gad\u012bjuma zudumi 5 % pie 4 000 000 da\u013ci\u0146u \/ ft\u00b3 Akumulators 10 h Gaismas avots...","og_url":"https:\/\/www.axiomams.eu\/lv\/produktas\/pce-instruments-pce-pqc-10eu-dalinu-skaititajs","og_site_name":"AXIOMA MS","article_publisher":"https:\/\/www.facebook.com\/AxiomaMS","article_modified_time":"2026-03-25T15:01:25+00:00","og_image":[{"width":250,"height":250,"url":"https:\/\/www.axiomams.eu\/wp-content\/uploads\/2025\/07\/2966-3915.jpg","type":"image\/jpeg"}],"twitter_card":"summary_large_image","twitter_misc":{"Est. reading time":"1 minute"},"schema":{"@context":"https:\/\/schema.org","@graph":[{"@type":"WebPage","@id":"https:\/\/www.axiomams.eu\/lv\/produktas\/pce-instruments-pce-pqc-10eu-dalinu-skaititajs","url":"https:\/\/www.axiomams.eu\/lv\/produktas\/pce-instruments-pce-pqc-10eu-dalinu-skaititajs","name":"PCE Instruments PCE-PQC 10EU Da\u013ci\u0146u skait\u012bt\u0101js - AXIOMA MS","isPartOf":{"@id":"https:\/\/www.axiomams.eu\/lv#website"},"primaryImageOfPage":{"@id":"https:\/\/www.axiomams.eu\/lv\/produktas\/pce-instruments-pce-pqc-10eu-dalinu-skaititajs#primaryimage"},"image":{"@id":"https:\/\/www.axiomams.eu\/lv\/produktas\/pce-instruments-pce-pqc-10eu-dalinu-skaititajs#primaryimage"},"thumbnailUrl":"https:\/\/www.axiomams.eu\/wp-content\/uploads\/2025\/07\/2966-3915.jpg","datePublished":"2025-05-15T16:05:14+00:00","dateModified":"2026-03-25T15:01:25+00:00","breadcrumb":{"@id":"https:\/\/www.axiomams.eu\/lv\/produktas\/pce-instruments-pce-pqc-10eu-dalinu-skaititajs#breadcrumb"},"inLanguage":"lv-LV","potentialAction":[{"@type":"ReadAction","target":["https:\/\/www.axiomams.eu\/lv\/produktas\/pce-instruments-pce-pqc-10eu-dalinu-skaititajs"]}]},{"@type":"ImageObject","inLanguage":"lv-LV","@id":"https:\/\/www.axiomams.eu\/lv\/produktas\/pce-instruments-pce-pqc-10eu-dalinu-skaititajs#primaryimage","url":"https:\/\/www.axiomams.eu\/wp-content\/uploads\/2025\/07\/2966-3915.jpg","contentUrl":"https:\/\/www.axiomams.eu\/wp-content\/uploads\/2025\/07\/2966-3915.jpg","width":250,"height":250},{"@type":"BreadcrumbList","@id":"https:\/\/www.axiomams.eu\/lv\/produktas\/pce-instruments-pce-pqc-10eu-dalinu-skaititajs#breadcrumb","itemListElement":[{"@type":"ListItem","position":1,"name":"Home","item":"https:\/\/www.axiomams.eu\/lv"},{"@type":"ListItem","position":2,"name":"Produkti","item":"https:\/\/www.axiomams.eu\/lv\/produkti"},{"@type":"ListItem","position":3,"name":"PCE Instruments PCE-PQC 10EU Da\u013ci\u0146u skait\u012bt\u0101js"}]},{"@type":"WebSite","@id":"https:\/\/www.axiomams.eu\/lv#website","url":"https:\/\/www.axiomams.eu\/lv","name":"AXIOMA MS","description":"Terrmovizoriai ir matavimo \u012franga","publisher":{"@id":"https:\/\/www.axiomams.eu\/lv#organization"},"potentialAction":[{"@type":"SearchAction","target":{"@type":"EntryPoint","urlTemplate":"https:\/\/www.axiomams.eu\/lv?s={search_term_string}"},"query-input":{"@type":"PropertyValueSpecification","valueRequired":true,"valueName":"search_term_string"}}],"inLanguage":"lv-LV"},{"@type":"Organization","@id":"https:\/\/www.axiomams.eu\/lv#organization","name":"AXIOMA MS","url":"https:\/\/www.axiomams.eu\/lv","logo":{"@type":"ImageObject","inLanguage":"lv-LV","@id":"https:\/\/www.axiomams.eu\/lv#\/schema\/logo\/image\/","url":"https:\/\/www.axiomams.eu\/wp-content\/uploads\/2025\/06\/axioma-logo-2.png","contentUrl":"https:\/\/www.axiomams.eu\/wp-content\/uploads\/2025\/06\/axioma-logo-2.png","width":1200,"height":1200,"caption":"AXIOMA MS"},"image":{"@id":"https:\/\/www.axiomams.eu\/lv#\/schema\/logo\/image\/"},"sameAs":["https:\/\/www.facebook.com\/AxiomaMS","https:\/\/www.linkedin.com\/company\/axiomams\/"]}]}},"_links":{"self":[{"href":"https:\/\/www.axiomams.eu\/lv\/wp-json\/wp\/v2\/product\/39308","targetHints":{"allow":["GET"]}}],"collection":[{"href":"https:\/\/www.axiomams.eu\/lv\/wp-json\/wp\/v2\/product"}],"about":[{"href":"https:\/\/www.axiomams.eu\/lv\/wp-json\/wp\/v2\/types\/product"}],"replies":[{"embeddable":true,"href":"https:\/\/www.axiomams.eu\/lv\/wp-json\/wp\/v2\/comments?post=39308"}],"wp:featuredmedia":[{"embeddable":true,"href":"https:\/\/www.axiomams.eu\/lv\/wp-json\/wp\/v2\/media\/42335"}],"wp:attachment":[{"href":"https:\/\/www.axiomams.eu\/lv\/wp-json\/wp\/v2\/media?parent=39308"}],"wp:term":[{"taxonomy":"product_brand","embeddable":true,"href":"https:\/\/www.axiomams.eu\/lv\/wp-json\/wp\/v2\/product_brand?post=39308"},{"taxonomy":"product_cat","embeddable":true,"href":"https:\/\/www.axiomams.eu\/lv\/wp-json\/wp\/v2\/product_cat?post=39308"},{"taxonomy":"product_tag","embeddable":true,"href":"https:\/\/www.axiomams.eu\/lv\/wp-json\/wp\/v2\/product_tag?post=39308"}],"curies":[{"name":"wp","href":"https:\/\/api.w.org\/{rel}","templated":true}]}}