{"id":39309,"date":"2025-05-15T18:05:15","date_gmt":"2025-05-15T16:05:15","guid":{"rendered":"https:\/\/www.axiomams.eu\/produktas\/pce-instruments-pce-pst-1-dinamometrs"},"modified":"2026-03-25T17:01:25","modified_gmt":"2026-03-25T15:01:25","slug":"pce-instruments-pce-pst-1-dinamometrs","status":"publish","type":"product","link":"https:\/\/www.axiomams.eu\/lv\/produktas\/pce-instruments-pce-pst-1-dinamometrs","title":{"rendered":"PCE Instruments PCE-PST 1 dinamometrs"},"content":{"rendered":"<p>Dinamometrs PCE-PST 1 ir paredz\u0113ts, lai p\u0101rbaud\u012btu malu adh\u0113zijas sp\u0113ku uz atbalsta materi\u0101liem. Ar dinamometru var p\u0101rbaud\u012bt izgatavo\u0161anas kvalit\u0101ti. Fiks\u0113ts padeves \u0101trums, p\u0101rvieto\u0161an\u0101s att\u0101lums, spriegojums un vilces le\u0146\u0137is. Lod\u012b\u0161u p\u0101rnesumk\u0101rbas uz testa stenda vad\u012bbas virsmas samazina berzes koeficientu. T\u0101pat pa\u0161blo\u0137\u0113jo\u0161\u0101s spailes un vienm\u0113r\u012bgi vadotnes rull\u012b\u0161i vienm\u0113r garant\u0113 reproduc\u0113jamus un sal\u012bdzin\u0101mus rezult\u0101tus. M\u0113r\u012bjumu k\u013c\u016bdas, ko izraisa &#8220;cilv\u0113ciskais faktors&#8221;, ir samazin\u0101tas l\u012bdz minimumam.<\/p>\n<p>Standarta komplekts: PCE-PST 1, 2 x baro\u0161anas bloks, 1 x USB kabelis, programmat\u016bra, lietot\u0101ja rokasgr\u0101mata.<\/p>\n<p>M\u0113r\u012b\u0161anas diapazons: 0 N &#8230; 500 N \/ 0 kg &#8230; 50 kg<br \/>\nM\u0113r\u0101m\u0101s malas biezums: 0,4 mm &#8230; 3,5 mm<br \/>\nM\u0113r\u0101mie pl\u0101k\u0161\u0146u biezumi: 10 mm &#8230; 64 mm<br \/>\nBrauk\u0161anas \u0101trums: 0,3 m\/min<br \/>\nNovirze: 1,5 m\/min: 100 mm<br \/>\nM\u0113r\u012bjumu precizit\u0101te: \u00b1 0,1 % no m\u0113r\u012bjumu diapazona<br \/>\nIz\u0161\u0137irtsp\u0113ja: 0,1 N \/ 0,010 kg<br \/>\nMaksim\u0101l\u0101 p\u0101rslodze: 0,5 N \/ 0,5 kg: \u00b1 20%<br \/>\nGrafiskais displejs ar apgaismojumu, izm\u0113rs: 61 mm x 34 mm<br \/>\nDarba re\u017e\u012bmi: Manu\u0101lais \/ autom\u0101tiskais<br \/>\nInterfeiss: USB<br \/>\nApk\u0101rt\u0113j\u0101s vides apst\u0101k\u013ci: -10\u00b0C &#8230; 40\u00b0C<br \/>\nSvars: 9 kg<br \/>\nBaro\u0161anas avots: 230 V \/ 110 V \/ 12 V; 1,2 A<br \/>\nIzm\u0113ri: 490 x 210 x 150 mm<\/p>\n","protected":false},"excerpt":{"rendered":"<p>Dinamometrs PCE-PST 1 ir paredz\u0113ts, lai p\u0101rbaud\u012btu malu adh\u0113zijas sp\u0113ku uz atbalsta materi\u0101liem. Ar dinamometru var p\u0101rbaud\u012bt izgatavo\u0161anas kvalit\u0101ti. Fiks\u0113ts padeves \u0101trums, p\u0101rvieto\u0161an\u0101s att\u0101lums, spriegojums un vilces le\u0146\u0137is. Lod\u012b\u0161u p\u0101rnesumk\u0101rbas uz testa stenda vad\u012bbas virsmas samazina berzes koeficientu. T\u0101pat pa\u0161blo\u0137\u0113jo\u0161\u0101s spailes un vienm\u0113r\u012bgi vadotnes rull\u012b\u0161i vienm\u0113r garant\u0113 reproduc\u0113jamus un sal\u012bdzin\u0101mus rezult\u0101tus. M\u0113r\u012bjumu k\u013c\u016bdas, ko izraisa&#8230;<\/p>\n","protected":false},"featured_media":42337,"comment_status":"open","ping_status":"closed","template":"","meta":{"_acf_changed":false},"product_brand":[742],"product_cat":[17759],"product_tag":[],"class_list":{"0":"post-39309","1":"product","2":"type-product","3":"status-publish","4":"has-post-thumbnail","6":"product_brand-pce-instruments","7":"product_cat-materiali-analizei","9":"first","10":"instock","11":"taxable","12":"shipping-taxable","13":"product-type-simple"},"acf":[],"yoast_head":"<!-- This site is optimized with the Yoast SEO plugin v27.0 - https:\/\/yoast.com\/product\/yoast-seo-wordpress\/ -->\n<title>PCE Instruments PCE-PST 1 dinamometrs - AXIOMA MS<\/title>\n<meta name=\"robots\" content=\"index, follow, max-snippet:-1, max-image-preview:large, max-video-preview:-1\" \/>\n<link rel=\"canonical\" href=\"https:\/\/www.axiomams.eu\/lv\/produktas\/pce-instruments-pce-pst-1-dinamometrs\" \/>\n<meta property=\"og:locale\" content=\"lv_LV\" \/>\n<meta property=\"og:type\" content=\"article\" \/>\n<meta property=\"og:title\" content=\"PCE Instruments PCE-PST 1 dinamometrs - AXIOMA MS\" \/>\n<meta property=\"og:description\" content=\"Dinamometrs PCE-PST 1 ir paredz\u0113ts, lai p\u0101rbaud\u012btu malu adh\u0113zijas sp\u0113ku uz atbalsta materi\u0101liem. Ar dinamometru var p\u0101rbaud\u012bt izgatavo\u0161anas kvalit\u0101ti. Fiks\u0113ts padeves \u0101trums, p\u0101rvieto\u0161an\u0101s att\u0101lums, spriegojums un vilces le\u0146\u0137is. Lod\u012b\u0161u p\u0101rnesumk\u0101rbas uz testa stenda vad\u012bbas virsmas samazina berzes koeficientu. T\u0101pat pa\u0161blo\u0137\u0113jo\u0161\u0101s spailes un vienm\u0113r\u012bgi vadotnes rull\u012b\u0161i vienm\u0113r garant\u0113 reproduc\u0113jamus un sal\u012bdzin\u0101mus rezult\u0101tus. M\u0113r\u012bjumu k\u013c\u016bdas, ko izraisa...\" \/>\n<meta property=\"og:url\" content=\"https:\/\/www.axiomams.eu\/lv\/produktas\/pce-instruments-pce-pst-1-dinamometrs\" \/>\n<meta property=\"og:site_name\" content=\"AXIOMA MS\" \/>\n<meta property=\"article:publisher\" content=\"https:\/\/www.facebook.com\/AxiomaMS\" \/>\n<meta property=\"article:modified_time\" content=\"2026-03-25T15:01:25+00:00\" \/>\n<meta property=\"og:image\" content=\"https:\/\/www.axiomams.eu\/wp-content\/uploads\/2025\/07\/2674-3445.jpg\" \/>\n\t<meta property=\"og:image:width\" content=\"500\" \/>\n\t<meta property=\"og:image:height\" content=\"500\" \/>\n\t<meta property=\"og:image:type\" content=\"image\/jpeg\" \/>\n<meta name=\"twitter:card\" content=\"summary_large_image\" \/>\n<meta name=\"twitter:label1\" content=\"Est. reading time\" \/>\n\t<meta name=\"twitter:data1\" content=\"1 minute\" \/>\n<script type=\"application\/ld+json\" class=\"yoast-schema-graph\">{\"@context\":\"https:\/\/schema.org\",\"@graph\":[{\"@type\":\"WebPage\",\"@id\":\"https:\/\/www.axiomams.eu\/lv\/produktas\/pce-instruments-pce-pst-1-dinamometrs\",\"url\":\"https:\/\/www.axiomams.eu\/lv\/produktas\/pce-instruments-pce-pst-1-dinamometrs\",\"name\":\"PCE Instruments PCE-PST 1 dinamometrs - AXIOMA MS\",\"isPartOf\":{\"@id\":\"https:\/\/www.axiomams.eu\/lv#website\"},\"primaryImageOfPage\":{\"@id\":\"https:\/\/www.axiomams.eu\/lv\/produktas\/pce-instruments-pce-pst-1-dinamometrs#primaryimage\"},\"image\":{\"@id\":\"https:\/\/www.axiomams.eu\/lv\/produktas\/pce-instruments-pce-pst-1-dinamometrs#primaryimage\"},\"thumbnailUrl\":\"https:\/\/www.axiomams.eu\/wp-content\/uploads\/2025\/07\/2674-3445.jpg\",\"datePublished\":\"2025-05-15T16:05:15+00:00\",\"dateModified\":\"2026-03-25T15:01:25+00:00\",\"breadcrumb\":{\"@id\":\"https:\/\/www.axiomams.eu\/lv\/produktas\/pce-instruments-pce-pst-1-dinamometrs#breadcrumb\"},\"inLanguage\":\"lv-LV\",\"potentialAction\":[{\"@type\":\"ReadAction\",\"target\":[\"https:\/\/www.axiomams.eu\/lv\/produktas\/pce-instruments-pce-pst-1-dinamometrs\"]}]},{\"@type\":\"ImageObject\",\"inLanguage\":\"lv-LV\",\"@id\":\"https:\/\/www.axiomams.eu\/lv\/produktas\/pce-instruments-pce-pst-1-dinamometrs#primaryimage\",\"url\":\"https:\/\/www.axiomams.eu\/wp-content\/uploads\/2025\/07\/2674-3445.jpg\",\"contentUrl\":\"https:\/\/www.axiomams.eu\/wp-content\/uploads\/2025\/07\/2674-3445.jpg\",\"width\":500,\"height\":500},{\"@type\":\"BreadcrumbList\",\"@id\":\"https:\/\/www.axiomams.eu\/lv\/produktas\/pce-instruments-pce-pst-1-dinamometrs#breadcrumb\",\"itemListElement\":[{\"@type\":\"ListItem\",\"position\":1,\"name\":\"Home\",\"item\":\"https:\/\/www.axiomams.eu\/lv\"},{\"@type\":\"ListItem\",\"position\":2,\"name\":\"Produkti\",\"item\":\"https:\/\/www.axiomams.eu\/lv\/produkti\"},{\"@type\":\"ListItem\",\"position\":3,\"name\":\"PCE Instruments PCE-PST 1 dinamometrs\"}]},{\"@type\":\"WebSite\",\"@id\":\"https:\/\/www.axiomams.eu\/lv#website\",\"url\":\"https:\/\/www.axiomams.eu\/lv\",\"name\":\"AXIOMA MS\",\"description\":\"Terrmovizoriai ir matavimo \u012franga\",\"publisher\":{\"@id\":\"https:\/\/www.axiomams.eu\/lv#organization\"},\"potentialAction\":[{\"@type\":\"SearchAction\",\"target\":{\"@type\":\"EntryPoint\",\"urlTemplate\":\"https:\/\/www.axiomams.eu\/lv?s={search_term_string}\"},\"query-input\":{\"@type\":\"PropertyValueSpecification\",\"valueRequired\":true,\"valueName\":\"search_term_string\"}}],\"inLanguage\":\"lv-LV\"},{\"@type\":\"Organization\",\"@id\":\"https:\/\/www.axiomams.eu\/lv#organization\",\"name\":\"AXIOMA MS\",\"url\":\"https:\/\/www.axiomams.eu\/lv\",\"logo\":{\"@type\":\"ImageObject\",\"inLanguage\":\"lv-LV\",\"@id\":\"https:\/\/www.axiomams.eu\/lv#\/schema\/logo\/image\/\",\"url\":\"https:\/\/www.axiomams.eu\/wp-content\/uploads\/2025\/06\/axioma-logo-2.png\",\"contentUrl\":\"https:\/\/www.axiomams.eu\/wp-content\/uploads\/2025\/06\/axioma-logo-2.png\",\"width\":1200,\"height\":1200,\"caption\":\"AXIOMA MS\"},\"image\":{\"@id\":\"https:\/\/www.axiomams.eu\/lv#\/schema\/logo\/image\/\"},\"sameAs\":[\"https:\/\/www.facebook.com\/AxiomaMS\",\"https:\/\/www.linkedin.com\/company\/axiomams\/\"]}]}<\/script>\n<!-- \/ Yoast SEO plugin. -->","yoast_head_json":{"title":"PCE Instruments PCE-PST 1 dinamometrs - AXIOMA MS","robots":{"index":"index","follow":"follow","max-snippet":"max-snippet:-1","max-image-preview":"max-image-preview:large","max-video-preview":"max-video-preview:-1"},"canonical":"https:\/\/www.axiomams.eu\/lv\/produktas\/pce-instruments-pce-pst-1-dinamometrs","og_locale":"lv_LV","og_type":"article","og_title":"PCE Instruments PCE-PST 1 dinamometrs - AXIOMA MS","og_description":"Dinamometrs PCE-PST 1 ir paredz\u0113ts, lai p\u0101rbaud\u012btu malu adh\u0113zijas sp\u0113ku uz atbalsta materi\u0101liem. Ar dinamometru var p\u0101rbaud\u012bt izgatavo\u0161anas kvalit\u0101ti. Fiks\u0113ts padeves \u0101trums, p\u0101rvieto\u0161an\u0101s att\u0101lums, spriegojums un vilces le\u0146\u0137is. Lod\u012b\u0161u p\u0101rnesumk\u0101rbas uz testa stenda vad\u012bbas virsmas samazina berzes koeficientu. T\u0101pat pa\u0161blo\u0137\u0113jo\u0161\u0101s spailes un vienm\u0113r\u012bgi vadotnes rull\u012b\u0161i vienm\u0113r garant\u0113 reproduc\u0113jamus un sal\u012bdzin\u0101mus rezult\u0101tus. M\u0113r\u012bjumu k\u013c\u016bdas, ko izraisa...","og_url":"https:\/\/www.axiomams.eu\/lv\/produktas\/pce-instruments-pce-pst-1-dinamometrs","og_site_name":"AXIOMA MS","article_publisher":"https:\/\/www.facebook.com\/AxiomaMS","article_modified_time":"2026-03-25T15:01:25+00:00","og_image":[{"width":500,"height":500,"url":"https:\/\/www.axiomams.eu\/wp-content\/uploads\/2025\/07\/2674-3445.jpg","type":"image\/jpeg"}],"twitter_card":"summary_large_image","twitter_misc":{"Est. reading time":"1 minute"},"schema":{"@context":"https:\/\/schema.org","@graph":[{"@type":"WebPage","@id":"https:\/\/www.axiomams.eu\/lv\/produktas\/pce-instruments-pce-pst-1-dinamometrs","url":"https:\/\/www.axiomams.eu\/lv\/produktas\/pce-instruments-pce-pst-1-dinamometrs","name":"PCE Instruments PCE-PST 1 dinamometrs - AXIOMA MS","isPartOf":{"@id":"https:\/\/www.axiomams.eu\/lv#website"},"primaryImageOfPage":{"@id":"https:\/\/www.axiomams.eu\/lv\/produktas\/pce-instruments-pce-pst-1-dinamometrs#primaryimage"},"image":{"@id":"https:\/\/www.axiomams.eu\/lv\/produktas\/pce-instruments-pce-pst-1-dinamometrs#primaryimage"},"thumbnailUrl":"https:\/\/www.axiomams.eu\/wp-content\/uploads\/2025\/07\/2674-3445.jpg","datePublished":"2025-05-15T16:05:15+00:00","dateModified":"2026-03-25T15:01:25+00:00","breadcrumb":{"@id":"https:\/\/www.axiomams.eu\/lv\/produktas\/pce-instruments-pce-pst-1-dinamometrs#breadcrumb"},"inLanguage":"lv-LV","potentialAction":[{"@type":"ReadAction","target":["https:\/\/www.axiomams.eu\/lv\/produktas\/pce-instruments-pce-pst-1-dinamometrs"]}]},{"@type":"ImageObject","inLanguage":"lv-LV","@id":"https:\/\/www.axiomams.eu\/lv\/produktas\/pce-instruments-pce-pst-1-dinamometrs#primaryimage","url":"https:\/\/www.axiomams.eu\/wp-content\/uploads\/2025\/07\/2674-3445.jpg","contentUrl":"https:\/\/www.axiomams.eu\/wp-content\/uploads\/2025\/07\/2674-3445.jpg","width":500,"height":500},{"@type":"BreadcrumbList","@id":"https:\/\/www.axiomams.eu\/lv\/produktas\/pce-instruments-pce-pst-1-dinamometrs#breadcrumb","itemListElement":[{"@type":"ListItem","position":1,"name":"Home","item":"https:\/\/www.axiomams.eu\/lv"},{"@type":"ListItem","position":2,"name":"Produkti","item":"https:\/\/www.axiomams.eu\/lv\/produkti"},{"@type":"ListItem","position":3,"name":"PCE Instruments PCE-PST 1 dinamometrs"}]},{"@type":"WebSite","@id":"https:\/\/www.axiomams.eu\/lv#website","url":"https:\/\/www.axiomams.eu\/lv","name":"AXIOMA MS","description":"Terrmovizoriai ir matavimo \u012franga","publisher":{"@id":"https:\/\/www.axiomams.eu\/lv#organization"},"potentialAction":[{"@type":"SearchAction","target":{"@type":"EntryPoint","urlTemplate":"https:\/\/www.axiomams.eu\/lv?s={search_term_string}"},"query-input":{"@type":"PropertyValueSpecification","valueRequired":true,"valueName":"search_term_string"}}],"inLanguage":"lv-LV"},{"@type":"Organization","@id":"https:\/\/www.axiomams.eu\/lv#organization","name":"AXIOMA MS","url":"https:\/\/www.axiomams.eu\/lv","logo":{"@type":"ImageObject","inLanguage":"lv-LV","@id":"https:\/\/www.axiomams.eu\/lv#\/schema\/logo\/image\/","url":"https:\/\/www.axiomams.eu\/wp-content\/uploads\/2025\/06\/axioma-logo-2.png","contentUrl":"https:\/\/www.axiomams.eu\/wp-content\/uploads\/2025\/06\/axioma-logo-2.png","width":1200,"height":1200,"caption":"AXIOMA MS"},"image":{"@id":"https:\/\/www.axiomams.eu\/lv#\/schema\/logo\/image\/"},"sameAs":["https:\/\/www.facebook.com\/AxiomaMS","https:\/\/www.linkedin.com\/company\/axiomams\/"]}]}},"_links":{"self":[{"href":"https:\/\/www.axiomams.eu\/lv\/wp-json\/wp\/v2\/product\/39309","targetHints":{"allow":["GET"]}}],"collection":[{"href":"https:\/\/www.axiomams.eu\/lv\/wp-json\/wp\/v2\/product"}],"about":[{"href":"https:\/\/www.axiomams.eu\/lv\/wp-json\/wp\/v2\/types\/product"}],"replies":[{"embeddable":true,"href":"https:\/\/www.axiomams.eu\/lv\/wp-json\/wp\/v2\/comments?post=39309"}],"wp:featuredmedia":[{"embeddable":true,"href":"https:\/\/www.axiomams.eu\/lv\/wp-json\/wp\/v2\/media\/42337"}],"wp:attachment":[{"href":"https:\/\/www.axiomams.eu\/lv\/wp-json\/wp\/v2\/media?parent=39309"}],"wp:term":[{"taxonomy":"product_brand","embeddable":true,"href":"https:\/\/www.axiomams.eu\/lv\/wp-json\/wp\/v2\/product_brand?post=39309"},{"taxonomy":"product_cat","embeddable":true,"href":"https:\/\/www.axiomams.eu\/lv\/wp-json\/wp\/v2\/product_cat?post=39309"},{"taxonomy":"product_tag","embeddable":true,"href":"https:\/\/www.axiomams.eu\/lv\/wp-json\/wp\/v2\/product_tag?post=39309"}],"curies":[{"name":"wp","href":"https:\/\/api.w.org\/{rel}","templated":true}]}}