{"id":39310,"date":"2025-05-15T18:05:16","date_gmt":"2025-05-15T16:05:16","guid":{"rendered":"https:\/\/www.axiomams.eu\/produktas\/pce-instruments-pce-ve-100n4-boroskops"},"modified":"2026-03-25T17:01:26","modified_gmt":"2026-03-25T15:01:26","slug":"pce-instruments-pce-ve-100n4-boroskops","status":"publish","type":"product","link":"https:\/\/www.axiomams.eu\/lv\/produktas\/pce-instruments-pce-ve-100n4-boroskops","title":{"rendered":"PCE Instruments PCE-VE 100N4 boroskops"},"content":{"rendered":"<p>Daudzce\u013cu industri\u0101lais boroskops ar vienu metru garu kabeli un 6 mm diametra kameras galvi\u0146u ir ide\u0101ls instruments endoskopijai. Kameras galvas LED apgaismojumu var iestat\u012bt 5 pak\u0101p\u0113s l\u012bdz 25 000 luksu. Tas nodro\u0161ina, ka test\u0113jamais objekts ir pien\u0101c\u012bgi izgaismots. Izmantojot multiway videoskopa mini-HDMI interfeisu, att\u0113lu var p\u0101rraid\u012bt uz \u0101r\u0113jo monitoru vai projektoru. Tam ir \u012bpa\u0161a priek\u0161roc\u012bba, jo daudzce\u013cu videoskopu var izmantot prezent\u0101cij\u0101m. T\u0101d\u0113j\u0101di daudzce\u013cu videoskopu izmanto automobi\u013cu darbn\u012bc\u0101s, apkures un gaisa kondicion\u0113\u0161anas tehnolo\u0123ij\u0101s vai arodskol\u0101s, universit\u0101t\u0113s un cit\u0101s izgl\u012bt\u012bbas iest\u0101d\u0113s.<\/p>\n<p>Standarta komplekts: daudzce\u013cu industri\u0101lais boroskops PCE-VE 100N4, 3,7 V 18650 akumulators, Micro USB kabelis, USB baro\u0161anas adapteris, Micro SD atmi\u0146as karte, Micro SD kartes adapteris, transport\u0113\u0161anas futr\u0101lis, Skr\u016bvgriezis, lieto\u0161anas pam\u0101c\u012bba.<\/p>\n<h3>Tehnisk\u0101 inform\u0101cija:<\/h3>\n<ul>\n<li><a href=\"https:\/\/axiomams.eu\/importer\/export\/attachments\/en\/pce-ve-100n4.pdf\" target=\"_blank\">PCE-VE 100N4.pdf<\/a><\/li>\n<\/ul>\n","protected":false},"excerpt":{"rendered":"<p>Daudzce\u013cu industri\u0101lais boroskops ar vienu metru garu kabeli un 6 mm diametra kameras galvi\u0146u ir ide\u0101ls instruments endoskopijai. Kameras galvas LED apgaismojumu var iestat\u012bt 5 pak\u0101p\u0113s l\u012bdz 25 000 luksu. Tas nodro\u0161ina, ka test\u0113jamais objekts ir pien\u0101c\u012bgi izgaismots. Izmantojot multiway videoskopa mini-HDMI interfeisu, att\u0113lu var p\u0101rraid\u012bt uz \u0101r\u0113jo monitoru vai projektoru. Tam ir \u012bpa\u0161a priek\u0161roc\u012bba,&#8230;<\/p>\n","protected":false},"featured_media":42339,"comment_status":"open","ping_status":"closed","template":"","meta":{"_acf_changed":false},"product_brand":[742],"product_cat":[17775],"product_tag":[],"class_list":{"0":"post-39310","1":"product","2":"type-product","3":"status-publish","4":"has-post-thumbnail","6":"product_brand-pce-instruments","7":"product_cat-vizuala-parbaude","9":"first","10":"instock","11":"taxable","12":"shipping-taxable","13":"purchasable","14":"product-type-simple"},"acf":[],"yoast_head":"<!-- This site is optimized with the Yoast SEO plugin v27.0 - https:\/\/yoast.com\/product\/yoast-seo-wordpress\/ -->\n<title>PCE Instruments PCE-VE 100N4 boroskops - AXIOMA MS<\/title>\n<meta name=\"robots\" content=\"index, follow, max-snippet:-1, max-image-preview:large, max-video-preview:-1\" \/>\n<link rel=\"canonical\" href=\"https:\/\/www.axiomams.eu\/lv\/produktas\/pce-instruments-pce-ve-100n4-boroskops\" \/>\n<meta property=\"og:locale\" content=\"lv_LV\" \/>\n<meta property=\"og:type\" content=\"article\" \/>\n<meta property=\"og:title\" content=\"PCE Instruments PCE-VE 100N4 boroskops - AXIOMA MS\" \/>\n<meta property=\"og:description\" content=\"Daudzce\u013cu industri\u0101lais boroskops ar vienu metru garu kabeli un 6 mm diametra kameras galvi\u0146u ir ide\u0101ls instruments endoskopijai. Kameras galvas LED apgaismojumu var iestat\u012bt 5 pak\u0101p\u0113s l\u012bdz 25 000 luksu. Tas nodro\u0161ina, ka test\u0113jamais objekts ir pien\u0101c\u012bgi izgaismots. Izmantojot multiway videoskopa mini-HDMI interfeisu, att\u0113lu var p\u0101rraid\u012bt uz \u0101r\u0113jo monitoru vai projektoru. Tam ir \u012bpa\u0161a priek\u0161roc\u012bba,...\" \/>\n<meta property=\"og:url\" content=\"https:\/\/www.axiomams.eu\/lv\/produktas\/pce-instruments-pce-ve-100n4-boroskops\" \/>\n<meta property=\"og:site_name\" content=\"AXIOMA MS\" \/>\n<meta property=\"article:publisher\" content=\"https:\/\/www.facebook.com\/AxiomaMS\" \/>\n<meta property=\"article:modified_time\" content=\"2026-03-25T15:01:26+00:00\" \/>\n<meta property=\"og:image\" content=\"https:\/\/www.axiomams.eu\/wp-content\/uploads\/2025\/07\/3269-4332.jpg\" \/>\n\t<meta property=\"og:image:width\" content=\"800\" \/>\n\t<meta property=\"og:image:height\" content=\"800\" \/>\n\t<meta property=\"og:image:type\" content=\"image\/jpeg\" \/>\n<meta name=\"twitter:card\" content=\"summary_large_image\" \/>\n<meta name=\"twitter:label1\" content=\"Est. reading time\" \/>\n\t<meta name=\"twitter:data1\" content=\"1 minute\" \/>\n<script type=\"application\/ld+json\" class=\"yoast-schema-graph\">{\"@context\":\"https:\/\/schema.org\",\"@graph\":[{\"@type\":\"WebPage\",\"@id\":\"https:\/\/www.axiomams.eu\/lv\/produktas\/pce-instruments-pce-ve-100n4-boroskops\",\"url\":\"https:\/\/www.axiomams.eu\/lv\/produktas\/pce-instruments-pce-ve-100n4-boroskops\",\"name\":\"PCE Instruments PCE-VE 100N4 boroskops - AXIOMA MS\",\"isPartOf\":{\"@id\":\"https:\/\/www.axiomams.eu\/lv#website\"},\"primaryImageOfPage\":{\"@id\":\"https:\/\/www.axiomams.eu\/lv\/produktas\/pce-instruments-pce-ve-100n4-boroskops#primaryimage\"},\"image\":{\"@id\":\"https:\/\/www.axiomams.eu\/lv\/produktas\/pce-instruments-pce-ve-100n4-boroskops#primaryimage\"},\"thumbnailUrl\":\"https:\/\/www.axiomams.eu\/wp-content\/uploads\/2025\/07\/3269-4332.jpg\",\"datePublished\":\"2025-05-15T16:05:16+00:00\",\"dateModified\":\"2026-03-25T15:01:26+00:00\",\"breadcrumb\":{\"@id\":\"https:\/\/www.axiomams.eu\/lv\/produktas\/pce-instruments-pce-ve-100n4-boroskops#breadcrumb\"},\"inLanguage\":\"lv-LV\",\"potentialAction\":[{\"@type\":\"ReadAction\",\"target\":[\"https:\/\/www.axiomams.eu\/lv\/produktas\/pce-instruments-pce-ve-100n4-boroskops\"]}]},{\"@type\":\"ImageObject\",\"inLanguage\":\"lv-LV\",\"@id\":\"https:\/\/www.axiomams.eu\/lv\/produktas\/pce-instruments-pce-ve-100n4-boroskops#primaryimage\",\"url\":\"https:\/\/www.axiomams.eu\/wp-content\/uploads\/2025\/07\/3269-4332.jpg\",\"contentUrl\":\"https:\/\/www.axiomams.eu\/wp-content\/uploads\/2025\/07\/3269-4332.jpg\",\"width\":800,\"height\":800},{\"@type\":\"BreadcrumbList\",\"@id\":\"https:\/\/www.axiomams.eu\/lv\/produktas\/pce-instruments-pce-ve-100n4-boroskops#breadcrumb\",\"itemListElement\":[{\"@type\":\"ListItem\",\"position\":1,\"name\":\"Home\",\"item\":\"https:\/\/www.axiomams.eu\/lv\"},{\"@type\":\"ListItem\",\"position\":2,\"name\":\"Produkti\",\"item\":\"https:\/\/www.axiomams.eu\/lv\/produkti\"},{\"@type\":\"ListItem\",\"position\":3,\"name\":\"PCE Instruments PCE-VE 100N4 boroskops\"}]},{\"@type\":\"WebSite\",\"@id\":\"https:\/\/www.axiomams.eu\/lv#website\",\"url\":\"https:\/\/www.axiomams.eu\/lv\",\"name\":\"AXIOMA MS\",\"description\":\"Terrmovizoriai ir matavimo \u012franga\",\"publisher\":{\"@id\":\"https:\/\/www.axiomams.eu\/lv#organization\"},\"potentialAction\":[{\"@type\":\"SearchAction\",\"target\":{\"@type\":\"EntryPoint\",\"urlTemplate\":\"https:\/\/www.axiomams.eu\/lv?s={search_term_string}\"},\"query-input\":{\"@type\":\"PropertyValueSpecification\",\"valueRequired\":true,\"valueName\":\"search_term_string\"}}],\"inLanguage\":\"lv-LV\"},{\"@type\":\"Organization\",\"@id\":\"https:\/\/www.axiomams.eu\/lv#organization\",\"name\":\"AXIOMA MS\",\"url\":\"https:\/\/www.axiomams.eu\/lv\",\"logo\":{\"@type\":\"ImageObject\",\"inLanguage\":\"lv-LV\",\"@id\":\"https:\/\/www.axiomams.eu\/lv#\/schema\/logo\/image\/\",\"url\":\"https:\/\/www.axiomams.eu\/wp-content\/uploads\/2025\/06\/axioma-logo-2.png\",\"contentUrl\":\"https:\/\/www.axiomams.eu\/wp-content\/uploads\/2025\/06\/axioma-logo-2.png\",\"width\":1200,\"height\":1200,\"caption\":\"AXIOMA MS\"},\"image\":{\"@id\":\"https:\/\/www.axiomams.eu\/lv#\/schema\/logo\/image\/\"},\"sameAs\":[\"https:\/\/www.facebook.com\/AxiomaMS\",\"https:\/\/www.linkedin.com\/company\/axiomams\/\"]}]}<\/script>\n<!-- \/ Yoast SEO plugin. -->","yoast_head_json":{"title":"PCE Instruments PCE-VE 100N4 boroskops - AXIOMA MS","robots":{"index":"index","follow":"follow","max-snippet":"max-snippet:-1","max-image-preview":"max-image-preview:large","max-video-preview":"max-video-preview:-1"},"canonical":"https:\/\/www.axiomams.eu\/lv\/produktas\/pce-instruments-pce-ve-100n4-boroskops","og_locale":"lv_LV","og_type":"article","og_title":"PCE Instruments PCE-VE 100N4 boroskops - AXIOMA MS","og_description":"Daudzce\u013cu industri\u0101lais boroskops ar vienu metru garu kabeli un 6 mm diametra kameras galvi\u0146u ir ide\u0101ls instruments endoskopijai. Kameras galvas LED apgaismojumu var iestat\u012bt 5 pak\u0101p\u0113s l\u012bdz 25 000 luksu. Tas nodro\u0161ina, ka test\u0113jamais objekts ir pien\u0101c\u012bgi izgaismots. Izmantojot multiway videoskopa mini-HDMI interfeisu, att\u0113lu var p\u0101rraid\u012bt uz \u0101r\u0113jo monitoru vai projektoru. Tam ir \u012bpa\u0161a priek\u0161roc\u012bba,...","og_url":"https:\/\/www.axiomams.eu\/lv\/produktas\/pce-instruments-pce-ve-100n4-boroskops","og_site_name":"AXIOMA MS","article_publisher":"https:\/\/www.facebook.com\/AxiomaMS","article_modified_time":"2026-03-25T15:01:26+00:00","og_image":[{"width":800,"height":800,"url":"https:\/\/www.axiomams.eu\/wp-content\/uploads\/2025\/07\/3269-4332.jpg","type":"image\/jpeg"}],"twitter_card":"summary_large_image","twitter_misc":{"Est. reading time":"1 minute"},"schema":{"@context":"https:\/\/schema.org","@graph":[{"@type":"WebPage","@id":"https:\/\/www.axiomams.eu\/lv\/produktas\/pce-instruments-pce-ve-100n4-boroskops","url":"https:\/\/www.axiomams.eu\/lv\/produktas\/pce-instruments-pce-ve-100n4-boroskops","name":"PCE Instruments PCE-VE 100N4 boroskops - AXIOMA MS","isPartOf":{"@id":"https:\/\/www.axiomams.eu\/lv#website"},"primaryImageOfPage":{"@id":"https:\/\/www.axiomams.eu\/lv\/produktas\/pce-instruments-pce-ve-100n4-boroskops#primaryimage"},"image":{"@id":"https:\/\/www.axiomams.eu\/lv\/produktas\/pce-instruments-pce-ve-100n4-boroskops#primaryimage"},"thumbnailUrl":"https:\/\/www.axiomams.eu\/wp-content\/uploads\/2025\/07\/3269-4332.jpg","datePublished":"2025-05-15T16:05:16+00:00","dateModified":"2026-03-25T15:01:26+00:00","breadcrumb":{"@id":"https:\/\/www.axiomams.eu\/lv\/produktas\/pce-instruments-pce-ve-100n4-boroskops#breadcrumb"},"inLanguage":"lv-LV","potentialAction":[{"@type":"ReadAction","target":["https:\/\/www.axiomams.eu\/lv\/produktas\/pce-instruments-pce-ve-100n4-boroskops"]}]},{"@type":"ImageObject","inLanguage":"lv-LV","@id":"https:\/\/www.axiomams.eu\/lv\/produktas\/pce-instruments-pce-ve-100n4-boroskops#primaryimage","url":"https:\/\/www.axiomams.eu\/wp-content\/uploads\/2025\/07\/3269-4332.jpg","contentUrl":"https:\/\/www.axiomams.eu\/wp-content\/uploads\/2025\/07\/3269-4332.jpg","width":800,"height":800},{"@type":"BreadcrumbList","@id":"https:\/\/www.axiomams.eu\/lv\/produktas\/pce-instruments-pce-ve-100n4-boroskops#breadcrumb","itemListElement":[{"@type":"ListItem","position":1,"name":"Home","item":"https:\/\/www.axiomams.eu\/lv"},{"@type":"ListItem","position":2,"name":"Produkti","item":"https:\/\/www.axiomams.eu\/lv\/produkti"},{"@type":"ListItem","position":3,"name":"PCE Instruments PCE-VE 100N4 boroskops"}]},{"@type":"WebSite","@id":"https:\/\/www.axiomams.eu\/lv#website","url":"https:\/\/www.axiomams.eu\/lv","name":"AXIOMA MS","description":"Terrmovizoriai ir matavimo \u012franga","publisher":{"@id":"https:\/\/www.axiomams.eu\/lv#organization"},"potentialAction":[{"@type":"SearchAction","target":{"@type":"EntryPoint","urlTemplate":"https:\/\/www.axiomams.eu\/lv?s={search_term_string}"},"query-input":{"@type":"PropertyValueSpecification","valueRequired":true,"valueName":"search_term_string"}}],"inLanguage":"lv-LV"},{"@type":"Organization","@id":"https:\/\/www.axiomams.eu\/lv#organization","name":"AXIOMA MS","url":"https:\/\/www.axiomams.eu\/lv","logo":{"@type":"ImageObject","inLanguage":"lv-LV","@id":"https:\/\/www.axiomams.eu\/lv#\/schema\/logo\/image\/","url":"https:\/\/www.axiomams.eu\/wp-content\/uploads\/2025\/06\/axioma-logo-2.png","contentUrl":"https:\/\/www.axiomams.eu\/wp-content\/uploads\/2025\/06\/axioma-logo-2.png","width":1200,"height":1200,"caption":"AXIOMA MS"},"image":{"@id":"https:\/\/www.axiomams.eu\/lv#\/schema\/logo\/image\/"},"sameAs":["https:\/\/www.facebook.com\/AxiomaMS","https:\/\/www.linkedin.com\/company\/axiomams\/"]}]}},"_links":{"self":[{"href":"https:\/\/www.axiomams.eu\/lv\/wp-json\/wp\/v2\/product\/39310","targetHints":{"allow":["GET"]}}],"collection":[{"href":"https:\/\/www.axiomams.eu\/lv\/wp-json\/wp\/v2\/product"}],"about":[{"href":"https:\/\/www.axiomams.eu\/lv\/wp-json\/wp\/v2\/types\/product"}],"replies":[{"embeddable":true,"href":"https:\/\/www.axiomams.eu\/lv\/wp-json\/wp\/v2\/comments?post=39310"}],"wp:featuredmedia":[{"embeddable":true,"href":"https:\/\/www.axiomams.eu\/lv\/wp-json\/wp\/v2\/media\/42339"}],"wp:attachment":[{"href":"https:\/\/www.axiomams.eu\/lv\/wp-json\/wp\/v2\/media?parent=39310"}],"wp:term":[{"taxonomy":"product_brand","embeddable":true,"href":"https:\/\/www.axiomams.eu\/lv\/wp-json\/wp\/v2\/product_brand?post=39310"},{"taxonomy":"product_cat","embeddable":true,"href":"https:\/\/www.axiomams.eu\/lv\/wp-json\/wp\/v2\/product_cat?post=39310"},{"taxonomy":"product_tag","embeddable":true,"href":"https:\/\/www.axiomams.eu\/lv\/wp-json\/wp\/v2\/product_tag?post=39310"}],"curies":[{"name":"wp","href":"https:\/\/api.w.org\/{rel}","templated":true}]}}