{"id":39311,"date":"2025-05-15T18:05:16","date_gmt":"2025-05-15T16:05:16","guid":{"rendered":"https:\/\/www.axiomams.eu\/produktas\/pce-instruments-pce-ve-1034n-f-boroskops"},"modified":"2026-03-25T17:01:26","modified_gmt":"2026-03-25T15:01:26","slug":"pce-instruments-pce-ve-1034n-f-boroskops","status":"publish","type":"product","link":"https:\/\/www.axiomams.eu\/lv\/produktas\/pce-instruments-pce-ve-1034n-f-boroskops","title":{"rendered":"PCE Instruments PCE-VE 1034N-F boroskops"},"content":{"rendered":"<p>Industri\u0101lais boroskops PCE-VE 1034N-F ir univers\u0101ls p\u0101rbaudes instruments. Boreskopam var pievienot da\u017e\u0101dus industri\u0101lo boreskopu kabe\u013cus ar at\u0161\u0137ir\u012bg\u0101m \u012bpa\u0161\u012bb\u0101m. \u012apa\u0161a boreskopa priek\u0161roc\u012bba ir lielais displejs, kas, pateicoties izm\u0113riem un iz\u0161\u0137irtsp\u0113jai, lietot\u0101jam nodro\u0161ina vislab\u0101ko iesp\u0113jamo p\u0101rskatu par apskat\u0101mo apgabalu. Boreskops \u013cauj ierakst\u012bt att\u0113lus un video, un video papildus tiek saglab\u0101ti ar audioierakstu. Skaidr\u0101 iz\u0161\u0137irtsp\u0113ja k\u013c\u016bst ac\u012bmredzama, apl\u016bkojot att\u0113lus, kurus ar tausti\u0146a nospiedumu var saglab\u0101t boroskopa SD kart\u0113. Kad SD karte tiek nolas\u012bta no datora, ierakst\u012btie att\u0113li un videoklipi tiek skaidri par\u0101d\u012bti. T\u0101 k\u0101 ieraksti tiek saglab\u0101ti \u0101r\u0113j\u0101 atmi\u0146as ier\u012bc\u0113, ir iesp\u0113jams izv\u0113l\u0113ties, kura SD karte ir ievietota boroskop\u0101. Tom\u0113r maksim\u0101lajai ietilp\u012bbai j\u0101b\u016bt 32 GB. Uz 8 GB atmi\u0146as kartes var saglab\u0101t vair\u0101k nek\u0101 60 000 att\u0113lu vai vair\u0101k nek\u0101 530 min\u016b\u0161u video materi\u0101lu.<\/p>\n<p>Standarta komplekts: PCE-VE 1034N-F, 3 m garais boroskopa kabelis ar divvirzienu kameras galvu, t\u012bkla adapteris, SD atmi\u0146as karte, baterijas, video kabelis, t\u012br\u012b\u0161anas komplekts, lietot\u0101ja rokasgr\u0101mata, somi\u0146a.<\/p>\n<h3>Tehnisk\u0101 inform\u0101cija:<\/h3>\n<ul>\n<li><a href=\"https:\/\/axiomams.eu\/importer\/export\/attachments\/en\/pce-ve-1034n-f.pdf\" target=\"_blank\">pce-ve-1034n-f.pdf<\/a><\/li>\n<li><a href=\"https:\/\/axiomams.eu\/importer\/export\/attachments\/en\/manual-borescope-pce-ve-1000.pdf\" target=\"_blank\">manual-borescope-pce-ve-1000.pdf<\/a><\/li>\n<\/ul>\n","protected":false},"excerpt":{"rendered":"<p>Industri\u0101lais boroskops PCE-VE 1034N-F ir univers\u0101ls p\u0101rbaudes instruments. Boreskopam var pievienot da\u017e\u0101dus industri\u0101lo boreskopu kabe\u013cus ar at\u0161\u0137ir\u012bg\u0101m \u012bpa\u0161\u012bb\u0101m. \u012apa\u0161a boreskopa priek\u0161roc\u012bba ir lielais displejs, kas, pateicoties izm\u0113riem un iz\u0161\u0137irtsp\u0113jai, lietot\u0101jam nodro\u0161ina vislab\u0101ko iesp\u0113jamo p\u0101rskatu par apskat\u0101mo apgabalu. Boreskops \u013cauj ierakst\u012bt att\u0113lus un video, un video papildus tiek saglab\u0101ti ar audioierakstu. Skaidr\u0101 iz\u0161\u0137irtsp\u0113ja k\u013c\u016bst ac\u012bmredzama, apl\u016bkojot&#8230;<\/p>\n","protected":false},"featured_media":42341,"comment_status":"open","ping_status":"closed","template":"","meta":{"_acf_changed":false},"product_brand":[742],"product_cat":[17775],"product_tag":[],"class_list":{"0":"post-39311","1":"product","2":"type-product","3":"status-publish","4":"has-post-thumbnail","6":"product_brand-pce-instruments","7":"product_cat-vizuala-parbaude","9":"first","10":"instock","11":"taxable","12":"shipping-taxable","13":"purchasable","14":"product-type-simple"},"acf":[],"yoast_head":"<!-- This site is optimized with the Yoast SEO plugin v27.0 - https:\/\/yoast.com\/product\/yoast-seo-wordpress\/ -->\n<title>PCE Instruments PCE-VE 1034N-F boroskops - AXIOMA MS<\/title>\n<meta name=\"robots\" content=\"index, follow, max-snippet:-1, max-image-preview:large, max-video-preview:-1\" \/>\n<link rel=\"canonical\" href=\"https:\/\/www.axiomams.eu\/lv\/produktas\/pce-instruments-pce-ve-1034n-f-boroskops\" \/>\n<meta property=\"og:locale\" content=\"lv_LV\" \/>\n<meta property=\"og:type\" content=\"article\" \/>\n<meta property=\"og:title\" content=\"PCE Instruments PCE-VE 1034N-F boroskops - AXIOMA MS\" \/>\n<meta property=\"og:description\" content=\"Industri\u0101lais boroskops PCE-VE 1034N-F ir univers\u0101ls p\u0101rbaudes instruments. Boreskopam var pievienot da\u017e\u0101dus industri\u0101lo boreskopu kabe\u013cus ar at\u0161\u0137ir\u012bg\u0101m \u012bpa\u0161\u012bb\u0101m. \u012apa\u0161a boreskopa priek\u0161roc\u012bba ir lielais displejs, kas, pateicoties izm\u0113riem un iz\u0161\u0137irtsp\u0113jai, lietot\u0101jam nodro\u0161ina vislab\u0101ko iesp\u0113jamo p\u0101rskatu par apskat\u0101mo apgabalu. Boreskops \u013cauj ierakst\u012bt att\u0113lus un video, un video papildus tiek saglab\u0101ti ar audioierakstu. Skaidr\u0101 iz\u0161\u0137irtsp\u0113ja k\u013c\u016bst ac\u012bmredzama, apl\u016bkojot...\" \/>\n<meta property=\"og:url\" content=\"https:\/\/www.axiomams.eu\/lv\/produktas\/pce-instruments-pce-ve-1034n-f-boroskops\" \/>\n<meta property=\"og:site_name\" content=\"AXIOMA MS\" \/>\n<meta property=\"article:publisher\" content=\"https:\/\/www.facebook.com\/AxiomaMS\" \/>\n<meta property=\"article:modified_time\" content=\"2026-03-25T15:01:26+00:00\" \/>\n<meta property=\"og:image\" content=\"https:\/\/www.axiomams.eu\/wp-content\/uploads\/2025\/07\/3235-4285.jpg\" \/>\n\t<meta property=\"og:image:width\" content=\"490\" \/>\n\t<meta property=\"og:image:height\" content=\"490\" \/>\n\t<meta property=\"og:image:type\" content=\"image\/jpeg\" \/>\n<meta name=\"twitter:card\" content=\"summary_large_image\" \/>\n<meta name=\"twitter:label1\" content=\"Est. reading time\" \/>\n\t<meta name=\"twitter:data1\" content=\"1 minute\" \/>\n<script type=\"application\/ld+json\" class=\"yoast-schema-graph\">{\"@context\":\"https:\/\/schema.org\",\"@graph\":[{\"@type\":\"WebPage\",\"@id\":\"https:\/\/www.axiomams.eu\/lv\/produktas\/pce-instruments-pce-ve-1034n-f-boroskops\",\"url\":\"https:\/\/www.axiomams.eu\/lv\/produktas\/pce-instruments-pce-ve-1034n-f-boroskops\",\"name\":\"PCE Instruments PCE-VE 1034N-F boroskops - AXIOMA MS\",\"isPartOf\":{\"@id\":\"https:\/\/www.axiomams.eu\/lv#website\"},\"primaryImageOfPage\":{\"@id\":\"https:\/\/www.axiomams.eu\/lv\/produktas\/pce-instruments-pce-ve-1034n-f-boroskops#primaryimage\"},\"image\":{\"@id\":\"https:\/\/www.axiomams.eu\/lv\/produktas\/pce-instruments-pce-ve-1034n-f-boroskops#primaryimage\"},\"thumbnailUrl\":\"https:\/\/www.axiomams.eu\/wp-content\/uploads\/2025\/07\/3235-4285.jpg\",\"datePublished\":\"2025-05-15T16:05:16+00:00\",\"dateModified\":\"2026-03-25T15:01:26+00:00\",\"breadcrumb\":{\"@id\":\"https:\/\/www.axiomams.eu\/lv\/produktas\/pce-instruments-pce-ve-1034n-f-boroskops#breadcrumb\"},\"inLanguage\":\"lv-LV\",\"potentialAction\":[{\"@type\":\"ReadAction\",\"target\":[\"https:\/\/www.axiomams.eu\/lv\/produktas\/pce-instruments-pce-ve-1034n-f-boroskops\"]}]},{\"@type\":\"ImageObject\",\"inLanguage\":\"lv-LV\",\"@id\":\"https:\/\/www.axiomams.eu\/lv\/produktas\/pce-instruments-pce-ve-1034n-f-boroskops#primaryimage\",\"url\":\"https:\/\/www.axiomams.eu\/wp-content\/uploads\/2025\/07\/3235-4285.jpg\",\"contentUrl\":\"https:\/\/www.axiomams.eu\/wp-content\/uploads\/2025\/07\/3235-4285.jpg\",\"width\":490,\"height\":490},{\"@type\":\"BreadcrumbList\",\"@id\":\"https:\/\/www.axiomams.eu\/lv\/produktas\/pce-instruments-pce-ve-1034n-f-boroskops#breadcrumb\",\"itemListElement\":[{\"@type\":\"ListItem\",\"position\":1,\"name\":\"Home\",\"item\":\"https:\/\/www.axiomams.eu\/lv\"},{\"@type\":\"ListItem\",\"position\":2,\"name\":\"Produkti\",\"item\":\"https:\/\/www.axiomams.eu\/lv\/produkti\"},{\"@type\":\"ListItem\",\"position\":3,\"name\":\"PCE Instruments PCE-VE 1034N-F boroskops\"}]},{\"@type\":\"WebSite\",\"@id\":\"https:\/\/www.axiomams.eu\/lv#website\",\"url\":\"https:\/\/www.axiomams.eu\/lv\",\"name\":\"AXIOMA MS\",\"description\":\"Terrmovizoriai ir matavimo \u012franga\",\"publisher\":{\"@id\":\"https:\/\/www.axiomams.eu\/lv#organization\"},\"potentialAction\":[{\"@type\":\"SearchAction\",\"target\":{\"@type\":\"EntryPoint\",\"urlTemplate\":\"https:\/\/www.axiomams.eu\/lv?s={search_term_string}\"},\"query-input\":{\"@type\":\"PropertyValueSpecification\",\"valueRequired\":true,\"valueName\":\"search_term_string\"}}],\"inLanguage\":\"lv-LV\"},{\"@type\":\"Organization\",\"@id\":\"https:\/\/www.axiomams.eu\/lv#organization\",\"name\":\"AXIOMA MS\",\"url\":\"https:\/\/www.axiomams.eu\/lv\",\"logo\":{\"@type\":\"ImageObject\",\"inLanguage\":\"lv-LV\",\"@id\":\"https:\/\/www.axiomams.eu\/lv#\/schema\/logo\/image\/\",\"url\":\"https:\/\/www.axiomams.eu\/wp-content\/uploads\/2025\/06\/axioma-logo-2.png\",\"contentUrl\":\"https:\/\/www.axiomams.eu\/wp-content\/uploads\/2025\/06\/axioma-logo-2.png\",\"width\":1200,\"height\":1200,\"caption\":\"AXIOMA MS\"},\"image\":{\"@id\":\"https:\/\/www.axiomams.eu\/lv#\/schema\/logo\/image\/\"},\"sameAs\":[\"https:\/\/www.facebook.com\/AxiomaMS\",\"https:\/\/www.linkedin.com\/company\/axiomams\/\"]}]}<\/script>\n<!-- \/ Yoast SEO plugin. -->","yoast_head_json":{"title":"PCE Instruments PCE-VE 1034N-F boroskops - AXIOMA MS","robots":{"index":"index","follow":"follow","max-snippet":"max-snippet:-1","max-image-preview":"max-image-preview:large","max-video-preview":"max-video-preview:-1"},"canonical":"https:\/\/www.axiomams.eu\/lv\/produktas\/pce-instruments-pce-ve-1034n-f-boroskops","og_locale":"lv_LV","og_type":"article","og_title":"PCE Instruments PCE-VE 1034N-F boroskops - AXIOMA MS","og_description":"Industri\u0101lais boroskops PCE-VE 1034N-F ir univers\u0101ls p\u0101rbaudes instruments. Boreskopam var pievienot da\u017e\u0101dus industri\u0101lo boreskopu kabe\u013cus ar at\u0161\u0137ir\u012bg\u0101m \u012bpa\u0161\u012bb\u0101m. \u012apa\u0161a boreskopa priek\u0161roc\u012bba ir lielais displejs, kas, pateicoties izm\u0113riem un iz\u0161\u0137irtsp\u0113jai, lietot\u0101jam nodro\u0161ina vislab\u0101ko iesp\u0113jamo p\u0101rskatu par apskat\u0101mo apgabalu. Boreskops \u013cauj ierakst\u012bt att\u0113lus un video, un video papildus tiek saglab\u0101ti ar audioierakstu. Skaidr\u0101 iz\u0161\u0137irtsp\u0113ja k\u013c\u016bst ac\u012bmredzama, apl\u016bkojot...","og_url":"https:\/\/www.axiomams.eu\/lv\/produktas\/pce-instruments-pce-ve-1034n-f-boroskops","og_site_name":"AXIOMA MS","article_publisher":"https:\/\/www.facebook.com\/AxiomaMS","article_modified_time":"2026-03-25T15:01:26+00:00","og_image":[{"width":490,"height":490,"url":"https:\/\/www.axiomams.eu\/wp-content\/uploads\/2025\/07\/3235-4285.jpg","type":"image\/jpeg"}],"twitter_card":"summary_large_image","twitter_misc":{"Est. reading time":"1 minute"},"schema":{"@context":"https:\/\/schema.org","@graph":[{"@type":"WebPage","@id":"https:\/\/www.axiomams.eu\/lv\/produktas\/pce-instruments-pce-ve-1034n-f-boroskops","url":"https:\/\/www.axiomams.eu\/lv\/produktas\/pce-instruments-pce-ve-1034n-f-boroskops","name":"PCE Instruments PCE-VE 1034N-F boroskops - AXIOMA MS","isPartOf":{"@id":"https:\/\/www.axiomams.eu\/lv#website"},"primaryImageOfPage":{"@id":"https:\/\/www.axiomams.eu\/lv\/produktas\/pce-instruments-pce-ve-1034n-f-boroskops#primaryimage"},"image":{"@id":"https:\/\/www.axiomams.eu\/lv\/produktas\/pce-instruments-pce-ve-1034n-f-boroskops#primaryimage"},"thumbnailUrl":"https:\/\/www.axiomams.eu\/wp-content\/uploads\/2025\/07\/3235-4285.jpg","datePublished":"2025-05-15T16:05:16+00:00","dateModified":"2026-03-25T15:01:26+00:00","breadcrumb":{"@id":"https:\/\/www.axiomams.eu\/lv\/produktas\/pce-instruments-pce-ve-1034n-f-boroskops#breadcrumb"},"inLanguage":"lv-LV","potentialAction":[{"@type":"ReadAction","target":["https:\/\/www.axiomams.eu\/lv\/produktas\/pce-instruments-pce-ve-1034n-f-boroskops"]}]},{"@type":"ImageObject","inLanguage":"lv-LV","@id":"https:\/\/www.axiomams.eu\/lv\/produktas\/pce-instruments-pce-ve-1034n-f-boroskops#primaryimage","url":"https:\/\/www.axiomams.eu\/wp-content\/uploads\/2025\/07\/3235-4285.jpg","contentUrl":"https:\/\/www.axiomams.eu\/wp-content\/uploads\/2025\/07\/3235-4285.jpg","width":490,"height":490},{"@type":"BreadcrumbList","@id":"https:\/\/www.axiomams.eu\/lv\/produktas\/pce-instruments-pce-ve-1034n-f-boroskops#breadcrumb","itemListElement":[{"@type":"ListItem","position":1,"name":"Home","item":"https:\/\/www.axiomams.eu\/lv"},{"@type":"ListItem","position":2,"name":"Produkti","item":"https:\/\/www.axiomams.eu\/lv\/produkti"},{"@type":"ListItem","position":3,"name":"PCE Instruments PCE-VE 1034N-F boroskops"}]},{"@type":"WebSite","@id":"https:\/\/www.axiomams.eu\/lv#website","url":"https:\/\/www.axiomams.eu\/lv","name":"AXIOMA MS","description":"Terrmovizoriai ir matavimo \u012franga","publisher":{"@id":"https:\/\/www.axiomams.eu\/lv#organization"},"potentialAction":[{"@type":"SearchAction","target":{"@type":"EntryPoint","urlTemplate":"https:\/\/www.axiomams.eu\/lv?s={search_term_string}"},"query-input":{"@type":"PropertyValueSpecification","valueRequired":true,"valueName":"search_term_string"}}],"inLanguage":"lv-LV"},{"@type":"Organization","@id":"https:\/\/www.axiomams.eu\/lv#organization","name":"AXIOMA MS","url":"https:\/\/www.axiomams.eu\/lv","logo":{"@type":"ImageObject","inLanguage":"lv-LV","@id":"https:\/\/www.axiomams.eu\/lv#\/schema\/logo\/image\/","url":"https:\/\/www.axiomams.eu\/wp-content\/uploads\/2025\/06\/axioma-logo-2.png","contentUrl":"https:\/\/www.axiomams.eu\/wp-content\/uploads\/2025\/06\/axioma-logo-2.png","width":1200,"height":1200,"caption":"AXIOMA MS"},"image":{"@id":"https:\/\/www.axiomams.eu\/lv#\/schema\/logo\/image\/"},"sameAs":["https:\/\/www.facebook.com\/AxiomaMS","https:\/\/www.linkedin.com\/company\/axiomams\/"]}]}},"_links":{"self":[{"href":"https:\/\/www.axiomams.eu\/lv\/wp-json\/wp\/v2\/product\/39311","targetHints":{"allow":["GET"]}}],"collection":[{"href":"https:\/\/www.axiomams.eu\/lv\/wp-json\/wp\/v2\/product"}],"about":[{"href":"https:\/\/www.axiomams.eu\/lv\/wp-json\/wp\/v2\/types\/product"}],"replies":[{"embeddable":true,"href":"https:\/\/www.axiomams.eu\/lv\/wp-json\/wp\/v2\/comments?post=39311"}],"wp:featuredmedia":[{"embeddable":true,"href":"https:\/\/www.axiomams.eu\/lv\/wp-json\/wp\/v2\/media\/42341"}],"wp:attachment":[{"href":"https:\/\/www.axiomams.eu\/lv\/wp-json\/wp\/v2\/media?parent=39311"}],"wp:term":[{"taxonomy":"product_brand","embeddable":true,"href":"https:\/\/www.axiomams.eu\/lv\/wp-json\/wp\/v2\/product_brand?post=39311"},{"taxonomy":"product_cat","embeddable":true,"href":"https:\/\/www.axiomams.eu\/lv\/wp-json\/wp\/v2\/product_cat?post=39311"},{"taxonomy":"product_tag","embeddable":true,"href":"https:\/\/www.axiomams.eu\/lv\/wp-json\/wp\/v2\/product_tag?post=39311"}],"curies":[{"name":"wp","href":"https:\/\/api.w.org\/{rel}","templated":true}]}}