{"id":39312,"date":"2025-05-15T18:05:17","date_gmt":"2025-05-15T16:05:17","guid":{"rendered":"https:\/\/www.axiomams.eu\/produktas\/pce-instruments-pce-ve-350hr3-videoscope"},"modified":"2026-03-25T17:01:26","modified_gmt":"2026-03-25T15:01:26","slug":"pce-instruments-pce-ve-350hr3-videoscope","status":"publish","type":"product","link":"https:\/\/www.axiomams.eu\/lv\/produktas\/pce-instruments-pce-ve-350hr3-videoscope","title":{"rendered":"PCE Instruments PCE-VE 350HR3 Videoscope"},"content":{"rendered":"<p>PCE-VE 350HR3 ir divvirzienu \u0161arn\u012brveida industri\u0101lais boreskops, inspekcijas kamera, industri\u0101lais endoskops vai videoskops ma\u0161\u012bnu, iek\u0101rtu un citu ier\u012b\u010du nesagraujo\u0161ai p\u0101rbaudei (NDI). \u0160is r\u016bpnieciskais boreskops ir ide\u0101ls r\u012bks probl\u0113mu diagnostic\u0113\u0161anai gr\u016bti pieejam\u0101s viet\u0101s. \u016adensnecaurlaid\u012bgajai kameras galvai ir 6 LED gaismas diodes (4 priek\u0161pus\u0113, 2 s\u0101nos) optim\u0101lam apgaismojumam. Turkl\u0101t ir pieejams digit\u0101lais att\u0113la palielin\u0101jums vai t\u0101lummai\u0146a l\u012bdz 2 reiz\u0113m, k\u0101 ar\u012b palielin\u0101juma funkcija, kas uzlabo att\u0113la kvalit\u0101ti tums\u0101.<\/p>\n<p>Boreskops saglab\u0101 ierakst\u012btos att\u0113lus un videoklipus tie\u0161i SD kartes atmi\u0146\u0101 (iek\u013cauta komplekt\u0101), \u013caujot tos viegli p\u0101rs\u016bt\u012bt uz datoru.<\/p>\n<p>Standarta komplekts: R\u016bpnieciskais boroskops PCE-VE 350HR3, 8 GB SD atmi\u0146as karte, 8 GB SD atmi\u0146as karte, str\u0101vas adapteris, somi\u0146a, lietot\u0101ja rokasgr\u0101mata.<\/p>\n<h3>Tehnisk\u0101 inform\u0101cija:<\/h3>\n<ul>\n<li><a href=\"https:\/\/axiomams.eu\/importer\/export\/attachments\/en\/pce-ve-350hr3.pdf\" target=\"_blank\">PCE-VE 350HR3.pdf<\/a><\/li>\n<\/ul>\n","protected":false},"excerpt":{"rendered":"<p>PCE-VE 350HR3 ir divvirzienu \u0161arn\u012brveida industri\u0101lais boreskops, inspekcijas kamera, industri\u0101lais endoskops vai videoskops ma\u0161\u012bnu, iek\u0101rtu un citu ier\u012b\u010du nesagraujo\u0161ai p\u0101rbaudei (NDI). \u0160is r\u016bpnieciskais boreskops ir ide\u0101ls r\u012bks probl\u0113mu diagnostic\u0113\u0161anai gr\u016bti pieejam\u0101s viet\u0101s. \u016adensnecaurlaid\u012bgajai kameras galvai ir 6 LED gaismas diodes (4 priek\u0161pus\u0113, 2 s\u0101nos) optim\u0101lam apgaismojumam. Turkl\u0101t ir pieejams digit\u0101lais att\u0113la palielin\u0101jums vai t\u0101lummai\u0146a l\u012bdz&#8230;<\/p>\n","protected":false},"featured_media":42343,"comment_status":"open","ping_status":"closed","template":"","meta":{"_acf_changed":false},"product_brand":[742],"product_cat":[17775],"product_tag":[],"class_list":{"0":"post-39312","1":"product","2":"type-product","3":"status-publish","4":"has-post-thumbnail","6":"product_brand-pce-instruments","7":"product_cat-vizuala-parbaude","9":"first","10":"instock","11":"taxable","12":"shipping-taxable","13":"purchasable","14":"product-type-simple"},"acf":[],"yoast_head":"<!-- This site is optimized with the Yoast SEO plugin v27.0 - https:\/\/yoast.com\/product\/yoast-seo-wordpress\/ -->\n<title>PCE Instruments PCE-VE 350HR3 Videoscope - AXIOMA MS<\/title>\n<meta name=\"robots\" content=\"index, follow, max-snippet:-1, max-image-preview:large, max-video-preview:-1\" \/>\n<link rel=\"canonical\" href=\"https:\/\/www.axiomams.eu\/lv\/produktas\/pce-instruments-pce-ve-350hr3-videoscope\" \/>\n<meta property=\"og:locale\" content=\"lv_LV\" \/>\n<meta property=\"og:type\" content=\"article\" \/>\n<meta property=\"og:title\" content=\"PCE Instruments PCE-VE 350HR3 Videoscope - AXIOMA MS\" \/>\n<meta property=\"og:description\" content=\"PCE-VE 350HR3 ir divvirzienu \u0161arn\u012brveida industri\u0101lais boreskops, inspekcijas kamera, industri\u0101lais endoskops vai videoskops ma\u0161\u012bnu, iek\u0101rtu un citu ier\u012b\u010du nesagraujo\u0161ai p\u0101rbaudei (NDI). \u0160is r\u016bpnieciskais boreskops ir ide\u0101ls r\u012bks probl\u0113mu diagnostic\u0113\u0161anai gr\u016bti pieejam\u0101s viet\u0101s. \u016adensnecaurlaid\u012bgajai kameras galvai ir 6 LED gaismas diodes (4 priek\u0161pus\u0113, 2 s\u0101nos) optim\u0101lam apgaismojumam. Turkl\u0101t ir pieejams digit\u0101lais att\u0113la palielin\u0101jums vai t\u0101lummai\u0146a l\u012bdz...\" \/>\n<meta property=\"og:url\" content=\"https:\/\/www.axiomams.eu\/lv\/produktas\/pce-instruments-pce-ve-350hr3-videoscope\" \/>\n<meta property=\"og:site_name\" content=\"AXIOMA MS\" \/>\n<meta property=\"article:publisher\" content=\"https:\/\/www.facebook.com\/AxiomaMS\" \/>\n<meta property=\"article:modified_time\" content=\"2026-03-25T15:01:26+00:00\" \/>\n<meta property=\"og:image\" content=\"https:\/\/www.axiomams.eu\/wp-content\/uploads\/2025\/07\/3006-3979.jpg\" \/>\n\t<meta property=\"og:image:width\" content=\"500\" \/>\n\t<meta property=\"og:image:height\" content=\"500\" \/>\n\t<meta property=\"og:image:type\" content=\"image\/jpeg\" \/>\n<meta name=\"twitter:card\" content=\"summary_large_image\" \/>\n<meta name=\"twitter:label1\" content=\"Est. reading time\" \/>\n\t<meta name=\"twitter:data1\" content=\"1 minute\" \/>\n<script type=\"application\/ld+json\" class=\"yoast-schema-graph\">{\"@context\":\"https:\/\/schema.org\",\"@graph\":[{\"@type\":\"WebPage\",\"@id\":\"https:\/\/www.axiomams.eu\/lv\/produktas\/pce-instruments-pce-ve-350hr3-videoscope\",\"url\":\"https:\/\/www.axiomams.eu\/lv\/produktas\/pce-instruments-pce-ve-350hr3-videoscope\",\"name\":\"PCE Instruments PCE-VE 350HR3 Videoscope - AXIOMA MS\",\"isPartOf\":{\"@id\":\"https:\/\/www.axiomams.eu\/lv#website\"},\"primaryImageOfPage\":{\"@id\":\"https:\/\/www.axiomams.eu\/lv\/produktas\/pce-instruments-pce-ve-350hr3-videoscope#primaryimage\"},\"image\":{\"@id\":\"https:\/\/www.axiomams.eu\/lv\/produktas\/pce-instruments-pce-ve-350hr3-videoscope#primaryimage\"},\"thumbnailUrl\":\"https:\/\/www.axiomams.eu\/wp-content\/uploads\/2025\/07\/3006-3979.jpg\",\"datePublished\":\"2025-05-15T16:05:17+00:00\",\"dateModified\":\"2026-03-25T15:01:26+00:00\",\"breadcrumb\":{\"@id\":\"https:\/\/www.axiomams.eu\/lv\/produktas\/pce-instruments-pce-ve-350hr3-videoscope#breadcrumb\"},\"inLanguage\":\"lv-LV\",\"potentialAction\":[{\"@type\":\"ReadAction\",\"target\":[\"https:\/\/www.axiomams.eu\/lv\/produktas\/pce-instruments-pce-ve-350hr3-videoscope\"]}]},{\"@type\":\"ImageObject\",\"inLanguage\":\"lv-LV\",\"@id\":\"https:\/\/www.axiomams.eu\/lv\/produktas\/pce-instruments-pce-ve-350hr3-videoscope#primaryimage\",\"url\":\"https:\/\/www.axiomams.eu\/wp-content\/uploads\/2025\/07\/3006-3979.jpg\",\"contentUrl\":\"https:\/\/www.axiomams.eu\/wp-content\/uploads\/2025\/07\/3006-3979.jpg\",\"width\":500,\"height\":500},{\"@type\":\"BreadcrumbList\",\"@id\":\"https:\/\/www.axiomams.eu\/lv\/produktas\/pce-instruments-pce-ve-350hr3-videoscope#breadcrumb\",\"itemListElement\":[{\"@type\":\"ListItem\",\"position\":1,\"name\":\"Home\",\"item\":\"https:\/\/www.axiomams.eu\/lv\"},{\"@type\":\"ListItem\",\"position\":2,\"name\":\"Produkti\",\"item\":\"https:\/\/www.axiomams.eu\/lv\/produkti\"},{\"@type\":\"ListItem\",\"position\":3,\"name\":\"PCE Instruments PCE-VE 350HR3 Videoscope\"}]},{\"@type\":\"WebSite\",\"@id\":\"https:\/\/www.axiomams.eu\/lv#website\",\"url\":\"https:\/\/www.axiomams.eu\/lv\",\"name\":\"AXIOMA MS\",\"description\":\"Terrmovizoriai ir matavimo \u012franga\",\"publisher\":{\"@id\":\"https:\/\/www.axiomams.eu\/lv#organization\"},\"potentialAction\":[{\"@type\":\"SearchAction\",\"target\":{\"@type\":\"EntryPoint\",\"urlTemplate\":\"https:\/\/www.axiomams.eu\/lv?s={search_term_string}\"},\"query-input\":{\"@type\":\"PropertyValueSpecification\",\"valueRequired\":true,\"valueName\":\"search_term_string\"}}],\"inLanguage\":\"lv-LV\"},{\"@type\":\"Organization\",\"@id\":\"https:\/\/www.axiomams.eu\/lv#organization\",\"name\":\"AXIOMA MS\",\"url\":\"https:\/\/www.axiomams.eu\/lv\",\"logo\":{\"@type\":\"ImageObject\",\"inLanguage\":\"lv-LV\",\"@id\":\"https:\/\/www.axiomams.eu\/lv#\/schema\/logo\/image\/\",\"url\":\"https:\/\/www.axiomams.eu\/wp-content\/uploads\/2025\/06\/axioma-logo-2.png\",\"contentUrl\":\"https:\/\/www.axiomams.eu\/wp-content\/uploads\/2025\/06\/axioma-logo-2.png\",\"width\":1200,\"height\":1200,\"caption\":\"AXIOMA MS\"},\"image\":{\"@id\":\"https:\/\/www.axiomams.eu\/lv#\/schema\/logo\/image\/\"},\"sameAs\":[\"https:\/\/www.facebook.com\/AxiomaMS\",\"https:\/\/www.linkedin.com\/company\/axiomams\/\"]}]}<\/script>\n<!-- \/ Yoast SEO plugin. -->","yoast_head_json":{"title":"PCE Instruments PCE-VE 350HR3 Videoscope - AXIOMA MS","robots":{"index":"index","follow":"follow","max-snippet":"max-snippet:-1","max-image-preview":"max-image-preview:large","max-video-preview":"max-video-preview:-1"},"canonical":"https:\/\/www.axiomams.eu\/lv\/produktas\/pce-instruments-pce-ve-350hr3-videoscope","og_locale":"lv_LV","og_type":"article","og_title":"PCE Instruments PCE-VE 350HR3 Videoscope - AXIOMA MS","og_description":"PCE-VE 350HR3 ir divvirzienu \u0161arn\u012brveida industri\u0101lais boreskops, inspekcijas kamera, industri\u0101lais endoskops vai videoskops ma\u0161\u012bnu, iek\u0101rtu un citu ier\u012b\u010du nesagraujo\u0161ai p\u0101rbaudei (NDI). \u0160is r\u016bpnieciskais boreskops ir ide\u0101ls r\u012bks probl\u0113mu diagnostic\u0113\u0161anai gr\u016bti pieejam\u0101s viet\u0101s. \u016adensnecaurlaid\u012bgajai kameras galvai ir 6 LED gaismas diodes (4 priek\u0161pus\u0113, 2 s\u0101nos) optim\u0101lam apgaismojumam. Turkl\u0101t ir pieejams digit\u0101lais att\u0113la palielin\u0101jums vai t\u0101lummai\u0146a l\u012bdz...","og_url":"https:\/\/www.axiomams.eu\/lv\/produktas\/pce-instruments-pce-ve-350hr3-videoscope","og_site_name":"AXIOMA MS","article_publisher":"https:\/\/www.facebook.com\/AxiomaMS","article_modified_time":"2026-03-25T15:01:26+00:00","og_image":[{"width":500,"height":500,"url":"https:\/\/www.axiomams.eu\/wp-content\/uploads\/2025\/07\/3006-3979.jpg","type":"image\/jpeg"}],"twitter_card":"summary_large_image","twitter_misc":{"Est. reading time":"1 minute"},"schema":{"@context":"https:\/\/schema.org","@graph":[{"@type":"WebPage","@id":"https:\/\/www.axiomams.eu\/lv\/produktas\/pce-instruments-pce-ve-350hr3-videoscope","url":"https:\/\/www.axiomams.eu\/lv\/produktas\/pce-instruments-pce-ve-350hr3-videoscope","name":"PCE Instruments PCE-VE 350HR3 Videoscope - AXIOMA MS","isPartOf":{"@id":"https:\/\/www.axiomams.eu\/lv#website"},"primaryImageOfPage":{"@id":"https:\/\/www.axiomams.eu\/lv\/produktas\/pce-instruments-pce-ve-350hr3-videoscope#primaryimage"},"image":{"@id":"https:\/\/www.axiomams.eu\/lv\/produktas\/pce-instruments-pce-ve-350hr3-videoscope#primaryimage"},"thumbnailUrl":"https:\/\/www.axiomams.eu\/wp-content\/uploads\/2025\/07\/3006-3979.jpg","datePublished":"2025-05-15T16:05:17+00:00","dateModified":"2026-03-25T15:01:26+00:00","breadcrumb":{"@id":"https:\/\/www.axiomams.eu\/lv\/produktas\/pce-instruments-pce-ve-350hr3-videoscope#breadcrumb"},"inLanguage":"lv-LV","potentialAction":[{"@type":"ReadAction","target":["https:\/\/www.axiomams.eu\/lv\/produktas\/pce-instruments-pce-ve-350hr3-videoscope"]}]},{"@type":"ImageObject","inLanguage":"lv-LV","@id":"https:\/\/www.axiomams.eu\/lv\/produktas\/pce-instruments-pce-ve-350hr3-videoscope#primaryimage","url":"https:\/\/www.axiomams.eu\/wp-content\/uploads\/2025\/07\/3006-3979.jpg","contentUrl":"https:\/\/www.axiomams.eu\/wp-content\/uploads\/2025\/07\/3006-3979.jpg","width":500,"height":500},{"@type":"BreadcrumbList","@id":"https:\/\/www.axiomams.eu\/lv\/produktas\/pce-instruments-pce-ve-350hr3-videoscope#breadcrumb","itemListElement":[{"@type":"ListItem","position":1,"name":"Home","item":"https:\/\/www.axiomams.eu\/lv"},{"@type":"ListItem","position":2,"name":"Produkti","item":"https:\/\/www.axiomams.eu\/lv\/produkti"},{"@type":"ListItem","position":3,"name":"PCE Instruments PCE-VE 350HR3 Videoscope"}]},{"@type":"WebSite","@id":"https:\/\/www.axiomams.eu\/lv#website","url":"https:\/\/www.axiomams.eu\/lv","name":"AXIOMA MS","description":"Terrmovizoriai ir matavimo \u012franga","publisher":{"@id":"https:\/\/www.axiomams.eu\/lv#organization"},"potentialAction":[{"@type":"SearchAction","target":{"@type":"EntryPoint","urlTemplate":"https:\/\/www.axiomams.eu\/lv?s={search_term_string}"},"query-input":{"@type":"PropertyValueSpecification","valueRequired":true,"valueName":"search_term_string"}}],"inLanguage":"lv-LV"},{"@type":"Organization","@id":"https:\/\/www.axiomams.eu\/lv#organization","name":"AXIOMA MS","url":"https:\/\/www.axiomams.eu\/lv","logo":{"@type":"ImageObject","inLanguage":"lv-LV","@id":"https:\/\/www.axiomams.eu\/lv#\/schema\/logo\/image\/","url":"https:\/\/www.axiomams.eu\/wp-content\/uploads\/2025\/06\/axioma-logo-2.png","contentUrl":"https:\/\/www.axiomams.eu\/wp-content\/uploads\/2025\/06\/axioma-logo-2.png","width":1200,"height":1200,"caption":"AXIOMA MS"},"image":{"@id":"https:\/\/www.axiomams.eu\/lv#\/schema\/logo\/image\/"},"sameAs":["https:\/\/www.facebook.com\/AxiomaMS","https:\/\/www.linkedin.com\/company\/axiomams\/"]}]}},"_links":{"self":[{"href":"https:\/\/www.axiomams.eu\/lv\/wp-json\/wp\/v2\/product\/39312","targetHints":{"allow":["GET"]}}],"collection":[{"href":"https:\/\/www.axiomams.eu\/lv\/wp-json\/wp\/v2\/product"}],"about":[{"href":"https:\/\/www.axiomams.eu\/lv\/wp-json\/wp\/v2\/types\/product"}],"replies":[{"embeddable":true,"href":"https:\/\/www.axiomams.eu\/lv\/wp-json\/wp\/v2\/comments?post=39312"}],"wp:featuredmedia":[{"embeddable":true,"href":"https:\/\/www.axiomams.eu\/lv\/wp-json\/wp\/v2\/media\/42343"}],"wp:attachment":[{"href":"https:\/\/www.axiomams.eu\/lv\/wp-json\/wp\/v2\/media?parent=39312"}],"wp:term":[{"taxonomy":"product_brand","embeddable":true,"href":"https:\/\/www.axiomams.eu\/lv\/wp-json\/wp\/v2\/product_brand?post=39312"},{"taxonomy":"product_cat","embeddable":true,"href":"https:\/\/www.axiomams.eu\/lv\/wp-json\/wp\/v2\/product_cat?post=39312"},{"taxonomy":"product_tag","embeddable":true,"href":"https:\/\/www.axiomams.eu\/lv\/wp-json\/wp\/v2\/product_tag?post=39312"}],"curies":[{"name":"wp","href":"https:\/\/api.w.org\/{rel}","templated":true}]}}