{"id":39313,"date":"2025-05-15T18:05:17","date_gmt":"2025-05-15T16:05:17","guid":{"rendered":"https:\/\/www.axiomams.eu\/produktas\/pce-instruments-pce-ve-400n4-boroskops"},"modified":"2026-03-25T17:01:26","modified_gmt":"2026-03-25T15:01:26","slug":"pce-instruments-pce-ve-400n4-boroskops","status":"publish","type":"product","link":"https:\/\/www.axiomams.eu\/lv\/produktas\/pce-instruments-pce-ve-400n4-boroskops","title":{"rendered":"PCE Instruments PCE-VE 400N4 boroskops"},"content":{"rendered":"<p>PCE-VE 400N4 Industri\u0101lajam boroskopam ir 1,5 m gar\u0161 endoskopa kabelis. T\u0101 diametrs ir tikai 4 mm, t\u0101p\u0113c ar \u0161\u012bs inspekcijas kameras pal\u012bdz\u012bbu var apskat\u012bt dobumus ar vismaz\u0101ko piek\u013cuvi. Inspekcijas kameras kameras galva var br\u012bvi kust\u0113ties 4 virzienos. \u012apa\u0161i dzin\u0113ju, turb\u012bnu u. c. tehnisk\u0101s apkopes gad\u012bjum\u0101 inspekcijas kameras augstas iz\u0161\u0137irtsp\u0113jas displejs nodro\u0161ina labu dobumu un gr\u016bti pieejamu vietu apskati. P\u0101rvietojam\u0101s kameras iz\u0161\u0137irtsp\u0113ja ir 1 000 000 pikse\u013cu. Redzam\u012bbas lauks ir 90\u00b0, kas noz\u012bm\u0113, ka ar inspekcijas kameru var ieg\u016bt \u013coti lielus att\u0113lus, ja att\u0101lums l\u012bdz p\u0101rbaud\u0101majam objektam ir sal\u012bdzino\u0161i neliels. Visus inspekcijas kameras ierakstus var saglab\u0101t k\u0101 att\u0113lu vai video. Tas pal\u012bdz prec\u012bzi dokument\u0113t deta\u013cu boj\u0101jumus.<\/p>\n<p>Standarta komplekts: PCE-VE 400N4, t\u012bkla adapteris ar l\u0101d\u0113t\u0101ju, kar\u0161u las\u012bt\u0101js, atmi\u0146as karte, 2 Li-Ion akumulatoru komplekts, HDMI kabelis, t\u012br\u012b\u0161anas komplekts, lietot\u0101ja rokasgr\u0101mata, somi\u0146a.<\/p>\n<h3>Tehnisk\u0101 inform\u0101cija:<\/h3>\n<ul>\n<li><a href=\"https:\/\/axiomams.eu\/importer\/export\/attachments\/en\/pce-pce-ve-400n4.pdf\" target=\"_blank\">PCE PCE-VE 400N4.pdf<\/a><\/li>\n<\/ul>\n","protected":false},"excerpt":{"rendered":"<p>PCE-VE 400N4 Industri\u0101lajam boroskopam ir 1,5 m gar\u0161 endoskopa kabelis. T\u0101 diametrs ir tikai 4 mm, t\u0101p\u0113c ar \u0161\u012bs inspekcijas kameras pal\u012bdz\u012bbu var apskat\u012bt dobumus ar vismaz\u0101ko piek\u013cuvi. Inspekcijas kameras kameras galva var br\u012bvi kust\u0113ties 4 virzienos. \u012apa\u0161i dzin\u0113ju, turb\u012bnu u. c. tehnisk\u0101s apkopes gad\u012bjum\u0101 inspekcijas kameras augstas iz\u0161\u0137irtsp\u0113jas displejs nodro\u0161ina labu dobumu un gr\u016bti&#8230;<\/p>\n","protected":false},"featured_media":42345,"comment_status":"open","ping_status":"closed","template":"","meta":{"_acf_changed":false},"product_brand":[742],"product_cat":[17775],"product_tag":[],"class_list":{"0":"post-39313","1":"product","2":"type-product","3":"status-publish","4":"has-post-thumbnail","6":"product_brand-pce-instruments","7":"product_cat-vizuala-parbaude","9":"first","10":"instock","11":"taxable","12":"shipping-taxable","13":"product-type-simple"},"acf":[],"yoast_head":"<!-- This site is optimized with the Yoast SEO plugin v27.0 - https:\/\/yoast.com\/product\/yoast-seo-wordpress\/ -->\n<title>PCE Instruments PCE-VE 400N4 boroskops - AXIOMA MS<\/title>\n<meta name=\"robots\" content=\"index, follow, max-snippet:-1, max-image-preview:large, max-video-preview:-1\" \/>\n<link rel=\"canonical\" href=\"https:\/\/www.axiomams.eu\/lv\/produktas\/pce-instruments-pce-ve-400n4-boroskops\" \/>\n<meta property=\"og:locale\" content=\"lv_LV\" \/>\n<meta property=\"og:type\" content=\"article\" \/>\n<meta property=\"og:title\" content=\"PCE Instruments PCE-VE 400N4 boroskops - AXIOMA MS\" \/>\n<meta property=\"og:description\" content=\"PCE-VE 400N4 Industri\u0101lajam boroskopam ir 1,5 m gar\u0161 endoskopa kabelis. T\u0101 diametrs ir tikai 4 mm, t\u0101p\u0113c ar \u0161\u012bs inspekcijas kameras pal\u012bdz\u012bbu var apskat\u012bt dobumus ar vismaz\u0101ko piek\u013cuvi. Inspekcijas kameras kameras galva var br\u012bvi kust\u0113ties 4 virzienos. \u012apa\u0161i dzin\u0113ju, turb\u012bnu u. c. tehnisk\u0101s apkopes gad\u012bjum\u0101 inspekcijas kameras augstas iz\u0161\u0137irtsp\u0113jas displejs nodro\u0161ina labu dobumu un gr\u016bti...\" \/>\n<meta property=\"og:url\" content=\"https:\/\/www.axiomams.eu\/lv\/produktas\/pce-instruments-pce-ve-400n4-boroskops\" \/>\n<meta property=\"og:site_name\" content=\"AXIOMA MS\" \/>\n<meta property=\"article:publisher\" content=\"https:\/\/www.facebook.com\/AxiomaMS\" \/>\n<meta property=\"article:modified_time\" content=\"2026-03-25T15:01:26+00:00\" \/>\n<meta property=\"og:image\" content=\"https:\/\/www.axiomams.eu\/wp-content\/uploads\/2025\/07\/3228-4277.jpg\" \/>\n\t<meta property=\"og:image:width\" content=\"800\" \/>\n\t<meta property=\"og:image:height\" content=\"800\" \/>\n\t<meta property=\"og:image:type\" content=\"image\/jpeg\" \/>\n<meta name=\"twitter:card\" content=\"summary_large_image\" \/>\n<meta name=\"twitter:label1\" content=\"Est. reading time\" \/>\n\t<meta name=\"twitter:data1\" content=\"1 minute\" \/>\n<script type=\"application\/ld+json\" class=\"yoast-schema-graph\">{\"@context\":\"https:\/\/schema.org\",\"@graph\":[{\"@type\":\"WebPage\",\"@id\":\"https:\/\/www.axiomams.eu\/lv\/produktas\/pce-instruments-pce-ve-400n4-boroskops\",\"url\":\"https:\/\/www.axiomams.eu\/lv\/produktas\/pce-instruments-pce-ve-400n4-boroskops\",\"name\":\"PCE Instruments PCE-VE 400N4 boroskops - AXIOMA MS\",\"isPartOf\":{\"@id\":\"https:\/\/www.axiomams.eu\/lv#website\"},\"primaryImageOfPage\":{\"@id\":\"https:\/\/www.axiomams.eu\/lv\/produktas\/pce-instruments-pce-ve-400n4-boroskops#primaryimage\"},\"image\":{\"@id\":\"https:\/\/www.axiomams.eu\/lv\/produktas\/pce-instruments-pce-ve-400n4-boroskops#primaryimage\"},\"thumbnailUrl\":\"https:\/\/www.axiomams.eu\/wp-content\/uploads\/2025\/07\/3228-4277.jpg\",\"datePublished\":\"2025-05-15T16:05:17+00:00\",\"dateModified\":\"2026-03-25T15:01:26+00:00\",\"breadcrumb\":{\"@id\":\"https:\/\/www.axiomams.eu\/lv\/produktas\/pce-instruments-pce-ve-400n4-boroskops#breadcrumb\"},\"inLanguage\":\"lv-LV\",\"potentialAction\":[{\"@type\":\"ReadAction\",\"target\":[\"https:\/\/www.axiomams.eu\/lv\/produktas\/pce-instruments-pce-ve-400n4-boroskops\"]}]},{\"@type\":\"ImageObject\",\"inLanguage\":\"lv-LV\",\"@id\":\"https:\/\/www.axiomams.eu\/lv\/produktas\/pce-instruments-pce-ve-400n4-boroskops#primaryimage\",\"url\":\"https:\/\/www.axiomams.eu\/wp-content\/uploads\/2025\/07\/3228-4277.jpg\",\"contentUrl\":\"https:\/\/www.axiomams.eu\/wp-content\/uploads\/2025\/07\/3228-4277.jpg\",\"width\":800,\"height\":800},{\"@type\":\"BreadcrumbList\",\"@id\":\"https:\/\/www.axiomams.eu\/lv\/produktas\/pce-instruments-pce-ve-400n4-boroskops#breadcrumb\",\"itemListElement\":[{\"@type\":\"ListItem\",\"position\":1,\"name\":\"Home\",\"item\":\"https:\/\/www.axiomams.eu\/lv\"},{\"@type\":\"ListItem\",\"position\":2,\"name\":\"Produkti\",\"item\":\"https:\/\/www.axiomams.eu\/lv\/produkti\"},{\"@type\":\"ListItem\",\"position\":3,\"name\":\"PCE Instruments PCE-VE 400N4 boroskops\"}]},{\"@type\":\"WebSite\",\"@id\":\"https:\/\/www.axiomams.eu\/lv#website\",\"url\":\"https:\/\/www.axiomams.eu\/lv\",\"name\":\"AXIOMA MS\",\"description\":\"Terrmovizoriai ir matavimo \u012franga\",\"publisher\":{\"@id\":\"https:\/\/www.axiomams.eu\/lv#organization\"},\"potentialAction\":[{\"@type\":\"SearchAction\",\"target\":{\"@type\":\"EntryPoint\",\"urlTemplate\":\"https:\/\/www.axiomams.eu\/lv?s={search_term_string}\"},\"query-input\":{\"@type\":\"PropertyValueSpecification\",\"valueRequired\":true,\"valueName\":\"search_term_string\"}}],\"inLanguage\":\"lv-LV\"},{\"@type\":\"Organization\",\"@id\":\"https:\/\/www.axiomams.eu\/lv#organization\",\"name\":\"AXIOMA MS\",\"url\":\"https:\/\/www.axiomams.eu\/lv\",\"logo\":{\"@type\":\"ImageObject\",\"inLanguage\":\"lv-LV\",\"@id\":\"https:\/\/www.axiomams.eu\/lv#\/schema\/logo\/image\/\",\"url\":\"https:\/\/www.axiomams.eu\/wp-content\/uploads\/2025\/06\/axioma-logo-2.png\",\"contentUrl\":\"https:\/\/www.axiomams.eu\/wp-content\/uploads\/2025\/06\/axioma-logo-2.png\",\"width\":1200,\"height\":1200,\"caption\":\"AXIOMA MS\"},\"image\":{\"@id\":\"https:\/\/www.axiomams.eu\/lv#\/schema\/logo\/image\/\"},\"sameAs\":[\"https:\/\/www.facebook.com\/AxiomaMS\",\"https:\/\/www.linkedin.com\/company\/axiomams\/\"]}]}<\/script>\n<!-- \/ Yoast SEO plugin. -->","yoast_head_json":{"title":"PCE Instruments PCE-VE 400N4 boroskops - AXIOMA MS","robots":{"index":"index","follow":"follow","max-snippet":"max-snippet:-1","max-image-preview":"max-image-preview:large","max-video-preview":"max-video-preview:-1"},"canonical":"https:\/\/www.axiomams.eu\/lv\/produktas\/pce-instruments-pce-ve-400n4-boroskops","og_locale":"lv_LV","og_type":"article","og_title":"PCE Instruments PCE-VE 400N4 boroskops - AXIOMA MS","og_description":"PCE-VE 400N4 Industri\u0101lajam boroskopam ir 1,5 m gar\u0161 endoskopa kabelis. T\u0101 diametrs ir tikai 4 mm, t\u0101p\u0113c ar \u0161\u012bs inspekcijas kameras pal\u012bdz\u012bbu var apskat\u012bt dobumus ar vismaz\u0101ko piek\u013cuvi. Inspekcijas kameras kameras galva var br\u012bvi kust\u0113ties 4 virzienos. \u012apa\u0161i dzin\u0113ju, turb\u012bnu u. c. tehnisk\u0101s apkopes gad\u012bjum\u0101 inspekcijas kameras augstas iz\u0161\u0137irtsp\u0113jas displejs nodro\u0161ina labu dobumu un gr\u016bti...","og_url":"https:\/\/www.axiomams.eu\/lv\/produktas\/pce-instruments-pce-ve-400n4-boroskops","og_site_name":"AXIOMA MS","article_publisher":"https:\/\/www.facebook.com\/AxiomaMS","article_modified_time":"2026-03-25T15:01:26+00:00","og_image":[{"width":800,"height":800,"url":"https:\/\/www.axiomams.eu\/wp-content\/uploads\/2025\/07\/3228-4277.jpg","type":"image\/jpeg"}],"twitter_card":"summary_large_image","twitter_misc":{"Est. reading time":"1 minute"},"schema":{"@context":"https:\/\/schema.org","@graph":[{"@type":"WebPage","@id":"https:\/\/www.axiomams.eu\/lv\/produktas\/pce-instruments-pce-ve-400n4-boroskops","url":"https:\/\/www.axiomams.eu\/lv\/produktas\/pce-instruments-pce-ve-400n4-boroskops","name":"PCE Instruments PCE-VE 400N4 boroskops - AXIOMA MS","isPartOf":{"@id":"https:\/\/www.axiomams.eu\/lv#website"},"primaryImageOfPage":{"@id":"https:\/\/www.axiomams.eu\/lv\/produktas\/pce-instruments-pce-ve-400n4-boroskops#primaryimage"},"image":{"@id":"https:\/\/www.axiomams.eu\/lv\/produktas\/pce-instruments-pce-ve-400n4-boroskops#primaryimage"},"thumbnailUrl":"https:\/\/www.axiomams.eu\/wp-content\/uploads\/2025\/07\/3228-4277.jpg","datePublished":"2025-05-15T16:05:17+00:00","dateModified":"2026-03-25T15:01:26+00:00","breadcrumb":{"@id":"https:\/\/www.axiomams.eu\/lv\/produktas\/pce-instruments-pce-ve-400n4-boroskops#breadcrumb"},"inLanguage":"lv-LV","potentialAction":[{"@type":"ReadAction","target":["https:\/\/www.axiomams.eu\/lv\/produktas\/pce-instruments-pce-ve-400n4-boroskops"]}]},{"@type":"ImageObject","inLanguage":"lv-LV","@id":"https:\/\/www.axiomams.eu\/lv\/produktas\/pce-instruments-pce-ve-400n4-boroskops#primaryimage","url":"https:\/\/www.axiomams.eu\/wp-content\/uploads\/2025\/07\/3228-4277.jpg","contentUrl":"https:\/\/www.axiomams.eu\/wp-content\/uploads\/2025\/07\/3228-4277.jpg","width":800,"height":800},{"@type":"BreadcrumbList","@id":"https:\/\/www.axiomams.eu\/lv\/produktas\/pce-instruments-pce-ve-400n4-boroskops#breadcrumb","itemListElement":[{"@type":"ListItem","position":1,"name":"Home","item":"https:\/\/www.axiomams.eu\/lv"},{"@type":"ListItem","position":2,"name":"Produkti","item":"https:\/\/www.axiomams.eu\/lv\/produkti"},{"@type":"ListItem","position":3,"name":"PCE Instruments PCE-VE 400N4 boroskops"}]},{"@type":"WebSite","@id":"https:\/\/www.axiomams.eu\/lv#website","url":"https:\/\/www.axiomams.eu\/lv","name":"AXIOMA MS","description":"Terrmovizoriai ir matavimo \u012franga","publisher":{"@id":"https:\/\/www.axiomams.eu\/lv#organization"},"potentialAction":[{"@type":"SearchAction","target":{"@type":"EntryPoint","urlTemplate":"https:\/\/www.axiomams.eu\/lv?s={search_term_string}"},"query-input":{"@type":"PropertyValueSpecification","valueRequired":true,"valueName":"search_term_string"}}],"inLanguage":"lv-LV"},{"@type":"Organization","@id":"https:\/\/www.axiomams.eu\/lv#organization","name":"AXIOMA MS","url":"https:\/\/www.axiomams.eu\/lv","logo":{"@type":"ImageObject","inLanguage":"lv-LV","@id":"https:\/\/www.axiomams.eu\/lv#\/schema\/logo\/image\/","url":"https:\/\/www.axiomams.eu\/wp-content\/uploads\/2025\/06\/axioma-logo-2.png","contentUrl":"https:\/\/www.axiomams.eu\/wp-content\/uploads\/2025\/06\/axioma-logo-2.png","width":1200,"height":1200,"caption":"AXIOMA MS"},"image":{"@id":"https:\/\/www.axiomams.eu\/lv#\/schema\/logo\/image\/"},"sameAs":["https:\/\/www.facebook.com\/AxiomaMS","https:\/\/www.linkedin.com\/company\/axiomams\/"]}]}},"_links":{"self":[{"href":"https:\/\/www.axiomams.eu\/lv\/wp-json\/wp\/v2\/product\/39313","targetHints":{"allow":["GET"]}}],"collection":[{"href":"https:\/\/www.axiomams.eu\/lv\/wp-json\/wp\/v2\/product"}],"about":[{"href":"https:\/\/www.axiomams.eu\/lv\/wp-json\/wp\/v2\/types\/product"}],"replies":[{"embeddable":true,"href":"https:\/\/www.axiomams.eu\/lv\/wp-json\/wp\/v2\/comments?post=39313"}],"wp:featuredmedia":[{"embeddable":true,"href":"https:\/\/www.axiomams.eu\/lv\/wp-json\/wp\/v2\/media\/42345"}],"wp:attachment":[{"href":"https:\/\/www.axiomams.eu\/lv\/wp-json\/wp\/v2\/media?parent=39313"}],"wp:term":[{"taxonomy":"product_brand","embeddable":true,"href":"https:\/\/www.axiomams.eu\/lv\/wp-json\/wp\/v2\/product_brand?post=39313"},{"taxonomy":"product_cat","embeddable":true,"href":"https:\/\/www.axiomams.eu\/lv\/wp-json\/wp\/v2\/product_cat?post=39313"},{"taxonomy":"product_tag","embeddable":true,"href":"https:\/\/www.axiomams.eu\/lv\/wp-json\/wp\/v2\/product_tag?post=39313"}],"curies":[{"name":"wp","href":"https:\/\/api.w.org\/{rel}","templated":true}]}}