{"id":39315,"date":"2025-06-12T14:26:58","date_gmt":"2025-06-12T12:26:58","guid":{"rendered":"https:\/\/www.axiomams.eu\/produktas\/hioki-pd3129-fazu-secibas-testeris"},"modified":"2026-03-25T17:01:26","modified_gmt":"2026-03-25T15:01:26","slug":"hioki-pd3129-fazu-secibas-testeris","status":"publish","type":"product","link":"https:\/\/www.axiomams.eu\/lv\/produktas\/hioki-pd3129-fazu-secibas-testeris","title":{"rendered":"HIOKI PD3129 f\u0101\u017eu sec\u012bbas testeris"},"content":{"rendered":"<p>Hioki PD3129 f\u0101\u017eu rot\u0101cijas m\u0113r\u012bt\u0101js pied\u0101v\u0101 bezkontakta metodi str\u0101vas f\u0101\u017eu sec\u012bbas noteik\u0161anai izol\u0113tos vados, nov\u0113r\u0161ot nepiecie\u0161am\u012bbu p\u0113c met\u0101la kontaktu skav\u0101m. Za\u013c\u0101 bulti\u0146a skaidri nor\u0101da pareizu f\u0101\u017eu rot\u0101ciju, nodro\u0161inot vizu\u0101lu apstiprin\u0101jumu, ko var viegli iek\u013caut dokument\u0101cij\u0101 un p\u0101rbaudes zi\u0146ojumos, lai p\u0101rliecin\u0101tos par pareizu elektroinstal\u0101ciju.<br \/>\nHioki bezkontakta sprieguma noteik\u0161anas un m\u0113r\u012b\u0161anas tehnolo\u0123ija ir izstr\u0101d\u0101ta, \u012bpa\u0161u uzman\u012bbu piev\u0113r\u0161ot efektivit\u0101tei un dro\u0161\u012bbai, lai aizsarg\u0101tu profesion\u0101\u013cus, kas veic elektroinstal\u0101cijas darbus uz vietas ra\u017eo\u0161anas iek\u0101rtu un \u0113ku renov\u0101cijas un papla\u0161in\u0101\u0161anas laik\u0101.<\/p>\n<p>Standarta komplekts: Hioki PD3129 f\u0101\u017eu sec\u012bbas testeris, somi\u0146a, siksna, spir\u0101lveida caurule, lieto\u0161anas instrukcija, baterijas.<\/p>\n<p><iframe loading=\"lazy\" width=\"560\" height=\"315\" src=\"https:\/\/www.youtube.com\/embed\/RWIqF_rOMpA?si=bD9n7knXPzzgEXXg\" title=\"YouTube video atska\u0146ot\u0101js\" frameborder=\"0\" allow=\"accelerometer; autoplay; clipboard-write; encrypted-media; gyroscope; picture-in-picture; web-share\" referrerpolicy=\"strict-origin-when-cross-origin\" allowfullscreen><\/iframe><\/p>\n<h3>Tehnisk\u0101 inform\u0101cija:<\/h3>\n<ul>\n<li><a href=\"https:\/\/axiomams.eu\/importer\/export\/attachments\/en\/hioki-pd3129.pdf\" target=\"_blank\">Hioki PD3129.pdf<\/a><\/li>\n<\/ul>\n","protected":false},"excerpt":{"rendered":"<p>Hioki PD3129 f\u0101\u017eu rot\u0101cijas m\u0113r\u012bt\u0101js pied\u0101v\u0101 bezkontakta metodi str\u0101vas f\u0101\u017eu sec\u012bbas noteik\u0161anai izol\u0113tos vados, nov\u0113r\u0161ot nepiecie\u0161am\u012bbu p\u0113c met\u0101la kontaktu skav\u0101m. Za\u013c\u0101 bulti\u0146a skaidri nor\u0101da pareizu f\u0101\u017eu rot\u0101ciju, nodro\u0161inot vizu\u0101lu apstiprin\u0101jumu, ko var viegli iek\u013caut dokument\u0101cij\u0101 un p\u0101rbaudes zi\u0146ojumos, lai p\u0101rliecin\u0101tos par pareizu elektroinstal\u0101ciju. Hioki bezkontakta sprieguma noteik\u0161anas un m\u0113r\u012b\u0161anas tehnolo\u0123ija ir izstr\u0101d\u0101ta, \u012bpa\u0161u uzman\u012bbu piev\u0113r\u0161ot&#8230;<\/p>\n","protected":false},"featured_media":36692,"comment_status":"open","ping_status":"closed","template":"","meta":{"_acf_changed":false},"product_brand":[1112],"product_cat":[17719],"product_tag":[],"class_list":{"0":"post-39315","1":"product","2":"type-product","3":"status-publish","4":"has-post-thumbnail","6":"product_brand-hioki","7":"product_cat-elektrikiem-un-energetikas-inzenieriem","9":"first","10":"instock","11":"taxable","12":"shipping-taxable","13":"purchasable","14":"product-type-simple"},"acf":[],"yoast_head":"<!-- This site is optimized with the Yoast SEO plugin v27.0 - https:\/\/yoast.com\/product\/yoast-seo-wordpress\/ -->\n<title>HIOKI PD3129 f\u0101\u017eu sec\u012bbas testeris - AXIOMA MS<\/title>\n<meta name=\"robots\" content=\"index, follow, max-snippet:-1, max-image-preview:large, max-video-preview:-1\" \/>\n<link rel=\"canonical\" href=\"https:\/\/www.axiomams.eu\/lv\/produktas\/hioki-pd3129-fazu-secibas-testeris\" \/>\n<meta property=\"og:locale\" content=\"lv_LV\" \/>\n<meta property=\"og:type\" content=\"article\" \/>\n<meta property=\"og:title\" content=\"HIOKI PD3129 f\u0101\u017eu sec\u012bbas testeris - AXIOMA MS\" \/>\n<meta property=\"og:description\" content=\"Hioki PD3129 f\u0101\u017eu rot\u0101cijas m\u0113r\u012bt\u0101js pied\u0101v\u0101 bezkontakta metodi str\u0101vas f\u0101\u017eu sec\u012bbas noteik\u0161anai izol\u0113tos vados, nov\u0113r\u0161ot nepiecie\u0161am\u012bbu p\u0113c met\u0101la kontaktu skav\u0101m. Za\u013c\u0101 bulti\u0146a skaidri nor\u0101da pareizu f\u0101\u017eu rot\u0101ciju, nodro\u0161inot vizu\u0101lu apstiprin\u0101jumu, ko var viegli iek\u013caut dokument\u0101cij\u0101 un p\u0101rbaudes zi\u0146ojumos, lai p\u0101rliecin\u0101tos par pareizu elektroinstal\u0101ciju. Hioki bezkontakta sprieguma noteik\u0161anas un m\u0113r\u012b\u0161anas tehnolo\u0123ija ir izstr\u0101d\u0101ta, \u012bpa\u0161u uzman\u012bbu piev\u0113r\u0161ot...\" \/>\n<meta property=\"og:url\" content=\"https:\/\/www.axiomams.eu\/lv\/produktas\/hioki-pd3129-fazu-secibas-testeris\" \/>\n<meta property=\"og:site_name\" content=\"AXIOMA MS\" \/>\n<meta property=\"article:publisher\" content=\"https:\/\/www.facebook.com\/AxiomaMS\" \/>\n<meta property=\"article:modified_time\" content=\"2026-03-25T15:01:26+00:00\" \/>\n<meta property=\"og:image\" content=\"https:\/\/www.axiomams.eu\/wp-content\/uploads\/2025\/07\/4634-5962.jpg\" \/>\n\t<meta property=\"og:image:width\" content=\"1040\" \/>\n\t<meta property=\"og:image:height\" content=\"694\" \/>\n\t<meta property=\"og:image:type\" content=\"image\/jpeg\" \/>\n<meta name=\"twitter:card\" content=\"summary_large_image\" \/>\n<meta name=\"twitter:label1\" content=\"Est. reading time\" \/>\n\t<meta name=\"twitter:data1\" content=\"1 minute\" \/>\n<script type=\"application\/ld+json\" class=\"yoast-schema-graph\">{\"@context\":\"https:\/\/schema.org\",\"@graph\":[{\"@type\":\"WebPage\",\"@id\":\"https:\/\/www.axiomams.eu\/lv\/produktas\/hioki-pd3129-fazu-secibas-testeris\",\"url\":\"https:\/\/www.axiomams.eu\/lv\/produktas\/hioki-pd3129-fazu-secibas-testeris\",\"name\":\"HIOKI PD3129 f\u0101\u017eu sec\u012bbas testeris - AXIOMA MS\",\"isPartOf\":{\"@id\":\"https:\/\/www.axiomams.eu\/lv#website\"},\"primaryImageOfPage\":{\"@id\":\"https:\/\/www.axiomams.eu\/lv\/produktas\/hioki-pd3129-fazu-secibas-testeris#primaryimage\"},\"image\":{\"@id\":\"https:\/\/www.axiomams.eu\/lv\/produktas\/hioki-pd3129-fazu-secibas-testeris#primaryimage\"},\"thumbnailUrl\":\"https:\/\/www.axiomams.eu\/wp-content\/uploads\/2025\/07\/4634-5962.jpg\",\"datePublished\":\"2025-06-12T12:26:58+00:00\",\"dateModified\":\"2026-03-25T15:01:26+00:00\",\"breadcrumb\":{\"@id\":\"https:\/\/www.axiomams.eu\/lv\/produktas\/hioki-pd3129-fazu-secibas-testeris#breadcrumb\"},\"inLanguage\":\"lv-LV\",\"potentialAction\":[{\"@type\":\"ReadAction\",\"target\":[\"https:\/\/www.axiomams.eu\/lv\/produktas\/hioki-pd3129-fazu-secibas-testeris\"]}]},{\"@type\":\"ImageObject\",\"inLanguage\":\"lv-LV\",\"@id\":\"https:\/\/www.axiomams.eu\/lv\/produktas\/hioki-pd3129-fazu-secibas-testeris#primaryimage\",\"url\":\"https:\/\/www.axiomams.eu\/wp-content\/uploads\/2025\/07\/4634-5962.jpg\",\"contentUrl\":\"https:\/\/www.axiomams.eu\/wp-content\/uploads\/2025\/07\/4634-5962.jpg\",\"width\":1040,\"height\":694},{\"@type\":\"BreadcrumbList\",\"@id\":\"https:\/\/www.axiomams.eu\/lv\/produktas\/hioki-pd3129-fazu-secibas-testeris#breadcrumb\",\"itemListElement\":[{\"@type\":\"ListItem\",\"position\":1,\"name\":\"Home\",\"item\":\"https:\/\/www.axiomams.eu\/lv\"},{\"@type\":\"ListItem\",\"position\":2,\"name\":\"Produkti\",\"item\":\"https:\/\/www.axiomams.eu\/lv\/produkti\"},{\"@type\":\"ListItem\",\"position\":3,\"name\":\"HIOKI PD3129 f\u0101\u017eu sec\u012bbas testeris\"}]},{\"@type\":\"WebSite\",\"@id\":\"https:\/\/www.axiomams.eu\/lv#website\",\"url\":\"https:\/\/www.axiomams.eu\/lv\",\"name\":\"AXIOMA MS\",\"description\":\"Terrmovizoriai ir matavimo \u012franga\",\"publisher\":{\"@id\":\"https:\/\/www.axiomams.eu\/lv#organization\"},\"potentialAction\":[{\"@type\":\"SearchAction\",\"target\":{\"@type\":\"EntryPoint\",\"urlTemplate\":\"https:\/\/www.axiomams.eu\/lv?s={search_term_string}\"},\"query-input\":{\"@type\":\"PropertyValueSpecification\",\"valueRequired\":true,\"valueName\":\"search_term_string\"}}],\"inLanguage\":\"lv-LV\"},{\"@type\":\"Organization\",\"@id\":\"https:\/\/www.axiomams.eu\/lv#organization\",\"name\":\"AXIOMA MS\",\"url\":\"https:\/\/www.axiomams.eu\/lv\",\"logo\":{\"@type\":\"ImageObject\",\"inLanguage\":\"lv-LV\",\"@id\":\"https:\/\/www.axiomams.eu\/lv#\/schema\/logo\/image\/\",\"url\":\"https:\/\/www.axiomams.eu\/wp-content\/uploads\/2025\/06\/axioma-logo-2.png\",\"contentUrl\":\"https:\/\/www.axiomams.eu\/wp-content\/uploads\/2025\/06\/axioma-logo-2.png\",\"width\":1200,\"height\":1200,\"caption\":\"AXIOMA MS\"},\"image\":{\"@id\":\"https:\/\/www.axiomams.eu\/lv#\/schema\/logo\/image\/\"},\"sameAs\":[\"https:\/\/www.facebook.com\/AxiomaMS\",\"https:\/\/www.linkedin.com\/company\/axiomams\/\"]}]}<\/script>\n<!-- \/ Yoast SEO plugin. -->","yoast_head_json":{"title":"HIOKI PD3129 f\u0101\u017eu sec\u012bbas testeris - AXIOMA MS","robots":{"index":"index","follow":"follow","max-snippet":"max-snippet:-1","max-image-preview":"max-image-preview:large","max-video-preview":"max-video-preview:-1"},"canonical":"https:\/\/www.axiomams.eu\/lv\/produktas\/hioki-pd3129-fazu-secibas-testeris","og_locale":"lv_LV","og_type":"article","og_title":"HIOKI PD3129 f\u0101\u017eu sec\u012bbas testeris - AXIOMA MS","og_description":"Hioki PD3129 f\u0101\u017eu rot\u0101cijas m\u0113r\u012bt\u0101js pied\u0101v\u0101 bezkontakta metodi str\u0101vas f\u0101\u017eu sec\u012bbas noteik\u0161anai izol\u0113tos vados, nov\u0113r\u0161ot nepiecie\u0161am\u012bbu p\u0113c met\u0101la kontaktu skav\u0101m. Za\u013c\u0101 bulti\u0146a skaidri nor\u0101da pareizu f\u0101\u017eu rot\u0101ciju, nodro\u0161inot vizu\u0101lu apstiprin\u0101jumu, ko var viegli iek\u013caut dokument\u0101cij\u0101 un p\u0101rbaudes zi\u0146ojumos, lai p\u0101rliecin\u0101tos par pareizu elektroinstal\u0101ciju. Hioki bezkontakta sprieguma noteik\u0161anas un m\u0113r\u012b\u0161anas tehnolo\u0123ija ir izstr\u0101d\u0101ta, \u012bpa\u0161u uzman\u012bbu piev\u0113r\u0161ot...","og_url":"https:\/\/www.axiomams.eu\/lv\/produktas\/hioki-pd3129-fazu-secibas-testeris","og_site_name":"AXIOMA MS","article_publisher":"https:\/\/www.facebook.com\/AxiomaMS","article_modified_time":"2026-03-25T15:01:26+00:00","og_image":[{"width":1040,"height":694,"url":"https:\/\/www.axiomams.eu\/wp-content\/uploads\/2025\/07\/4634-5962.jpg","type":"image\/jpeg"}],"twitter_card":"summary_large_image","twitter_misc":{"Est. reading time":"1 minute"},"schema":{"@context":"https:\/\/schema.org","@graph":[{"@type":"WebPage","@id":"https:\/\/www.axiomams.eu\/lv\/produktas\/hioki-pd3129-fazu-secibas-testeris","url":"https:\/\/www.axiomams.eu\/lv\/produktas\/hioki-pd3129-fazu-secibas-testeris","name":"HIOKI PD3129 f\u0101\u017eu sec\u012bbas testeris - AXIOMA MS","isPartOf":{"@id":"https:\/\/www.axiomams.eu\/lv#website"},"primaryImageOfPage":{"@id":"https:\/\/www.axiomams.eu\/lv\/produktas\/hioki-pd3129-fazu-secibas-testeris#primaryimage"},"image":{"@id":"https:\/\/www.axiomams.eu\/lv\/produktas\/hioki-pd3129-fazu-secibas-testeris#primaryimage"},"thumbnailUrl":"https:\/\/www.axiomams.eu\/wp-content\/uploads\/2025\/07\/4634-5962.jpg","datePublished":"2025-06-12T12:26:58+00:00","dateModified":"2026-03-25T15:01:26+00:00","breadcrumb":{"@id":"https:\/\/www.axiomams.eu\/lv\/produktas\/hioki-pd3129-fazu-secibas-testeris#breadcrumb"},"inLanguage":"lv-LV","potentialAction":[{"@type":"ReadAction","target":["https:\/\/www.axiomams.eu\/lv\/produktas\/hioki-pd3129-fazu-secibas-testeris"]}]},{"@type":"ImageObject","inLanguage":"lv-LV","@id":"https:\/\/www.axiomams.eu\/lv\/produktas\/hioki-pd3129-fazu-secibas-testeris#primaryimage","url":"https:\/\/www.axiomams.eu\/wp-content\/uploads\/2025\/07\/4634-5962.jpg","contentUrl":"https:\/\/www.axiomams.eu\/wp-content\/uploads\/2025\/07\/4634-5962.jpg","width":1040,"height":694},{"@type":"BreadcrumbList","@id":"https:\/\/www.axiomams.eu\/lv\/produktas\/hioki-pd3129-fazu-secibas-testeris#breadcrumb","itemListElement":[{"@type":"ListItem","position":1,"name":"Home","item":"https:\/\/www.axiomams.eu\/lv"},{"@type":"ListItem","position":2,"name":"Produkti","item":"https:\/\/www.axiomams.eu\/lv\/produkti"},{"@type":"ListItem","position":3,"name":"HIOKI PD3129 f\u0101\u017eu sec\u012bbas testeris"}]},{"@type":"WebSite","@id":"https:\/\/www.axiomams.eu\/lv#website","url":"https:\/\/www.axiomams.eu\/lv","name":"AXIOMA MS","description":"Terrmovizoriai ir matavimo \u012franga","publisher":{"@id":"https:\/\/www.axiomams.eu\/lv#organization"},"potentialAction":[{"@type":"SearchAction","target":{"@type":"EntryPoint","urlTemplate":"https:\/\/www.axiomams.eu\/lv?s={search_term_string}"},"query-input":{"@type":"PropertyValueSpecification","valueRequired":true,"valueName":"search_term_string"}}],"inLanguage":"lv-LV"},{"@type":"Organization","@id":"https:\/\/www.axiomams.eu\/lv#organization","name":"AXIOMA MS","url":"https:\/\/www.axiomams.eu\/lv","logo":{"@type":"ImageObject","inLanguage":"lv-LV","@id":"https:\/\/www.axiomams.eu\/lv#\/schema\/logo\/image\/","url":"https:\/\/www.axiomams.eu\/wp-content\/uploads\/2025\/06\/axioma-logo-2.png","contentUrl":"https:\/\/www.axiomams.eu\/wp-content\/uploads\/2025\/06\/axioma-logo-2.png","width":1200,"height":1200,"caption":"AXIOMA MS"},"image":{"@id":"https:\/\/www.axiomams.eu\/lv#\/schema\/logo\/image\/"},"sameAs":["https:\/\/www.facebook.com\/AxiomaMS","https:\/\/www.linkedin.com\/company\/axiomams\/"]}]}},"_links":{"self":[{"href":"https:\/\/www.axiomams.eu\/lv\/wp-json\/wp\/v2\/product\/39315","targetHints":{"allow":["GET"]}}],"collection":[{"href":"https:\/\/www.axiomams.eu\/lv\/wp-json\/wp\/v2\/product"}],"about":[{"href":"https:\/\/www.axiomams.eu\/lv\/wp-json\/wp\/v2\/types\/product"}],"replies":[{"embeddable":true,"href":"https:\/\/www.axiomams.eu\/lv\/wp-json\/wp\/v2\/comments?post=39315"}],"wp:featuredmedia":[{"embeddable":true,"href":"https:\/\/www.axiomams.eu\/lv\/wp-json\/wp\/v2\/media\/36692"}],"wp:attachment":[{"href":"https:\/\/www.axiomams.eu\/lv\/wp-json\/wp\/v2\/media?parent=39315"}],"wp:term":[{"taxonomy":"product_brand","embeddable":true,"href":"https:\/\/www.axiomams.eu\/lv\/wp-json\/wp\/v2\/product_brand?post=39315"},{"taxonomy":"product_cat","embeddable":true,"href":"https:\/\/www.axiomams.eu\/lv\/wp-json\/wp\/v2\/product_cat?post=39315"},{"taxonomy":"product_tag","embeddable":true,"href":"https:\/\/www.axiomams.eu\/lv\/wp-json\/wp\/v2\/product_tag?post=39315"}],"curies":[{"name":"wp","href":"https:\/\/api.w.org\/{rel}","templated":true}]}}