{"id":39317,"date":"2025-05-15T18:05:23","date_gmt":"2025-05-15T16:05:23","guid":{"rendered":"https:\/\/www.axiomams.eu\/produktas\/chauvin-arnoux-pel103-elektroenergijas-kvalitates-analizators"},"modified":"2026-03-25T17:01:29","modified_gmt":"2026-03-25T15:01:29","slug":"chauvin-arnoux-pel103-elektroenergijas-kvalitates-analizators","status":"publish","type":"product","link":"https:\/\/www.axiomams.eu\/lv\/produktas\/chauvin-arnoux-pel103-elektroenergijas-kvalitates-analizators","title":{"rendered":"Chauvin Arnoux PEL103 elektroener\u0123ijas kvalit\u0101tes analizators"},"content":{"rendered":"<p>PEL103 mode\u013ci ir jaudas un ener\u0123ijas m\u0113r\u012b\u0161anas logeri vis\u0101m elektroinstal\u0101cij\u0101m. M\u0113r\u012bjumus veic, izmantojot str\u0101vas sensorus un sprieguma ieejas. Tos var izmantot, lai apskat\u012btu visus elektriskos parametrus un izmantotu m\u0113r\u012b\u0161anas, ener\u0123ijas m\u0113r\u012b\u0161anas un sakaru funkcijas.<br \/>\nTie pied\u0101v\u0101 lietot\u0101jiem visus m\u0113r\u012bjumus, kas nepiecie\u0161ami, lai veiksm\u012bgi \u012bstenotu energoefektivit\u0101tes projektus un nodro\u0161in\u0101tu elektroapg\u0101des sist\u0113mas uzraudz\u012bbu.<br \/>\nEner\u0123ijas skait\u012bt\u0101ju PEL103 \u0123imene \u013cauj viegli pievienot m\u0113r\u012b\u0161anas un m\u0113r\u012b\u0161anas punktus elektr\u012bbas sadales skapjos, kurus ietekm\u0113 sp\u0113c\u012bgi integr\u0101cijas ierobe\u017eojumi. Tie ir magnetiz\u0113ti, t\u0101p\u0113c tos ir viegli novietot jebkur\u0101 elektr\u012bbas skap\u012b, neradot nek\u0101das gr\u016bt\u012bbas p\u0113c skapja aizv\u0113r\u0161anas.<\/p>\n<p>Standarta komplekts: Chauvin Arnoux PEL103, p\u0101rn\u0113s\u0101jam\u0101 soma, 4 m\u0113r\u012b\u0161anas kabe\u013ci (taisni-ban\u0101nu\/taisni-ban\u0101nu 3 m gari &#8211; melni), 4 krokodilu skavas, kontaktdak\u0161u komplekts, elektrot\u012bkla kabelis, 8 GB SD karte, USB kabelis, SD-USB adapteris, datora programmat\u016bra, CD ar lietot\u0101ja rokasgr\u0101matu, dro\u0161\u012bbas datu lapa, \u0101tr\u0101s lieto\u0161anas rokasgr\u0101mata.<\/p>\n<h3>Tehnisk\u0101 inform\u0101cija:<\/h3>\n<ul>\n<li><a href=\"https:\/\/axiomams.eu\/importer\/export\/attachments\/en\/chauvin-arnoux-pel-100-series.pdf\" target=\"_blank\">Chauvin Arnoux PEL 100 SERIES.PDF<\/a><\/li>\n<\/ul>\n","protected":false},"excerpt":{"rendered":"<p>PEL103 mode\u013ci ir jaudas un ener\u0123ijas m\u0113r\u012b\u0161anas logeri vis\u0101m elektroinstal\u0101cij\u0101m. M\u0113r\u012bjumus veic, izmantojot str\u0101vas sensorus un sprieguma ieejas. Tos var izmantot, lai apskat\u012btu visus elektriskos parametrus un izmantotu m\u0113r\u012b\u0161anas, ener\u0123ijas m\u0113r\u012b\u0161anas un sakaru funkcijas. Tie pied\u0101v\u0101 lietot\u0101jiem visus m\u0113r\u012bjumus, kas nepiecie\u0161ami, lai veiksm\u012bgi \u012bstenotu energoefektivit\u0101tes projektus un nodro\u0161in\u0101tu elektroapg\u0101des sist\u0113mas uzraudz\u012bbu. Ener\u0123ijas skait\u012bt\u0101ju PEL103 \u0123imene&#8230;<\/p>\n","protected":false},"featured_media":42351,"comment_status":"open","ping_status":"closed","template":"","meta":{"_acf_changed":false},"product_brand":[729],"product_cat":[17714],"product_tag":[],"class_list":{"0":"post-39317","1":"product","2":"type-product","3":"status-publish","4":"has-post-thumbnail","6":"product_brand-chauvin-arnoux","7":"product_cat-elektroenergijas-tikla-analizei-un-uzskaitei","9":"first","10":"instock","11":"taxable","12":"shipping-taxable","13":"purchasable","14":"product-type-simple"},"acf":[],"yoast_head":"<!-- This site is optimized with the Yoast SEO plugin v27.0 - https:\/\/yoast.com\/product\/yoast-seo-wordpress\/ -->\n<title>Chauvin Arnoux PEL103 elektroener\u0123ijas kvalit\u0101tes analizators - AXIOMA MS<\/title>\n<meta name=\"robots\" content=\"index, follow, max-snippet:-1, max-image-preview:large, max-video-preview:-1\" \/>\n<link rel=\"canonical\" href=\"https:\/\/www.axiomams.eu\/lv\/produktas\/chauvin-arnoux-pel103-elektroenergijas-kvalitates-analizators\" \/>\n<meta property=\"og:locale\" content=\"lv_LV\" \/>\n<meta property=\"og:type\" content=\"article\" \/>\n<meta property=\"og:title\" content=\"Chauvin Arnoux PEL103 elektroener\u0123ijas kvalit\u0101tes analizators - AXIOMA MS\" \/>\n<meta property=\"og:description\" content=\"PEL103 mode\u013ci ir jaudas un ener\u0123ijas m\u0113r\u012b\u0161anas logeri vis\u0101m elektroinstal\u0101cij\u0101m. M\u0113r\u012bjumus veic, izmantojot str\u0101vas sensorus un sprieguma ieejas. Tos var izmantot, lai apskat\u012btu visus elektriskos parametrus un izmantotu m\u0113r\u012b\u0161anas, ener\u0123ijas m\u0113r\u012b\u0161anas un sakaru funkcijas. Tie pied\u0101v\u0101 lietot\u0101jiem visus m\u0113r\u012bjumus, kas nepiecie\u0161ami, lai veiksm\u012bgi \u012bstenotu energoefektivit\u0101tes projektus un nodro\u0161in\u0101tu elektroapg\u0101des sist\u0113mas uzraudz\u012bbu. Ener\u0123ijas skait\u012bt\u0101ju PEL103 \u0123imene...\" \/>\n<meta property=\"og:url\" content=\"https:\/\/www.axiomams.eu\/lv\/produktas\/chauvin-arnoux-pel103-elektroenergijas-kvalitates-analizators\" \/>\n<meta property=\"og:site_name\" content=\"AXIOMA MS\" \/>\n<meta property=\"article:publisher\" content=\"https:\/\/www.facebook.com\/AxiomaMS\" \/>\n<meta property=\"article:modified_time\" content=\"2026-03-25T15:01:29+00:00\" \/>\n<meta property=\"og:image\" content=\"https:\/\/www.axiomams.eu\/wp-content\/uploads\/2025\/07\/654-3698.jpg\" \/>\n\t<meta property=\"og:image:width\" content=\"1007\" \/>\n\t<meta property=\"og:image:height\" content=\"916\" \/>\n\t<meta property=\"og:image:type\" content=\"image\/jpeg\" \/>\n<meta name=\"twitter:card\" content=\"summary_large_image\" \/>\n<meta name=\"twitter:label1\" content=\"Est. reading time\" \/>\n\t<meta name=\"twitter:data1\" content=\"1 minute\" \/>\n<script type=\"application\/ld+json\" class=\"yoast-schema-graph\">{\"@context\":\"https:\/\/schema.org\",\"@graph\":[{\"@type\":\"WebPage\",\"@id\":\"https:\/\/www.axiomams.eu\/lv\/produktas\/chauvin-arnoux-pel103-elektroenergijas-kvalitates-analizators\",\"url\":\"https:\/\/www.axiomams.eu\/lv\/produktas\/chauvin-arnoux-pel103-elektroenergijas-kvalitates-analizators\",\"name\":\"Chauvin Arnoux PEL103 elektroener\u0123ijas kvalit\u0101tes analizators - AXIOMA MS\",\"isPartOf\":{\"@id\":\"https:\/\/www.axiomams.eu\/lv#website\"},\"primaryImageOfPage\":{\"@id\":\"https:\/\/www.axiomams.eu\/lv\/produktas\/chauvin-arnoux-pel103-elektroenergijas-kvalitates-analizators#primaryimage\"},\"image\":{\"@id\":\"https:\/\/www.axiomams.eu\/lv\/produktas\/chauvin-arnoux-pel103-elektroenergijas-kvalitates-analizators#primaryimage\"},\"thumbnailUrl\":\"https:\/\/www.axiomams.eu\/wp-content\/uploads\/2025\/07\/654-3698.jpg\",\"datePublished\":\"2025-05-15T16:05:23+00:00\",\"dateModified\":\"2026-03-25T15:01:29+00:00\",\"breadcrumb\":{\"@id\":\"https:\/\/www.axiomams.eu\/lv\/produktas\/chauvin-arnoux-pel103-elektroenergijas-kvalitates-analizators#breadcrumb\"},\"inLanguage\":\"lv-LV\",\"potentialAction\":[{\"@type\":\"ReadAction\",\"target\":[\"https:\/\/www.axiomams.eu\/lv\/produktas\/chauvin-arnoux-pel103-elektroenergijas-kvalitates-analizators\"]}]},{\"@type\":\"ImageObject\",\"inLanguage\":\"lv-LV\",\"@id\":\"https:\/\/www.axiomams.eu\/lv\/produktas\/chauvin-arnoux-pel103-elektroenergijas-kvalitates-analizators#primaryimage\",\"url\":\"https:\/\/www.axiomams.eu\/wp-content\/uploads\/2025\/07\/654-3698.jpg\",\"contentUrl\":\"https:\/\/www.axiomams.eu\/wp-content\/uploads\/2025\/07\/654-3698.jpg\",\"width\":1007,\"height\":916},{\"@type\":\"BreadcrumbList\",\"@id\":\"https:\/\/www.axiomams.eu\/lv\/produktas\/chauvin-arnoux-pel103-elektroenergijas-kvalitates-analizators#breadcrumb\",\"itemListElement\":[{\"@type\":\"ListItem\",\"position\":1,\"name\":\"Home\",\"item\":\"https:\/\/www.axiomams.eu\/lv\"},{\"@type\":\"ListItem\",\"position\":2,\"name\":\"Produkti\",\"item\":\"https:\/\/www.axiomams.eu\/lv\/produkti\"},{\"@type\":\"ListItem\",\"position\":3,\"name\":\"Chauvin Arnoux PEL103 elektroener\u0123ijas kvalit\u0101tes analizators\"}]},{\"@type\":\"WebSite\",\"@id\":\"https:\/\/www.axiomams.eu\/lv#website\",\"url\":\"https:\/\/www.axiomams.eu\/lv\",\"name\":\"AXIOMA MS\",\"description\":\"Terrmovizoriai ir matavimo \u012franga\",\"publisher\":{\"@id\":\"https:\/\/www.axiomams.eu\/lv#organization\"},\"potentialAction\":[{\"@type\":\"SearchAction\",\"target\":{\"@type\":\"EntryPoint\",\"urlTemplate\":\"https:\/\/www.axiomams.eu\/lv?s={search_term_string}\"},\"query-input\":{\"@type\":\"PropertyValueSpecification\",\"valueRequired\":true,\"valueName\":\"search_term_string\"}}],\"inLanguage\":\"lv-LV\"},{\"@type\":\"Organization\",\"@id\":\"https:\/\/www.axiomams.eu\/lv#organization\",\"name\":\"AXIOMA MS\",\"url\":\"https:\/\/www.axiomams.eu\/lv\",\"logo\":{\"@type\":\"ImageObject\",\"inLanguage\":\"lv-LV\",\"@id\":\"https:\/\/www.axiomams.eu\/lv#\/schema\/logo\/image\/\",\"url\":\"https:\/\/www.axiomams.eu\/wp-content\/uploads\/2025\/06\/axioma-logo-2.png\",\"contentUrl\":\"https:\/\/www.axiomams.eu\/wp-content\/uploads\/2025\/06\/axioma-logo-2.png\",\"width\":1200,\"height\":1200,\"caption\":\"AXIOMA MS\"},\"image\":{\"@id\":\"https:\/\/www.axiomams.eu\/lv#\/schema\/logo\/image\/\"},\"sameAs\":[\"https:\/\/www.facebook.com\/AxiomaMS\",\"https:\/\/www.linkedin.com\/company\/axiomams\/\"]}]}<\/script>\n<!-- \/ Yoast SEO plugin. -->","yoast_head_json":{"title":"Chauvin Arnoux PEL103 elektroener\u0123ijas kvalit\u0101tes analizators - AXIOMA MS","robots":{"index":"index","follow":"follow","max-snippet":"max-snippet:-1","max-image-preview":"max-image-preview:large","max-video-preview":"max-video-preview:-1"},"canonical":"https:\/\/www.axiomams.eu\/lv\/produktas\/chauvin-arnoux-pel103-elektroenergijas-kvalitates-analizators","og_locale":"lv_LV","og_type":"article","og_title":"Chauvin Arnoux PEL103 elektroener\u0123ijas kvalit\u0101tes analizators - AXIOMA MS","og_description":"PEL103 mode\u013ci ir jaudas un ener\u0123ijas m\u0113r\u012b\u0161anas logeri vis\u0101m elektroinstal\u0101cij\u0101m. M\u0113r\u012bjumus veic, izmantojot str\u0101vas sensorus un sprieguma ieejas. Tos var izmantot, lai apskat\u012btu visus elektriskos parametrus un izmantotu m\u0113r\u012b\u0161anas, ener\u0123ijas m\u0113r\u012b\u0161anas un sakaru funkcijas. Tie pied\u0101v\u0101 lietot\u0101jiem visus m\u0113r\u012bjumus, kas nepiecie\u0161ami, lai veiksm\u012bgi \u012bstenotu energoefektivit\u0101tes projektus un nodro\u0161in\u0101tu elektroapg\u0101des sist\u0113mas uzraudz\u012bbu. Ener\u0123ijas skait\u012bt\u0101ju PEL103 \u0123imene...","og_url":"https:\/\/www.axiomams.eu\/lv\/produktas\/chauvin-arnoux-pel103-elektroenergijas-kvalitates-analizators","og_site_name":"AXIOMA MS","article_publisher":"https:\/\/www.facebook.com\/AxiomaMS","article_modified_time":"2026-03-25T15:01:29+00:00","og_image":[{"width":1007,"height":916,"url":"https:\/\/www.axiomams.eu\/wp-content\/uploads\/2025\/07\/654-3698.jpg","type":"image\/jpeg"}],"twitter_card":"summary_large_image","twitter_misc":{"Est. reading time":"1 minute"},"schema":{"@context":"https:\/\/schema.org","@graph":[{"@type":"WebPage","@id":"https:\/\/www.axiomams.eu\/lv\/produktas\/chauvin-arnoux-pel103-elektroenergijas-kvalitates-analizators","url":"https:\/\/www.axiomams.eu\/lv\/produktas\/chauvin-arnoux-pel103-elektroenergijas-kvalitates-analizators","name":"Chauvin Arnoux PEL103 elektroener\u0123ijas kvalit\u0101tes analizators - AXIOMA MS","isPartOf":{"@id":"https:\/\/www.axiomams.eu\/lv#website"},"primaryImageOfPage":{"@id":"https:\/\/www.axiomams.eu\/lv\/produktas\/chauvin-arnoux-pel103-elektroenergijas-kvalitates-analizators#primaryimage"},"image":{"@id":"https:\/\/www.axiomams.eu\/lv\/produktas\/chauvin-arnoux-pel103-elektroenergijas-kvalitates-analizators#primaryimage"},"thumbnailUrl":"https:\/\/www.axiomams.eu\/wp-content\/uploads\/2025\/07\/654-3698.jpg","datePublished":"2025-05-15T16:05:23+00:00","dateModified":"2026-03-25T15:01:29+00:00","breadcrumb":{"@id":"https:\/\/www.axiomams.eu\/lv\/produktas\/chauvin-arnoux-pel103-elektroenergijas-kvalitates-analizators#breadcrumb"},"inLanguage":"lv-LV","potentialAction":[{"@type":"ReadAction","target":["https:\/\/www.axiomams.eu\/lv\/produktas\/chauvin-arnoux-pel103-elektroenergijas-kvalitates-analizators"]}]},{"@type":"ImageObject","inLanguage":"lv-LV","@id":"https:\/\/www.axiomams.eu\/lv\/produktas\/chauvin-arnoux-pel103-elektroenergijas-kvalitates-analizators#primaryimage","url":"https:\/\/www.axiomams.eu\/wp-content\/uploads\/2025\/07\/654-3698.jpg","contentUrl":"https:\/\/www.axiomams.eu\/wp-content\/uploads\/2025\/07\/654-3698.jpg","width":1007,"height":916},{"@type":"BreadcrumbList","@id":"https:\/\/www.axiomams.eu\/lv\/produktas\/chauvin-arnoux-pel103-elektroenergijas-kvalitates-analizators#breadcrumb","itemListElement":[{"@type":"ListItem","position":1,"name":"Home","item":"https:\/\/www.axiomams.eu\/lv"},{"@type":"ListItem","position":2,"name":"Produkti","item":"https:\/\/www.axiomams.eu\/lv\/produkti"},{"@type":"ListItem","position":3,"name":"Chauvin Arnoux PEL103 elektroener\u0123ijas kvalit\u0101tes analizators"}]},{"@type":"WebSite","@id":"https:\/\/www.axiomams.eu\/lv#website","url":"https:\/\/www.axiomams.eu\/lv","name":"AXIOMA MS","description":"Terrmovizoriai ir matavimo \u012franga","publisher":{"@id":"https:\/\/www.axiomams.eu\/lv#organization"},"potentialAction":[{"@type":"SearchAction","target":{"@type":"EntryPoint","urlTemplate":"https:\/\/www.axiomams.eu\/lv?s={search_term_string}"},"query-input":{"@type":"PropertyValueSpecification","valueRequired":true,"valueName":"search_term_string"}}],"inLanguage":"lv-LV"},{"@type":"Organization","@id":"https:\/\/www.axiomams.eu\/lv#organization","name":"AXIOMA MS","url":"https:\/\/www.axiomams.eu\/lv","logo":{"@type":"ImageObject","inLanguage":"lv-LV","@id":"https:\/\/www.axiomams.eu\/lv#\/schema\/logo\/image\/","url":"https:\/\/www.axiomams.eu\/wp-content\/uploads\/2025\/06\/axioma-logo-2.png","contentUrl":"https:\/\/www.axiomams.eu\/wp-content\/uploads\/2025\/06\/axioma-logo-2.png","width":1200,"height":1200,"caption":"AXIOMA MS"},"image":{"@id":"https:\/\/www.axiomams.eu\/lv#\/schema\/logo\/image\/"},"sameAs":["https:\/\/www.facebook.com\/AxiomaMS","https:\/\/www.linkedin.com\/company\/axiomams\/"]}]}},"_links":{"self":[{"href":"https:\/\/www.axiomams.eu\/lv\/wp-json\/wp\/v2\/product\/39317","targetHints":{"allow":["GET"]}}],"collection":[{"href":"https:\/\/www.axiomams.eu\/lv\/wp-json\/wp\/v2\/product"}],"about":[{"href":"https:\/\/www.axiomams.eu\/lv\/wp-json\/wp\/v2\/types\/product"}],"replies":[{"embeddable":true,"href":"https:\/\/www.axiomams.eu\/lv\/wp-json\/wp\/v2\/comments?post=39317"}],"wp:featuredmedia":[{"embeddable":true,"href":"https:\/\/www.axiomams.eu\/lv\/wp-json\/wp\/v2\/media\/42351"}],"wp:attachment":[{"href":"https:\/\/www.axiomams.eu\/lv\/wp-json\/wp\/v2\/media?parent=39317"}],"wp:term":[{"taxonomy":"product_brand","embeddable":true,"href":"https:\/\/www.axiomams.eu\/lv\/wp-json\/wp\/v2\/product_brand?post=39317"},{"taxonomy":"product_cat","embeddable":true,"href":"https:\/\/www.axiomams.eu\/lv\/wp-json\/wp\/v2\/product_cat?post=39317"},{"taxonomy":"product_tag","embeddable":true,"href":"https:\/\/www.axiomams.eu\/lv\/wp-json\/wp\/v2\/product_tag?post=39317"}],"curies":[{"name":"wp","href":"https:\/\/api.w.org\/{rel}","templated":true}]}}