{"id":39319,"date":"2025-05-15T18:05:25","date_gmt":"2025-05-15T16:05:25","guid":{"rendered":"https:\/\/www.axiomams.eu\/produktas\/vision-research-phantom-miro-c321-atrgaitas-kamera"},"modified":"2026-03-25T17:01:29","modified_gmt":"2026-03-25T15:01:29","slug":"vision-research-phantom-miro-c321-atrgaitas-kamera","status":"publish","type":"product","link":"https:\/\/www.axiomams.eu\/lv\/produktas\/vision-research-phantom-miro-c321-atrgaitas-kamera","title":{"rendered":"Vision Research Phantom Miro C321 \u0101trgaitas kamera"},"content":{"rendered":"<p>Phantom Miro C321 \u0101trgaitas kamera nodro\u0161ina 3 GPX\/s caurlaidsp\u0113ju ar maksim\u0101lo kadru uz\u0146em\u0161anas \u0101trumu 1 480 kadri sekund\u0113 ar pilnu 1 920 x 1 080 iz\u0161\u0137irtsp\u0113ju.<br \/>\nKamera izmanto sensoru ar bl\u012bvi saspiestiem 10 mikronu pikse\u013ciem, kas nodro\u0161ina lielisku gaismas jut\u012bbu.<br \/>\n\u0160\u012b kamera ir maza, iztur\u012bga un veidota t\u0101d\u0101 pa\u0161\u0101 form\u0101 k\u0101 citas Miro C kameras, t\u0101p\u0113c to var lieliski iek\u013caut jau izveidotajos att\u0113lveido\u0161anas risin\u0101jumos.<br \/>\nPirms lejupiel\u0101des 240 GB zibatmi\u0146as atmi\u0146\u0101 var saglab\u0101t 25 kadrus, kas ir ide\u0101li piem\u0113rots situ\u0101cij\u0101s, kad nepiecie\u0161ams veikt atk\u0101rtotus uzst\u0101d\u012bjumus vai eksperimentus.<br \/>\nPhantom Miro C321 \u0101trgaitas kamera ir p\u0101rbaud\u012bta un iztur l\u012bdz pat 170 G triecieniem un 24 Grms vibr\u0101cij\u0101m, un tai ir ar\u012b iek\u0161\u0113jais rezerves akumulators un zibspuldze, lai nodro\u0161in\u0101tu svar\u012bg\u0101ko testu att\u0113lu uz\u0146em\u0161anu un saglab\u0101\u0161anu. Kamer\u0101 ieb\u016bv\u0113t\u0101 akumulatora un negaisto\u0161\u0101s zibspuldzes kombin\u0101cija nodro\u0161ina datu dro\u0161\u012bbu str\u0101vas zuduma gad\u012bjum\u0101.<\/p>\n<p><b>Standarta komplekts:<\/b> Phantom Miro C321 \u0101trgaitas kamera, baro\u0161anas avots, Ethernet kabelis, DIN kabelis, MiniBOB.<\/p>\n<p><iframe loading=\"lazy\" width=\"560\" height=\"315\" src=\"https:\/\/www.youtube.com\/embed\/UPiiSEBrcaI?si=yx2co_BBn-v9nhL6\" title=\"YouTube video atska\u0146ot\u0101js\" frameborder=\"0\" allow=\"accelerometer; autoplay; clipboard-write; encrypted-media; gyroscope; picture-in-picture; web-share\" referrerpolicy=\"strict-origin-when-cross-origin\" allowfullscreen><\/iframe><\/p>\n<h3>Tehnisk\u0101 inform\u0101cija:<\/h3>\n<ul>\n<li><a href=\"https:\/\/axiomams.eu\/importer\/export\/attachments\/en\/vision-research-phantom-miro-c321.pdf\" target=\"_blank\">Vision Research Phantom Miro C321.pdf<\/a><\/li>\n<\/ul>\n","protected":false},"excerpt":{"rendered":"<p>Phantom Miro C321 \u0101trgaitas kamera nodro\u0161ina 3 GPX\/s caurlaidsp\u0113ju ar maksim\u0101lo kadru uz\u0146em\u0161anas \u0101trumu 1 480 kadri sekund\u0113 ar pilnu 1 920 x 1 080 iz\u0161\u0137irtsp\u0113ju. Kamera izmanto sensoru ar bl\u012bvi saspiestiem 10 mikronu pikse\u013ciem, kas nodro\u0161ina lielisku gaismas jut\u012bbu. \u0160\u012b kamera ir maza, iztur\u012bga un veidota t\u0101d\u0101 pa\u0161\u0101 form\u0101 k\u0101 citas Miro C kameras,&#8230;<\/p>\n","protected":false},"featured_media":42355,"comment_status":"open","ping_status":"closed","template":"","meta":{"_acf_changed":false},"product_brand":[8064],"product_cat":[17753],"product_tag":[],"class_list":{"0":"post-39319","1":"product","2":"type-product","3":"status-publish","4":"has-post-thumbnail","6":"product_brand-vision-research","7":"product_cat-atrgaitas-kameras","9":"first","10":"instock","11":"taxable","12":"shipping-taxable","13":"product-type-simple"},"acf":[],"yoast_head":"<!-- This site is optimized with the Yoast SEO plugin v27.0 - https:\/\/yoast.com\/product\/yoast-seo-wordpress\/ -->\n<title>Vision Research Phantom Miro C321 \u0101trgaitas kamera - AXIOMA MS<\/title>\n<meta name=\"robots\" content=\"index, follow, max-snippet:-1, max-image-preview:large, max-video-preview:-1\" \/>\n<link rel=\"canonical\" href=\"https:\/\/www.axiomams.eu\/lv\/produktas\/vision-research-phantom-miro-c321-atrgaitas-kamera\" \/>\n<meta property=\"og:locale\" content=\"lv_LV\" \/>\n<meta property=\"og:type\" content=\"article\" \/>\n<meta property=\"og:title\" content=\"Vision Research Phantom Miro C321 \u0101trgaitas kamera - AXIOMA MS\" \/>\n<meta property=\"og:description\" content=\"Phantom Miro C321 \u0101trgaitas kamera nodro\u0161ina 3 GPX\/s caurlaidsp\u0113ju ar maksim\u0101lo kadru uz\u0146em\u0161anas \u0101trumu 1 480 kadri sekund\u0113 ar pilnu 1 920 x 1 080 iz\u0161\u0137irtsp\u0113ju. Kamera izmanto sensoru ar bl\u012bvi saspiestiem 10 mikronu pikse\u013ciem, kas nodro\u0161ina lielisku gaismas jut\u012bbu. \u0160\u012b kamera ir maza, iztur\u012bga un veidota t\u0101d\u0101 pa\u0161\u0101 form\u0101 k\u0101 citas Miro C kameras,...\" \/>\n<meta property=\"og:url\" content=\"https:\/\/www.axiomams.eu\/lv\/produktas\/vision-research-phantom-miro-c321-atrgaitas-kamera\" \/>\n<meta property=\"og:site_name\" content=\"AXIOMA MS\" \/>\n<meta property=\"article:publisher\" content=\"https:\/\/www.facebook.com\/AxiomaMS\" \/>\n<meta property=\"article:modified_time\" content=\"2026-03-25T15:01:29+00:00\" \/>\n<meta property=\"og:image\" content=\"https:\/\/www.axiomams.eu\/wp-content\/uploads\/2025\/07\/3299-4846.jpg\" \/>\n\t<meta property=\"og:image:width\" content=\"542\" \/>\n\t<meta property=\"og:image:height\" content=\"402\" \/>\n\t<meta property=\"og:image:type\" content=\"image\/jpeg\" \/>\n<meta name=\"twitter:card\" content=\"summary_large_image\" \/>\n<meta name=\"twitter:label1\" content=\"Est. reading time\" \/>\n\t<meta name=\"twitter:data1\" content=\"1 minute\" \/>\n<script type=\"application\/ld+json\" class=\"yoast-schema-graph\">{\"@context\":\"https:\/\/schema.org\",\"@graph\":[{\"@type\":\"WebPage\",\"@id\":\"https:\/\/www.axiomams.eu\/lv\/produktas\/vision-research-phantom-miro-c321-atrgaitas-kamera\",\"url\":\"https:\/\/www.axiomams.eu\/lv\/produktas\/vision-research-phantom-miro-c321-atrgaitas-kamera\",\"name\":\"Vision Research Phantom Miro C321 \u0101trgaitas kamera - AXIOMA MS\",\"isPartOf\":{\"@id\":\"https:\/\/www.axiomams.eu\/lv#website\"},\"primaryImageOfPage\":{\"@id\":\"https:\/\/www.axiomams.eu\/lv\/produktas\/vision-research-phantom-miro-c321-atrgaitas-kamera#primaryimage\"},\"image\":{\"@id\":\"https:\/\/www.axiomams.eu\/lv\/produktas\/vision-research-phantom-miro-c321-atrgaitas-kamera#primaryimage\"},\"thumbnailUrl\":\"https:\/\/www.axiomams.eu\/wp-content\/uploads\/2025\/07\/3299-4846.jpg\",\"datePublished\":\"2025-05-15T16:05:25+00:00\",\"dateModified\":\"2026-03-25T15:01:29+00:00\",\"breadcrumb\":{\"@id\":\"https:\/\/www.axiomams.eu\/lv\/produktas\/vision-research-phantom-miro-c321-atrgaitas-kamera#breadcrumb\"},\"inLanguage\":\"lv-LV\",\"potentialAction\":[{\"@type\":\"ReadAction\",\"target\":[\"https:\/\/www.axiomams.eu\/lv\/produktas\/vision-research-phantom-miro-c321-atrgaitas-kamera\"]}]},{\"@type\":\"ImageObject\",\"inLanguage\":\"lv-LV\",\"@id\":\"https:\/\/www.axiomams.eu\/lv\/produktas\/vision-research-phantom-miro-c321-atrgaitas-kamera#primaryimage\",\"url\":\"https:\/\/www.axiomams.eu\/wp-content\/uploads\/2025\/07\/3299-4846.jpg\",\"contentUrl\":\"https:\/\/www.axiomams.eu\/wp-content\/uploads\/2025\/07\/3299-4846.jpg\",\"width\":542,\"height\":402},{\"@type\":\"BreadcrumbList\",\"@id\":\"https:\/\/www.axiomams.eu\/lv\/produktas\/vision-research-phantom-miro-c321-atrgaitas-kamera#breadcrumb\",\"itemListElement\":[{\"@type\":\"ListItem\",\"position\":1,\"name\":\"Home\",\"item\":\"https:\/\/www.axiomams.eu\/lv\"},{\"@type\":\"ListItem\",\"position\":2,\"name\":\"Produkti\",\"item\":\"https:\/\/www.axiomams.eu\/lv\/produkti\"},{\"@type\":\"ListItem\",\"position\":3,\"name\":\"Vision Research Phantom Miro C321 \u0101trgaitas kamera\"}]},{\"@type\":\"WebSite\",\"@id\":\"https:\/\/www.axiomams.eu\/lv#website\",\"url\":\"https:\/\/www.axiomams.eu\/lv\",\"name\":\"AXIOMA MS\",\"description\":\"Terrmovizoriai ir matavimo \u012franga\",\"publisher\":{\"@id\":\"https:\/\/www.axiomams.eu\/lv#organization\"},\"potentialAction\":[{\"@type\":\"SearchAction\",\"target\":{\"@type\":\"EntryPoint\",\"urlTemplate\":\"https:\/\/www.axiomams.eu\/lv?s={search_term_string}\"},\"query-input\":{\"@type\":\"PropertyValueSpecification\",\"valueRequired\":true,\"valueName\":\"search_term_string\"}}],\"inLanguage\":\"lv-LV\"},{\"@type\":\"Organization\",\"@id\":\"https:\/\/www.axiomams.eu\/lv#organization\",\"name\":\"AXIOMA MS\",\"url\":\"https:\/\/www.axiomams.eu\/lv\",\"logo\":{\"@type\":\"ImageObject\",\"inLanguage\":\"lv-LV\",\"@id\":\"https:\/\/www.axiomams.eu\/lv#\/schema\/logo\/image\/\",\"url\":\"https:\/\/www.axiomams.eu\/wp-content\/uploads\/2025\/06\/axioma-logo-2.png\",\"contentUrl\":\"https:\/\/www.axiomams.eu\/wp-content\/uploads\/2025\/06\/axioma-logo-2.png\",\"width\":1200,\"height\":1200,\"caption\":\"AXIOMA MS\"},\"image\":{\"@id\":\"https:\/\/www.axiomams.eu\/lv#\/schema\/logo\/image\/\"},\"sameAs\":[\"https:\/\/www.facebook.com\/AxiomaMS\",\"https:\/\/www.linkedin.com\/company\/axiomams\/\"]}]}<\/script>\n<!-- \/ Yoast SEO plugin. -->","yoast_head_json":{"title":"Vision Research Phantom Miro C321 \u0101trgaitas kamera - AXIOMA MS","robots":{"index":"index","follow":"follow","max-snippet":"max-snippet:-1","max-image-preview":"max-image-preview:large","max-video-preview":"max-video-preview:-1"},"canonical":"https:\/\/www.axiomams.eu\/lv\/produktas\/vision-research-phantom-miro-c321-atrgaitas-kamera","og_locale":"lv_LV","og_type":"article","og_title":"Vision Research Phantom Miro C321 \u0101trgaitas kamera - AXIOMA MS","og_description":"Phantom Miro C321 \u0101trgaitas kamera nodro\u0161ina 3 GPX\/s caurlaidsp\u0113ju ar maksim\u0101lo kadru uz\u0146em\u0161anas \u0101trumu 1 480 kadri sekund\u0113 ar pilnu 1 920 x 1 080 iz\u0161\u0137irtsp\u0113ju. Kamera izmanto sensoru ar bl\u012bvi saspiestiem 10 mikronu pikse\u013ciem, kas nodro\u0161ina lielisku gaismas jut\u012bbu. \u0160\u012b kamera ir maza, iztur\u012bga un veidota t\u0101d\u0101 pa\u0161\u0101 form\u0101 k\u0101 citas Miro C kameras,...","og_url":"https:\/\/www.axiomams.eu\/lv\/produktas\/vision-research-phantom-miro-c321-atrgaitas-kamera","og_site_name":"AXIOMA MS","article_publisher":"https:\/\/www.facebook.com\/AxiomaMS","article_modified_time":"2026-03-25T15:01:29+00:00","og_image":[{"width":542,"height":402,"url":"https:\/\/www.axiomams.eu\/wp-content\/uploads\/2025\/07\/3299-4846.jpg","type":"image\/jpeg"}],"twitter_card":"summary_large_image","twitter_misc":{"Est. reading time":"1 minute"},"schema":{"@context":"https:\/\/schema.org","@graph":[{"@type":"WebPage","@id":"https:\/\/www.axiomams.eu\/lv\/produktas\/vision-research-phantom-miro-c321-atrgaitas-kamera","url":"https:\/\/www.axiomams.eu\/lv\/produktas\/vision-research-phantom-miro-c321-atrgaitas-kamera","name":"Vision Research Phantom Miro C321 \u0101trgaitas kamera - AXIOMA MS","isPartOf":{"@id":"https:\/\/www.axiomams.eu\/lv#website"},"primaryImageOfPage":{"@id":"https:\/\/www.axiomams.eu\/lv\/produktas\/vision-research-phantom-miro-c321-atrgaitas-kamera#primaryimage"},"image":{"@id":"https:\/\/www.axiomams.eu\/lv\/produktas\/vision-research-phantom-miro-c321-atrgaitas-kamera#primaryimage"},"thumbnailUrl":"https:\/\/www.axiomams.eu\/wp-content\/uploads\/2025\/07\/3299-4846.jpg","datePublished":"2025-05-15T16:05:25+00:00","dateModified":"2026-03-25T15:01:29+00:00","breadcrumb":{"@id":"https:\/\/www.axiomams.eu\/lv\/produktas\/vision-research-phantom-miro-c321-atrgaitas-kamera#breadcrumb"},"inLanguage":"lv-LV","potentialAction":[{"@type":"ReadAction","target":["https:\/\/www.axiomams.eu\/lv\/produktas\/vision-research-phantom-miro-c321-atrgaitas-kamera"]}]},{"@type":"ImageObject","inLanguage":"lv-LV","@id":"https:\/\/www.axiomams.eu\/lv\/produktas\/vision-research-phantom-miro-c321-atrgaitas-kamera#primaryimage","url":"https:\/\/www.axiomams.eu\/wp-content\/uploads\/2025\/07\/3299-4846.jpg","contentUrl":"https:\/\/www.axiomams.eu\/wp-content\/uploads\/2025\/07\/3299-4846.jpg","width":542,"height":402},{"@type":"BreadcrumbList","@id":"https:\/\/www.axiomams.eu\/lv\/produktas\/vision-research-phantom-miro-c321-atrgaitas-kamera#breadcrumb","itemListElement":[{"@type":"ListItem","position":1,"name":"Home","item":"https:\/\/www.axiomams.eu\/lv"},{"@type":"ListItem","position":2,"name":"Produkti","item":"https:\/\/www.axiomams.eu\/lv\/produkti"},{"@type":"ListItem","position":3,"name":"Vision Research Phantom Miro C321 \u0101trgaitas kamera"}]},{"@type":"WebSite","@id":"https:\/\/www.axiomams.eu\/lv#website","url":"https:\/\/www.axiomams.eu\/lv","name":"AXIOMA MS","description":"Terrmovizoriai ir matavimo \u012franga","publisher":{"@id":"https:\/\/www.axiomams.eu\/lv#organization"},"potentialAction":[{"@type":"SearchAction","target":{"@type":"EntryPoint","urlTemplate":"https:\/\/www.axiomams.eu\/lv?s={search_term_string}"},"query-input":{"@type":"PropertyValueSpecification","valueRequired":true,"valueName":"search_term_string"}}],"inLanguage":"lv-LV"},{"@type":"Organization","@id":"https:\/\/www.axiomams.eu\/lv#organization","name":"AXIOMA MS","url":"https:\/\/www.axiomams.eu\/lv","logo":{"@type":"ImageObject","inLanguage":"lv-LV","@id":"https:\/\/www.axiomams.eu\/lv#\/schema\/logo\/image\/","url":"https:\/\/www.axiomams.eu\/wp-content\/uploads\/2025\/06\/axioma-logo-2.png","contentUrl":"https:\/\/www.axiomams.eu\/wp-content\/uploads\/2025\/06\/axioma-logo-2.png","width":1200,"height":1200,"caption":"AXIOMA MS"},"image":{"@id":"https:\/\/www.axiomams.eu\/lv#\/schema\/logo\/image\/"},"sameAs":["https:\/\/www.facebook.com\/AxiomaMS","https:\/\/www.linkedin.com\/company\/axiomams\/"]}]}},"_links":{"self":[{"href":"https:\/\/www.axiomams.eu\/lv\/wp-json\/wp\/v2\/product\/39319","targetHints":{"allow":["GET"]}}],"collection":[{"href":"https:\/\/www.axiomams.eu\/lv\/wp-json\/wp\/v2\/product"}],"about":[{"href":"https:\/\/www.axiomams.eu\/lv\/wp-json\/wp\/v2\/types\/product"}],"replies":[{"embeddable":true,"href":"https:\/\/www.axiomams.eu\/lv\/wp-json\/wp\/v2\/comments?post=39319"}],"wp:featuredmedia":[{"embeddable":true,"href":"https:\/\/www.axiomams.eu\/lv\/wp-json\/wp\/v2\/media\/42355"}],"wp:attachment":[{"href":"https:\/\/www.axiomams.eu\/lv\/wp-json\/wp\/v2\/media?parent=39319"}],"wp:term":[{"taxonomy":"product_brand","embeddable":true,"href":"https:\/\/www.axiomams.eu\/lv\/wp-json\/wp\/v2\/product_brand?post=39319"},{"taxonomy":"product_cat","embeddable":true,"href":"https:\/\/www.axiomams.eu\/lv\/wp-json\/wp\/v2\/product_cat?post=39319"},{"taxonomy":"product_tag","embeddable":true,"href":"https:\/\/www.axiomams.eu\/lv\/wp-json\/wp\/v2\/product_tag?post=39319"}],"curies":[{"name":"wp","href":"https:\/\/api.w.org\/{rel}","templated":true}]}}