{"id":39321,"date":"2025-05-15T18:05:30","date_gmt":"2025-05-15T16:05:30","guid":{"rendered":"https:\/\/www.axiomams.eu\/produktas\/vision-research-phantom-tmx-7510-atrgaitas-kamera"},"modified":"2026-03-25T17:01:29","modified_gmt":"2026-03-25T15:01:29","slug":"vision-research-phantom-tmx-7510-atrgaitas-kamera","status":"publish","type":"product","link":"https:\/\/www.axiomams.eu\/lv\/produktas\/vision-research-phantom-tmx-7510-atrgaitas-kamera","title":{"rendered":"Vision Research Phantom TMX 7510 \u0101trgaitas kamera"},"content":{"rendered":"<p>Vision Research Phantom TMX 7510 \u0101trgaitas kamera ir izstr\u0101d\u0101ta patiesi \u0101trdarb\u012bgai darb\u012bbai. Aizmugures pus\u0113 izgaismots (BSI) \u0101trgaitas kameras sensors nodro\u0161ina v\u0113l nebiju\u0161as iz\u0161\u0137irtsp\u0113jas un \u0101truma kombin\u0101cijas. T\u0101 koncentr\u0113\u0161an\u0101s uz datu p\u0101rvald\u012bbu atvieglo darba pl\u016bsmu.<\/p>\n<h3>Tehnisk\u0101 inform\u0101cija:<\/h3>\n<ul>\n<li><a href=\"https:\/\/axiomams.eu\/importer\/export\/attachments\/en\/vision-research-tmx-7510.pdf\" target=\"_blank\">Vision Research TMX 7510.pdf<\/a><\/li>\n<\/ul>\n","protected":false},"excerpt":{"rendered":"<p>Vision Research Phantom TMX 7510 \u0101trgaitas kamera ir izstr\u0101d\u0101ta patiesi \u0101trdarb\u012bgai darb\u012bbai. Aizmugures pus\u0113 izgaismots (BSI) \u0101trgaitas kameras sensors nodro\u0161ina v\u0113l nebiju\u0161as iz\u0161\u0137irtsp\u0113jas un \u0101truma kombin\u0101cijas. T\u0101 koncentr\u0113\u0161an\u0101s uz datu p\u0101rvald\u012bbu atvieglo darba pl\u016bsmu. Tehnisk\u0101 inform\u0101cija: Vision Research TMX 7510.pdf<\/p>\n","protected":false},"featured_media":42359,"comment_status":"open","ping_status":"closed","template":"","meta":{"_acf_changed":false},"product_brand":[8064],"product_cat":[17753],"product_tag":[],"class_list":{"0":"post-39321","1":"product","2":"type-product","3":"status-publish","4":"has-post-thumbnail","6":"product_brand-vision-research","7":"product_cat-atrgaitas-kameras","9":"first","10":"instock","11":"taxable","12":"shipping-taxable","13":"product-type-simple"},"acf":[],"yoast_head":"<!-- This site is optimized with the Yoast SEO plugin v27.0 - https:\/\/yoast.com\/product\/yoast-seo-wordpress\/ -->\n<title>Vision Research Phantom TMX 7510 \u0101trgaitas kamera - AXIOMA MS<\/title>\n<meta name=\"robots\" content=\"index, follow, max-snippet:-1, max-image-preview:large, max-video-preview:-1\" \/>\n<link rel=\"canonical\" href=\"https:\/\/www.axiomams.eu\/lv\/produktas\/vision-research-phantom-tmx-7510-atrgaitas-kamera\" \/>\n<meta property=\"og:locale\" content=\"lv_LV\" \/>\n<meta property=\"og:type\" content=\"article\" \/>\n<meta property=\"og:title\" content=\"Vision Research Phantom TMX 7510 \u0101trgaitas kamera - AXIOMA MS\" \/>\n<meta property=\"og:description\" content=\"Vision Research Phantom TMX 7510 \u0101trgaitas kamera ir izstr\u0101d\u0101ta patiesi \u0101trdarb\u012bgai darb\u012bbai. Aizmugures pus\u0113 izgaismots (BSI) \u0101trgaitas kameras sensors nodro\u0161ina v\u0113l nebiju\u0161as iz\u0161\u0137irtsp\u0113jas un \u0101truma kombin\u0101cijas. T\u0101 koncentr\u0113\u0161an\u0101s uz datu p\u0101rvald\u012bbu atvieglo darba pl\u016bsmu. Tehnisk\u0101 inform\u0101cija: Vision Research TMX 7510.pdf\" \/>\n<meta property=\"og:url\" content=\"https:\/\/www.axiomams.eu\/lv\/produktas\/vision-research-phantom-tmx-7510-atrgaitas-kamera\" \/>\n<meta property=\"og:site_name\" content=\"AXIOMA MS\" \/>\n<meta property=\"article:publisher\" content=\"https:\/\/www.facebook.com\/AxiomaMS\" \/>\n<meta property=\"article:modified_time\" content=\"2026-03-25T15:01:29+00:00\" \/>\n<meta property=\"og:image\" content=\"https:\/\/www.axiomams.eu\/wp-content\/uploads\/2025\/07\/3305-4382.jpg\" \/>\n\t<meta property=\"og:image:width\" content=\"525\" \/>\n\t<meta property=\"og:image:height\" content=\"402\" \/>\n\t<meta property=\"og:image:type\" content=\"image\/jpeg\" \/>\n<meta name=\"twitter:card\" content=\"summary_large_image\" \/>\n<script type=\"application\/ld+json\" class=\"yoast-schema-graph\">{\"@context\":\"https:\/\/schema.org\",\"@graph\":[{\"@type\":\"WebPage\",\"@id\":\"https:\/\/www.axiomams.eu\/lv\/produktas\/vision-research-phantom-tmx-7510-atrgaitas-kamera\",\"url\":\"https:\/\/www.axiomams.eu\/lv\/produktas\/vision-research-phantom-tmx-7510-atrgaitas-kamera\",\"name\":\"Vision Research Phantom TMX 7510 \u0101trgaitas kamera - AXIOMA MS\",\"isPartOf\":{\"@id\":\"https:\/\/www.axiomams.eu\/lv#website\"},\"primaryImageOfPage\":{\"@id\":\"https:\/\/www.axiomams.eu\/lv\/produktas\/vision-research-phantom-tmx-7510-atrgaitas-kamera#primaryimage\"},\"image\":{\"@id\":\"https:\/\/www.axiomams.eu\/lv\/produktas\/vision-research-phantom-tmx-7510-atrgaitas-kamera#primaryimage\"},\"thumbnailUrl\":\"https:\/\/www.axiomams.eu\/wp-content\/uploads\/2025\/07\/3305-4382.jpg\",\"datePublished\":\"2025-05-15T16:05:30+00:00\",\"dateModified\":\"2026-03-25T15:01:29+00:00\",\"breadcrumb\":{\"@id\":\"https:\/\/www.axiomams.eu\/lv\/produktas\/vision-research-phantom-tmx-7510-atrgaitas-kamera#breadcrumb\"},\"inLanguage\":\"lv-LV\",\"potentialAction\":[{\"@type\":\"ReadAction\",\"target\":[\"https:\/\/www.axiomams.eu\/lv\/produktas\/vision-research-phantom-tmx-7510-atrgaitas-kamera\"]}]},{\"@type\":\"ImageObject\",\"inLanguage\":\"lv-LV\",\"@id\":\"https:\/\/www.axiomams.eu\/lv\/produktas\/vision-research-phantom-tmx-7510-atrgaitas-kamera#primaryimage\",\"url\":\"https:\/\/www.axiomams.eu\/wp-content\/uploads\/2025\/07\/3305-4382.jpg\",\"contentUrl\":\"https:\/\/www.axiomams.eu\/wp-content\/uploads\/2025\/07\/3305-4382.jpg\",\"width\":525,\"height\":402},{\"@type\":\"BreadcrumbList\",\"@id\":\"https:\/\/www.axiomams.eu\/lv\/produktas\/vision-research-phantom-tmx-7510-atrgaitas-kamera#breadcrumb\",\"itemListElement\":[{\"@type\":\"ListItem\",\"position\":1,\"name\":\"Home\",\"item\":\"https:\/\/www.axiomams.eu\/lv\"},{\"@type\":\"ListItem\",\"position\":2,\"name\":\"Produkti\",\"item\":\"https:\/\/www.axiomams.eu\/lv\/produkti\"},{\"@type\":\"ListItem\",\"position\":3,\"name\":\"Vision Research Phantom TMX 7510 \u0101trgaitas kamera\"}]},{\"@type\":\"WebSite\",\"@id\":\"https:\/\/www.axiomams.eu\/lv#website\",\"url\":\"https:\/\/www.axiomams.eu\/lv\",\"name\":\"AXIOMA MS\",\"description\":\"Terrmovizoriai ir matavimo \u012franga\",\"publisher\":{\"@id\":\"https:\/\/www.axiomams.eu\/lv#organization\"},\"potentialAction\":[{\"@type\":\"SearchAction\",\"target\":{\"@type\":\"EntryPoint\",\"urlTemplate\":\"https:\/\/www.axiomams.eu\/lv?s={search_term_string}\"},\"query-input\":{\"@type\":\"PropertyValueSpecification\",\"valueRequired\":true,\"valueName\":\"search_term_string\"}}],\"inLanguage\":\"lv-LV\"},{\"@type\":\"Organization\",\"@id\":\"https:\/\/www.axiomams.eu\/lv#organization\",\"name\":\"AXIOMA MS\",\"url\":\"https:\/\/www.axiomams.eu\/lv\",\"logo\":{\"@type\":\"ImageObject\",\"inLanguage\":\"lv-LV\",\"@id\":\"https:\/\/www.axiomams.eu\/lv#\/schema\/logo\/image\/\",\"url\":\"https:\/\/www.axiomams.eu\/wp-content\/uploads\/2025\/06\/axioma-logo-2.png\",\"contentUrl\":\"https:\/\/www.axiomams.eu\/wp-content\/uploads\/2025\/06\/axioma-logo-2.png\",\"width\":1200,\"height\":1200,\"caption\":\"AXIOMA MS\"},\"image\":{\"@id\":\"https:\/\/www.axiomams.eu\/lv#\/schema\/logo\/image\/\"},\"sameAs\":[\"https:\/\/www.facebook.com\/AxiomaMS\",\"https:\/\/www.linkedin.com\/company\/axiomams\/\"]}]}<\/script>\n<!-- \/ Yoast SEO plugin. -->","yoast_head_json":{"title":"Vision Research Phantom TMX 7510 \u0101trgaitas kamera - AXIOMA MS","robots":{"index":"index","follow":"follow","max-snippet":"max-snippet:-1","max-image-preview":"max-image-preview:large","max-video-preview":"max-video-preview:-1"},"canonical":"https:\/\/www.axiomams.eu\/lv\/produktas\/vision-research-phantom-tmx-7510-atrgaitas-kamera","og_locale":"lv_LV","og_type":"article","og_title":"Vision Research Phantom TMX 7510 \u0101trgaitas kamera - AXIOMA MS","og_description":"Vision Research Phantom TMX 7510 \u0101trgaitas kamera ir izstr\u0101d\u0101ta patiesi \u0101trdarb\u012bgai darb\u012bbai. Aizmugures pus\u0113 izgaismots (BSI) \u0101trgaitas kameras sensors nodro\u0161ina v\u0113l nebiju\u0161as iz\u0161\u0137irtsp\u0113jas un \u0101truma kombin\u0101cijas. T\u0101 koncentr\u0113\u0161an\u0101s uz datu p\u0101rvald\u012bbu atvieglo darba pl\u016bsmu. Tehnisk\u0101 inform\u0101cija: Vision Research TMX 7510.pdf","og_url":"https:\/\/www.axiomams.eu\/lv\/produktas\/vision-research-phantom-tmx-7510-atrgaitas-kamera","og_site_name":"AXIOMA MS","article_publisher":"https:\/\/www.facebook.com\/AxiomaMS","article_modified_time":"2026-03-25T15:01:29+00:00","og_image":[{"width":525,"height":402,"url":"https:\/\/www.axiomams.eu\/wp-content\/uploads\/2025\/07\/3305-4382.jpg","type":"image\/jpeg"}],"twitter_card":"summary_large_image","schema":{"@context":"https:\/\/schema.org","@graph":[{"@type":"WebPage","@id":"https:\/\/www.axiomams.eu\/lv\/produktas\/vision-research-phantom-tmx-7510-atrgaitas-kamera","url":"https:\/\/www.axiomams.eu\/lv\/produktas\/vision-research-phantom-tmx-7510-atrgaitas-kamera","name":"Vision Research Phantom TMX 7510 \u0101trgaitas kamera - AXIOMA MS","isPartOf":{"@id":"https:\/\/www.axiomams.eu\/lv#website"},"primaryImageOfPage":{"@id":"https:\/\/www.axiomams.eu\/lv\/produktas\/vision-research-phantom-tmx-7510-atrgaitas-kamera#primaryimage"},"image":{"@id":"https:\/\/www.axiomams.eu\/lv\/produktas\/vision-research-phantom-tmx-7510-atrgaitas-kamera#primaryimage"},"thumbnailUrl":"https:\/\/www.axiomams.eu\/wp-content\/uploads\/2025\/07\/3305-4382.jpg","datePublished":"2025-05-15T16:05:30+00:00","dateModified":"2026-03-25T15:01:29+00:00","breadcrumb":{"@id":"https:\/\/www.axiomams.eu\/lv\/produktas\/vision-research-phantom-tmx-7510-atrgaitas-kamera#breadcrumb"},"inLanguage":"lv-LV","potentialAction":[{"@type":"ReadAction","target":["https:\/\/www.axiomams.eu\/lv\/produktas\/vision-research-phantom-tmx-7510-atrgaitas-kamera"]}]},{"@type":"ImageObject","inLanguage":"lv-LV","@id":"https:\/\/www.axiomams.eu\/lv\/produktas\/vision-research-phantom-tmx-7510-atrgaitas-kamera#primaryimage","url":"https:\/\/www.axiomams.eu\/wp-content\/uploads\/2025\/07\/3305-4382.jpg","contentUrl":"https:\/\/www.axiomams.eu\/wp-content\/uploads\/2025\/07\/3305-4382.jpg","width":525,"height":402},{"@type":"BreadcrumbList","@id":"https:\/\/www.axiomams.eu\/lv\/produktas\/vision-research-phantom-tmx-7510-atrgaitas-kamera#breadcrumb","itemListElement":[{"@type":"ListItem","position":1,"name":"Home","item":"https:\/\/www.axiomams.eu\/lv"},{"@type":"ListItem","position":2,"name":"Produkti","item":"https:\/\/www.axiomams.eu\/lv\/produkti"},{"@type":"ListItem","position":3,"name":"Vision Research Phantom TMX 7510 \u0101trgaitas kamera"}]},{"@type":"WebSite","@id":"https:\/\/www.axiomams.eu\/lv#website","url":"https:\/\/www.axiomams.eu\/lv","name":"AXIOMA MS","description":"Terrmovizoriai ir matavimo \u012franga","publisher":{"@id":"https:\/\/www.axiomams.eu\/lv#organization"},"potentialAction":[{"@type":"SearchAction","target":{"@type":"EntryPoint","urlTemplate":"https:\/\/www.axiomams.eu\/lv?s={search_term_string}"},"query-input":{"@type":"PropertyValueSpecification","valueRequired":true,"valueName":"search_term_string"}}],"inLanguage":"lv-LV"},{"@type":"Organization","@id":"https:\/\/www.axiomams.eu\/lv#organization","name":"AXIOMA MS","url":"https:\/\/www.axiomams.eu\/lv","logo":{"@type":"ImageObject","inLanguage":"lv-LV","@id":"https:\/\/www.axiomams.eu\/lv#\/schema\/logo\/image\/","url":"https:\/\/www.axiomams.eu\/wp-content\/uploads\/2025\/06\/axioma-logo-2.png","contentUrl":"https:\/\/www.axiomams.eu\/wp-content\/uploads\/2025\/06\/axioma-logo-2.png","width":1200,"height":1200,"caption":"AXIOMA MS"},"image":{"@id":"https:\/\/www.axiomams.eu\/lv#\/schema\/logo\/image\/"},"sameAs":["https:\/\/www.facebook.com\/AxiomaMS","https:\/\/www.linkedin.com\/company\/axiomams\/"]}]}},"_links":{"self":[{"href":"https:\/\/www.axiomams.eu\/lv\/wp-json\/wp\/v2\/product\/39321","targetHints":{"allow":["GET"]}}],"collection":[{"href":"https:\/\/www.axiomams.eu\/lv\/wp-json\/wp\/v2\/product"}],"about":[{"href":"https:\/\/www.axiomams.eu\/lv\/wp-json\/wp\/v2\/types\/product"}],"replies":[{"embeddable":true,"href":"https:\/\/www.axiomams.eu\/lv\/wp-json\/wp\/v2\/comments?post=39321"}],"wp:featuredmedia":[{"embeddable":true,"href":"https:\/\/www.axiomams.eu\/lv\/wp-json\/wp\/v2\/media\/42359"}],"wp:attachment":[{"href":"https:\/\/www.axiomams.eu\/lv\/wp-json\/wp\/v2\/media?parent=39321"}],"wp:term":[{"taxonomy":"product_brand","embeddable":true,"href":"https:\/\/www.axiomams.eu\/lv\/wp-json\/wp\/v2\/product_brand?post=39321"},{"taxonomy":"product_cat","embeddable":true,"href":"https:\/\/www.axiomams.eu\/lv\/wp-json\/wp\/v2\/product_cat?post=39321"},{"taxonomy":"product_tag","embeddable":true,"href":"https:\/\/www.axiomams.eu\/lv\/wp-json\/wp\/v2\/product_tag?post=39321"}],"curies":[{"name":"wp","href":"https:\/\/api.w.org\/{rel}","templated":true}]}}