{"id":39322,"date":"2025-05-15T18:05:33","date_gmt":"2025-05-15T16:05:33","guid":{"rendered":"https:\/\/www.axiomams.eu\/produktas\/vision-research-phantom-veo-e-310l-atrgaitas-kamera"},"modified":"2026-03-25T17:01:29","modified_gmt":"2026-03-25T15:01:29","slug":"vision-research-phantom-veo-e-310l-atrgaitas-kamera","status":"publish","type":"product","link":"https:\/\/www.axiomams.eu\/lv\/produktas\/vision-research-phantom-veo-e-310l-atrgaitas-kamera","title":{"rendered":"Vision Research Phantom VEO E-310L \u0101trgaitas kamera"},"content":{"rendered":"<p>Vision Research Phantom VEO E-310L \u0101trgaitas kamera &#8211; var film\u0113t l\u012bdz 3 Gpx\/sekund\u0113, ar 1 Mpx sensoru 35 mm form\u0101t\u0101.<br \/>\nElast\u012bba ir \u013coti svar\u012bga jebkuram p\u0113tniec\u012bbas instrumentam.  Main\u0101mie objekt\u012bvu stiprin\u0101jumi palielina kameras elast\u012bbu, \u013caujot lietot\u0101jiem izlemt, kur\u0161 objekt\u012bvs ir vispiem\u0113rot\u0101kais konkr\u0113tai darb\u012bbai. Nikon, PL, C un Canon EF (ar elektronisko vad\u012bbu) objekt\u012bvi ir savietojami ar VEO-E un p\u0101rmai\u0146us ar<br \/>\nVEO-E kameras korpuss ir izgatavots no fr\u0113z\u0113ta alum\u012bnija, un t\u0101 konstrukcija ir \u012bpa\u0161i viegla.  Viegl\u0101kais no VEO s\u0113rijas kamer\u0101m, E tipa korpusa svars ir tikai 1,8 kg, un tas ir veidots t\u0101, lai aizsarg\u0101tu jut\u012bg\u0101k\u0101s kameras iek\u0161\u0113j\u0101s da\u013cas. Elektronika ir herm\u0113tiski nosl\u0113gta, lai pasarg\u0101tu no gaisa pl\u016bsmas, t\u0101d\u0113j\u0101di samazinot iesp\u0113ju, ka uz sensora uzkr\u0101sosies putek\u013ci.<\/p>\n<p><b>Standarta komplekts:<\/b> Vision Research Phantom VEO E-310L \u0101trgaitas kamera, baro\u0161anas avots, Ethernet kabelis.<\/p>\n<p><iframe loading=\"lazy\" width=\"560\" height=\"315\" src=\"https:\/\/www.youtube.com\/embed\/oA4fC9q87ko?si=6ePXsbhFGNUwKF17\" title=\"YouTube video atska\u0146ot\u0101js\" frameborder=\"0\" allow=\"accelerometer; autoplay; clipboard-write; encrypted-media; gyroscope; picture-in-picture; web-share\" referrerpolicy=\"strict-origin-when-cross-origin\" allowfullscreen><\/iframe><\/p>\n<h3>Tehnisk\u0101 inform\u0101cija:<\/h3>\n<ul>\n<li><a href=\"https:\/\/axiomams.eu\/importer\/export\/attachments\/en\/vision-research-phantom-veo-1310.pdf\" target=\"_blank\">Vision Research Phantom VEO 1310.pdf<\/a><\/li>\n<\/ul>\n","protected":false},"excerpt":{"rendered":"<p>Vision Research Phantom VEO E-310L \u0101trgaitas kamera &#8211; var film\u0113t l\u012bdz 3 Gpx\/sekund\u0113, ar 1 Mpx sensoru 35 mm form\u0101t\u0101. Elast\u012bba ir \u013coti svar\u012bga jebkuram p\u0113tniec\u012bbas instrumentam. Main\u0101mie objekt\u012bvu stiprin\u0101jumi palielina kameras elast\u012bbu, \u013caujot lietot\u0101jiem izlemt, kur\u0161 objekt\u012bvs ir vispiem\u0113rot\u0101kais konkr\u0113tai darb\u012bbai. Nikon, PL, C un Canon EF (ar elektronisko vad\u012bbu) objekt\u012bvi ir savietojami ar&#8230;<\/p>\n","protected":false},"featured_media":42361,"comment_status":"open","ping_status":"closed","template":"","meta":{"_acf_changed":false},"product_brand":[8064],"product_cat":[17753],"product_tag":[],"class_list":{"0":"post-39322","1":"product","2":"type-product","3":"status-publish","4":"has-post-thumbnail","6":"product_brand-vision-research","7":"product_cat-atrgaitas-kameras","9":"first","10":"instock","11":"taxable","12":"shipping-taxable","13":"product-type-simple"},"acf":[],"yoast_head":"<!-- This site is optimized with the Yoast SEO plugin v27.0 - https:\/\/yoast.com\/product\/yoast-seo-wordpress\/ -->\n<title>Vision Research Phantom VEO E-310L \u0101trgaitas kamera - AXIOMA MS<\/title>\n<meta name=\"robots\" content=\"index, follow, max-snippet:-1, max-image-preview:large, max-video-preview:-1\" \/>\n<link rel=\"canonical\" href=\"https:\/\/www.axiomams.eu\/lv\/produktas\/vision-research-phantom-veo-e-310l-atrgaitas-kamera\" \/>\n<meta property=\"og:locale\" content=\"lv_LV\" \/>\n<meta property=\"og:type\" content=\"article\" \/>\n<meta property=\"og:title\" content=\"Vision Research Phantom VEO E-310L \u0101trgaitas kamera - AXIOMA MS\" \/>\n<meta property=\"og:description\" content=\"Vision Research Phantom VEO E-310L \u0101trgaitas kamera &#8211; var film\u0113t l\u012bdz 3 Gpx\/sekund\u0113, ar 1 Mpx sensoru 35 mm form\u0101t\u0101. Elast\u012bba ir \u013coti svar\u012bga jebkuram p\u0113tniec\u012bbas instrumentam. Main\u0101mie objekt\u012bvu stiprin\u0101jumi palielina kameras elast\u012bbu, \u013caujot lietot\u0101jiem izlemt, kur\u0161 objekt\u012bvs ir vispiem\u0113rot\u0101kais konkr\u0113tai darb\u012bbai. Nikon, PL, C un Canon EF (ar elektronisko vad\u012bbu) objekt\u012bvi ir savietojami ar...\" \/>\n<meta property=\"og:url\" content=\"https:\/\/www.axiomams.eu\/lv\/produktas\/vision-research-phantom-veo-e-310l-atrgaitas-kamera\" \/>\n<meta property=\"og:site_name\" content=\"AXIOMA MS\" \/>\n<meta property=\"article:publisher\" content=\"https:\/\/www.facebook.com\/AxiomaMS\" \/>\n<meta property=\"article:modified_time\" content=\"2026-03-25T15:01:29+00:00\" \/>\n<meta property=\"og:image\" content=\"https:\/\/www.axiomams.eu\/wp-content\/uploads\/2025\/07\/3303-4845.jpg\" \/>\n\t<meta property=\"og:image:width\" content=\"525\" \/>\n\t<meta property=\"og:image:height\" content=\"402\" \/>\n\t<meta property=\"og:image:type\" content=\"image\/jpeg\" \/>\n<meta name=\"twitter:card\" content=\"summary_large_image\" \/>\n<meta name=\"twitter:label1\" content=\"Est. reading time\" \/>\n\t<meta name=\"twitter:data1\" content=\"1 minute\" \/>\n<script type=\"application\/ld+json\" class=\"yoast-schema-graph\">{\"@context\":\"https:\/\/schema.org\",\"@graph\":[{\"@type\":\"WebPage\",\"@id\":\"https:\/\/www.axiomams.eu\/lv\/produktas\/vision-research-phantom-veo-e-310l-atrgaitas-kamera\",\"url\":\"https:\/\/www.axiomams.eu\/lv\/produktas\/vision-research-phantom-veo-e-310l-atrgaitas-kamera\",\"name\":\"Vision Research Phantom VEO E-310L \u0101trgaitas kamera - AXIOMA MS\",\"isPartOf\":{\"@id\":\"https:\/\/www.axiomams.eu\/lv#website\"},\"primaryImageOfPage\":{\"@id\":\"https:\/\/www.axiomams.eu\/lv\/produktas\/vision-research-phantom-veo-e-310l-atrgaitas-kamera#primaryimage\"},\"image\":{\"@id\":\"https:\/\/www.axiomams.eu\/lv\/produktas\/vision-research-phantom-veo-e-310l-atrgaitas-kamera#primaryimage\"},\"thumbnailUrl\":\"https:\/\/www.axiomams.eu\/wp-content\/uploads\/2025\/07\/3303-4845.jpg\",\"datePublished\":\"2025-05-15T16:05:33+00:00\",\"dateModified\":\"2026-03-25T15:01:29+00:00\",\"breadcrumb\":{\"@id\":\"https:\/\/www.axiomams.eu\/lv\/produktas\/vision-research-phantom-veo-e-310l-atrgaitas-kamera#breadcrumb\"},\"inLanguage\":\"lv-LV\",\"potentialAction\":[{\"@type\":\"ReadAction\",\"target\":[\"https:\/\/www.axiomams.eu\/lv\/produktas\/vision-research-phantom-veo-e-310l-atrgaitas-kamera\"]}]},{\"@type\":\"ImageObject\",\"inLanguage\":\"lv-LV\",\"@id\":\"https:\/\/www.axiomams.eu\/lv\/produktas\/vision-research-phantom-veo-e-310l-atrgaitas-kamera#primaryimage\",\"url\":\"https:\/\/www.axiomams.eu\/wp-content\/uploads\/2025\/07\/3303-4845.jpg\",\"contentUrl\":\"https:\/\/www.axiomams.eu\/wp-content\/uploads\/2025\/07\/3303-4845.jpg\",\"width\":525,\"height\":402},{\"@type\":\"BreadcrumbList\",\"@id\":\"https:\/\/www.axiomams.eu\/lv\/produktas\/vision-research-phantom-veo-e-310l-atrgaitas-kamera#breadcrumb\",\"itemListElement\":[{\"@type\":\"ListItem\",\"position\":1,\"name\":\"Home\",\"item\":\"https:\/\/www.axiomams.eu\/lv\"},{\"@type\":\"ListItem\",\"position\":2,\"name\":\"Produkti\",\"item\":\"https:\/\/www.axiomams.eu\/lv\/produkti\"},{\"@type\":\"ListItem\",\"position\":3,\"name\":\"Vision Research Phantom VEO E-310L \u0101trgaitas kamera\"}]},{\"@type\":\"WebSite\",\"@id\":\"https:\/\/www.axiomams.eu\/lv#website\",\"url\":\"https:\/\/www.axiomams.eu\/lv\",\"name\":\"AXIOMA MS\",\"description\":\"Terrmovizoriai ir matavimo \u012franga\",\"publisher\":{\"@id\":\"https:\/\/www.axiomams.eu\/lv#organization\"},\"potentialAction\":[{\"@type\":\"SearchAction\",\"target\":{\"@type\":\"EntryPoint\",\"urlTemplate\":\"https:\/\/www.axiomams.eu\/lv?s={search_term_string}\"},\"query-input\":{\"@type\":\"PropertyValueSpecification\",\"valueRequired\":true,\"valueName\":\"search_term_string\"}}],\"inLanguage\":\"lv-LV\"},{\"@type\":\"Organization\",\"@id\":\"https:\/\/www.axiomams.eu\/lv#organization\",\"name\":\"AXIOMA MS\",\"url\":\"https:\/\/www.axiomams.eu\/lv\",\"logo\":{\"@type\":\"ImageObject\",\"inLanguage\":\"lv-LV\",\"@id\":\"https:\/\/www.axiomams.eu\/lv#\/schema\/logo\/image\/\",\"url\":\"https:\/\/www.axiomams.eu\/wp-content\/uploads\/2025\/06\/axioma-logo-2.png\",\"contentUrl\":\"https:\/\/www.axiomams.eu\/wp-content\/uploads\/2025\/06\/axioma-logo-2.png\",\"width\":1200,\"height\":1200,\"caption\":\"AXIOMA MS\"},\"image\":{\"@id\":\"https:\/\/www.axiomams.eu\/lv#\/schema\/logo\/image\/\"},\"sameAs\":[\"https:\/\/www.facebook.com\/AxiomaMS\",\"https:\/\/www.linkedin.com\/company\/axiomams\/\"]}]}<\/script>\n<!-- \/ Yoast SEO plugin. -->","yoast_head_json":{"title":"Vision Research Phantom VEO E-310L \u0101trgaitas kamera - AXIOMA MS","robots":{"index":"index","follow":"follow","max-snippet":"max-snippet:-1","max-image-preview":"max-image-preview:large","max-video-preview":"max-video-preview:-1"},"canonical":"https:\/\/www.axiomams.eu\/lv\/produktas\/vision-research-phantom-veo-e-310l-atrgaitas-kamera","og_locale":"lv_LV","og_type":"article","og_title":"Vision Research Phantom VEO E-310L \u0101trgaitas kamera - AXIOMA MS","og_description":"Vision Research Phantom VEO E-310L \u0101trgaitas kamera &#8211; var film\u0113t l\u012bdz 3 Gpx\/sekund\u0113, ar 1 Mpx sensoru 35 mm form\u0101t\u0101. Elast\u012bba ir \u013coti svar\u012bga jebkuram p\u0113tniec\u012bbas instrumentam. Main\u0101mie objekt\u012bvu stiprin\u0101jumi palielina kameras elast\u012bbu, \u013caujot lietot\u0101jiem izlemt, kur\u0161 objekt\u012bvs ir vispiem\u0113rot\u0101kais konkr\u0113tai darb\u012bbai. Nikon, PL, C un Canon EF (ar elektronisko vad\u012bbu) objekt\u012bvi ir savietojami ar...","og_url":"https:\/\/www.axiomams.eu\/lv\/produktas\/vision-research-phantom-veo-e-310l-atrgaitas-kamera","og_site_name":"AXIOMA MS","article_publisher":"https:\/\/www.facebook.com\/AxiomaMS","article_modified_time":"2026-03-25T15:01:29+00:00","og_image":[{"width":525,"height":402,"url":"https:\/\/www.axiomams.eu\/wp-content\/uploads\/2025\/07\/3303-4845.jpg","type":"image\/jpeg"}],"twitter_card":"summary_large_image","twitter_misc":{"Est. reading time":"1 minute"},"schema":{"@context":"https:\/\/schema.org","@graph":[{"@type":"WebPage","@id":"https:\/\/www.axiomams.eu\/lv\/produktas\/vision-research-phantom-veo-e-310l-atrgaitas-kamera","url":"https:\/\/www.axiomams.eu\/lv\/produktas\/vision-research-phantom-veo-e-310l-atrgaitas-kamera","name":"Vision Research Phantom VEO E-310L \u0101trgaitas kamera - AXIOMA MS","isPartOf":{"@id":"https:\/\/www.axiomams.eu\/lv#website"},"primaryImageOfPage":{"@id":"https:\/\/www.axiomams.eu\/lv\/produktas\/vision-research-phantom-veo-e-310l-atrgaitas-kamera#primaryimage"},"image":{"@id":"https:\/\/www.axiomams.eu\/lv\/produktas\/vision-research-phantom-veo-e-310l-atrgaitas-kamera#primaryimage"},"thumbnailUrl":"https:\/\/www.axiomams.eu\/wp-content\/uploads\/2025\/07\/3303-4845.jpg","datePublished":"2025-05-15T16:05:33+00:00","dateModified":"2026-03-25T15:01:29+00:00","breadcrumb":{"@id":"https:\/\/www.axiomams.eu\/lv\/produktas\/vision-research-phantom-veo-e-310l-atrgaitas-kamera#breadcrumb"},"inLanguage":"lv-LV","potentialAction":[{"@type":"ReadAction","target":["https:\/\/www.axiomams.eu\/lv\/produktas\/vision-research-phantom-veo-e-310l-atrgaitas-kamera"]}]},{"@type":"ImageObject","inLanguage":"lv-LV","@id":"https:\/\/www.axiomams.eu\/lv\/produktas\/vision-research-phantom-veo-e-310l-atrgaitas-kamera#primaryimage","url":"https:\/\/www.axiomams.eu\/wp-content\/uploads\/2025\/07\/3303-4845.jpg","contentUrl":"https:\/\/www.axiomams.eu\/wp-content\/uploads\/2025\/07\/3303-4845.jpg","width":525,"height":402},{"@type":"BreadcrumbList","@id":"https:\/\/www.axiomams.eu\/lv\/produktas\/vision-research-phantom-veo-e-310l-atrgaitas-kamera#breadcrumb","itemListElement":[{"@type":"ListItem","position":1,"name":"Home","item":"https:\/\/www.axiomams.eu\/lv"},{"@type":"ListItem","position":2,"name":"Produkti","item":"https:\/\/www.axiomams.eu\/lv\/produkti"},{"@type":"ListItem","position":3,"name":"Vision Research Phantom VEO E-310L \u0101trgaitas kamera"}]},{"@type":"WebSite","@id":"https:\/\/www.axiomams.eu\/lv#website","url":"https:\/\/www.axiomams.eu\/lv","name":"AXIOMA MS","description":"Terrmovizoriai ir matavimo \u012franga","publisher":{"@id":"https:\/\/www.axiomams.eu\/lv#organization"},"potentialAction":[{"@type":"SearchAction","target":{"@type":"EntryPoint","urlTemplate":"https:\/\/www.axiomams.eu\/lv?s={search_term_string}"},"query-input":{"@type":"PropertyValueSpecification","valueRequired":true,"valueName":"search_term_string"}}],"inLanguage":"lv-LV"},{"@type":"Organization","@id":"https:\/\/www.axiomams.eu\/lv#organization","name":"AXIOMA MS","url":"https:\/\/www.axiomams.eu\/lv","logo":{"@type":"ImageObject","inLanguage":"lv-LV","@id":"https:\/\/www.axiomams.eu\/lv#\/schema\/logo\/image\/","url":"https:\/\/www.axiomams.eu\/wp-content\/uploads\/2025\/06\/axioma-logo-2.png","contentUrl":"https:\/\/www.axiomams.eu\/wp-content\/uploads\/2025\/06\/axioma-logo-2.png","width":1200,"height":1200,"caption":"AXIOMA MS"},"image":{"@id":"https:\/\/www.axiomams.eu\/lv#\/schema\/logo\/image\/"},"sameAs":["https:\/\/www.facebook.com\/AxiomaMS","https:\/\/www.linkedin.com\/company\/axiomams\/"]}]}},"_links":{"self":[{"href":"https:\/\/www.axiomams.eu\/lv\/wp-json\/wp\/v2\/product\/39322","targetHints":{"allow":["GET"]}}],"collection":[{"href":"https:\/\/www.axiomams.eu\/lv\/wp-json\/wp\/v2\/product"}],"about":[{"href":"https:\/\/www.axiomams.eu\/lv\/wp-json\/wp\/v2\/types\/product"}],"replies":[{"embeddable":true,"href":"https:\/\/www.axiomams.eu\/lv\/wp-json\/wp\/v2\/comments?post=39322"}],"wp:featuredmedia":[{"embeddable":true,"href":"https:\/\/www.axiomams.eu\/lv\/wp-json\/wp\/v2\/media\/42361"}],"wp:attachment":[{"href":"https:\/\/www.axiomams.eu\/lv\/wp-json\/wp\/v2\/media?parent=39322"}],"wp:term":[{"taxonomy":"product_brand","embeddable":true,"href":"https:\/\/www.axiomams.eu\/lv\/wp-json\/wp\/v2\/product_brand?post=39322"},{"taxonomy":"product_cat","embeddable":true,"href":"https:\/\/www.axiomams.eu\/lv\/wp-json\/wp\/v2\/product_cat?post=39322"},{"taxonomy":"product_tag","embeddable":true,"href":"https:\/\/www.axiomams.eu\/lv\/wp-json\/wp\/v2\/product_tag?post=39322"}],"curies":[{"name":"wp","href":"https:\/\/api.w.org\/{rel}","templated":true}]}}