{"id":39329,"date":"2025-05-15T18:06:26","date_gmt":"2025-05-15T16:06:26","guid":{"rendered":"https:\/\/www.axiomams.eu\/produktas\/elektroenergijas-kvalitates-analizators-hioki-pq3198-94"},"modified":"2026-03-25T17:01:33","modified_gmt":"2026-03-25T15:01:33","slug":"elektroenergijas-kvalitates-analizators-hioki-pq3198-94","status":"publish","type":"product","link":"https:\/\/www.axiomams.eu\/lv\/produktas\/elektroenergijas-kvalitates-analizators-hioki-pq3198-94","title":{"rendered":"Elektroener\u0123ijas kvalit\u0101tes analizators HIOKI PQ3198-94"},"content":{"rendered":"<p>M\u0113r\u012bjumu l\u012bnijas tips: Vienf\u0101zes 2-vadu, vienf\u0101zes 3-vadu, tr\u012bsf\u0101\u017eu 3-vadu vai tr\u012bsf\u0101\u017eu 4-vadu, k\u0101 ar\u012b viens papildu ieejas kan\u0101ls sprieguma, str\u0101vas, jaudas m\u0113r\u012bjumiem (mai\u0146str\u0101vas vai l\u012bdzstr\u0101vas m\u0113r\u012bjumiem).<\/p>\n<p>Sprieguma diapazoni: Sprieguma m\u0113r\u012b\u0161ana: Sprieguma m\u0113r\u012bjumi: 600,00 V vid. \u0123eometrisk\u0101 v\u0113rt\u012bba, P\u0101rejas m\u0113r\u012bjumi 6,0000 kV maksim\u0101l\u0101 v\u0113rt\u012bba.<\/p>\n<p>Str\u0101vas diapazoni: 500,00 mA l\u012bdz 5,0000 kA mai\u0146str\u0101vas (atkar\u012bgs no izmantot\u0101 str\u0101vas sensora)<\/p>\n<p>Jaudas diapazoni: 300,00 W l\u012bdz 3,0000 MW (nosaka autom\u0101tiski, pamatojoties uz izmantoto sprieguma un str\u0101vas diapazonu)<\/p>\n<p>Pamata precizit\u0101te:<br \/>\nSpriegums: \u00b10,1% no nomin\u0101l\u0101 sprieguma<br \/>\nStr\u0101vas: \u00b10,1 % rdg. \u00b10,1 % f.s. + str\u0101vas sensora precizit\u0101te<br \/>\nAkt\u012bv\u0101 jauda: \u00b10,2 % rdg. \u00b10,1 % f.s. + str\u0101vas sensora precizit\u0101te<\/p>\n<p>M\u0113r\u012bjumu elementi:<br \/>\nP\u0101rejas spriegums: 2 MHz paraugu \u0146em\u0161ana<br \/>\nFrekvences cikls : Apr\u0113\u0137ina k\u0101 vienu ciklu, 40 l\u012bdz 70 Hz<br \/>\nSpriegums (1\/2) RMS: viena cikla apr\u0113\u0137ins, kas tiek atsvaidzin\u0101ts ik p\u0113c puscikla, Str\u0101vas (1\/2) RMS: puscikla apr\u0113\u0137ins.<br \/>\nSprieguma sv\u0101rst\u012bbas, sprieguma kritumi, sprieguma p\u0101rtraukumi<br \/>\nSprieguma str\u0101va<br \/>\nSprieguma vi\u013c\u0146u formas sal\u012bdzin\u0101jums<br \/>\nT\u016bl\u012bt\u0113j\u0101 mirgo\u0161anas v\u0113rt\u012bba: Saska\u0146\u0101 ar IEC61000-4-15<br \/>\n200 ms frekvence: Apr\u0113\u0137in\u0101ts k\u0101 10 vai 12 cikli, 40 l\u012bdz 70 Hz<br \/>\n10 sek. frekvence: Apr\u0113\u0137ina k\u0101 visu ciklu laiku noteikt\u0101 10 s period\u0101, 40 l\u012bdz 70 Hz.<br \/>\nSprieguma vi\u013c\u0146u formas maksimums, str\u0101vas vi\u013c\u0146u formas maksimums<br \/>\nSpriegums, str\u0101va, akt\u012bv\u0101 jauda, redzam\u0101 jauda, reakt\u012bv\u0101 jauda, akt\u012bv\u0101 ener\u0123ija, reakt\u012bv\u0101 ener\u0123ija, jaudas koeficients, p\u0101rvietojuma jaudas koeficients, sprieguma nel\u012bdzsvarot\u012bbas koeficients, str\u0101vas nel\u012bdzsvarot\u012bbas koeficients un lietder\u012bbas koeficients.<br \/>\nAugstas k\u0101rtas harmonikas komponente (spriegums\/str\u0101va): 2 kHz l\u012bdz 80 kHz<br \/>\nHarmonisk\u0101\/harmonisk\u0101 f\u0101zes le\u0146\u0137is (spriegums\/str\u0101va), harmonisk\u0101 jauda: no 0. l\u012bdz 50. k\u0101rtas.<br \/>\nHarmoniskais sprieguma un str\u0101vas f\u0101zes le\u0146\u0137is: 1. l\u012bdz 50. k\u0101rta<br \/>\nKop\u0113jais harmonisko krop\u013cojumu koeficients (spriegums\/str\u0101va)<br \/>\nStarpharmoniskais (spriegums\/str\u0101va): 0,5. l\u012bdz 49,5. k\u0101rta<br \/>\nK koeficients (reizin\u0101\u0161anas koeficients)<br \/>\nIEC mirgo\u0161ana, \u0394 V10 mirgo\u0161ana<\/p>\n<p>Ieraksts: Atk\u0101rtoti iesl\u0113gts: Maksim\u0101lais ieraksta notikums: 1 gads, Maksim\u0101lais ieraksta notikums: 1 gads: 9999 \u00d7 366 dienas (l\u012bdz 9999 notikumiem dien\u0101), Atk\u0101rtoti izsl\u0113gts: 35 dienas, maksim\u0101lais ierakst\u012b\u0161anas notikums: 9999 notikumi<\/p>\n<p>Saskarnes: SD\/SDHC atmi\u0146as karte, LAN (HTTP servera funkcija \/ FTP funkcija), USB2.0 (sazi\u0146ai)<\/p>\n<p>Displejs: 6,5 collu TFT kr\u0101su LCD displejs (640 \u00d7 480 punkti)<\/p>\n<p>Baro\u0161anas avots: Mai\u0146str\u0101vas adapteris, akumulators<br \/>\nNep\u0101rtraukta lieto\u0161ana: 180 min\u016btes<br \/>\nUzl\u0101des laiks: Uzl\u0101des laiks: Maks. 5 h 30 m ar mai\u0146str\u0101vas adapteri<\/p>\n<p>Izm\u0113ri: 300 x 211 x 68 mm<br \/>\nSvars: 2,5 kg<\/p>\n<p>Standarta komplekts: Standarta komplekt\u0101: lieto\u0161anas instrukcija, m\u0113r\u012bjumu rokasgr\u0101mata, sprieguma kabe\u013ca komplekts, kr\u0101su klips, mai\u0146str\u0101vas adapteris, siksna, USB kabelis, akumulators, SD atmi\u0146as karte 2 GB, lietojumprogrammat\u016bra (PQ ONE), mai\u0146str\u0101vas elast\u012bgais str\u0101vas sensors CT7045 (\u00d74).<\/p>\n<h3>Tehnisk\u0101 inform\u0101cija:<\/h3>\n<ul>\n<li><a href=\"https:\/\/axiomams.eu\/importer\/export\/attachments\/en\/hioki-pq3198-94.pdf\" target=\"_blank\">Hioki PQ3198-94.pdf<\/a><\/li>\n<\/ul>\n","protected":false},"excerpt":{"rendered":"<p>M\u0113r\u012bjumu l\u012bnijas tips: Vienf\u0101zes 2-vadu, vienf\u0101zes 3-vadu, tr\u012bsf\u0101\u017eu 3-vadu vai tr\u012bsf\u0101\u017eu 4-vadu, k\u0101 ar\u012b viens papildu ieejas kan\u0101ls sprieguma, str\u0101vas, jaudas m\u0113r\u012bjumiem (mai\u0146str\u0101vas vai l\u012bdzstr\u0101vas m\u0113r\u012bjumiem). Sprieguma diapazoni: Sprieguma m\u0113r\u012b\u0161ana: Sprieguma m\u0113r\u012bjumi: 600,00 V vid. \u0123eometrisk\u0101 v\u0113rt\u012bba, P\u0101rejas m\u0113r\u012bjumi 6,0000 kV maksim\u0101l\u0101 v\u0113rt\u012bba. Str\u0101vas diapazoni: 500,00 mA l\u012bdz 5,0000 kA mai\u0146str\u0101vas (atkar\u012bgs no izmantot\u0101 str\u0101vas&#8230;<\/p>\n","protected":false},"featured_media":42375,"comment_status":"open","ping_status":"closed","template":"","meta":{"_acf_changed":false},"product_brand":[1112],"product_cat":[17714],"product_tag":[],"class_list":{"0":"post-39329","1":"product","2":"type-product","3":"status-publish","4":"has-post-thumbnail","6":"product_brand-hioki","7":"product_cat-elektroenergijas-tikla-analizei-un-uzskaitei","9":"first","10":"instock","11":"taxable","12":"shipping-taxable","13":"product-type-simple"},"acf":[],"yoast_head":"<!-- This site is optimized with the Yoast SEO plugin v27.0 - https:\/\/yoast.com\/product\/yoast-seo-wordpress\/ -->\n<title>Elektroener\u0123ijas kvalit\u0101tes analizators HIOKI PQ3198-94 - AXIOMA MS<\/title>\n<meta name=\"robots\" content=\"index, follow, max-snippet:-1, max-image-preview:large, max-video-preview:-1\" \/>\n<link rel=\"canonical\" href=\"https:\/\/www.axiomams.eu\/lv\/produktas\/elektroenergijas-kvalitates-analizators-hioki-pq3198-94\" \/>\n<meta property=\"og:locale\" content=\"lv_LV\" \/>\n<meta property=\"og:type\" content=\"article\" \/>\n<meta property=\"og:title\" content=\"Elektroener\u0123ijas kvalit\u0101tes analizators HIOKI PQ3198-94 - AXIOMA MS\" \/>\n<meta property=\"og:description\" content=\"M\u0113r\u012bjumu l\u012bnijas tips: Vienf\u0101zes 2-vadu, vienf\u0101zes 3-vadu, tr\u012bsf\u0101\u017eu 3-vadu vai tr\u012bsf\u0101\u017eu 4-vadu, k\u0101 ar\u012b viens papildu ieejas kan\u0101ls sprieguma, str\u0101vas, jaudas m\u0113r\u012bjumiem (mai\u0146str\u0101vas vai l\u012bdzstr\u0101vas m\u0113r\u012bjumiem). Sprieguma diapazoni: Sprieguma m\u0113r\u012b\u0161ana: Sprieguma m\u0113r\u012bjumi: 600,00 V vid. \u0123eometrisk\u0101 v\u0113rt\u012bba, P\u0101rejas m\u0113r\u012bjumi 6,0000 kV maksim\u0101l\u0101 v\u0113rt\u012bba. Str\u0101vas diapazoni: 500,00 mA l\u012bdz 5,0000 kA mai\u0146str\u0101vas (atkar\u012bgs no izmantot\u0101 str\u0101vas...\" \/>\n<meta property=\"og:url\" content=\"https:\/\/www.axiomams.eu\/lv\/produktas\/elektroenergijas-kvalitates-analizators-hioki-pq3198-94\" \/>\n<meta property=\"og:site_name\" content=\"AXIOMA MS\" \/>\n<meta property=\"article:publisher\" content=\"https:\/\/www.facebook.com\/AxiomaMS\" \/>\n<meta property=\"article:modified_time\" content=\"2026-03-25T15:01:33+00:00\" \/>\n<meta property=\"og:image\" content=\"https:\/\/www.axiomams.eu\/wp-content\/uploads\/2025\/07\/3186-4212.jpg\" \/>\n\t<meta property=\"og:image:width\" content=\"1040\" \/>\n\t<meta property=\"og:image:height\" content=\"694\" \/>\n\t<meta property=\"og:image:type\" content=\"image\/jpeg\" \/>\n<meta name=\"twitter:card\" content=\"summary_large_image\" \/>\n<meta name=\"twitter:label1\" content=\"Est. reading time\" \/>\n\t<meta name=\"twitter:data1\" content=\"2 minutes\" \/>\n<script type=\"application\/ld+json\" class=\"yoast-schema-graph\">{\"@context\":\"https:\/\/schema.org\",\"@graph\":[{\"@type\":\"WebPage\",\"@id\":\"https:\/\/www.axiomams.eu\/lv\/produktas\/elektroenergijas-kvalitates-analizators-hioki-pq3198-94\",\"url\":\"https:\/\/www.axiomams.eu\/lv\/produktas\/elektroenergijas-kvalitates-analizators-hioki-pq3198-94\",\"name\":\"Elektroener\u0123ijas kvalit\u0101tes analizators HIOKI PQ3198-94 - AXIOMA MS\",\"isPartOf\":{\"@id\":\"https:\/\/www.axiomams.eu\/lv#website\"},\"primaryImageOfPage\":{\"@id\":\"https:\/\/www.axiomams.eu\/lv\/produktas\/elektroenergijas-kvalitates-analizators-hioki-pq3198-94#primaryimage\"},\"image\":{\"@id\":\"https:\/\/www.axiomams.eu\/lv\/produktas\/elektroenergijas-kvalitates-analizators-hioki-pq3198-94#primaryimage\"},\"thumbnailUrl\":\"https:\/\/www.axiomams.eu\/wp-content\/uploads\/2025\/07\/3186-4212.jpg\",\"datePublished\":\"2025-05-15T16:06:26+00:00\",\"dateModified\":\"2026-03-25T15:01:33+00:00\",\"breadcrumb\":{\"@id\":\"https:\/\/www.axiomams.eu\/lv\/produktas\/elektroenergijas-kvalitates-analizators-hioki-pq3198-94#breadcrumb\"},\"inLanguage\":\"lv-LV\",\"potentialAction\":[{\"@type\":\"ReadAction\",\"target\":[\"https:\/\/www.axiomams.eu\/lv\/produktas\/elektroenergijas-kvalitates-analizators-hioki-pq3198-94\"]}]},{\"@type\":\"ImageObject\",\"inLanguage\":\"lv-LV\",\"@id\":\"https:\/\/www.axiomams.eu\/lv\/produktas\/elektroenergijas-kvalitates-analizators-hioki-pq3198-94#primaryimage\",\"url\":\"https:\/\/www.axiomams.eu\/wp-content\/uploads\/2025\/07\/3186-4212.jpg\",\"contentUrl\":\"https:\/\/www.axiomams.eu\/wp-content\/uploads\/2025\/07\/3186-4212.jpg\",\"width\":1040,\"height\":694},{\"@type\":\"BreadcrumbList\",\"@id\":\"https:\/\/www.axiomams.eu\/lv\/produktas\/elektroenergijas-kvalitates-analizators-hioki-pq3198-94#breadcrumb\",\"itemListElement\":[{\"@type\":\"ListItem\",\"position\":1,\"name\":\"Home\",\"item\":\"https:\/\/www.axiomams.eu\/lv\"},{\"@type\":\"ListItem\",\"position\":2,\"name\":\"Produkti\",\"item\":\"https:\/\/www.axiomams.eu\/lv\/produkti\"},{\"@type\":\"ListItem\",\"position\":3,\"name\":\"Elektroener\u0123ijas kvalit\u0101tes analizators HIOKI PQ3198-94\"}]},{\"@type\":\"WebSite\",\"@id\":\"https:\/\/www.axiomams.eu\/lv#website\",\"url\":\"https:\/\/www.axiomams.eu\/lv\",\"name\":\"AXIOMA MS\",\"description\":\"Terrmovizoriai ir matavimo \u012franga\",\"publisher\":{\"@id\":\"https:\/\/www.axiomams.eu\/lv#organization\"},\"potentialAction\":[{\"@type\":\"SearchAction\",\"target\":{\"@type\":\"EntryPoint\",\"urlTemplate\":\"https:\/\/www.axiomams.eu\/lv?s={search_term_string}\"},\"query-input\":{\"@type\":\"PropertyValueSpecification\",\"valueRequired\":true,\"valueName\":\"search_term_string\"}}],\"inLanguage\":\"lv-LV\"},{\"@type\":\"Organization\",\"@id\":\"https:\/\/www.axiomams.eu\/lv#organization\",\"name\":\"AXIOMA MS\",\"url\":\"https:\/\/www.axiomams.eu\/lv\",\"logo\":{\"@type\":\"ImageObject\",\"inLanguage\":\"lv-LV\",\"@id\":\"https:\/\/www.axiomams.eu\/lv#\/schema\/logo\/image\/\",\"url\":\"https:\/\/www.axiomams.eu\/wp-content\/uploads\/2025\/06\/axioma-logo-2.png\",\"contentUrl\":\"https:\/\/www.axiomams.eu\/wp-content\/uploads\/2025\/06\/axioma-logo-2.png\",\"width\":1200,\"height\":1200,\"caption\":\"AXIOMA MS\"},\"image\":{\"@id\":\"https:\/\/www.axiomams.eu\/lv#\/schema\/logo\/image\/\"},\"sameAs\":[\"https:\/\/www.facebook.com\/AxiomaMS\",\"https:\/\/www.linkedin.com\/company\/axiomams\/\"]}]}<\/script>\n<!-- \/ Yoast SEO plugin. -->","yoast_head_json":{"title":"Elektroener\u0123ijas kvalit\u0101tes analizators HIOKI PQ3198-94 - AXIOMA MS","robots":{"index":"index","follow":"follow","max-snippet":"max-snippet:-1","max-image-preview":"max-image-preview:large","max-video-preview":"max-video-preview:-1"},"canonical":"https:\/\/www.axiomams.eu\/lv\/produktas\/elektroenergijas-kvalitates-analizators-hioki-pq3198-94","og_locale":"lv_LV","og_type":"article","og_title":"Elektroener\u0123ijas kvalit\u0101tes analizators HIOKI PQ3198-94 - AXIOMA MS","og_description":"M\u0113r\u012bjumu l\u012bnijas tips: Vienf\u0101zes 2-vadu, vienf\u0101zes 3-vadu, tr\u012bsf\u0101\u017eu 3-vadu vai tr\u012bsf\u0101\u017eu 4-vadu, k\u0101 ar\u012b viens papildu ieejas kan\u0101ls sprieguma, str\u0101vas, jaudas m\u0113r\u012bjumiem (mai\u0146str\u0101vas vai l\u012bdzstr\u0101vas m\u0113r\u012bjumiem). Sprieguma diapazoni: Sprieguma m\u0113r\u012b\u0161ana: Sprieguma m\u0113r\u012bjumi: 600,00 V vid. \u0123eometrisk\u0101 v\u0113rt\u012bba, P\u0101rejas m\u0113r\u012bjumi 6,0000 kV maksim\u0101l\u0101 v\u0113rt\u012bba. Str\u0101vas diapazoni: 500,00 mA l\u012bdz 5,0000 kA mai\u0146str\u0101vas (atkar\u012bgs no izmantot\u0101 str\u0101vas...","og_url":"https:\/\/www.axiomams.eu\/lv\/produktas\/elektroenergijas-kvalitates-analizators-hioki-pq3198-94","og_site_name":"AXIOMA MS","article_publisher":"https:\/\/www.facebook.com\/AxiomaMS","article_modified_time":"2026-03-25T15:01:33+00:00","og_image":[{"width":1040,"height":694,"url":"https:\/\/www.axiomams.eu\/wp-content\/uploads\/2025\/07\/3186-4212.jpg","type":"image\/jpeg"}],"twitter_card":"summary_large_image","twitter_misc":{"Est. reading time":"2 minutes"},"schema":{"@context":"https:\/\/schema.org","@graph":[{"@type":"WebPage","@id":"https:\/\/www.axiomams.eu\/lv\/produktas\/elektroenergijas-kvalitates-analizators-hioki-pq3198-94","url":"https:\/\/www.axiomams.eu\/lv\/produktas\/elektroenergijas-kvalitates-analizators-hioki-pq3198-94","name":"Elektroener\u0123ijas kvalit\u0101tes analizators HIOKI PQ3198-94 - AXIOMA MS","isPartOf":{"@id":"https:\/\/www.axiomams.eu\/lv#website"},"primaryImageOfPage":{"@id":"https:\/\/www.axiomams.eu\/lv\/produktas\/elektroenergijas-kvalitates-analizators-hioki-pq3198-94#primaryimage"},"image":{"@id":"https:\/\/www.axiomams.eu\/lv\/produktas\/elektroenergijas-kvalitates-analizators-hioki-pq3198-94#primaryimage"},"thumbnailUrl":"https:\/\/www.axiomams.eu\/wp-content\/uploads\/2025\/07\/3186-4212.jpg","datePublished":"2025-05-15T16:06:26+00:00","dateModified":"2026-03-25T15:01:33+00:00","breadcrumb":{"@id":"https:\/\/www.axiomams.eu\/lv\/produktas\/elektroenergijas-kvalitates-analizators-hioki-pq3198-94#breadcrumb"},"inLanguage":"lv-LV","potentialAction":[{"@type":"ReadAction","target":["https:\/\/www.axiomams.eu\/lv\/produktas\/elektroenergijas-kvalitates-analizators-hioki-pq3198-94"]}]},{"@type":"ImageObject","inLanguage":"lv-LV","@id":"https:\/\/www.axiomams.eu\/lv\/produktas\/elektroenergijas-kvalitates-analizators-hioki-pq3198-94#primaryimage","url":"https:\/\/www.axiomams.eu\/wp-content\/uploads\/2025\/07\/3186-4212.jpg","contentUrl":"https:\/\/www.axiomams.eu\/wp-content\/uploads\/2025\/07\/3186-4212.jpg","width":1040,"height":694},{"@type":"BreadcrumbList","@id":"https:\/\/www.axiomams.eu\/lv\/produktas\/elektroenergijas-kvalitates-analizators-hioki-pq3198-94#breadcrumb","itemListElement":[{"@type":"ListItem","position":1,"name":"Home","item":"https:\/\/www.axiomams.eu\/lv"},{"@type":"ListItem","position":2,"name":"Produkti","item":"https:\/\/www.axiomams.eu\/lv\/produkti"},{"@type":"ListItem","position":3,"name":"Elektroener\u0123ijas kvalit\u0101tes analizators HIOKI PQ3198-94"}]},{"@type":"WebSite","@id":"https:\/\/www.axiomams.eu\/lv#website","url":"https:\/\/www.axiomams.eu\/lv","name":"AXIOMA MS","description":"Terrmovizoriai ir matavimo \u012franga","publisher":{"@id":"https:\/\/www.axiomams.eu\/lv#organization"},"potentialAction":[{"@type":"SearchAction","target":{"@type":"EntryPoint","urlTemplate":"https:\/\/www.axiomams.eu\/lv?s={search_term_string}"},"query-input":{"@type":"PropertyValueSpecification","valueRequired":true,"valueName":"search_term_string"}}],"inLanguage":"lv-LV"},{"@type":"Organization","@id":"https:\/\/www.axiomams.eu\/lv#organization","name":"AXIOMA MS","url":"https:\/\/www.axiomams.eu\/lv","logo":{"@type":"ImageObject","inLanguage":"lv-LV","@id":"https:\/\/www.axiomams.eu\/lv#\/schema\/logo\/image\/","url":"https:\/\/www.axiomams.eu\/wp-content\/uploads\/2025\/06\/axioma-logo-2.png","contentUrl":"https:\/\/www.axiomams.eu\/wp-content\/uploads\/2025\/06\/axioma-logo-2.png","width":1200,"height":1200,"caption":"AXIOMA MS"},"image":{"@id":"https:\/\/www.axiomams.eu\/lv#\/schema\/logo\/image\/"},"sameAs":["https:\/\/www.facebook.com\/AxiomaMS","https:\/\/www.linkedin.com\/company\/axiomams\/"]}]}},"_links":{"self":[{"href":"https:\/\/www.axiomams.eu\/lv\/wp-json\/wp\/v2\/product\/39329","targetHints":{"allow":["GET"]}}],"collection":[{"href":"https:\/\/www.axiomams.eu\/lv\/wp-json\/wp\/v2\/product"}],"about":[{"href":"https:\/\/www.axiomams.eu\/lv\/wp-json\/wp\/v2\/types\/product"}],"replies":[{"embeddable":true,"href":"https:\/\/www.axiomams.eu\/lv\/wp-json\/wp\/v2\/comments?post=39329"}],"wp:featuredmedia":[{"embeddable":true,"href":"https:\/\/www.axiomams.eu\/lv\/wp-json\/wp\/v2\/media\/42375"}],"wp:attachment":[{"href":"https:\/\/www.axiomams.eu\/lv\/wp-json\/wp\/v2\/media?parent=39329"}],"wp:term":[{"taxonomy":"product_brand","embeddable":true,"href":"https:\/\/www.axiomams.eu\/lv\/wp-json\/wp\/v2\/product_brand?post=39329"},{"taxonomy":"product_cat","embeddable":true,"href":"https:\/\/www.axiomams.eu\/lv\/wp-json\/wp\/v2\/product_cat?post=39329"},{"taxonomy":"product_tag","embeddable":true,"href":"https:\/\/www.axiomams.eu\/lv\/wp-json\/wp\/v2\/product_tag?post=39329"}],"curies":[{"name":"wp","href":"https:\/\/api.w.org\/{rel}","templated":true}]}}