{"id":39331,"date":"2025-05-15T18:06:29","date_gmt":"2025-05-15T16:06:29","guid":{"rendered":"https:\/\/www.axiomams.eu\/produktas\/polytec-psv-qtec-vibrometrs"},"modified":"2026-03-25T17:01:33","modified_gmt":"2026-03-25T15:01:33","slug":"polytec-psv-qtec-vibrometrs","status":"publish","type":"product","link":"https:\/\/www.axiomams.eu\/lv\/produktas\/polytec-psv-qtec-vibrometrs","title":{"rendered":"Polytec PSV QTec vibrometrs"},"content":{"rendered":"<p><b>Polytec QTec<\/b> sken\u0113\u0161anas vibrometri ir moderns risin\u0101jums \u0101trai trok\u0161\u0146a un vibr\u0101cijas m\u0113r\u012b\u0161anai p\u0113tniec\u012bb\u0101 un izstr\u0101d\u0113. PSV QTec sken\u0113\u0161anas vibrometri ir pieejami kompakt\u0101 un p\u0101rn\u0113s\u0101jam\u0101 kl\u0113pjdatora versij\u0101 vai k\u0101 jaud\u012bga plaukta tipa darbstacija, k\u0101 1D vai 3D sist\u0113ma. Izv\u0113lieties k\u0101du no vair\u0101kiem mode\u013ciem, kas aptver frekven\u010du diapazonus l\u012bdz 25 MHz, vai ar\u012b pievienojiet PSV QTec 3D vibr\u0101ciju m\u0113r\u012b\u0161anas sist\u0113mu, lai visaptvero\u0161i analiz\u0113tu gan vibr\u0113jo\u0161o konstrukciju \u0101rpuspl\u0101na, gan iek\u0161pl\u0101na kust\u012bbas.<\/p>\n<p>&#8211; Bezkontakta pilna lauka vibr\u0101ciju m\u0113r\u012bjumi ar FEM l\u012bdz\u012bgu telpisko iz\u0161\u0137irtsp\u0113ju.<br \/>\n&#8211; Lab\u0101kais sign\u0101la un trok\u0161\u0146a attiec\u012bba uz in\u017eenierijas virsm\u0101m<br \/>\n&#8211; L\u012bdz 10x \u0101tr\u0101ka uz in\u017eenierijas virsm\u0101m<br \/>\n&#8211; Profesion\u0101las CAE saskarnes mode\u013cu valid\u0101cijai<br \/>\n&#8211; Skenera saskarne, kas \u013cauj sekot l\u012bdzi un veikt nep\u0101rtrauktu sken\u0113\u0161anas l\u0101zera Doplera vibrometriju (CSLDV).<br \/>\n&#8211; Uzlabota \u0123eometrijas apstr\u0101de j\u0113gpilnai rezult\u0101tu prezent\u0101cijai<br \/>\n&#8211; Mod\u0101l\u0101 anal\u012bze ar MIMO ierosmi un 8 ieejas kan\u0101liem.<br \/>\n&#8211; Papla\u0161in\u0101ma l\u012bdz 3D sist\u0113mai<\/p>\n<p><iframe loading=\"lazy\" width=\"560\" height=\"315\" src=\"https:\/\/www.youtube.com\/embed\/_73IoBUkQXI\" title=\"YouTube video atska\u0146ot\u0101js\" frameborder=\"0\" allow=\"akselerometrs; autoplay; clipboard-write; encrypted-media; gyroscope; picture-in-picture; web-share\" allowfullscreen><\/iframe><\/p>\n<h3>Tehnisk\u0101 inform\u0101cija:<\/h3>\n<ul>\n<li><a href=\"https:\/\/axiomams.eu\/importer\/export\/attachments\/en\/polytec-psv-qtec.pdf\" target=\"_blank\">Polytec PSV QTec.pdf<\/a><\/li>\n<\/ul>\n","protected":false},"excerpt":{"rendered":"<p>Polytec QTec sken\u0113\u0161anas vibrometri ir moderns risin\u0101jums \u0101trai trok\u0161\u0146a un vibr\u0101cijas m\u0113r\u012b\u0161anai p\u0113tniec\u012bb\u0101 un izstr\u0101d\u0113. PSV QTec sken\u0113\u0161anas vibrometri ir pieejami kompakt\u0101 un p\u0101rn\u0113s\u0101jam\u0101 kl\u0113pjdatora versij\u0101 vai k\u0101 jaud\u012bga plaukta tipa darbstacija, k\u0101 1D vai 3D sist\u0113ma. Izv\u0113lieties k\u0101du no vair\u0101kiem mode\u013ciem, kas aptver frekven\u010du diapazonus l\u012bdz 25 MHz, vai ar\u012b pievienojiet PSV QTec 3D&#8230;<\/p>\n","protected":false},"featured_media":42379,"comment_status":"open","ping_status":"closed","template":"","meta":{"_acf_changed":false},"product_brand":[17687],"product_cat":[17755],"product_tag":[],"class_list":{"0":"post-39331","1":"product","2":"type-product","3":"status-publish","4":"has-post-thumbnail","6":"product_brand-polytec","7":"product_cat-bezkontakta-vibracijas-merijumiem","9":"first","10":"instock","11":"taxable","12":"shipping-taxable","13":"product-type-simple"},"acf":[],"yoast_head":"<!-- This site is optimized with the Yoast SEO plugin v27.0 - https:\/\/yoast.com\/product\/yoast-seo-wordpress\/ -->\n<title>Polytec PSV QTec vibrometrs - AXIOMA MS<\/title>\n<meta name=\"robots\" content=\"index, follow, max-snippet:-1, max-image-preview:large, max-video-preview:-1\" \/>\n<link rel=\"canonical\" href=\"https:\/\/www.axiomams.eu\/lv\/produktas\/polytec-psv-qtec-vibrometrs\" \/>\n<meta property=\"og:locale\" content=\"lv_LV\" \/>\n<meta property=\"og:type\" content=\"article\" \/>\n<meta property=\"og:title\" content=\"Polytec PSV QTec vibrometrs - AXIOMA MS\" \/>\n<meta property=\"og:description\" content=\"Polytec QTec sken\u0113\u0161anas vibrometri ir moderns risin\u0101jums \u0101trai trok\u0161\u0146a un vibr\u0101cijas m\u0113r\u012b\u0161anai p\u0113tniec\u012bb\u0101 un izstr\u0101d\u0113. PSV QTec sken\u0113\u0161anas vibrometri ir pieejami kompakt\u0101 un p\u0101rn\u0113s\u0101jam\u0101 kl\u0113pjdatora versij\u0101 vai k\u0101 jaud\u012bga plaukta tipa darbstacija, k\u0101 1D vai 3D sist\u0113ma. Izv\u0113lieties k\u0101du no vair\u0101kiem mode\u013ciem, kas aptver frekven\u010du diapazonus l\u012bdz 25 MHz, vai ar\u012b pievienojiet PSV QTec 3D...\" \/>\n<meta property=\"og:url\" content=\"https:\/\/www.axiomams.eu\/lv\/produktas\/polytec-psv-qtec-vibrometrs\" \/>\n<meta property=\"og:site_name\" content=\"AXIOMA MS\" \/>\n<meta property=\"article:publisher\" content=\"https:\/\/www.facebook.com\/AxiomaMS\" \/>\n<meta property=\"article:modified_time\" content=\"2026-03-25T15:01:33+00:00\" \/>\n<meta property=\"og:image\" content=\"https:\/\/www.axiomams.eu\/wp-content\/uploads\/2025\/07\/3429-4599.jpg\" \/>\n\t<meta property=\"og:image:width\" content=\"1592\" \/>\n\t<meta property=\"og:image:height\" content=\"894\" \/>\n\t<meta property=\"og:image:type\" content=\"image\/jpeg\" \/>\n<meta name=\"twitter:card\" content=\"summary_large_image\" \/>\n<meta name=\"twitter:label1\" content=\"Est. reading time\" \/>\n\t<meta name=\"twitter:data1\" content=\"1 minute\" \/>\n<script type=\"application\/ld+json\" class=\"yoast-schema-graph\">{\"@context\":\"https:\/\/schema.org\",\"@graph\":[{\"@type\":\"WebPage\",\"@id\":\"https:\/\/www.axiomams.eu\/lv\/produktas\/polytec-psv-qtec-vibrometrs\",\"url\":\"https:\/\/www.axiomams.eu\/lv\/produktas\/polytec-psv-qtec-vibrometrs\",\"name\":\"Polytec PSV QTec vibrometrs - AXIOMA MS\",\"isPartOf\":{\"@id\":\"https:\/\/www.axiomams.eu\/lv#website\"},\"primaryImageOfPage\":{\"@id\":\"https:\/\/www.axiomams.eu\/lv\/produktas\/polytec-psv-qtec-vibrometrs#primaryimage\"},\"image\":{\"@id\":\"https:\/\/www.axiomams.eu\/lv\/produktas\/polytec-psv-qtec-vibrometrs#primaryimage\"},\"thumbnailUrl\":\"https:\/\/www.axiomams.eu\/wp-content\/uploads\/2025\/07\/3429-4599.jpg\",\"datePublished\":\"2025-05-15T16:06:29+00:00\",\"dateModified\":\"2026-03-25T15:01:33+00:00\",\"breadcrumb\":{\"@id\":\"https:\/\/www.axiomams.eu\/lv\/produktas\/polytec-psv-qtec-vibrometrs#breadcrumb\"},\"inLanguage\":\"lv-LV\",\"potentialAction\":[{\"@type\":\"ReadAction\",\"target\":[\"https:\/\/www.axiomams.eu\/lv\/produktas\/polytec-psv-qtec-vibrometrs\"]}]},{\"@type\":\"ImageObject\",\"inLanguage\":\"lv-LV\",\"@id\":\"https:\/\/www.axiomams.eu\/lv\/produktas\/polytec-psv-qtec-vibrometrs#primaryimage\",\"url\":\"https:\/\/www.axiomams.eu\/wp-content\/uploads\/2025\/07\/3429-4599.jpg\",\"contentUrl\":\"https:\/\/www.axiomams.eu\/wp-content\/uploads\/2025\/07\/3429-4599.jpg\",\"width\":1592,\"height\":894},{\"@type\":\"BreadcrumbList\",\"@id\":\"https:\/\/www.axiomams.eu\/lv\/produktas\/polytec-psv-qtec-vibrometrs#breadcrumb\",\"itemListElement\":[{\"@type\":\"ListItem\",\"position\":1,\"name\":\"Home\",\"item\":\"https:\/\/www.axiomams.eu\/lv\"},{\"@type\":\"ListItem\",\"position\":2,\"name\":\"Produkti\",\"item\":\"https:\/\/www.axiomams.eu\/lv\/produkti\"},{\"@type\":\"ListItem\",\"position\":3,\"name\":\"Polytec PSV QTec vibrometrs\"}]},{\"@type\":\"WebSite\",\"@id\":\"https:\/\/www.axiomams.eu\/lv#website\",\"url\":\"https:\/\/www.axiomams.eu\/lv\",\"name\":\"AXIOMA MS\",\"description\":\"Terrmovizoriai ir matavimo \u012franga\",\"publisher\":{\"@id\":\"https:\/\/www.axiomams.eu\/lv#organization\"},\"potentialAction\":[{\"@type\":\"SearchAction\",\"target\":{\"@type\":\"EntryPoint\",\"urlTemplate\":\"https:\/\/www.axiomams.eu\/lv?s={search_term_string}\"},\"query-input\":{\"@type\":\"PropertyValueSpecification\",\"valueRequired\":true,\"valueName\":\"search_term_string\"}}],\"inLanguage\":\"lv-LV\"},{\"@type\":\"Organization\",\"@id\":\"https:\/\/www.axiomams.eu\/lv#organization\",\"name\":\"AXIOMA MS\",\"url\":\"https:\/\/www.axiomams.eu\/lv\",\"logo\":{\"@type\":\"ImageObject\",\"inLanguage\":\"lv-LV\",\"@id\":\"https:\/\/www.axiomams.eu\/lv#\/schema\/logo\/image\/\",\"url\":\"https:\/\/www.axiomams.eu\/wp-content\/uploads\/2025\/06\/axioma-logo-2.png\",\"contentUrl\":\"https:\/\/www.axiomams.eu\/wp-content\/uploads\/2025\/06\/axioma-logo-2.png\",\"width\":1200,\"height\":1200,\"caption\":\"AXIOMA MS\"},\"image\":{\"@id\":\"https:\/\/www.axiomams.eu\/lv#\/schema\/logo\/image\/\"},\"sameAs\":[\"https:\/\/www.facebook.com\/AxiomaMS\",\"https:\/\/www.linkedin.com\/company\/axiomams\/\"]}]}<\/script>\n<!-- \/ Yoast SEO plugin. -->","yoast_head_json":{"title":"Polytec PSV QTec vibrometrs - AXIOMA MS","robots":{"index":"index","follow":"follow","max-snippet":"max-snippet:-1","max-image-preview":"max-image-preview:large","max-video-preview":"max-video-preview:-1"},"canonical":"https:\/\/www.axiomams.eu\/lv\/produktas\/polytec-psv-qtec-vibrometrs","og_locale":"lv_LV","og_type":"article","og_title":"Polytec PSV QTec vibrometrs - AXIOMA MS","og_description":"Polytec QTec sken\u0113\u0161anas vibrometri ir moderns risin\u0101jums \u0101trai trok\u0161\u0146a un vibr\u0101cijas m\u0113r\u012b\u0161anai p\u0113tniec\u012bb\u0101 un izstr\u0101d\u0113. PSV QTec sken\u0113\u0161anas vibrometri ir pieejami kompakt\u0101 un p\u0101rn\u0113s\u0101jam\u0101 kl\u0113pjdatora versij\u0101 vai k\u0101 jaud\u012bga plaukta tipa darbstacija, k\u0101 1D vai 3D sist\u0113ma. Izv\u0113lieties k\u0101du no vair\u0101kiem mode\u013ciem, kas aptver frekven\u010du diapazonus l\u012bdz 25 MHz, vai ar\u012b pievienojiet PSV QTec 3D...","og_url":"https:\/\/www.axiomams.eu\/lv\/produktas\/polytec-psv-qtec-vibrometrs","og_site_name":"AXIOMA MS","article_publisher":"https:\/\/www.facebook.com\/AxiomaMS","article_modified_time":"2026-03-25T15:01:33+00:00","og_image":[{"width":1592,"height":894,"url":"https:\/\/www.axiomams.eu\/wp-content\/uploads\/2025\/07\/3429-4599.jpg","type":"image\/jpeg"}],"twitter_card":"summary_large_image","twitter_misc":{"Est. reading time":"1 minute"},"schema":{"@context":"https:\/\/schema.org","@graph":[{"@type":"WebPage","@id":"https:\/\/www.axiomams.eu\/lv\/produktas\/polytec-psv-qtec-vibrometrs","url":"https:\/\/www.axiomams.eu\/lv\/produktas\/polytec-psv-qtec-vibrometrs","name":"Polytec PSV QTec vibrometrs - AXIOMA MS","isPartOf":{"@id":"https:\/\/www.axiomams.eu\/lv#website"},"primaryImageOfPage":{"@id":"https:\/\/www.axiomams.eu\/lv\/produktas\/polytec-psv-qtec-vibrometrs#primaryimage"},"image":{"@id":"https:\/\/www.axiomams.eu\/lv\/produktas\/polytec-psv-qtec-vibrometrs#primaryimage"},"thumbnailUrl":"https:\/\/www.axiomams.eu\/wp-content\/uploads\/2025\/07\/3429-4599.jpg","datePublished":"2025-05-15T16:06:29+00:00","dateModified":"2026-03-25T15:01:33+00:00","breadcrumb":{"@id":"https:\/\/www.axiomams.eu\/lv\/produktas\/polytec-psv-qtec-vibrometrs#breadcrumb"},"inLanguage":"lv-LV","potentialAction":[{"@type":"ReadAction","target":["https:\/\/www.axiomams.eu\/lv\/produktas\/polytec-psv-qtec-vibrometrs"]}]},{"@type":"ImageObject","inLanguage":"lv-LV","@id":"https:\/\/www.axiomams.eu\/lv\/produktas\/polytec-psv-qtec-vibrometrs#primaryimage","url":"https:\/\/www.axiomams.eu\/wp-content\/uploads\/2025\/07\/3429-4599.jpg","contentUrl":"https:\/\/www.axiomams.eu\/wp-content\/uploads\/2025\/07\/3429-4599.jpg","width":1592,"height":894},{"@type":"BreadcrumbList","@id":"https:\/\/www.axiomams.eu\/lv\/produktas\/polytec-psv-qtec-vibrometrs#breadcrumb","itemListElement":[{"@type":"ListItem","position":1,"name":"Home","item":"https:\/\/www.axiomams.eu\/lv"},{"@type":"ListItem","position":2,"name":"Produkti","item":"https:\/\/www.axiomams.eu\/lv\/produkti"},{"@type":"ListItem","position":3,"name":"Polytec PSV QTec vibrometrs"}]},{"@type":"WebSite","@id":"https:\/\/www.axiomams.eu\/lv#website","url":"https:\/\/www.axiomams.eu\/lv","name":"AXIOMA MS","description":"Terrmovizoriai ir matavimo \u012franga","publisher":{"@id":"https:\/\/www.axiomams.eu\/lv#organization"},"potentialAction":[{"@type":"SearchAction","target":{"@type":"EntryPoint","urlTemplate":"https:\/\/www.axiomams.eu\/lv?s={search_term_string}"},"query-input":{"@type":"PropertyValueSpecification","valueRequired":true,"valueName":"search_term_string"}}],"inLanguage":"lv-LV"},{"@type":"Organization","@id":"https:\/\/www.axiomams.eu\/lv#organization","name":"AXIOMA MS","url":"https:\/\/www.axiomams.eu\/lv","logo":{"@type":"ImageObject","inLanguage":"lv-LV","@id":"https:\/\/www.axiomams.eu\/lv#\/schema\/logo\/image\/","url":"https:\/\/www.axiomams.eu\/wp-content\/uploads\/2025\/06\/axioma-logo-2.png","contentUrl":"https:\/\/www.axiomams.eu\/wp-content\/uploads\/2025\/06\/axioma-logo-2.png","width":1200,"height":1200,"caption":"AXIOMA MS"},"image":{"@id":"https:\/\/www.axiomams.eu\/lv#\/schema\/logo\/image\/"},"sameAs":["https:\/\/www.facebook.com\/AxiomaMS","https:\/\/www.linkedin.com\/company\/axiomams\/"]}]}},"_links":{"self":[{"href":"https:\/\/www.axiomams.eu\/lv\/wp-json\/wp\/v2\/product\/39331","targetHints":{"allow":["GET"]}}],"collection":[{"href":"https:\/\/www.axiomams.eu\/lv\/wp-json\/wp\/v2\/product"}],"about":[{"href":"https:\/\/www.axiomams.eu\/lv\/wp-json\/wp\/v2\/types\/product"}],"replies":[{"embeddable":true,"href":"https:\/\/www.axiomams.eu\/lv\/wp-json\/wp\/v2\/comments?post=39331"}],"wp:featuredmedia":[{"embeddable":true,"href":"https:\/\/www.axiomams.eu\/lv\/wp-json\/wp\/v2\/media\/42379"}],"wp:attachment":[{"href":"https:\/\/www.axiomams.eu\/lv\/wp-json\/wp\/v2\/media?parent=39331"}],"wp:term":[{"taxonomy":"product_brand","embeddable":true,"href":"https:\/\/www.axiomams.eu\/lv\/wp-json\/wp\/v2\/product_brand?post=39331"},{"taxonomy":"product_cat","embeddable":true,"href":"https:\/\/www.axiomams.eu\/lv\/wp-json\/wp\/v2\/product_cat?post=39331"},{"taxonomy":"product_tag","embeddable":true,"href":"https:\/\/www.axiomams.eu\/lv\/wp-json\/wp\/v2\/product_tag?post=39331"}],"curies":[{"name":"wp","href":"https:\/\/api.w.org\/{rel}","templated":true}]}}