{"id":39336,"date":"2025-05-15T18:06:40","date_gmt":"2025-05-15T16:06:40","guid":{"rendered":"https:\/\/www.axiomams.eu\/produktas\/proceq-pundit-pd8050-ultraskanas-attelveidosanas-ierice"},"modified":"2026-03-25T17:01:37","modified_gmt":"2026-03-25T15:01:37","slug":"proceq-pundit-pd8050-ultraskanas-attelveidosanas-ierice","status":"publish","type":"product","link":"https:\/\/www.axiomams.eu\/lv\/produktas\/proceq-pundit-pd8050-ultraskanas-attelveidosanas-ierice","title":{"rendered":"Proceq Pundit PD8050 ultraska\u0146as att\u0113lveido\u0161anas ier\u012bce"},"content":{"rendered":"<p>Proceq Pundit PD8050 &#8211; Konsolid\u0113ta jauda vien\u0101 ier\u012bc\u0113 struktur\u0101l\u0101s att\u0113lveido\u0161anas, objektu un defektu noteik\u0161anai ar ultraska\u0146as impulsu atbalss funkciju.<\/p>\n<p>Re\u0101llaika att\u0113lveido\u0161ana, svara optimiz\u0101cija un m\u0101ksl\u012bg\u0101 intelekta pal\u012bdz\u012bba.<br \/>\nLiela m\u0113roga 2D, 3D, siltuma kartes un AR vizualiz\u0101cijas re\u017e\u012bmi.<br \/>\nIzcila att\u0113la skaidr\u012bba ar visu p\u0101rraides parametru kontroli.<\/p>\n<p><b>Pielietojumi:<\/b><br \/>\nBetona apak\u0161virsmas defektu atra\u0161an\u0101s vietas noteik\u0161ana<br \/>\nBetona elementu biezuma m\u0113r\u012b\u0161ana<br \/>\nBetona impulsa \u0101truma noteik\u0161ana viendab\u012bguma un stipr\u012bbas nov\u0113rt\u0113\u0161anai.<\/p>\n<h3>Tehnisk\u0101 inform\u0101cija:<\/h3>\n<ul>\n<li><a href=\"https:\/\/axiomams.eu\/importer\/export\/attachments\/en\/proceq-pd8050.pdf\" target=\"_blank\">PROCEQ PD8050.pdf<\/a><\/li>\n<\/ul>\n","protected":false},"excerpt":{"rendered":"<p>Proceq Pundit PD8050 &#8211; Konsolid\u0113ta jauda vien\u0101 ier\u012bc\u0113 struktur\u0101l\u0101s att\u0113lveido\u0161anas, objektu un defektu noteik\u0161anai ar ultraska\u0146as impulsu atbalss funkciju. Re\u0101llaika att\u0113lveido\u0161ana, svara optimiz\u0101cija un m\u0101ksl\u012bg\u0101 intelekta pal\u012bdz\u012bba. Liela m\u0113roga 2D, 3D, siltuma kartes un AR vizualiz\u0101cijas re\u017e\u012bmi. Izcila att\u0113la skaidr\u012bba ar visu p\u0101rraides parametru kontroli. Pielietojumi: Betona apak\u0161virsmas defektu atra\u0161an\u0101s vietas noteik\u0161ana Betona elementu biezuma&#8230;<\/p>\n","protected":false},"featured_media":42389,"comment_status":"open","ping_status":"closed","template":"","meta":{"_acf_changed":false},"product_brand":[988],"product_cat":[17736],"product_tag":[],"class_list":{"0":"post-39336","1":"product","2":"type-product","3":"status-publish","4":"has-post-thumbnail","6":"product_brand-proceq","7":"product_cat-betona-konstrukciju-izpetei","9":"first","10":"instock","11":"taxable","12":"shipping-taxable","13":"product-type-simple"},"acf":[],"yoast_head":"<!-- This site is optimized with the Yoast SEO plugin v27.0 - https:\/\/yoast.com\/product\/yoast-seo-wordpress\/ -->\n<title>Proceq Pundit PD8050 ultraska\u0146as att\u0113lveido\u0161anas ier\u012bce - AXIOMA MS<\/title>\n<meta name=\"robots\" content=\"index, follow, max-snippet:-1, max-image-preview:large, max-video-preview:-1\" \/>\n<link rel=\"canonical\" href=\"https:\/\/www.axiomams.eu\/lv\/produktas\/proceq-pundit-pd8050-ultraskanas-attelveidosanas-ierice\" \/>\n<meta property=\"og:locale\" content=\"lv_LV\" \/>\n<meta property=\"og:type\" content=\"article\" \/>\n<meta property=\"og:title\" content=\"Proceq Pundit PD8050 ultraska\u0146as att\u0113lveido\u0161anas ier\u012bce - AXIOMA MS\" \/>\n<meta property=\"og:description\" content=\"Proceq Pundit PD8050 &#8211; Konsolid\u0113ta jauda vien\u0101 ier\u012bc\u0113 struktur\u0101l\u0101s att\u0113lveido\u0161anas, objektu un defektu noteik\u0161anai ar ultraska\u0146as impulsu atbalss funkciju. Re\u0101llaika att\u0113lveido\u0161ana, svara optimiz\u0101cija un m\u0101ksl\u012bg\u0101 intelekta pal\u012bdz\u012bba. Liela m\u0113roga 2D, 3D, siltuma kartes un AR vizualiz\u0101cijas re\u017e\u012bmi. Izcila att\u0113la skaidr\u012bba ar visu p\u0101rraides parametru kontroli. Pielietojumi: Betona apak\u0161virsmas defektu atra\u0161an\u0101s vietas noteik\u0161ana Betona elementu biezuma...\" \/>\n<meta property=\"og:url\" content=\"https:\/\/www.axiomams.eu\/lv\/produktas\/proceq-pundit-pd8050-ultraskanas-attelveidosanas-ierice\" \/>\n<meta property=\"og:site_name\" content=\"AXIOMA MS\" \/>\n<meta property=\"article:publisher\" content=\"https:\/\/www.facebook.com\/AxiomaMS\" \/>\n<meta property=\"article:modified_time\" content=\"2026-03-25T15:01:37+00:00\" \/>\n<meta property=\"og:image\" content=\"https:\/\/www.axiomams.eu\/wp-content\/uploads\/2025\/07\/3108-4590.jpg\" \/>\n\t<meta property=\"og:image:width\" content=\"1360\" \/>\n\t<meta property=\"og:image:height\" content=\"1020\" \/>\n\t<meta property=\"og:image:type\" content=\"image\/jpeg\" \/>\n<meta name=\"twitter:card\" content=\"summary_large_image\" \/>\n<meta name=\"twitter:label1\" content=\"Est. reading time\" \/>\n\t<meta name=\"twitter:data1\" content=\"1 minute\" \/>\n<script type=\"application\/ld+json\" class=\"yoast-schema-graph\">{\"@context\":\"https:\/\/schema.org\",\"@graph\":[{\"@type\":\"WebPage\",\"@id\":\"https:\/\/www.axiomams.eu\/lv\/produktas\/proceq-pundit-pd8050-ultraskanas-attelveidosanas-ierice\",\"url\":\"https:\/\/www.axiomams.eu\/lv\/produktas\/proceq-pundit-pd8050-ultraskanas-attelveidosanas-ierice\",\"name\":\"Proceq Pundit PD8050 ultraska\u0146as att\u0113lveido\u0161anas ier\u012bce - AXIOMA MS\",\"isPartOf\":{\"@id\":\"https:\/\/www.axiomams.eu\/lv#website\"},\"primaryImageOfPage\":{\"@id\":\"https:\/\/www.axiomams.eu\/lv\/produktas\/proceq-pundit-pd8050-ultraskanas-attelveidosanas-ierice#primaryimage\"},\"image\":{\"@id\":\"https:\/\/www.axiomams.eu\/lv\/produktas\/proceq-pundit-pd8050-ultraskanas-attelveidosanas-ierice#primaryimage\"},\"thumbnailUrl\":\"https:\/\/www.axiomams.eu\/wp-content\/uploads\/2025\/07\/3108-4590.jpg\",\"datePublished\":\"2025-05-15T16:06:40+00:00\",\"dateModified\":\"2026-03-25T15:01:37+00:00\",\"breadcrumb\":{\"@id\":\"https:\/\/www.axiomams.eu\/lv\/produktas\/proceq-pundit-pd8050-ultraskanas-attelveidosanas-ierice#breadcrumb\"},\"inLanguage\":\"lv-LV\",\"potentialAction\":[{\"@type\":\"ReadAction\",\"target\":[\"https:\/\/www.axiomams.eu\/lv\/produktas\/proceq-pundit-pd8050-ultraskanas-attelveidosanas-ierice\"]}]},{\"@type\":\"ImageObject\",\"inLanguage\":\"lv-LV\",\"@id\":\"https:\/\/www.axiomams.eu\/lv\/produktas\/proceq-pundit-pd8050-ultraskanas-attelveidosanas-ierice#primaryimage\",\"url\":\"https:\/\/www.axiomams.eu\/wp-content\/uploads\/2025\/07\/3108-4590.jpg\",\"contentUrl\":\"https:\/\/www.axiomams.eu\/wp-content\/uploads\/2025\/07\/3108-4590.jpg\",\"width\":1360,\"height\":1020},{\"@type\":\"BreadcrumbList\",\"@id\":\"https:\/\/www.axiomams.eu\/lv\/produktas\/proceq-pundit-pd8050-ultraskanas-attelveidosanas-ierice#breadcrumb\",\"itemListElement\":[{\"@type\":\"ListItem\",\"position\":1,\"name\":\"Home\",\"item\":\"https:\/\/www.axiomams.eu\/lv\"},{\"@type\":\"ListItem\",\"position\":2,\"name\":\"Produkti\",\"item\":\"https:\/\/www.axiomams.eu\/lv\/produkti\"},{\"@type\":\"ListItem\",\"position\":3,\"name\":\"Proceq Pundit PD8050 ultraska\u0146as att\u0113lveido\u0161anas ier\u012bce\"}]},{\"@type\":\"WebSite\",\"@id\":\"https:\/\/www.axiomams.eu\/lv#website\",\"url\":\"https:\/\/www.axiomams.eu\/lv\",\"name\":\"AXIOMA MS\",\"description\":\"Terrmovizoriai ir matavimo \u012franga\",\"publisher\":{\"@id\":\"https:\/\/www.axiomams.eu\/lv#organization\"},\"potentialAction\":[{\"@type\":\"SearchAction\",\"target\":{\"@type\":\"EntryPoint\",\"urlTemplate\":\"https:\/\/www.axiomams.eu\/lv?s={search_term_string}\"},\"query-input\":{\"@type\":\"PropertyValueSpecification\",\"valueRequired\":true,\"valueName\":\"search_term_string\"}}],\"inLanguage\":\"lv-LV\"},{\"@type\":\"Organization\",\"@id\":\"https:\/\/www.axiomams.eu\/lv#organization\",\"name\":\"AXIOMA MS\",\"url\":\"https:\/\/www.axiomams.eu\/lv\",\"logo\":{\"@type\":\"ImageObject\",\"inLanguage\":\"lv-LV\",\"@id\":\"https:\/\/www.axiomams.eu\/lv#\/schema\/logo\/image\/\",\"url\":\"https:\/\/www.axiomams.eu\/wp-content\/uploads\/2025\/06\/axioma-logo-2.png\",\"contentUrl\":\"https:\/\/www.axiomams.eu\/wp-content\/uploads\/2025\/06\/axioma-logo-2.png\",\"width\":1200,\"height\":1200,\"caption\":\"AXIOMA MS\"},\"image\":{\"@id\":\"https:\/\/www.axiomams.eu\/lv#\/schema\/logo\/image\/\"},\"sameAs\":[\"https:\/\/www.facebook.com\/AxiomaMS\",\"https:\/\/www.linkedin.com\/company\/axiomams\/\"]}]}<\/script>\n<!-- \/ Yoast SEO plugin. -->","yoast_head_json":{"title":"Proceq Pundit PD8050 ultraska\u0146as att\u0113lveido\u0161anas ier\u012bce - AXIOMA MS","robots":{"index":"index","follow":"follow","max-snippet":"max-snippet:-1","max-image-preview":"max-image-preview:large","max-video-preview":"max-video-preview:-1"},"canonical":"https:\/\/www.axiomams.eu\/lv\/produktas\/proceq-pundit-pd8050-ultraskanas-attelveidosanas-ierice","og_locale":"lv_LV","og_type":"article","og_title":"Proceq Pundit PD8050 ultraska\u0146as att\u0113lveido\u0161anas ier\u012bce - AXIOMA MS","og_description":"Proceq Pundit PD8050 &#8211; Konsolid\u0113ta jauda vien\u0101 ier\u012bc\u0113 struktur\u0101l\u0101s att\u0113lveido\u0161anas, objektu un defektu noteik\u0161anai ar ultraska\u0146as impulsu atbalss funkciju. Re\u0101llaika att\u0113lveido\u0161ana, svara optimiz\u0101cija un m\u0101ksl\u012bg\u0101 intelekta pal\u012bdz\u012bba. Liela m\u0113roga 2D, 3D, siltuma kartes un AR vizualiz\u0101cijas re\u017e\u012bmi. Izcila att\u0113la skaidr\u012bba ar visu p\u0101rraides parametru kontroli. Pielietojumi: Betona apak\u0161virsmas defektu atra\u0161an\u0101s vietas noteik\u0161ana Betona elementu biezuma...","og_url":"https:\/\/www.axiomams.eu\/lv\/produktas\/proceq-pundit-pd8050-ultraskanas-attelveidosanas-ierice","og_site_name":"AXIOMA MS","article_publisher":"https:\/\/www.facebook.com\/AxiomaMS","article_modified_time":"2026-03-25T15:01:37+00:00","og_image":[{"width":1360,"height":1020,"url":"https:\/\/www.axiomams.eu\/wp-content\/uploads\/2025\/07\/3108-4590.jpg","type":"image\/jpeg"}],"twitter_card":"summary_large_image","twitter_misc":{"Est. reading time":"1 minute"},"schema":{"@context":"https:\/\/schema.org","@graph":[{"@type":"WebPage","@id":"https:\/\/www.axiomams.eu\/lv\/produktas\/proceq-pundit-pd8050-ultraskanas-attelveidosanas-ierice","url":"https:\/\/www.axiomams.eu\/lv\/produktas\/proceq-pundit-pd8050-ultraskanas-attelveidosanas-ierice","name":"Proceq Pundit PD8050 ultraska\u0146as att\u0113lveido\u0161anas ier\u012bce - AXIOMA MS","isPartOf":{"@id":"https:\/\/www.axiomams.eu\/lv#website"},"primaryImageOfPage":{"@id":"https:\/\/www.axiomams.eu\/lv\/produktas\/proceq-pundit-pd8050-ultraskanas-attelveidosanas-ierice#primaryimage"},"image":{"@id":"https:\/\/www.axiomams.eu\/lv\/produktas\/proceq-pundit-pd8050-ultraskanas-attelveidosanas-ierice#primaryimage"},"thumbnailUrl":"https:\/\/www.axiomams.eu\/wp-content\/uploads\/2025\/07\/3108-4590.jpg","datePublished":"2025-05-15T16:06:40+00:00","dateModified":"2026-03-25T15:01:37+00:00","breadcrumb":{"@id":"https:\/\/www.axiomams.eu\/lv\/produktas\/proceq-pundit-pd8050-ultraskanas-attelveidosanas-ierice#breadcrumb"},"inLanguage":"lv-LV","potentialAction":[{"@type":"ReadAction","target":["https:\/\/www.axiomams.eu\/lv\/produktas\/proceq-pundit-pd8050-ultraskanas-attelveidosanas-ierice"]}]},{"@type":"ImageObject","inLanguage":"lv-LV","@id":"https:\/\/www.axiomams.eu\/lv\/produktas\/proceq-pundit-pd8050-ultraskanas-attelveidosanas-ierice#primaryimage","url":"https:\/\/www.axiomams.eu\/wp-content\/uploads\/2025\/07\/3108-4590.jpg","contentUrl":"https:\/\/www.axiomams.eu\/wp-content\/uploads\/2025\/07\/3108-4590.jpg","width":1360,"height":1020},{"@type":"BreadcrumbList","@id":"https:\/\/www.axiomams.eu\/lv\/produktas\/proceq-pundit-pd8050-ultraskanas-attelveidosanas-ierice#breadcrumb","itemListElement":[{"@type":"ListItem","position":1,"name":"Home","item":"https:\/\/www.axiomams.eu\/lv"},{"@type":"ListItem","position":2,"name":"Produkti","item":"https:\/\/www.axiomams.eu\/lv\/produkti"},{"@type":"ListItem","position":3,"name":"Proceq Pundit PD8050 ultraska\u0146as att\u0113lveido\u0161anas ier\u012bce"}]},{"@type":"WebSite","@id":"https:\/\/www.axiomams.eu\/lv#website","url":"https:\/\/www.axiomams.eu\/lv","name":"AXIOMA MS","description":"Terrmovizoriai ir matavimo \u012franga","publisher":{"@id":"https:\/\/www.axiomams.eu\/lv#organization"},"potentialAction":[{"@type":"SearchAction","target":{"@type":"EntryPoint","urlTemplate":"https:\/\/www.axiomams.eu\/lv?s={search_term_string}"},"query-input":{"@type":"PropertyValueSpecification","valueRequired":true,"valueName":"search_term_string"}}],"inLanguage":"lv-LV"},{"@type":"Organization","@id":"https:\/\/www.axiomams.eu\/lv#organization","name":"AXIOMA MS","url":"https:\/\/www.axiomams.eu\/lv","logo":{"@type":"ImageObject","inLanguage":"lv-LV","@id":"https:\/\/www.axiomams.eu\/lv#\/schema\/logo\/image\/","url":"https:\/\/www.axiomams.eu\/wp-content\/uploads\/2025\/06\/axioma-logo-2.png","contentUrl":"https:\/\/www.axiomams.eu\/wp-content\/uploads\/2025\/06\/axioma-logo-2.png","width":1200,"height":1200,"caption":"AXIOMA MS"},"image":{"@id":"https:\/\/www.axiomams.eu\/lv#\/schema\/logo\/image\/"},"sameAs":["https:\/\/www.facebook.com\/AxiomaMS","https:\/\/www.linkedin.com\/company\/axiomams\/"]}]}},"_links":{"self":[{"href":"https:\/\/www.axiomams.eu\/lv\/wp-json\/wp\/v2\/product\/39336","targetHints":{"allow":["GET"]}}],"collection":[{"href":"https:\/\/www.axiomams.eu\/lv\/wp-json\/wp\/v2\/product"}],"about":[{"href":"https:\/\/www.axiomams.eu\/lv\/wp-json\/wp\/v2\/types\/product"}],"replies":[{"embeddable":true,"href":"https:\/\/www.axiomams.eu\/lv\/wp-json\/wp\/v2\/comments?post=39336"}],"wp:featuredmedia":[{"embeddable":true,"href":"https:\/\/www.axiomams.eu\/lv\/wp-json\/wp\/v2\/media\/42389"}],"wp:attachment":[{"href":"https:\/\/www.axiomams.eu\/lv\/wp-json\/wp\/v2\/media?parent=39336"}],"wp:term":[{"taxonomy":"product_brand","embeddable":true,"href":"https:\/\/www.axiomams.eu\/lv\/wp-json\/wp\/v2\/product_brand?post=39336"},{"taxonomy":"product_cat","embeddable":true,"href":"https:\/\/www.axiomams.eu\/lv\/wp-json\/wp\/v2\/product_cat?post=39336"},{"taxonomy":"product_tag","embeddable":true,"href":"https:\/\/www.axiomams.eu\/lv\/wp-json\/wp\/v2\/product_tag?post=39336"}],"curies":[{"name":"wp","href":"https:\/\/api.w.org\/{rel}","templated":true}]}}