{"id":39337,"date":"2025-05-15T17:56:41","date_gmt":"2025-05-15T15:56:41","guid":{"rendered":"https:\/\/www.axiomams.eu\/produktas\/proceq-pundit-pi8000-betona-palu-testeris"},"modified":"2026-03-25T17:01:37","modified_gmt":"2026-03-25T15:01:37","slug":"proceq-pundit-pi8000-betona-palu-testeris","status":"publish","type":"product","link":"https:\/\/www.axiomams.eu\/lv\/produktas\/proceq-pundit-pi8000-betona-palu-testeris","title":{"rendered":"Proceq Pundit PI8000 betona p\u0101\u013cu testeris"},"content":{"rendered":"<p>p\u0101\u013cu kvalit\u0101tes p\u0101rbaude, betona pl\u0101tnes biezuma m\u0113r\u012b\u0161ana un defektu noteik\u0161ana.<\/p>\n<p>&#8211; Automatiz\u0113ta impulsa \u0101truma kalibr\u0113\u0161ana<br \/>\n&#8211; Automatiz\u0113ti pastiprin\u0101juma iestat\u012bjumi<br \/>\n&#8211; Atbalst\u012bti liela diametra p\u0101\u013ci<br \/>\n&#8211; Visu p\u0101\u013cu sal\u012bdzin\u0101\u0161ana vien\u0101 viet\u0101<br \/>\n&#8211; Vienreiz\u0113ja vai elast\u012bga siltuma karte trieciena atbalsij<br \/>\n&#8211; Defektu\/objektu mar\u0137\u0113\u0161ana<br \/>\n&#8211; Dienasgr\u0101mata piln\u012bgai test\u0113\u0161anas izsekojam\u012bbai un vienk\u0101r\u0161otai p\u0101rskatu veido\u0161anai<br \/>\n&#8211; Vienlaic\u012bga filtru iestat\u012bjumu piem\u0113ro\u0161ana visiem p\u0101\u013ciem<\/p>\n<p>Tehnisk\u0101s specifik\u0101cijas<br \/>\n&#8211; Diapazons: >35 kHz, +\/- 50 g<br \/>\n&#8211; Rezonanses frekvence: > 50 kHz<br \/>\n&#8211; Paraugu \u0146em\u0161anas frekvence: 400 kSPS<br \/>\n&#8211; Svars: 144 g (ieskaitot akumulatoru)<br \/>\n&#8211; Akumulators: AA, parasta vai uzl\u0101d\u0113jama<br \/>\n&#8211; Izm\u0113ri: 85 x 56 x 59 mm<br \/>\n&#8211; Savienojumi: Bluetooth, USB-C<\/p>\n<p>PUNDIT PI8000 IMPACT ECHO + PILE INTEGRIT\u0100TES SENSORA KOMPLEKTS, kas sast\u0101v no: PI8000 zonde, USB kabelis no A uz USB C 1,0 m, AA NiMH uzl\u0101d\u0113jams akumulators 2300 mAh, n\u0113s\u0101\u0161anas siksna, \u0101murs, tepe, \u0101tras lieto\u0161anas rokasgr\u0101mata un produkta sertifik\u0101ti, somi\u0146a.<\/p>\n<h3>Tehnisk\u0101 inform\u0101cija:<\/h3>\n<ul>\n<li><a href=\"https:\/\/axiomams.eu\/importer\/export\/attachments\/en\/proceq-pi8000.pdf\" target=\"_blank\">Proceq PI8000.pdf<\/a><\/li>\n<\/ul>\n","protected":false},"excerpt":{"rendered":"<p>p\u0101\u013cu kvalit\u0101tes p\u0101rbaude, betona pl\u0101tnes biezuma m\u0113r\u012b\u0161ana un defektu noteik\u0161ana. &#8211; Automatiz\u0113ta impulsa \u0101truma kalibr\u0113\u0161ana &#8211; Automatiz\u0113ti pastiprin\u0101juma iestat\u012bjumi &#8211; Atbalst\u012bti liela diametra p\u0101\u013ci &#8211; Visu p\u0101\u013cu sal\u012bdzin\u0101\u0161ana vien\u0101 viet\u0101 &#8211; Vienreiz\u0113ja vai elast\u012bga siltuma karte trieciena atbalsij &#8211; Defektu\/objektu mar\u0137\u0113\u0161ana &#8211; Dienasgr\u0101mata piln\u012bgai test\u0113\u0161anas izsekojam\u012bbai un vienk\u0101r\u0161otai p\u0101rskatu veido\u0161anai &#8211; Vienlaic\u012bga filtru iestat\u012bjumu piem\u0113ro\u0161ana&#8230;<\/p>\n","protected":false},"featured_media":42391,"comment_status":"open","ping_status":"closed","template":"","meta":{"_acf_changed":false},"product_brand":[988],"product_cat":[17736],"product_tag":[],"class_list":{"0":"post-39337","1":"product","2":"type-product","3":"status-publish","4":"has-post-thumbnail","6":"product_brand-proceq","7":"product_cat-betona-konstrukciju-izpetei","9":"first","10":"instock","11":"taxable","12":"shipping-taxable","13":"product-type-simple"},"acf":[],"yoast_head":"<!-- This site is optimized with the Yoast SEO plugin v27.0 - https:\/\/yoast.com\/product\/yoast-seo-wordpress\/ -->\n<title>Proceq Pundit PI8000 betona p\u0101\u013cu testeris - AXIOMA MS<\/title>\n<meta name=\"robots\" content=\"index, follow, max-snippet:-1, max-image-preview:large, max-video-preview:-1\" \/>\n<link rel=\"canonical\" href=\"https:\/\/www.axiomams.eu\/lv\/produktas\/proceq-pundit-pi8000-betona-palu-testeris\" \/>\n<meta property=\"og:locale\" content=\"lv_LV\" \/>\n<meta property=\"og:type\" content=\"article\" \/>\n<meta property=\"og:title\" content=\"Proceq Pundit PI8000 betona p\u0101\u013cu testeris - AXIOMA MS\" \/>\n<meta property=\"og:description\" content=\"p\u0101\u013cu kvalit\u0101tes p\u0101rbaude, betona pl\u0101tnes biezuma m\u0113r\u012b\u0161ana un defektu noteik\u0161ana. &#8211; Automatiz\u0113ta impulsa \u0101truma kalibr\u0113\u0161ana &#8211; Automatiz\u0113ti pastiprin\u0101juma iestat\u012bjumi &#8211; Atbalst\u012bti liela diametra p\u0101\u013ci &#8211; Visu p\u0101\u013cu sal\u012bdzin\u0101\u0161ana vien\u0101 viet\u0101 &#8211; Vienreiz\u0113ja vai elast\u012bga siltuma karte trieciena atbalsij &#8211; Defektu\/objektu mar\u0137\u0113\u0161ana &#8211; Dienasgr\u0101mata piln\u012bgai test\u0113\u0161anas izsekojam\u012bbai un vienk\u0101r\u0161otai p\u0101rskatu veido\u0161anai &#8211; Vienlaic\u012bga filtru iestat\u012bjumu piem\u0113ro\u0161ana...\" \/>\n<meta property=\"og:url\" content=\"https:\/\/www.axiomams.eu\/lv\/produktas\/proceq-pundit-pi8000-betona-palu-testeris\" \/>\n<meta property=\"og:site_name\" content=\"AXIOMA MS\" \/>\n<meta property=\"article:publisher\" content=\"https:\/\/www.facebook.com\/AxiomaMS\" \/>\n<meta property=\"article:modified_time\" content=\"2026-03-25T15:01:37+00:00\" \/>\n<meta property=\"og:image\" content=\"https:\/\/www.axiomams.eu\/wp-content\/uploads\/2025\/07\/3462-6056.jpg\" \/>\n\t<meta property=\"og:image:width\" content=\"1020\" \/>\n\t<meta property=\"og:image:height\" content=\"1020\" \/>\n\t<meta property=\"og:image:type\" content=\"image\/jpeg\" \/>\n<meta name=\"twitter:card\" content=\"summary_large_image\" \/>\n<meta name=\"twitter:label1\" content=\"Est. reading time\" \/>\n\t<meta name=\"twitter:data1\" content=\"1 minute\" \/>\n<script type=\"application\/ld+json\" class=\"yoast-schema-graph\">{\"@context\":\"https:\/\/schema.org\",\"@graph\":[{\"@type\":\"WebPage\",\"@id\":\"https:\/\/www.axiomams.eu\/lv\/produktas\/proceq-pundit-pi8000-betona-palu-testeris\",\"url\":\"https:\/\/www.axiomams.eu\/lv\/produktas\/proceq-pundit-pi8000-betona-palu-testeris\",\"name\":\"Proceq Pundit PI8000 betona p\u0101\u013cu testeris - AXIOMA MS\",\"isPartOf\":{\"@id\":\"https:\/\/www.axiomams.eu\/lv#website\"},\"primaryImageOfPage\":{\"@id\":\"https:\/\/www.axiomams.eu\/lv\/produktas\/proceq-pundit-pi8000-betona-palu-testeris#primaryimage\"},\"image\":{\"@id\":\"https:\/\/www.axiomams.eu\/lv\/produktas\/proceq-pundit-pi8000-betona-palu-testeris#primaryimage\"},\"thumbnailUrl\":\"https:\/\/www.axiomams.eu\/wp-content\/uploads\/2025\/07\/3462-6056.jpg\",\"datePublished\":\"2025-05-15T15:56:41+00:00\",\"dateModified\":\"2026-03-25T15:01:37+00:00\",\"breadcrumb\":{\"@id\":\"https:\/\/www.axiomams.eu\/lv\/produktas\/proceq-pundit-pi8000-betona-palu-testeris#breadcrumb\"},\"inLanguage\":\"lv-LV\",\"potentialAction\":[{\"@type\":\"ReadAction\",\"target\":[\"https:\/\/www.axiomams.eu\/lv\/produktas\/proceq-pundit-pi8000-betona-palu-testeris\"]}]},{\"@type\":\"ImageObject\",\"inLanguage\":\"lv-LV\",\"@id\":\"https:\/\/www.axiomams.eu\/lv\/produktas\/proceq-pundit-pi8000-betona-palu-testeris#primaryimage\",\"url\":\"https:\/\/www.axiomams.eu\/wp-content\/uploads\/2025\/07\/3462-6056.jpg\",\"contentUrl\":\"https:\/\/www.axiomams.eu\/wp-content\/uploads\/2025\/07\/3462-6056.jpg\",\"width\":1020,\"height\":1020},{\"@type\":\"BreadcrumbList\",\"@id\":\"https:\/\/www.axiomams.eu\/lv\/produktas\/proceq-pundit-pi8000-betona-palu-testeris#breadcrumb\",\"itemListElement\":[{\"@type\":\"ListItem\",\"position\":1,\"name\":\"Home\",\"item\":\"https:\/\/www.axiomams.eu\/lv\"},{\"@type\":\"ListItem\",\"position\":2,\"name\":\"Produkti\",\"item\":\"https:\/\/www.axiomams.eu\/lv\/produkti\"},{\"@type\":\"ListItem\",\"position\":3,\"name\":\"Proceq Pundit PI8000 betona p\u0101\u013cu testeris\"}]},{\"@type\":\"WebSite\",\"@id\":\"https:\/\/www.axiomams.eu\/lv#website\",\"url\":\"https:\/\/www.axiomams.eu\/lv\",\"name\":\"AXIOMA MS\",\"description\":\"Terrmovizoriai ir matavimo \u012franga\",\"publisher\":{\"@id\":\"https:\/\/www.axiomams.eu\/lv#organization\"},\"potentialAction\":[{\"@type\":\"SearchAction\",\"target\":{\"@type\":\"EntryPoint\",\"urlTemplate\":\"https:\/\/www.axiomams.eu\/lv?s={search_term_string}\"},\"query-input\":{\"@type\":\"PropertyValueSpecification\",\"valueRequired\":true,\"valueName\":\"search_term_string\"}}],\"inLanguage\":\"lv-LV\"},{\"@type\":\"Organization\",\"@id\":\"https:\/\/www.axiomams.eu\/lv#organization\",\"name\":\"AXIOMA MS\",\"url\":\"https:\/\/www.axiomams.eu\/lv\",\"logo\":{\"@type\":\"ImageObject\",\"inLanguage\":\"lv-LV\",\"@id\":\"https:\/\/www.axiomams.eu\/lv#\/schema\/logo\/image\/\",\"url\":\"https:\/\/www.axiomams.eu\/wp-content\/uploads\/2025\/06\/axioma-logo-2.png\",\"contentUrl\":\"https:\/\/www.axiomams.eu\/wp-content\/uploads\/2025\/06\/axioma-logo-2.png\",\"width\":1200,\"height\":1200,\"caption\":\"AXIOMA MS\"},\"image\":{\"@id\":\"https:\/\/www.axiomams.eu\/lv#\/schema\/logo\/image\/\"},\"sameAs\":[\"https:\/\/www.facebook.com\/AxiomaMS\",\"https:\/\/www.linkedin.com\/company\/axiomams\/\"]}]}<\/script>\n<!-- \/ Yoast SEO plugin. -->","yoast_head_json":{"title":"Proceq Pundit PI8000 betona p\u0101\u013cu testeris - AXIOMA MS","robots":{"index":"index","follow":"follow","max-snippet":"max-snippet:-1","max-image-preview":"max-image-preview:large","max-video-preview":"max-video-preview:-1"},"canonical":"https:\/\/www.axiomams.eu\/lv\/produktas\/proceq-pundit-pi8000-betona-palu-testeris","og_locale":"lv_LV","og_type":"article","og_title":"Proceq Pundit PI8000 betona p\u0101\u013cu testeris - AXIOMA MS","og_description":"p\u0101\u013cu kvalit\u0101tes p\u0101rbaude, betona pl\u0101tnes biezuma m\u0113r\u012b\u0161ana un defektu noteik\u0161ana. &#8211; Automatiz\u0113ta impulsa \u0101truma kalibr\u0113\u0161ana &#8211; Automatiz\u0113ti pastiprin\u0101juma iestat\u012bjumi &#8211; Atbalst\u012bti liela diametra p\u0101\u013ci &#8211; Visu p\u0101\u013cu sal\u012bdzin\u0101\u0161ana vien\u0101 viet\u0101 &#8211; Vienreiz\u0113ja vai elast\u012bga siltuma karte trieciena atbalsij &#8211; Defektu\/objektu mar\u0137\u0113\u0161ana &#8211; Dienasgr\u0101mata piln\u012bgai test\u0113\u0161anas izsekojam\u012bbai un vienk\u0101r\u0161otai p\u0101rskatu veido\u0161anai &#8211; Vienlaic\u012bga filtru iestat\u012bjumu piem\u0113ro\u0161ana...","og_url":"https:\/\/www.axiomams.eu\/lv\/produktas\/proceq-pundit-pi8000-betona-palu-testeris","og_site_name":"AXIOMA MS","article_publisher":"https:\/\/www.facebook.com\/AxiomaMS","article_modified_time":"2026-03-25T15:01:37+00:00","og_image":[{"width":1020,"height":1020,"url":"https:\/\/www.axiomams.eu\/wp-content\/uploads\/2025\/07\/3462-6056.jpg","type":"image\/jpeg"}],"twitter_card":"summary_large_image","twitter_misc":{"Est. reading time":"1 minute"},"schema":{"@context":"https:\/\/schema.org","@graph":[{"@type":"WebPage","@id":"https:\/\/www.axiomams.eu\/lv\/produktas\/proceq-pundit-pi8000-betona-palu-testeris","url":"https:\/\/www.axiomams.eu\/lv\/produktas\/proceq-pundit-pi8000-betona-palu-testeris","name":"Proceq Pundit PI8000 betona p\u0101\u013cu testeris - AXIOMA MS","isPartOf":{"@id":"https:\/\/www.axiomams.eu\/lv#website"},"primaryImageOfPage":{"@id":"https:\/\/www.axiomams.eu\/lv\/produktas\/proceq-pundit-pi8000-betona-palu-testeris#primaryimage"},"image":{"@id":"https:\/\/www.axiomams.eu\/lv\/produktas\/proceq-pundit-pi8000-betona-palu-testeris#primaryimage"},"thumbnailUrl":"https:\/\/www.axiomams.eu\/wp-content\/uploads\/2025\/07\/3462-6056.jpg","datePublished":"2025-05-15T15:56:41+00:00","dateModified":"2026-03-25T15:01:37+00:00","breadcrumb":{"@id":"https:\/\/www.axiomams.eu\/lv\/produktas\/proceq-pundit-pi8000-betona-palu-testeris#breadcrumb"},"inLanguage":"lv-LV","potentialAction":[{"@type":"ReadAction","target":["https:\/\/www.axiomams.eu\/lv\/produktas\/proceq-pundit-pi8000-betona-palu-testeris"]}]},{"@type":"ImageObject","inLanguage":"lv-LV","@id":"https:\/\/www.axiomams.eu\/lv\/produktas\/proceq-pundit-pi8000-betona-palu-testeris#primaryimage","url":"https:\/\/www.axiomams.eu\/wp-content\/uploads\/2025\/07\/3462-6056.jpg","contentUrl":"https:\/\/www.axiomams.eu\/wp-content\/uploads\/2025\/07\/3462-6056.jpg","width":1020,"height":1020},{"@type":"BreadcrumbList","@id":"https:\/\/www.axiomams.eu\/lv\/produktas\/proceq-pundit-pi8000-betona-palu-testeris#breadcrumb","itemListElement":[{"@type":"ListItem","position":1,"name":"Home","item":"https:\/\/www.axiomams.eu\/lv"},{"@type":"ListItem","position":2,"name":"Produkti","item":"https:\/\/www.axiomams.eu\/lv\/produkti"},{"@type":"ListItem","position":3,"name":"Proceq Pundit PI8000 betona p\u0101\u013cu testeris"}]},{"@type":"WebSite","@id":"https:\/\/www.axiomams.eu\/lv#website","url":"https:\/\/www.axiomams.eu\/lv","name":"AXIOMA MS","description":"Terrmovizoriai ir matavimo \u012franga","publisher":{"@id":"https:\/\/www.axiomams.eu\/lv#organization"},"potentialAction":[{"@type":"SearchAction","target":{"@type":"EntryPoint","urlTemplate":"https:\/\/www.axiomams.eu\/lv?s={search_term_string}"},"query-input":{"@type":"PropertyValueSpecification","valueRequired":true,"valueName":"search_term_string"}}],"inLanguage":"lv-LV"},{"@type":"Organization","@id":"https:\/\/www.axiomams.eu\/lv#organization","name":"AXIOMA MS","url":"https:\/\/www.axiomams.eu\/lv","logo":{"@type":"ImageObject","inLanguage":"lv-LV","@id":"https:\/\/www.axiomams.eu\/lv#\/schema\/logo\/image\/","url":"https:\/\/www.axiomams.eu\/wp-content\/uploads\/2025\/06\/axioma-logo-2.png","contentUrl":"https:\/\/www.axiomams.eu\/wp-content\/uploads\/2025\/06\/axioma-logo-2.png","width":1200,"height":1200,"caption":"AXIOMA MS"},"image":{"@id":"https:\/\/www.axiomams.eu\/lv#\/schema\/logo\/image\/"},"sameAs":["https:\/\/www.facebook.com\/AxiomaMS","https:\/\/www.linkedin.com\/company\/axiomams\/"]}]}},"_links":{"self":[{"href":"https:\/\/www.axiomams.eu\/lv\/wp-json\/wp\/v2\/product\/39337","targetHints":{"allow":["GET"]}}],"collection":[{"href":"https:\/\/www.axiomams.eu\/lv\/wp-json\/wp\/v2\/product"}],"about":[{"href":"https:\/\/www.axiomams.eu\/lv\/wp-json\/wp\/v2\/types\/product"}],"replies":[{"embeddable":true,"href":"https:\/\/www.axiomams.eu\/lv\/wp-json\/wp\/v2\/comments?post=39337"}],"wp:featuredmedia":[{"embeddable":true,"href":"https:\/\/www.axiomams.eu\/lv\/wp-json\/wp\/v2\/media\/42391"}],"wp:attachment":[{"href":"https:\/\/www.axiomams.eu\/lv\/wp-json\/wp\/v2\/media?parent=39337"}],"wp:term":[{"taxonomy":"product_brand","embeddable":true,"href":"https:\/\/www.axiomams.eu\/lv\/wp-json\/wp\/v2\/product_brand?post=39337"},{"taxonomy":"product_cat","embeddable":true,"href":"https:\/\/www.axiomams.eu\/lv\/wp-json\/wp\/v2\/product_cat?post=39337"},{"taxonomy":"product_tag","embeddable":true,"href":"https:\/\/www.axiomams.eu\/lv\/wp-json\/wp\/v2\/product_tag?post=39337"}],"curies":[{"name":"wp","href":"https:\/\/api.w.org\/{rel}","templated":true}]}}