{"id":39338,"date":"2025-05-15T18:06:43","date_gmt":"2025-05-15T16:06:43","guid":{"rendered":"https:\/\/www.axiomams.eu\/produktas\/hioki-pw3390-jaudas-analizators"},"modified":"2026-03-25T17:01:37","modified_gmt":"2026-03-25T15:01:37","slug":"hioki-pw3390-jaudas-analizators","status":"publish","type":"product","link":"https:\/\/www.axiomams.eu\/lv\/produktas\/hioki-pw3390-jaudas-analizators","title":{"rendered":"HIOKI PW3390 jaudas analizators"},"content":{"rendered":"<p>Hioki PW 3390 jaudas m\u0113r\u012bt\u0101js ir augstas precizit\u0101tes, pla\u0161a diapazona jaudas analizators elektroener\u0123ijas m\u0113r\u012b\u0161anai no l\u012bdzstr\u0101vas l\u012bdz invertora frekvenc\u0113m, kas nodro\u0161ina \u010detrus ieejas kan\u0101lus, lai atbalst\u012btu vienf\u0101zes un tr\u012bsf\u0101\u017eu invertora motoru sist\u0113mas.<\/p>\n<p>M\u0113r\u012b\u0161anas l\u012bnijas tips: Vienf\u0101zes 2 vadu, vienf\u0101zes 3 vadu, tr\u012bsf\u0101\u017eu 3 vadu, tr\u012bsf\u0101\u017eu 4 vadu, sprieguma 4 kan\u0101li, str\u0101vas 4 kan\u0101li, izol\u0101cija starp katru kan\u0101lu.<\/p>\n<p>M\u0113r\u012bjumu elementi: Spriegums, sprieguma vid\u0113j\u0101 v\u0113rt\u012bba, sprieguma vid\u0113j\u0101s v\u0113rt\u012bbas iztaisnojuma vid\u0113j\u0101s v\u0113rt\u012bbas ekvivalents, sprieguma mai\u0146str\u0101vas komponente, sprieguma vienk\u0101r\u0161ais vid\u0113jais lielums, sprieguma pamatvi\u013c\u0146u komponente, sprieguma vi\u013c\u0146u formas maksimums +, sprieguma vi\u013c\u0146u formas maksimums -, sprieguma kop\u0113jie harmoniskie krop\u013cojumi, sprieguma puls\u0101ciju koeficients, sprieguma nesabalans\u0113t\u012bbas koeficients, str\u0101vas vid\u0113j\u0101 v\u0113rt\u012bba, str\u0101vas vid\u0113j\u0101s v\u0113rt\u012bbas iztaisnojuma vid\u0113j\u0101s v\u0113rt\u012bbas ekvivalents, str\u0101vas mai\u0146str\u0101vas komponente, str\u0101vas vienk\u0101r\u0161ais vid\u0113jais lielums, str\u0101vas pamatvi\u013c\u0146u komponente, str\u0101vas vi\u013c\u0146u formas maksimums +, str\u0101vas vi\u013c\u0146u formas maksimums -, str\u0101vas kop\u0113jie harmoniskie krop\u013cojumi, str\u0101vas puls\u0101ciju koeficients, str\u0101vas nesabalans\u0113t\u012bbas koeficients, akt\u012bv\u0101 jauda, \u0161\u0137ietam\u0101 jauda, reakt\u012bv\u0101 jauda, jaudas koeficients, sprieguma f\u0101zes le\u0146\u0137is, str\u0101vas f\u0101zes le\u0146\u0137is, jaudas f\u0101zes le\u0146\u0137is, pozit\u012bv\u0101s virziena str\u0101vas lielums, negat\u012bv\u0101s virziena str\u0101vas lielums, pozit\u012bv\u0101s un negat\u012bv\u0101s virziena str\u0101vas lielumu summa, pozit\u012bv\u0101s virziena jaudas lielums, negat\u012bv\u0101s virziena jaudas lielums, pozit\u012bv\u0101s un negat\u012bv\u0101s virziena jaudas lielumu summa, efektivit\u0101te, zudumi, str\u0101vas integr\u0113\u0161ana, akt\u012bv\u0101s jaudas integr\u0113\u0161ana<\/p>\n<p>Tikai PW3390-03: Griezes moments, rot\u0101cija, frekvence, sl\u012bd\u0113\u0161ana vai motora jauda<\/p>\n<p>Harmonikas m\u0113r\u012bjumi<br \/>\nIeeja: 4 ch, sinhroniz\u0101cijas frekvences diapazons: 0,5 Hz &#8230; 5 kHz<br \/>\nHarmonisko k\u0101rtu skaits: Maksim\u0101lais harmonisko ska\u0146u skaits: 1. 100. k\u0101rta<\/p>\n<p>Trok\u0161\u0146a m\u0113r\u012b\u0161ana:<br \/>\nKan\u0101lu skaits: 1 kan\u0101ls (izv\u0113lieties vienu kan\u0101lu no CH1 l\u012bdz CH4)<br \/>\nMaksim\u0101l\u0101 anal\u012bzes frekvence: 200 k\/ 50 k\/ 20 k\/ 10 k\/ 5 k\/ 5 k\/ 2 kHz<\/p>\n<p>Motora anal\u012bze (tikai PW3390-03):<br \/>\nIevads: 3 ch (CH A, CH B, CH Z)<br \/>\nM\u0113r\u012b\u0161anas parametri: Spriegums, griezes moments, grie\u0161an\u0101s \u0101trums, frekvence, sl\u012bd\u0113\u0161ana un motora jauda.<\/p>\n<p>M\u0113r\u012b\u0161anas diapazons:<br \/>\nSprieguma diapazons: 15 V &#8230; 1500 V, 7 diapazoni<br \/>\nStr\u0101vas diapazons: 0,1 A &#8230; 20 kA (atkar\u012bgs no str\u0101vas sensora)<\/p>\n<p>Efekt\u012bv\u0101s m\u0113r\u012b\u0161anas jaudas diapazons: 0,0150 W &#8230; 39,600 MW (nosaka autom\u0101tiski p\u0113c sprieguma diapazona, str\u0101vas diapazona un m\u0113r\u012bjumu l\u012bnijas kombin\u0101cijas)<\/p>\n<p>Pamata precizit\u0101te (45 Hz &#8230; 66 Hz)<br \/>\nSpriegums: \u00b10,04 % rdg. \u00b10,05 % f.s.<br \/>\nStr\u0101va: \u00b10,04 % rdg. \u00b10,05 % f.s. + str\u0101vas sensora precizit\u0101te<br \/>\nAkt\u012bv\u0101 jauda: \u00b10,04 % rdg. \u00b10,05 % f.s. + str\u0101vas sensora precizit\u0101te<\/p>\n<p>Sinhroniz\u0101cijas frekvences diapazons: 0,5 Hz &#8230; 5 kHz<br \/>\nFrekven\u010du diapazons: L\u012bdzstr\u0101vas, 0,5 Hz &#8230; 200 kHz<br \/>\nDatu atjaunin\u0101\u0161anas \u0101trums: 50 ms<br \/>\nDispleja atjauno\u0161anas \u0101trums: 200 ms<br \/>\nAutom\u0101tisk\u0101s saglab\u0101\u0161anas funkcijas: Katra v\u0113rt\u012bba tiek saglab\u0101ta CF kart\u0113 katr\u0101 m\u0113r\u012bjumu interv\u0101l\u0101 (nav pieejama USB atmi\u0146ai), OFF, 50 msec &#8230; 500 msec, 1 s &#8230; 30 sek, 1 min &#8230; 60 min\u016btes, 15 iestat\u012bjumi<br \/>\n\u0100r\u0113j\u0101s saskarnes: LAN, USB (sazi\u0146ai\/atmi\u0146ai), RS-232C (sazi\u0146ai\/LR8410 saitei), CF karte, sinhroniz\u0101cijas vad\u012bba, \u0101r\u0113j\u0101 vad\u012bba<br \/>\nRe\u0123istratora savienojam\u012bba: Izmantojot Bluetooth bezvadu tehnolo\u0123ijas s\u0113rijveida konversijas adapteri, izm\u0113r\u012bt\u0101s v\u0113rt\u012bbas bezvadu re\u017e\u012bm\u0101 nos\u016bta uz re\u0123istratoru.<br \/>\nBaro\u0161anas avots: 100 V &#8230; 240 V mai\u0146str\u0101vas, 50\/60 Hz, 140 VA maks.<br \/>\nIzm\u0113ri: 340 x 170 x 156 mm<br \/>\nSvars: 4,6 kg<\/p>\n<p>Standarta komplekts: Hioki PW3390, lieto\u0161anas instrukcija, baro\u0161anas vads, m\u0113r\u012bjumu rokasgr\u0101mata, USB kabelis, ieejas vada eti\u0137ete, D-sub savienot\u0101js (PW3390-02, PW3390-03).<\/p>\n<h3>Tehnisk\u0101 inform\u0101cija:<\/h3>\n<ul>\n<li><a href=\"https:\/\/axiomams.eu\/importer\/export\/attachments\/en\/hioki-pw3390.pdf\" target=\"_blank\">Hioki PW3390.pdf<\/a><\/li>\n<\/ul>\n","protected":false},"excerpt":{"rendered":"<p>Hioki PW 3390 jaudas m\u0113r\u012bt\u0101js ir augstas precizit\u0101tes, pla\u0161a diapazona jaudas analizators elektroener\u0123ijas m\u0113r\u012b\u0161anai no l\u012bdzstr\u0101vas l\u012bdz invertora frekvenc\u0113m, kas nodro\u0161ina \u010detrus ieejas kan\u0101lus, lai atbalst\u012btu vienf\u0101zes un tr\u012bsf\u0101\u017eu invertora motoru sist\u0113mas. M\u0113r\u012b\u0161anas l\u012bnijas tips: Vienf\u0101zes 2 vadu, vienf\u0101zes 3 vadu, tr\u012bsf\u0101\u017eu 3 vadu, tr\u012bsf\u0101\u017eu 4 vadu, sprieguma 4 kan\u0101li, str\u0101vas 4 kan\u0101li, izol\u0101cija starp&#8230;<\/p>\n","protected":false},"featured_media":42393,"comment_status":"open","ping_status":"closed","template":"","meta":{"_acf_changed":false},"product_brand":[1112],"product_cat":[17758],"product_tag":[],"class_list":{"0":"post-39338","1":"product","2":"type-product","3":"status-publish","4":"has-post-thumbnail","6":"product_brand-hioki","7":"product_cat-jauda-analizei","9":"first","10":"instock","11":"taxable","12":"shipping-taxable","13":"product-type-simple"},"acf":[],"yoast_head":"<!-- This site is optimized with the Yoast SEO plugin v27.0 - https:\/\/yoast.com\/product\/yoast-seo-wordpress\/ -->\n<title>HIOKI PW3390 jaudas analizators - AXIOMA MS<\/title>\n<meta name=\"robots\" content=\"index, follow, max-snippet:-1, max-image-preview:large, max-video-preview:-1\" \/>\n<link rel=\"canonical\" href=\"https:\/\/www.axiomams.eu\/lv\/produktas\/hioki-pw3390-jaudas-analizators\" \/>\n<meta property=\"og:locale\" content=\"lv_LV\" \/>\n<meta property=\"og:type\" content=\"article\" \/>\n<meta property=\"og:title\" content=\"HIOKI PW3390 jaudas analizators - AXIOMA MS\" \/>\n<meta property=\"og:description\" content=\"Hioki PW 3390 jaudas m\u0113r\u012bt\u0101js ir augstas precizit\u0101tes, pla\u0161a diapazona jaudas analizators elektroener\u0123ijas m\u0113r\u012b\u0161anai no l\u012bdzstr\u0101vas l\u012bdz invertora frekvenc\u0113m, kas nodro\u0161ina \u010detrus ieejas kan\u0101lus, lai atbalst\u012btu vienf\u0101zes un tr\u012bsf\u0101\u017eu invertora motoru sist\u0113mas. M\u0113r\u012b\u0161anas l\u012bnijas tips: Vienf\u0101zes 2 vadu, vienf\u0101zes 3 vadu, tr\u012bsf\u0101\u017eu 3 vadu, tr\u012bsf\u0101\u017eu 4 vadu, sprieguma 4 kan\u0101li, str\u0101vas 4 kan\u0101li, izol\u0101cija starp...\" \/>\n<meta property=\"og:url\" content=\"https:\/\/www.axiomams.eu\/lv\/produktas\/hioki-pw3390-jaudas-analizators\" \/>\n<meta property=\"og:site_name\" content=\"AXIOMA MS\" \/>\n<meta property=\"article:publisher\" content=\"https:\/\/www.facebook.com\/AxiomaMS\" \/>\n<meta property=\"article:modified_time\" content=\"2026-03-25T15:01:37+00:00\" \/>\n<meta property=\"og:image\" content=\"https:\/\/www.axiomams.eu\/wp-content\/uploads\/2025\/07\/2761-3592.jpg\" \/>\n\t<meta property=\"og:image:width\" content=\"1275\" \/>\n\t<meta property=\"og:image:height\" content=\"1020\" \/>\n\t<meta property=\"og:image:type\" content=\"image\/jpeg\" \/>\n<meta name=\"twitter:card\" content=\"summary_large_image\" \/>\n<meta name=\"twitter:label1\" content=\"Est. reading time\" \/>\n\t<meta name=\"twitter:data1\" content=\"3 minutes\" \/>\n<script type=\"application\/ld+json\" class=\"yoast-schema-graph\">{\"@context\":\"https:\/\/schema.org\",\"@graph\":[{\"@type\":\"WebPage\",\"@id\":\"https:\/\/www.axiomams.eu\/lv\/produktas\/hioki-pw3390-jaudas-analizators\",\"url\":\"https:\/\/www.axiomams.eu\/lv\/produktas\/hioki-pw3390-jaudas-analizators\",\"name\":\"HIOKI PW3390 jaudas analizators - AXIOMA MS\",\"isPartOf\":{\"@id\":\"https:\/\/www.axiomams.eu\/lv#website\"},\"primaryImageOfPage\":{\"@id\":\"https:\/\/www.axiomams.eu\/lv\/produktas\/hioki-pw3390-jaudas-analizators#primaryimage\"},\"image\":{\"@id\":\"https:\/\/www.axiomams.eu\/lv\/produktas\/hioki-pw3390-jaudas-analizators#primaryimage\"},\"thumbnailUrl\":\"https:\/\/www.axiomams.eu\/wp-content\/uploads\/2025\/07\/2761-3592.jpg\",\"datePublished\":\"2025-05-15T16:06:43+00:00\",\"dateModified\":\"2026-03-25T15:01:37+00:00\",\"breadcrumb\":{\"@id\":\"https:\/\/www.axiomams.eu\/lv\/produktas\/hioki-pw3390-jaudas-analizators#breadcrumb\"},\"inLanguage\":\"lv-LV\",\"potentialAction\":[{\"@type\":\"ReadAction\",\"target\":[\"https:\/\/www.axiomams.eu\/lv\/produktas\/hioki-pw3390-jaudas-analizators\"]}]},{\"@type\":\"ImageObject\",\"inLanguage\":\"lv-LV\",\"@id\":\"https:\/\/www.axiomams.eu\/lv\/produktas\/hioki-pw3390-jaudas-analizators#primaryimage\",\"url\":\"https:\/\/www.axiomams.eu\/wp-content\/uploads\/2025\/07\/2761-3592.jpg\",\"contentUrl\":\"https:\/\/www.axiomams.eu\/wp-content\/uploads\/2025\/07\/2761-3592.jpg\",\"width\":1275,\"height\":1020},{\"@type\":\"BreadcrumbList\",\"@id\":\"https:\/\/www.axiomams.eu\/lv\/produktas\/hioki-pw3390-jaudas-analizators#breadcrumb\",\"itemListElement\":[{\"@type\":\"ListItem\",\"position\":1,\"name\":\"Home\",\"item\":\"https:\/\/www.axiomams.eu\/lv\"},{\"@type\":\"ListItem\",\"position\":2,\"name\":\"Produkti\",\"item\":\"https:\/\/www.axiomams.eu\/lv\/produkti\"},{\"@type\":\"ListItem\",\"position\":3,\"name\":\"HIOKI PW3390 jaudas analizators\"}]},{\"@type\":\"WebSite\",\"@id\":\"https:\/\/www.axiomams.eu\/lv#website\",\"url\":\"https:\/\/www.axiomams.eu\/lv\",\"name\":\"AXIOMA MS\",\"description\":\"Terrmovizoriai ir matavimo \u012franga\",\"publisher\":{\"@id\":\"https:\/\/www.axiomams.eu\/lv#organization\"},\"potentialAction\":[{\"@type\":\"SearchAction\",\"target\":{\"@type\":\"EntryPoint\",\"urlTemplate\":\"https:\/\/www.axiomams.eu\/lv?s={search_term_string}\"},\"query-input\":{\"@type\":\"PropertyValueSpecification\",\"valueRequired\":true,\"valueName\":\"search_term_string\"}}],\"inLanguage\":\"lv-LV\"},{\"@type\":\"Organization\",\"@id\":\"https:\/\/www.axiomams.eu\/lv#organization\",\"name\":\"AXIOMA MS\",\"url\":\"https:\/\/www.axiomams.eu\/lv\",\"logo\":{\"@type\":\"ImageObject\",\"inLanguage\":\"lv-LV\",\"@id\":\"https:\/\/www.axiomams.eu\/lv#\/schema\/logo\/image\/\",\"url\":\"https:\/\/www.axiomams.eu\/wp-content\/uploads\/2025\/06\/axioma-logo-2.png\",\"contentUrl\":\"https:\/\/www.axiomams.eu\/wp-content\/uploads\/2025\/06\/axioma-logo-2.png\",\"width\":1200,\"height\":1200,\"caption\":\"AXIOMA MS\"},\"image\":{\"@id\":\"https:\/\/www.axiomams.eu\/lv#\/schema\/logo\/image\/\"},\"sameAs\":[\"https:\/\/www.facebook.com\/AxiomaMS\",\"https:\/\/www.linkedin.com\/company\/axiomams\/\"]}]}<\/script>\n<!-- \/ Yoast SEO plugin. -->","yoast_head_json":{"title":"HIOKI PW3390 jaudas analizators - AXIOMA MS","robots":{"index":"index","follow":"follow","max-snippet":"max-snippet:-1","max-image-preview":"max-image-preview:large","max-video-preview":"max-video-preview:-1"},"canonical":"https:\/\/www.axiomams.eu\/lv\/produktas\/hioki-pw3390-jaudas-analizators","og_locale":"lv_LV","og_type":"article","og_title":"HIOKI PW3390 jaudas analizators - AXIOMA MS","og_description":"Hioki PW 3390 jaudas m\u0113r\u012bt\u0101js ir augstas precizit\u0101tes, pla\u0161a diapazona jaudas analizators elektroener\u0123ijas m\u0113r\u012b\u0161anai no l\u012bdzstr\u0101vas l\u012bdz invertora frekvenc\u0113m, kas nodro\u0161ina \u010detrus ieejas kan\u0101lus, lai atbalst\u012btu vienf\u0101zes un tr\u012bsf\u0101\u017eu invertora motoru sist\u0113mas. M\u0113r\u012b\u0161anas l\u012bnijas tips: Vienf\u0101zes 2 vadu, vienf\u0101zes 3 vadu, tr\u012bsf\u0101\u017eu 3 vadu, tr\u012bsf\u0101\u017eu 4 vadu, sprieguma 4 kan\u0101li, str\u0101vas 4 kan\u0101li, izol\u0101cija starp...","og_url":"https:\/\/www.axiomams.eu\/lv\/produktas\/hioki-pw3390-jaudas-analizators","og_site_name":"AXIOMA MS","article_publisher":"https:\/\/www.facebook.com\/AxiomaMS","article_modified_time":"2026-03-25T15:01:37+00:00","og_image":[{"width":1275,"height":1020,"url":"https:\/\/www.axiomams.eu\/wp-content\/uploads\/2025\/07\/2761-3592.jpg","type":"image\/jpeg"}],"twitter_card":"summary_large_image","twitter_misc":{"Est. reading time":"3 minutes"},"schema":{"@context":"https:\/\/schema.org","@graph":[{"@type":"WebPage","@id":"https:\/\/www.axiomams.eu\/lv\/produktas\/hioki-pw3390-jaudas-analizators","url":"https:\/\/www.axiomams.eu\/lv\/produktas\/hioki-pw3390-jaudas-analizators","name":"HIOKI PW3390 jaudas analizators - AXIOMA MS","isPartOf":{"@id":"https:\/\/www.axiomams.eu\/lv#website"},"primaryImageOfPage":{"@id":"https:\/\/www.axiomams.eu\/lv\/produktas\/hioki-pw3390-jaudas-analizators#primaryimage"},"image":{"@id":"https:\/\/www.axiomams.eu\/lv\/produktas\/hioki-pw3390-jaudas-analizators#primaryimage"},"thumbnailUrl":"https:\/\/www.axiomams.eu\/wp-content\/uploads\/2025\/07\/2761-3592.jpg","datePublished":"2025-05-15T16:06:43+00:00","dateModified":"2026-03-25T15:01:37+00:00","breadcrumb":{"@id":"https:\/\/www.axiomams.eu\/lv\/produktas\/hioki-pw3390-jaudas-analizators#breadcrumb"},"inLanguage":"lv-LV","potentialAction":[{"@type":"ReadAction","target":["https:\/\/www.axiomams.eu\/lv\/produktas\/hioki-pw3390-jaudas-analizators"]}]},{"@type":"ImageObject","inLanguage":"lv-LV","@id":"https:\/\/www.axiomams.eu\/lv\/produktas\/hioki-pw3390-jaudas-analizators#primaryimage","url":"https:\/\/www.axiomams.eu\/wp-content\/uploads\/2025\/07\/2761-3592.jpg","contentUrl":"https:\/\/www.axiomams.eu\/wp-content\/uploads\/2025\/07\/2761-3592.jpg","width":1275,"height":1020},{"@type":"BreadcrumbList","@id":"https:\/\/www.axiomams.eu\/lv\/produktas\/hioki-pw3390-jaudas-analizators#breadcrumb","itemListElement":[{"@type":"ListItem","position":1,"name":"Home","item":"https:\/\/www.axiomams.eu\/lv"},{"@type":"ListItem","position":2,"name":"Produkti","item":"https:\/\/www.axiomams.eu\/lv\/produkti"},{"@type":"ListItem","position":3,"name":"HIOKI PW3390 jaudas analizators"}]},{"@type":"WebSite","@id":"https:\/\/www.axiomams.eu\/lv#website","url":"https:\/\/www.axiomams.eu\/lv","name":"AXIOMA MS","description":"Terrmovizoriai ir matavimo \u012franga","publisher":{"@id":"https:\/\/www.axiomams.eu\/lv#organization"},"potentialAction":[{"@type":"SearchAction","target":{"@type":"EntryPoint","urlTemplate":"https:\/\/www.axiomams.eu\/lv?s={search_term_string}"},"query-input":{"@type":"PropertyValueSpecification","valueRequired":true,"valueName":"search_term_string"}}],"inLanguage":"lv-LV"},{"@type":"Organization","@id":"https:\/\/www.axiomams.eu\/lv#organization","name":"AXIOMA MS","url":"https:\/\/www.axiomams.eu\/lv","logo":{"@type":"ImageObject","inLanguage":"lv-LV","@id":"https:\/\/www.axiomams.eu\/lv#\/schema\/logo\/image\/","url":"https:\/\/www.axiomams.eu\/wp-content\/uploads\/2025\/06\/axioma-logo-2.png","contentUrl":"https:\/\/www.axiomams.eu\/wp-content\/uploads\/2025\/06\/axioma-logo-2.png","width":1200,"height":1200,"caption":"AXIOMA MS"},"image":{"@id":"https:\/\/www.axiomams.eu\/lv#\/schema\/logo\/image\/"},"sameAs":["https:\/\/www.facebook.com\/AxiomaMS","https:\/\/www.linkedin.com\/company\/axiomams\/"]}]}},"_links":{"self":[{"href":"https:\/\/www.axiomams.eu\/lv\/wp-json\/wp\/v2\/product\/39338","targetHints":{"allow":["GET"]}}],"collection":[{"href":"https:\/\/www.axiomams.eu\/lv\/wp-json\/wp\/v2\/product"}],"about":[{"href":"https:\/\/www.axiomams.eu\/lv\/wp-json\/wp\/v2\/types\/product"}],"replies":[{"embeddable":true,"href":"https:\/\/www.axiomams.eu\/lv\/wp-json\/wp\/v2\/comments?post=39338"}],"wp:featuredmedia":[{"embeddable":true,"href":"https:\/\/www.axiomams.eu\/lv\/wp-json\/wp\/v2\/media\/42393"}],"wp:attachment":[{"href":"https:\/\/www.axiomams.eu\/lv\/wp-json\/wp\/v2\/media?parent=39338"}],"wp:term":[{"taxonomy":"product_brand","embeddable":true,"href":"https:\/\/www.axiomams.eu\/lv\/wp-json\/wp\/v2\/product_brand?post=39338"},{"taxonomy":"product_cat","embeddable":true,"href":"https:\/\/www.axiomams.eu\/lv\/wp-json\/wp\/v2\/product_cat?post=39338"},{"taxonomy":"product_tag","embeddable":true,"href":"https:\/\/www.axiomams.eu\/lv\/wp-json\/wp\/v2\/product_tag?post=39338"}],"curies":[{"name":"wp","href":"https:\/\/api.w.org\/{rel}","templated":true}]}}