{"id":39340,"date":"2025-05-15T18:07:06","date_gmt":"2025-05-15T16:07:06","guid":{"rendered":"https:\/\/www.axiomams.eu\/produktas\/hioki-pw6001-jaudas-analizators"},"modified":"2026-03-25T17:01:38","modified_gmt":"2026-03-25T15:01:38","slug":"hioki-pw6001-jaudas-analizators","status":"publish","type":"product","link":"https:\/\/www.axiomams.eu\/lv\/produktas\/hioki-pw6001-jaudas-analizators","title":{"rendered":"HIOKI PW6001 jaudas analizators"},"content":{"rendered":"<p>Hioki PW6001 stacion\u0101rie jaudas m\u0113r\u012bt\u0101ji un jaudas analizatori ir sav\u0101 klas\u0113 lab\u0101kie jaudas m\u0113rinstrumenti, kas paredz\u0113ti vienf\u0101\u017eu l\u012bdz tr\u012bsf\u0101\u017eu l\u012bniju m\u0113r\u012b\u0161anai ar augstu precizit\u0101tes un precizit\u0101tes pak\u0101pi. PW6001 ir Hioki vado\u0161ais jaudas analizators, kam rakstur\u012bga augsta precizit\u0101te, pla\u0161s diapazons un augsta stabilit\u0101te elektrisk\u0101s jaudas m\u0113r\u012b\u0161anai no l\u012bdzstr\u0101vas l\u012bdz invertoru frekvenc\u0113m, nodro\u0161inot maksim\u0101li 12 kan\u0101lus*, lai atbalst\u012btu vienf\u0101zes un tr\u012bsf\u0101\u017eu invertoru motoru sist\u0113mu m\u0113r\u012bjumus un jaun\u0101s paaudzes ier\u012bces, piem\u0113ram, sil\u012bcija karb\u012bda (SiC) invertorus. *Sinhroniz\u0113jot divus 6 kan\u0101lu mode\u013cus, kas savienoti, izmantojot optisko savienojumu.<\/p>\n<p>M\u0113r\u012b\u0161anas l\u012bnijas tips: Vienf\u0101zes 2 vadu, vienf\u0101zes 3 vadu, tr\u012bsf\u0101zu 3 vadu, tr\u012bsf\u0101zu 4 vadu.<\/p>\n<p>Ieejas kan\u0101lu skaits: Maks. 6 kan\u0101li; katra ieejas vien\u012bba nodro\u0161ina 1 kan\u0101lu vienlaic\u012bgai sprieguma un str\u0101vas ievadei (sprieguma m\u0113rvien\u012bba:  Izol\u0113ta str\u0101vas sensora ieeja)<\/p>\n<p>M\u0113r\u012bjumu elementi:<br \/>\nSpriegums (U), str\u0101va (I), akt\u012bv\u0101 jauda (P), \u0161\u0137ietam\u0101 jauda (S), reakt\u012bv\u0101 jauda (Q), jaudas koeficients (\u03bb), f\u0101zes le\u0146\u0137is (\u03c6), frekvence (f), lietder\u012bbas koeficients (\u03b7), zudumi (Loss), sprieguma puls\u0101ciju koeficients (Urf), str\u0101vas puls\u0101ciju koeficients (Irf), str\u0101vas integr\u0101cija (Ih), jaudas integr\u0101cija (WP), sprieguma maksimums (Upk), str\u0101vas maksimums (Ipk).<br \/>\nHarmonikas m\u0113r\u012bjumi: Harmonisk\u0101 akt\u012bv\u0101 jauda, izv\u0113lieties apr\u0113\u0137ina k\u0101rt\u012bbu no 2. k\u0101rtas l\u012bdz 100. k\u0101rtai.<br \/>\nVi\u013c\u0146u formas ierakst\u012b\u0161ana: Sprieguma un str\u0101vas vi\u013c\u0146u formas\/ Motora impulss: vienm\u0113r 5 MS\/s.<br \/>\nMotora vi\u013c\u0146u formas: Vienm\u0113r 50 kS\/s, 16 biti<br \/>\nIerakst\u012b\u0161anas jauda: 1 Mwords x ((spriegums + str\u0101va) x kan\u0101lu skaits + motora vi\u013c\u0146u formas)<br \/>\nMotora anal\u012bze (tikai PW6001-11 l\u012bdz -16): Spriegums, griezes moments, rot\u0101cija, frekvence, sl\u012bd\u0113\u0161ana vai motora izeja<\/p>\n<p>M\u0113r\u012bjumu diapazons:<br \/>\nSprieguma diapazons: 6 V &#8230; 1500 V, 8 diapazoni<br \/>\nStr\u0101vas diapazons (1. zonde): 400 mA &#8230; 1 kA (atkar\u012bgs no str\u0101vas sensora).<br \/>\nStr\u0101vas diapazons (2. zonde): 100 mA &#8230; 50 kA (atkar\u012bgs no str\u0101vas sensora)<br \/>\nJaudas diapazons: 2,40000 W &#8230; 4 50000 MW (atkar\u012bgs no sprieguma un str\u0101vas diapazona kombin\u0101cijas)<br \/>\nFrekvences diapazons: 0,1 Hz &#8230; 2 MHz<\/p>\n<p>Pamatprecizit\u0101te:<br \/>\nSpriegums: \u00b10,02 % rdg. \u00b10,02 % f.s.<br \/>\nStr\u0101vas: \u00b10,02 % rdg. \u00b10,02 % f.s. + str\u0101vas sensora precizit\u0101te<br \/>\nAkt\u012bv\u0101 jauda: \u00b10,02 % rdg. \u00b10,03 % f.s. + str\u0101vas sensora precizit\u0101te<\/p>\n<p>Sinhroniz\u0101cijas frekvences diapazons:<br \/>\nJaudas m\u0113r\u012b\u0161ana: : 0,1 Hz &#8230; 2 MHz<br \/>\nHarmonikas m\u0113r\u012b\u0161ana: 45 Hz &#8230; 66 Hz (IEC standarta re\u017e\u012bms), 0,1 Hz &#8230; 300 kHz (platjoslas re\u017e\u012bms)<\/p>\n<p>Frekven\u010du josla: L\u012bdzstr\u0101va, 0,1 Hz &#8230; 2 MHz<\/p>\n<p>Datu atjaunin\u0101\u0161anas \u0101trums:<br \/>\nJaudas m\u0113r\u012b\u0161ana: 10 ms\/ 50 ms\/ 200 ms<br \/>\nHarmonikas m\u0113r\u012bjumi: 200 ms (IEC standarta re\u017e\u012bms), 50 ms (platjoslas re\u017e\u012bms).<\/p>\n<p>Datu saglab\u0101\u0161anas interv\u0101ls:<br \/>\nIzsl\u0113gts, 10 msec &#8230; 500 msec, 1 s &#8230; 30 sek, 1 min &#8230; 60 min\u016btes<br \/>\nLietot\u0101js izv\u0113las no vis\u0101m izm\u0113r\u012btaj\u0101m v\u0113rt\u012bb\u0101m, ieskaitot harmonisk\u0101s izm\u0113r\u012bt\u0101s v\u0113rt\u012bbas,<br \/>\nNoteikt\u0101s izm\u0113r\u012bt\u0101s v\u0113rt\u012bbas var saglab\u0101t iek\u0161\u0113j\u0101 atmi\u0146\u0101 vai USB zibatmi\u0146\u0101.<\/p>\n<p>\u0100r\u0113j\u0101s saskarnes: USB (atmi\u0146a), LAN, GP-IB, RS-232C (sazi\u0146ai\/LR8410 saitei), \u0101r\u0113j\u0101 vad\u012bba, sinhroniz\u0101cijas vad\u012bba.<\/p>\n<p>Re\u0123istratora savienojam\u012bba: Izmantojot Bluetooth\u00ae bezvadu tehnolo\u0123ijas s\u0113rijas konversijas adapteri, izm\u0113r\u012bt\u0101s v\u0113rt\u012bbas bezvadu re\u017e\u012bm\u0101 nos\u016bta uz re\u0123istratoru.<br \/>\nBaro\u0161anas avots: 100 l\u012bdz 240 V mai\u0146str\u0101vas, 50\/60 Hz, 200 VA maks.<br \/>\nIzm\u0113ri: 430 x 177 x 450 mm<br \/>\nSvars: 14 kg.<\/p>\n<h3>Tehnisk\u0101 inform\u0101cija:<\/h3>\n<ul>\n<li><a href=\"https:\/\/axiomams.eu\/importer\/export\/attachments\/en\/hioki-pw6001.pdf\" target=\"_blank\">Hioki PW6001.pdf<\/a><\/li>\n<\/ul>\n","protected":false},"excerpt":{"rendered":"<p>Hioki PW6001 stacion\u0101rie jaudas m\u0113r\u012bt\u0101ji un jaudas analizatori ir sav\u0101 klas\u0113 lab\u0101kie jaudas m\u0113rinstrumenti, kas paredz\u0113ti vienf\u0101\u017eu l\u012bdz tr\u012bsf\u0101\u017eu l\u012bniju m\u0113r\u012b\u0161anai ar augstu precizit\u0101tes un precizit\u0101tes pak\u0101pi. PW6001 ir Hioki vado\u0161ais jaudas analizators, kam rakstur\u012bga augsta precizit\u0101te, pla\u0161s diapazons un augsta stabilit\u0101te elektrisk\u0101s jaudas m\u0113r\u012b\u0161anai no l\u012bdzstr\u0101vas l\u012bdz invertoru frekvenc\u0113m, nodro\u0161inot maksim\u0101li 12 kan\u0101lus*, lai&#8230;<\/p>\n","protected":false},"featured_media":42397,"comment_status":"open","ping_status":"closed","template":"","meta":{"_acf_changed":false},"product_brand":[1112],"product_cat":[17758],"product_tag":[],"class_list":{"0":"post-39340","1":"product","2":"type-product","3":"status-publish","4":"has-post-thumbnail","6":"product_brand-hioki","7":"product_cat-jauda-analizei","9":"first","10":"instock","11":"taxable","12":"shipping-taxable","13":"product-type-simple"},"acf":[],"yoast_head":"<!-- This site is optimized with the Yoast SEO plugin v27.0 - https:\/\/yoast.com\/product\/yoast-seo-wordpress\/ -->\n<title>HIOKI PW6001 jaudas analizators - AXIOMA MS<\/title>\n<meta name=\"robots\" content=\"index, follow, max-snippet:-1, max-image-preview:large, max-video-preview:-1\" \/>\n<link rel=\"canonical\" href=\"https:\/\/www.axiomams.eu\/lv\/produktas\/hioki-pw6001-jaudas-analizators\" \/>\n<meta property=\"og:locale\" content=\"lv_LV\" \/>\n<meta property=\"og:type\" content=\"article\" \/>\n<meta property=\"og:title\" content=\"HIOKI PW6001 jaudas analizators - AXIOMA MS\" \/>\n<meta property=\"og:description\" content=\"Hioki PW6001 stacion\u0101rie jaudas m\u0113r\u012bt\u0101ji un jaudas analizatori ir sav\u0101 klas\u0113 lab\u0101kie jaudas m\u0113rinstrumenti, kas paredz\u0113ti vienf\u0101\u017eu l\u012bdz tr\u012bsf\u0101\u017eu l\u012bniju m\u0113r\u012b\u0161anai ar augstu precizit\u0101tes un precizit\u0101tes pak\u0101pi. PW6001 ir Hioki vado\u0161ais jaudas analizators, kam rakstur\u012bga augsta precizit\u0101te, pla\u0161s diapazons un augsta stabilit\u0101te elektrisk\u0101s jaudas m\u0113r\u012b\u0161anai no l\u012bdzstr\u0101vas l\u012bdz invertoru frekvenc\u0113m, nodro\u0161inot maksim\u0101li 12 kan\u0101lus*, lai...\" \/>\n<meta property=\"og:url\" content=\"https:\/\/www.axiomams.eu\/lv\/produktas\/hioki-pw6001-jaudas-analizators\" \/>\n<meta property=\"og:site_name\" content=\"AXIOMA MS\" \/>\n<meta property=\"article:publisher\" content=\"https:\/\/www.facebook.com\/AxiomaMS\" \/>\n<meta property=\"article:modified_time\" content=\"2026-03-25T15:01:38+00:00\" \/>\n<meta property=\"og:image\" content=\"https:\/\/www.axiomams.eu\/wp-content\/uploads\/2025\/07\/2760-3591.jpg\" \/>\n\t<meta property=\"og:image:width\" content=\"1137\" \/>\n\t<meta property=\"og:image:height\" content=\"1020\" \/>\n\t<meta property=\"og:image:type\" content=\"image\/jpeg\" \/>\n<meta name=\"twitter:card\" content=\"summary_large_image\" \/>\n<meta name=\"twitter:label1\" content=\"Est. reading time\" \/>\n\t<meta name=\"twitter:data1\" content=\"3 minutes\" \/>\n<script type=\"application\/ld+json\" class=\"yoast-schema-graph\">{\"@context\":\"https:\/\/schema.org\",\"@graph\":[{\"@type\":\"WebPage\",\"@id\":\"https:\/\/www.axiomams.eu\/lv\/produktas\/hioki-pw6001-jaudas-analizators\",\"url\":\"https:\/\/www.axiomams.eu\/lv\/produktas\/hioki-pw6001-jaudas-analizators\",\"name\":\"HIOKI PW6001 jaudas analizators - AXIOMA MS\",\"isPartOf\":{\"@id\":\"https:\/\/www.axiomams.eu\/lv#website\"},\"primaryImageOfPage\":{\"@id\":\"https:\/\/www.axiomams.eu\/lv\/produktas\/hioki-pw6001-jaudas-analizators#primaryimage\"},\"image\":{\"@id\":\"https:\/\/www.axiomams.eu\/lv\/produktas\/hioki-pw6001-jaudas-analizators#primaryimage\"},\"thumbnailUrl\":\"https:\/\/www.axiomams.eu\/wp-content\/uploads\/2025\/07\/2760-3591.jpg\",\"datePublished\":\"2025-05-15T16:07:06+00:00\",\"dateModified\":\"2026-03-25T15:01:38+00:00\",\"breadcrumb\":{\"@id\":\"https:\/\/www.axiomams.eu\/lv\/produktas\/hioki-pw6001-jaudas-analizators#breadcrumb\"},\"inLanguage\":\"lv-LV\",\"potentialAction\":[{\"@type\":\"ReadAction\",\"target\":[\"https:\/\/www.axiomams.eu\/lv\/produktas\/hioki-pw6001-jaudas-analizators\"]}]},{\"@type\":\"ImageObject\",\"inLanguage\":\"lv-LV\",\"@id\":\"https:\/\/www.axiomams.eu\/lv\/produktas\/hioki-pw6001-jaudas-analizators#primaryimage\",\"url\":\"https:\/\/www.axiomams.eu\/wp-content\/uploads\/2025\/07\/2760-3591.jpg\",\"contentUrl\":\"https:\/\/www.axiomams.eu\/wp-content\/uploads\/2025\/07\/2760-3591.jpg\",\"width\":1137,\"height\":1020},{\"@type\":\"BreadcrumbList\",\"@id\":\"https:\/\/www.axiomams.eu\/lv\/produktas\/hioki-pw6001-jaudas-analizators#breadcrumb\",\"itemListElement\":[{\"@type\":\"ListItem\",\"position\":1,\"name\":\"Home\",\"item\":\"https:\/\/www.axiomams.eu\/lv\"},{\"@type\":\"ListItem\",\"position\":2,\"name\":\"Produkti\",\"item\":\"https:\/\/www.axiomams.eu\/lv\/produkti\"},{\"@type\":\"ListItem\",\"position\":3,\"name\":\"HIOKI PW6001 jaudas analizators\"}]},{\"@type\":\"WebSite\",\"@id\":\"https:\/\/www.axiomams.eu\/lv#website\",\"url\":\"https:\/\/www.axiomams.eu\/lv\",\"name\":\"AXIOMA MS\",\"description\":\"Terrmovizoriai ir matavimo \u012franga\",\"publisher\":{\"@id\":\"https:\/\/www.axiomams.eu\/lv#organization\"},\"potentialAction\":[{\"@type\":\"SearchAction\",\"target\":{\"@type\":\"EntryPoint\",\"urlTemplate\":\"https:\/\/www.axiomams.eu\/lv?s={search_term_string}\"},\"query-input\":{\"@type\":\"PropertyValueSpecification\",\"valueRequired\":true,\"valueName\":\"search_term_string\"}}],\"inLanguage\":\"lv-LV\"},{\"@type\":\"Organization\",\"@id\":\"https:\/\/www.axiomams.eu\/lv#organization\",\"name\":\"AXIOMA MS\",\"url\":\"https:\/\/www.axiomams.eu\/lv\",\"logo\":{\"@type\":\"ImageObject\",\"inLanguage\":\"lv-LV\",\"@id\":\"https:\/\/www.axiomams.eu\/lv#\/schema\/logo\/image\/\",\"url\":\"https:\/\/www.axiomams.eu\/wp-content\/uploads\/2025\/06\/axioma-logo-2.png\",\"contentUrl\":\"https:\/\/www.axiomams.eu\/wp-content\/uploads\/2025\/06\/axioma-logo-2.png\",\"width\":1200,\"height\":1200,\"caption\":\"AXIOMA MS\"},\"image\":{\"@id\":\"https:\/\/www.axiomams.eu\/lv#\/schema\/logo\/image\/\"},\"sameAs\":[\"https:\/\/www.facebook.com\/AxiomaMS\",\"https:\/\/www.linkedin.com\/company\/axiomams\/\"]}]}<\/script>\n<!-- \/ Yoast SEO plugin. -->","yoast_head_json":{"title":"HIOKI PW6001 jaudas analizators - AXIOMA MS","robots":{"index":"index","follow":"follow","max-snippet":"max-snippet:-1","max-image-preview":"max-image-preview:large","max-video-preview":"max-video-preview:-1"},"canonical":"https:\/\/www.axiomams.eu\/lv\/produktas\/hioki-pw6001-jaudas-analizators","og_locale":"lv_LV","og_type":"article","og_title":"HIOKI PW6001 jaudas analizators - AXIOMA MS","og_description":"Hioki PW6001 stacion\u0101rie jaudas m\u0113r\u012bt\u0101ji un jaudas analizatori ir sav\u0101 klas\u0113 lab\u0101kie jaudas m\u0113rinstrumenti, kas paredz\u0113ti vienf\u0101\u017eu l\u012bdz tr\u012bsf\u0101\u017eu l\u012bniju m\u0113r\u012b\u0161anai ar augstu precizit\u0101tes un precizit\u0101tes pak\u0101pi. PW6001 ir Hioki vado\u0161ais jaudas analizators, kam rakstur\u012bga augsta precizit\u0101te, pla\u0161s diapazons un augsta stabilit\u0101te elektrisk\u0101s jaudas m\u0113r\u012b\u0161anai no l\u012bdzstr\u0101vas l\u012bdz invertoru frekvenc\u0113m, nodro\u0161inot maksim\u0101li 12 kan\u0101lus*, lai...","og_url":"https:\/\/www.axiomams.eu\/lv\/produktas\/hioki-pw6001-jaudas-analizators","og_site_name":"AXIOMA MS","article_publisher":"https:\/\/www.facebook.com\/AxiomaMS","article_modified_time":"2026-03-25T15:01:38+00:00","og_image":[{"width":1137,"height":1020,"url":"https:\/\/www.axiomams.eu\/wp-content\/uploads\/2025\/07\/2760-3591.jpg","type":"image\/jpeg"}],"twitter_card":"summary_large_image","twitter_misc":{"Est. reading time":"3 minutes"},"schema":{"@context":"https:\/\/schema.org","@graph":[{"@type":"WebPage","@id":"https:\/\/www.axiomams.eu\/lv\/produktas\/hioki-pw6001-jaudas-analizators","url":"https:\/\/www.axiomams.eu\/lv\/produktas\/hioki-pw6001-jaudas-analizators","name":"HIOKI PW6001 jaudas analizators - AXIOMA MS","isPartOf":{"@id":"https:\/\/www.axiomams.eu\/lv#website"},"primaryImageOfPage":{"@id":"https:\/\/www.axiomams.eu\/lv\/produktas\/hioki-pw6001-jaudas-analizators#primaryimage"},"image":{"@id":"https:\/\/www.axiomams.eu\/lv\/produktas\/hioki-pw6001-jaudas-analizators#primaryimage"},"thumbnailUrl":"https:\/\/www.axiomams.eu\/wp-content\/uploads\/2025\/07\/2760-3591.jpg","datePublished":"2025-05-15T16:07:06+00:00","dateModified":"2026-03-25T15:01:38+00:00","breadcrumb":{"@id":"https:\/\/www.axiomams.eu\/lv\/produktas\/hioki-pw6001-jaudas-analizators#breadcrumb"},"inLanguage":"lv-LV","potentialAction":[{"@type":"ReadAction","target":["https:\/\/www.axiomams.eu\/lv\/produktas\/hioki-pw6001-jaudas-analizators"]}]},{"@type":"ImageObject","inLanguage":"lv-LV","@id":"https:\/\/www.axiomams.eu\/lv\/produktas\/hioki-pw6001-jaudas-analizators#primaryimage","url":"https:\/\/www.axiomams.eu\/wp-content\/uploads\/2025\/07\/2760-3591.jpg","contentUrl":"https:\/\/www.axiomams.eu\/wp-content\/uploads\/2025\/07\/2760-3591.jpg","width":1137,"height":1020},{"@type":"BreadcrumbList","@id":"https:\/\/www.axiomams.eu\/lv\/produktas\/hioki-pw6001-jaudas-analizators#breadcrumb","itemListElement":[{"@type":"ListItem","position":1,"name":"Home","item":"https:\/\/www.axiomams.eu\/lv"},{"@type":"ListItem","position":2,"name":"Produkti","item":"https:\/\/www.axiomams.eu\/lv\/produkti"},{"@type":"ListItem","position":3,"name":"HIOKI PW6001 jaudas analizators"}]},{"@type":"WebSite","@id":"https:\/\/www.axiomams.eu\/lv#website","url":"https:\/\/www.axiomams.eu\/lv","name":"AXIOMA MS","description":"Terrmovizoriai ir matavimo \u012franga","publisher":{"@id":"https:\/\/www.axiomams.eu\/lv#organization"},"potentialAction":[{"@type":"SearchAction","target":{"@type":"EntryPoint","urlTemplate":"https:\/\/www.axiomams.eu\/lv?s={search_term_string}"},"query-input":{"@type":"PropertyValueSpecification","valueRequired":true,"valueName":"search_term_string"}}],"inLanguage":"lv-LV"},{"@type":"Organization","@id":"https:\/\/www.axiomams.eu\/lv#organization","name":"AXIOMA MS","url":"https:\/\/www.axiomams.eu\/lv","logo":{"@type":"ImageObject","inLanguage":"lv-LV","@id":"https:\/\/www.axiomams.eu\/lv#\/schema\/logo\/image\/","url":"https:\/\/www.axiomams.eu\/wp-content\/uploads\/2025\/06\/axioma-logo-2.png","contentUrl":"https:\/\/www.axiomams.eu\/wp-content\/uploads\/2025\/06\/axioma-logo-2.png","width":1200,"height":1200,"caption":"AXIOMA MS"},"image":{"@id":"https:\/\/www.axiomams.eu\/lv#\/schema\/logo\/image\/"},"sameAs":["https:\/\/www.facebook.com\/AxiomaMS","https:\/\/www.linkedin.com\/company\/axiomams\/"]}]}},"_links":{"self":[{"href":"https:\/\/www.axiomams.eu\/lv\/wp-json\/wp\/v2\/product\/39340","targetHints":{"allow":["GET"]}}],"collection":[{"href":"https:\/\/www.axiomams.eu\/lv\/wp-json\/wp\/v2\/product"}],"about":[{"href":"https:\/\/www.axiomams.eu\/lv\/wp-json\/wp\/v2\/types\/product"}],"replies":[{"embeddable":true,"href":"https:\/\/www.axiomams.eu\/lv\/wp-json\/wp\/v2\/comments?post=39340"}],"wp:featuredmedia":[{"embeddable":true,"href":"https:\/\/www.axiomams.eu\/lv\/wp-json\/wp\/v2\/media\/42397"}],"wp:attachment":[{"href":"https:\/\/www.axiomams.eu\/lv\/wp-json\/wp\/v2\/media?parent=39340"}],"wp:term":[{"taxonomy":"product_brand","embeddable":true,"href":"https:\/\/www.axiomams.eu\/lv\/wp-json\/wp\/v2\/product_brand?post=39340"},{"taxonomy":"product_cat","embeddable":true,"href":"https:\/\/www.axiomams.eu\/lv\/wp-json\/wp\/v2\/product_cat?post=39340"},{"taxonomy":"product_tag","embeddable":true,"href":"https:\/\/www.axiomams.eu\/lv\/wp-json\/wp\/v2\/product_tag?post=39340"}],"curies":[{"name":"wp","href":"https:\/\/api.w.org\/{rel}","templated":true}]}}