{"id":39341,"date":"2025-06-12T14:27:13","date_gmt":"2025-06-12T12:27:13","guid":{"rendered":"https:\/\/www.axiomams.eu\/produktas\/hioki-pw8001-jaudas-analizators"},"modified":"2026-03-25T17:01:38","modified_gmt":"2026-03-25T15:01:38","slug":"hioki-pw8001-jaudas-analizators","status":"publish","type":"product","link":"https:\/\/www.axiomams.eu\/lv\/produktas\/hioki-pw8001-jaudas-analizators","title":{"rendered":"HIOKI PW8001 jaudas analizators"},"content":{"rendered":"<p>Hioki PW8001 nodro\u0161ina visaptvero\u0161u jaudas anal\u012bzes sist\u0113mu, jo Hioki unik\u0101li pied\u0101v\u0101 gan augst\u0101k\u0101s klases jaudas analizatorus, gan pla\u0161u augstas precizit\u0101tes str\u0101vas sensoru kl\u0101stu. \u0160\u012b kombin\u0101cija nodro\u0161ina saska\u0146otu veiktsp\u0113ju, kas \u013cauj veikt prec\u012bz\u0101kus un stabil\u0101kus m\u0113r\u012bjumus l\u012bdzstr\u0101vas, augstfrekvences un zema jaudas koeficienta apst\u0101k\u013cos, ko atbalsta t\u0101das funkcijas k\u0101 autom\u0101tisk\u0101 f\u0101zes nob\u012bdes korekcija.<\/p>\n<p>N\u0101kotnes nozares pras\u012bb\u0101m atbilst sp\u0113ja m\u0113r\u012bt lielu str\u0101vu pie sprieguma l\u012bdz 1500 V, ar 15 MS\/s paraugu \u0146em\u0161anas \u0101trumu un daudzkan\u0101lu m\u0113r\u012bjumiem. Tas atbalsta lietojumus, kuros izmanto SiC\/GaN pusvad\u012bt\u0101jus t\u0101d\u0101s jom\u0101s k\u0101 transportl\u012bdzek\u013cu elektrifik\u0101cija, viedie t\u012bkli, reaktori un atjaunojam\u0101s ener\u0123ijas sist\u0113mas.<\/p>\n<p>Galven\u0101s funkcijas:<br \/>\n&#8211; Izcila m\u0113r\u012bjumu precizit\u0101te: pamata precizit\u0101te \u00b10,03%, l\u012bdzstr\u0101vas precizit\u0101te \u00b10,05% un 0,2% precizit\u0101te pie 50 kHz.<br \/>\n&#8211; Uzticama jaudas sv\u0101rst\u012bbu noteik\u0161ana, ko rada \u0101trdarb\u012bga p\u0101rsl\u0113g\u0161an\u0101s: 18 bitu iz\u0161\u0137irtsp\u0113ja, 15 MHz paraugu \u0146em\u0161anas \u0101trums, ar 110 dB trok\u0161\u0146u noraid\u012bjumu (CMRR) pie 100 kHz.<br \/>\n&#8211; Atbalsta l\u012bdz pat 8 jaudas kan\u0101liem, lai papla\u0161in\u0101tu m\u0113r\u012b\u0161anas iesp\u0113jas<br \/>\n&#8211; \u013bauj veikt prec\u012bzus augstfrekvences jaudas m\u0113r\u012bjumus pie zemiem jaudas koeficientiem, izmantojot autom\u0101tisko f\u0101zes korekciju str\u0101vas sensoros.<br \/>\n&#8211; Iesp\u0113jama vienlaic\u012bga anal\u012bze 4 motoru un 2 motoru konfigur\u0101cij\u0101s.<br \/>\n&#8211; \u013bauj bez probl\u0113m\u0101m integr\u0113t datus CAN sakaru t\u012bklos.<br \/>\n&#8211; Paredz\u0113ts augstsprieguma saules ener\u0123ijas invertoru dro\u0161ai test\u0113\u0161anai ar nomin\u0101lo spriegumu 1500 V DC CAT II \/ 1000 V DC CAT III.<\/p>\n<p><iframe loading=\"lazy\" width=\"560\" height=\"315\" src=\"https:\/\/www.youtube.com\/embed\/Sr7W8Da2efY?si=i53UaUaPLjOFdUYx\" title=\"YouTube video atska\u0146ot\u0101js\" frameborder=\"0\" allow=\"accelerometer; autoplay; clipboard-write; encrypted-media; gyroscope; picture-in-picture; web-share\" referrerpolicy=\"strict-origin-when-cross-origin\" allowfullscreen><\/iframe><\/p>\n<h3>Tehnisk\u0101 inform\u0101cija:<\/h3>\n<ul>\n<li><a href=\"https:\/\/axiomams.eu\/importer\/export\/attachments\/en\/hioki-pw8001-power-analyzer.pdf\" target=\"_blank\">HIOKI PW8001 power analyzer.pdf<\/a><\/li>\n<\/ul>\n","protected":false},"excerpt":{"rendered":"<p>Hioki PW8001 nodro\u0161ina visaptvero\u0161u jaudas anal\u012bzes sist\u0113mu, jo Hioki unik\u0101li pied\u0101v\u0101 gan augst\u0101k\u0101s klases jaudas analizatorus, gan pla\u0161u augstas precizit\u0101tes str\u0101vas sensoru kl\u0101stu. \u0160\u012b kombin\u0101cija nodro\u0161ina saska\u0146otu veiktsp\u0113ju, kas \u013cauj veikt prec\u012bz\u0101kus un stabil\u0101kus m\u0113r\u012bjumus l\u012bdzstr\u0101vas, augstfrekvences un zema jaudas koeficienta apst\u0101k\u013cos, ko atbalsta t\u0101das funkcijas k\u0101 autom\u0101tisk\u0101 f\u0101zes nob\u012bdes korekcija. N\u0101kotnes nozares pras\u012bb\u0101m atbilst&#8230;<\/p>\n","protected":false},"featured_media":42399,"comment_status":"open","ping_status":"closed","template":"","meta":{"_acf_changed":false},"product_brand":[1112],"product_cat":[17758],"product_tag":[],"class_list":{"0":"post-39341","1":"product","2":"type-product","3":"status-publish","4":"has-post-thumbnail","6":"product_brand-hioki","7":"product_cat-jauda-analizei","9":"first","10":"instock","11":"taxable","12":"shipping-taxable","13":"product-type-simple"},"acf":[],"yoast_head":"<!-- This site is optimized with the Yoast SEO plugin v27.0 - https:\/\/yoast.com\/product\/yoast-seo-wordpress\/ -->\n<title>HIOKI PW8001 jaudas analizators - AXIOMA MS<\/title>\n<meta name=\"robots\" content=\"index, follow, max-snippet:-1, max-image-preview:large, max-video-preview:-1\" \/>\n<link rel=\"canonical\" href=\"https:\/\/www.axiomams.eu\/lv\/produktas\/hioki-pw8001-jaudas-analizators\" \/>\n<meta property=\"og:locale\" content=\"lv_LV\" \/>\n<meta property=\"og:type\" content=\"article\" \/>\n<meta property=\"og:title\" content=\"HIOKI PW8001 jaudas analizators - AXIOMA MS\" \/>\n<meta property=\"og:description\" content=\"Hioki PW8001 nodro\u0161ina visaptvero\u0161u jaudas anal\u012bzes sist\u0113mu, jo Hioki unik\u0101li pied\u0101v\u0101 gan augst\u0101k\u0101s klases jaudas analizatorus, gan pla\u0161u augstas precizit\u0101tes str\u0101vas sensoru kl\u0101stu. \u0160\u012b kombin\u0101cija nodro\u0161ina saska\u0146otu veiktsp\u0113ju, kas \u013cauj veikt prec\u012bz\u0101kus un stabil\u0101kus m\u0113r\u012bjumus l\u012bdzstr\u0101vas, augstfrekvences un zema jaudas koeficienta apst\u0101k\u013cos, ko atbalsta t\u0101das funkcijas k\u0101 autom\u0101tisk\u0101 f\u0101zes nob\u012bdes korekcija. N\u0101kotnes nozares pras\u012bb\u0101m atbilst...\" \/>\n<meta property=\"og:url\" content=\"https:\/\/www.axiomams.eu\/lv\/produktas\/hioki-pw8001-jaudas-analizators\" \/>\n<meta property=\"og:site_name\" content=\"AXIOMA MS\" \/>\n<meta property=\"article:publisher\" content=\"https:\/\/www.facebook.com\/AxiomaMS\" \/>\n<meta property=\"article:modified_time\" content=\"2026-03-25T15:01:38+00:00\" \/>\n<meta property=\"og:image\" content=\"https:\/\/www.axiomams.eu\/wp-content\/uploads\/2025\/07\/4635-5963.jpg\" \/>\n\t<meta property=\"og:image:width\" content=\"1080\" \/>\n\t<meta property=\"og:image:height\" content=\"694\" \/>\n\t<meta property=\"og:image:type\" content=\"image\/jpeg\" \/>\n<meta name=\"twitter:card\" content=\"summary_large_image\" \/>\n<meta name=\"twitter:label1\" content=\"Est. reading time\" \/>\n\t<meta name=\"twitter:data1\" content=\"2 minutes\" \/>\n<script type=\"application\/ld+json\" class=\"yoast-schema-graph\">{\"@context\":\"https:\/\/schema.org\",\"@graph\":[{\"@type\":\"WebPage\",\"@id\":\"https:\/\/www.axiomams.eu\/lv\/produktas\/hioki-pw8001-jaudas-analizators\",\"url\":\"https:\/\/www.axiomams.eu\/lv\/produktas\/hioki-pw8001-jaudas-analizators\",\"name\":\"HIOKI PW8001 jaudas analizators - AXIOMA MS\",\"isPartOf\":{\"@id\":\"https:\/\/www.axiomams.eu\/lv#website\"},\"primaryImageOfPage\":{\"@id\":\"https:\/\/www.axiomams.eu\/lv\/produktas\/hioki-pw8001-jaudas-analizators#primaryimage\"},\"image\":{\"@id\":\"https:\/\/www.axiomams.eu\/lv\/produktas\/hioki-pw8001-jaudas-analizators#primaryimage\"},\"thumbnailUrl\":\"https:\/\/www.axiomams.eu\/wp-content\/uploads\/2025\/07\/4635-5963.jpg\",\"datePublished\":\"2025-06-12T12:27:13+00:00\",\"dateModified\":\"2026-03-25T15:01:38+00:00\",\"breadcrumb\":{\"@id\":\"https:\/\/www.axiomams.eu\/lv\/produktas\/hioki-pw8001-jaudas-analizators#breadcrumb\"},\"inLanguage\":\"lv-LV\",\"potentialAction\":[{\"@type\":\"ReadAction\",\"target\":[\"https:\/\/www.axiomams.eu\/lv\/produktas\/hioki-pw8001-jaudas-analizators\"]}]},{\"@type\":\"ImageObject\",\"inLanguage\":\"lv-LV\",\"@id\":\"https:\/\/www.axiomams.eu\/lv\/produktas\/hioki-pw8001-jaudas-analizators#primaryimage\",\"url\":\"https:\/\/www.axiomams.eu\/wp-content\/uploads\/2025\/07\/4635-5963.jpg\",\"contentUrl\":\"https:\/\/www.axiomams.eu\/wp-content\/uploads\/2025\/07\/4635-5963.jpg\",\"width\":1080,\"height\":694},{\"@type\":\"BreadcrumbList\",\"@id\":\"https:\/\/www.axiomams.eu\/lv\/produktas\/hioki-pw8001-jaudas-analizators#breadcrumb\",\"itemListElement\":[{\"@type\":\"ListItem\",\"position\":1,\"name\":\"Home\",\"item\":\"https:\/\/www.axiomams.eu\/lv\"},{\"@type\":\"ListItem\",\"position\":2,\"name\":\"Produkti\",\"item\":\"https:\/\/www.axiomams.eu\/lv\/produkti\"},{\"@type\":\"ListItem\",\"position\":3,\"name\":\"HIOKI PW8001 jaudas analizators\"}]},{\"@type\":\"WebSite\",\"@id\":\"https:\/\/www.axiomams.eu\/lv#website\",\"url\":\"https:\/\/www.axiomams.eu\/lv\",\"name\":\"AXIOMA MS\",\"description\":\"Terrmovizoriai ir matavimo \u012franga\",\"publisher\":{\"@id\":\"https:\/\/www.axiomams.eu\/lv#organization\"},\"potentialAction\":[{\"@type\":\"SearchAction\",\"target\":{\"@type\":\"EntryPoint\",\"urlTemplate\":\"https:\/\/www.axiomams.eu\/lv?s={search_term_string}\"},\"query-input\":{\"@type\":\"PropertyValueSpecification\",\"valueRequired\":true,\"valueName\":\"search_term_string\"}}],\"inLanguage\":\"lv-LV\"},{\"@type\":\"Organization\",\"@id\":\"https:\/\/www.axiomams.eu\/lv#organization\",\"name\":\"AXIOMA MS\",\"url\":\"https:\/\/www.axiomams.eu\/lv\",\"logo\":{\"@type\":\"ImageObject\",\"inLanguage\":\"lv-LV\",\"@id\":\"https:\/\/www.axiomams.eu\/lv#\/schema\/logo\/image\/\",\"url\":\"https:\/\/www.axiomams.eu\/wp-content\/uploads\/2025\/06\/axioma-logo-2.png\",\"contentUrl\":\"https:\/\/www.axiomams.eu\/wp-content\/uploads\/2025\/06\/axioma-logo-2.png\",\"width\":1200,\"height\":1200,\"caption\":\"AXIOMA MS\"},\"image\":{\"@id\":\"https:\/\/www.axiomams.eu\/lv#\/schema\/logo\/image\/\"},\"sameAs\":[\"https:\/\/www.facebook.com\/AxiomaMS\",\"https:\/\/www.linkedin.com\/company\/axiomams\/\"]}]}<\/script>\n<!-- \/ Yoast SEO plugin. -->","yoast_head_json":{"title":"HIOKI PW8001 jaudas analizators - AXIOMA MS","robots":{"index":"index","follow":"follow","max-snippet":"max-snippet:-1","max-image-preview":"max-image-preview:large","max-video-preview":"max-video-preview:-1"},"canonical":"https:\/\/www.axiomams.eu\/lv\/produktas\/hioki-pw8001-jaudas-analizators","og_locale":"lv_LV","og_type":"article","og_title":"HIOKI PW8001 jaudas analizators - AXIOMA MS","og_description":"Hioki PW8001 nodro\u0161ina visaptvero\u0161u jaudas anal\u012bzes sist\u0113mu, jo Hioki unik\u0101li pied\u0101v\u0101 gan augst\u0101k\u0101s klases jaudas analizatorus, gan pla\u0161u augstas precizit\u0101tes str\u0101vas sensoru kl\u0101stu. \u0160\u012b kombin\u0101cija nodro\u0161ina saska\u0146otu veiktsp\u0113ju, kas \u013cauj veikt prec\u012bz\u0101kus un stabil\u0101kus m\u0113r\u012bjumus l\u012bdzstr\u0101vas, augstfrekvences un zema jaudas koeficienta apst\u0101k\u013cos, ko atbalsta t\u0101das funkcijas k\u0101 autom\u0101tisk\u0101 f\u0101zes nob\u012bdes korekcija. N\u0101kotnes nozares pras\u012bb\u0101m atbilst...","og_url":"https:\/\/www.axiomams.eu\/lv\/produktas\/hioki-pw8001-jaudas-analizators","og_site_name":"AXIOMA MS","article_publisher":"https:\/\/www.facebook.com\/AxiomaMS","article_modified_time":"2026-03-25T15:01:38+00:00","og_image":[{"width":1080,"height":694,"url":"https:\/\/www.axiomams.eu\/wp-content\/uploads\/2025\/07\/4635-5963.jpg","type":"image\/jpeg"}],"twitter_card":"summary_large_image","twitter_misc":{"Est. reading time":"2 minutes"},"schema":{"@context":"https:\/\/schema.org","@graph":[{"@type":"WebPage","@id":"https:\/\/www.axiomams.eu\/lv\/produktas\/hioki-pw8001-jaudas-analizators","url":"https:\/\/www.axiomams.eu\/lv\/produktas\/hioki-pw8001-jaudas-analizators","name":"HIOKI PW8001 jaudas analizators - AXIOMA MS","isPartOf":{"@id":"https:\/\/www.axiomams.eu\/lv#website"},"primaryImageOfPage":{"@id":"https:\/\/www.axiomams.eu\/lv\/produktas\/hioki-pw8001-jaudas-analizators#primaryimage"},"image":{"@id":"https:\/\/www.axiomams.eu\/lv\/produktas\/hioki-pw8001-jaudas-analizators#primaryimage"},"thumbnailUrl":"https:\/\/www.axiomams.eu\/wp-content\/uploads\/2025\/07\/4635-5963.jpg","datePublished":"2025-06-12T12:27:13+00:00","dateModified":"2026-03-25T15:01:38+00:00","breadcrumb":{"@id":"https:\/\/www.axiomams.eu\/lv\/produktas\/hioki-pw8001-jaudas-analizators#breadcrumb"},"inLanguage":"lv-LV","potentialAction":[{"@type":"ReadAction","target":["https:\/\/www.axiomams.eu\/lv\/produktas\/hioki-pw8001-jaudas-analizators"]}]},{"@type":"ImageObject","inLanguage":"lv-LV","@id":"https:\/\/www.axiomams.eu\/lv\/produktas\/hioki-pw8001-jaudas-analizators#primaryimage","url":"https:\/\/www.axiomams.eu\/wp-content\/uploads\/2025\/07\/4635-5963.jpg","contentUrl":"https:\/\/www.axiomams.eu\/wp-content\/uploads\/2025\/07\/4635-5963.jpg","width":1080,"height":694},{"@type":"BreadcrumbList","@id":"https:\/\/www.axiomams.eu\/lv\/produktas\/hioki-pw8001-jaudas-analizators#breadcrumb","itemListElement":[{"@type":"ListItem","position":1,"name":"Home","item":"https:\/\/www.axiomams.eu\/lv"},{"@type":"ListItem","position":2,"name":"Produkti","item":"https:\/\/www.axiomams.eu\/lv\/produkti"},{"@type":"ListItem","position":3,"name":"HIOKI PW8001 jaudas analizators"}]},{"@type":"WebSite","@id":"https:\/\/www.axiomams.eu\/lv#website","url":"https:\/\/www.axiomams.eu\/lv","name":"AXIOMA MS","description":"Terrmovizoriai ir matavimo \u012franga","publisher":{"@id":"https:\/\/www.axiomams.eu\/lv#organization"},"potentialAction":[{"@type":"SearchAction","target":{"@type":"EntryPoint","urlTemplate":"https:\/\/www.axiomams.eu\/lv?s={search_term_string}"},"query-input":{"@type":"PropertyValueSpecification","valueRequired":true,"valueName":"search_term_string"}}],"inLanguage":"lv-LV"},{"@type":"Organization","@id":"https:\/\/www.axiomams.eu\/lv#organization","name":"AXIOMA MS","url":"https:\/\/www.axiomams.eu\/lv","logo":{"@type":"ImageObject","inLanguage":"lv-LV","@id":"https:\/\/www.axiomams.eu\/lv#\/schema\/logo\/image\/","url":"https:\/\/www.axiomams.eu\/wp-content\/uploads\/2025\/06\/axioma-logo-2.png","contentUrl":"https:\/\/www.axiomams.eu\/wp-content\/uploads\/2025\/06\/axioma-logo-2.png","width":1200,"height":1200,"caption":"AXIOMA MS"},"image":{"@id":"https:\/\/www.axiomams.eu\/lv#\/schema\/logo\/image\/"},"sameAs":["https:\/\/www.facebook.com\/AxiomaMS","https:\/\/www.linkedin.com\/company\/axiomams\/"]}]}},"_links":{"self":[{"href":"https:\/\/www.axiomams.eu\/lv\/wp-json\/wp\/v2\/product\/39341","targetHints":{"allow":["GET"]}}],"collection":[{"href":"https:\/\/www.axiomams.eu\/lv\/wp-json\/wp\/v2\/product"}],"about":[{"href":"https:\/\/www.axiomams.eu\/lv\/wp-json\/wp\/v2\/types\/product"}],"replies":[{"embeddable":true,"href":"https:\/\/www.axiomams.eu\/lv\/wp-json\/wp\/v2\/comments?post=39341"}],"wp:featuredmedia":[{"embeddable":true,"href":"https:\/\/www.axiomams.eu\/lv\/wp-json\/wp\/v2\/media\/42399"}],"wp:attachment":[{"href":"https:\/\/www.axiomams.eu\/lv\/wp-json\/wp\/v2\/media?parent=39341"}],"wp:term":[{"taxonomy":"product_brand","embeddable":true,"href":"https:\/\/www.axiomams.eu\/lv\/wp-json\/wp\/v2\/product_brand?post=39341"},{"taxonomy":"product_cat","embeddable":true,"href":"https:\/\/www.axiomams.eu\/lv\/wp-json\/wp\/v2\/product_cat?post=39341"},{"taxonomy":"product_tag","embeddable":true,"href":"https:\/\/www.axiomams.eu\/lv\/wp-json\/wp\/v2\/product_tag?post=39341"}],"curies":[{"name":"wp","href":"https:\/\/api.w.org\/{rel}","templated":true}]}}