{"id":39344,"date":"2025-05-15T18:07:11","date_gmt":"2025-05-15T16:07:11","guid":{"rendered":"https:\/\/www.axiomams.eu\/produktas\/radiodetection-rd7100-plm-kabelu-lokators"},"modified":"2026-03-25T17:01:39","modified_gmt":"2026-03-25T15:01:39","slug":"radiodetection-rd7100-plm-kabelu-lokators","status":"publish","type":"product","link":"https:\/\/www.axiomams.eu\/lv\/produktas\/radiodetection-rd7100-plm-kabelu-lokators","title":{"rendered":"Radiodetection RD7100 PLM kabe\u013cu lokators"},"content":{"rendered":"<p>Radiodetection RD7100 PLM kabe\u013cu lokators, kas sast\u0101v no raid\u012bt\u0101ja un uztv\u0113r\u0113ja, tiek izmantots, lai noteiktu prec\u012bzu kabe\u013cu un met\u0101la cauru\u013cu atra\u0161an\u0101s vietu. Kompass \u013cauj operatoram \u0101tri un viegli sekot m\u0113r\u0137a l\u012bnijai, vizu\u0101li nor\u0101dot m\u0113r\u0137a kabe\u013ca un lokatora relat\u012bvo orient\u0101ciju.<\/p>\n<p>Standarta komplekts: uztv\u0113r\u0113js, uztv\u0113r\u0113ja baterijas, lietot\u0101ja rokasgr\u0101mata.<\/p>\n<h3>Tehnisk\u0101 inform\u0101cija:<\/h3>\n<ul>\n<li><a href=\"https:\/\/axiomams.eu\/importer\/export\/attachments\/en\/radiodetection-rd7100.pdf\" target=\"_blank\">Radiodetection RD7100.pdf<\/a><\/li>\n<\/ul>\n","protected":false},"excerpt":{"rendered":"<p>Radiodetection RD7100 PLM kabe\u013cu lokators, kas sast\u0101v no raid\u012bt\u0101ja un uztv\u0113r\u0113ja, tiek izmantots, lai noteiktu prec\u012bzu kabe\u013cu un met\u0101la cauru\u013cu atra\u0161an\u0101s vietu. Kompass \u013cauj operatoram \u0101tri un viegli sekot m\u0113r\u0137a l\u012bnijai, vizu\u0101li nor\u0101dot m\u0113r\u0137a kabe\u013ca un lokatora relat\u012bvo orient\u0101ciju. Standarta komplekts: uztv\u0113r\u0113js, uztv\u0113r\u0113ja baterijas, lietot\u0101ja rokasgr\u0101mata. Tehnisk\u0101 inform\u0101cija: Radiodetection RD7100.pdf<\/p>\n","protected":false},"featured_media":42403,"comment_status":"open","ping_status":"closed","template":"","meta":{"_acf_changed":false},"product_brand":[730],"product_cat":[17716],"product_tag":[],"class_list":{"0":"post-39344","1":"product","2":"type-product","3":"status-publish","4":"has-post-thumbnail","6":"product_brand-radiodetection","7":"product_cat-kabelu-meklesanai-un-atlasei","9":"first","10":"instock","11":"taxable","12":"shipping-taxable","13":"product-type-simple"},"acf":[],"yoast_head":"<!-- This site is optimized with the Yoast SEO plugin v27.0 - https:\/\/yoast.com\/product\/yoast-seo-wordpress\/ -->\n<title>Radiodetection RD7100 PLM kabe\u013cu lokators - AXIOMA MS<\/title>\n<meta name=\"robots\" content=\"index, follow, max-snippet:-1, max-image-preview:large, max-video-preview:-1\" \/>\n<link rel=\"canonical\" href=\"https:\/\/www.axiomams.eu\/lv\/produktas\/radiodetection-rd7100-plm-kabelu-lokators\" \/>\n<meta property=\"og:locale\" content=\"lv_LV\" \/>\n<meta property=\"og:type\" content=\"article\" \/>\n<meta property=\"og:title\" content=\"Radiodetection RD7100 PLM kabe\u013cu lokators - AXIOMA MS\" \/>\n<meta property=\"og:description\" content=\"Radiodetection RD7100 PLM kabe\u013cu lokators, kas sast\u0101v no raid\u012bt\u0101ja un uztv\u0113r\u0113ja, tiek izmantots, lai noteiktu prec\u012bzu kabe\u013cu un met\u0101la cauru\u013cu atra\u0161an\u0101s vietu. Kompass \u013cauj operatoram \u0101tri un viegli sekot m\u0113r\u0137a l\u012bnijai, vizu\u0101li nor\u0101dot m\u0113r\u0137a kabe\u013ca un lokatora relat\u012bvo orient\u0101ciju. Standarta komplekts: uztv\u0113r\u0113js, uztv\u0113r\u0113ja baterijas, lietot\u0101ja rokasgr\u0101mata. Tehnisk\u0101 inform\u0101cija: Radiodetection RD7100.pdf\" \/>\n<meta property=\"og:url\" content=\"https:\/\/www.axiomams.eu\/lv\/produktas\/radiodetection-rd7100-plm-kabelu-lokators\" \/>\n<meta property=\"og:site_name\" content=\"AXIOMA MS\" \/>\n<meta property=\"article:publisher\" content=\"https:\/\/www.facebook.com\/AxiomaMS\" \/>\n<meta property=\"article:modified_time\" content=\"2026-03-25T15:01:39+00:00\" \/>\n<meta property=\"og:image\" content=\"https:\/\/www.axiomams.eu\/wp-content\/uploads\/2025\/07\/3188-6076.jpg\" \/>\n\t<meta property=\"og:image:width\" content=\"1020\" \/>\n\t<meta property=\"og:image:height\" content=\"1020\" \/>\n\t<meta property=\"og:image:type\" content=\"image\/jpeg\" \/>\n<meta name=\"twitter:card\" content=\"summary_large_image\" \/>\n<script type=\"application\/ld+json\" class=\"yoast-schema-graph\">{\"@context\":\"https:\/\/schema.org\",\"@graph\":[{\"@type\":\"WebPage\",\"@id\":\"https:\/\/www.axiomams.eu\/lv\/produktas\/radiodetection-rd7100-plm-kabelu-lokators\",\"url\":\"https:\/\/www.axiomams.eu\/lv\/produktas\/radiodetection-rd7100-plm-kabelu-lokators\",\"name\":\"Radiodetection RD7100 PLM kabe\u013cu lokators - AXIOMA MS\",\"isPartOf\":{\"@id\":\"https:\/\/www.axiomams.eu\/lv#website\"},\"primaryImageOfPage\":{\"@id\":\"https:\/\/www.axiomams.eu\/lv\/produktas\/radiodetection-rd7100-plm-kabelu-lokators#primaryimage\"},\"image\":{\"@id\":\"https:\/\/www.axiomams.eu\/lv\/produktas\/radiodetection-rd7100-plm-kabelu-lokators#primaryimage\"},\"thumbnailUrl\":\"https:\/\/www.axiomams.eu\/wp-content\/uploads\/2025\/07\/3188-6076.jpg\",\"datePublished\":\"2025-05-15T16:07:11+00:00\",\"dateModified\":\"2026-03-25T15:01:39+00:00\",\"breadcrumb\":{\"@id\":\"https:\/\/www.axiomams.eu\/lv\/produktas\/radiodetection-rd7100-plm-kabelu-lokators#breadcrumb\"},\"inLanguage\":\"lv-LV\",\"potentialAction\":[{\"@type\":\"ReadAction\",\"target\":[\"https:\/\/www.axiomams.eu\/lv\/produktas\/radiodetection-rd7100-plm-kabelu-lokators\"]}]},{\"@type\":\"ImageObject\",\"inLanguage\":\"lv-LV\",\"@id\":\"https:\/\/www.axiomams.eu\/lv\/produktas\/radiodetection-rd7100-plm-kabelu-lokators#primaryimage\",\"url\":\"https:\/\/www.axiomams.eu\/wp-content\/uploads\/2025\/07\/3188-6076.jpg\",\"contentUrl\":\"https:\/\/www.axiomams.eu\/wp-content\/uploads\/2025\/07\/3188-6076.jpg\",\"width\":1020,\"height\":1020},{\"@type\":\"BreadcrumbList\",\"@id\":\"https:\/\/www.axiomams.eu\/lv\/produktas\/radiodetection-rd7100-plm-kabelu-lokators#breadcrumb\",\"itemListElement\":[{\"@type\":\"ListItem\",\"position\":1,\"name\":\"Home\",\"item\":\"https:\/\/www.axiomams.eu\/lv\"},{\"@type\":\"ListItem\",\"position\":2,\"name\":\"Produkti\",\"item\":\"https:\/\/www.axiomams.eu\/lv\/produkti\"},{\"@type\":\"ListItem\",\"position\":3,\"name\":\"Radiodetection RD7100 PLM kabe\u013cu lokators\"}]},{\"@type\":\"WebSite\",\"@id\":\"https:\/\/www.axiomams.eu\/lv#website\",\"url\":\"https:\/\/www.axiomams.eu\/lv\",\"name\":\"AXIOMA MS\",\"description\":\"Terrmovizoriai ir matavimo \u012franga\",\"publisher\":{\"@id\":\"https:\/\/www.axiomams.eu\/lv#organization\"},\"potentialAction\":[{\"@type\":\"SearchAction\",\"target\":{\"@type\":\"EntryPoint\",\"urlTemplate\":\"https:\/\/www.axiomams.eu\/lv?s={search_term_string}\"},\"query-input\":{\"@type\":\"PropertyValueSpecification\",\"valueRequired\":true,\"valueName\":\"search_term_string\"}}],\"inLanguage\":\"lv-LV\"},{\"@type\":\"Organization\",\"@id\":\"https:\/\/www.axiomams.eu\/lv#organization\",\"name\":\"AXIOMA MS\",\"url\":\"https:\/\/www.axiomams.eu\/lv\",\"logo\":{\"@type\":\"ImageObject\",\"inLanguage\":\"lv-LV\",\"@id\":\"https:\/\/www.axiomams.eu\/lv#\/schema\/logo\/image\/\",\"url\":\"https:\/\/www.axiomams.eu\/wp-content\/uploads\/2025\/06\/axioma-logo-2.png\",\"contentUrl\":\"https:\/\/www.axiomams.eu\/wp-content\/uploads\/2025\/06\/axioma-logo-2.png\",\"width\":1200,\"height\":1200,\"caption\":\"AXIOMA MS\"},\"image\":{\"@id\":\"https:\/\/www.axiomams.eu\/lv#\/schema\/logo\/image\/\"},\"sameAs\":[\"https:\/\/www.facebook.com\/AxiomaMS\",\"https:\/\/www.linkedin.com\/company\/axiomams\/\"]}]}<\/script>\n<!-- \/ Yoast SEO plugin. -->","yoast_head_json":{"title":"Radiodetection RD7100 PLM kabe\u013cu lokators - AXIOMA MS","robots":{"index":"index","follow":"follow","max-snippet":"max-snippet:-1","max-image-preview":"max-image-preview:large","max-video-preview":"max-video-preview:-1"},"canonical":"https:\/\/www.axiomams.eu\/lv\/produktas\/radiodetection-rd7100-plm-kabelu-lokators","og_locale":"lv_LV","og_type":"article","og_title":"Radiodetection RD7100 PLM kabe\u013cu lokators - AXIOMA MS","og_description":"Radiodetection RD7100 PLM kabe\u013cu lokators, kas sast\u0101v no raid\u012bt\u0101ja un uztv\u0113r\u0113ja, tiek izmantots, lai noteiktu prec\u012bzu kabe\u013cu un met\u0101la cauru\u013cu atra\u0161an\u0101s vietu. Kompass \u013cauj operatoram \u0101tri un viegli sekot m\u0113r\u0137a l\u012bnijai, vizu\u0101li nor\u0101dot m\u0113r\u0137a kabe\u013ca un lokatora relat\u012bvo orient\u0101ciju. Standarta komplekts: uztv\u0113r\u0113js, uztv\u0113r\u0113ja baterijas, lietot\u0101ja rokasgr\u0101mata. Tehnisk\u0101 inform\u0101cija: Radiodetection RD7100.pdf","og_url":"https:\/\/www.axiomams.eu\/lv\/produktas\/radiodetection-rd7100-plm-kabelu-lokators","og_site_name":"AXIOMA MS","article_publisher":"https:\/\/www.facebook.com\/AxiomaMS","article_modified_time":"2026-03-25T15:01:39+00:00","og_image":[{"width":1020,"height":1020,"url":"https:\/\/www.axiomams.eu\/wp-content\/uploads\/2025\/07\/3188-6076.jpg","type":"image\/jpeg"}],"twitter_card":"summary_large_image","schema":{"@context":"https:\/\/schema.org","@graph":[{"@type":"WebPage","@id":"https:\/\/www.axiomams.eu\/lv\/produktas\/radiodetection-rd7100-plm-kabelu-lokators","url":"https:\/\/www.axiomams.eu\/lv\/produktas\/radiodetection-rd7100-plm-kabelu-lokators","name":"Radiodetection RD7100 PLM kabe\u013cu lokators - AXIOMA MS","isPartOf":{"@id":"https:\/\/www.axiomams.eu\/lv#website"},"primaryImageOfPage":{"@id":"https:\/\/www.axiomams.eu\/lv\/produktas\/radiodetection-rd7100-plm-kabelu-lokators#primaryimage"},"image":{"@id":"https:\/\/www.axiomams.eu\/lv\/produktas\/radiodetection-rd7100-plm-kabelu-lokators#primaryimage"},"thumbnailUrl":"https:\/\/www.axiomams.eu\/wp-content\/uploads\/2025\/07\/3188-6076.jpg","datePublished":"2025-05-15T16:07:11+00:00","dateModified":"2026-03-25T15:01:39+00:00","breadcrumb":{"@id":"https:\/\/www.axiomams.eu\/lv\/produktas\/radiodetection-rd7100-plm-kabelu-lokators#breadcrumb"},"inLanguage":"lv-LV","potentialAction":[{"@type":"ReadAction","target":["https:\/\/www.axiomams.eu\/lv\/produktas\/radiodetection-rd7100-plm-kabelu-lokators"]}]},{"@type":"ImageObject","inLanguage":"lv-LV","@id":"https:\/\/www.axiomams.eu\/lv\/produktas\/radiodetection-rd7100-plm-kabelu-lokators#primaryimage","url":"https:\/\/www.axiomams.eu\/wp-content\/uploads\/2025\/07\/3188-6076.jpg","contentUrl":"https:\/\/www.axiomams.eu\/wp-content\/uploads\/2025\/07\/3188-6076.jpg","width":1020,"height":1020},{"@type":"BreadcrumbList","@id":"https:\/\/www.axiomams.eu\/lv\/produktas\/radiodetection-rd7100-plm-kabelu-lokators#breadcrumb","itemListElement":[{"@type":"ListItem","position":1,"name":"Home","item":"https:\/\/www.axiomams.eu\/lv"},{"@type":"ListItem","position":2,"name":"Produkti","item":"https:\/\/www.axiomams.eu\/lv\/produkti"},{"@type":"ListItem","position":3,"name":"Radiodetection RD7100 PLM kabe\u013cu lokators"}]},{"@type":"WebSite","@id":"https:\/\/www.axiomams.eu\/lv#website","url":"https:\/\/www.axiomams.eu\/lv","name":"AXIOMA MS","description":"Terrmovizoriai ir matavimo \u012franga","publisher":{"@id":"https:\/\/www.axiomams.eu\/lv#organization"},"potentialAction":[{"@type":"SearchAction","target":{"@type":"EntryPoint","urlTemplate":"https:\/\/www.axiomams.eu\/lv?s={search_term_string}"},"query-input":{"@type":"PropertyValueSpecification","valueRequired":true,"valueName":"search_term_string"}}],"inLanguage":"lv-LV"},{"@type":"Organization","@id":"https:\/\/www.axiomams.eu\/lv#organization","name":"AXIOMA MS","url":"https:\/\/www.axiomams.eu\/lv","logo":{"@type":"ImageObject","inLanguage":"lv-LV","@id":"https:\/\/www.axiomams.eu\/lv#\/schema\/logo\/image\/","url":"https:\/\/www.axiomams.eu\/wp-content\/uploads\/2025\/06\/axioma-logo-2.png","contentUrl":"https:\/\/www.axiomams.eu\/wp-content\/uploads\/2025\/06\/axioma-logo-2.png","width":1200,"height":1200,"caption":"AXIOMA MS"},"image":{"@id":"https:\/\/www.axiomams.eu\/lv#\/schema\/logo\/image\/"},"sameAs":["https:\/\/www.facebook.com\/AxiomaMS","https:\/\/www.linkedin.com\/company\/axiomams\/"]}]}},"_links":{"self":[{"href":"https:\/\/www.axiomams.eu\/lv\/wp-json\/wp\/v2\/product\/39344","targetHints":{"allow":["GET"]}}],"collection":[{"href":"https:\/\/www.axiomams.eu\/lv\/wp-json\/wp\/v2\/product"}],"about":[{"href":"https:\/\/www.axiomams.eu\/lv\/wp-json\/wp\/v2\/types\/product"}],"replies":[{"embeddable":true,"href":"https:\/\/www.axiomams.eu\/lv\/wp-json\/wp\/v2\/comments?post=39344"}],"wp:featuredmedia":[{"embeddable":true,"href":"https:\/\/www.axiomams.eu\/lv\/wp-json\/wp\/v2\/media\/42403"}],"wp:attachment":[{"href":"https:\/\/www.axiomams.eu\/lv\/wp-json\/wp\/v2\/media?parent=39344"}],"wp:term":[{"taxonomy":"product_brand","embeddable":true,"href":"https:\/\/www.axiomams.eu\/lv\/wp-json\/wp\/v2\/product_brand?post=39344"},{"taxonomy":"product_cat","embeddable":true,"href":"https:\/\/www.axiomams.eu\/lv\/wp-json\/wp\/v2\/product_cat?post=39344"},{"taxonomy":"product_tag","embeddable":true,"href":"https:\/\/www.axiomams.eu\/lv\/wp-json\/wp\/v2\/product_tag?post=39344"}],"curies":[{"name":"wp","href":"https:\/\/api.w.org\/{rel}","templated":true}]}}