{"id":39347,"date":"2025-05-15T18:07:12","date_gmt":"2025-05-15T16:07:12","guid":{"rendered":"https:\/\/www.axiomams.eu\/produktas\/radiodetection-rd7200-kabelu-lokatora-komplekts-ar-5-w-raiditaju"},"modified":"2026-03-25T17:01:41","modified_gmt":"2026-03-25T15:01:41","slug":"radiodetection-rd7200-kabelu-lokatora-komplekts-ar-5-w-raiditaju","status":"publish","type":"product","link":"https:\/\/www.axiomams.eu\/lv\/produktas\/radiodetection-rd7200-kabelu-lokatora-komplekts-ar-5-w-raiditaju","title":{"rendered":"Radiodetection RD7200 kabe\u013cu lokatora komplekts ar 5 W raid\u012bt\u0101ju"},"content":{"rendered":"<p>Radiodetection RD7200 kabe\u013cu lokators, kas sast\u0101v no raid\u012bt\u0101ja un uztv\u0113r\u0113ja, tiek izmantots, lai noteiktu prec\u012bzu kabe\u013cu un met\u0101la cauru\u013cu atra\u0161an\u0101s vietu. Kompass \u013cauj operatoram \u0101tri un viegli sekot m\u0113r\u0137a l\u012bnijai, vizu\u0101li nor\u0101dot m\u0113r\u0137a kabe\u013ca un lokatora relat\u012bvo orient\u0101ciju.<\/p>\n<p>Standarta komplekts: Komplekt\u0101: Radiodetection RD7200 uztv\u0113r\u0113js, Tx-5 raid\u012bt\u0101js ar akumulatoru, baterijas uztv\u0113r\u0113jam, savienojuma kabelis, m\u0113r\u012b\u0161anas zonde, lietot\u0101ja rokasgr\u0101mata, m\u012bksta somi\u0146a.<\/p>\n<h3>Tehnisk\u0101 inform\u0101cija:<\/h3>\n<ul>\n<li><a href=\"https:\/\/axiomams.eu\/importer\/export\/attachments\/en\/radiodetection-rd7200.pdf\" target=\"_blank\">Radiodetection RD7200.pdf<\/a><\/li>\n<\/ul>\n","protected":false},"excerpt":{"rendered":"<p>Radiodetection RD7200 kabe\u013cu lokators, kas sast\u0101v no raid\u012bt\u0101ja un uztv\u0113r\u0113ja, tiek izmantots, lai noteiktu prec\u012bzu kabe\u013cu un met\u0101la cauru\u013cu atra\u0161an\u0101s vietu. Kompass \u013cauj operatoram \u0101tri un viegli sekot m\u0113r\u0137a l\u012bnijai, vizu\u0101li nor\u0101dot m\u0113r\u0137a kabe\u013ca un lokatora relat\u012bvo orient\u0101ciju. Standarta komplekts: Komplekt\u0101: Radiodetection RD7200 uztv\u0113r\u0113js, Tx-5 raid\u012bt\u0101js ar akumulatoru, baterijas uztv\u0113r\u0113jam, savienojuma kabelis, m\u0113r\u012b\u0161anas zonde, lietot\u0101ja&#8230;<\/p>\n","protected":false},"featured_media":42409,"comment_status":"open","ping_status":"closed","template":"","meta":{"_acf_changed":false},"product_brand":[730],"product_cat":[17740,17716],"product_tag":[],"class_list":{"0":"post-39347","1":"product","2":"type-product","3":"status-publish","4":"has-post-thumbnail","6":"product_brand-radiodetection","7":"product_cat-georadari-un-pazemes-komunikaciju-lokatori","8":"product_cat-kabelu-meklesanai-un-atlasei","10":"first","11":"instock","12":"taxable","13":"shipping-taxable","14":"purchasable","15":"product-type-simple"},"acf":[],"yoast_head":"<!-- This site is optimized with the Yoast SEO plugin v27.0 - https:\/\/yoast.com\/product\/yoast-seo-wordpress\/ -->\n<title>Radiodetection RD7200 kabe\u013cu lokatora komplekts ar 5 W raid\u012bt\u0101ju - AXIOMA MS<\/title>\n<meta name=\"robots\" content=\"index, follow, max-snippet:-1, max-image-preview:large, max-video-preview:-1\" \/>\n<link rel=\"canonical\" href=\"https:\/\/www.axiomams.eu\/lv\/produktas\/radiodetection-rd7200-kabelu-lokatora-komplekts-ar-5-w-raiditaju\" \/>\n<meta property=\"og:locale\" content=\"lv_LV\" \/>\n<meta property=\"og:type\" content=\"article\" \/>\n<meta property=\"og:title\" content=\"Radiodetection RD7200 kabe\u013cu lokatora komplekts ar 5 W raid\u012bt\u0101ju - AXIOMA MS\" \/>\n<meta property=\"og:description\" content=\"Radiodetection RD7200 kabe\u013cu lokators, kas sast\u0101v no raid\u012bt\u0101ja un uztv\u0113r\u0113ja, tiek izmantots, lai noteiktu prec\u012bzu kabe\u013cu un met\u0101la cauru\u013cu atra\u0161an\u0101s vietu. Kompass \u013cauj operatoram \u0101tri un viegli sekot m\u0113r\u0137a l\u012bnijai, vizu\u0101li nor\u0101dot m\u0113r\u0137a kabe\u013ca un lokatora relat\u012bvo orient\u0101ciju. Standarta komplekts: Komplekt\u0101: Radiodetection RD7200 uztv\u0113r\u0113js, Tx-5 raid\u012bt\u0101js ar akumulatoru, baterijas uztv\u0113r\u0113jam, savienojuma kabelis, m\u0113r\u012b\u0161anas zonde, lietot\u0101ja...\" \/>\n<meta property=\"og:url\" content=\"https:\/\/www.axiomams.eu\/lv\/produktas\/radiodetection-rd7200-kabelu-lokatora-komplekts-ar-5-w-raiditaju\" \/>\n<meta property=\"og:site_name\" content=\"AXIOMA MS\" \/>\n<meta property=\"article:publisher\" content=\"https:\/\/www.facebook.com\/AxiomaMS\" \/>\n<meta property=\"article:modified_time\" content=\"2026-03-25T15:01:41+00:00\" \/>\n<meta property=\"og:image\" content=\"https:\/\/www.axiomams.eu\/wp-content\/uploads\/2025\/07\/3150-5889.jpg\" \/>\n\t<meta property=\"og:image:width\" content=\"999\" \/>\n\t<meta property=\"og:image:height\" content=\"954\" \/>\n\t<meta property=\"og:image:type\" content=\"image\/jpeg\" \/>\n<meta name=\"twitter:card\" content=\"summary_large_image\" \/>\n<script type=\"application\/ld+json\" class=\"yoast-schema-graph\">{\"@context\":\"https:\/\/schema.org\",\"@graph\":[{\"@type\":\"WebPage\",\"@id\":\"https:\/\/www.axiomams.eu\/lv\/produktas\/radiodetection-rd7200-kabelu-lokatora-komplekts-ar-5-w-raiditaju\",\"url\":\"https:\/\/www.axiomams.eu\/lv\/produktas\/radiodetection-rd7200-kabelu-lokatora-komplekts-ar-5-w-raiditaju\",\"name\":\"Radiodetection RD7200 kabe\u013cu lokatora komplekts ar 5 W raid\u012bt\u0101ju - AXIOMA MS\",\"isPartOf\":{\"@id\":\"https:\/\/www.axiomams.eu\/lv#website\"},\"primaryImageOfPage\":{\"@id\":\"https:\/\/www.axiomams.eu\/lv\/produktas\/radiodetection-rd7200-kabelu-lokatora-komplekts-ar-5-w-raiditaju#primaryimage\"},\"image\":{\"@id\":\"https:\/\/www.axiomams.eu\/lv\/produktas\/radiodetection-rd7200-kabelu-lokatora-komplekts-ar-5-w-raiditaju#primaryimage\"},\"thumbnailUrl\":\"https:\/\/www.axiomams.eu\/wp-content\/uploads\/2025\/07\/3150-5889.jpg\",\"datePublished\":\"2025-05-15T16:07:12+00:00\",\"dateModified\":\"2026-03-25T15:01:41+00:00\",\"breadcrumb\":{\"@id\":\"https:\/\/www.axiomams.eu\/lv\/produktas\/radiodetection-rd7200-kabelu-lokatora-komplekts-ar-5-w-raiditaju#breadcrumb\"},\"inLanguage\":\"lv-LV\",\"potentialAction\":[{\"@type\":\"ReadAction\",\"target\":[\"https:\/\/www.axiomams.eu\/lv\/produktas\/radiodetection-rd7200-kabelu-lokatora-komplekts-ar-5-w-raiditaju\"]}]},{\"@type\":\"ImageObject\",\"inLanguage\":\"lv-LV\",\"@id\":\"https:\/\/www.axiomams.eu\/lv\/produktas\/radiodetection-rd7200-kabelu-lokatora-komplekts-ar-5-w-raiditaju#primaryimage\",\"url\":\"https:\/\/www.axiomams.eu\/wp-content\/uploads\/2025\/07\/3150-5889.jpg\",\"contentUrl\":\"https:\/\/www.axiomams.eu\/wp-content\/uploads\/2025\/07\/3150-5889.jpg\",\"width\":999,\"height\":954},{\"@type\":\"BreadcrumbList\",\"@id\":\"https:\/\/www.axiomams.eu\/lv\/produktas\/radiodetection-rd7200-kabelu-lokatora-komplekts-ar-5-w-raiditaju#breadcrumb\",\"itemListElement\":[{\"@type\":\"ListItem\",\"position\":1,\"name\":\"Home\",\"item\":\"https:\/\/www.axiomams.eu\/lv\"},{\"@type\":\"ListItem\",\"position\":2,\"name\":\"Produkti\",\"item\":\"https:\/\/www.axiomams.eu\/lv\/produkti\"},{\"@type\":\"ListItem\",\"position\":3,\"name\":\"Radiodetection RD7200 kabe\u013cu lokatora komplekts ar 5 W raid\u012bt\u0101ju\"}]},{\"@type\":\"WebSite\",\"@id\":\"https:\/\/www.axiomams.eu\/lv#website\",\"url\":\"https:\/\/www.axiomams.eu\/lv\",\"name\":\"AXIOMA MS\",\"description\":\"Terrmovizoriai ir matavimo \u012franga\",\"publisher\":{\"@id\":\"https:\/\/www.axiomams.eu\/lv#organization\"},\"potentialAction\":[{\"@type\":\"SearchAction\",\"target\":{\"@type\":\"EntryPoint\",\"urlTemplate\":\"https:\/\/www.axiomams.eu\/lv?s={search_term_string}\"},\"query-input\":{\"@type\":\"PropertyValueSpecification\",\"valueRequired\":true,\"valueName\":\"search_term_string\"}}],\"inLanguage\":\"lv-LV\"},{\"@type\":\"Organization\",\"@id\":\"https:\/\/www.axiomams.eu\/lv#organization\",\"name\":\"AXIOMA MS\",\"url\":\"https:\/\/www.axiomams.eu\/lv\",\"logo\":{\"@type\":\"ImageObject\",\"inLanguage\":\"lv-LV\",\"@id\":\"https:\/\/www.axiomams.eu\/lv#\/schema\/logo\/image\/\",\"url\":\"https:\/\/www.axiomams.eu\/wp-content\/uploads\/2025\/06\/axioma-logo-2.png\",\"contentUrl\":\"https:\/\/www.axiomams.eu\/wp-content\/uploads\/2025\/06\/axioma-logo-2.png\",\"width\":1200,\"height\":1200,\"caption\":\"AXIOMA MS\"},\"image\":{\"@id\":\"https:\/\/www.axiomams.eu\/lv#\/schema\/logo\/image\/\"},\"sameAs\":[\"https:\/\/www.facebook.com\/AxiomaMS\",\"https:\/\/www.linkedin.com\/company\/axiomams\/\"]}]}<\/script>\n<!-- \/ Yoast SEO plugin. -->","yoast_head_json":{"title":"Radiodetection RD7200 kabe\u013cu lokatora komplekts ar 5 W raid\u012bt\u0101ju - AXIOMA MS","robots":{"index":"index","follow":"follow","max-snippet":"max-snippet:-1","max-image-preview":"max-image-preview:large","max-video-preview":"max-video-preview:-1"},"canonical":"https:\/\/www.axiomams.eu\/lv\/produktas\/radiodetection-rd7200-kabelu-lokatora-komplekts-ar-5-w-raiditaju","og_locale":"lv_LV","og_type":"article","og_title":"Radiodetection RD7200 kabe\u013cu lokatora komplekts ar 5 W raid\u012bt\u0101ju - AXIOMA MS","og_description":"Radiodetection RD7200 kabe\u013cu lokators, kas sast\u0101v no raid\u012bt\u0101ja un uztv\u0113r\u0113ja, tiek izmantots, lai noteiktu prec\u012bzu kabe\u013cu un met\u0101la cauru\u013cu atra\u0161an\u0101s vietu. Kompass \u013cauj operatoram \u0101tri un viegli sekot m\u0113r\u0137a l\u012bnijai, vizu\u0101li nor\u0101dot m\u0113r\u0137a kabe\u013ca un lokatora relat\u012bvo orient\u0101ciju. Standarta komplekts: Komplekt\u0101: Radiodetection RD7200 uztv\u0113r\u0113js, Tx-5 raid\u012bt\u0101js ar akumulatoru, baterijas uztv\u0113r\u0113jam, savienojuma kabelis, m\u0113r\u012b\u0161anas zonde, lietot\u0101ja...","og_url":"https:\/\/www.axiomams.eu\/lv\/produktas\/radiodetection-rd7200-kabelu-lokatora-komplekts-ar-5-w-raiditaju","og_site_name":"AXIOMA MS","article_publisher":"https:\/\/www.facebook.com\/AxiomaMS","article_modified_time":"2026-03-25T15:01:41+00:00","og_image":[{"width":999,"height":954,"url":"https:\/\/www.axiomams.eu\/wp-content\/uploads\/2025\/07\/3150-5889.jpg","type":"image\/jpeg"}],"twitter_card":"summary_large_image","schema":{"@context":"https:\/\/schema.org","@graph":[{"@type":"WebPage","@id":"https:\/\/www.axiomams.eu\/lv\/produktas\/radiodetection-rd7200-kabelu-lokatora-komplekts-ar-5-w-raiditaju","url":"https:\/\/www.axiomams.eu\/lv\/produktas\/radiodetection-rd7200-kabelu-lokatora-komplekts-ar-5-w-raiditaju","name":"Radiodetection RD7200 kabe\u013cu lokatora komplekts ar 5 W raid\u012bt\u0101ju - AXIOMA MS","isPartOf":{"@id":"https:\/\/www.axiomams.eu\/lv#website"},"primaryImageOfPage":{"@id":"https:\/\/www.axiomams.eu\/lv\/produktas\/radiodetection-rd7200-kabelu-lokatora-komplekts-ar-5-w-raiditaju#primaryimage"},"image":{"@id":"https:\/\/www.axiomams.eu\/lv\/produktas\/radiodetection-rd7200-kabelu-lokatora-komplekts-ar-5-w-raiditaju#primaryimage"},"thumbnailUrl":"https:\/\/www.axiomams.eu\/wp-content\/uploads\/2025\/07\/3150-5889.jpg","datePublished":"2025-05-15T16:07:12+00:00","dateModified":"2026-03-25T15:01:41+00:00","breadcrumb":{"@id":"https:\/\/www.axiomams.eu\/lv\/produktas\/radiodetection-rd7200-kabelu-lokatora-komplekts-ar-5-w-raiditaju#breadcrumb"},"inLanguage":"lv-LV","potentialAction":[{"@type":"ReadAction","target":["https:\/\/www.axiomams.eu\/lv\/produktas\/radiodetection-rd7200-kabelu-lokatora-komplekts-ar-5-w-raiditaju"]}]},{"@type":"ImageObject","inLanguage":"lv-LV","@id":"https:\/\/www.axiomams.eu\/lv\/produktas\/radiodetection-rd7200-kabelu-lokatora-komplekts-ar-5-w-raiditaju#primaryimage","url":"https:\/\/www.axiomams.eu\/wp-content\/uploads\/2025\/07\/3150-5889.jpg","contentUrl":"https:\/\/www.axiomams.eu\/wp-content\/uploads\/2025\/07\/3150-5889.jpg","width":999,"height":954},{"@type":"BreadcrumbList","@id":"https:\/\/www.axiomams.eu\/lv\/produktas\/radiodetection-rd7200-kabelu-lokatora-komplekts-ar-5-w-raiditaju#breadcrumb","itemListElement":[{"@type":"ListItem","position":1,"name":"Home","item":"https:\/\/www.axiomams.eu\/lv"},{"@type":"ListItem","position":2,"name":"Produkti","item":"https:\/\/www.axiomams.eu\/lv\/produkti"},{"@type":"ListItem","position":3,"name":"Radiodetection RD7200 kabe\u013cu lokatora komplekts ar 5 W raid\u012bt\u0101ju"}]},{"@type":"WebSite","@id":"https:\/\/www.axiomams.eu\/lv#website","url":"https:\/\/www.axiomams.eu\/lv","name":"AXIOMA MS","description":"Terrmovizoriai ir matavimo \u012franga","publisher":{"@id":"https:\/\/www.axiomams.eu\/lv#organization"},"potentialAction":[{"@type":"SearchAction","target":{"@type":"EntryPoint","urlTemplate":"https:\/\/www.axiomams.eu\/lv?s={search_term_string}"},"query-input":{"@type":"PropertyValueSpecification","valueRequired":true,"valueName":"search_term_string"}}],"inLanguage":"lv-LV"},{"@type":"Organization","@id":"https:\/\/www.axiomams.eu\/lv#organization","name":"AXIOMA MS","url":"https:\/\/www.axiomams.eu\/lv","logo":{"@type":"ImageObject","inLanguage":"lv-LV","@id":"https:\/\/www.axiomams.eu\/lv#\/schema\/logo\/image\/","url":"https:\/\/www.axiomams.eu\/wp-content\/uploads\/2025\/06\/axioma-logo-2.png","contentUrl":"https:\/\/www.axiomams.eu\/wp-content\/uploads\/2025\/06\/axioma-logo-2.png","width":1200,"height":1200,"caption":"AXIOMA MS"},"image":{"@id":"https:\/\/www.axiomams.eu\/lv#\/schema\/logo\/image\/"},"sameAs":["https:\/\/www.facebook.com\/AxiomaMS","https:\/\/www.linkedin.com\/company\/axiomams\/"]}]}},"_links":{"self":[{"href":"https:\/\/www.axiomams.eu\/lv\/wp-json\/wp\/v2\/product\/39347","targetHints":{"allow":["GET"]}}],"collection":[{"href":"https:\/\/www.axiomams.eu\/lv\/wp-json\/wp\/v2\/product"}],"about":[{"href":"https:\/\/www.axiomams.eu\/lv\/wp-json\/wp\/v2\/types\/product"}],"replies":[{"embeddable":true,"href":"https:\/\/www.axiomams.eu\/lv\/wp-json\/wp\/v2\/comments?post=39347"}],"wp:featuredmedia":[{"embeddable":true,"href":"https:\/\/www.axiomams.eu\/lv\/wp-json\/wp\/v2\/media\/42409"}],"wp:attachment":[{"href":"https:\/\/www.axiomams.eu\/lv\/wp-json\/wp\/v2\/media?parent=39347"}],"wp:term":[{"taxonomy":"product_brand","embeddable":true,"href":"https:\/\/www.axiomams.eu\/lv\/wp-json\/wp\/v2\/product_brand?post=39347"},{"taxonomy":"product_cat","embeddable":true,"href":"https:\/\/www.axiomams.eu\/lv\/wp-json\/wp\/v2\/product_cat?post=39347"},{"taxonomy":"product_tag","embeddable":true,"href":"https:\/\/www.axiomams.eu\/lv\/wp-json\/wp\/v2\/product_tag?post=39347"}],"curies":[{"name":"wp","href":"https:\/\/api.w.org\/{rel}","templated":true}]}}