{"id":39349,"date":"2025-05-15T18:07:13","date_gmt":"2025-05-15T16:07:13","guid":{"rendered":"https:\/\/www.axiomams.eu\/produktas\/deep-trekker-revolution-zemudens-rov"},"modified":"2026-03-25T17:01:41","modified_gmt":"2026-03-25T15:01:41","slug":"deep-trekker-revolution-zemudens-rov","status":"publish","type":"product","link":"https:\/\/www.axiomams.eu\/lv\/produktas\/deep-trekker-revolution-zemudens-rov","title":{"rendered":"Deep Trekker REVOLUTION zem\u016bdens ROV"},"content":{"rendered":"<p>REVOLUTION ir intuit\u012bv\u0101kais un stabil\u0101kais ROV zem\u016bdens apsekojumiem un p\u0101rbaud\u0113m. Uzb\u016bv\u0113ts iztur\u012bgs, lai izdz\u012bvotu skarbos zem\u016bdens apst\u0101k\u013cos un veiktu sare\u017e\u0123\u012btas misijas.<br \/>\nIek\u0161\u0113j\u0101 HD kamera ir viegli lietojama, ar tie\u0161raides bez aizkav\u0113\u0161an\u0101s skat\u012b\u0161anu rokas kontrolier\u012b un 260 gr\u0101du rot\u0113jo\u0161u redzes lauku. P\u0101rsl\u0113dziet uz foto re\u017e\u012bmu, lai uz\u0146emtu l\u012bdz pat 8 megapikse\u013cu fotogr\u0101fijas. Ierakstiet p\u0101rbaudes un zem\u016bdens oper\u0101cijas tie\u0161i uz rokas kontroliera, kam ir ieb\u016bv\u0113ts displejs.<\/p>\n<h3>Tehnisk\u0101 inform\u0101cija:<\/h3>\n<ul>\n<li><a href=\"https:\/\/axiomams.eu\/importer\/export\/attachments\/en\/deep-trekker-revolution-rov.pdf\" target=\"_blank\">Deep Trekker REVOLUTION ROV.pdf<\/a><\/li>\n<\/ul>\n","protected":false},"excerpt":{"rendered":"<p>REVOLUTION ir intuit\u012bv\u0101kais un stabil\u0101kais ROV zem\u016bdens apsekojumiem un p\u0101rbaud\u0113m. Uzb\u016bv\u0113ts iztur\u012bgs, lai izdz\u012bvotu skarbos zem\u016bdens apst\u0101k\u013cos un veiktu sare\u017e\u0123\u012btas misijas. Iek\u0161\u0113j\u0101 HD kamera ir viegli lietojama, ar tie\u0161raides bez aizkav\u0113\u0161an\u0101s skat\u012b\u0161anu rokas kontrolier\u012b un 260 gr\u0101du rot\u0113jo\u0161u redzes lauku. P\u0101rsl\u0113dziet uz foto re\u017e\u012bmu, lai uz\u0146emtu l\u012bdz pat 8 megapikse\u013cu fotogr\u0101fijas. Ierakstiet p\u0101rbaudes un zem\u016bdens&#8230;<\/p>\n","protected":false},"featured_media":42413,"comment_status":"open","ping_status":"closed","template":"","meta":{"_acf_changed":false},"product_brand":[1188],"product_cat":[17769],"product_tag":[],"class_list":{"0":"post-39349","1":"product","2":"type-product","3":"status-publish","4":"has-post-thumbnail","6":"product_brand-deep-trekker","7":"product_cat-zemudens-droni","9":"first","10":"instock","11":"taxable","12":"shipping-taxable","13":"product-type-simple"},"acf":[],"yoast_head":"<!-- This site is optimized with the Yoast SEO plugin v27.0 - https:\/\/yoast.com\/product\/yoast-seo-wordpress\/ -->\n<title>Deep Trekker REVOLUTION zem\u016bdens ROV - AXIOMA MS<\/title>\n<meta name=\"robots\" content=\"index, follow, max-snippet:-1, max-image-preview:large, max-video-preview:-1\" \/>\n<link rel=\"canonical\" href=\"https:\/\/www.axiomams.eu\/lv\/produktas\/deep-trekker-revolution-zemudens-rov\" \/>\n<meta property=\"og:locale\" content=\"lv_LV\" \/>\n<meta property=\"og:type\" content=\"article\" \/>\n<meta property=\"og:title\" content=\"Deep Trekker REVOLUTION zem\u016bdens ROV - AXIOMA MS\" \/>\n<meta property=\"og:description\" content=\"REVOLUTION ir intuit\u012bv\u0101kais un stabil\u0101kais ROV zem\u016bdens apsekojumiem un p\u0101rbaud\u0113m. Uzb\u016bv\u0113ts iztur\u012bgs, lai izdz\u012bvotu skarbos zem\u016bdens apst\u0101k\u013cos un veiktu sare\u017e\u0123\u012btas misijas. Iek\u0161\u0113j\u0101 HD kamera ir viegli lietojama, ar tie\u0161raides bez aizkav\u0113\u0161an\u0101s skat\u012b\u0161anu rokas kontrolier\u012b un 260 gr\u0101du rot\u0113jo\u0161u redzes lauku. P\u0101rsl\u0113dziet uz foto re\u017e\u012bmu, lai uz\u0146emtu l\u012bdz pat 8 megapikse\u013cu fotogr\u0101fijas. Ierakstiet p\u0101rbaudes un zem\u016bdens...\" \/>\n<meta property=\"og:url\" content=\"https:\/\/www.axiomams.eu\/lv\/produktas\/deep-trekker-revolution-zemudens-rov\" \/>\n<meta property=\"og:site_name\" content=\"AXIOMA MS\" \/>\n<meta property=\"article:publisher\" content=\"https:\/\/www.facebook.com\/AxiomaMS\" \/>\n<meta property=\"article:modified_time\" content=\"2026-03-25T15:01:41+00:00\" \/>\n<meta property=\"og:image\" content=\"https:\/\/www.axiomams.eu\/wp-content\/uploads\/2025\/07\/3098-4081.jpg\" \/>\n\t<meta property=\"og:image:width\" content=\"1200\" \/>\n\t<meta property=\"og:image:height\" content=\"800\" \/>\n\t<meta property=\"og:image:type\" content=\"image\/jpeg\" \/>\n<meta name=\"twitter:card\" content=\"summary_large_image\" \/>\n<meta name=\"twitter:label1\" content=\"Est. reading time\" \/>\n\t<meta name=\"twitter:data1\" content=\"1 minute\" \/>\n<script type=\"application\/ld+json\" class=\"yoast-schema-graph\">{\"@context\":\"https:\/\/schema.org\",\"@graph\":[{\"@type\":\"WebPage\",\"@id\":\"https:\/\/www.axiomams.eu\/lv\/produktas\/deep-trekker-revolution-zemudens-rov\",\"url\":\"https:\/\/www.axiomams.eu\/lv\/produktas\/deep-trekker-revolution-zemudens-rov\",\"name\":\"Deep Trekker REVOLUTION zem\u016bdens ROV - AXIOMA MS\",\"isPartOf\":{\"@id\":\"https:\/\/www.axiomams.eu\/lv#website\"},\"primaryImageOfPage\":{\"@id\":\"https:\/\/www.axiomams.eu\/lv\/produktas\/deep-trekker-revolution-zemudens-rov#primaryimage\"},\"image\":{\"@id\":\"https:\/\/www.axiomams.eu\/lv\/produktas\/deep-trekker-revolution-zemudens-rov#primaryimage\"},\"thumbnailUrl\":\"https:\/\/www.axiomams.eu\/wp-content\/uploads\/2025\/07\/3098-4081.jpg\",\"datePublished\":\"2025-05-15T16:07:13+00:00\",\"dateModified\":\"2026-03-25T15:01:41+00:00\",\"breadcrumb\":{\"@id\":\"https:\/\/www.axiomams.eu\/lv\/produktas\/deep-trekker-revolution-zemudens-rov#breadcrumb\"},\"inLanguage\":\"lv-LV\",\"potentialAction\":[{\"@type\":\"ReadAction\",\"target\":[\"https:\/\/www.axiomams.eu\/lv\/produktas\/deep-trekker-revolution-zemudens-rov\"]}]},{\"@type\":\"ImageObject\",\"inLanguage\":\"lv-LV\",\"@id\":\"https:\/\/www.axiomams.eu\/lv\/produktas\/deep-trekker-revolution-zemudens-rov#primaryimage\",\"url\":\"https:\/\/www.axiomams.eu\/wp-content\/uploads\/2025\/07\/3098-4081.jpg\",\"contentUrl\":\"https:\/\/www.axiomams.eu\/wp-content\/uploads\/2025\/07\/3098-4081.jpg\",\"width\":1200,\"height\":800},{\"@type\":\"BreadcrumbList\",\"@id\":\"https:\/\/www.axiomams.eu\/lv\/produktas\/deep-trekker-revolution-zemudens-rov#breadcrumb\",\"itemListElement\":[{\"@type\":\"ListItem\",\"position\":1,\"name\":\"Home\",\"item\":\"https:\/\/www.axiomams.eu\/lv\"},{\"@type\":\"ListItem\",\"position\":2,\"name\":\"Produkti\",\"item\":\"https:\/\/www.axiomams.eu\/lv\/produkti\"},{\"@type\":\"ListItem\",\"position\":3,\"name\":\"Deep Trekker REVOLUTION zem\u016bdens ROV\"}]},{\"@type\":\"WebSite\",\"@id\":\"https:\/\/www.axiomams.eu\/lv#website\",\"url\":\"https:\/\/www.axiomams.eu\/lv\",\"name\":\"AXIOMA MS\",\"description\":\"Terrmovizoriai ir matavimo \u012franga\",\"publisher\":{\"@id\":\"https:\/\/www.axiomams.eu\/lv#organization\"},\"potentialAction\":[{\"@type\":\"SearchAction\",\"target\":{\"@type\":\"EntryPoint\",\"urlTemplate\":\"https:\/\/www.axiomams.eu\/lv?s={search_term_string}\"},\"query-input\":{\"@type\":\"PropertyValueSpecification\",\"valueRequired\":true,\"valueName\":\"search_term_string\"}}],\"inLanguage\":\"lv-LV\"},{\"@type\":\"Organization\",\"@id\":\"https:\/\/www.axiomams.eu\/lv#organization\",\"name\":\"AXIOMA MS\",\"url\":\"https:\/\/www.axiomams.eu\/lv\",\"logo\":{\"@type\":\"ImageObject\",\"inLanguage\":\"lv-LV\",\"@id\":\"https:\/\/www.axiomams.eu\/lv#\/schema\/logo\/image\/\",\"url\":\"https:\/\/www.axiomams.eu\/wp-content\/uploads\/2025\/06\/axioma-logo-2.png\",\"contentUrl\":\"https:\/\/www.axiomams.eu\/wp-content\/uploads\/2025\/06\/axioma-logo-2.png\",\"width\":1200,\"height\":1200,\"caption\":\"AXIOMA MS\"},\"image\":{\"@id\":\"https:\/\/www.axiomams.eu\/lv#\/schema\/logo\/image\/\"},\"sameAs\":[\"https:\/\/www.facebook.com\/AxiomaMS\",\"https:\/\/www.linkedin.com\/company\/axiomams\/\"]}]}<\/script>\n<!-- \/ Yoast SEO plugin. -->","yoast_head_json":{"title":"Deep Trekker REVOLUTION zem\u016bdens ROV - AXIOMA MS","robots":{"index":"index","follow":"follow","max-snippet":"max-snippet:-1","max-image-preview":"max-image-preview:large","max-video-preview":"max-video-preview:-1"},"canonical":"https:\/\/www.axiomams.eu\/lv\/produktas\/deep-trekker-revolution-zemudens-rov","og_locale":"lv_LV","og_type":"article","og_title":"Deep Trekker REVOLUTION zem\u016bdens ROV - AXIOMA MS","og_description":"REVOLUTION ir intuit\u012bv\u0101kais un stabil\u0101kais ROV zem\u016bdens apsekojumiem un p\u0101rbaud\u0113m. Uzb\u016bv\u0113ts iztur\u012bgs, lai izdz\u012bvotu skarbos zem\u016bdens apst\u0101k\u013cos un veiktu sare\u017e\u0123\u012btas misijas. Iek\u0161\u0113j\u0101 HD kamera ir viegli lietojama, ar tie\u0161raides bez aizkav\u0113\u0161an\u0101s skat\u012b\u0161anu rokas kontrolier\u012b un 260 gr\u0101du rot\u0113jo\u0161u redzes lauku. P\u0101rsl\u0113dziet uz foto re\u017e\u012bmu, lai uz\u0146emtu l\u012bdz pat 8 megapikse\u013cu fotogr\u0101fijas. Ierakstiet p\u0101rbaudes un zem\u016bdens...","og_url":"https:\/\/www.axiomams.eu\/lv\/produktas\/deep-trekker-revolution-zemudens-rov","og_site_name":"AXIOMA MS","article_publisher":"https:\/\/www.facebook.com\/AxiomaMS","article_modified_time":"2026-03-25T15:01:41+00:00","og_image":[{"width":1200,"height":800,"url":"https:\/\/www.axiomams.eu\/wp-content\/uploads\/2025\/07\/3098-4081.jpg","type":"image\/jpeg"}],"twitter_card":"summary_large_image","twitter_misc":{"Est. reading time":"1 minute"},"schema":{"@context":"https:\/\/schema.org","@graph":[{"@type":"WebPage","@id":"https:\/\/www.axiomams.eu\/lv\/produktas\/deep-trekker-revolution-zemudens-rov","url":"https:\/\/www.axiomams.eu\/lv\/produktas\/deep-trekker-revolution-zemudens-rov","name":"Deep Trekker REVOLUTION zem\u016bdens ROV - AXIOMA MS","isPartOf":{"@id":"https:\/\/www.axiomams.eu\/lv#website"},"primaryImageOfPage":{"@id":"https:\/\/www.axiomams.eu\/lv\/produktas\/deep-trekker-revolution-zemudens-rov#primaryimage"},"image":{"@id":"https:\/\/www.axiomams.eu\/lv\/produktas\/deep-trekker-revolution-zemudens-rov#primaryimage"},"thumbnailUrl":"https:\/\/www.axiomams.eu\/wp-content\/uploads\/2025\/07\/3098-4081.jpg","datePublished":"2025-05-15T16:07:13+00:00","dateModified":"2026-03-25T15:01:41+00:00","breadcrumb":{"@id":"https:\/\/www.axiomams.eu\/lv\/produktas\/deep-trekker-revolution-zemudens-rov#breadcrumb"},"inLanguage":"lv-LV","potentialAction":[{"@type":"ReadAction","target":["https:\/\/www.axiomams.eu\/lv\/produktas\/deep-trekker-revolution-zemudens-rov"]}]},{"@type":"ImageObject","inLanguage":"lv-LV","@id":"https:\/\/www.axiomams.eu\/lv\/produktas\/deep-trekker-revolution-zemudens-rov#primaryimage","url":"https:\/\/www.axiomams.eu\/wp-content\/uploads\/2025\/07\/3098-4081.jpg","contentUrl":"https:\/\/www.axiomams.eu\/wp-content\/uploads\/2025\/07\/3098-4081.jpg","width":1200,"height":800},{"@type":"BreadcrumbList","@id":"https:\/\/www.axiomams.eu\/lv\/produktas\/deep-trekker-revolution-zemudens-rov#breadcrumb","itemListElement":[{"@type":"ListItem","position":1,"name":"Home","item":"https:\/\/www.axiomams.eu\/lv"},{"@type":"ListItem","position":2,"name":"Produkti","item":"https:\/\/www.axiomams.eu\/lv\/produkti"},{"@type":"ListItem","position":3,"name":"Deep Trekker REVOLUTION zem\u016bdens ROV"}]},{"@type":"WebSite","@id":"https:\/\/www.axiomams.eu\/lv#website","url":"https:\/\/www.axiomams.eu\/lv","name":"AXIOMA MS","description":"Terrmovizoriai ir matavimo \u012franga","publisher":{"@id":"https:\/\/www.axiomams.eu\/lv#organization"},"potentialAction":[{"@type":"SearchAction","target":{"@type":"EntryPoint","urlTemplate":"https:\/\/www.axiomams.eu\/lv?s={search_term_string}"},"query-input":{"@type":"PropertyValueSpecification","valueRequired":true,"valueName":"search_term_string"}}],"inLanguage":"lv-LV"},{"@type":"Organization","@id":"https:\/\/www.axiomams.eu\/lv#organization","name":"AXIOMA MS","url":"https:\/\/www.axiomams.eu\/lv","logo":{"@type":"ImageObject","inLanguage":"lv-LV","@id":"https:\/\/www.axiomams.eu\/lv#\/schema\/logo\/image\/","url":"https:\/\/www.axiomams.eu\/wp-content\/uploads\/2025\/06\/axioma-logo-2.png","contentUrl":"https:\/\/www.axiomams.eu\/wp-content\/uploads\/2025\/06\/axioma-logo-2.png","width":1200,"height":1200,"caption":"AXIOMA MS"},"image":{"@id":"https:\/\/www.axiomams.eu\/lv#\/schema\/logo\/image\/"},"sameAs":["https:\/\/www.facebook.com\/AxiomaMS","https:\/\/www.linkedin.com\/company\/axiomams\/"]}]}},"_links":{"self":[{"href":"https:\/\/www.axiomams.eu\/lv\/wp-json\/wp\/v2\/product\/39349","targetHints":{"allow":["GET"]}}],"collection":[{"href":"https:\/\/www.axiomams.eu\/lv\/wp-json\/wp\/v2\/product"}],"about":[{"href":"https:\/\/www.axiomams.eu\/lv\/wp-json\/wp\/v2\/types\/product"}],"replies":[{"embeddable":true,"href":"https:\/\/www.axiomams.eu\/lv\/wp-json\/wp\/v2\/comments?post=39349"}],"wp:featuredmedia":[{"embeddable":true,"href":"https:\/\/www.axiomams.eu\/lv\/wp-json\/wp\/v2\/media\/42413"}],"wp:attachment":[{"href":"https:\/\/www.axiomams.eu\/lv\/wp-json\/wp\/v2\/media?parent=39349"}],"wp:term":[{"taxonomy":"product_brand","embeddable":true,"href":"https:\/\/www.axiomams.eu\/lv\/wp-json\/wp\/v2\/product_brand?post=39349"},{"taxonomy":"product_cat","embeddable":true,"href":"https:\/\/www.axiomams.eu\/lv\/wp-json\/wp\/v2\/product_cat?post=39349"},{"taxonomy":"product_tag","embeddable":true,"href":"https:\/\/www.axiomams.eu\/lv\/wp-json\/wp\/v2\/product_tag?post=39349"}],"curies":[{"name":"wp","href":"https:\/\/api.w.org\/{rel}","templated":true}]}}