{"id":39352,"date":"2025-07-08T09:46:16","date_gmt":"2025-07-08T07:46:16","guid":{"rendered":"https:\/\/www.axiomams.eu\/produktas\/hioki-rm3544-tinumu-ommetrs"},"modified":"2026-03-25T17:01:42","modified_gmt":"2026-03-25T15:01:42","slug":"hioki-rm3544-tinumu-ommetrs","status":"publish","type":"product","link":"https:\/\/www.axiomams.eu\/lv\/produktas\/hioki-rm3544-tinumu-ommetrs","title":{"rendered":"HIOKI RM3544 tinumu ommetrs"},"content":{"rendered":"<p>Hioki RM3544 ir augstas precizit\u0101tes l\u012bdzstr\u0101vas pretest\u012bbas m\u0113r\u012bt\u0101js, kas paredz\u0113ts efekt\u012bvai un uzticamai test\u0113\u0161anai ra\u017eo\u0161anas l\u012bnij\u0101s. Tas ir ide\u0101li piem\u0113rots tinumu pretest\u012bbas m\u0113r\u012b\u0161anai motoros, transformatoros, k\u0101 ar\u012b kontaktu pretest\u012bbas m\u0113r\u012b\u0161anai relejos un savienot\u0101jos un atbalsta gan manu\u0101las, gan automatiz\u0113tas darba pl\u016bsmas. Pateicoties pla\u0161ajam pretest\u012bbas diapazonam un ieb\u016bv\u0113tajai temperat\u016bras kompens\u0101cijai, tas nodro\u0161ina prec\u012bzus r\u0101d\u012bjumus neatkar\u012bgi no vides izmai\u0146\u0101m. Trok\u0161\u0146u iztur\u012bgas funkcijas un papildapr\u012bkojums, piem\u0113ram, LED komparatora stiprin\u0101jums, padara to ide\u0101li piem\u0113rotu darb\u012bgai r\u016bpn\u012bcas videi. RM3544 \u0101trie, stabilie m\u0113r\u012bjumi un daudzpus\u012bg\u0101s savienojam\u012bbas iesp\u0113jas pal\u012bdz uzlabot kvalit\u0101tes kontroli spo\u013cu un komponentu ra\u017eo\u0161anas procesos.<\/p>\n<p>Standarta komplekts: Hioki RM3544, baro\u0161anas vads, testa vadi ar krokodilu skav\u0101m, lieto\u0161anas instrukcija, rezerves dro\u0161in\u0101t\u0101js.<\/p>\n<p><iframe loading=\"lazy\" width=\"560\" height=\"315\" src=\"https:\/\/www.youtube.com\/embed\/DmdbaOs9Hdo?si=b2tk7G1CwGrSVFc2\" title=\"YouTube video atska\u0146ot\u0101js\" frameborder=\"0\" allow=\"accelerometer; autoplay; clipboard-write; encrypted-media; gyroscope; picture-in-picture; web-share\" referrerpolicy=\"strict-origin-when-cross-origin\" allowfullscreen><\/iframe><\/p>\n<h3>Tehnisk\u0101 inform\u0101cija:<\/h3>\n<ul>\n<li><a href=\"https:\/\/axiomams.eu\/importer\/export\/attachments\/en\/hioki-rm3544.pdf\" target=\"_blank\">Hioki RM3544.pdf<\/a><\/li>\n<\/ul>\n","protected":false},"excerpt":{"rendered":"<p>Hioki RM3544 ir augstas precizit\u0101tes l\u012bdzstr\u0101vas pretest\u012bbas m\u0113r\u012bt\u0101js, kas paredz\u0113ts efekt\u012bvai un uzticamai test\u0113\u0161anai ra\u017eo\u0161anas l\u012bnij\u0101s. Tas ir ide\u0101li piem\u0113rots tinumu pretest\u012bbas m\u0113r\u012b\u0161anai motoros, transformatoros, k\u0101 ar\u012b kontaktu pretest\u012bbas m\u0113r\u012b\u0161anai relejos un savienot\u0101jos un atbalsta gan manu\u0101las, gan automatiz\u0113tas darba pl\u016bsmas. Pateicoties pla\u0161ajam pretest\u012bbas diapazonam un ieb\u016bv\u0113tajai temperat\u016bras kompens\u0101cijai, tas nodro\u0161ina prec\u012bzus r\u0101d\u012bjumus neatkar\u012bgi no&#8230;<\/p>\n","protected":false},"featured_media":42419,"comment_status":"open","ping_status":"closed","template":"","meta":{"_acf_changed":false},"product_brand":[1112],"product_cat":[17713],"product_tag":[],"class_list":{"0":"post-39352","1":"product","2":"type-product","3":"status-publish","4":"has-post-thumbnail","6":"product_brand-hioki","7":"product_cat-elektroiekartu-testesanai-un-parbaudei","9":"first","10":"instock","11":"taxable","12":"shipping-taxable","13":"purchasable","14":"product-type-simple"},"acf":[],"yoast_head":"<!-- This site is optimized with the Yoast SEO plugin v27.0 - https:\/\/yoast.com\/product\/yoast-seo-wordpress\/ -->\n<title>HIOKI RM3544 tinumu ommetrs - AXIOMA MS<\/title>\n<meta name=\"robots\" content=\"index, follow, max-snippet:-1, max-image-preview:large, max-video-preview:-1\" \/>\n<link rel=\"canonical\" href=\"https:\/\/www.axiomams.eu\/lv\/produktas\/hioki-rm3544-tinumu-ommetrs\" \/>\n<meta property=\"og:locale\" content=\"lv_LV\" \/>\n<meta property=\"og:type\" content=\"article\" \/>\n<meta property=\"og:title\" content=\"HIOKI RM3544 tinumu ommetrs - AXIOMA MS\" \/>\n<meta property=\"og:description\" content=\"Hioki RM3544 ir augstas precizit\u0101tes l\u012bdzstr\u0101vas pretest\u012bbas m\u0113r\u012bt\u0101js, kas paredz\u0113ts efekt\u012bvai un uzticamai test\u0113\u0161anai ra\u017eo\u0161anas l\u012bnij\u0101s. Tas ir ide\u0101li piem\u0113rots tinumu pretest\u012bbas m\u0113r\u012b\u0161anai motoros, transformatoros, k\u0101 ar\u012b kontaktu pretest\u012bbas m\u0113r\u012b\u0161anai relejos un savienot\u0101jos un atbalsta gan manu\u0101las, gan automatiz\u0113tas darba pl\u016bsmas. Pateicoties pla\u0161ajam pretest\u012bbas diapazonam un ieb\u016bv\u0113tajai temperat\u016bras kompens\u0101cijai, tas nodro\u0161ina prec\u012bzus r\u0101d\u012bjumus neatkar\u012bgi no...\" \/>\n<meta property=\"og:url\" content=\"https:\/\/www.axiomams.eu\/lv\/produktas\/hioki-rm3544-tinumu-ommetrs\" \/>\n<meta property=\"og:site_name\" content=\"AXIOMA MS\" \/>\n<meta property=\"article:publisher\" content=\"https:\/\/www.facebook.com\/AxiomaMS\" \/>\n<meta property=\"article:modified_time\" content=\"2026-03-25T15:01:42+00:00\" \/>\n<meta property=\"og:image\" content=\"https:\/\/www.axiomams.eu\/wp-content\/uploads\/2025\/07\/4641-5972.jpg\" \/>\n\t<meta property=\"og:image:width\" content=\"1040\" \/>\n\t<meta property=\"og:image:height\" content=\"694\" \/>\n\t<meta property=\"og:image:type\" content=\"image\/jpeg\" \/>\n<meta name=\"twitter:card\" content=\"summary_large_image\" \/>\n<meta name=\"twitter:label1\" content=\"Est. reading time\" \/>\n\t<meta name=\"twitter:data1\" content=\"1 minute\" \/>\n<script type=\"application\/ld+json\" class=\"yoast-schema-graph\">{\"@context\":\"https:\/\/schema.org\",\"@graph\":[{\"@type\":\"WebPage\",\"@id\":\"https:\/\/www.axiomams.eu\/lv\/produktas\/hioki-rm3544-tinumu-ommetrs\",\"url\":\"https:\/\/www.axiomams.eu\/lv\/produktas\/hioki-rm3544-tinumu-ommetrs\",\"name\":\"HIOKI RM3544 tinumu ommetrs - AXIOMA MS\",\"isPartOf\":{\"@id\":\"https:\/\/www.axiomams.eu\/lv#website\"},\"primaryImageOfPage\":{\"@id\":\"https:\/\/www.axiomams.eu\/lv\/produktas\/hioki-rm3544-tinumu-ommetrs#primaryimage\"},\"image\":{\"@id\":\"https:\/\/www.axiomams.eu\/lv\/produktas\/hioki-rm3544-tinumu-ommetrs#primaryimage\"},\"thumbnailUrl\":\"https:\/\/www.axiomams.eu\/wp-content\/uploads\/2025\/07\/4641-5972.jpg\",\"datePublished\":\"2025-07-08T07:46:16+00:00\",\"dateModified\":\"2026-03-25T15:01:42+00:00\",\"breadcrumb\":{\"@id\":\"https:\/\/www.axiomams.eu\/lv\/produktas\/hioki-rm3544-tinumu-ommetrs#breadcrumb\"},\"inLanguage\":\"lv-LV\",\"potentialAction\":[{\"@type\":\"ReadAction\",\"target\":[\"https:\/\/www.axiomams.eu\/lv\/produktas\/hioki-rm3544-tinumu-ommetrs\"]}]},{\"@type\":\"ImageObject\",\"inLanguage\":\"lv-LV\",\"@id\":\"https:\/\/www.axiomams.eu\/lv\/produktas\/hioki-rm3544-tinumu-ommetrs#primaryimage\",\"url\":\"https:\/\/www.axiomams.eu\/wp-content\/uploads\/2025\/07\/4641-5972.jpg\",\"contentUrl\":\"https:\/\/www.axiomams.eu\/wp-content\/uploads\/2025\/07\/4641-5972.jpg\",\"width\":1040,\"height\":694},{\"@type\":\"BreadcrumbList\",\"@id\":\"https:\/\/www.axiomams.eu\/lv\/produktas\/hioki-rm3544-tinumu-ommetrs#breadcrumb\",\"itemListElement\":[{\"@type\":\"ListItem\",\"position\":1,\"name\":\"Home\",\"item\":\"https:\/\/www.axiomams.eu\/lv\"},{\"@type\":\"ListItem\",\"position\":2,\"name\":\"Produkti\",\"item\":\"https:\/\/www.axiomams.eu\/lv\/produkti\"},{\"@type\":\"ListItem\",\"position\":3,\"name\":\"HIOKI RM3544 tinumu ommetrs\"}]},{\"@type\":\"WebSite\",\"@id\":\"https:\/\/www.axiomams.eu\/lv#website\",\"url\":\"https:\/\/www.axiomams.eu\/lv\",\"name\":\"AXIOMA MS\",\"description\":\"Terrmovizoriai ir matavimo \u012franga\",\"publisher\":{\"@id\":\"https:\/\/www.axiomams.eu\/lv#organization\"},\"potentialAction\":[{\"@type\":\"SearchAction\",\"target\":{\"@type\":\"EntryPoint\",\"urlTemplate\":\"https:\/\/www.axiomams.eu\/lv?s={search_term_string}\"},\"query-input\":{\"@type\":\"PropertyValueSpecification\",\"valueRequired\":true,\"valueName\":\"search_term_string\"}}],\"inLanguage\":\"lv-LV\"},{\"@type\":\"Organization\",\"@id\":\"https:\/\/www.axiomams.eu\/lv#organization\",\"name\":\"AXIOMA MS\",\"url\":\"https:\/\/www.axiomams.eu\/lv\",\"logo\":{\"@type\":\"ImageObject\",\"inLanguage\":\"lv-LV\",\"@id\":\"https:\/\/www.axiomams.eu\/lv#\/schema\/logo\/image\/\",\"url\":\"https:\/\/www.axiomams.eu\/wp-content\/uploads\/2025\/06\/axioma-logo-2.png\",\"contentUrl\":\"https:\/\/www.axiomams.eu\/wp-content\/uploads\/2025\/06\/axioma-logo-2.png\",\"width\":1200,\"height\":1200,\"caption\":\"AXIOMA MS\"},\"image\":{\"@id\":\"https:\/\/www.axiomams.eu\/lv#\/schema\/logo\/image\/\"},\"sameAs\":[\"https:\/\/www.facebook.com\/AxiomaMS\",\"https:\/\/www.linkedin.com\/company\/axiomams\/\"]}]}<\/script>\n<!-- \/ Yoast SEO plugin. -->","yoast_head_json":{"title":"HIOKI RM3544 tinumu ommetrs - AXIOMA MS","robots":{"index":"index","follow":"follow","max-snippet":"max-snippet:-1","max-image-preview":"max-image-preview:large","max-video-preview":"max-video-preview:-1"},"canonical":"https:\/\/www.axiomams.eu\/lv\/produktas\/hioki-rm3544-tinumu-ommetrs","og_locale":"lv_LV","og_type":"article","og_title":"HIOKI RM3544 tinumu ommetrs - AXIOMA MS","og_description":"Hioki RM3544 ir augstas precizit\u0101tes l\u012bdzstr\u0101vas pretest\u012bbas m\u0113r\u012bt\u0101js, kas paredz\u0113ts efekt\u012bvai un uzticamai test\u0113\u0161anai ra\u017eo\u0161anas l\u012bnij\u0101s. Tas ir ide\u0101li piem\u0113rots tinumu pretest\u012bbas m\u0113r\u012b\u0161anai motoros, transformatoros, k\u0101 ar\u012b kontaktu pretest\u012bbas m\u0113r\u012b\u0161anai relejos un savienot\u0101jos un atbalsta gan manu\u0101las, gan automatiz\u0113tas darba pl\u016bsmas. Pateicoties pla\u0161ajam pretest\u012bbas diapazonam un ieb\u016bv\u0113tajai temperat\u016bras kompens\u0101cijai, tas nodro\u0161ina prec\u012bzus r\u0101d\u012bjumus neatkar\u012bgi no...","og_url":"https:\/\/www.axiomams.eu\/lv\/produktas\/hioki-rm3544-tinumu-ommetrs","og_site_name":"AXIOMA MS","article_publisher":"https:\/\/www.facebook.com\/AxiomaMS","article_modified_time":"2026-03-25T15:01:42+00:00","og_image":[{"width":1040,"height":694,"url":"https:\/\/www.axiomams.eu\/wp-content\/uploads\/2025\/07\/4641-5972.jpg","type":"image\/jpeg"}],"twitter_card":"summary_large_image","twitter_misc":{"Est. reading time":"1 minute"},"schema":{"@context":"https:\/\/schema.org","@graph":[{"@type":"WebPage","@id":"https:\/\/www.axiomams.eu\/lv\/produktas\/hioki-rm3544-tinumu-ommetrs","url":"https:\/\/www.axiomams.eu\/lv\/produktas\/hioki-rm3544-tinumu-ommetrs","name":"HIOKI RM3544 tinumu ommetrs - AXIOMA MS","isPartOf":{"@id":"https:\/\/www.axiomams.eu\/lv#website"},"primaryImageOfPage":{"@id":"https:\/\/www.axiomams.eu\/lv\/produktas\/hioki-rm3544-tinumu-ommetrs#primaryimage"},"image":{"@id":"https:\/\/www.axiomams.eu\/lv\/produktas\/hioki-rm3544-tinumu-ommetrs#primaryimage"},"thumbnailUrl":"https:\/\/www.axiomams.eu\/wp-content\/uploads\/2025\/07\/4641-5972.jpg","datePublished":"2025-07-08T07:46:16+00:00","dateModified":"2026-03-25T15:01:42+00:00","breadcrumb":{"@id":"https:\/\/www.axiomams.eu\/lv\/produktas\/hioki-rm3544-tinumu-ommetrs#breadcrumb"},"inLanguage":"lv-LV","potentialAction":[{"@type":"ReadAction","target":["https:\/\/www.axiomams.eu\/lv\/produktas\/hioki-rm3544-tinumu-ommetrs"]}]},{"@type":"ImageObject","inLanguage":"lv-LV","@id":"https:\/\/www.axiomams.eu\/lv\/produktas\/hioki-rm3544-tinumu-ommetrs#primaryimage","url":"https:\/\/www.axiomams.eu\/wp-content\/uploads\/2025\/07\/4641-5972.jpg","contentUrl":"https:\/\/www.axiomams.eu\/wp-content\/uploads\/2025\/07\/4641-5972.jpg","width":1040,"height":694},{"@type":"BreadcrumbList","@id":"https:\/\/www.axiomams.eu\/lv\/produktas\/hioki-rm3544-tinumu-ommetrs#breadcrumb","itemListElement":[{"@type":"ListItem","position":1,"name":"Home","item":"https:\/\/www.axiomams.eu\/lv"},{"@type":"ListItem","position":2,"name":"Produkti","item":"https:\/\/www.axiomams.eu\/lv\/produkti"},{"@type":"ListItem","position":3,"name":"HIOKI RM3544 tinumu ommetrs"}]},{"@type":"WebSite","@id":"https:\/\/www.axiomams.eu\/lv#website","url":"https:\/\/www.axiomams.eu\/lv","name":"AXIOMA MS","description":"Terrmovizoriai ir matavimo \u012franga","publisher":{"@id":"https:\/\/www.axiomams.eu\/lv#organization"},"potentialAction":[{"@type":"SearchAction","target":{"@type":"EntryPoint","urlTemplate":"https:\/\/www.axiomams.eu\/lv?s={search_term_string}"},"query-input":{"@type":"PropertyValueSpecification","valueRequired":true,"valueName":"search_term_string"}}],"inLanguage":"lv-LV"},{"@type":"Organization","@id":"https:\/\/www.axiomams.eu\/lv#organization","name":"AXIOMA MS","url":"https:\/\/www.axiomams.eu\/lv","logo":{"@type":"ImageObject","inLanguage":"lv-LV","@id":"https:\/\/www.axiomams.eu\/lv#\/schema\/logo\/image\/","url":"https:\/\/www.axiomams.eu\/wp-content\/uploads\/2025\/06\/axioma-logo-2.png","contentUrl":"https:\/\/www.axiomams.eu\/wp-content\/uploads\/2025\/06\/axioma-logo-2.png","width":1200,"height":1200,"caption":"AXIOMA MS"},"image":{"@id":"https:\/\/www.axiomams.eu\/lv#\/schema\/logo\/image\/"},"sameAs":["https:\/\/www.facebook.com\/AxiomaMS","https:\/\/www.linkedin.com\/company\/axiomams\/"]}]}},"_links":{"self":[{"href":"https:\/\/www.axiomams.eu\/lv\/wp-json\/wp\/v2\/product\/39352","targetHints":{"allow":["GET"]}}],"collection":[{"href":"https:\/\/www.axiomams.eu\/lv\/wp-json\/wp\/v2\/product"}],"about":[{"href":"https:\/\/www.axiomams.eu\/lv\/wp-json\/wp\/v2\/types\/product"}],"replies":[{"embeddable":true,"href":"https:\/\/www.axiomams.eu\/lv\/wp-json\/wp\/v2\/comments?post=39352"}],"wp:featuredmedia":[{"embeddable":true,"href":"https:\/\/www.axiomams.eu\/lv\/wp-json\/wp\/v2\/media\/42419"}],"wp:attachment":[{"href":"https:\/\/www.axiomams.eu\/lv\/wp-json\/wp\/v2\/media?parent=39352"}],"wp:term":[{"taxonomy":"product_brand","embeddable":true,"href":"https:\/\/www.axiomams.eu\/lv\/wp-json\/wp\/v2\/product_brand?post=39352"},{"taxonomy":"product_cat","embeddable":true,"href":"https:\/\/www.axiomams.eu\/lv\/wp-json\/wp\/v2\/product_cat?post=39352"},{"taxonomy":"product_tag","embeddable":true,"href":"https:\/\/www.axiomams.eu\/lv\/wp-json\/wp\/v2\/product_tag?post=39352"}],"curies":[{"name":"wp","href":"https:\/\/api.w.org\/{rel}","templated":true}]}}