{"id":39359,"date":"2025-05-15T18:07:20","date_gmt":"2025-05-15T16:07:20","guid":{"rendered":"https:\/\/www.axiomams.eu\/produktas\/dvpower-rmo-th-tinumu-ommetrs"},"modified":"2026-03-25T17:01:45","modified_gmt":"2026-03-25T15:01:45","slug":"dvpower-rmo-th-tinumu-ommetrs","status":"publish","type":"product","link":"https:\/\/www.axiomams.eu\/lv\/produktas\/dvpower-rmo-th-tinumu-ommetrs","title":{"rendered":"DVpower RMO-TH tinumu ommetrs"},"content":{"rendered":"<p>RMO-TH ir rokas, ar baterij\u0101m darbin\u0101ms, piln\u012bb\u0101 autom\u0101tisks testa komplekts, kas \u012bpa\u0161i paredz\u0113ts transformatoru un citu indukt\u012bvo objektu, piem\u0113ram, motoru un \u0123eneratoru, tinumu pretest\u012bbas m\u0113r\u012bjumiem. Ar to var veikt ar\u012b transformatoru, motoru un \u0123eneratoru demagnetiz\u0101ciju.<br \/>\nTinuma pretest\u012bbu nosaka, caur tinumu padodot l\u012bdzstr\u0101vu, prec\u012bzi izm\u0113rot l\u012bdzstr\u0101vas spriegumu p\u0101ri tinumam un p\u0113c tam apr\u0113\u0137inot pretest\u012bbu k\u0101 sprieguma un str\u0101vas attiec\u012bbu.<br \/>\nIer\u012bce \u0123ener\u0113 patiesas l\u012bdzstr\u0101vas str\u0101vas bez puls\u0101cij\u0101m. Gan str\u0101vas iesmidzin\u0101\u0161ana, gan ener\u0123ijas izvad\u012b\u0161ana no transformatora magn\u0113tisk\u0101s \u0137\u0113des tiek autom\u0101tiski regul\u0113ta.<\/p>\n<p>Standarta komplekts: Komplekt\u0101: rokas tinumu ommetrs RMO-TH, DV-TR datora programmat\u016bra ar Windows oper\u0113t\u0101jsist\u0113mu, baro\u0161anas adapteris, transport\u0113\u0161anas soma, p\u0101rn\u0113s\u0101\u0161anas jostas.<\/p>\n<h3>Tehnisk\u0101 inform\u0101cija:<\/h3>\n<ul>\n<li><a href=\"https:\/\/axiomams.eu\/importer\/export\/attachments\/en\/dvpower-rmo-th.pdf\" target=\"_blank\">DVPower RMO-TH.pdf<\/a><\/li>\n<\/ul>\n","protected":false},"excerpt":{"rendered":"<p>RMO-TH ir rokas, ar baterij\u0101m darbin\u0101ms, piln\u012bb\u0101 autom\u0101tisks testa komplekts, kas \u012bpa\u0161i paredz\u0113ts transformatoru un citu indukt\u012bvo objektu, piem\u0113ram, motoru un \u0123eneratoru, tinumu pretest\u012bbas m\u0113r\u012bjumiem. Ar to var veikt ar\u012b transformatoru, motoru un \u0123eneratoru demagnetiz\u0101ciju. Tinuma pretest\u012bbu nosaka, caur tinumu padodot l\u012bdzstr\u0101vu, prec\u012bzi izm\u0113rot l\u012bdzstr\u0101vas spriegumu p\u0101ri tinumam un p\u0113c tam apr\u0113\u0137inot pretest\u012bbu k\u0101 sprieguma&#8230;<\/p>\n","protected":false},"featured_media":42433,"comment_status":"open","ping_status":"closed","template":"","meta":{"_acf_changed":false},"product_brand":[1238],"product_cat":[17713],"product_tag":[],"class_list":{"0":"post-39359","1":"product","2":"type-product","3":"status-publish","4":"has-post-thumbnail","6":"product_brand-dvpower","7":"product_cat-elektroiekartu-testesanai-un-parbaudei","9":"first","10":"instock","11":"taxable","12":"shipping-taxable","13":"product-type-simple"},"acf":[],"yoast_head":"<!-- This site is optimized with the Yoast SEO plugin v27.0 - https:\/\/yoast.com\/product\/yoast-seo-wordpress\/ -->\n<title>DVpower RMO-TH tinumu ommetrs - AXIOMA MS<\/title>\n<meta name=\"robots\" content=\"index, follow, max-snippet:-1, max-image-preview:large, max-video-preview:-1\" \/>\n<link rel=\"canonical\" href=\"https:\/\/www.axiomams.eu\/lv\/produktas\/dvpower-rmo-th-tinumu-ommetrs\" \/>\n<meta property=\"og:locale\" content=\"lv_LV\" \/>\n<meta property=\"og:type\" content=\"article\" \/>\n<meta property=\"og:title\" content=\"DVpower RMO-TH tinumu ommetrs - AXIOMA MS\" \/>\n<meta property=\"og:description\" content=\"RMO-TH ir rokas, ar baterij\u0101m darbin\u0101ms, piln\u012bb\u0101 autom\u0101tisks testa komplekts, kas \u012bpa\u0161i paredz\u0113ts transformatoru un citu indukt\u012bvo objektu, piem\u0113ram, motoru un \u0123eneratoru, tinumu pretest\u012bbas m\u0113r\u012bjumiem. Ar to var veikt ar\u012b transformatoru, motoru un \u0123eneratoru demagnetiz\u0101ciju. Tinuma pretest\u012bbu nosaka, caur tinumu padodot l\u012bdzstr\u0101vu, prec\u012bzi izm\u0113rot l\u012bdzstr\u0101vas spriegumu p\u0101ri tinumam un p\u0113c tam apr\u0113\u0137inot pretest\u012bbu k\u0101 sprieguma...\" \/>\n<meta property=\"og:url\" content=\"https:\/\/www.axiomams.eu\/lv\/produktas\/dvpower-rmo-th-tinumu-ommetrs\" \/>\n<meta property=\"og:site_name\" content=\"AXIOMA MS\" \/>\n<meta property=\"article:publisher\" content=\"https:\/\/www.facebook.com\/AxiomaMS\" \/>\n<meta property=\"article:modified_time\" content=\"2026-03-25T15:01:45+00:00\" \/>\n<meta property=\"og:image\" content=\"https:\/\/www.axiomams.eu\/wp-content\/uploads\/2025\/07\/3393-4537.jpg\" \/>\n\t<meta property=\"og:image:width\" content=\"615\" \/>\n\t<meta property=\"og:image:height\" content=\"1020\" \/>\n\t<meta property=\"og:image:type\" content=\"image\/jpeg\" \/>\n<meta name=\"twitter:card\" content=\"summary_large_image\" \/>\n<meta name=\"twitter:label1\" content=\"Est. reading time\" \/>\n\t<meta name=\"twitter:data1\" content=\"1 minute\" \/>\n<script type=\"application\/ld+json\" class=\"yoast-schema-graph\">{\"@context\":\"https:\/\/schema.org\",\"@graph\":[{\"@type\":\"WebPage\",\"@id\":\"https:\/\/www.axiomams.eu\/lv\/produktas\/dvpower-rmo-th-tinumu-ommetrs\",\"url\":\"https:\/\/www.axiomams.eu\/lv\/produktas\/dvpower-rmo-th-tinumu-ommetrs\",\"name\":\"DVpower RMO-TH tinumu ommetrs - AXIOMA MS\",\"isPartOf\":{\"@id\":\"https:\/\/www.axiomams.eu\/lv#website\"},\"primaryImageOfPage\":{\"@id\":\"https:\/\/www.axiomams.eu\/lv\/produktas\/dvpower-rmo-th-tinumu-ommetrs#primaryimage\"},\"image\":{\"@id\":\"https:\/\/www.axiomams.eu\/lv\/produktas\/dvpower-rmo-th-tinumu-ommetrs#primaryimage\"},\"thumbnailUrl\":\"https:\/\/www.axiomams.eu\/wp-content\/uploads\/2025\/07\/3393-4537.jpg\",\"datePublished\":\"2025-05-15T16:07:20+00:00\",\"dateModified\":\"2026-03-25T15:01:45+00:00\",\"breadcrumb\":{\"@id\":\"https:\/\/www.axiomams.eu\/lv\/produktas\/dvpower-rmo-th-tinumu-ommetrs#breadcrumb\"},\"inLanguage\":\"lv-LV\",\"potentialAction\":[{\"@type\":\"ReadAction\",\"target\":[\"https:\/\/www.axiomams.eu\/lv\/produktas\/dvpower-rmo-th-tinumu-ommetrs\"]}]},{\"@type\":\"ImageObject\",\"inLanguage\":\"lv-LV\",\"@id\":\"https:\/\/www.axiomams.eu\/lv\/produktas\/dvpower-rmo-th-tinumu-ommetrs#primaryimage\",\"url\":\"https:\/\/www.axiomams.eu\/wp-content\/uploads\/2025\/07\/3393-4537.jpg\",\"contentUrl\":\"https:\/\/www.axiomams.eu\/wp-content\/uploads\/2025\/07\/3393-4537.jpg\",\"width\":615,\"height\":1020},{\"@type\":\"BreadcrumbList\",\"@id\":\"https:\/\/www.axiomams.eu\/lv\/produktas\/dvpower-rmo-th-tinumu-ommetrs#breadcrumb\",\"itemListElement\":[{\"@type\":\"ListItem\",\"position\":1,\"name\":\"Home\",\"item\":\"https:\/\/www.axiomams.eu\/lv\"},{\"@type\":\"ListItem\",\"position\":2,\"name\":\"Produkti\",\"item\":\"https:\/\/www.axiomams.eu\/lv\/produkti\"},{\"@type\":\"ListItem\",\"position\":3,\"name\":\"DVpower RMO-TH tinumu ommetrs\"}]},{\"@type\":\"WebSite\",\"@id\":\"https:\/\/www.axiomams.eu\/lv#website\",\"url\":\"https:\/\/www.axiomams.eu\/lv\",\"name\":\"AXIOMA MS\",\"description\":\"Terrmovizoriai ir matavimo \u012franga\",\"publisher\":{\"@id\":\"https:\/\/www.axiomams.eu\/lv#organization\"},\"potentialAction\":[{\"@type\":\"SearchAction\",\"target\":{\"@type\":\"EntryPoint\",\"urlTemplate\":\"https:\/\/www.axiomams.eu\/lv?s={search_term_string}\"},\"query-input\":{\"@type\":\"PropertyValueSpecification\",\"valueRequired\":true,\"valueName\":\"search_term_string\"}}],\"inLanguage\":\"lv-LV\"},{\"@type\":\"Organization\",\"@id\":\"https:\/\/www.axiomams.eu\/lv#organization\",\"name\":\"AXIOMA MS\",\"url\":\"https:\/\/www.axiomams.eu\/lv\",\"logo\":{\"@type\":\"ImageObject\",\"inLanguage\":\"lv-LV\",\"@id\":\"https:\/\/www.axiomams.eu\/lv#\/schema\/logo\/image\/\",\"url\":\"https:\/\/www.axiomams.eu\/wp-content\/uploads\/2025\/06\/axioma-logo-2.png\",\"contentUrl\":\"https:\/\/www.axiomams.eu\/wp-content\/uploads\/2025\/06\/axioma-logo-2.png\",\"width\":1200,\"height\":1200,\"caption\":\"AXIOMA MS\"},\"image\":{\"@id\":\"https:\/\/www.axiomams.eu\/lv#\/schema\/logo\/image\/\"},\"sameAs\":[\"https:\/\/www.facebook.com\/AxiomaMS\",\"https:\/\/www.linkedin.com\/company\/axiomams\/\"]}]}<\/script>\n<!-- \/ Yoast SEO plugin. -->","yoast_head_json":{"title":"DVpower RMO-TH tinumu ommetrs - AXIOMA MS","robots":{"index":"index","follow":"follow","max-snippet":"max-snippet:-1","max-image-preview":"max-image-preview:large","max-video-preview":"max-video-preview:-1"},"canonical":"https:\/\/www.axiomams.eu\/lv\/produktas\/dvpower-rmo-th-tinumu-ommetrs","og_locale":"lv_LV","og_type":"article","og_title":"DVpower RMO-TH tinumu ommetrs - AXIOMA MS","og_description":"RMO-TH ir rokas, ar baterij\u0101m darbin\u0101ms, piln\u012bb\u0101 autom\u0101tisks testa komplekts, kas \u012bpa\u0161i paredz\u0113ts transformatoru un citu indukt\u012bvo objektu, piem\u0113ram, motoru un \u0123eneratoru, tinumu pretest\u012bbas m\u0113r\u012bjumiem. Ar to var veikt ar\u012b transformatoru, motoru un \u0123eneratoru demagnetiz\u0101ciju. Tinuma pretest\u012bbu nosaka, caur tinumu padodot l\u012bdzstr\u0101vu, prec\u012bzi izm\u0113rot l\u012bdzstr\u0101vas spriegumu p\u0101ri tinumam un p\u0113c tam apr\u0113\u0137inot pretest\u012bbu k\u0101 sprieguma...","og_url":"https:\/\/www.axiomams.eu\/lv\/produktas\/dvpower-rmo-th-tinumu-ommetrs","og_site_name":"AXIOMA MS","article_publisher":"https:\/\/www.facebook.com\/AxiomaMS","article_modified_time":"2026-03-25T15:01:45+00:00","og_image":[{"width":615,"height":1020,"url":"https:\/\/www.axiomams.eu\/wp-content\/uploads\/2025\/07\/3393-4537.jpg","type":"image\/jpeg"}],"twitter_card":"summary_large_image","twitter_misc":{"Est. reading time":"1 minute"},"schema":{"@context":"https:\/\/schema.org","@graph":[{"@type":"WebPage","@id":"https:\/\/www.axiomams.eu\/lv\/produktas\/dvpower-rmo-th-tinumu-ommetrs","url":"https:\/\/www.axiomams.eu\/lv\/produktas\/dvpower-rmo-th-tinumu-ommetrs","name":"DVpower RMO-TH tinumu ommetrs - AXIOMA MS","isPartOf":{"@id":"https:\/\/www.axiomams.eu\/lv#website"},"primaryImageOfPage":{"@id":"https:\/\/www.axiomams.eu\/lv\/produktas\/dvpower-rmo-th-tinumu-ommetrs#primaryimage"},"image":{"@id":"https:\/\/www.axiomams.eu\/lv\/produktas\/dvpower-rmo-th-tinumu-ommetrs#primaryimage"},"thumbnailUrl":"https:\/\/www.axiomams.eu\/wp-content\/uploads\/2025\/07\/3393-4537.jpg","datePublished":"2025-05-15T16:07:20+00:00","dateModified":"2026-03-25T15:01:45+00:00","breadcrumb":{"@id":"https:\/\/www.axiomams.eu\/lv\/produktas\/dvpower-rmo-th-tinumu-ommetrs#breadcrumb"},"inLanguage":"lv-LV","potentialAction":[{"@type":"ReadAction","target":["https:\/\/www.axiomams.eu\/lv\/produktas\/dvpower-rmo-th-tinumu-ommetrs"]}]},{"@type":"ImageObject","inLanguage":"lv-LV","@id":"https:\/\/www.axiomams.eu\/lv\/produktas\/dvpower-rmo-th-tinumu-ommetrs#primaryimage","url":"https:\/\/www.axiomams.eu\/wp-content\/uploads\/2025\/07\/3393-4537.jpg","contentUrl":"https:\/\/www.axiomams.eu\/wp-content\/uploads\/2025\/07\/3393-4537.jpg","width":615,"height":1020},{"@type":"BreadcrumbList","@id":"https:\/\/www.axiomams.eu\/lv\/produktas\/dvpower-rmo-th-tinumu-ommetrs#breadcrumb","itemListElement":[{"@type":"ListItem","position":1,"name":"Home","item":"https:\/\/www.axiomams.eu\/lv"},{"@type":"ListItem","position":2,"name":"Produkti","item":"https:\/\/www.axiomams.eu\/lv\/produkti"},{"@type":"ListItem","position":3,"name":"DVpower RMO-TH tinumu ommetrs"}]},{"@type":"WebSite","@id":"https:\/\/www.axiomams.eu\/lv#website","url":"https:\/\/www.axiomams.eu\/lv","name":"AXIOMA MS","description":"Terrmovizoriai ir matavimo \u012franga","publisher":{"@id":"https:\/\/www.axiomams.eu\/lv#organization"},"potentialAction":[{"@type":"SearchAction","target":{"@type":"EntryPoint","urlTemplate":"https:\/\/www.axiomams.eu\/lv?s={search_term_string}"},"query-input":{"@type":"PropertyValueSpecification","valueRequired":true,"valueName":"search_term_string"}}],"inLanguage":"lv-LV"},{"@type":"Organization","@id":"https:\/\/www.axiomams.eu\/lv#organization","name":"AXIOMA MS","url":"https:\/\/www.axiomams.eu\/lv","logo":{"@type":"ImageObject","inLanguage":"lv-LV","@id":"https:\/\/www.axiomams.eu\/lv#\/schema\/logo\/image\/","url":"https:\/\/www.axiomams.eu\/wp-content\/uploads\/2025\/06\/axioma-logo-2.png","contentUrl":"https:\/\/www.axiomams.eu\/wp-content\/uploads\/2025\/06\/axioma-logo-2.png","width":1200,"height":1200,"caption":"AXIOMA MS"},"image":{"@id":"https:\/\/www.axiomams.eu\/lv#\/schema\/logo\/image\/"},"sameAs":["https:\/\/www.facebook.com\/AxiomaMS","https:\/\/www.linkedin.com\/company\/axiomams\/"]}]}},"_links":{"self":[{"href":"https:\/\/www.axiomams.eu\/lv\/wp-json\/wp\/v2\/product\/39359","targetHints":{"allow":["GET"]}}],"collection":[{"href":"https:\/\/www.axiomams.eu\/lv\/wp-json\/wp\/v2\/product"}],"about":[{"href":"https:\/\/www.axiomams.eu\/lv\/wp-json\/wp\/v2\/types\/product"}],"replies":[{"embeddable":true,"href":"https:\/\/www.axiomams.eu\/lv\/wp-json\/wp\/v2\/comments?post=39359"}],"wp:featuredmedia":[{"embeddable":true,"href":"https:\/\/www.axiomams.eu\/lv\/wp-json\/wp\/v2\/media\/42433"}],"wp:attachment":[{"href":"https:\/\/www.axiomams.eu\/lv\/wp-json\/wp\/v2\/media?parent=39359"}],"wp:term":[{"taxonomy":"product_brand","embeddable":true,"href":"https:\/\/www.axiomams.eu\/lv\/wp-json\/wp\/v2\/product_brand?post=39359"},{"taxonomy":"product_cat","embeddable":true,"href":"https:\/\/www.axiomams.eu\/lv\/wp-json\/wp\/v2\/product_cat?post=39359"},{"taxonomy":"product_tag","embeddable":true,"href":"https:\/\/www.axiomams.eu\/lv\/wp-json\/wp\/v2\/product_tag?post=39359"}],"curies":[{"name":"wp","href":"https:\/\/api.w.org\/{rel}","templated":true}]}}