{"id":39363,"date":"2025-05-15T18:07:21","date_gmt":"2025-05-15T16:07:21","guid":{"rendered":"https:\/\/www.axiomams.eu\/produktas\/ametek-rtct-157-temperaturas-kalibrators"},"modified":"2026-03-25T17:01:45","modified_gmt":"2026-03-25T15:01:45","slug":"ametek-rtct-157-temperaturas-kalibrators","status":"publish","type":"product","link":"https:\/\/www.axiomams.eu\/lv\/produktas\/ametek-rtct-157-temperaturas-kalibrators","title":{"rendered":"Ametek RTCt-157 &#8211; Temperat\u016bras kalibrators"},"content":{"rendered":"<p>Uzlabots displejs un intuit\u012bvs sk\u0101rienekr\u0101ns<br \/>\nRTCt ir liels, spilgts galvenais displejs un jauna sk\u0101rienekr\u0101na saskarne. Apvienojum\u0101 ar piel\u0101go\u0161anas iesp\u0113j\u0101m \u0161\u012b atjaunin\u0101t\u0101 lietot\u0101ja saskarne \u013cauj optimiz\u0113t kalibr\u0113\u0161anas uzdevumus, samazinot iestat\u012b\u0161anas laiku un vienk\u0101r\u0161ojot darb\u012bbas.<\/p>\n<p>Papla\u0161in\u0101ta savienojam\u012bba att\u0101lin\u0101tai piek\u013cuvei<br \/>\nPapildus USB un Ethernet savienojumiem RTCt tagad ir pieejams ar\u012b Wi-Fi savienojums, kas \u013cauj veikt t\u0101lvad\u012bbu no jebkuras vietas. Neatkar\u012bgi no t\u0101, vai atrodaties cit\u0101 telp\u0101 vai veicat uzraudz\u012bbu no att\u0101luma, RTCt savienojam\u012bbas iesp\u0113jas nodro\u0161ina, ka varat veikt kalibr\u0113\u0161anu bez nepiecie\u0161am\u012bbas atrasties uz vietas, kas ir ide\u0101li piem\u0113rots gr\u016bti pieejam\u0101m vai jut\u012bg\u0101m viet\u0101m.<\/p>\n<p>Divu sensoru ievadi paaugstin\u0101tai efektivit\u0101tei<br \/>\nTagad RTCt ir apr\u012bkots ar div\u0101m sensoru ieejas piesl\u0113gviet\u0101m, kas \u013cauj vienlaic\u012bgi kalibr\u0113t vair\u0101kus sensorus. \u0160\u012b jaud\u012bg\u0101 funkcija palielina efektivit\u0101ti, pal\u012bdzot \u0101tri un prec\u012bzi veikt sare\u017e\u0123\u012btas kalibr\u0113\u0161anas.<\/p>\n<p><iframe loading=\"lazy\" width=\"560\" height=\"315\" src=\"https:\/\/www.youtube.com\/embed\/FEIYnEiEwwE?si=UFSinYLz4r1YEfsi\" title=\"YouTube video atska\u0146ot\u0101js\" frameborder=\"0\" allow=\"accelerometer; autoplay; clipboard-write; encrypted-media; gyroscope; picture-in-picture; web-share\" referrerpolicy=\"strict-origin-when-cross-corigin\" allowfullscreen><\/iframe>>.<\/p>\n<h3>Tehnisk\u0101 inform\u0101cija:<\/h3>\n<ul>\n<li><a href=\"https:\/\/axiomams.eu\/importer\/export\/attachments\/en\/ametek-rtct-156-157.pdf\" target=\"_blank\">Ametek RTCt-156 157.pdf<\/a><\/li>\n<\/ul>\n","protected":false},"excerpt":{"rendered":"<p>Uzlabots displejs un intuit\u012bvs sk\u0101rienekr\u0101ns RTCt ir liels, spilgts galvenais displejs un jauna sk\u0101rienekr\u0101na saskarne. Apvienojum\u0101 ar piel\u0101go\u0161anas iesp\u0113j\u0101m \u0161\u012b atjaunin\u0101t\u0101 lietot\u0101ja saskarne \u013cauj optimiz\u0113t kalibr\u0113\u0161anas uzdevumus, samazinot iestat\u012b\u0161anas laiku un vienk\u0101r\u0161ojot darb\u012bbas. Papla\u0161in\u0101ta savienojam\u012bba att\u0101lin\u0101tai piek\u013cuvei Papildus USB un Ethernet savienojumiem RTCt tagad ir pieejams ar\u012b Wi-Fi savienojums, kas \u013cauj veikt t\u0101lvad\u012bbu no jebkuras&#8230;<\/p>\n","protected":false},"featured_media":42441,"comment_status":"open","ping_status":"closed","template":"","meta":{"_acf_changed":false},"product_brand":[1202],"product_cat":[17745],"product_tag":[],"class_list":{"0":"post-39363","1":"product","2":"type-product","3":"status-publish","4":"has-post-thumbnail","6":"product_brand-ametek","7":"product_cat-procesa-un-temperaturas-kalibresanai","9":"first","10":"instock","11":"taxable","12":"shipping-taxable","13":"product-type-simple"},"acf":[],"yoast_head":"<!-- This site is optimized with the Yoast SEO plugin v27.0 - https:\/\/yoast.com\/product\/yoast-seo-wordpress\/ -->\n<title>Ametek RTCt-157 - Temperat\u016bras kalibrators - AXIOMA MS<\/title>\n<meta name=\"robots\" content=\"index, follow, max-snippet:-1, max-image-preview:large, max-video-preview:-1\" \/>\n<link rel=\"canonical\" href=\"https:\/\/www.axiomams.eu\/lv\/produktas\/ametek-rtct-157-temperaturas-kalibrators\" \/>\n<meta property=\"og:locale\" content=\"lv_LV\" \/>\n<meta property=\"og:type\" content=\"article\" \/>\n<meta property=\"og:title\" content=\"Ametek RTCt-157 - Temperat\u016bras kalibrators - AXIOMA MS\" \/>\n<meta property=\"og:description\" content=\"Uzlabots displejs un intuit\u012bvs sk\u0101rienekr\u0101ns RTCt ir liels, spilgts galvenais displejs un jauna sk\u0101rienekr\u0101na saskarne. Apvienojum\u0101 ar piel\u0101go\u0161anas iesp\u0113j\u0101m \u0161\u012b atjaunin\u0101t\u0101 lietot\u0101ja saskarne \u013cauj optimiz\u0113t kalibr\u0113\u0161anas uzdevumus, samazinot iestat\u012b\u0161anas laiku un vienk\u0101r\u0161ojot darb\u012bbas. Papla\u0161in\u0101ta savienojam\u012bba att\u0101lin\u0101tai piek\u013cuvei Papildus USB un Ethernet savienojumiem RTCt tagad ir pieejams ar\u012b Wi-Fi savienojums, kas \u013cauj veikt t\u0101lvad\u012bbu no jebkuras...\" \/>\n<meta property=\"og:url\" content=\"https:\/\/www.axiomams.eu\/lv\/produktas\/ametek-rtct-157-temperaturas-kalibrators\" \/>\n<meta property=\"og:site_name\" content=\"AXIOMA MS\" \/>\n<meta property=\"article:publisher\" content=\"https:\/\/www.facebook.com\/AxiomaMS\" \/>\n<meta property=\"article:modified_time\" content=\"2026-03-25T15:01:45+00:00\" \/>\n<meta property=\"og:image\" content=\"https:\/\/www.axiomams.eu\/wp-content\/uploads\/2025\/07\/4608-5926.jpg\" \/>\n\t<meta property=\"og:image:width\" content=\"1084\" \/>\n\t<meta property=\"og:image:height\" content=\"1020\" \/>\n\t<meta property=\"og:image:type\" content=\"image\/jpeg\" \/>\n<meta name=\"twitter:card\" content=\"summary_large_image\" \/>\n<meta name=\"twitter:label1\" content=\"Est. reading time\" \/>\n\t<meta name=\"twitter:data1\" content=\"1 minute\" \/>\n<script type=\"application\/ld+json\" class=\"yoast-schema-graph\">{\"@context\":\"https:\/\/schema.org\",\"@graph\":[{\"@type\":\"WebPage\",\"@id\":\"https:\/\/www.axiomams.eu\/lv\/produktas\/ametek-rtct-157-temperaturas-kalibrators\",\"url\":\"https:\/\/www.axiomams.eu\/lv\/produktas\/ametek-rtct-157-temperaturas-kalibrators\",\"name\":\"Ametek RTCt-157 - Temperat\u016bras kalibrators - AXIOMA MS\",\"isPartOf\":{\"@id\":\"https:\/\/www.axiomams.eu\/lv#website\"},\"primaryImageOfPage\":{\"@id\":\"https:\/\/www.axiomams.eu\/lv\/produktas\/ametek-rtct-157-temperaturas-kalibrators#primaryimage\"},\"image\":{\"@id\":\"https:\/\/www.axiomams.eu\/lv\/produktas\/ametek-rtct-157-temperaturas-kalibrators#primaryimage\"},\"thumbnailUrl\":\"https:\/\/www.axiomams.eu\/wp-content\/uploads\/2025\/07\/4608-5926.jpg\",\"datePublished\":\"2025-05-15T16:07:21+00:00\",\"dateModified\":\"2026-03-25T15:01:45+00:00\",\"breadcrumb\":{\"@id\":\"https:\/\/www.axiomams.eu\/lv\/produktas\/ametek-rtct-157-temperaturas-kalibrators#breadcrumb\"},\"inLanguage\":\"lv-LV\",\"potentialAction\":[{\"@type\":\"ReadAction\",\"target\":[\"https:\/\/www.axiomams.eu\/lv\/produktas\/ametek-rtct-157-temperaturas-kalibrators\"]}]},{\"@type\":\"ImageObject\",\"inLanguage\":\"lv-LV\",\"@id\":\"https:\/\/www.axiomams.eu\/lv\/produktas\/ametek-rtct-157-temperaturas-kalibrators#primaryimage\",\"url\":\"https:\/\/www.axiomams.eu\/wp-content\/uploads\/2025\/07\/4608-5926.jpg\",\"contentUrl\":\"https:\/\/www.axiomams.eu\/wp-content\/uploads\/2025\/07\/4608-5926.jpg\",\"width\":1084,\"height\":1020},{\"@type\":\"BreadcrumbList\",\"@id\":\"https:\/\/www.axiomams.eu\/lv\/produktas\/ametek-rtct-157-temperaturas-kalibrators#breadcrumb\",\"itemListElement\":[{\"@type\":\"ListItem\",\"position\":1,\"name\":\"Home\",\"item\":\"https:\/\/www.axiomams.eu\/lv\"},{\"@type\":\"ListItem\",\"position\":2,\"name\":\"Produkti\",\"item\":\"https:\/\/www.axiomams.eu\/lv\/produkti\"},{\"@type\":\"ListItem\",\"position\":3,\"name\":\"Ametek RTCt-157 &#8211; Temperat\u016bras kalibrators\"}]},{\"@type\":\"WebSite\",\"@id\":\"https:\/\/www.axiomams.eu\/lv#website\",\"url\":\"https:\/\/www.axiomams.eu\/lv\",\"name\":\"AXIOMA MS\",\"description\":\"Terrmovizoriai ir matavimo \u012franga\",\"publisher\":{\"@id\":\"https:\/\/www.axiomams.eu\/lv#organization\"},\"potentialAction\":[{\"@type\":\"SearchAction\",\"target\":{\"@type\":\"EntryPoint\",\"urlTemplate\":\"https:\/\/www.axiomams.eu\/lv?s={search_term_string}\"},\"query-input\":{\"@type\":\"PropertyValueSpecification\",\"valueRequired\":true,\"valueName\":\"search_term_string\"}}],\"inLanguage\":\"lv-LV\"},{\"@type\":\"Organization\",\"@id\":\"https:\/\/www.axiomams.eu\/lv#organization\",\"name\":\"AXIOMA MS\",\"url\":\"https:\/\/www.axiomams.eu\/lv\",\"logo\":{\"@type\":\"ImageObject\",\"inLanguage\":\"lv-LV\",\"@id\":\"https:\/\/www.axiomams.eu\/lv#\/schema\/logo\/image\/\",\"url\":\"https:\/\/www.axiomams.eu\/wp-content\/uploads\/2025\/06\/axioma-logo-2.png\",\"contentUrl\":\"https:\/\/www.axiomams.eu\/wp-content\/uploads\/2025\/06\/axioma-logo-2.png\",\"width\":1200,\"height\":1200,\"caption\":\"AXIOMA MS\"},\"image\":{\"@id\":\"https:\/\/www.axiomams.eu\/lv#\/schema\/logo\/image\/\"},\"sameAs\":[\"https:\/\/www.facebook.com\/AxiomaMS\",\"https:\/\/www.linkedin.com\/company\/axiomams\/\"]}]}<\/script>\n<!-- \/ Yoast SEO plugin. -->","yoast_head_json":{"title":"Ametek RTCt-157 - Temperat\u016bras kalibrators - AXIOMA MS","robots":{"index":"index","follow":"follow","max-snippet":"max-snippet:-1","max-image-preview":"max-image-preview:large","max-video-preview":"max-video-preview:-1"},"canonical":"https:\/\/www.axiomams.eu\/lv\/produktas\/ametek-rtct-157-temperaturas-kalibrators","og_locale":"lv_LV","og_type":"article","og_title":"Ametek RTCt-157 - Temperat\u016bras kalibrators - AXIOMA MS","og_description":"Uzlabots displejs un intuit\u012bvs sk\u0101rienekr\u0101ns RTCt ir liels, spilgts galvenais displejs un jauna sk\u0101rienekr\u0101na saskarne. Apvienojum\u0101 ar piel\u0101go\u0161anas iesp\u0113j\u0101m \u0161\u012b atjaunin\u0101t\u0101 lietot\u0101ja saskarne \u013cauj optimiz\u0113t kalibr\u0113\u0161anas uzdevumus, samazinot iestat\u012b\u0161anas laiku un vienk\u0101r\u0161ojot darb\u012bbas. Papla\u0161in\u0101ta savienojam\u012bba att\u0101lin\u0101tai piek\u013cuvei Papildus USB un Ethernet savienojumiem RTCt tagad ir pieejams ar\u012b Wi-Fi savienojums, kas \u013cauj veikt t\u0101lvad\u012bbu no jebkuras...","og_url":"https:\/\/www.axiomams.eu\/lv\/produktas\/ametek-rtct-157-temperaturas-kalibrators","og_site_name":"AXIOMA MS","article_publisher":"https:\/\/www.facebook.com\/AxiomaMS","article_modified_time":"2026-03-25T15:01:45+00:00","og_image":[{"width":1084,"height":1020,"url":"https:\/\/www.axiomams.eu\/wp-content\/uploads\/2025\/07\/4608-5926.jpg","type":"image\/jpeg"}],"twitter_card":"summary_large_image","twitter_misc":{"Est. reading time":"1 minute"},"schema":{"@context":"https:\/\/schema.org","@graph":[{"@type":"WebPage","@id":"https:\/\/www.axiomams.eu\/lv\/produktas\/ametek-rtct-157-temperaturas-kalibrators","url":"https:\/\/www.axiomams.eu\/lv\/produktas\/ametek-rtct-157-temperaturas-kalibrators","name":"Ametek RTCt-157 - Temperat\u016bras kalibrators - AXIOMA MS","isPartOf":{"@id":"https:\/\/www.axiomams.eu\/lv#website"},"primaryImageOfPage":{"@id":"https:\/\/www.axiomams.eu\/lv\/produktas\/ametek-rtct-157-temperaturas-kalibrators#primaryimage"},"image":{"@id":"https:\/\/www.axiomams.eu\/lv\/produktas\/ametek-rtct-157-temperaturas-kalibrators#primaryimage"},"thumbnailUrl":"https:\/\/www.axiomams.eu\/wp-content\/uploads\/2025\/07\/4608-5926.jpg","datePublished":"2025-05-15T16:07:21+00:00","dateModified":"2026-03-25T15:01:45+00:00","breadcrumb":{"@id":"https:\/\/www.axiomams.eu\/lv\/produktas\/ametek-rtct-157-temperaturas-kalibrators#breadcrumb"},"inLanguage":"lv-LV","potentialAction":[{"@type":"ReadAction","target":["https:\/\/www.axiomams.eu\/lv\/produktas\/ametek-rtct-157-temperaturas-kalibrators"]}]},{"@type":"ImageObject","inLanguage":"lv-LV","@id":"https:\/\/www.axiomams.eu\/lv\/produktas\/ametek-rtct-157-temperaturas-kalibrators#primaryimage","url":"https:\/\/www.axiomams.eu\/wp-content\/uploads\/2025\/07\/4608-5926.jpg","contentUrl":"https:\/\/www.axiomams.eu\/wp-content\/uploads\/2025\/07\/4608-5926.jpg","width":1084,"height":1020},{"@type":"BreadcrumbList","@id":"https:\/\/www.axiomams.eu\/lv\/produktas\/ametek-rtct-157-temperaturas-kalibrators#breadcrumb","itemListElement":[{"@type":"ListItem","position":1,"name":"Home","item":"https:\/\/www.axiomams.eu\/lv"},{"@type":"ListItem","position":2,"name":"Produkti","item":"https:\/\/www.axiomams.eu\/lv\/produkti"},{"@type":"ListItem","position":3,"name":"Ametek RTCt-157 &#8211; Temperat\u016bras kalibrators"}]},{"@type":"WebSite","@id":"https:\/\/www.axiomams.eu\/lv#website","url":"https:\/\/www.axiomams.eu\/lv","name":"AXIOMA MS","description":"Terrmovizoriai ir matavimo \u012franga","publisher":{"@id":"https:\/\/www.axiomams.eu\/lv#organization"},"potentialAction":[{"@type":"SearchAction","target":{"@type":"EntryPoint","urlTemplate":"https:\/\/www.axiomams.eu\/lv?s={search_term_string}"},"query-input":{"@type":"PropertyValueSpecification","valueRequired":true,"valueName":"search_term_string"}}],"inLanguage":"lv-LV"},{"@type":"Organization","@id":"https:\/\/www.axiomams.eu\/lv#organization","name":"AXIOMA MS","url":"https:\/\/www.axiomams.eu\/lv","logo":{"@type":"ImageObject","inLanguage":"lv-LV","@id":"https:\/\/www.axiomams.eu\/lv#\/schema\/logo\/image\/","url":"https:\/\/www.axiomams.eu\/wp-content\/uploads\/2025\/06\/axioma-logo-2.png","contentUrl":"https:\/\/www.axiomams.eu\/wp-content\/uploads\/2025\/06\/axioma-logo-2.png","width":1200,"height":1200,"caption":"AXIOMA MS"},"image":{"@id":"https:\/\/www.axiomams.eu\/lv#\/schema\/logo\/image\/"},"sameAs":["https:\/\/www.facebook.com\/AxiomaMS","https:\/\/www.linkedin.com\/company\/axiomams\/"]}]}},"_links":{"self":[{"href":"https:\/\/www.axiomams.eu\/lv\/wp-json\/wp\/v2\/product\/39363","targetHints":{"allow":["GET"]}}],"collection":[{"href":"https:\/\/www.axiomams.eu\/lv\/wp-json\/wp\/v2\/product"}],"about":[{"href":"https:\/\/www.axiomams.eu\/lv\/wp-json\/wp\/v2\/types\/product"}],"replies":[{"embeddable":true,"href":"https:\/\/www.axiomams.eu\/lv\/wp-json\/wp\/v2\/comments?post=39363"}],"wp:featuredmedia":[{"embeddable":true,"href":"https:\/\/www.axiomams.eu\/lv\/wp-json\/wp\/v2\/media\/42441"}],"wp:attachment":[{"href":"https:\/\/www.axiomams.eu\/lv\/wp-json\/wp\/v2\/media?parent=39363"}],"wp:term":[{"taxonomy":"product_brand","embeddable":true,"href":"https:\/\/www.axiomams.eu\/lv\/wp-json\/wp\/v2\/product_brand?post=39363"},{"taxonomy":"product_cat","embeddable":true,"href":"https:\/\/www.axiomams.eu\/lv\/wp-json\/wp\/v2\/product_cat?post=39363"},{"taxonomy":"product_tag","embeddable":true,"href":"https:\/\/www.axiomams.eu\/lv\/wp-json\/wp\/v2\/product_tag?post=39363"}],"curies":[{"name":"wp","href":"https:\/\/api.w.org\/{rel}","templated":true}]}}