{"id":39372,"date":"2025-05-15T18:07:30","date_gmt":"2025-05-15T16:07:30","guid":{"rendered":"https:\/\/www.axiomams.eu\/produktas\/wavecontrol-smp3-elektromagnetiska-un-magnetiska-lauka-meritajs"},"modified":"2026-03-25T17:01:49","modified_gmt":"2026-03-25T15:01:49","slug":"wavecontrol-smp3-elektromagnetiska-un-magnetiska-lauka-meritajs","status":"publish","type":"product","link":"https:\/\/www.axiomams.eu\/lv\/produktas\/wavecontrol-smp3-elektromagnetiska-un-magnetiska-lauka-meritajs","title":{"rendered":"Wavecontrol SMP3 Elektromagn\u0113tisk\u0101 un magn\u0113tisk\u0101 lauka m\u0113r\u012bt\u0101js"},"content":{"rendered":"<p>Wavecontrol SMP3 ir vien\u012bg\u0101 ier\u012bce, kas pied\u0101v\u0101 \u012bstas 3-in-1 funkcijas: platjoslas m\u0113r\u012bjumus (DC l\u012bdz 60 GHz), frekven\u010du spektra anal\u012bzi (DC l\u012bdz 400 kHz) un statisko lauku m\u0113r\u012bjumus.<\/p>\n<p>SMP3 lauka m\u0113r\u012bt\u0101js nodro\u0161ina vismodern\u0101k\u0101s funkcijas un tehnolo\u0123ijas tirg\u016b, kas paredz\u0113tas lietot\u0101jiem, kuriem nepiecie\u0161ami augstas kvalit\u0101tes m\u0113r\u012bjumi, \u0113rta lieto\u0161ana un labi zi\u0146o\u0161anas r\u012bki.<\/p>\n<p>Lauka zondes: Autom\u0101tiska noteik\u0161ana un atpaz\u012b\u0161ana<br \/>\nPlatjosla: 0 Hz &#8230; 60 GHz (atkar\u012bb\u0101 no lauka zondes)<br \/>\nSpektra anal\u012bze: l\u012bdz 400 kHz (atkar\u012bb\u0101 no lauka zondes)<br \/>\nnolas\u012b\u0161anas v\u0113rt\u012bbas: Kop\u0113jais lauks (moment\u0101nais, maksim\u0101lais, minim\u0101lais un vid\u0113jais), lauka komponenti (X, Y, Z).<br \/>\nE lauka vien\u012bbas: V\/m, kV\/m, \u03bcW\/cm2 , mW\/cm2 , W\/m2 , %.<br \/>\nH Lauka vien\u012bbas: nT, \u03bcT, mT, T, A\/m, %, mG, G<br \/>\nRe\u0123istr\u0101cijas laiks: Konfigur\u0113jams (0,5 s &#8230; 6 min)<br \/>\nVid\u0113jie re\u017e\u012bmi: Fiks\u0113ts o b\u012bd\u0101ms, saska\u0146\u0101 ar starptautiskajiem standartiem<br \/>\nVid\u0113jie interv\u0101li: 10 s, 15 s, 30 s, 1 min, 2 min, 5 min, 6 min, 10 min, 15 min, 30 min.<br \/>\nM\u0113r\u012bjumu grafiks: Piel\u0101gots (l\u012bdz 24 stund\u0101m)<\/p>\n<p>Akumulators: iek\u0161\u0113jais uzl\u0101d\u0113jamais litija jonu<br \/>\nAutonomija: > 20 stundas (ar platjoslas zond\u0113m); > 6,5 stundas (ar selekt\u012bvaj\u0101m zond\u0113m)<br \/>\nTemperat\u016bras diapazons: -10 \u00b0C &#8230; +50 \u00b0C<br \/>\nIzm\u0113rs: 100 x 215 x 40 mm<br \/>\nSvars: 635 g<\/p>\n<p>Standarta komplekts: Komplekt\u0101: Wavecontrol SMP3, &#8220;SMP3 Reader&#8221; PC programmat\u016bra, SMP2 zondes somi\u0146a, USB kabelis, l\u0101d\u0113t\u0101js.<\/p>\n<h3>Tehnisk\u0101 inform\u0101cija:<\/h3>\n<ul>\n<li><a href=\"https:\/\/axiomams.eu\/importer\/export\/attachments\/en\/datasheet_smp3_en.pdf\" target=\"_blank\">Datasheet_SMP3_EN.pdf<\/a><\/li>\n<\/ul>\n","protected":false},"excerpt":{"rendered":"<p>Wavecontrol SMP3 ir vien\u012bg\u0101 ier\u012bce, kas pied\u0101v\u0101 \u012bstas 3-in-1 funkcijas: platjoslas m\u0113r\u012bjumus (DC l\u012bdz 60 GHz), frekven\u010du spektra anal\u012bzi (DC l\u012bdz 400 kHz) un statisko lauku m\u0113r\u012bjumus. SMP3 lauka m\u0113r\u012bt\u0101js nodro\u0161ina vismodern\u0101k\u0101s funkcijas un tehnolo\u0123ijas tirg\u016b, kas paredz\u0113tas lietot\u0101jiem, kuriem nepiecie\u0161ami augstas kvalit\u0101tes m\u0113r\u012bjumi, \u0113rta lieto\u0161ana un labi zi\u0146o\u0161anas r\u012bki. Lauka zondes: Autom\u0101tiska noteik\u0161ana un&#8230;<\/p>\n","protected":false},"featured_media":42459,"comment_status":"open","ping_status":"closed","template":"","meta":{"_acf_changed":false},"product_brand":[743],"product_cat":[17723],"product_tag":[],"class_list":{"0":"post-39372","1":"product","2":"type-product","3":"status-publish","4":"has-post-thumbnail","6":"product_brand-wavecontrol","7":"product_cat-putekliem-elektromagnetiska-lauka-merijumiem","9":"first","10":"instock","11":"taxable","12":"shipping-taxable","13":"product-type-simple"},"acf":[],"yoast_head":"<!-- This site is optimized with the Yoast SEO plugin v27.0 - https:\/\/yoast.com\/product\/yoast-seo-wordpress\/ -->\n<title>Wavecontrol SMP3 Elektromagn\u0113tisk\u0101 un magn\u0113tisk\u0101 lauka m\u0113r\u012bt\u0101js - AXIOMA MS<\/title>\n<meta name=\"robots\" content=\"index, follow, max-snippet:-1, max-image-preview:large, max-video-preview:-1\" \/>\n<link rel=\"canonical\" href=\"https:\/\/www.axiomams.eu\/lv\/produktas\/wavecontrol-smp3-elektromagnetiska-un-magnetiska-lauka-meritajs\" \/>\n<meta property=\"og:locale\" content=\"lv_LV\" \/>\n<meta property=\"og:type\" content=\"article\" \/>\n<meta property=\"og:title\" content=\"Wavecontrol SMP3 Elektromagn\u0113tisk\u0101 un magn\u0113tisk\u0101 lauka m\u0113r\u012bt\u0101js - AXIOMA MS\" \/>\n<meta property=\"og:description\" content=\"Wavecontrol SMP3 ir vien\u012bg\u0101 ier\u012bce, kas pied\u0101v\u0101 \u012bstas 3-in-1 funkcijas: platjoslas m\u0113r\u012bjumus (DC l\u012bdz 60 GHz), frekven\u010du spektra anal\u012bzi (DC l\u012bdz 400 kHz) un statisko lauku m\u0113r\u012bjumus. SMP3 lauka m\u0113r\u012bt\u0101js nodro\u0161ina vismodern\u0101k\u0101s funkcijas un tehnolo\u0123ijas tirg\u016b, kas paredz\u0113tas lietot\u0101jiem, kuriem nepiecie\u0161ami augstas kvalit\u0101tes m\u0113r\u012bjumi, \u0113rta lieto\u0161ana un labi zi\u0146o\u0161anas r\u012bki. Lauka zondes: Autom\u0101tiska noteik\u0161ana un...\" \/>\n<meta property=\"og:url\" content=\"https:\/\/www.axiomams.eu\/lv\/produktas\/wavecontrol-smp3-elektromagnetiska-un-magnetiska-lauka-meritajs\" \/>\n<meta property=\"og:site_name\" content=\"AXIOMA MS\" \/>\n<meta property=\"article:publisher\" content=\"https:\/\/www.facebook.com\/AxiomaMS\" \/>\n<meta property=\"article:modified_time\" content=\"2026-03-25T15:01:49+00:00\" \/>\n<meta property=\"og:image\" content=\"https:\/\/www.axiomams.eu\/wp-content\/uploads\/2025\/07\/3011-4742.jpg\" \/>\n\t<meta property=\"og:image:width\" content=\"750\" \/>\n\t<meta property=\"og:image:height\" content=\"750\" \/>\n\t<meta property=\"og:image:type\" content=\"image\/jpeg\" \/>\n<meta name=\"twitter:card\" content=\"summary_large_image\" \/>\n<meta name=\"twitter:label1\" content=\"Est. reading time\" \/>\n\t<meta name=\"twitter:data1\" content=\"1 minute\" \/>\n<script type=\"application\/ld+json\" class=\"yoast-schema-graph\">{\"@context\":\"https:\/\/schema.org\",\"@graph\":[{\"@type\":\"WebPage\",\"@id\":\"https:\/\/www.axiomams.eu\/lv\/produktas\/wavecontrol-smp3-elektromagnetiska-un-magnetiska-lauka-meritajs\",\"url\":\"https:\/\/www.axiomams.eu\/lv\/produktas\/wavecontrol-smp3-elektromagnetiska-un-magnetiska-lauka-meritajs\",\"name\":\"Wavecontrol SMP3 Elektromagn\u0113tisk\u0101 un magn\u0113tisk\u0101 lauka m\u0113r\u012bt\u0101js - AXIOMA MS\",\"isPartOf\":{\"@id\":\"https:\/\/www.axiomams.eu\/lv#website\"},\"primaryImageOfPage\":{\"@id\":\"https:\/\/www.axiomams.eu\/lv\/produktas\/wavecontrol-smp3-elektromagnetiska-un-magnetiska-lauka-meritajs#primaryimage\"},\"image\":{\"@id\":\"https:\/\/www.axiomams.eu\/lv\/produktas\/wavecontrol-smp3-elektromagnetiska-un-magnetiska-lauka-meritajs#primaryimage\"},\"thumbnailUrl\":\"https:\/\/www.axiomams.eu\/wp-content\/uploads\/2025\/07\/3011-4742.jpg\",\"datePublished\":\"2025-05-15T16:07:30+00:00\",\"dateModified\":\"2026-03-25T15:01:49+00:00\",\"breadcrumb\":{\"@id\":\"https:\/\/www.axiomams.eu\/lv\/produktas\/wavecontrol-smp3-elektromagnetiska-un-magnetiska-lauka-meritajs#breadcrumb\"},\"inLanguage\":\"lv-LV\",\"potentialAction\":[{\"@type\":\"ReadAction\",\"target\":[\"https:\/\/www.axiomams.eu\/lv\/produktas\/wavecontrol-smp3-elektromagnetiska-un-magnetiska-lauka-meritajs\"]}]},{\"@type\":\"ImageObject\",\"inLanguage\":\"lv-LV\",\"@id\":\"https:\/\/www.axiomams.eu\/lv\/produktas\/wavecontrol-smp3-elektromagnetiska-un-magnetiska-lauka-meritajs#primaryimage\",\"url\":\"https:\/\/www.axiomams.eu\/wp-content\/uploads\/2025\/07\/3011-4742.jpg\",\"contentUrl\":\"https:\/\/www.axiomams.eu\/wp-content\/uploads\/2025\/07\/3011-4742.jpg\",\"width\":750,\"height\":750},{\"@type\":\"BreadcrumbList\",\"@id\":\"https:\/\/www.axiomams.eu\/lv\/produktas\/wavecontrol-smp3-elektromagnetiska-un-magnetiska-lauka-meritajs#breadcrumb\",\"itemListElement\":[{\"@type\":\"ListItem\",\"position\":1,\"name\":\"Home\",\"item\":\"https:\/\/www.axiomams.eu\/lv\"},{\"@type\":\"ListItem\",\"position\":2,\"name\":\"Produkti\",\"item\":\"https:\/\/www.axiomams.eu\/lv\/produkti\"},{\"@type\":\"ListItem\",\"position\":3,\"name\":\"Wavecontrol SMP3 Elektromagn\u0113tisk\u0101 un magn\u0113tisk\u0101 lauka m\u0113r\u012bt\u0101js\"}]},{\"@type\":\"WebSite\",\"@id\":\"https:\/\/www.axiomams.eu\/lv#website\",\"url\":\"https:\/\/www.axiomams.eu\/lv\",\"name\":\"AXIOMA MS\",\"description\":\"Terrmovizoriai ir matavimo \u012franga\",\"publisher\":{\"@id\":\"https:\/\/www.axiomams.eu\/lv#organization\"},\"potentialAction\":[{\"@type\":\"SearchAction\",\"target\":{\"@type\":\"EntryPoint\",\"urlTemplate\":\"https:\/\/www.axiomams.eu\/lv?s={search_term_string}\"},\"query-input\":{\"@type\":\"PropertyValueSpecification\",\"valueRequired\":true,\"valueName\":\"search_term_string\"}}],\"inLanguage\":\"lv-LV\"},{\"@type\":\"Organization\",\"@id\":\"https:\/\/www.axiomams.eu\/lv#organization\",\"name\":\"AXIOMA MS\",\"url\":\"https:\/\/www.axiomams.eu\/lv\",\"logo\":{\"@type\":\"ImageObject\",\"inLanguage\":\"lv-LV\",\"@id\":\"https:\/\/www.axiomams.eu\/lv#\/schema\/logo\/image\/\",\"url\":\"https:\/\/www.axiomams.eu\/wp-content\/uploads\/2025\/06\/axioma-logo-2.png\",\"contentUrl\":\"https:\/\/www.axiomams.eu\/wp-content\/uploads\/2025\/06\/axioma-logo-2.png\",\"width\":1200,\"height\":1200,\"caption\":\"AXIOMA MS\"},\"image\":{\"@id\":\"https:\/\/www.axiomams.eu\/lv#\/schema\/logo\/image\/\"},\"sameAs\":[\"https:\/\/www.facebook.com\/AxiomaMS\",\"https:\/\/www.linkedin.com\/company\/axiomams\/\"]}]}<\/script>\n<!-- \/ Yoast SEO plugin. -->","yoast_head_json":{"title":"Wavecontrol SMP3 Elektromagn\u0113tisk\u0101 un magn\u0113tisk\u0101 lauka m\u0113r\u012bt\u0101js - AXIOMA MS","robots":{"index":"index","follow":"follow","max-snippet":"max-snippet:-1","max-image-preview":"max-image-preview:large","max-video-preview":"max-video-preview:-1"},"canonical":"https:\/\/www.axiomams.eu\/lv\/produktas\/wavecontrol-smp3-elektromagnetiska-un-magnetiska-lauka-meritajs","og_locale":"lv_LV","og_type":"article","og_title":"Wavecontrol SMP3 Elektromagn\u0113tisk\u0101 un magn\u0113tisk\u0101 lauka m\u0113r\u012bt\u0101js - AXIOMA MS","og_description":"Wavecontrol SMP3 ir vien\u012bg\u0101 ier\u012bce, kas pied\u0101v\u0101 \u012bstas 3-in-1 funkcijas: platjoslas m\u0113r\u012bjumus (DC l\u012bdz 60 GHz), frekven\u010du spektra anal\u012bzi (DC l\u012bdz 400 kHz) un statisko lauku m\u0113r\u012bjumus. SMP3 lauka m\u0113r\u012bt\u0101js nodro\u0161ina vismodern\u0101k\u0101s funkcijas un tehnolo\u0123ijas tirg\u016b, kas paredz\u0113tas lietot\u0101jiem, kuriem nepiecie\u0161ami augstas kvalit\u0101tes m\u0113r\u012bjumi, \u0113rta lieto\u0161ana un labi zi\u0146o\u0161anas r\u012bki. Lauka zondes: Autom\u0101tiska noteik\u0161ana un...","og_url":"https:\/\/www.axiomams.eu\/lv\/produktas\/wavecontrol-smp3-elektromagnetiska-un-magnetiska-lauka-meritajs","og_site_name":"AXIOMA MS","article_publisher":"https:\/\/www.facebook.com\/AxiomaMS","article_modified_time":"2026-03-25T15:01:49+00:00","og_image":[{"width":750,"height":750,"url":"https:\/\/www.axiomams.eu\/wp-content\/uploads\/2025\/07\/3011-4742.jpg","type":"image\/jpeg"}],"twitter_card":"summary_large_image","twitter_misc":{"Est. reading time":"1 minute"},"schema":{"@context":"https:\/\/schema.org","@graph":[{"@type":"WebPage","@id":"https:\/\/www.axiomams.eu\/lv\/produktas\/wavecontrol-smp3-elektromagnetiska-un-magnetiska-lauka-meritajs","url":"https:\/\/www.axiomams.eu\/lv\/produktas\/wavecontrol-smp3-elektromagnetiska-un-magnetiska-lauka-meritajs","name":"Wavecontrol SMP3 Elektromagn\u0113tisk\u0101 un magn\u0113tisk\u0101 lauka m\u0113r\u012bt\u0101js - AXIOMA MS","isPartOf":{"@id":"https:\/\/www.axiomams.eu\/lv#website"},"primaryImageOfPage":{"@id":"https:\/\/www.axiomams.eu\/lv\/produktas\/wavecontrol-smp3-elektromagnetiska-un-magnetiska-lauka-meritajs#primaryimage"},"image":{"@id":"https:\/\/www.axiomams.eu\/lv\/produktas\/wavecontrol-smp3-elektromagnetiska-un-magnetiska-lauka-meritajs#primaryimage"},"thumbnailUrl":"https:\/\/www.axiomams.eu\/wp-content\/uploads\/2025\/07\/3011-4742.jpg","datePublished":"2025-05-15T16:07:30+00:00","dateModified":"2026-03-25T15:01:49+00:00","breadcrumb":{"@id":"https:\/\/www.axiomams.eu\/lv\/produktas\/wavecontrol-smp3-elektromagnetiska-un-magnetiska-lauka-meritajs#breadcrumb"},"inLanguage":"lv-LV","potentialAction":[{"@type":"ReadAction","target":["https:\/\/www.axiomams.eu\/lv\/produktas\/wavecontrol-smp3-elektromagnetiska-un-magnetiska-lauka-meritajs"]}]},{"@type":"ImageObject","inLanguage":"lv-LV","@id":"https:\/\/www.axiomams.eu\/lv\/produktas\/wavecontrol-smp3-elektromagnetiska-un-magnetiska-lauka-meritajs#primaryimage","url":"https:\/\/www.axiomams.eu\/wp-content\/uploads\/2025\/07\/3011-4742.jpg","contentUrl":"https:\/\/www.axiomams.eu\/wp-content\/uploads\/2025\/07\/3011-4742.jpg","width":750,"height":750},{"@type":"BreadcrumbList","@id":"https:\/\/www.axiomams.eu\/lv\/produktas\/wavecontrol-smp3-elektromagnetiska-un-magnetiska-lauka-meritajs#breadcrumb","itemListElement":[{"@type":"ListItem","position":1,"name":"Home","item":"https:\/\/www.axiomams.eu\/lv"},{"@type":"ListItem","position":2,"name":"Produkti","item":"https:\/\/www.axiomams.eu\/lv\/produkti"},{"@type":"ListItem","position":3,"name":"Wavecontrol SMP3 Elektromagn\u0113tisk\u0101 un magn\u0113tisk\u0101 lauka m\u0113r\u012bt\u0101js"}]},{"@type":"WebSite","@id":"https:\/\/www.axiomams.eu\/lv#website","url":"https:\/\/www.axiomams.eu\/lv","name":"AXIOMA MS","description":"Terrmovizoriai ir matavimo \u012franga","publisher":{"@id":"https:\/\/www.axiomams.eu\/lv#organization"},"potentialAction":[{"@type":"SearchAction","target":{"@type":"EntryPoint","urlTemplate":"https:\/\/www.axiomams.eu\/lv?s={search_term_string}"},"query-input":{"@type":"PropertyValueSpecification","valueRequired":true,"valueName":"search_term_string"}}],"inLanguage":"lv-LV"},{"@type":"Organization","@id":"https:\/\/www.axiomams.eu\/lv#organization","name":"AXIOMA MS","url":"https:\/\/www.axiomams.eu\/lv","logo":{"@type":"ImageObject","inLanguage":"lv-LV","@id":"https:\/\/www.axiomams.eu\/lv#\/schema\/logo\/image\/","url":"https:\/\/www.axiomams.eu\/wp-content\/uploads\/2025\/06\/axioma-logo-2.png","contentUrl":"https:\/\/www.axiomams.eu\/wp-content\/uploads\/2025\/06\/axioma-logo-2.png","width":1200,"height":1200,"caption":"AXIOMA MS"},"image":{"@id":"https:\/\/www.axiomams.eu\/lv#\/schema\/logo\/image\/"},"sameAs":["https:\/\/www.facebook.com\/AxiomaMS","https:\/\/www.linkedin.com\/company\/axiomams\/"]}]}},"_links":{"self":[{"href":"https:\/\/www.axiomams.eu\/lv\/wp-json\/wp\/v2\/product\/39372","targetHints":{"allow":["GET"]}}],"collection":[{"href":"https:\/\/www.axiomams.eu\/lv\/wp-json\/wp\/v2\/product"}],"about":[{"href":"https:\/\/www.axiomams.eu\/lv\/wp-json\/wp\/v2\/types\/product"}],"replies":[{"embeddable":true,"href":"https:\/\/www.axiomams.eu\/lv\/wp-json\/wp\/v2\/comments?post=39372"}],"wp:featuredmedia":[{"embeddable":true,"href":"https:\/\/www.axiomams.eu\/lv\/wp-json\/wp\/v2\/media\/42459"}],"wp:attachment":[{"href":"https:\/\/www.axiomams.eu\/lv\/wp-json\/wp\/v2\/media?parent=39372"}],"wp:term":[{"taxonomy":"product_brand","embeddable":true,"href":"https:\/\/www.axiomams.eu\/lv\/wp-json\/wp\/v2\/product_brand?post=39372"},{"taxonomy":"product_cat","embeddable":true,"href":"https:\/\/www.axiomams.eu\/lv\/wp-json\/wp\/v2\/product_cat?post=39372"},{"taxonomy":"product_tag","embeddable":true,"href":"https:\/\/www.axiomams.eu\/lv\/wp-json\/wp\/v2\/product_tag?post=39372"}],"curies":[{"name":"wp","href":"https:\/\/api.w.org\/{rel}","templated":true}]}}