{"id":39373,"date":"2025-05-15T18:07:30","date_gmt":"2025-05-15T16:07:30","guid":{"rendered":"https:\/\/www.axiomams.eu\/produktas\/sinus-soundbook-mk2-skanas-un-vibraciju-analizators"},"modified":"2026-03-25T17:01:49","modified_gmt":"2026-03-25T15:01:49","slug":"sinus-soundbook-mk2-skanas-un-vibraciju-analizators","status":"publish","type":"product","link":"https:\/\/www.axiomams.eu\/lv\/produktas\/sinus-soundbook-mk2-skanas-un-vibraciju-analizators","title":{"rendered":"Sinus Soundbook Mk2 ska\u0146as un vibr\u0101ciju analizators"},"content":{"rendered":"<p>Soundbook\u2122, m\u016bsu univers\u0101l\u0101 p\u0101rn\u0113s\u0101jam\u0101 m\u0113r\u012b\u0161anas sist\u0113ma akustiskajiem, vibr\u0101cijas un in\u017eeniertehniskajiem m\u0113r\u012bjumiem kopum\u0101, tagad ir pieejama 2. paaudz\u0113 uz inovat\u012bv\u0101s Apollo\u2122 platformas b\u0101zes. Soundbook \u013cauj str\u0101d\u0101t praktiski visur &#8211; gan biroj\u0101, gan \u0101rpus telp\u0101m. Ne karstums, ne aukstums, ne lietus, ne putek\u013ci, ne sp\u0113c\u012bgi meh\u0101niski triecieni ier\u012bci neietekm\u0113. Ar tikai 3 kg svaru, iztur\u012bgu magnija sakaus\u0113juma \u0101rpusi, konvert\u0113jamu spilgtu TFT displeju, m\u0113renu ener\u0123ijas pat\u0113ri\u0146u un daudz\u0101m saskarn\u0113m Soundbook apvieno augstas kvalit\u0101tes m\u0113rier\u012bces veiktsp\u0113ju ar datora iesp\u0113j\u0101m.<\/p>\n<p>Soundbook b\u0101zes ier\u012bce: Panasonic Toughbook CF-19<br \/>\n&#8211; Procesors: Intel \u2122 Core i5 2,5 GHz, 4 GB RAM<br \/>\n&#8211; Displejs: TFT 10,4&#8243; 1024 x 768<br \/>\n&#8211; Uzglab\u0101\u0161anas datu nes\u0113js: cietais disks 500 GByte, p\u0113c izv\u0113les SSD<br \/>\n&#8211; Interfeiss: USB 2, USB 3, RS232, LAN, WLAN, Modems, Cardbus, VGA, Bluetooth, SD karte Firewire, ExpressCard 34\/54<br \/>\n&#8211; Oper\u0113t\u0101jsist\u0113ma: Windows 7 daudzvalodu oper\u0113t\u0101jsist\u0113ma<br \/>\nIeejas kan\u0101li 1-2\/4\/8<br \/>\n&#8211; Iz\u0161\u0137irtsp\u0113ja: 24 bitu<br \/>\n&#8211; Re\u0101l\u0101 laika joslas platums: DC &#8230; 40 kHz @ 8 kan\u0101li (80 kHz p\u0113c izv\u0113les)<br \/>\n&#8211; Dinamiskais diapazons: 120 dB<br \/>\n&#8211; Paraugu \u0146em\u0161anas \u0101trums: 51,2 kHz \/ 102,4 kHz (p\u0113c izv\u0113les 204,8 kHz)<br \/>\n&#8211; Maksim\u0101lais ieejas spriegums: \u00b1 10 V maksimums<br \/>\n&#8211; Pastiprin\u0101\u0161ana: 1,5 V (l\u012bdz 10 V), 2,5 V (l\u012bdz 10 V): 0 dB, 20 dB<br \/>\n&#8211; P\u0101rslodzes noteik\u0161ana: j\u0101<br \/>\n&#8211; Mikrofona baro\u0161anas avots: \u00b1 14 V, p\u0101rsl\u0113dzams + 20 \/ 63 \/ 200 V (ar BNC versij\u0101m AUX)<br \/>\nAUX kan\u0101li<br \/>\n&#8211; Digit\u0101l\u0101 ieeja: 2x TTL<br \/>\n&#8211; Digit\u0101lais izeja: 2x TTL<br \/>\n&#8211; Mikrofona baro\u0161anas avots: \u00b1 14 V, + 20 \/ 63 \/ 200 V p\u0101rsl\u0113dzams<br \/>\nL\u0113nais kan\u0101ls 1-8<br \/>\n&#8211; Iz\u0161\u0137irtsp\u0113ja: 24 bitu<br \/>\n&#8211; Re\u0101l\u0101 laika joslas platums: DC &#8230; 80 Hz @ 8 kan\u0101li<br \/>\n&#8211; Ieejas sprieguma diapazons: -25 V &#8230; +25 V<br \/>\nIzejas kan\u0101li 1-2<br \/>\n&#8211; Iz\u0161\u0137irtsp\u0113ja: 24 bitu<br \/>\n&#8211; Re\u0101l\u0101 laika joslas platums: DC &#8230; 20 \/ 40 \/ 80 kHz<br \/>\n&#8211; Maksim\u0101lais izejas spriegums: \u00b1 3,16 Vpeak<br \/>\nApkalpo\u0161anas kan\u0101li<br \/>\n&#8211; Palaides sign\u0101ls: 2x palaides sign\u0101ls \/ Tacho, programmat\u016br\u0101 iestat\u0101ms palaides l\u012bmenis<br \/>\n&#8211; Sinhroniz\u0101cija: Paraugu sinhroniz\u0101cija ar \u0101r\u0113jo pulksteni (piem\u0113ram, GPS 1 Hz).<br \/>\nFiziskie parametri<br \/>\n&#8211; Izm\u0113ri: 280 mm x 220 mm x 65 mm<br \/>\n&#8211; Svars: 3100 gr<br \/>\n&#8211; Akumulators: Litija jonu akumulators, ietilp\u012bba 4 h m\u0113r\u012b\u0161ana<br \/>\n&#8211; \u0100r\u0113jais baro\u0161anas avots: 100 &#8230; 240 V mai\u0146str\u0101vas vai 10 &#8230; 36 VDC ar adapteriem<br \/>\nVides apst\u0101k\u013ci<br \/>\n&#8211; Aizsardz\u012bbas kategorija: AIZSARDZ\u012aBAS KATEGORIJA: IP54<br \/>\n&#8211; Mitrums: 30 % &#8230; 90 %<br \/>\n&#8211; Temperat\u016bras diapazons: -10 \u00b0C &#8230; +50 \u00b0C<\/p>\n<h3>Tehnisk\u0101 inform\u0101cija:<\/h3>\n<ul>\n<li><a href=\"https:\/\/axiomams.eu\/importer\/export\/attachments\/en\/soundbook_mk2e_6xa4.pdf\" target=\"_blank\">Soundbook_MK2E_6xA4.pdf<\/a><\/li>\n<\/ul>\n","protected":false},"excerpt":{"rendered":"<p>Soundbook\u2122, m\u016bsu univers\u0101l\u0101 p\u0101rn\u0113s\u0101jam\u0101 m\u0113r\u012b\u0161anas sist\u0113ma akustiskajiem, vibr\u0101cijas un in\u017eeniertehniskajiem m\u0113r\u012bjumiem kopum\u0101, tagad ir pieejama 2. paaudz\u0113 uz inovat\u012bv\u0101s Apollo\u2122 platformas b\u0101zes. Soundbook \u013cauj str\u0101d\u0101t praktiski visur &#8211; gan biroj\u0101, gan \u0101rpus telp\u0101m. Ne karstums, ne aukstums, ne lietus, ne putek\u013ci, ne sp\u0113c\u012bgi meh\u0101niski triecieni ier\u012bci neietekm\u0113. Ar tikai 3 kg svaru, iztur\u012bgu magnija sakaus\u0113juma&#8230;<\/p>\n","protected":false},"featured_media":42461,"comment_status":"open","ping_status":"closed","template":"","meta":{"_acf_changed":false},"product_brand":[733],"product_cat":[17776],"product_tag":[],"class_list":{"0":"post-39373","1":"product","2":"type-product","3":"status-publish","4":"has-post-thumbnail","6":"product_brand-sinus","7":"product_cat-vibracijas-merijumiem","9":"first","10":"instock","11":"taxable","12":"shipping-taxable","13":"product-type-simple"},"acf":[],"yoast_head":"<!-- This site is optimized with the Yoast SEO plugin v27.0 - https:\/\/yoast.com\/product\/yoast-seo-wordpress\/ -->\n<title>Sinus Soundbook Mk2 ska\u0146as un vibr\u0101ciju analizators - AXIOMA MS<\/title>\n<meta name=\"robots\" content=\"index, follow, max-snippet:-1, max-image-preview:large, max-video-preview:-1\" \/>\n<link rel=\"canonical\" href=\"https:\/\/www.axiomams.eu\/lv\/produktas\/sinus-soundbook-mk2-skanas-un-vibraciju-analizators\" \/>\n<meta property=\"og:locale\" content=\"lv_LV\" \/>\n<meta property=\"og:type\" content=\"article\" \/>\n<meta property=\"og:title\" content=\"Sinus Soundbook Mk2 ska\u0146as un vibr\u0101ciju analizators - AXIOMA MS\" \/>\n<meta property=\"og:description\" content=\"Soundbook\u2122, m\u016bsu univers\u0101l\u0101 p\u0101rn\u0113s\u0101jam\u0101 m\u0113r\u012b\u0161anas sist\u0113ma akustiskajiem, vibr\u0101cijas un in\u017eeniertehniskajiem m\u0113r\u012bjumiem kopum\u0101, tagad ir pieejama 2. paaudz\u0113 uz inovat\u012bv\u0101s Apollo\u2122 platformas b\u0101zes. Soundbook \u013cauj str\u0101d\u0101t praktiski visur &#8211; gan biroj\u0101, gan \u0101rpus telp\u0101m. Ne karstums, ne aukstums, ne lietus, ne putek\u013ci, ne sp\u0113c\u012bgi meh\u0101niski triecieni ier\u012bci neietekm\u0113. Ar tikai 3 kg svaru, iztur\u012bgu magnija sakaus\u0113juma...\" \/>\n<meta property=\"og:url\" content=\"https:\/\/www.axiomams.eu\/lv\/produktas\/sinus-soundbook-mk2-skanas-un-vibraciju-analizators\" \/>\n<meta property=\"og:site_name\" content=\"AXIOMA MS\" \/>\n<meta property=\"article:publisher\" content=\"https:\/\/www.facebook.com\/AxiomaMS\" \/>\n<meta property=\"article:modified_time\" content=\"2026-03-25T15:01:49+00:00\" \/>\n<meta property=\"og:image\" content=\"https:\/\/www.axiomams.eu\/wp-content\/uploads\/2025\/07\/877-1036.jpg\" \/>\n\t<meta property=\"og:image:width\" content=\"799\" \/>\n\t<meta property=\"og:image:height\" content=\"531\" \/>\n\t<meta property=\"og:image:type\" content=\"image\/jpeg\" \/>\n<meta name=\"twitter:card\" content=\"summary_large_image\" \/>\n<meta name=\"twitter:label1\" content=\"Est. reading time\" \/>\n\t<meta name=\"twitter:data1\" content=\"2 minutes\" \/>\n<script type=\"application\/ld+json\" class=\"yoast-schema-graph\">{\"@context\":\"https:\/\/schema.org\",\"@graph\":[{\"@type\":\"WebPage\",\"@id\":\"https:\/\/www.axiomams.eu\/lv\/produktas\/sinus-soundbook-mk2-skanas-un-vibraciju-analizators\",\"url\":\"https:\/\/www.axiomams.eu\/lv\/produktas\/sinus-soundbook-mk2-skanas-un-vibraciju-analizators\",\"name\":\"Sinus Soundbook Mk2 ska\u0146as un vibr\u0101ciju analizators - AXIOMA MS\",\"isPartOf\":{\"@id\":\"https:\/\/www.axiomams.eu\/lv#website\"},\"primaryImageOfPage\":{\"@id\":\"https:\/\/www.axiomams.eu\/lv\/produktas\/sinus-soundbook-mk2-skanas-un-vibraciju-analizators#primaryimage\"},\"image\":{\"@id\":\"https:\/\/www.axiomams.eu\/lv\/produktas\/sinus-soundbook-mk2-skanas-un-vibraciju-analizators#primaryimage\"},\"thumbnailUrl\":\"https:\/\/www.axiomams.eu\/wp-content\/uploads\/2025\/07\/877-1036.jpg\",\"datePublished\":\"2025-05-15T16:07:30+00:00\",\"dateModified\":\"2026-03-25T15:01:49+00:00\",\"breadcrumb\":{\"@id\":\"https:\/\/www.axiomams.eu\/lv\/produktas\/sinus-soundbook-mk2-skanas-un-vibraciju-analizators#breadcrumb\"},\"inLanguage\":\"lv-LV\",\"potentialAction\":[{\"@type\":\"ReadAction\",\"target\":[\"https:\/\/www.axiomams.eu\/lv\/produktas\/sinus-soundbook-mk2-skanas-un-vibraciju-analizators\"]}]},{\"@type\":\"ImageObject\",\"inLanguage\":\"lv-LV\",\"@id\":\"https:\/\/www.axiomams.eu\/lv\/produktas\/sinus-soundbook-mk2-skanas-un-vibraciju-analizators#primaryimage\",\"url\":\"https:\/\/www.axiomams.eu\/wp-content\/uploads\/2025\/07\/877-1036.jpg\",\"contentUrl\":\"https:\/\/www.axiomams.eu\/wp-content\/uploads\/2025\/07\/877-1036.jpg\",\"width\":799,\"height\":531},{\"@type\":\"BreadcrumbList\",\"@id\":\"https:\/\/www.axiomams.eu\/lv\/produktas\/sinus-soundbook-mk2-skanas-un-vibraciju-analizators#breadcrumb\",\"itemListElement\":[{\"@type\":\"ListItem\",\"position\":1,\"name\":\"Home\",\"item\":\"https:\/\/www.axiomams.eu\/lv\"},{\"@type\":\"ListItem\",\"position\":2,\"name\":\"Produkti\",\"item\":\"https:\/\/www.axiomams.eu\/lv\/produkti\"},{\"@type\":\"ListItem\",\"position\":3,\"name\":\"Sinus Soundbook Mk2 ska\u0146as un vibr\u0101ciju analizators\"}]},{\"@type\":\"WebSite\",\"@id\":\"https:\/\/www.axiomams.eu\/lv#website\",\"url\":\"https:\/\/www.axiomams.eu\/lv\",\"name\":\"AXIOMA MS\",\"description\":\"Terrmovizoriai ir matavimo \u012franga\",\"publisher\":{\"@id\":\"https:\/\/www.axiomams.eu\/lv#organization\"},\"potentialAction\":[{\"@type\":\"SearchAction\",\"target\":{\"@type\":\"EntryPoint\",\"urlTemplate\":\"https:\/\/www.axiomams.eu\/lv?s={search_term_string}\"},\"query-input\":{\"@type\":\"PropertyValueSpecification\",\"valueRequired\":true,\"valueName\":\"search_term_string\"}}],\"inLanguage\":\"lv-LV\"},{\"@type\":\"Organization\",\"@id\":\"https:\/\/www.axiomams.eu\/lv#organization\",\"name\":\"AXIOMA MS\",\"url\":\"https:\/\/www.axiomams.eu\/lv\",\"logo\":{\"@type\":\"ImageObject\",\"inLanguage\":\"lv-LV\",\"@id\":\"https:\/\/www.axiomams.eu\/lv#\/schema\/logo\/image\/\",\"url\":\"https:\/\/www.axiomams.eu\/wp-content\/uploads\/2025\/06\/axioma-logo-2.png\",\"contentUrl\":\"https:\/\/www.axiomams.eu\/wp-content\/uploads\/2025\/06\/axioma-logo-2.png\",\"width\":1200,\"height\":1200,\"caption\":\"AXIOMA MS\"},\"image\":{\"@id\":\"https:\/\/www.axiomams.eu\/lv#\/schema\/logo\/image\/\"},\"sameAs\":[\"https:\/\/www.facebook.com\/AxiomaMS\",\"https:\/\/www.linkedin.com\/company\/axiomams\/\"]}]}<\/script>\n<!-- \/ Yoast SEO plugin. -->","yoast_head_json":{"title":"Sinus Soundbook Mk2 ska\u0146as un vibr\u0101ciju analizators - AXIOMA MS","robots":{"index":"index","follow":"follow","max-snippet":"max-snippet:-1","max-image-preview":"max-image-preview:large","max-video-preview":"max-video-preview:-1"},"canonical":"https:\/\/www.axiomams.eu\/lv\/produktas\/sinus-soundbook-mk2-skanas-un-vibraciju-analizators","og_locale":"lv_LV","og_type":"article","og_title":"Sinus Soundbook Mk2 ska\u0146as un vibr\u0101ciju analizators - AXIOMA MS","og_description":"Soundbook\u2122, m\u016bsu univers\u0101l\u0101 p\u0101rn\u0113s\u0101jam\u0101 m\u0113r\u012b\u0161anas sist\u0113ma akustiskajiem, vibr\u0101cijas un in\u017eeniertehniskajiem m\u0113r\u012bjumiem kopum\u0101, tagad ir pieejama 2. paaudz\u0113 uz inovat\u012bv\u0101s Apollo\u2122 platformas b\u0101zes. Soundbook \u013cauj str\u0101d\u0101t praktiski visur &#8211; gan biroj\u0101, gan \u0101rpus telp\u0101m. Ne karstums, ne aukstums, ne lietus, ne putek\u013ci, ne sp\u0113c\u012bgi meh\u0101niski triecieni ier\u012bci neietekm\u0113. Ar tikai 3 kg svaru, iztur\u012bgu magnija sakaus\u0113juma...","og_url":"https:\/\/www.axiomams.eu\/lv\/produktas\/sinus-soundbook-mk2-skanas-un-vibraciju-analizators","og_site_name":"AXIOMA MS","article_publisher":"https:\/\/www.facebook.com\/AxiomaMS","article_modified_time":"2026-03-25T15:01:49+00:00","og_image":[{"width":799,"height":531,"url":"https:\/\/www.axiomams.eu\/wp-content\/uploads\/2025\/07\/877-1036.jpg","type":"image\/jpeg"}],"twitter_card":"summary_large_image","twitter_misc":{"Est. reading time":"2 minutes"},"schema":{"@context":"https:\/\/schema.org","@graph":[{"@type":"WebPage","@id":"https:\/\/www.axiomams.eu\/lv\/produktas\/sinus-soundbook-mk2-skanas-un-vibraciju-analizators","url":"https:\/\/www.axiomams.eu\/lv\/produktas\/sinus-soundbook-mk2-skanas-un-vibraciju-analizators","name":"Sinus Soundbook Mk2 ska\u0146as un vibr\u0101ciju analizators - AXIOMA MS","isPartOf":{"@id":"https:\/\/www.axiomams.eu\/lv#website"},"primaryImageOfPage":{"@id":"https:\/\/www.axiomams.eu\/lv\/produktas\/sinus-soundbook-mk2-skanas-un-vibraciju-analizators#primaryimage"},"image":{"@id":"https:\/\/www.axiomams.eu\/lv\/produktas\/sinus-soundbook-mk2-skanas-un-vibraciju-analizators#primaryimage"},"thumbnailUrl":"https:\/\/www.axiomams.eu\/wp-content\/uploads\/2025\/07\/877-1036.jpg","datePublished":"2025-05-15T16:07:30+00:00","dateModified":"2026-03-25T15:01:49+00:00","breadcrumb":{"@id":"https:\/\/www.axiomams.eu\/lv\/produktas\/sinus-soundbook-mk2-skanas-un-vibraciju-analizators#breadcrumb"},"inLanguage":"lv-LV","potentialAction":[{"@type":"ReadAction","target":["https:\/\/www.axiomams.eu\/lv\/produktas\/sinus-soundbook-mk2-skanas-un-vibraciju-analizators"]}]},{"@type":"ImageObject","inLanguage":"lv-LV","@id":"https:\/\/www.axiomams.eu\/lv\/produktas\/sinus-soundbook-mk2-skanas-un-vibraciju-analizators#primaryimage","url":"https:\/\/www.axiomams.eu\/wp-content\/uploads\/2025\/07\/877-1036.jpg","contentUrl":"https:\/\/www.axiomams.eu\/wp-content\/uploads\/2025\/07\/877-1036.jpg","width":799,"height":531},{"@type":"BreadcrumbList","@id":"https:\/\/www.axiomams.eu\/lv\/produktas\/sinus-soundbook-mk2-skanas-un-vibraciju-analizators#breadcrumb","itemListElement":[{"@type":"ListItem","position":1,"name":"Home","item":"https:\/\/www.axiomams.eu\/lv"},{"@type":"ListItem","position":2,"name":"Produkti","item":"https:\/\/www.axiomams.eu\/lv\/produkti"},{"@type":"ListItem","position":3,"name":"Sinus Soundbook Mk2 ska\u0146as un vibr\u0101ciju analizators"}]},{"@type":"WebSite","@id":"https:\/\/www.axiomams.eu\/lv#website","url":"https:\/\/www.axiomams.eu\/lv","name":"AXIOMA MS","description":"Terrmovizoriai ir matavimo \u012franga","publisher":{"@id":"https:\/\/www.axiomams.eu\/lv#organization"},"potentialAction":[{"@type":"SearchAction","target":{"@type":"EntryPoint","urlTemplate":"https:\/\/www.axiomams.eu\/lv?s={search_term_string}"},"query-input":{"@type":"PropertyValueSpecification","valueRequired":true,"valueName":"search_term_string"}}],"inLanguage":"lv-LV"},{"@type":"Organization","@id":"https:\/\/www.axiomams.eu\/lv#organization","name":"AXIOMA MS","url":"https:\/\/www.axiomams.eu\/lv","logo":{"@type":"ImageObject","inLanguage":"lv-LV","@id":"https:\/\/www.axiomams.eu\/lv#\/schema\/logo\/image\/","url":"https:\/\/www.axiomams.eu\/wp-content\/uploads\/2025\/06\/axioma-logo-2.png","contentUrl":"https:\/\/www.axiomams.eu\/wp-content\/uploads\/2025\/06\/axioma-logo-2.png","width":1200,"height":1200,"caption":"AXIOMA MS"},"image":{"@id":"https:\/\/www.axiomams.eu\/lv#\/schema\/logo\/image\/"},"sameAs":["https:\/\/www.facebook.com\/AxiomaMS","https:\/\/www.linkedin.com\/company\/axiomams\/"]}]}},"_links":{"self":[{"href":"https:\/\/www.axiomams.eu\/lv\/wp-json\/wp\/v2\/product\/39373","targetHints":{"allow":["GET"]}}],"collection":[{"href":"https:\/\/www.axiomams.eu\/lv\/wp-json\/wp\/v2\/product"}],"about":[{"href":"https:\/\/www.axiomams.eu\/lv\/wp-json\/wp\/v2\/types\/product"}],"replies":[{"embeddable":true,"href":"https:\/\/www.axiomams.eu\/lv\/wp-json\/wp\/v2\/comments?post=39373"}],"wp:featuredmedia":[{"embeddable":true,"href":"https:\/\/www.axiomams.eu\/lv\/wp-json\/wp\/v2\/media\/42461"}],"wp:attachment":[{"href":"https:\/\/www.axiomams.eu\/lv\/wp-json\/wp\/v2\/media?parent=39373"}],"wp:term":[{"taxonomy":"product_brand","embeddable":true,"href":"https:\/\/www.axiomams.eu\/lv\/wp-json\/wp\/v2\/product_brand?post=39373"},{"taxonomy":"product_cat","embeddable":true,"href":"https:\/\/www.axiomams.eu\/lv\/wp-json\/wp\/v2\/product_cat?post=39373"},{"taxonomy":"product_tag","embeddable":true,"href":"https:\/\/www.axiomams.eu\/lv\/wp-json\/wp\/v2\/product_tag?post=39373"}],"curies":[{"name":"wp","href":"https:\/\/api.w.org\/{rel}","templated":true}]}}