{"id":39374,"date":"2025-05-23T10:41:00","date_gmt":"2025-05-23T08:41:00","guid":{"rendered":"https:\/\/www.axiomams.eu\/produktas\/hioki-ss7012-lidzstravas-signala-avots-un-kalibrators"},"modified":"2026-03-25T17:01:49","modified_gmt":"2026-03-25T15:01:49","slug":"hioki-ss7012-lidzstravas-signala-avots-un-kalibrators","status":"publish","type":"product","link":"https:\/\/www.axiomams.eu\/lv\/produktas\/hioki-ss7012-lidzstravas-signala-avots-un-kalibrators","title":{"rendered":"HIOKI SS7012 l\u012bdzstr\u0101vas sign\u0101la avots un kalibrators"},"content":{"rendered":"<p>Hioki SS7012 ir kompakts l\u012bdzstr\u0101vas sign\u0101la avots un kalibrators, ko izmanto instrumentu sist\u0113mu apkopes vai cilpas testu veik\u0161anai, un to var darbin\u0101t no datora, izmantojot USB kabeli. To var izmantot ar\u012b termometru kalibr\u0113\u0161anai un l\u012bdzstr\u0101vas sprieguma un l\u012bdzstr\u0101vas m\u0113r\u012bjumiem.<\/p>\n<p>Standarta komplekts: Komplekt\u0101: viens IESEJAS KODS 9168, viens TESTA VADS 9170-10, viens rezerves dro\u0161in\u0101t\u0101js (F50 mA, 250 V &#8220;mizet&#8221; dro\u0161in\u0101t\u0101js), \u010detras LR6 s\u0101rma baterijas.<\/p>\n<h3>Tehnisk\u0101 inform\u0101cija:<\/h3>\n<ul>\n<li><a href=\"https:\/\/axiomams.eu\/importer\/export\/attachments\/en\/hioki-ss7012.pdf\" target=\"_blank\">Hioki SS7012.pdf<\/a><\/li>\n<\/ul>\n","protected":false},"excerpt":{"rendered":"<p>Hioki SS7012 ir kompakts l\u012bdzstr\u0101vas sign\u0101la avots un kalibrators, ko izmanto instrumentu sist\u0113mu apkopes vai cilpas testu veik\u0161anai, un to var darbin\u0101t no datora, izmantojot USB kabeli. To var izmantot ar\u012b termometru kalibr\u0113\u0161anai un l\u012bdzstr\u0101vas sprieguma un l\u012bdzstr\u0101vas m\u0113r\u012bjumiem. Standarta komplekts: Komplekt\u0101: viens IESEJAS KODS 9168, viens TESTA VADS 9170-10, viens rezerves dro\u0161in\u0101t\u0101js (F50 mA,&#8230;<\/p>\n","protected":false},"featured_media":42463,"comment_status":"open","ping_status":"closed","template":"","meta":{"_acf_changed":false},"product_brand":[1112],"product_cat":[17745],"product_tag":[],"class_list":{"0":"post-39374","1":"product","2":"type-product","3":"status-publish","4":"has-post-thumbnail","6":"product_brand-hioki","7":"product_cat-procesa-un-temperaturas-kalibresanai","9":"first","10":"instock","11":"taxable","12":"shipping-taxable","13":"purchasable","14":"product-type-simple"},"acf":[],"yoast_head":"<!-- This site is optimized with the Yoast SEO plugin v27.0 - https:\/\/yoast.com\/product\/yoast-seo-wordpress\/ -->\n<title>HIOKI SS7012 l\u012bdzstr\u0101vas sign\u0101la avots un kalibrators - AXIOMA MS<\/title>\n<meta name=\"robots\" content=\"index, follow, max-snippet:-1, max-image-preview:large, max-video-preview:-1\" \/>\n<link rel=\"canonical\" href=\"https:\/\/www.axiomams.eu\/lv\/produktas\/hioki-ss7012-lidzstravas-signala-avots-un-kalibrators\" \/>\n<meta property=\"og:locale\" content=\"lv_LV\" \/>\n<meta property=\"og:type\" content=\"article\" \/>\n<meta property=\"og:title\" content=\"HIOKI SS7012 l\u012bdzstr\u0101vas sign\u0101la avots un kalibrators - AXIOMA MS\" \/>\n<meta property=\"og:description\" content=\"Hioki SS7012 ir kompakts l\u012bdzstr\u0101vas sign\u0101la avots un kalibrators, ko izmanto instrumentu sist\u0113mu apkopes vai cilpas testu veik\u0161anai, un to var darbin\u0101t no datora, izmantojot USB kabeli. To var izmantot ar\u012b termometru kalibr\u0113\u0161anai un l\u012bdzstr\u0101vas sprieguma un l\u012bdzstr\u0101vas m\u0113r\u012bjumiem. Standarta komplekts: Komplekt\u0101: viens IESEJAS KODS 9168, viens TESTA VADS 9170-10, viens rezerves dro\u0161in\u0101t\u0101js (F50 mA,...\" \/>\n<meta property=\"og:url\" content=\"https:\/\/www.axiomams.eu\/lv\/produktas\/hioki-ss7012-lidzstravas-signala-avots-un-kalibrators\" \/>\n<meta property=\"og:site_name\" content=\"AXIOMA MS\" \/>\n<meta property=\"article:publisher\" content=\"https:\/\/www.facebook.com\/AxiomaMS\" \/>\n<meta property=\"article:modified_time\" content=\"2026-03-25T15:01:49+00:00\" \/>\n<meta property=\"og:image\" content=\"https:\/\/www.axiomams.eu\/wp-content\/uploads\/2025\/07\/2554-3284.jpg\" \/>\n\t<meta property=\"og:image:width\" content=\"844\" \/>\n\t<meta property=\"og:image:height\" content=\"768\" \/>\n\t<meta property=\"og:image:type\" content=\"image\/jpeg\" \/>\n<meta name=\"twitter:card\" content=\"summary_large_image\" \/>\n<script type=\"application\/ld+json\" class=\"yoast-schema-graph\">{\"@context\":\"https:\/\/schema.org\",\"@graph\":[{\"@type\":\"WebPage\",\"@id\":\"https:\/\/www.axiomams.eu\/lv\/produktas\/hioki-ss7012-lidzstravas-signala-avots-un-kalibrators\",\"url\":\"https:\/\/www.axiomams.eu\/lv\/produktas\/hioki-ss7012-lidzstravas-signala-avots-un-kalibrators\",\"name\":\"HIOKI SS7012 l\u012bdzstr\u0101vas sign\u0101la avots un kalibrators - AXIOMA MS\",\"isPartOf\":{\"@id\":\"https:\/\/www.axiomams.eu\/lv#website\"},\"primaryImageOfPage\":{\"@id\":\"https:\/\/www.axiomams.eu\/lv\/produktas\/hioki-ss7012-lidzstravas-signala-avots-un-kalibrators#primaryimage\"},\"image\":{\"@id\":\"https:\/\/www.axiomams.eu\/lv\/produktas\/hioki-ss7012-lidzstravas-signala-avots-un-kalibrators#primaryimage\"},\"thumbnailUrl\":\"https:\/\/www.axiomams.eu\/wp-content\/uploads\/2025\/07\/2554-3284.jpg\",\"datePublished\":\"2025-05-23T08:41:00+00:00\",\"dateModified\":\"2026-03-25T15:01:49+00:00\",\"breadcrumb\":{\"@id\":\"https:\/\/www.axiomams.eu\/lv\/produktas\/hioki-ss7012-lidzstravas-signala-avots-un-kalibrators#breadcrumb\"},\"inLanguage\":\"lv-LV\",\"potentialAction\":[{\"@type\":\"ReadAction\",\"target\":[\"https:\/\/www.axiomams.eu\/lv\/produktas\/hioki-ss7012-lidzstravas-signala-avots-un-kalibrators\"]}]},{\"@type\":\"ImageObject\",\"inLanguage\":\"lv-LV\",\"@id\":\"https:\/\/www.axiomams.eu\/lv\/produktas\/hioki-ss7012-lidzstravas-signala-avots-un-kalibrators#primaryimage\",\"url\":\"https:\/\/www.axiomams.eu\/wp-content\/uploads\/2025\/07\/2554-3284.jpg\",\"contentUrl\":\"https:\/\/www.axiomams.eu\/wp-content\/uploads\/2025\/07\/2554-3284.jpg\",\"width\":844,\"height\":768},{\"@type\":\"BreadcrumbList\",\"@id\":\"https:\/\/www.axiomams.eu\/lv\/produktas\/hioki-ss7012-lidzstravas-signala-avots-un-kalibrators#breadcrumb\",\"itemListElement\":[{\"@type\":\"ListItem\",\"position\":1,\"name\":\"Home\",\"item\":\"https:\/\/www.axiomams.eu\/lv\"},{\"@type\":\"ListItem\",\"position\":2,\"name\":\"Produkti\",\"item\":\"https:\/\/www.axiomams.eu\/lv\/produkti\"},{\"@type\":\"ListItem\",\"position\":3,\"name\":\"HIOKI SS7012 l\u012bdzstr\u0101vas sign\u0101la avots un kalibrators\"}]},{\"@type\":\"WebSite\",\"@id\":\"https:\/\/www.axiomams.eu\/lv#website\",\"url\":\"https:\/\/www.axiomams.eu\/lv\",\"name\":\"AXIOMA MS\",\"description\":\"Terrmovizoriai ir matavimo \u012franga\",\"publisher\":{\"@id\":\"https:\/\/www.axiomams.eu\/lv#organization\"},\"potentialAction\":[{\"@type\":\"SearchAction\",\"target\":{\"@type\":\"EntryPoint\",\"urlTemplate\":\"https:\/\/www.axiomams.eu\/lv?s={search_term_string}\"},\"query-input\":{\"@type\":\"PropertyValueSpecification\",\"valueRequired\":true,\"valueName\":\"search_term_string\"}}],\"inLanguage\":\"lv-LV\"},{\"@type\":\"Organization\",\"@id\":\"https:\/\/www.axiomams.eu\/lv#organization\",\"name\":\"AXIOMA MS\",\"url\":\"https:\/\/www.axiomams.eu\/lv\",\"logo\":{\"@type\":\"ImageObject\",\"inLanguage\":\"lv-LV\",\"@id\":\"https:\/\/www.axiomams.eu\/lv#\/schema\/logo\/image\/\",\"url\":\"https:\/\/www.axiomams.eu\/wp-content\/uploads\/2025\/06\/axioma-logo-2.png\",\"contentUrl\":\"https:\/\/www.axiomams.eu\/wp-content\/uploads\/2025\/06\/axioma-logo-2.png\",\"width\":1200,\"height\":1200,\"caption\":\"AXIOMA MS\"},\"image\":{\"@id\":\"https:\/\/www.axiomams.eu\/lv#\/schema\/logo\/image\/\"},\"sameAs\":[\"https:\/\/www.facebook.com\/AxiomaMS\",\"https:\/\/www.linkedin.com\/company\/axiomams\/\"]}]}<\/script>\n<!-- \/ Yoast SEO plugin. -->","yoast_head_json":{"title":"HIOKI SS7012 l\u012bdzstr\u0101vas sign\u0101la avots un kalibrators - AXIOMA MS","robots":{"index":"index","follow":"follow","max-snippet":"max-snippet:-1","max-image-preview":"max-image-preview:large","max-video-preview":"max-video-preview:-1"},"canonical":"https:\/\/www.axiomams.eu\/lv\/produktas\/hioki-ss7012-lidzstravas-signala-avots-un-kalibrators","og_locale":"lv_LV","og_type":"article","og_title":"HIOKI SS7012 l\u012bdzstr\u0101vas sign\u0101la avots un kalibrators - AXIOMA MS","og_description":"Hioki SS7012 ir kompakts l\u012bdzstr\u0101vas sign\u0101la avots un kalibrators, ko izmanto instrumentu sist\u0113mu apkopes vai cilpas testu veik\u0161anai, un to var darbin\u0101t no datora, izmantojot USB kabeli. To var izmantot ar\u012b termometru kalibr\u0113\u0161anai un l\u012bdzstr\u0101vas sprieguma un l\u012bdzstr\u0101vas m\u0113r\u012bjumiem. Standarta komplekts: Komplekt\u0101: viens IESEJAS KODS 9168, viens TESTA VADS 9170-10, viens rezerves dro\u0161in\u0101t\u0101js (F50 mA,...","og_url":"https:\/\/www.axiomams.eu\/lv\/produktas\/hioki-ss7012-lidzstravas-signala-avots-un-kalibrators","og_site_name":"AXIOMA MS","article_publisher":"https:\/\/www.facebook.com\/AxiomaMS","article_modified_time":"2026-03-25T15:01:49+00:00","og_image":[{"width":844,"height":768,"url":"https:\/\/www.axiomams.eu\/wp-content\/uploads\/2025\/07\/2554-3284.jpg","type":"image\/jpeg"}],"twitter_card":"summary_large_image","schema":{"@context":"https:\/\/schema.org","@graph":[{"@type":"WebPage","@id":"https:\/\/www.axiomams.eu\/lv\/produktas\/hioki-ss7012-lidzstravas-signala-avots-un-kalibrators","url":"https:\/\/www.axiomams.eu\/lv\/produktas\/hioki-ss7012-lidzstravas-signala-avots-un-kalibrators","name":"HIOKI SS7012 l\u012bdzstr\u0101vas sign\u0101la avots un kalibrators - AXIOMA MS","isPartOf":{"@id":"https:\/\/www.axiomams.eu\/lv#website"},"primaryImageOfPage":{"@id":"https:\/\/www.axiomams.eu\/lv\/produktas\/hioki-ss7012-lidzstravas-signala-avots-un-kalibrators#primaryimage"},"image":{"@id":"https:\/\/www.axiomams.eu\/lv\/produktas\/hioki-ss7012-lidzstravas-signala-avots-un-kalibrators#primaryimage"},"thumbnailUrl":"https:\/\/www.axiomams.eu\/wp-content\/uploads\/2025\/07\/2554-3284.jpg","datePublished":"2025-05-23T08:41:00+00:00","dateModified":"2026-03-25T15:01:49+00:00","breadcrumb":{"@id":"https:\/\/www.axiomams.eu\/lv\/produktas\/hioki-ss7012-lidzstravas-signala-avots-un-kalibrators#breadcrumb"},"inLanguage":"lv-LV","potentialAction":[{"@type":"ReadAction","target":["https:\/\/www.axiomams.eu\/lv\/produktas\/hioki-ss7012-lidzstravas-signala-avots-un-kalibrators"]}]},{"@type":"ImageObject","inLanguage":"lv-LV","@id":"https:\/\/www.axiomams.eu\/lv\/produktas\/hioki-ss7012-lidzstravas-signala-avots-un-kalibrators#primaryimage","url":"https:\/\/www.axiomams.eu\/wp-content\/uploads\/2025\/07\/2554-3284.jpg","contentUrl":"https:\/\/www.axiomams.eu\/wp-content\/uploads\/2025\/07\/2554-3284.jpg","width":844,"height":768},{"@type":"BreadcrumbList","@id":"https:\/\/www.axiomams.eu\/lv\/produktas\/hioki-ss7012-lidzstravas-signala-avots-un-kalibrators#breadcrumb","itemListElement":[{"@type":"ListItem","position":1,"name":"Home","item":"https:\/\/www.axiomams.eu\/lv"},{"@type":"ListItem","position":2,"name":"Produkti","item":"https:\/\/www.axiomams.eu\/lv\/produkti"},{"@type":"ListItem","position":3,"name":"HIOKI SS7012 l\u012bdzstr\u0101vas sign\u0101la avots un kalibrators"}]},{"@type":"WebSite","@id":"https:\/\/www.axiomams.eu\/lv#website","url":"https:\/\/www.axiomams.eu\/lv","name":"AXIOMA MS","description":"Terrmovizoriai ir matavimo \u012franga","publisher":{"@id":"https:\/\/www.axiomams.eu\/lv#organization"},"potentialAction":[{"@type":"SearchAction","target":{"@type":"EntryPoint","urlTemplate":"https:\/\/www.axiomams.eu\/lv?s={search_term_string}"},"query-input":{"@type":"PropertyValueSpecification","valueRequired":true,"valueName":"search_term_string"}}],"inLanguage":"lv-LV"},{"@type":"Organization","@id":"https:\/\/www.axiomams.eu\/lv#organization","name":"AXIOMA MS","url":"https:\/\/www.axiomams.eu\/lv","logo":{"@type":"ImageObject","inLanguage":"lv-LV","@id":"https:\/\/www.axiomams.eu\/lv#\/schema\/logo\/image\/","url":"https:\/\/www.axiomams.eu\/wp-content\/uploads\/2025\/06\/axioma-logo-2.png","contentUrl":"https:\/\/www.axiomams.eu\/wp-content\/uploads\/2025\/06\/axioma-logo-2.png","width":1200,"height":1200,"caption":"AXIOMA MS"},"image":{"@id":"https:\/\/www.axiomams.eu\/lv#\/schema\/logo\/image\/"},"sameAs":["https:\/\/www.facebook.com\/AxiomaMS","https:\/\/www.linkedin.com\/company\/axiomams\/"]}]}},"_links":{"self":[{"href":"https:\/\/www.axiomams.eu\/lv\/wp-json\/wp\/v2\/product\/39374","targetHints":{"allow":["GET"]}}],"collection":[{"href":"https:\/\/www.axiomams.eu\/lv\/wp-json\/wp\/v2\/product"}],"about":[{"href":"https:\/\/www.axiomams.eu\/lv\/wp-json\/wp\/v2\/types\/product"}],"replies":[{"embeddable":true,"href":"https:\/\/www.axiomams.eu\/lv\/wp-json\/wp\/v2\/comments?post=39374"}],"wp:featuredmedia":[{"embeddable":true,"href":"https:\/\/www.axiomams.eu\/lv\/wp-json\/wp\/v2\/media\/42463"}],"wp:attachment":[{"href":"https:\/\/www.axiomams.eu\/lv\/wp-json\/wp\/v2\/media?parent=39374"}],"wp:term":[{"taxonomy":"product_brand","embeddable":true,"href":"https:\/\/www.axiomams.eu\/lv\/wp-json\/wp\/v2\/product_brand?post=39374"},{"taxonomy":"product_cat","embeddable":true,"href":"https:\/\/www.axiomams.eu\/lv\/wp-json\/wp\/v2\/product_cat?post=39374"},{"taxonomy":"product_tag","embeddable":true,"href":"https:\/\/www.axiomams.eu\/lv\/wp-json\/wp\/v2\/product_tag?post=39374"}],"curies":[{"name":"wp","href":"https:\/\/api.w.org\/{rel}","templated":true}]}}