{"id":39377,"date":"2025-05-15T17:55:38","date_gmt":"2025-05-15T15:55:38","guid":{"rendered":"https:\/\/www.axiomams.eu\/produktas\/flir-sv88-vibracijas-sensors"},"modified":"2026-03-25T17:01:52","modified_gmt":"2026-03-25T15:01:52","slug":"flir-sv88-vibracijas-sensors","status":"publish","type":"product","link":"https:\/\/www.axiomams.eu\/lv\/produktas\/flir-sv88-vibracijas-sensors","title":{"rendered":"Flir SV88 vibr\u0101cijas sensors"},"content":{"rendered":"<p>FLIR SV88 vibr\u0101cijas un temperat\u016bras sensors pal\u012bdz uzraudz\u012bt kritiski svar\u012bgas iek\u0101rtas, nep\u0101rtraukti analiz\u0113jot rot\u0113jo\u0161o iek\u0101rtu vibr\u0101cijas, atkl\u0101jot defektus un br\u012bdinot par iesp\u0113jamiem defektiem un probl\u0113m\u0101m n\u0101kotn\u0113. SV88 ir apr\u012bkots ar vair\u0101kiem sazi\u0146as protokoliem, ir iztur\u012bgs, ar IP66 klasifik\u0101ciju un bezvadu savienojumu, t\u0101p\u0113c tas \u013cauj jums pie\u0146emt svar\u012bgus uz datiem balst\u012btus l\u0113mumus, kas br\u012bdina par iesp\u0113jam\u0101m probl\u0113m\u0101m, lai pal\u012bdz\u0113tu pagarin\u0101t j\u016bsu v\u0113rt\u012bgo akt\u012bvu kalpo\u0161anas laiku.<\/p>\n<h3>Tehnisk\u0101 inform\u0101cija:<\/h3>\n<ul>\n<li><a href=\"https:\/\/axiomams.eu\/importer\/export\/attachments\/en\/flir-sv88.pdf\" target=\"_blank\">FLIR SV88.pdf<\/a><\/li>\n<\/ul>\n","protected":false},"excerpt":{"rendered":"<p>FLIR SV88 vibr\u0101cijas un temperat\u016bras sensors pal\u012bdz uzraudz\u012bt kritiski svar\u012bgas iek\u0101rtas, nep\u0101rtraukti analiz\u0113jot rot\u0113jo\u0161o iek\u0101rtu vibr\u0101cijas, atkl\u0101jot defektus un br\u012bdinot par iesp\u0113jamiem defektiem un probl\u0113m\u0101m n\u0101kotn\u0113. SV88 ir apr\u012bkots ar vair\u0101kiem sazi\u0146as protokoliem, ir iztur\u012bgs, ar IP66 klasifik\u0101ciju un bezvadu savienojumu, t\u0101p\u0113c tas \u013cauj jums pie\u0146emt svar\u012bgus uz datiem balst\u012btus l\u0113mumus, kas br\u012bdina par iesp\u0113jam\u0101m&#8230;<\/p>\n","protected":false},"featured_media":42471,"comment_status":"open","ping_status":"closed","template":"","meta":{"_acf_changed":false},"product_brand":[734],"product_cat":[17776],"product_tag":[],"class_list":{"0":"post-39377","1":"product","2":"type-product","3":"status-publish","4":"has-post-thumbnail","6":"product_brand-flir","7":"product_cat-vibracijas-merijumiem","9":"first","10":"instock","11":"taxable","12":"shipping-taxable","13":"purchasable","14":"product-type-simple"},"acf":[],"yoast_head":"<!-- This site is optimized with the Yoast SEO plugin v27.0 - https:\/\/yoast.com\/product\/yoast-seo-wordpress\/ -->\n<title>Flir SV88 vibr\u0101cijas sensors - AXIOMA MS<\/title>\n<meta name=\"robots\" content=\"index, follow, max-snippet:-1, max-image-preview:large, max-video-preview:-1\" \/>\n<link rel=\"canonical\" href=\"https:\/\/www.axiomams.eu\/lv\/produktas\/flir-sv88-vibracijas-sensors\" \/>\n<meta property=\"og:locale\" content=\"lv_LV\" \/>\n<meta property=\"og:type\" content=\"article\" \/>\n<meta property=\"og:title\" content=\"Flir SV88 vibr\u0101cijas sensors - AXIOMA MS\" \/>\n<meta property=\"og:description\" content=\"FLIR SV88 vibr\u0101cijas un temperat\u016bras sensors pal\u012bdz uzraudz\u012bt kritiski svar\u012bgas iek\u0101rtas, nep\u0101rtraukti analiz\u0113jot rot\u0113jo\u0161o iek\u0101rtu vibr\u0101cijas, atkl\u0101jot defektus un br\u012bdinot par iesp\u0113jamiem defektiem un probl\u0113m\u0101m n\u0101kotn\u0113. SV88 ir apr\u012bkots ar vair\u0101kiem sazi\u0146as protokoliem, ir iztur\u012bgs, ar IP66 klasifik\u0101ciju un bezvadu savienojumu, t\u0101p\u0113c tas \u013cauj jums pie\u0146emt svar\u012bgus uz datiem balst\u012btus l\u0113mumus, kas br\u012bdina par iesp\u0113jam\u0101m...\" \/>\n<meta property=\"og:url\" content=\"https:\/\/www.axiomams.eu\/lv\/produktas\/flir-sv88-vibracijas-sensors\" \/>\n<meta property=\"og:site_name\" content=\"AXIOMA MS\" \/>\n<meta property=\"article:publisher\" content=\"https:\/\/www.facebook.com\/AxiomaMS\" \/>\n<meta property=\"article:modified_time\" content=\"2026-03-25T15:01:52+00:00\" \/>\n<meta property=\"og:image\" content=\"https:\/\/www.axiomams.eu\/wp-content\/uploads\/2025\/07\/3559-4853.jpg\" \/>\n\t<meta property=\"og:image:width\" content=\"600\" \/>\n\t<meta property=\"og:image:height\" content=\"625\" \/>\n\t<meta property=\"og:image:type\" content=\"image\/jpeg\" \/>\n<meta name=\"twitter:card\" content=\"summary_large_image\" \/>\n<meta name=\"twitter:label1\" content=\"Est. reading time\" \/>\n\t<meta name=\"twitter:data1\" content=\"1 minute\" \/>\n<script type=\"application\/ld+json\" class=\"yoast-schema-graph\">{\"@context\":\"https:\/\/schema.org\",\"@graph\":[{\"@type\":\"WebPage\",\"@id\":\"https:\/\/www.axiomams.eu\/lv\/produktas\/flir-sv88-vibracijas-sensors\",\"url\":\"https:\/\/www.axiomams.eu\/lv\/produktas\/flir-sv88-vibracijas-sensors\",\"name\":\"Flir SV88 vibr\u0101cijas sensors - AXIOMA MS\",\"isPartOf\":{\"@id\":\"https:\/\/www.axiomams.eu\/lv#website\"},\"primaryImageOfPage\":{\"@id\":\"https:\/\/www.axiomams.eu\/lv\/produktas\/flir-sv88-vibracijas-sensors#primaryimage\"},\"image\":{\"@id\":\"https:\/\/www.axiomams.eu\/lv\/produktas\/flir-sv88-vibracijas-sensors#primaryimage\"},\"thumbnailUrl\":\"https:\/\/www.axiomams.eu\/wp-content\/uploads\/2025\/07\/3559-4853.jpg\",\"datePublished\":\"2025-05-15T15:55:38+00:00\",\"dateModified\":\"2026-03-25T15:01:52+00:00\",\"breadcrumb\":{\"@id\":\"https:\/\/www.axiomams.eu\/lv\/produktas\/flir-sv88-vibracijas-sensors#breadcrumb\"},\"inLanguage\":\"lv-LV\",\"potentialAction\":[{\"@type\":\"ReadAction\",\"target\":[\"https:\/\/www.axiomams.eu\/lv\/produktas\/flir-sv88-vibracijas-sensors\"]}]},{\"@type\":\"ImageObject\",\"inLanguage\":\"lv-LV\",\"@id\":\"https:\/\/www.axiomams.eu\/lv\/produktas\/flir-sv88-vibracijas-sensors#primaryimage\",\"url\":\"https:\/\/www.axiomams.eu\/wp-content\/uploads\/2025\/07\/3559-4853.jpg\",\"contentUrl\":\"https:\/\/www.axiomams.eu\/wp-content\/uploads\/2025\/07\/3559-4853.jpg\",\"width\":600,\"height\":625},{\"@type\":\"BreadcrumbList\",\"@id\":\"https:\/\/www.axiomams.eu\/lv\/produktas\/flir-sv88-vibracijas-sensors#breadcrumb\",\"itemListElement\":[{\"@type\":\"ListItem\",\"position\":1,\"name\":\"Home\",\"item\":\"https:\/\/www.axiomams.eu\/lv\"},{\"@type\":\"ListItem\",\"position\":2,\"name\":\"Produkti\",\"item\":\"https:\/\/www.axiomams.eu\/lv\/produkti\"},{\"@type\":\"ListItem\",\"position\":3,\"name\":\"Flir SV88 vibr\u0101cijas sensors\"}]},{\"@type\":\"WebSite\",\"@id\":\"https:\/\/www.axiomams.eu\/lv#website\",\"url\":\"https:\/\/www.axiomams.eu\/lv\",\"name\":\"AXIOMA MS\",\"description\":\"Terrmovizoriai ir matavimo \u012franga\",\"publisher\":{\"@id\":\"https:\/\/www.axiomams.eu\/lv#organization\"},\"potentialAction\":[{\"@type\":\"SearchAction\",\"target\":{\"@type\":\"EntryPoint\",\"urlTemplate\":\"https:\/\/www.axiomams.eu\/lv?s={search_term_string}\"},\"query-input\":{\"@type\":\"PropertyValueSpecification\",\"valueRequired\":true,\"valueName\":\"search_term_string\"}}],\"inLanguage\":\"lv-LV\"},{\"@type\":\"Organization\",\"@id\":\"https:\/\/www.axiomams.eu\/lv#organization\",\"name\":\"AXIOMA MS\",\"url\":\"https:\/\/www.axiomams.eu\/lv\",\"logo\":{\"@type\":\"ImageObject\",\"inLanguage\":\"lv-LV\",\"@id\":\"https:\/\/www.axiomams.eu\/lv#\/schema\/logo\/image\/\",\"url\":\"https:\/\/www.axiomams.eu\/wp-content\/uploads\/2025\/06\/axioma-logo-2.png\",\"contentUrl\":\"https:\/\/www.axiomams.eu\/wp-content\/uploads\/2025\/06\/axioma-logo-2.png\",\"width\":1200,\"height\":1200,\"caption\":\"AXIOMA MS\"},\"image\":{\"@id\":\"https:\/\/www.axiomams.eu\/lv#\/schema\/logo\/image\/\"},\"sameAs\":[\"https:\/\/www.facebook.com\/AxiomaMS\",\"https:\/\/www.linkedin.com\/company\/axiomams\/\"]}]}<\/script>\n<!-- \/ Yoast SEO plugin. -->","yoast_head_json":{"title":"Flir SV88 vibr\u0101cijas sensors - AXIOMA MS","robots":{"index":"index","follow":"follow","max-snippet":"max-snippet:-1","max-image-preview":"max-image-preview:large","max-video-preview":"max-video-preview:-1"},"canonical":"https:\/\/www.axiomams.eu\/lv\/produktas\/flir-sv88-vibracijas-sensors","og_locale":"lv_LV","og_type":"article","og_title":"Flir SV88 vibr\u0101cijas sensors - AXIOMA MS","og_description":"FLIR SV88 vibr\u0101cijas un temperat\u016bras sensors pal\u012bdz uzraudz\u012bt kritiski svar\u012bgas iek\u0101rtas, nep\u0101rtraukti analiz\u0113jot rot\u0113jo\u0161o iek\u0101rtu vibr\u0101cijas, atkl\u0101jot defektus un br\u012bdinot par iesp\u0113jamiem defektiem un probl\u0113m\u0101m n\u0101kotn\u0113. SV88 ir apr\u012bkots ar vair\u0101kiem sazi\u0146as protokoliem, ir iztur\u012bgs, ar IP66 klasifik\u0101ciju un bezvadu savienojumu, t\u0101p\u0113c tas \u013cauj jums pie\u0146emt svar\u012bgus uz datiem balst\u012btus l\u0113mumus, kas br\u012bdina par iesp\u0113jam\u0101m...","og_url":"https:\/\/www.axiomams.eu\/lv\/produktas\/flir-sv88-vibracijas-sensors","og_site_name":"AXIOMA MS","article_publisher":"https:\/\/www.facebook.com\/AxiomaMS","article_modified_time":"2026-03-25T15:01:52+00:00","og_image":[{"width":600,"height":625,"url":"https:\/\/www.axiomams.eu\/wp-content\/uploads\/2025\/07\/3559-4853.jpg","type":"image\/jpeg"}],"twitter_card":"summary_large_image","twitter_misc":{"Est. reading time":"1 minute"},"schema":{"@context":"https:\/\/schema.org","@graph":[{"@type":"WebPage","@id":"https:\/\/www.axiomams.eu\/lv\/produktas\/flir-sv88-vibracijas-sensors","url":"https:\/\/www.axiomams.eu\/lv\/produktas\/flir-sv88-vibracijas-sensors","name":"Flir SV88 vibr\u0101cijas sensors - AXIOMA MS","isPartOf":{"@id":"https:\/\/www.axiomams.eu\/lv#website"},"primaryImageOfPage":{"@id":"https:\/\/www.axiomams.eu\/lv\/produktas\/flir-sv88-vibracijas-sensors#primaryimage"},"image":{"@id":"https:\/\/www.axiomams.eu\/lv\/produktas\/flir-sv88-vibracijas-sensors#primaryimage"},"thumbnailUrl":"https:\/\/www.axiomams.eu\/wp-content\/uploads\/2025\/07\/3559-4853.jpg","datePublished":"2025-05-15T15:55:38+00:00","dateModified":"2026-03-25T15:01:52+00:00","breadcrumb":{"@id":"https:\/\/www.axiomams.eu\/lv\/produktas\/flir-sv88-vibracijas-sensors#breadcrumb"},"inLanguage":"lv-LV","potentialAction":[{"@type":"ReadAction","target":["https:\/\/www.axiomams.eu\/lv\/produktas\/flir-sv88-vibracijas-sensors"]}]},{"@type":"ImageObject","inLanguage":"lv-LV","@id":"https:\/\/www.axiomams.eu\/lv\/produktas\/flir-sv88-vibracijas-sensors#primaryimage","url":"https:\/\/www.axiomams.eu\/wp-content\/uploads\/2025\/07\/3559-4853.jpg","contentUrl":"https:\/\/www.axiomams.eu\/wp-content\/uploads\/2025\/07\/3559-4853.jpg","width":600,"height":625},{"@type":"BreadcrumbList","@id":"https:\/\/www.axiomams.eu\/lv\/produktas\/flir-sv88-vibracijas-sensors#breadcrumb","itemListElement":[{"@type":"ListItem","position":1,"name":"Home","item":"https:\/\/www.axiomams.eu\/lv"},{"@type":"ListItem","position":2,"name":"Produkti","item":"https:\/\/www.axiomams.eu\/lv\/produkti"},{"@type":"ListItem","position":3,"name":"Flir SV88 vibr\u0101cijas sensors"}]},{"@type":"WebSite","@id":"https:\/\/www.axiomams.eu\/lv#website","url":"https:\/\/www.axiomams.eu\/lv","name":"AXIOMA MS","description":"Terrmovizoriai ir matavimo \u012franga","publisher":{"@id":"https:\/\/www.axiomams.eu\/lv#organization"},"potentialAction":[{"@type":"SearchAction","target":{"@type":"EntryPoint","urlTemplate":"https:\/\/www.axiomams.eu\/lv?s={search_term_string}"},"query-input":{"@type":"PropertyValueSpecification","valueRequired":true,"valueName":"search_term_string"}}],"inLanguage":"lv-LV"},{"@type":"Organization","@id":"https:\/\/www.axiomams.eu\/lv#organization","name":"AXIOMA MS","url":"https:\/\/www.axiomams.eu\/lv","logo":{"@type":"ImageObject","inLanguage":"lv-LV","@id":"https:\/\/www.axiomams.eu\/lv#\/schema\/logo\/image\/","url":"https:\/\/www.axiomams.eu\/wp-content\/uploads\/2025\/06\/axioma-logo-2.png","contentUrl":"https:\/\/www.axiomams.eu\/wp-content\/uploads\/2025\/06\/axioma-logo-2.png","width":1200,"height":1200,"caption":"AXIOMA MS"},"image":{"@id":"https:\/\/www.axiomams.eu\/lv#\/schema\/logo\/image\/"},"sameAs":["https:\/\/www.facebook.com\/AxiomaMS","https:\/\/www.linkedin.com\/company\/axiomams\/"]}]}},"_links":{"self":[{"href":"https:\/\/www.axiomams.eu\/lv\/wp-json\/wp\/v2\/product\/39377","targetHints":{"allow":["GET"]}}],"collection":[{"href":"https:\/\/www.axiomams.eu\/lv\/wp-json\/wp\/v2\/product"}],"about":[{"href":"https:\/\/www.axiomams.eu\/lv\/wp-json\/wp\/v2\/types\/product"}],"replies":[{"embeddable":true,"href":"https:\/\/www.axiomams.eu\/lv\/wp-json\/wp\/v2\/comments?post=39377"}],"wp:featuredmedia":[{"embeddable":true,"href":"https:\/\/www.axiomams.eu\/lv\/wp-json\/wp\/v2\/media\/42471"}],"wp:attachment":[{"href":"https:\/\/www.axiomams.eu\/lv\/wp-json\/wp\/v2\/media?parent=39377"}],"wp:term":[{"taxonomy":"product_brand","embeddable":true,"href":"https:\/\/www.axiomams.eu\/lv\/wp-json\/wp\/v2\/product_brand?post=39377"},{"taxonomy":"product_cat","embeddable":true,"href":"https:\/\/www.axiomams.eu\/lv\/wp-json\/wp\/v2\/product_cat?post=39377"},{"taxonomy":"product_tag","embeddable":true,"href":"https:\/\/www.axiomams.eu\/lv\/wp-json\/wp\/v2\/product_tag?post=39377"}],"curies":[{"name":"wp","href":"https:\/\/api.w.org\/{rel}","templated":true}]}}