{"id":39378,"date":"2025-05-15T18:07:40","date_gmt":"2025-05-15T16:07:40","guid":{"rendered":"https:\/\/www.axiomams.eu\/produktas\/svantek-svan-958a"},"modified":"2026-03-25T17:01:52","modified_gmt":"2026-03-25T15:01:52","slug":"svantek-svan-958a","status":"publish","type":"product","link":"https:\/\/www.axiomams.eu\/lv\/produktas\/svantek-svan-958a","title":{"rendered":"Svantek SVAN 958A"},"content":{"rendered":"<p>Svantek SVAN 958A ir unik\u0101ls \u010detru kan\u0101lu instruments, kas pied\u0101v\u0101 20 kHz joslas ska\u0146as un vibr\u0101cijas anal\u012bzi. Tas ir ide\u0101la izv\u0113le visiem lietojumiem, kur nepiecie\u0161ami vienlaic\u012bgi 1. klases trok\u0161\u0146a m\u0113r\u012bjumi un tr\u012bsasu vibr\u0101cijas nov\u0113rt\u0113\u0161ana.<\/p>\n<p>Standarta komplekts: instruments, I\/O kabelis, USB kabelis, integr\u0113tais savienot\u0101js (no TNC uz BNC), programmat\u016bra, lietot\u0101ja rokasgr\u0101mata.<\/p>\n<h3>Tehnisk\u0101 inform\u0101cija:<\/h3>\n<ul>\n<li><a href=\"https:\/\/axiomams.eu\/importer\/export\/attachments\/en\/svan958a_datasheet_en.pdf\" target=\"_blank\">SVAN958A_datasheet_EN.pdf<\/a><\/li>\n<\/ul>\n","protected":false},"excerpt":{"rendered":"<p>Svantek SVAN 958A ir unik\u0101ls \u010detru kan\u0101lu instruments, kas pied\u0101v\u0101 20 kHz joslas ska\u0146as un vibr\u0101cijas anal\u012bzi. Tas ir ide\u0101la izv\u0113le visiem lietojumiem, kur nepiecie\u0161ami vienlaic\u012bgi 1. klases trok\u0161\u0146a m\u0113r\u012bjumi un tr\u012bsasu vibr\u0101cijas nov\u0113rt\u0113\u0161ana. Standarta komplekts: instruments, I\/O kabelis, USB kabelis, integr\u0113tais savienot\u0101js (no TNC uz BNC), programmat\u016bra, lietot\u0101ja rokasgr\u0101mata. Tehnisk\u0101 inform\u0101cija: SVAN958A_datasheet_EN.pdf<\/p>\n","protected":false},"featured_media":42473,"comment_status":"open","ping_status":"closed","template":"","meta":{"_acf_changed":false},"product_brand":[],"product_cat":[17722],"product_tag":[],"class_list":{"0":"post-39378","1":"product","2":"type-product","3":"status-publish","4":"has-post-thumbnail","6":"product_cat-apgaismojuma-troksna-gaisa-plusmas-merisanai","8":"first","9":"instock","10":"taxable","11":"shipping-taxable","12":"product-type-simple"},"acf":[],"yoast_head":"<!-- This site is optimized with the Yoast SEO plugin v27.0 - https:\/\/yoast.com\/product\/yoast-seo-wordpress\/ -->\n<title>Svantek SVAN 958A - AXIOMA MS<\/title>\n<meta name=\"robots\" content=\"index, follow, max-snippet:-1, max-image-preview:large, max-video-preview:-1\" \/>\n<link rel=\"canonical\" href=\"https:\/\/www.axiomams.eu\/lv\/produktas\/svantek-svan-958a\" \/>\n<meta property=\"og:locale\" content=\"lv_LV\" \/>\n<meta property=\"og:type\" content=\"article\" \/>\n<meta property=\"og:title\" content=\"Svantek SVAN 958A - AXIOMA MS\" \/>\n<meta property=\"og:description\" content=\"Svantek SVAN 958A ir unik\u0101ls \u010detru kan\u0101lu instruments, kas pied\u0101v\u0101 20 kHz joslas ska\u0146as un vibr\u0101cijas anal\u012bzi. Tas ir ide\u0101la izv\u0113le visiem lietojumiem, kur nepiecie\u0161ami vienlaic\u012bgi 1. klases trok\u0161\u0146a m\u0113r\u012bjumi un tr\u012bsasu vibr\u0101cijas nov\u0113rt\u0113\u0161ana. Standarta komplekts: instruments, I\/O kabelis, USB kabelis, integr\u0113tais savienot\u0101js (no TNC uz BNC), programmat\u016bra, lietot\u0101ja rokasgr\u0101mata. Tehnisk\u0101 inform\u0101cija: SVAN958A_datasheet_EN.pdf\" \/>\n<meta property=\"og:url\" content=\"https:\/\/www.axiomams.eu\/lv\/produktas\/svantek-svan-958a\" \/>\n<meta property=\"og:site_name\" content=\"AXIOMA MS\" \/>\n<meta property=\"article:publisher\" content=\"https:\/\/www.facebook.com\/AxiomaMS\" \/>\n<meta property=\"article:modified_time\" content=\"2026-03-25T15:01:52+00:00\" \/>\n<meta property=\"og:image\" content=\"https:\/\/www.axiomams.eu\/wp-content\/uploads\/2025\/07\/120-162.jpg\" \/>\n\t<meta property=\"og:image:width\" content=\"1020\" \/>\n\t<meta property=\"og:image:height\" content=\"1020\" \/>\n\t<meta property=\"og:image:type\" content=\"image\/jpeg\" \/>\n<meta name=\"twitter:card\" content=\"summary_large_image\" \/>\n<script type=\"application\/ld+json\" class=\"yoast-schema-graph\">{\"@context\":\"https:\/\/schema.org\",\"@graph\":[{\"@type\":\"WebPage\",\"@id\":\"https:\/\/www.axiomams.eu\/lv\/produktas\/svantek-svan-958a\",\"url\":\"https:\/\/www.axiomams.eu\/lv\/produktas\/svantek-svan-958a\",\"name\":\"Svantek SVAN 958A - AXIOMA MS\",\"isPartOf\":{\"@id\":\"https:\/\/www.axiomams.eu\/lv#website\"},\"primaryImageOfPage\":{\"@id\":\"https:\/\/www.axiomams.eu\/lv\/produktas\/svantek-svan-958a#primaryimage\"},\"image\":{\"@id\":\"https:\/\/www.axiomams.eu\/lv\/produktas\/svantek-svan-958a#primaryimage\"},\"thumbnailUrl\":\"https:\/\/www.axiomams.eu\/wp-content\/uploads\/2025\/07\/120-162.jpg\",\"datePublished\":\"2025-05-15T16:07:40+00:00\",\"dateModified\":\"2026-03-25T15:01:52+00:00\",\"breadcrumb\":{\"@id\":\"https:\/\/www.axiomams.eu\/lv\/produktas\/svantek-svan-958a#breadcrumb\"},\"inLanguage\":\"lv-LV\",\"potentialAction\":[{\"@type\":\"ReadAction\",\"target\":[\"https:\/\/www.axiomams.eu\/lv\/produktas\/svantek-svan-958a\"]}]},{\"@type\":\"ImageObject\",\"inLanguage\":\"lv-LV\",\"@id\":\"https:\/\/www.axiomams.eu\/lv\/produktas\/svantek-svan-958a#primaryimage\",\"url\":\"https:\/\/www.axiomams.eu\/wp-content\/uploads\/2025\/07\/120-162.jpg\",\"contentUrl\":\"https:\/\/www.axiomams.eu\/wp-content\/uploads\/2025\/07\/120-162.jpg\",\"width\":1020,\"height\":1020},{\"@type\":\"BreadcrumbList\",\"@id\":\"https:\/\/www.axiomams.eu\/lv\/produktas\/svantek-svan-958a#breadcrumb\",\"itemListElement\":[{\"@type\":\"ListItem\",\"position\":1,\"name\":\"Home\",\"item\":\"https:\/\/www.axiomams.eu\/lv\"},{\"@type\":\"ListItem\",\"position\":2,\"name\":\"Produkti\",\"item\":\"https:\/\/www.axiomams.eu\/lv\/produkti\"},{\"@type\":\"ListItem\",\"position\":3,\"name\":\"Svantek SVAN 958A\"}]},{\"@type\":\"WebSite\",\"@id\":\"https:\/\/www.axiomams.eu\/lv#website\",\"url\":\"https:\/\/www.axiomams.eu\/lv\",\"name\":\"AXIOMA MS\",\"description\":\"Terrmovizoriai ir matavimo \u012franga\",\"publisher\":{\"@id\":\"https:\/\/www.axiomams.eu\/lv#organization\"},\"potentialAction\":[{\"@type\":\"SearchAction\",\"target\":{\"@type\":\"EntryPoint\",\"urlTemplate\":\"https:\/\/www.axiomams.eu\/lv?s={search_term_string}\"},\"query-input\":{\"@type\":\"PropertyValueSpecification\",\"valueRequired\":true,\"valueName\":\"search_term_string\"}}],\"inLanguage\":\"lv-LV\"},{\"@type\":\"Organization\",\"@id\":\"https:\/\/www.axiomams.eu\/lv#organization\",\"name\":\"AXIOMA MS\",\"url\":\"https:\/\/www.axiomams.eu\/lv\",\"logo\":{\"@type\":\"ImageObject\",\"inLanguage\":\"lv-LV\",\"@id\":\"https:\/\/www.axiomams.eu\/lv#\/schema\/logo\/image\/\",\"url\":\"https:\/\/www.axiomams.eu\/wp-content\/uploads\/2025\/06\/axioma-logo-2.png\",\"contentUrl\":\"https:\/\/www.axiomams.eu\/wp-content\/uploads\/2025\/06\/axioma-logo-2.png\",\"width\":1200,\"height\":1200,\"caption\":\"AXIOMA MS\"},\"image\":{\"@id\":\"https:\/\/www.axiomams.eu\/lv#\/schema\/logo\/image\/\"},\"sameAs\":[\"https:\/\/www.facebook.com\/AxiomaMS\",\"https:\/\/www.linkedin.com\/company\/axiomams\/\"]}]}<\/script>\n<!-- \/ Yoast SEO plugin. -->","yoast_head_json":{"title":"Svantek SVAN 958A - AXIOMA MS","robots":{"index":"index","follow":"follow","max-snippet":"max-snippet:-1","max-image-preview":"max-image-preview:large","max-video-preview":"max-video-preview:-1"},"canonical":"https:\/\/www.axiomams.eu\/lv\/produktas\/svantek-svan-958a","og_locale":"lv_LV","og_type":"article","og_title":"Svantek SVAN 958A - AXIOMA MS","og_description":"Svantek SVAN 958A ir unik\u0101ls \u010detru kan\u0101lu instruments, kas pied\u0101v\u0101 20 kHz joslas ska\u0146as un vibr\u0101cijas anal\u012bzi. Tas ir ide\u0101la izv\u0113le visiem lietojumiem, kur nepiecie\u0161ami vienlaic\u012bgi 1. klases trok\u0161\u0146a m\u0113r\u012bjumi un tr\u012bsasu vibr\u0101cijas nov\u0113rt\u0113\u0161ana. Standarta komplekts: instruments, I\/O kabelis, USB kabelis, integr\u0113tais savienot\u0101js (no TNC uz BNC), programmat\u016bra, lietot\u0101ja rokasgr\u0101mata. Tehnisk\u0101 inform\u0101cija: SVAN958A_datasheet_EN.pdf","og_url":"https:\/\/www.axiomams.eu\/lv\/produktas\/svantek-svan-958a","og_site_name":"AXIOMA MS","article_publisher":"https:\/\/www.facebook.com\/AxiomaMS","article_modified_time":"2026-03-25T15:01:52+00:00","og_image":[{"width":1020,"height":1020,"url":"https:\/\/www.axiomams.eu\/wp-content\/uploads\/2025\/07\/120-162.jpg","type":"image\/jpeg"}],"twitter_card":"summary_large_image","schema":{"@context":"https:\/\/schema.org","@graph":[{"@type":"WebPage","@id":"https:\/\/www.axiomams.eu\/lv\/produktas\/svantek-svan-958a","url":"https:\/\/www.axiomams.eu\/lv\/produktas\/svantek-svan-958a","name":"Svantek SVAN 958A - AXIOMA MS","isPartOf":{"@id":"https:\/\/www.axiomams.eu\/lv#website"},"primaryImageOfPage":{"@id":"https:\/\/www.axiomams.eu\/lv\/produktas\/svantek-svan-958a#primaryimage"},"image":{"@id":"https:\/\/www.axiomams.eu\/lv\/produktas\/svantek-svan-958a#primaryimage"},"thumbnailUrl":"https:\/\/www.axiomams.eu\/wp-content\/uploads\/2025\/07\/120-162.jpg","datePublished":"2025-05-15T16:07:40+00:00","dateModified":"2026-03-25T15:01:52+00:00","breadcrumb":{"@id":"https:\/\/www.axiomams.eu\/lv\/produktas\/svantek-svan-958a#breadcrumb"},"inLanguage":"lv-LV","potentialAction":[{"@type":"ReadAction","target":["https:\/\/www.axiomams.eu\/lv\/produktas\/svantek-svan-958a"]}]},{"@type":"ImageObject","inLanguage":"lv-LV","@id":"https:\/\/www.axiomams.eu\/lv\/produktas\/svantek-svan-958a#primaryimage","url":"https:\/\/www.axiomams.eu\/wp-content\/uploads\/2025\/07\/120-162.jpg","contentUrl":"https:\/\/www.axiomams.eu\/wp-content\/uploads\/2025\/07\/120-162.jpg","width":1020,"height":1020},{"@type":"BreadcrumbList","@id":"https:\/\/www.axiomams.eu\/lv\/produktas\/svantek-svan-958a#breadcrumb","itemListElement":[{"@type":"ListItem","position":1,"name":"Home","item":"https:\/\/www.axiomams.eu\/lv"},{"@type":"ListItem","position":2,"name":"Produkti","item":"https:\/\/www.axiomams.eu\/lv\/produkti"},{"@type":"ListItem","position":3,"name":"Svantek SVAN 958A"}]},{"@type":"WebSite","@id":"https:\/\/www.axiomams.eu\/lv#website","url":"https:\/\/www.axiomams.eu\/lv","name":"AXIOMA MS","description":"Terrmovizoriai ir matavimo \u012franga","publisher":{"@id":"https:\/\/www.axiomams.eu\/lv#organization"},"potentialAction":[{"@type":"SearchAction","target":{"@type":"EntryPoint","urlTemplate":"https:\/\/www.axiomams.eu\/lv?s={search_term_string}"},"query-input":{"@type":"PropertyValueSpecification","valueRequired":true,"valueName":"search_term_string"}}],"inLanguage":"lv-LV"},{"@type":"Organization","@id":"https:\/\/www.axiomams.eu\/lv#organization","name":"AXIOMA MS","url":"https:\/\/www.axiomams.eu\/lv","logo":{"@type":"ImageObject","inLanguage":"lv-LV","@id":"https:\/\/www.axiomams.eu\/lv#\/schema\/logo\/image\/","url":"https:\/\/www.axiomams.eu\/wp-content\/uploads\/2025\/06\/axioma-logo-2.png","contentUrl":"https:\/\/www.axiomams.eu\/wp-content\/uploads\/2025\/06\/axioma-logo-2.png","width":1200,"height":1200,"caption":"AXIOMA MS"},"image":{"@id":"https:\/\/www.axiomams.eu\/lv#\/schema\/logo\/image\/"},"sameAs":["https:\/\/www.facebook.com\/AxiomaMS","https:\/\/www.linkedin.com\/company\/axiomams\/"]}]}},"_links":{"self":[{"href":"https:\/\/www.axiomams.eu\/lv\/wp-json\/wp\/v2\/product\/39378","targetHints":{"allow":["GET"]}}],"collection":[{"href":"https:\/\/www.axiomams.eu\/lv\/wp-json\/wp\/v2\/product"}],"about":[{"href":"https:\/\/www.axiomams.eu\/lv\/wp-json\/wp\/v2\/types\/product"}],"replies":[{"embeddable":true,"href":"https:\/\/www.axiomams.eu\/lv\/wp-json\/wp\/v2\/comments?post=39378"}],"wp:featuredmedia":[{"embeddable":true,"href":"https:\/\/www.axiomams.eu\/lv\/wp-json\/wp\/v2\/media\/42473"}],"wp:attachment":[{"href":"https:\/\/www.axiomams.eu\/lv\/wp-json\/wp\/v2\/media?parent=39378"}],"wp:term":[{"taxonomy":"product_brand","embeddable":true,"href":"https:\/\/www.axiomams.eu\/lv\/wp-json\/wp\/v2\/product_brand?post=39378"},{"taxonomy":"product_cat","embeddable":true,"href":"https:\/\/www.axiomams.eu\/lv\/wp-json\/wp\/v2\/product_cat?post=39378"},{"taxonomy":"product_tag","embeddable":true,"href":"https:\/\/www.axiomams.eu\/lv\/wp-json\/wp\/v2\/product_tag?post=39378"}],"curies":[{"name":"wp","href":"https:\/\/api.w.org\/{rel}","templated":true}]}}