{"id":39379,"date":"2025-05-15T18:07:41","date_gmt":"2025-05-15T16:07:41","guid":{"rendered":"https:\/\/www.axiomams.eu\/produktas\/megger-sverker-650-releju-testu-komplekts"},"modified":"2026-03-25T17:01:52","modified_gmt":"2026-03-25T15:01:52","slug":"megger-sverker-650-releju-testu-komplekts","status":"publish","type":"product","link":"https:\/\/www.axiomams.eu\/lv\/produktas\/megger-sverker-650-releju-testu-komplekts","title":{"rendered":"Megger SVERKER 650 releju testu komplekts"},"content":{"rendered":"<p>Sverker 650 test\u0113\u0161anas ier\u012bcei, kuras konstrukcij\u0101 izmantotas priek\u0161roc\u012bbas, kas g\u016btas, pateicoties daudzu gadu pieredzei releju test\u0113\u0161an\u0101, ir labi nopeln\u012bta uzticam\u012bbas un \u0113rt\u012bbas reput\u0101cija.Kompakta un jaud\u012bga, t\u0101 nodro\u0161ina visas funkcijas, kas nepiecie\u0161amas gandr\u012bz visu tirg\u016b pieejamo vienf\u0101zes aizsardz\u012bbas veidu sekund\u0101raj\u0101m p\u0101rbaud\u0113m.<\/p>\n<p>Standarta komplekts: instruments, testa vadu komplekts GA &#8211; 00030, transport\u0113\u0161anas k\u0101rba GD &#8211; 00010, lietot\u0101ja rokasgr\u0101mata.<\/p>\n<h3>Tehnisk\u0101 inform\u0101cija:<\/h3>\n<ul>\n<li><a href=\"https:\/\/axiomams.eu\/importer\/export\/attachments\/en\/megger-sverker-650.pdf\" target=\"_blank\">Megger SVERKER 650.pdf<\/a><\/li>\n<\/ul>\n","protected":false},"excerpt":{"rendered":"<p>Sverker 650 test\u0113\u0161anas ier\u012bcei, kuras konstrukcij\u0101 izmantotas priek\u0161roc\u012bbas, kas g\u016btas, pateicoties daudzu gadu pieredzei releju test\u0113\u0161an\u0101, ir labi nopeln\u012bta uzticam\u012bbas un \u0113rt\u012bbas reput\u0101cija.Kompakta un jaud\u012bga, t\u0101 nodro\u0161ina visas funkcijas, kas nepiecie\u0161amas gandr\u012bz visu tirg\u016b pieejamo vienf\u0101zes aizsardz\u012bbas veidu sekund\u0101raj\u0101m p\u0101rbaud\u0113m. Standarta komplekts: instruments, testa vadu komplekts GA &#8211; 00030, transport\u0113\u0161anas k\u0101rba GD &#8211; 00010, lietot\u0101ja&#8230;<\/p>\n","protected":false},"featured_media":42475,"comment_status":"open","ping_status":"closed","template":"","meta":{"_acf_changed":false},"product_brand":[1726],"product_cat":[17713],"product_tag":[],"class_list":{"0":"post-39379","1":"product","2":"type-product","3":"status-publish","4":"has-post-thumbnail","6":"product_brand-megger","7":"product_cat-elektroiekartu-testesanai-un-parbaudei","9":"first","10":"instock","11":"taxable","12":"shipping-taxable","13":"product-type-simple"},"acf":[],"yoast_head":"<!-- This site is optimized with the Yoast SEO plugin v27.0 - https:\/\/yoast.com\/product\/yoast-seo-wordpress\/ -->\n<title>Megger SVERKER 650 releju testu komplekts - AXIOMA MS<\/title>\n<meta name=\"robots\" content=\"index, follow, max-snippet:-1, max-image-preview:large, max-video-preview:-1\" \/>\n<link rel=\"canonical\" href=\"https:\/\/www.axiomams.eu\/lv\/produktas\/megger-sverker-650-releju-testu-komplekts\" \/>\n<meta property=\"og:locale\" content=\"lv_LV\" \/>\n<meta property=\"og:type\" content=\"article\" \/>\n<meta property=\"og:title\" content=\"Megger SVERKER 650 releju testu komplekts - AXIOMA MS\" \/>\n<meta property=\"og:description\" content=\"Sverker 650 test\u0113\u0161anas ier\u012bcei, kuras konstrukcij\u0101 izmantotas priek\u0161roc\u012bbas, kas g\u016btas, pateicoties daudzu gadu pieredzei releju test\u0113\u0161an\u0101, ir labi nopeln\u012bta uzticam\u012bbas un \u0113rt\u012bbas reput\u0101cija.Kompakta un jaud\u012bga, t\u0101 nodro\u0161ina visas funkcijas, kas nepiecie\u0161amas gandr\u012bz visu tirg\u016b pieejamo vienf\u0101zes aizsardz\u012bbas veidu sekund\u0101raj\u0101m p\u0101rbaud\u0113m. Standarta komplekts: instruments, testa vadu komplekts GA &#8211; 00030, transport\u0113\u0161anas k\u0101rba GD &#8211; 00010, lietot\u0101ja...\" \/>\n<meta property=\"og:url\" content=\"https:\/\/www.axiomams.eu\/lv\/produktas\/megger-sverker-650-releju-testu-komplekts\" \/>\n<meta property=\"og:site_name\" content=\"AXIOMA MS\" \/>\n<meta property=\"article:publisher\" content=\"https:\/\/www.facebook.com\/AxiomaMS\" \/>\n<meta property=\"article:modified_time\" content=\"2026-03-25T15:01:52+00:00\" \/>\n<meta property=\"og:image\" content=\"https:\/\/www.axiomams.eu\/wp-content\/uploads\/2025\/07\/514-948.jpg\" \/>\n\t<meta property=\"og:image:width\" content=\"340\" \/>\n\t<meta property=\"og:image:height\" content=\"346\" \/>\n\t<meta property=\"og:image:type\" content=\"image\/jpeg\" \/>\n<meta name=\"twitter:card\" content=\"summary_large_image\" \/>\n<script type=\"application\/ld+json\" class=\"yoast-schema-graph\">{\"@context\":\"https:\/\/schema.org\",\"@graph\":[{\"@type\":\"WebPage\",\"@id\":\"https:\/\/www.axiomams.eu\/lv\/produktas\/megger-sverker-650-releju-testu-komplekts\",\"url\":\"https:\/\/www.axiomams.eu\/lv\/produktas\/megger-sverker-650-releju-testu-komplekts\",\"name\":\"Megger SVERKER 650 releju testu komplekts - AXIOMA MS\",\"isPartOf\":{\"@id\":\"https:\/\/www.axiomams.eu\/lv#website\"},\"primaryImageOfPage\":{\"@id\":\"https:\/\/www.axiomams.eu\/lv\/produktas\/megger-sverker-650-releju-testu-komplekts#primaryimage\"},\"image\":{\"@id\":\"https:\/\/www.axiomams.eu\/lv\/produktas\/megger-sverker-650-releju-testu-komplekts#primaryimage\"},\"thumbnailUrl\":\"https:\/\/www.axiomams.eu\/wp-content\/uploads\/2025\/07\/514-948.jpg\",\"datePublished\":\"2025-05-15T16:07:41+00:00\",\"dateModified\":\"2026-03-25T15:01:52+00:00\",\"breadcrumb\":{\"@id\":\"https:\/\/www.axiomams.eu\/lv\/produktas\/megger-sverker-650-releju-testu-komplekts#breadcrumb\"},\"inLanguage\":\"lv-LV\",\"potentialAction\":[{\"@type\":\"ReadAction\",\"target\":[\"https:\/\/www.axiomams.eu\/lv\/produktas\/megger-sverker-650-releju-testu-komplekts\"]}]},{\"@type\":\"ImageObject\",\"inLanguage\":\"lv-LV\",\"@id\":\"https:\/\/www.axiomams.eu\/lv\/produktas\/megger-sverker-650-releju-testu-komplekts#primaryimage\",\"url\":\"https:\/\/www.axiomams.eu\/wp-content\/uploads\/2025\/07\/514-948.jpg\",\"contentUrl\":\"https:\/\/www.axiomams.eu\/wp-content\/uploads\/2025\/07\/514-948.jpg\",\"width\":340,\"height\":346},{\"@type\":\"BreadcrumbList\",\"@id\":\"https:\/\/www.axiomams.eu\/lv\/produktas\/megger-sverker-650-releju-testu-komplekts#breadcrumb\",\"itemListElement\":[{\"@type\":\"ListItem\",\"position\":1,\"name\":\"Home\",\"item\":\"https:\/\/www.axiomams.eu\/lv\"},{\"@type\":\"ListItem\",\"position\":2,\"name\":\"Produkti\",\"item\":\"https:\/\/www.axiomams.eu\/lv\/produkti\"},{\"@type\":\"ListItem\",\"position\":3,\"name\":\"Megger SVERKER 650 releju testu komplekts\"}]},{\"@type\":\"WebSite\",\"@id\":\"https:\/\/www.axiomams.eu\/lv#website\",\"url\":\"https:\/\/www.axiomams.eu\/lv\",\"name\":\"AXIOMA MS\",\"description\":\"Terrmovizoriai ir matavimo \u012franga\",\"publisher\":{\"@id\":\"https:\/\/www.axiomams.eu\/lv#organization\"},\"potentialAction\":[{\"@type\":\"SearchAction\",\"target\":{\"@type\":\"EntryPoint\",\"urlTemplate\":\"https:\/\/www.axiomams.eu\/lv?s={search_term_string}\"},\"query-input\":{\"@type\":\"PropertyValueSpecification\",\"valueRequired\":true,\"valueName\":\"search_term_string\"}}],\"inLanguage\":\"lv-LV\"},{\"@type\":\"Organization\",\"@id\":\"https:\/\/www.axiomams.eu\/lv#organization\",\"name\":\"AXIOMA MS\",\"url\":\"https:\/\/www.axiomams.eu\/lv\",\"logo\":{\"@type\":\"ImageObject\",\"inLanguage\":\"lv-LV\",\"@id\":\"https:\/\/www.axiomams.eu\/lv#\/schema\/logo\/image\/\",\"url\":\"https:\/\/www.axiomams.eu\/wp-content\/uploads\/2025\/06\/axioma-logo-2.png\",\"contentUrl\":\"https:\/\/www.axiomams.eu\/wp-content\/uploads\/2025\/06\/axioma-logo-2.png\",\"width\":1200,\"height\":1200,\"caption\":\"AXIOMA MS\"},\"image\":{\"@id\":\"https:\/\/www.axiomams.eu\/lv#\/schema\/logo\/image\/\"},\"sameAs\":[\"https:\/\/www.facebook.com\/AxiomaMS\",\"https:\/\/www.linkedin.com\/company\/axiomams\/\"]}]}<\/script>\n<!-- \/ Yoast SEO plugin. -->","yoast_head_json":{"title":"Megger SVERKER 650 releju testu komplekts - AXIOMA MS","robots":{"index":"index","follow":"follow","max-snippet":"max-snippet:-1","max-image-preview":"max-image-preview:large","max-video-preview":"max-video-preview:-1"},"canonical":"https:\/\/www.axiomams.eu\/lv\/produktas\/megger-sverker-650-releju-testu-komplekts","og_locale":"lv_LV","og_type":"article","og_title":"Megger SVERKER 650 releju testu komplekts - AXIOMA MS","og_description":"Sverker 650 test\u0113\u0161anas ier\u012bcei, kuras konstrukcij\u0101 izmantotas priek\u0161roc\u012bbas, kas g\u016btas, pateicoties daudzu gadu pieredzei releju test\u0113\u0161an\u0101, ir labi nopeln\u012bta uzticam\u012bbas un \u0113rt\u012bbas reput\u0101cija.Kompakta un jaud\u012bga, t\u0101 nodro\u0161ina visas funkcijas, kas nepiecie\u0161amas gandr\u012bz visu tirg\u016b pieejamo vienf\u0101zes aizsardz\u012bbas veidu sekund\u0101raj\u0101m p\u0101rbaud\u0113m. Standarta komplekts: instruments, testa vadu komplekts GA &#8211; 00030, transport\u0113\u0161anas k\u0101rba GD &#8211; 00010, lietot\u0101ja...","og_url":"https:\/\/www.axiomams.eu\/lv\/produktas\/megger-sverker-650-releju-testu-komplekts","og_site_name":"AXIOMA MS","article_publisher":"https:\/\/www.facebook.com\/AxiomaMS","article_modified_time":"2026-03-25T15:01:52+00:00","og_image":[{"width":340,"height":346,"url":"https:\/\/www.axiomams.eu\/wp-content\/uploads\/2025\/07\/514-948.jpg","type":"image\/jpeg"}],"twitter_card":"summary_large_image","schema":{"@context":"https:\/\/schema.org","@graph":[{"@type":"WebPage","@id":"https:\/\/www.axiomams.eu\/lv\/produktas\/megger-sverker-650-releju-testu-komplekts","url":"https:\/\/www.axiomams.eu\/lv\/produktas\/megger-sverker-650-releju-testu-komplekts","name":"Megger SVERKER 650 releju testu komplekts - AXIOMA MS","isPartOf":{"@id":"https:\/\/www.axiomams.eu\/lv#website"},"primaryImageOfPage":{"@id":"https:\/\/www.axiomams.eu\/lv\/produktas\/megger-sverker-650-releju-testu-komplekts#primaryimage"},"image":{"@id":"https:\/\/www.axiomams.eu\/lv\/produktas\/megger-sverker-650-releju-testu-komplekts#primaryimage"},"thumbnailUrl":"https:\/\/www.axiomams.eu\/wp-content\/uploads\/2025\/07\/514-948.jpg","datePublished":"2025-05-15T16:07:41+00:00","dateModified":"2026-03-25T15:01:52+00:00","breadcrumb":{"@id":"https:\/\/www.axiomams.eu\/lv\/produktas\/megger-sverker-650-releju-testu-komplekts#breadcrumb"},"inLanguage":"lv-LV","potentialAction":[{"@type":"ReadAction","target":["https:\/\/www.axiomams.eu\/lv\/produktas\/megger-sverker-650-releju-testu-komplekts"]}]},{"@type":"ImageObject","inLanguage":"lv-LV","@id":"https:\/\/www.axiomams.eu\/lv\/produktas\/megger-sverker-650-releju-testu-komplekts#primaryimage","url":"https:\/\/www.axiomams.eu\/wp-content\/uploads\/2025\/07\/514-948.jpg","contentUrl":"https:\/\/www.axiomams.eu\/wp-content\/uploads\/2025\/07\/514-948.jpg","width":340,"height":346},{"@type":"BreadcrumbList","@id":"https:\/\/www.axiomams.eu\/lv\/produktas\/megger-sverker-650-releju-testu-komplekts#breadcrumb","itemListElement":[{"@type":"ListItem","position":1,"name":"Home","item":"https:\/\/www.axiomams.eu\/lv"},{"@type":"ListItem","position":2,"name":"Produkti","item":"https:\/\/www.axiomams.eu\/lv\/produkti"},{"@type":"ListItem","position":3,"name":"Megger SVERKER 650 releju testu komplekts"}]},{"@type":"WebSite","@id":"https:\/\/www.axiomams.eu\/lv#website","url":"https:\/\/www.axiomams.eu\/lv","name":"AXIOMA MS","description":"Terrmovizoriai ir matavimo \u012franga","publisher":{"@id":"https:\/\/www.axiomams.eu\/lv#organization"},"potentialAction":[{"@type":"SearchAction","target":{"@type":"EntryPoint","urlTemplate":"https:\/\/www.axiomams.eu\/lv?s={search_term_string}"},"query-input":{"@type":"PropertyValueSpecification","valueRequired":true,"valueName":"search_term_string"}}],"inLanguage":"lv-LV"},{"@type":"Organization","@id":"https:\/\/www.axiomams.eu\/lv#organization","name":"AXIOMA MS","url":"https:\/\/www.axiomams.eu\/lv","logo":{"@type":"ImageObject","inLanguage":"lv-LV","@id":"https:\/\/www.axiomams.eu\/lv#\/schema\/logo\/image\/","url":"https:\/\/www.axiomams.eu\/wp-content\/uploads\/2025\/06\/axioma-logo-2.png","contentUrl":"https:\/\/www.axiomams.eu\/wp-content\/uploads\/2025\/06\/axioma-logo-2.png","width":1200,"height":1200,"caption":"AXIOMA MS"},"image":{"@id":"https:\/\/www.axiomams.eu\/lv#\/schema\/logo\/image\/"},"sameAs":["https:\/\/www.facebook.com\/AxiomaMS","https:\/\/www.linkedin.com\/company\/axiomams\/"]}]}},"_links":{"self":[{"href":"https:\/\/www.axiomams.eu\/lv\/wp-json\/wp\/v2\/product\/39379","targetHints":{"allow":["GET"]}}],"collection":[{"href":"https:\/\/www.axiomams.eu\/lv\/wp-json\/wp\/v2\/product"}],"about":[{"href":"https:\/\/www.axiomams.eu\/lv\/wp-json\/wp\/v2\/types\/product"}],"replies":[{"embeddable":true,"href":"https:\/\/www.axiomams.eu\/lv\/wp-json\/wp\/v2\/comments?post=39379"}],"wp:featuredmedia":[{"embeddable":true,"href":"https:\/\/www.axiomams.eu\/lv\/wp-json\/wp\/v2\/media\/42475"}],"wp:attachment":[{"href":"https:\/\/www.axiomams.eu\/lv\/wp-json\/wp\/v2\/media?parent=39379"}],"wp:term":[{"taxonomy":"product_brand","embeddable":true,"href":"https:\/\/www.axiomams.eu\/lv\/wp-json\/wp\/v2\/product_brand?post=39379"},{"taxonomy":"product_cat","embeddable":true,"href":"https:\/\/www.axiomams.eu\/lv\/wp-json\/wp\/v2\/product_cat?post=39379"},{"taxonomy":"product_tag","embeddable":true,"href":"https:\/\/www.axiomams.eu\/lv\/wp-json\/wp\/v2\/product_tag?post=39379"}],"curies":[{"name":"wp","href":"https:\/\/api.w.org\/{rel}","templated":true}]}}