{"id":39382,"date":"2025-05-15T18:07:42","date_gmt":"2025-05-15T16:07:42","guid":{"rendered":"https:\/\/www.axiomams.eu\/produktas\/megger-sverker-900-releju-testu-komplekts"},"modified":"2026-03-25T17:01:52","modified_gmt":"2026-03-25T15:01:52","slug":"megger-sverker-900-releju-testu-komplekts","status":"publish","type":"product","link":"https:\/\/www.axiomams.eu\/lv\/produktas\/megger-sverker-900-releju-testu-komplekts","title":{"rendered":"Megger SVERKER 900 releju testu komplekts"},"content":{"rendered":"<p>SVERKER900 releju un apak\u0161staciju test\u0113\u0161anas sist\u0113ma SVERKER900 ir in\u017eeniera piln\u012bgs instrumentu komplekts, kas apmierina pieaugo\u0161o vajadz\u012bbu p\u0113c tr\u012bsf\u0101zu test\u0113\u0161anas iesp\u0113j\u0101m elektr\u012bbas sadales apak\u0161stacij\u0101s, atjaunojam\u0101s ener\u0123ijas ra\u017eo\u0161anas stacij\u0101s un r\u016bpnieciskos lietojumos. Intuit\u012bv\u0101 lietot\u0101ja saskarne ir att\u0113lota LCD sk\u0101rienekr\u0101n\u0101. Tai ir jaud\u012bga str\u0101vas un sprieguma avotu kombin\u0101cija un daudzpus\u012bgas m\u0113r\u012b\u0161anas iesp\u0113jas. Instruments ir r\u012bks: Aizsardz\u012bbas releji (elektromeh\u0101niskie releji, statiskie releji, ciparu releji), str\u0101vas transformatoru ierosmes l\u012bk\u0146u att\u0113lo\u0161ana, str\u0101vas un sprieguma transformatoru attiec\u012bbu testi, CT \u0137\u0113\u017eu slodzes m\u0113r\u012bjumi, polarit\u0101tes (virziena) testi, prim\u0101r\u0101 iesmidzin\u0101\u0161ana sadales iek\u0101rt\u0101s (vienf\u0101zes un tr\u012bsf\u0101\u017eu), SCADA pazi\u0146ojuma un m\u0113r\u012bjumu v\u0113rt\u012bbas p\u0101rbaude, elektroinstal\u0101cijas p\u0101rbaude.<\/p>\n<p>Standarta komplekts: galvenie instrumenti, CT magnetiz\u0101cijas m\u0113rinstruments, iepriek\u0161\u0113jas k\u013c\u016bmes m\u0113rinstruments, rampas m\u0113rinstruments, sekvencera m\u0113rinstruments, testa kabe\u013cu komplekts standarta GA-00030, aizsargkabe\u013ci GA-00200, kabe\u013cu komplekts SVERKER 900 GA-00036, lidojuma futr\u0101lis ar rite\u0146iem GD-00185, rokasgr\u0101mata.<\/p>\n<h3>Tehnisk\u0101 inform\u0101cija:<\/h3>\n<ul>\n<li><a href=\"https:\/\/axiomams.eu\/importer\/export\/attachments\/en\/sverker900_en.pdf\" target=\"_blank\">SVERKER900_en.pdf<\/a><\/li>\n<\/ul>\n","protected":false},"excerpt":{"rendered":"<p>SVERKER900 releju un apak\u0161staciju test\u0113\u0161anas sist\u0113ma SVERKER900 ir in\u017eeniera piln\u012bgs instrumentu komplekts, kas apmierina pieaugo\u0161o vajadz\u012bbu p\u0113c tr\u012bsf\u0101zu test\u0113\u0161anas iesp\u0113j\u0101m elektr\u012bbas sadales apak\u0161stacij\u0101s, atjaunojam\u0101s ener\u0123ijas ra\u017eo\u0161anas stacij\u0101s un r\u016bpnieciskos lietojumos. Intuit\u012bv\u0101 lietot\u0101ja saskarne ir att\u0113lota LCD sk\u0101rienekr\u0101n\u0101. Tai ir jaud\u012bga str\u0101vas un sprieguma avotu kombin\u0101cija un daudzpus\u012bgas m\u0113r\u012b\u0161anas iesp\u0113jas. Instruments ir r\u012bks: Aizsardz\u012bbas releji (elektromeh\u0101niskie&#8230;<\/p>\n","protected":false},"featured_media":42481,"comment_status":"open","ping_status":"closed","template":"","meta":{"_acf_changed":false},"product_brand":[1726],"product_cat":[17713],"product_tag":[],"class_list":{"0":"post-39382","1":"product","2":"type-product","3":"status-publish","4":"has-post-thumbnail","6":"product_brand-megger","7":"product_cat-elektroiekartu-testesanai-un-parbaudei","9":"first","10":"instock","11":"taxable","12":"shipping-taxable","13":"product-type-simple"},"acf":[],"yoast_head":"<!-- This site is optimized with the Yoast SEO plugin v27.0 - https:\/\/yoast.com\/product\/yoast-seo-wordpress\/ -->\n<title>Megger SVERKER 900 releju testu komplekts - AXIOMA MS<\/title>\n<meta name=\"robots\" content=\"index, follow, max-snippet:-1, max-image-preview:large, max-video-preview:-1\" \/>\n<link rel=\"canonical\" href=\"https:\/\/www.axiomams.eu\/lv\/produktas\/megger-sverker-900-releju-testu-komplekts\" \/>\n<meta property=\"og:locale\" content=\"lv_LV\" \/>\n<meta property=\"og:type\" content=\"article\" \/>\n<meta property=\"og:title\" content=\"Megger SVERKER 900 releju testu komplekts - AXIOMA MS\" \/>\n<meta property=\"og:description\" content=\"SVERKER900 releju un apak\u0161staciju test\u0113\u0161anas sist\u0113ma SVERKER900 ir in\u017eeniera piln\u012bgs instrumentu komplekts, kas apmierina pieaugo\u0161o vajadz\u012bbu p\u0113c tr\u012bsf\u0101zu test\u0113\u0161anas iesp\u0113j\u0101m elektr\u012bbas sadales apak\u0161stacij\u0101s, atjaunojam\u0101s ener\u0123ijas ra\u017eo\u0161anas stacij\u0101s un r\u016bpnieciskos lietojumos. Intuit\u012bv\u0101 lietot\u0101ja saskarne ir att\u0113lota LCD sk\u0101rienekr\u0101n\u0101. Tai ir jaud\u012bga str\u0101vas un sprieguma avotu kombin\u0101cija un daudzpus\u012bgas m\u0113r\u012b\u0161anas iesp\u0113jas. Instruments ir r\u012bks: Aizsardz\u012bbas releji (elektromeh\u0101niskie...\" \/>\n<meta property=\"og:url\" content=\"https:\/\/www.axiomams.eu\/lv\/produktas\/megger-sverker-900-releju-testu-komplekts\" \/>\n<meta property=\"og:site_name\" content=\"AXIOMA MS\" \/>\n<meta property=\"article:publisher\" content=\"https:\/\/www.facebook.com\/AxiomaMS\" \/>\n<meta property=\"article:modified_time\" content=\"2026-03-25T15:01:52+00:00\" \/>\n<meta property=\"og:image\" content=\"https:\/\/www.axiomams.eu\/wp-content\/uploads\/2025\/07\/849-998.jpg\" \/>\n\t<meta property=\"og:image:width\" content=\"1032\" \/>\n\t<meta property=\"og:image:height\" content=\"1020\" \/>\n\t<meta property=\"og:image:type\" content=\"image\/jpeg\" \/>\n<meta name=\"twitter:card\" content=\"summary_large_image\" \/>\n<meta name=\"twitter:label1\" content=\"Est. reading time\" \/>\n\t<meta name=\"twitter:data1\" content=\"1 minute\" \/>\n<script type=\"application\/ld+json\" class=\"yoast-schema-graph\">{\"@context\":\"https:\/\/schema.org\",\"@graph\":[{\"@type\":\"WebPage\",\"@id\":\"https:\/\/www.axiomams.eu\/lv\/produktas\/megger-sverker-900-releju-testu-komplekts\",\"url\":\"https:\/\/www.axiomams.eu\/lv\/produktas\/megger-sverker-900-releju-testu-komplekts\",\"name\":\"Megger SVERKER 900 releju testu komplekts - AXIOMA MS\",\"isPartOf\":{\"@id\":\"https:\/\/www.axiomams.eu\/lv#website\"},\"primaryImageOfPage\":{\"@id\":\"https:\/\/www.axiomams.eu\/lv\/produktas\/megger-sverker-900-releju-testu-komplekts#primaryimage\"},\"image\":{\"@id\":\"https:\/\/www.axiomams.eu\/lv\/produktas\/megger-sverker-900-releju-testu-komplekts#primaryimage\"},\"thumbnailUrl\":\"https:\/\/www.axiomams.eu\/wp-content\/uploads\/2025\/07\/849-998.jpg\",\"datePublished\":\"2025-05-15T16:07:42+00:00\",\"dateModified\":\"2026-03-25T15:01:52+00:00\",\"breadcrumb\":{\"@id\":\"https:\/\/www.axiomams.eu\/lv\/produktas\/megger-sverker-900-releju-testu-komplekts#breadcrumb\"},\"inLanguage\":\"lv-LV\",\"potentialAction\":[{\"@type\":\"ReadAction\",\"target\":[\"https:\/\/www.axiomams.eu\/lv\/produktas\/megger-sverker-900-releju-testu-komplekts\"]}]},{\"@type\":\"ImageObject\",\"inLanguage\":\"lv-LV\",\"@id\":\"https:\/\/www.axiomams.eu\/lv\/produktas\/megger-sverker-900-releju-testu-komplekts#primaryimage\",\"url\":\"https:\/\/www.axiomams.eu\/wp-content\/uploads\/2025\/07\/849-998.jpg\",\"contentUrl\":\"https:\/\/www.axiomams.eu\/wp-content\/uploads\/2025\/07\/849-998.jpg\",\"width\":1032,\"height\":1020},{\"@type\":\"BreadcrumbList\",\"@id\":\"https:\/\/www.axiomams.eu\/lv\/produktas\/megger-sverker-900-releju-testu-komplekts#breadcrumb\",\"itemListElement\":[{\"@type\":\"ListItem\",\"position\":1,\"name\":\"Home\",\"item\":\"https:\/\/www.axiomams.eu\/lv\"},{\"@type\":\"ListItem\",\"position\":2,\"name\":\"Produkti\",\"item\":\"https:\/\/www.axiomams.eu\/lv\/produkti\"},{\"@type\":\"ListItem\",\"position\":3,\"name\":\"Megger SVERKER 900 releju testu komplekts\"}]},{\"@type\":\"WebSite\",\"@id\":\"https:\/\/www.axiomams.eu\/lv#website\",\"url\":\"https:\/\/www.axiomams.eu\/lv\",\"name\":\"AXIOMA MS\",\"description\":\"Terrmovizoriai ir matavimo \u012franga\",\"publisher\":{\"@id\":\"https:\/\/www.axiomams.eu\/lv#organization\"},\"potentialAction\":[{\"@type\":\"SearchAction\",\"target\":{\"@type\":\"EntryPoint\",\"urlTemplate\":\"https:\/\/www.axiomams.eu\/lv?s={search_term_string}\"},\"query-input\":{\"@type\":\"PropertyValueSpecification\",\"valueRequired\":true,\"valueName\":\"search_term_string\"}}],\"inLanguage\":\"lv-LV\"},{\"@type\":\"Organization\",\"@id\":\"https:\/\/www.axiomams.eu\/lv#organization\",\"name\":\"AXIOMA MS\",\"url\":\"https:\/\/www.axiomams.eu\/lv\",\"logo\":{\"@type\":\"ImageObject\",\"inLanguage\":\"lv-LV\",\"@id\":\"https:\/\/www.axiomams.eu\/lv#\/schema\/logo\/image\/\",\"url\":\"https:\/\/www.axiomams.eu\/wp-content\/uploads\/2025\/06\/axioma-logo-2.png\",\"contentUrl\":\"https:\/\/www.axiomams.eu\/wp-content\/uploads\/2025\/06\/axioma-logo-2.png\",\"width\":1200,\"height\":1200,\"caption\":\"AXIOMA MS\"},\"image\":{\"@id\":\"https:\/\/www.axiomams.eu\/lv#\/schema\/logo\/image\/\"},\"sameAs\":[\"https:\/\/www.facebook.com\/AxiomaMS\",\"https:\/\/www.linkedin.com\/company\/axiomams\/\"]}]}<\/script>\n<!-- \/ Yoast SEO plugin. -->","yoast_head_json":{"title":"Megger SVERKER 900 releju testu komplekts - AXIOMA MS","robots":{"index":"index","follow":"follow","max-snippet":"max-snippet:-1","max-image-preview":"max-image-preview:large","max-video-preview":"max-video-preview:-1"},"canonical":"https:\/\/www.axiomams.eu\/lv\/produktas\/megger-sverker-900-releju-testu-komplekts","og_locale":"lv_LV","og_type":"article","og_title":"Megger SVERKER 900 releju testu komplekts - AXIOMA MS","og_description":"SVERKER900 releju un apak\u0161staciju test\u0113\u0161anas sist\u0113ma SVERKER900 ir in\u017eeniera piln\u012bgs instrumentu komplekts, kas apmierina pieaugo\u0161o vajadz\u012bbu p\u0113c tr\u012bsf\u0101zu test\u0113\u0161anas iesp\u0113j\u0101m elektr\u012bbas sadales apak\u0161stacij\u0101s, atjaunojam\u0101s ener\u0123ijas ra\u017eo\u0161anas stacij\u0101s un r\u016bpnieciskos lietojumos. Intuit\u012bv\u0101 lietot\u0101ja saskarne ir att\u0113lota LCD sk\u0101rienekr\u0101n\u0101. Tai ir jaud\u012bga str\u0101vas un sprieguma avotu kombin\u0101cija un daudzpus\u012bgas m\u0113r\u012b\u0161anas iesp\u0113jas. Instruments ir r\u012bks: Aizsardz\u012bbas releji (elektromeh\u0101niskie...","og_url":"https:\/\/www.axiomams.eu\/lv\/produktas\/megger-sverker-900-releju-testu-komplekts","og_site_name":"AXIOMA MS","article_publisher":"https:\/\/www.facebook.com\/AxiomaMS","article_modified_time":"2026-03-25T15:01:52+00:00","og_image":[{"width":1032,"height":1020,"url":"https:\/\/www.axiomams.eu\/wp-content\/uploads\/2025\/07\/849-998.jpg","type":"image\/jpeg"}],"twitter_card":"summary_large_image","twitter_misc":{"Est. reading time":"1 minute"},"schema":{"@context":"https:\/\/schema.org","@graph":[{"@type":"WebPage","@id":"https:\/\/www.axiomams.eu\/lv\/produktas\/megger-sverker-900-releju-testu-komplekts","url":"https:\/\/www.axiomams.eu\/lv\/produktas\/megger-sverker-900-releju-testu-komplekts","name":"Megger SVERKER 900 releju testu komplekts - AXIOMA MS","isPartOf":{"@id":"https:\/\/www.axiomams.eu\/lv#website"},"primaryImageOfPage":{"@id":"https:\/\/www.axiomams.eu\/lv\/produktas\/megger-sverker-900-releju-testu-komplekts#primaryimage"},"image":{"@id":"https:\/\/www.axiomams.eu\/lv\/produktas\/megger-sverker-900-releju-testu-komplekts#primaryimage"},"thumbnailUrl":"https:\/\/www.axiomams.eu\/wp-content\/uploads\/2025\/07\/849-998.jpg","datePublished":"2025-05-15T16:07:42+00:00","dateModified":"2026-03-25T15:01:52+00:00","breadcrumb":{"@id":"https:\/\/www.axiomams.eu\/lv\/produktas\/megger-sverker-900-releju-testu-komplekts#breadcrumb"},"inLanguage":"lv-LV","potentialAction":[{"@type":"ReadAction","target":["https:\/\/www.axiomams.eu\/lv\/produktas\/megger-sverker-900-releju-testu-komplekts"]}]},{"@type":"ImageObject","inLanguage":"lv-LV","@id":"https:\/\/www.axiomams.eu\/lv\/produktas\/megger-sverker-900-releju-testu-komplekts#primaryimage","url":"https:\/\/www.axiomams.eu\/wp-content\/uploads\/2025\/07\/849-998.jpg","contentUrl":"https:\/\/www.axiomams.eu\/wp-content\/uploads\/2025\/07\/849-998.jpg","width":1032,"height":1020},{"@type":"BreadcrumbList","@id":"https:\/\/www.axiomams.eu\/lv\/produktas\/megger-sverker-900-releju-testu-komplekts#breadcrumb","itemListElement":[{"@type":"ListItem","position":1,"name":"Home","item":"https:\/\/www.axiomams.eu\/lv"},{"@type":"ListItem","position":2,"name":"Produkti","item":"https:\/\/www.axiomams.eu\/lv\/produkti"},{"@type":"ListItem","position":3,"name":"Megger SVERKER 900 releju testu komplekts"}]},{"@type":"WebSite","@id":"https:\/\/www.axiomams.eu\/lv#website","url":"https:\/\/www.axiomams.eu\/lv","name":"AXIOMA MS","description":"Terrmovizoriai ir matavimo \u012franga","publisher":{"@id":"https:\/\/www.axiomams.eu\/lv#organization"},"potentialAction":[{"@type":"SearchAction","target":{"@type":"EntryPoint","urlTemplate":"https:\/\/www.axiomams.eu\/lv?s={search_term_string}"},"query-input":{"@type":"PropertyValueSpecification","valueRequired":true,"valueName":"search_term_string"}}],"inLanguage":"lv-LV"},{"@type":"Organization","@id":"https:\/\/www.axiomams.eu\/lv#organization","name":"AXIOMA MS","url":"https:\/\/www.axiomams.eu\/lv","logo":{"@type":"ImageObject","inLanguage":"lv-LV","@id":"https:\/\/www.axiomams.eu\/lv#\/schema\/logo\/image\/","url":"https:\/\/www.axiomams.eu\/wp-content\/uploads\/2025\/06\/axioma-logo-2.png","contentUrl":"https:\/\/www.axiomams.eu\/wp-content\/uploads\/2025\/06\/axioma-logo-2.png","width":1200,"height":1200,"caption":"AXIOMA MS"},"image":{"@id":"https:\/\/www.axiomams.eu\/lv#\/schema\/logo\/image\/"},"sameAs":["https:\/\/www.facebook.com\/AxiomaMS","https:\/\/www.linkedin.com\/company\/axiomams\/"]}]}},"_links":{"self":[{"href":"https:\/\/www.axiomams.eu\/lv\/wp-json\/wp\/v2\/product\/39382","targetHints":{"allow":["GET"]}}],"collection":[{"href":"https:\/\/www.axiomams.eu\/lv\/wp-json\/wp\/v2\/product"}],"about":[{"href":"https:\/\/www.axiomams.eu\/lv\/wp-json\/wp\/v2\/types\/product"}],"replies":[{"embeddable":true,"href":"https:\/\/www.axiomams.eu\/lv\/wp-json\/wp\/v2\/comments?post=39382"}],"wp:featuredmedia":[{"embeddable":true,"href":"https:\/\/www.axiomams.eu\/lv\/wp-json\/wp\/v2\/media\/42481"}],"wp:attachment":[{"href":"https:\/\/www.axiomams.eu\/lv\/wp-json\/wp\/v2\/media?parent=39382"}],"wp:term":[{"taxonomy":"product_brand","embeddable":true,"href":"https:\/\/www.axiomams.eu\/lv\/wp-json\/wp\/v2\/product_brand?post=39382"},{"taxonomy":"product_cat","embeddable":true,"href":"https:\/\/www.axiomams.eu\/lv\/wp-json\/wp\/v2\/product_cat?post=39382"},{"taxonomy":"product_tag","embeddable":true,"href":"https:\/\/www.axiomams.eu\/lv\/wp-json\/wp\/v2\/product_tag?post=39382"}],"curies":[{"name":"wp","href":"https:\/\/api.w.org\/{rel}","templated":true}]}}