{"id":39383,"date":"2025-06-12T14:27:32","date_gmt":"2025-06-12T12:27:32","guid":{"rendered":"https:\/\/www.axiomams.eu\/produktas\/flir-t1020-science-set-termokamera"},"modified":"2026-03-25T17:01:52","modified_gmt":"2026-03-25T15:01:52","slug":"flir-t1020-science-set-termokamera","status":"publish","type":"product","link":"https:\/\/www.axiomams.eu\/lv\/produktas\/flir-t1020-science-set-termokamera","title":{"rendered":"Flir T1020 Science Set termokamera"},"content":{"rendered":"<p>FLIR T1020 Science Set (FLIR T1020 + T10xx SCkit) &#8211; ir \u0101trdarb\u012bga att\u0113lveido\u0161anas un m\u0113r\u012b\u0161anas kamera, kas ieraksta 1024 x 768 HD iz\u0161\u0137irtsp\u0113jas att\u0113lus ar \u0101trumu 30 kadri sekund\u0113.  Kamera nodro\u0161ina termisko jut\u012bbu < 20 mK (NETD) un pla\u0161u temperat\u016bras diapazonu ar kalibr\u0113\u0161anu l\u012bdz pat 2000 \u00b0C. Skatiet, ieg\u016bstiet, analiz\u0113jiet un kop\u012bgojiet att\u0113lus FLIR ResearchIR Max vai MathWorks\u00ae MATLAB. Lai ieg\u016btu v\u0113l liel\u0101ku elast\u012bbu, integr\u0113jiet datus sav\u0101 uz\u0146\u0113muma platform\u0101, izmantojot ATLAS SDK.\n\nStandarta komplekts; infrasarkan\u0101 kamera ar objekt\u012bvu, akumulators (2 gab.), akumulatora l\u0101d\u0113t\u0101js, HDMI-HDMI kabelis, ciets transport\u0113\u0161anas futr\u0101lis, liels acu v\u0101ci\u0146\u0161, objekt\u012bva v\u0101ci\u0146\u0161, Bluetooth austi\u0146as, SD karte , kakla siksna, USB kabelis, standarta A uz Mini-B, HSI kaste, kalibr\u0113\u0161anas sertifik\u0101ts, ResearchIR Max programmat\u016bra, FLIR Tools plus lejupiel\u0101des karte, dokument\u0101cija.\n\n\n\n<h3>Tehnisk\u0101 inform\u0101cija:<\/h3>\n<ul>\n<li><a href=\"https:\/\/axiomams.eu\/importer\/export\/attachments\/en\/flir-t1020.pdf\" target=\"_blank\">FLIR T1020.pdf<\/a><\/li>\n<\/ul>\n","protected":false},"excerpt":{"rendered":"<p>FLIR T1020 Science Set (FLIR T1020 + T10xx SCkit) &#8211; ir \u0101trdarb\u012bga att\u0113lveido\u0161anas un m\u0113r\u012b\u0161anas kamera, kas ieraksta 1024 x 768 HD iz\u0161\u0137irtsp\u0113jas att\u0113lus ar \u0101trumu 30 kadri sekund\u0113. Kamera nodro\u0161ina termisko jut\u012bbu < 20 mK (NETD) un pla\u0161u temperat\u016bras diapazonu ar kalibr\u0113\u0161anu l\u012bdz pat 2000 \u00b0C. Skatiet, ieg\u016bstiet, analiz\u0113jiet un kop\u012bgojiet att\u0113lus FLIR ResearchIR...\n<\/p>\n","protected":false},"featured_media":42483,"comment_status":"open","ping_status":"closed","template":"","meta":{"_acf_changed":false},"product_brand":[734],"product_cat":[17728,17754],"product_tag":[],"class_list":{"0":"post-39383","1":"product","2":"type-product","3":"status-publish","4":"has-post-thumbnail","6":"product_brand-flir","7":"product_cat-petniecibai","8":"product_cat-termiskai-analizei","10":"first","11":"instock","12":"taxable","13":"shipping-taxable","14":"product-type-simple"},"acf":[],"yoast_head":"<!-- This site is optimized with the Yoast SEO plugin v27.0 - https:\/\/yoast.com\/product\/yoast-seo-wordpress\/ -->\n<title>Flir T1020 Science Set termokamera - AXIOMA MS<\/title>\n<meta name=\"robots\" content=\"index, follow, max-snippet:-1, max-image-preview:large, max-video-preview:-1\" \/>\n<link rel=\"canonical\" href=\"https:\/\/www.axiomams.eu\/lv\/produktas\/flir-t1020-science-set-termokamera\" \/>\n<meta property=\"og:locale\" content=\"lv_LV\" \/>\n<meta property=\"og:type\" content=\"article\" \/>\n<meta property=\"og:title\" content=\"Flir T1020 Science Set termokamera - AXIOMA MS\" \/>\n<meta property=\"og:description\" content=\"FLIR T1020 Science Set (FLIR T1020 + T10xx SCkit) &#8211; ir \u0101trdarb\u012bga att\u0113lveido\u0161anas un m\u0113r\u012b\u0161anas kamera, kas ieraksta 1024 x 768 HD iz\u0161\u0137irtsp\u0113jas att\u0113lus ar \u0101trumu 30 kadri sekund\u0113. Kamera nodro\u0161ina termisko jut\u012bbu &lt; 20 mK (NETD) un pla\u0161u temperat\u016bras diapazonu ar kalibr\u0113\u0161anu l\u012bdz pat 2000 \u00b0C. Skatiet, ieg\u016bstiet, analiz\u0113jiet un kop\u012bgojiet att\u0113lus FLIR ResearchIR...\" \/>\n<meta property=\"og:url\" content=\"https:\/\/www.axiomams.eu\/lv\/produktas\/flir-t1020-science-set-termokamera\" \/>\n<meta property=\"og:site_name\" content=\"AXIOMA MS\" \/>\n<meta property=\"article:publisher\" content=\"https:\/\/www.facebook.com\/AxiomaMS\" \/>\n<meta property=\"article:modified_time\" content=\"2026-03-25T15:01:52+00:00\" \/>\n<meta property=\"og:image\" content=\"https:\/\/www.axiomams.eu\/wp-content\/uploads\/2025\/07\/1295-5879.jpg\" \/>\n\t<meta property=\"og:image:width\" content=\"750\" \/>\n\t<meta property=\"og:image:height\" content=\"750\" \/>\n\t<meta property=\"og:image:type\" content=\"image\/jpeg\" \/>\n<meta name=\"twitter:card\" content=\"summary_large_image\" \/>\n<meta name=\"twitter:label1\" content=\"Est. reading time\" \/>\n\t<meta name=\"twitter:data1\" content=\"1 minute\" \/>\n<script type=\"application\/ld+json\" class=\"yoast-schema-graph\">{\"@context\":\"https:\/\/schema.org\",\"@graph\":[{\"@type\":\"WebPage\",\"@id\":\"https:\/\/www.axiomams.eu\/lv\/produktas\/flir-t1020-science-set-termokamera\",\"url\":\"https:\/\/www.axiomams.eu\/lv\/produktas\/flir-t1020-science-set-termokamera\",\"name\":\"Flir T1020 Science Set termokamera - AXIOMA MS\",\"isPartOf\":{\"@id\":\"https:\/\/www.axiomams.eu\/lv#website\"},\"primaryImageOfPage\":{\"@id\":\"https:\/\/www.axiomams.eu\/lv\/produktas\/flir-t1020-science-set-termokamera#primaryimage\"},\"image\":{\"@id\":\"https:\/\/www.axiomams.eu\/lv\/produktas\/flir-t1020-science-set-termokamera#primaryimage\"},\"thumbnailUrl\":\"https:\/\/www.axiomams.eu\/wp-content\/uploads\/2025\/07\/1295-5879.jpg\",\"datePublished\":\"2025-06-12T12:27:32+00:00\",\"dateModified\":\"2026-03-25T15:01:52+00:00\",\"breadcrumb\":{\"@id\":\"https:\/\/www.axiomams.eu\/lv\/produktas\/flir-t1020-science-set-termokamera#breadcrumb\"},\"inLanguage\":\"lv-LV\",\"potentialAction\":[{\"@type\":\"ReadAction\",\"target\":[\"https:\/\/www.axiomams.eu\/lv\/produktas\/flir-t1020-science-set-termokamera\"]}]},{\"@type\":\"ImageObject\",\"inLanguage\":\"lv-LV\",\"@id\":\"https:\/\/www.axiomams.eu\/lv\/produktas\/flir-t1020-science-set-termokamera#primaryimage\",\"url\":\"https:\/\/www.axiomams.eu\/wp-content\/uploads\/2025\/07\/1295-5879.jpg\",\"contentUrl\":\"https:\/\/www.axiomams.eu\/wp-content\/uploads\/2025\/07\/1295-5879.jpg\",\"width\":750,\"height\":750},{\"@type\":\"BreadcrumbList\",\"@id\":\"https:\/\/www.axiomams.eu\/lv\/produktas\/flir-t1020-science-set-termokamera#breadcrumb\",\"itemListElement\":[{\"@type\":\"ListItem\",\"position\":1,\"name\":\"Home\",\"item\":\"https:\/\/www.axiomams.eu\/lv\"},{\"@type\":\"ListItem\",\"position\":2,\"name\":\"Produkti\",\"item\":\"https:\/\/www.axiomams.eu\/lv\/produkti\"},{\"@type\":\"ListItem\",\"position\":3,\"name\":\"Flir T1020 Science Set termokamera\"}]},{\"@type\":\"WebSite\",\"@id\":\"https:\/\/www.axiomams.eu\/lv#website\",\"url\":\"https:\/\/www.axiomams.eu\/lv\",\"name\":\"AXIOMA MS\",\"description\":\"Terrmovizoriai ir matavimo \u012franga\",\"publisher\":{\"@id\":\"https:\/\/www.axiomams.eu\/lv#organization\"},\"potentialAction\":[{\"@type\":\"SearchAction\",\"target\":{\"@type\":\"EntryPoint\",\"urlTemplate\":\"https:\/\/www.axiomams.eu\/lv?s={search_term_string}\"},\"query-input\":{\"@type\":\"PropertyValueSpecification\",\"valueRequired\":true,\"valueName\":\"search_term_string\"}}],\"inLanguage\":\"lv-LV\"},{\"@type\":\"Organization\",\"@id\":\"https:\/\/www.axiomams.eu\/lv#organization\",\"name\":\"AXIOMA MS\",\"url\":\"https:\/\/www.axiomams.eu\/lv\",\"logo\":{\"@type\":\"ImageObject\",\"inLanguage\":\"lv-LV\",\"@id\":\"https:\/\/www.axiomams.eu\/lv#\/schema\/logo\/image\/\",\"url\":\"https:\/\/www.axiomams.eu\/wp-content\/uploads\/2025\/06\/axioma-logo-2.png\",\"contentUrl\":\"https:\/\/www.axiomams.eu\/wp-content\/uploads\/2025\/06\/axioma-logo-2.png\",\"width\":1200,\"height\":1200,\"caption\":\"AXIOMA MS\"},\"image\":{\"@id\":\"https:\/\/www.axiomams.eu\/lv#\/schema\/logo\/image\/\"},\"sameAs\":[\"https:\/\/www.facebook.com\/AxiomaMS\",\"https:\/\/www.linkedin.com\/company\/axiomams\/\"]}]}<\/script>\n<!-- \/ Yoast SEO plugin. -->","yoast_head_json":{"title":"Flir T1020 Science Set termokamera - AXIOMA MS","robots":{"index":"index","follow":"follow","max-snippet":"max-snippet:-1","max-image-preview":"max-image-preview:large","max-video-preview":"max-video-preview:-1"},"canonical":"https:\/\/www.axiomams.eu\/lv\/produktas\/flir-t1020-science-set-termokamera","og_locale":"lv_LV","og_type":"article","og_title":"Flir T1020 Science Set termokamera - AXIOMA MS","og_description":"FLIR T1020 Science Set (FLIR T1020 + T10xx SCkit) &#8211; ir \u0101trdarb\u012bga att\u0113lveido\u0161anas un m\u0113r\u012b\u0161anas kamera, kas ieraksta 1024 x 768 HD iz\u0161\u0137irtsp\u0113jas att\u0113lus ar \u0101trumu 30 kadri sekund\u0113. Kamera nodro\u0161ina termisko jut\u012bbu < 20 mK (NETD) un pla\u0161u temperat\u016bras diapazonu ar kalibr\u0113\u0161anu l\u012bdz pat 2000 \u00b0C. Skatiet, ieg\u016bstiet, analiz\u0113jiet un kop\u012bgojiet att\u0113lus FLIR ResearchIR...","og_url":"https:\/\/www.axiomams.eu\/lv\/produktas\/flir-t1020-science-set-termokamera","og_site_name":"AXIOMA MS","article_publisher":"https:\/\/www.facebook.com\/AxiomaMS","article_modified_time":"2026-03-25T15:01:52+00:00","og_image":[{"width":750,"height":750,"url":"https:\/\/www.axiomams.eu\/wp-content\/uploads\/2025\/07\/1295-5879.jpg","type":"image\/jpeg"}],"twitter_card":"summary_large_image","twitter_misc":{"Est. reading time":"1 minute"},"schema":{"@context":"https:\/\/schema.org","@graph":[{"@type":"WebPage","@id":"https:\/\/www.axiomams.eu\/lv\/produktas\/flir-t1020-science-set-termokamera","url":"https:\/\/www.axiomams.eu\/lv\/produktas\/flir-t1020-science-set-termokamera","name":"Flir T1020 Science Set termokamera - AXIOMA MS","isPartOf":{"@id":"https:\/\/www.axiomams.eu\/lv#website"},"primaryImageOfPage":{"@id":"https:\/\/www.axiomams.eu\/lv\/produktas\/flir-t1020-science-set-termokamera#primaryimage"},"image":{"@id":"https:\/\/www.axiomams.eu\/lv\/produktas\/flir-t1020-science-set-termokamera#primaryimage"},"thumbnailUrl":"https:\/\/www.axiomams.eu\/wp-content\/uploads\/2025\/07\/1295-5879.jpg","datePublished":"2025-06-12T12:27:32+00:00","dateModified":"2026-03-25T15:01:52+00:00","breadcrumb":{"@id":"https:\/\/www.axiomams.eu\/lv\/produktas\/flir-t1020-science-set-termokamera#breadcrumb"},"inLanguage":"lv-LV","potentialAction":[{"@type":"ReadAction","target":["https:\/\/www.axiomams.eu\/lv\/produktas\/flir-t1020-science-set-termokamera"]}]},{"@type":"ImageObject","inLanguage":"lv-LV","@id":"https:\/\/www.axiomams.eu\/lv\/produktas\/flir-t1020-science-set-termokamera#primaryimage","url":"https:\/\/www.axiomams.eu\/wp-content\/uploads\/2025\/07\/1295-5879.jpg","contentUrl":"https:\/\/www.axiomams.eu\/wp-content\/uploads\/2025\/07\/1295-5879.jpg","width":750,"height":750},{"@type":"BreadcrumbList","@id":"https:\/\/www.axiomams.eu\/lv\/produktas\/flir-t1020-science-set-termokamera#breadcrumb","itemListElement":[{"@type":"ListItem","position":1,"name":"Home","item":"https:\/\/www.axiomams.eu\/lv"},{"@type":"ListItem","position":2,"name":"Produkti","item":"https:\/\/www.axiomams.eu\/lv\/produkti"},{"@type":"ListItem","position":3,"name":"Flir T1020 Science Set termokamera"}]},{"@type":"WebSite","@id":"https:\/\/www.axiomams.eu\/lv#website","url":"https:\/\/www.axiomams.eu\/lv","name":"AXIOMA MS","description":"Terrmovizoriai ir matavimo \u012franga","publisher":{"@id":"https:\/\/www.axiomams.eu\/lv#organization"},"potentialAction":[{"@type":"SearchAction","target":{"@type":"EntryPoint","urlTemplate":"https:\/\/www.axiomams.eu\/lv?s={search_term_string}"},"query-input":{"@type":"PropertyValueSpecification","valueRequired":true,"valueName":"search_term_string"}}],"inLanguage":"lv-LV"},{"@type":"Organization","@id":"https:\/\/www.axiomams.eu\/lv#organization","name":"AXIOMA MS","url":"https:\/\/www.axiomams.eu\/lv","logo":{"@type":"ImageObject","inLanguage":"lv-LV","@id":"https:\/\/www.axiomams.eu\/lv#\/schema\/logo\/image\/","url":"https:\/\/www.axiomams.eu\/wp-content\/uploads\/2025\/06\/axioma-logo-2.png","contentUrl":"https:\/\/www.axiomams.eu\/wp-content\/uploads\/2025\/06\/axioma-logo-2.png","width":1200,"height":1200,"caption":"AXIOMA MS"},"image":{"@id":"https:\/\/www.axiomams.eu\/lv#\/schema\/logo\/image\/"},"sameAs":["https:\/\/www.facebook.com\/AxiomaMS","https:\/\/www.linkedin.com\/company\/axiomams\/"]}]}},"_links":{"self":[{"href":"https:\/\/www.axiomams.eu\/lv\/wp-json\/wp\/v2\/product\/39383","targetHints":{"allow":["GET"]}}],"collection":[{"href":"https:\/\/www.axiomams.eu\/lv\/wp-json\/wp\/v2\/product"}],"about":[{"href":"https:\/\/www.axiomams.eu\/lv\/wp-json\/wp\/v2\/types\/product"}],"replies":[{"embeddable":true,"href":"https:\/\/www.axiomams.eu\/lv\/wp-json\/wp\/v2\/comments?post=39383"}],"wp:featuredmedia":[{"embeddable":true,"href":"https:\/\/www.axiomams.eu\/lv\/wp-json\/wp\/v2\/media\/42483"}],"wp:attachment":[{"href":"https:\/\/www.axiomams.eu\/lv\/wp-json\/wp\/v2\/media?parent=39383"}],"wp:term":[{"taxonomy":"product_brand","embeddable":true,"href":"https:\/\/www.axiomams.eu\/lv\/wp-json\/wp\/v2\/product_brand?post=39383"},{"taxonomy":"product_cat","embeddable":true,"href":"https:\/\/www.axiomams.eu\/lv\/wp-json\/wp\/v2\/product_cat?post=39383"},{"taxonomy":"product_tag","embeddable":true,"href":"https:\/\/www.axiomams.eu\/lv\/wp-json\/wp\/v2\/product_tag?post=39383"}],"curies":[{"name":"wp","href":"https:\/\/api.w.org\/{rel}","templated":true}]}}