{"id":39384,"date":"2025-05-15T18:07:46","date_gmt":"2025-05-15T16:07:46","guid":{"rendered":"https:\/\/www.axiomams.eu\/produktas\/flir-t1020-termokamera"},"modified":"2026-03-25T17:01:53","modified_gmt":"2026-03-25T15:01:53","slug":"flir-t1020-termokamera","status":"publish","type":"product","link":"https:\/\/www.axiomams.eu\/lv\/produktas\/flir-t1020-termokamera","title":{"rendered":"Flir T1020 termokamera"},"content":{"rendered":"<p>FLIR T1020 &#8211; pilna HD iz\u0161\u0137irtsp\u0113ja, izcila termisk\u0101 jut\u012bba un ekskluz\u012bva optika, kas \u012bpa\u0161i izstr\u0101d\u0101ta HDIR detektoriem, &#8211; pied\u0101v\u0101 izcilu infrasarkano staru kameru veiktsp\u0113ju ekspertiem.<\/p>\n<p>Standarta komplekts: Infrasarkan\u0101 kamera ar objekt\u012bvu, akumulators (2 gab.), akumulatora l\u0101d\u0113t\u0101js, Bluetooth austi\u0146as, kalibr\u0113\u0161anas sertifik\u0101ts, licences karte: FLIR Thermal Studio Pro (3 m\u0113ne\u0161u abonements) + FLIR Route Creator spraudnis Thermal Studio Pro (3 m\u0113ne\u0161u abonements), ciets transport\u0113\u0161anas futr\u0101lis, HDMI-HDMI kabelis, objekt\u012bva v\u0101ci\u0146\u0161, atmi\u0146as karte, kakla siksna, baro\u0161anas avots, ieskaitot multi-veida kontaktdak\u0161as, druk\u0101ta dokument\u0101cija, USB kabelis, Std A uz Micro-B,<\/p>\n<h3>Tehnisk\u0101 inform\u0101cija:<\/h3>\n<ul>\n<li><a href=\"https:\/\/axiomams.eu\/importer\/export\/attachments\/en\/flir-t1020.pdf\" target=\"_blank\">FLIR T1020.pdf<\/a><\/li>\n<\/ul>\n","protected":false},"excerpt":{"rendered":"<p>FLIR T1020 &#8211; pilna HD iz\u0161\u0137irtsp\u0113ja, izcila termisk\u0101 jut\u012bba un ekskluz\u012bva optika, kas \u012bpa\u0161i izstr\u0101d\u0101ta HDIR detektoriem, &#8211; pied\u0101v\u0101 izcilu infrasarkano staru kameru veiktsp\u0113ju ekspertiem. Standarta komplekts: Infrasarkan\u0101 kamera ar objekt\u012bvu, akumulators (2 gab.), akumulatora l\u0101d\u0113t\u0101js, Bluetooth austi\u0146as, kalibr\u0113\u0161anas sertifik\u0101ts, licences karte: FLIR Thermal Studio Pro (3 m\u0113ne\u0161u abonements) + FLIR Route Creator spraudnis Thermal&#8230;<\/p>\n","protected":false},"featured_media":42487,"comment_status":"open","ping_status":"closed","template":"","meta":{"_acf_changed":false},"product_brand":[734],"product_cat":[17729],"product_tag":[],"class_list":{"0":"post-39384","1":"product","2":"type-product","3":"status-publish","4":"has-post-thumbnail","6":"product_brand-flir","7":"product_cat-energijas-un-eku-diagnostika","9":"first","10":"instock","11":"taxable","12":"shipping-taxable","13":"product-type-simple"},"acf":[],"yoast_head":"<!-- This site is optimized with the Yoast SEO plugin v27.0 - https:\/\/yoast.com\/product\/yoast-seo-wordpress\/ -->\n<title>Flir T1020 termokamera - AXIOMA MS<\/title>\n<meta name=\"robots\" content=\"index, follow, max-snippet:-1, max-image-preview:large, max-video-preview:-1\" \/>\n<link rel=\"canonical\" href=\"https:\/\/www.axiomams.eu\/lv\/produktas\/flir-t1020-termokamera\" \/>\n<meta property=\"og:locale\" content=\"lv_LV\" \/>\n<meta property=\"og:type\" content=\"article\" \/>\n<meta property=\"og:title\" content=\"Flir T1020 termokamera - AXIOMA MS\" \/>\n<meta property=\"og:description\" content=\"FLIR T1020 &#8211; pilna HD iz\u0161\u0137irtsp\u0113ja, izcila termisk\u0101 jut\u012bba un ekskluz\u012bva optika, kas \u012bpa\u0161i izstr\u0101d\u0101ta HDIR detektoriem, &#8211; pied\u0101v\u0101 izcilu infrasarkano staru kameru veiktsp\u0113ju ekspertiem. Standarta komplekts: Infrasarkan\u0101 kamera ar objekt\u012bvu, akumulators (2 gab.), akumulatora l\u0101d\u0113t\u0101js, Bluetooth austi\u0146as, kalibr\u0113\u0161anas sertifik\u0101ts, licences karte: FLIR Thermal Studio Pro (3 m\u0113ne\u0161u abonements) + FLIR Route Creator spraudnis Thermal...\" \/>\n<meta property=\"og:url\" content=\"https:\/\/www.axiomams.eu\/lv\/produktas\/flir-t1020-termokamera\" \/>\n<meta property=\"og:site_name\" content=\"AXIOMA MS\" \/>\n<meta property=\"article:publisher\" content=\"https:\/\/www.facebook.com\/AxiomaMS\" \/>\n<meta property=\"article:modified_time\" content=\"2026-03-25T15:01:53+00:00\" \/>\n<meta property=\"og:image\" content=\"https:\/\/www.axiomams.eu\/wp-content\/uploads\/2025\/07\/2519-3245.jpg\" \/>\n\t<meta property=\"og:image:width\" content=\"945\" \/>\n\t<meta property=\"og:image:height\" content=\"859\" \/>\n\t<meta property=\"og:image:type\" content=\"image\/jpeg\" \/>\n<meta name=\"twitter:card\" content=\"summary_large_image\" \/>\n<meta name=\"twitter:label1\" content=\"Est. reading time\" \/>\n\t<meta name=\"twitter:data1\" content=\"1 minute\" \/>\n<script type=\"application\/ld+json\" class=\"yoast-schema-graph\">{\"@context\":\"https:\/\/schema.org\",\"@graph\":[{\"@type\":\"WebPage\",\"@id\":\"https:\/\/www.axiomams.eu\/lv\/produktas\/flir-t1020-termokamera\",\"url\":\"https:\/\/www.axiomams.eu\/lv\/produktas\/flir-t1020-termokamera\",\"name\":\"Flir T1020 termokamera - AXIOMA MS\",\"isPartOf\":{\"@id\":\"https:\/\/www.axiomams.eu\/lv#website\"},\"primaryImageOfPage\":{\"@id\":\"https:\/\/www.axiomams.eu\/lv\/produktas\/flir-t1020-termokamera#primaryimage\"},\"image\":{\"@id\":\"https:\/\/www.axiomams.eu\/lv\/produktas\/flir-t1020-termokamera#primaryimage\"},\"thumbnailUrl\":\"https:\/\/www.axiomams.eu\/wp-content\/uploads\/2025\/07\/2519-3245.jpg\",\"datePublished\":\"2025-05-15T16:07:46+00:00\",\"dateModified\":\"2026-03-25T15:01:53+00:00\",\"breadcrumb\":{\"@id\":\"https:\/\/www.axiomams.eu\/lv\/produktas\/flir-t1020-termokamera#breadcrumb\"},\"inLanguage\":\"lv-LV\",\"potentialAction\":[{\"@type\":\"ReadAction\",\"target\":[\"https:\/\/www.axiomams.eu\/lv\/produktas\/flir-t1020-termokamera\"]}]},{\"@type\":\"ImageObject\",\"inLanguage\":\"lv-LV\",\"@id\":\"https:\/\/www.axiomams.eu\/lv\/produktas\/flir-t1020-termokamera#primaryimage\",\"url\":\"https:\/\/www.axiomams.eu\/wp-content\/uploads\/2025\/07\/2519-3245.jpg\",\"contentUrl\":\"https:\/\/www.axiomams.eu\/wp-content\/uploads\/2025\/07\/2519-3245.jpg\",\"width\":945,\"height\":859},{\"@type\":\"BreadcrumbList\",\"@id\":\"https:\/\/www.axiomams.eu\/lv\/produktas\/flir-t1020-termokamera#breadcrumb\",\"itemListElement\":[{\"@type\":\"ListItem\",\"position\":1,\"name\":\"Home\",\"item\":\"https:\/\/www.axiomams.eu\/lv\"},{\"@type\":\"ListItem\",\"position\":2,\"name\":\"Produkti\",\"item\":\"https:\/\/www.axiomams.eu\/lv\/produkti\"},{\"@type\":\"ListItem\",\"position\":3,\"name\":\"Flir T1020 termokamera\"}]},{\"@type\":\"WebSite\",\"@id\":\"https:\/\/www.axiomams.eu\/lv#website\",\"url\":\"https:\/\/www.axiomams.eu\/lv\",\"name\":\"AXIOMA MS\",\"description\":\"Terrmovizoriai ir matavimo \u012franga\",\"publisher\":{\"@id\":\"https:\/\/www.axiomams.eu\/lv#organization\"},\"potentialAction\":[{\"@type\":\"SearchAction\",\"target\":{\"@type\":\"EntryPoint\",\"urlTemplate\":\"https:\/\/www.axiomams.eu\/lv?s={search_term_string}\"},\"query-input\":{\"@type\":\"PropertyValueSpecification\",\"valueRequired\":true,\"valueName\":\"search_term_string\"}}],\"inLanguage\":\"lv-LV\"},{\"@type\":\"Organization\",\"@id\":\"https:\/\/www.axiomams.eu\/lv#organization\",\"name\":\"AXIOMA MS\",\"url\":\"https:\/\/www.axiomams.eu\/lv\",\"logo\":{\"@type\":\"ImageObject\",\"inLanguage\":\"lv-LV\",\"@id\":\"https:\/\/www.axiomams.eu\/lv#\/schema\/logo\/image\/\",\"url\":\"https:\/\/www.axiomams.eu\/wp-content\/uploads\/2025\/06\/axioma-logo-2.png\",\"contentUrl\":\"https:\/\/www.axiomams.eu\/wp-content\/uploads\/2025\/06\/axioma-logo-2.png\",\"width\":1200,\"height\":1200,\"caption\":\"AXIOMA MS\"},\"image\":{\"@id\":\"https:\/\/www.axiomams.eu\/lv#\/schema\/logo\/image\/\"},\"sameAs\":[\"https:\/\/www.facebook.com\/AxiomaMS\",\"https:\/\/www.linkedin.com\/company\/axiomams\/\"]}]}<\/script>\n<!-- \/ Yoast SEO plugin. -->","yoast_head_json":{"title":"Flir T1020 termokamera - AXIOMA MS","robots":{"index":"index","follow":"follow","max-snippet":"max-snippet:-1","max-image-preview":"max-image-preview:large","max-video-preview":"max-video-preview:-1"},"canonical":"https:\/\/www.axiomams.eu\/lv\/produktas\/flir-t1020-termokamera","og_locale":"lv_LV","og_type":"article","og_title":"Flir T1020 termokamera - AXIOMA MS","og_description":"FLIR T1020 &#8211; pilna HD iz\u0161\u0137irtsp\u0113ja, izcila termisk\u0101 jut\u012bba un ekskluz\u012bva optika, kas \u012bpa\u0161i izstr\u0101d\u0101ta HDIR detektoriem, &#8211; pied\u0101v\u0101 izcilu infrasarkano staru kameru veiktsp\u0113ju ekspertiem. Standarta komplekts: Infrasarkan\u0101 kamera ar objekt\u012bvu, akumulators (2 gab.), akumulatora l\u0101d\u0113t\u0101js, Bluetooth austi\u0146as, kalibr\u0113\u0161anas sertifik\u0101ts, licences karte: FLIR Thermal Studio Pro (3 m\u0113ne\u0161u abonements) + FLIR Route Creator spraudnis Thermal...","og_url":"https:\/\/www.axiomams.eu\/lv\/produktas\/flir-t1020-termokamera","og_site_name":"AXIOMA MS","article_publisher":"https:\/\/www.facebook.com\/AxiomaMS","article_modified_time":"2026-03-25T15:01:53+00:00","og_image":[{"width":945,"height":859,"url":"https:\/\/www.axiomams.eu\/wp-content\/uploads\/2025\/07\/2519-3245.jpg","type":"image\/jpeg"}],"twitter_card":"summary_large_image","twitter_misc":{"Est. reading time":"1 minute"},"schema":{"@context":"https:\/\/schema.org","@graph":[{"@type":"WebPage","@id":"https:\/\/www.axiomams.eu\/lv\/produktas\/flir-t1020-termokamera","url":"https:\/\/www.axiomams.eu\/lv\/produktas\/flir-t1020-termokamera","name":"Flir T1020 termokamera - AXIOMA MS","isPartOf":{"@id":"https:\/\/www.axiomams.eu\/lv#website"},"primaryImageOfPage":{"@id":"https:\/\/www.axiomams.eu\/lv\/produktas\/flir-t1020-termokamera#primaryimage"},"image":{"@id":"https:\/\/www.axiomams.eu\/lv\/produktas\/flir-t1020-termokamera#primaryimage"},"thumbnailUrl":"https:\/\/www.axiomams.eu\/wp-content\/uploads\/2025\/07\/2519-3245.jpg","datePublished":"2025-05-15T16:07:46+00:00","dateModified":"2026-03-25T15:01:53+00:00","breadcrumb":{"@id":"https:\/\/www.axiomams.eu\/lv\/produktas\/flir-t1020-termokamera#breadcrumb"},"inLanguage":"lv-LV","potentialAction":[{"@type":"ReadAction","target":["https:\/\/www.axiomams.eu\/lv\/produktas\/flir-t1020-termokamera"]}]},{"@type":"ImageObject","inLanguage":"lv-LV","@id":"https:\/\/www.axiomams.eu\/lv\/produktas\/flir-t1020-termokamera#primaryimage","url":"https:\/\/www.axiomams.eu\/wp-content\/uploads\/2025\/07\/2519-3245.jpg","contentUrl":"https:\/\/www.axiomams.eu\/wp-content\/uploads\/2025\/07\/2519-3245.jpg","width":945,"height":859},{"@type":"BreadcrumbList","@id":"https:\/\/www.axiomams.eu\/lv\/produktas\/flir-t1020-termokamera#breadcrumb","itemListElement":[{"@type":"ListItem","position":1,"name":"Home","item":"https:\/\/www.axiomams.eu\/lv"},{"@type":"ListItem","position":2,"name":"Produkti","item":"https:\/\/www.axiomams.eu\/lv\/produkti"},{"@type":"ListItem","position":3,"name":"Flir T1020 termokamera"}]},{"@type":"WebSite","@id":"https:\/\/www.axiomams.eu\/lv#website","url":"https:\/\/www.axiomams.eu\/lv","name":"AXIOMA MS","description":"Terrmovizoriai ir matavimo \u012franga","publisher":{"@id":"https:\/\/www.axiomams.eu\/lv#organization"},"potentialAction":[{"@type":"SearchAction","target":{"@type":"EntryPoint","urlTemplate":"https:\/\/www.axiomams.eu\/lv?s={search_term_string}"},"query-input":{"@type":"PropertyValueSpecification","valueRequired":true,"valueName":"search_term_string"}}],"inLanguage":"lv-LV"},{"@type":"Organization","@id":"https:\/\/www.axiomams.eu\/lv#organization","name":"AXIOMA MS","url":"https:\/\/www.axiomams.eu\/lv","logo":{"@type":"ImageObject","inLanguage":"lv-LV","@id":"https:\/\/www.axiomams.eu\/lv#\/schema\/logo\/image\/","url":"https:\/\/www.axiomams.eu\/wp-content\/uploads\/2025\/06\/axioma-logo-2.png","contentUrl":"https:\/\/www.axiomams.eu\/wp-content\/uploads\/2025\/06\/axioma-logo-2.png","width":1200,"height":1200,"caption":"AXIOMA MS"},"image":{"@id":"https:\/\/www.axiomams.eu\/lv#\/schema\/logo\/image\/"},"sameAs":["https:\/\/www.facebook.com\/AxiomaMS","https:\/\/www.linkedin.com\/company\/axiomams\/"]}]}},"_links":{"self":[{"href":"https:\/\/www.axiomams.eu\/lv\/wp-json\/wp\/v2\/product\/39384","targetHints":{"allow":["GET"]}}],"collection":[{"href":"https:\/\/www.axiomams.eu\/lv\/wp-json\/wp\/v2\/product"}],"about":[{"href":"https:\/\/www.axiomams.eu\/lv\/wp-json\/wp\/v2\/types\/product"}],"replies":[{"embeddable":true,"href":"https:\/\/www.axiomams.eu\/lv\/wp-json\/wp\/v2\/comments?post=39384"}],"wp:featuredmedia":[{"embeddable":true,"href":"https:\/\/www.axiomams.eu\/lv\/wp-json\/wp\/v2\/media\/42487"}],"wp:attachment":[{"href":"https:\/\/www.axiomams.eu\/lv\/wp-json\/wp\/v2\/media?parent=39384"}],"wp:term":[{"taxonomy":"product_brand","embeddable":true,"href":"https:\/\/www.axiomams.eu\/lv\/wp-json\/wp\/v2\/product_brand?post=39384"},{"taxonomy":"product_cat","embeddable":true,"href":"https:\/\/www.axiomams.eu\/lv\/wp-json\/wp\/v2\/product_cat?post=39384"},{"taxonomy":"product_tag","embeddable":true,"href":"https:\/\/www.axiomams.eu\/lv\/wp-json\/wp\/v2\/product_tag?post=39384"}],"curies":[{"name":"wp","href":"https:\/\/api.w.org\/{rel}","templated":true}]}}