{"id":39387,"date":"2025-05-15T18:07:47","date_gmt":"2025-05-15T16:07:47","guid":{"rendered":"https:\/\/www.axiomams.eu\/produktas\/flir-t540-termokamera"},"modified":"2026-03-25T17:01:55","modified_gmt":"2026-03-25T15:01:55","slug":"flir-t540-termokamera","status":"publish","type":"product","link":"https:\/\/www.axiomams.eu\/lv\/produktas\/flir-t540-termokamera","title":{"rendered":"Flir T540 termokamera"},"content":{"rendered":"<p>FLIR T540 termokamerai ir funkcijas, kas nepiecie\u0161amas profesion\u0101\u013ciem, lai prec\u012bzi noteiktu karstos punktus un iesp\u0113jamos defektus. FLIR T530 kameras ar 180\u00b0 le\u0146\u0137\u012b rot\u0113jo\u0161u objekt\u012bva platformu un spilgtu 4&#8243; LCD displeju ir izstr\u0101d\u0101tas t\u0101, lai pal\u012bdz\u0113tu lietot\u0101jiem diagnostic\u0113t gr\u016bti sasniedzamus komponentus jebkur\u0101 vid\u0113. Uzlabotie kamer\u0101 ieb\u016bv\u0113tie m\u0113r\u012b\u0161anas r\u012bki, l\u0101zera atbalst\u012bt\u0101 autom\u0101tisk\u0101 fokus\u0113\u0161ana un FLIR nozar\u0113 vado\u0161\u0101 att\u0113lu kvalit\u0101te nodro\u0161ina \u0101tru probl\u0113mu atra\u0161anu un diagnostic\u0113\u0161anu.<\/p>\n<p>Standarta komplekts: Infrasarkan\u0101 kamera ar 24\u00b0 objekt\u012bvu, akumulatora l\u0101d\u0113t\u0101ja baro\u0161anas bloks, 15 W\/3 A baro\u0161anas bloks, druk\u0101ta dokument\u0101cija, SD karte (8 GB), USB 2.0 A l\u012bdz USB Type-C kabelis, USB Type-C l\u012bdz HDMI un PD adapteris, USB Type-C l\u012bdz USB Type-C kabelis (USB 2.0 standarts), objekt\u012bva v\u0101ci\u0146a siksni\u0146a, objekt\u012bva t\u012br\u012b\u0161anas lupati\u0146a, kakla siksni\u0146a, akumulators (2 gab.), akumulatora l\u0101d\u0113t\u0101js, ciets transport\u0113\u0161anas futr\u0101lis, objekt\u012bva v\u0101ci\u0146\u0161, priek\u0161\u0113jais, objekt\u012bva v\u0101ci\u0146\u0161, priek\u0161\u0113jais un aizmugur\u0113jais (tikai papildu objekt\u012bviem), licences karte: FLIR Thermal Studio Pro (3 m\u0113ne\u0161u abonements) + FLIR Route Creator spraudnis Thermal Studio Pro (3 m\u0113ne\u0161u abonements).<\/p>\n<h3>Tehnisk\u0101 inform\u0101cija:<\/h3>\n<ul>\n<li><a href=\"https:\/\/axiomams.eu\/importer\/export\/attachments\/en\/flir-t540.pdf\" target=\"_blank\">FLIR T540.pdf<\/a><\/li>\n<\/ul>\n","protected":false},"excerpt":{"rendered":"<p>FLIR T540 termokamerai ir funkcijas, kas nepiecie\u0161amas profesion\u0101\u013ciem, lai prec\u012bzi noteiktu karstos punktus un iesp\u0113jamos defektus. FLIR T530 kameras ar 180\u00b0 le\u0146\u0137\u012b rot\u0113jo\u0161u objekt\u012bva platformu un spilgtu 4&#8243; LCD displeju ir izstr\u0101d\u0101tas t\u0101, lai pal\u012bdz\u0113tu lietot\u0101jiem diagnostic\u0113t gr\u016bti sasniedzamus komponentus jebkur\u0101 vid\u0113. Uzlabotie kamer\u0101 ieb\u016bv\u0113tie m\u0113r\u012b\u0161anas r\u012bki, l\u0101zera atbalst\u012bt\u0101 autom\u0101tisk\u0101 fokus\u0113\u0161ana un FLIR nozar\u0113 vado\u0161\u0101&#8230;<\/p>\n","protected":false},"featured_media":42491,"comment_status":"open","ping_status":"closed","template":"","meta":{"_acf_changed":false},"product_brand":[734],"product_cat":[17729,17737],"product_tag":[],"class_list":{"0":"post-39387","1":"product","2":"type-product","3":"status-publish","4":"has-post-thumbnail","6":"product_brand-flir","7":"product_cat-energijas-un-eku-diagnostika","8":"product_cat-termografiska-attelveidosana-ekam","10":"first","11":"instock","12":"taxable","13":"shipping-taxable","14":"product-type-simple"},"acf":[],"yoast_head":"<!-- This site is optimized with the Yoast SEO plugin v27.0 - https:\/\/yoast.com\/product\/yoast-seo-wordpress\/ -->\n<title>Flir T540 termokamera - AXIOMA MS<\/title>\n<meta name=\"robots\" content=\"index, follow, max-snippet:-1, max-image-preview:large, max-video-preview:-1\" \/>\n<link rel=\"canonical\" href=\"https:\/\/www.axiomams.eu\/lv\/produktas\/flir-t540-termokamera\" \/>\n<meta property=\"og:locale\" content=\"lv_LV\" \/>\n<meta property=\"og:type\" content=\"article\" \/>\n<meta property=\"og:title\" content=\"Flir T540 termokamera - AXIOMA MS\" \/>\n<meta property=\"og:description\" content=\"FLIR T540 termokamerai ir funkcijas, kas nepiecie\u0161amas profesion\u0101\u013ciem, lai prec\u012bzi noteiktu karstos punktus un iesp\u0113jamos defektus. FLIR T530 kameras ar 180\u00b0 le\u0146\u0137\u012b rot\u0113jo\u0161u objekt\u012bva platformu un spilgtu 4&#8243; LCD displeju ir izstr\u0101d\u0101tas t\u0101, lai pal\u012bdz\u0113tu lietot\u0101jiem diagnostic\u0113t gr\u016bti sasniedzamus komponentus jebkur\u0101 vid\u0113. Uzlabotie kamer\u0101 ieb\u016bv\u0113tie m\u0113r\u012b\u0161anas r\u012bki, l\u0101zera atbalst\u012bt\u0101 autom\u0101tisk\u0101 fokus\u0113\u0161ana un FLIR nozar\u0113 vado\u0161\u0101...\" \/>\n<meta property=\"og:url\" content=\"https:\/\/www.axiomams.eu\/lv\/produktas\/flir-t540-termokamera\" \/>\n<meta property=\"og:site_name\" content=\"AXIOMA MS\" \/>\n<meta property=\"article:publisher\" content=\"https:\/\/www.facebook.com\/AxiomaMS\" \/>\n<meta property=\"article:modified_time\" content=\"2026-03-25T15:01:55+00:00\" \/>\n<meta property=\"og:image\" content=\"https:\/\/www.axiomams.eu\/wp-content\/uploads\/2025\/07\/3524-5881.jpg\" \/>\n\t<meta property=\"og:image:width\" content=\"978\" \/>\n\t<meta property=\"og:image:height\" content=\"1020\" \/>\n\t<meta property=\"og:image:type\" content=\"image\/jpeg\" \/>\n<meta name=\"twitter:card\" content=\"summary_large_image\" \/>\n<meta name=\"twitter:label1\" content=\"Est. reading time\" \/>\n\t<meta name=\"twitter:data1\" content=\"1 minute\" \/>\n<script type=\"application\/ld+json\" class=\"yoast-schema-graph\">{\"@context\":\"https:\/\/schema.org\",\"@graph\":[{\"@type\":\"WebPage\",\"@id\":\"https:\/\/www.axiomams.eu\/lv\/produktas\/flir-t540-termokamera\",\"url\":\"https:\/\/www.axiomams.eu\/lv\/produktas\/flir-t540-termokamera\",\"name\":\"Flir T540 termokamera - AXIOMA MS\",\"isPartOf\":{\"@id\":\"https:\/\/www.axiomams.eu\/lv#website\"},\"primaryImageOfPage\":{\"@id\":\"https:\/\/www.axiomams.eu\/lv\/produktas\/flir-t540-termokamera#primaryimage\"},\"image\":{\"@id\":\"https:\/\/www.axiomams.eu\/lv\/produktas\/flir-t540-termokamera#primaryimage\"},\"thumbnailUrl\":\"https:\/\/www.axiomams.eu\/wp-content\/uploads\/2025\/07\/3524-5881.jpg\",\"datePublished\":\"2025-05-15T16:07:47+00:00\",\"dateModified\":\"2026-03-25T15:01:55+00:00\",\"breadcrumb\":{\"@id\":\"https:\/\/www.axiomams.eu\/lv\/produktas\/flir-t540-termokamera#breadcrumb\"},\"inLanguage\":\"lv-LV\",\"potentialAction\":[{\"@type\":\"ReadAction\",\"target\":[\"https:\/\/www.axiomams.eu\/lv\/produktas\/flir-t540-termokamera\"]}]},{\"@type\":\"ImageObject\",\"inLanguage\":\"lv-LV\",\"@id\":\"https:\/\/www.axiomams.eu\/lv\/produktas\/flir-t540-termokamera#primaryimage\",\"url\":\"https:\/\/www.axiomams.eu\/wp-content\/uploads\/2025\/07\/3524-5881.jpg\",\"contentUrl\":\"https:\/\/www.axiomams.eu\/wp-content\/uploads\/2025\/07\/3524-5881.jpg\",\"width\":978,\"height\":1020},{\"@type\":\"BreadcrumbList\",\"@id\":\"https:\/\/www.axiomams.eu\/lv\/produktas\/flir-t540-termokamera#breadcrumb\",\"itemListElement\":[{\"@type\":\"ListItem\",\"position\":1,\"name\":\"Home\",\"item\":\"https:\/\/www.axiomams.eu\/lv\"},{\"@type\":\"ListItem\",\"position\":2,\"name\":\"Produkti\",\"item\":\"https:\/\/www.axiomams.eu\/lv\/produkti\"},{\"@type\":\"ListItem\",\"position\":3,\"name\":\"Flir T540 termokamera\"}]},{\"@type\":\"WebSite\",\"@id\":\"https:\/\/www.axiomams.eu\/lv#website\",\"url\":\"https:\/\/www.axiomams.eu\/lv\",\"name\":\"AXIOMA MS\",\"description\":\"Terrmovizoriai ir matavimo \u012franga\",\"publisher\":{\"@id\":\"https:\/\/www.axiomams.eu\/lv#organization\"},\"potentialAction\":[{\"@type\":\"SearchAction\",\"target\":{\"@type\":\"EntryPoint\",\"urlTemplate\":\"https:\/\/www.axiomams.eu\/lv?s={search_term_string}\"},\"query-input\":{\"@type\":\"PropertyValueSpecification\",\"valueRequired\":true,\"valueName\":\"search_term_string\"}}],\"inLanguage\":\"lv-LV\"},{\"@type\":\"Organization\",\"@id\":\"https:\/\/www.axiomams.eu\/lv#organization\",\"name\":\"AXIOMA MS\",\"url\":\"https:\/\/www.axiomams.eu\/lv\",\"logo\":{\"@type\":\"ImageObject\",\"inLanguage\":\"lv-LV\",\"@id\":\"https:\/\/www.axiomams.eu\/lv#\/schema\/logo\/image\/\",\"url\":\"https:\/\/www.axiomams.eu\/wp-content\/uploads\/2025\/06\/axioma-logo-2.png\",\"contentUrl\":\"https:\/\/www.axiomams.eu\/wp-content\/uploads\/2025\/06\/axioma-logo-2.png\",\"width\":1200,\"height\":1200,\"caption\":\"AXIOMA MS\"},\"image\":{\"@id\":\"https:\/\/www.axiomams.eu\/lv#\/schema\/logo\/image\/\"},\"sameAs\":[\"https:\/\/www.facebook.com\/AxiomaMS\",\"https:\/\/www.linkedin.com\/company\/axiomams\/\"]}]}<\/script>\n<!-- \/ Yoast SEO plugin. -->","yoast_head_json":{"title":"Flir T540 termokamera - AXIOMA MS","robots":{"index":"index","follow":"follow","max-snippet":"max-snippet:-1","max-image-preview":"max-image-preview:large","max-video-preview":"max-video-preview:-1"},"canonical":"https:\/\/www.axiomams.eu\/lv\/produktas\/flir-t540-termokamera","og_locale":"lv_LV","og_type":"article","og_title":"Flir T540 termokamera - AXIOMA MS","og_description":"FLIR T540 termokamerai ir funkcijas, kas nepiecie\u0161amas profesion\u0101\u013ciem, lai prec\u012bzi noteiktu karstos punktus un iesp\u0113jamos defektus. FLIR T530 kameras ar 180\u00b0 le\u0146\u0137\u012b rot\u0113jo\u0161u objekt\u012bva platformu un spilgtu 4&#8243; LCD displeju ir izstr\u0101d\u0101tas t\u0101, lai pal\u012bdz\u0113tu lietot\u0101jiem diagnostic\u0113t gr\u016bti sasniedzamus komponentus jebkur\u0101 vid\u0113. Uzlabotie kamer\u0101 ieb\u016bv\u0113tie m\u0113r\u012b\u0161anas r\u012bki, l\u0101zera atbalst\u012bt\u0101 autom\u0101tisk\u0101 fokus\u0113\u0161ana un FLIR nozar\u0113 vado\u0161\u0101...","og_url":"https:\/\/www.axiomams.eu\/lv\/produktas\/flir-t540-termokamera","og_site_name":"AXIOMA MS","article_publisher":"https:\/\/www.facebook.com\/AxiomaMS","article_modified_time":"2026-03-25T15:01:55+00:00","og_image":[{"width":978,"height":1020,"url":"https:\/\/www.axiomams.eu\/wp-content\/uploads\/2025\/07\/3524-5881.jpg","type":"image\/jpeg"}],"twitter_card":"summary_large_image","twitter_misc":{"Est. reading time":"1 minute"},"schema":{"@context":"https:\/\/schema.org","@graph":[{"@type":"WebPage","@id":"https:\/\/www.axiomams.eu\/lv\/produktas\/flir-t540-termokamera","url":"https:\/\/www.axiomams.eu\/lv\/produktas\/flir-t540-termokamera","name":"Flir T540 termokamera - AXIOMA MS","isPartOf":{"@id":"https:\/\/www.axiomams.eu\/lv#website"},"primaryImageOfPage":{"@id":"https:\/\/www.axiomams.eu\/lv\/produktas\/flir-t540-termokamera#primaryimage"},"image":{"@id":"https:\/\/www.axiomams.eu\/lv\/produktas\/flir-t540-termokamera#primaryimage"},"thumbnailUrl":"https:\/\/www.axiomams.eu\/wp-content\/uploads\/2025\/07\/3524-5881.jpg","datePublished":"2025-05-15T16:07:47+00:00","dateModified":"2026-03-25T15:01:55+00:00","breadcrumb":{"@id":"https:\/\/www.axiomams.eu\/lv\/produktas\/flir-t540-termokamera#breadcrumb"},"inLanguage":"lv-LV","potentialAction":[{"@type":"ReadAction","target":["https:\/\/www.axiomams.eu\/lv\/produktas\/flir-t540-termokamera"]}]},{"@type":"ImageObject","inLanguage":"lv-LV","@id":"https:\/\/www.axiomams.eu\/lv\/produktas\/flir-t540-termokamera#primaryimage","url":"https:\/\/www.axiomams.eu\/wp-content\/uploads\/2025\/07\/3524-5881.jpg","contentUrl":"https:\/\/www.axiomams.eu\/wp-content\/uploads\/2025\/07\/3524-5881.jpg","width":978,"height":1020},{"@type":"BreadcrumbList","@id":"https:\/\/www.axiomams.eu\/lv\/produktas\/flir-t540-termokamera#breadcrumb","itemListElement":[{"@type":"ListItem","position":1,"name":"Home","item":"https:\/\/www.axiomams.eu\/lv"},{"@type":"ListItem","position":2,"name":"Produkti","item":"https:\/\/www.axiomams.eu\/lv\/produkti"},{"@type":"ListItem","position":3,"name":"Flir T540 termokamera"}]},{"@type":"WebSite","@id":"https:\/\/www.axiomams.eu\/lv#website","url":"https:\/\/www.axiomams.eu\/lv","name":"AXIOMA MS","description":"Terrmovizoriai ir matavimo \u012franga","publisher":{"@id":"https:\/\/www.axiomams.eu\/lv#organization"},"potentialAction":[{"@type":"SearchAction","target":{"@type":"EntryPoint","urlTemplate":"https:\/\/www.axiomams.eu\/lv?s={search_term_string}"},"query-input":{"@type":"PropertyValueSpecification","valueRequired":true,"valueName":"search_term_string"}}],"inLanguage":"lv-LV"},{"@type":"Organization","@id":"https:\/\/www.axiomams.eu\/lv#organization","name":"AXIOMA MS","url":"https:\/\/www.axiomams.eu\/lv","logo":{"@type":"ImageObject","inLanguage":"lv-LV","@id":"https:\/\/www.axiomams.eu\/lv#\/schema\/logo\/image\/","url":"https:\/\/www.axiomams.eu\/wp-content\/uploads\/2025\/06\/axioma-logo-2.png","contentUrl":"https:\/\/www.axiomams.eu\/wp-content\/uploads\/2025\/06\/axioma-logo-2.png","width":1200,"height":1200,"caption":"AXIOMA MS"},"image":{"@id":"https:\/\/www.axiomams.eu\/lv#\/schema\/logo\/image\/"},"sameAs":["https:\/\/www.facebook.com\/AxiomaMS","https:\/\/www.linkedin.com\/company\/axiomams\/"]}]}},"_links":{"self":[{"href":"https:\/\/www.axiomams.eu\/lv\/wp-json\/wp\/v2\/product\/39387","targetHints":{"allow":["GET"]}}],"collection":[{"href":"https:\/\/www.axiomams.eu\/lv\/wp-json\/wp\/v2\/product"}],"about":[{"href":"https:\/\/www.axiomams.eu\/lv\/wp-json\/wp\/v2\/types\/product"}],"replies":[{"embeddable":true,"href":"https:\/\/www.axiomams.eu\/lv\/wp-json\/wp\/v2\/comments?post=39387"}],"wp:featuredmedia":[{"embeddable":true,"href":"https:\/\/www.axiomams.eu\/lv\/wp-json\/wp\/v2\/media\/42491"}],"wp:attachment":[{"href":"https:\/\/www.axiomams.eu\/lv\/wp-json\/wp\/v2\/media?parent=39387"}],"wp:term":[{"taxonomy":"product_brand","embeddable":true,"href":"https:\/\/www.axiomams.eu\/lv\/wp-json\/wp\/v2\/product_brand?post=39387"},{"taxonomy":"product_cat","embeddable":true,"href":"https:\/\/www.axiomams.eu\/lv\/wp-json\/wp\/v2\/product_cat?post=39387"},{"taxonomy":"product_tag","embeddable":true,"href":"https:\/\/www.axiomams.eu\/lv\/wp-json\/wp\/v2\/product_tag?post=39387"}],"curies":[{"name":"wp","href":"https:\/\/api.w.org\/{rel}","templated":true}]}}