{"id":39391,"date":"2025-06-12T14:27:34","date_gmt":"2025-06-12T12:27:34","guid":{"rendered":"https:\/\/www.axiomams.eu\/produktas\/flir-t560sc-infrafed-kamera"},"modified":"2026-03-25T17:01:56","modified_gmt":"2026-03-25T15:01:56","slug":"flir-t560sc-infrafed-kamera","status":"publish","type":"product","link":"https:\/\/www.axiomams.eu\/lv\/produktas\/flir-t560sc-infrafed-kamera","title":{"rendered":"Flir T560sc Infrafed kamera"},"content":{"rendered":"<p>Jaunajam FLIR T560 ir funkcijas, kas profesion\u0101\u013ciem nepiecie\u0161amas, lai prec\u012bzi nov\u0113rstu karstos punktus un iesp\u0113jamos defektus. Pateicoties 180\u00b0 le\u0146\u0137\u012b rot\u0113jo\u0161ai objekt\u012bva platformai un spilgtam 4&#8243; LCD displejam, FLIR T560 kameras ir izstr\u0101d\u0101tas t\u0101, lai pal\u012bdz\u0113tu lietot\u0101jiem diagnostic\u0113t gr\u016bti sasniedzamus komponentus jebkur\u0101 vid\u0113. Uzlabotie kamer\u0101 ieb\u016bv\u0113tie m\u0113r\u012b\u0161anas r\u012bki, l\u0101zera atbalst\u012bt\u0101 autom\u0101tisk\u0101 fokus\u0113\u0161ana un FLIR nozar\u0113 vado\u0161\u0101 att\u0113lu kvalit\u0101te nodro\u0161ina \u0101tru probl\u0113mu atra\u0161anu un diagnostic\u0113\u0161anu.<\/p>\n<p>Standarta komplekts: FLIR T560 24\u00b0 termokamera, makrore\u017e\u012bms 50 \u00b5m 24\u00b0, akumulatora l\u0101d\u0113t\u0101ja baro\u0161anas avots, 15 W\/3 A baro\u0161anas avots, druk\u0101ta dokument\u0101cija, SD karte (8 GB), USB 2.0 A uz USB Type-C kabelis, USB Type-C uz HDMI un PD adapteris, USB Type-C uz USB Type-C kabelis (USB 2.0 standarts), objekt\u012bva v\u0101ci\u0146a siksni\u0146a, objekt\u012bva t\u012br\u012b\u0161anas lupati\u0146a, kakla siksni\u0146a, akumulators (2 gab.), akumulatora l\u0101d\u0113t\u0101js, programmat\u016bra FLIR Research Studio (gada abonements), ciets transport\u0113\u0161anas futr\u0101lis, objekt\u012bva v\u0101ci\u0146\u0161, priek\u0161\u0113jais, objekt\u012bva v\u0101ci\u0146\u0161.<\/p>\n","protected":false},"excerpt":{"rendered":"<p>Jaunajam FLIR T560 ir funkcijas, kas profesion\u0101\u013ciem nepiecie\u0161amas, lai prec\u012bzi nov\u0113rstu karstos punktus un iesp\u0113jamos defektus. Pateicoties 180\u00b0 le\u0146\u0137\u012b rot\u0113jo\u0161ai objekt\u012bva platformai un spilgtam 4&#8243; LCD displejam, FLIR T560 kameras ir izstr\u0101d\u0101tas t\u0101, lai pal\u012bdz\u0113tu lietot\u0101jiem diagnostic\u0113t gr\u016bti sasniedzamus komponentus jebkur\u0101 vid\u0113. Uzlabotie kamer\u0101 ieb\u016bv\u0113tie m\u0113r\u012b\u0161anas r\u012bki, l\u0101zera atbalst\u012bt\u0101 autom\u0101tisk\u0101 fokus\u0113\u0161ana un FLIR nozar\u0113 vado\u0161\u0101&#8230;<\/p>\n","protected":false},"featured_media":42503,"comment_status":"open","ping_status":"closed","template":"","meta":{"_acf_changed":false},"product_brand":[734],"product_cat":[17728,17754],"product_tag":[],"class_list":{"0":"post-39391","1":"product","2":"type-product","3":"status-publish","4":"has-post-thumbnail","6":"product_brand-flir","7":"product_cat-petniecibai","8":"product_cat-termiskai-analizei","10":"first","11":"instock","12":"taxable","13":"shipping-taxable","14":"product-type-simple"},"acf":[],"yoast_head":"<!-- This site is optimized with the Yoast SEO plugin v27.0 - https:\/\/yoast.com\/product\/yoast-seo-wordpress\/ -->\n<title>Flir T560sc Infrafed kamera - AXIOMA MS<\/title>\n<meta name=\"robots\" content=\"index, follow, max-snippet:-1, max-image-preview:large, max-video-preview:-1\" \/>\n<link rel=\"canonical\" href=\"https:\/\/www.axiomams.eu\/lv\/produktas\/flir-t560sc-infrafed-kamera\" \/>\n<meta property=\"og:locale\" content=\"lv_LV\" \/>\n<meta property=\"og:type\" content=\"article\" \/>\n<meta property=\"og:title\" content=\"Flir T560sc Infrafed kamera - AXIOMA MS\" \/>\n<meta property=\"og:description\" content=\"Jaunajam FLIR T560 ir funkcijas, kas profesion\u0101\u013ciem nepiecie\u0161amas, lai prec\u012bzi nov\u0113rstu karstos punktus un iesp\u0113jamos defektus. Pateicoties 180\u00b0 le\u0146\u0137\u012b rot\u0113jo\u0161ai objekt\u012bva platformai un spilgtam 4&#8243; LCD displejam, FLIR T560 kameras ir izstr\u0101d\u0101tas t\u0101, lai pal\u012bdz\u0113tu lietot\u0101jiem diagnostic\u0113t gr\u016bti sasniedzamus komponentus jebkur\u0101 vid\u0113. Uzlabotie kamer\u0101 ieb\u016bv\u0113tie m\u0113r\u012b\u0161anas r\u012bki, l\u0101zera atbalst\u012bt\u0101 autom\u0101tisk\u0101 fokus\u0113\u0161ana un FLIR nozar\u0113 vado\u0161\u0101...\" \/>\n<meta property=\"og:url\" content=\"https:\/\/www.axiomams.eu\/lv\/produktas\/flir-t560sc-infrafed-kamera\" \/>\n<meta property=\"og:site_name\" content=\"AXIOMA MS\" \/>\n<meta property=\"article:publisher\" content=\"https:\/\/www.facebook.com\/AxiomaMS\" \/>\n<meta property=\"article:modified_time\" content=\"2026-03-25T15:01:56+00:00\" \/>\n<meta property=\"og:image\" content=\"https:\/\/www.axiomams.eu\/wp-content\/uploads\/2025\/07\/2919-5990.jpg\" \/>\n\t<meta property=\"og:image:width\" content=\"1020\" \/>\n\t<meta property=\"og:image:height\" content=\"1020\" \/>\n\t<meta property=\"og:image:type\" content=\"image\/jpeg\" \/>\n<meta name=\"twitter:card\" content=\"summary_large_image\" \/>\n<meta name=\"twitter:label1\" content=\"Est. reading time\" \/>\n\t<meta name=\"twitter:data1\" content=\"1 minute\" \/>\n<script type=\"application\/ld+json\" class=\"yoast-schema-graph\">{\"@context\":\"https:\/\/schema.org\",\"@graph\":[{\"@type\":\"WebPage\",\"@id\":\"https:\/\/www.axiomams.eu\/lv\/produktas\/flir-t560sc-infrafed-kamera\",\"url\":\"https:\/\/www.axiomams.eu\/lv\/produktas\/flir-t560sc-infrafed-kamera\",\"name\":\"Flir T560sc Infrafed kamera - AXIOMA MS\",\"isPartOf\":{\"@id\":\"https:\/\/www.axiomams.eu\/lv#website\"},\"primaryImageOfPage\":{\"@id\":\"https:\/\/www.axiomams.eu\/lv\/produktas\/flir-t560sc-infrafed-kamera#primaryimage\"},\"image\":{\"@id\":\"https:\/\/www.axiomams.eu\/lv\/produktas\/flir-t560sc-infrafed-kamera#primaryimage\"},\"thumbnailUrl\":\"https:\/\/www.axiomams.eu\/wp-content\/uploads\/2025\/07\/2919-5990.jpg\",\"datePublished\":\"2025-06-12T12:27:34+00:00\",\"dateModified\":\"2026-03-25T15:01:56+00:00\",\"breadcrumb\":{\"@id\":\"https:\/\/www.axiomams.eu\/lv\/produktas\/flir-t560sc-infrafed-kamera#breadcrumb\"},\"inLanguage\":\"lv-LV\",\"potentialAction\":[{\"@type\":\"ReadAction\",\"target\":[\"https:\/\/www.axiomams.eu\/lv\/produktas\/flir-t560sc-infrafed-kamera\"]}]},{\"@type\":\"ImageObject\",\"inLanguage\":\"lv-LV\",\"@id\":\"https:\/\/www.axiomams.eu\/lv\/produktas\/flir-t560sc-infrafed-kamera#primaryimage\",\"url\":\"https:\/\/www.axiomams.eu\/wp-content\/uploads\/2025\/07\/2919-5990.jpg\",\"contentUrl\":\"https:\/\/www.axiomams.eu\/wp-content\/uploads\/2025\/07\/2919-5990.jpg\",\"width\":1020,\"height\":1020},{\"@type\":\"BreadcrumbList\",\"@id\":\"https:\/\/www.axiomams.eu\/lv\/produktas\/flir-t560sc-infrafed-kamera#breadcrumb\",\"itemListElement\":[{\"@type\":\"ListItem\",\"position\":1,\"name\":\"Home\",\"item\":\"https:\/\/www.axiomams.eu\/lv\"},{\"@type\":\"ListItem\",\"position\":2,\"name\":\"Produkti\",\"item\":\"https:\/\/www.axiomams.eu\/lv\/produkti\"},{\"@type\":\"ListItem\",\"position\":3,\"name\":\"Flir T560sc Infrafed kamera\"}]},{\"@type\":\"WebSite\",\"@id\":\"https:\/\/www.axiomams.eu\/lv#website\",\"url\":\"https:\/\/www.axiomams.eu\/lv\",\"name\":\"AXIOMA MS\",\"description\":\"Terrmovizoriai ir matavimo \u012franga\",\"publisher\":{\"@id\":\"https:\/\/www.axiomams.eu\/lv#organization\"},\"potentialAction\":[{\"@type\":\"SearchAction\",\"target\":{\"@type\":\"EntryPoint\",\"urlTemplate\":\"https:\/\/www.axiomams.eu\/lv?s={search_term_string}\"},\"query-input\":{\"@type\":\"PropertyValueSpecification\",\"valueRequired\":true,\"valueName\":\"search_term_string\"}}],\"inLanguage\":\"lv-LV\"},{\"@type\":\"Organization\",\"@id\":\"https:\/\/www.axiomams.eu\/lv#organization\",\"name\":\"AXIOMA MS\",\"url\":\"https:\/\/www.axiomams.eu\/lv\",\"logo\":{\"@type\":\"ImageObject\",\"inLanguage\":\"lv-LV\",\"@id\":\"https:\/\/www.axiomams.eu\/lv#\/schema\/logo\/image\/\",\"url\":\"https:\/\/www.axiomams.eu\/wp-content\/uploads\/2025\/06\/axioma-logo-2.png\",\"contentUrl\":\"https:\/\/www.axiomams.eu\/wp-content\/uploads\/2025\/06\/axioma-logo-2.png\",\"width\":1200,\"height\":1200,\"caption\":\"AXIOMA MS\"},\"image\":{\"@id\":\"https:\/\/www.axiomams.eu\/lv#\/schema\/logo\/image\/\"},\"sameAs\":[\"https:\/\/www.facebook.com\/AxiomaMS\",\"https:\/\/www.linkedin.com\/company\/axiomams\/\"]}]}<\/script>\n<!-- \/ Yoast SEO plugin. -->","yoast_head_json":{"title":"Flir T560sc Infrafed kamera - AXIOMA MS","robots":{"index":"index","follow":"follow","max-snippet":"max-snippet:-1","max-image-preview":"max-image-preview:large","max-video-preview":"max-video-preview:-1"},"canonical":"https:\/\/www.axiomams.eu\/lv\/produktas\/flir-t560sc-infrafed-kamera","og_locale":"lv_LV","og_type":"article","og_title":"Flir T560sc Infrafed kamera - AXIOMA MS","og_description":"Jaunajam FLIR T560 ir funkcijas, kas profesion\u0101\u013ciem nepiecie\u0161amas, lai prec\u012bzi nov\u0113rstu karstos punktus un iesp\u0113jamos defektus. Pateicoties 180\u00b0 le\u0146\u0137\u012b rot\u0113jo\u0161ai objekt\u012bva platformai un spilgtam 4&#8243; LCD displejam, FLIR T560 kameras ir izstr\u0101d\u0101tas t\u0101, lai pal\u012bdz\u0113tu lietot\u0101jiem diagnostic\u0113t gr\u016bti sasniedzamus komponentus jebkur\u0101 vid\u0113. Uzlabotie kamer\u0101 ieb\u016bv\u0113tie m\u0113r\u012b\u0161anas r\u012bki, l\u0101zera atbalst\u012bt\u0101 autom\u0101tisk\u0101 fokus\u0113\u0161ana un FLIR nozar\u0113 vado\u0161\u0101...","og_url":"https:\/\/www.axiomams.eu\/lv\/produktas\/flir-t560sc-infrafed-kamera","og_site_name":"AXIOMA MS","article_publisher":"https:\/\/www.facebook.com\/AxiomaMS","article_modified_time":"2026-03-25T15:01:56+00:00","og_image":[{"width":1020,"height":1020,"url":"https:\/\/www.axiomams.eu\/wp-content\/uploads\/2025\/07\/2919-5990.jpg","type":"image\/jpeg"}],"twitter_card":"summary_large_image","twitter_misc":{"Est. reading time":"1 minute"},"schema":{"@context":"https:\/\/schema.org","@graph":[{"@type":"WebPage","@id":"https:\/\/www.axiomams.eu\/lv\/produktas\/flir-t560sc-infrafed-kamera","url":"https:\/\/www.axiomams.eu\/lv\/produktas\/flir-t560sc-infrafed-kamera","name":"Flir T560sc Infrafed kamera - AXIOMA MS","isPartOf":{"@id":"https:\/\/www.axiomams.eu\/lv#website"},"primaryImageOfPage":{"@id":"https:\/\/www.axiomams.eu\/lv\/produktas\/flir-t560sc-infrafed-kamera#primaryimage"},"image":{"@id":"https:\/\/www.axiomams.eu\/lv\/produktas\/flir-t560sc-infrafed-kamera#primaryimage"},"thumbnailUrl":"https:\/\/www.axiomams.eu\/wp-content\/uploads\/2025\/07\/2919-5990.jpg","datePublished":"2025-06-12T12:27:34+00:00","dateModified":"2026-03-25T15:01:56+00:00","breadcrumb":{"@id":"https:\/\/www.axiomams.eu\/lv\/produktas\/flir-t560sc-infrafed-kamera#breadcrumb"},"inLanguage":"lv-LV","potentialAction":[{"@type":"ReadAction","target":["https:\/\/www.axiomams.eu\/lv\/produktas\/flir-t560sc-infrafed-kamera"]}]},{"@type":"ImageObject","inLanguage":"lv-LV","@id":"https:\/\/www.axiomams.eu\/lv\/produktas\/flir-t560sc-infrafed-kamera#primaryimage","url":"https:\/\/www.axiomams.eu\/wp-content\/uploads\/2025\/07\/2919-5990.jpg","contentUrl":"https:\/\/www.axiomams.eu\/wp-content\/uploads\/2025\/07\/2919-5990.jpg","width":1020,"height":1020},{"@type":"BreadcrumbList","@id":"https:\/\/www.axiomams.eu\/lv\/produktas\/flir-t560sc-infrafed-kamera#breadcrumb","itemListElement":[{"@type":"ListItem","position":1,"name":"Home","item":"https:\/\/www.axiomams.eu\/lv"},{"@type":"ListItem","position":2,"name":"Produkti","item":"https:\/\/www.axiomams.eu\/lv\/produkti"},{"@type":"ListItem","position":3,"name":"Flir T560sc Infrafed kamera"}]},{"@type":"WebSite","@id":"https:\/\/www.axiomams.eu\/lv#website","url":"https:\/\/www.axiomams.eu\/lv","name":"AXIOMA MS","description":"Terrmovizoriai ir matavimo \u012franga","publisher":{"@id":"https:\/\/www.axiomams.eu\/lv#organization"},"potentialAction":[{"@type":"SearchAction","target":{"@type":"EntryPoint","urlTemplate":"https:\/\/www.axiomams.eu\/lv?s={search_term_string}"},"query-input":{"@type":"PropertyValueSpecification","valueRequired":true,"valueName":"search_term_string"}}],"inLanguage":"lv-LV"},{"@type":"Organization","@id":"https:\/\/www.axiomams.eu\/lv#organization","name":"AXIOMA MS","url":"https:\/\/www.axiomams.eu\/lv","logo":{"@type":"ImageObject","inLanguage":"lv-LV","@id":"https:\/\/www.axiomams.eu\/lv#\/schema\/logo\/image\/","url":"https:\/\/www.axiomams.eu\/wp-content\/uploads\/2025\/06\/axioma-logo-2.png","contentUrl":"https:\/\/www.axiomams.eu\/wp-content\/uploads\/2025\/06\/axioma-logo-2.png","width":1200,"height":1200,"caption":"AXIOMA MS"},"image":{"@id":"https:\/\/www.axiomams.eu\/lv#\/schema\/logo\/image\/"},"sameAs":["https:\/\/www.facebook.com\/AxiomaMS","https:\/\/www.linkedin.com\/company\/axiomams\/"]}]}},"_links":{"self":[{"href":"https:\/\/www.axiomams.eu\/lv\/wp-json\/wp\/v2\/product\/39391","targetHints":{"allow":["GET"]}}],"collection":[{"href":"https:\/\/www.axiomams.eu\/lv\/wp-json\/wp\/v2\/product"}],"about":[{"href":"https:\/\/www.axiomams.eu\/lv\/wp-json\/wp\/v2\/types\/product"}],"replies":[{"embeddable":true,"href":"https:\/\/www.axiomams.eu\/lv\/wp-json\/wp\/v2\/comments?post=39391"}],"wp:featuredmedia":[{"embeddable":true,"href":"https:\/\/www.axiomams.eu\/lv\/wp-json\/wp\/v2\/media\/42503"}],"wp:attachment":[{"href":"https:\/\/www.axiomams.eu\/lv\/wp-json\/wp\/v2\/media?parent=39391"}],"wp:term":[{"taxonomy":"product_brand","embeddable":true,"href":"https:\/\/www.axiomams.eu\/lv\/wp-json\/wp\/v2\/product_brand?post=39391"},{"taxonomy":"product_cat","embeddable":true,"href":"https:\/\/www.axiomams.eu\/lv\/wp-json\/wp\/v2\/product_cat?post=39391"},{"taxonomy":"product_tag","embeddable":true,"href":"https:\/\/www.axiomams.eu\/lv\/wp-json\/wp\/v2\/product_tag?post=39391"}],"curies":[{"name":"wp","href":"https:\/\/api.w.org\/{rel}","templated":true}]}}