{"id":39393,"date":"2025-05-15T18:07:48","date_gmt":"2025-05-15T16:07:48","guid":{"rendered":"https:\/\/www.axiomams.eu\/produktas\/flir-t840-infrasarkana-kamera"},"modified":"2026-03-25T17:01:56","modified_gmt":"2026-03-25T15:01:56","slug":"flir-t840-infrasarkana-kamera","status":"publish","type":"product","link":"https:\/\/www.axiomams.eu\/lv\/produktas\/flir-t840-infrasarkana-kamera","title":{"rendered":"Flir T840 infrasarkan\u0101 kamera"},"content":{"rendered":"<p>FLIR T840 infrasarkan\u0101 kamera ir izstr\u0101d\u0101ta, lai pal\u012bdz\u0113tu elektroapg\u0101des un citu termogr\u0101fijas jomu profesion\u0101\u013ciem \u0113rti apsekot iek\u0101rtas gan telp\u0101s, gan \u0101rpus t\u0101m un mekl\u0113t boj\u0101jumu paz\u012bmes visas dienas garum\u0101.<\/p>\n<p>Standarta komplekts: Akumulatora l\u0101d\u0113t\u0101ja baro\u0161anas bloks, 15 W\/3 A baro\u0161anas bloks, druk\u0101ta dokument\u0101cija, SD karte (8 GB), USB 2.0 A uz USB Type-C kabeli, USB Type-C uz HDMI un PD adapteris, B Type-C uz USB Type-C kabelis (USB 2.0 standarts), objekt\u012bva v\u0101ci\u0146a siksni\u0146a, objekt\u012bva t\u012br\u012b\u0161anas dr\u0101ni\u0146a, kakla siksni\u0146a, mazais acu uzliktnis, akumulators (2 gab.), akumulatora l\u0101d\u0113t\u0101js, cietais transport\u0113\u0161anas futr\u0101lis, infrasarkan\u0101 kamera ar objekt\u012bvu, objekt\u012bva v\u0101ci\u0146\u0161, priek\u0161\u0113jais, objekt\u012bva priek\u0161\u0113jais un aizmugures v\u0101ci\u0146\u0161 (tikai papildus objekt\u012bviem).<\/p>\n<h3>Tehnisk\u0101 inform\u0101cija:<\/h3>\n<ul>\n<li><a href=\"https:\/\/axiomams.eu\/importer\/export\/attachments\/en\/flir-t840-t865.pdf\" target=\"_blank\">FLIR T840 T865.pdf<\/a><\/li>\n<\/ul>\n","protected":false},"excerpt":{"rendered":"<p>FLIR T840 infrasarkan\u0101 kamera ir izstr\u0101d\u0101ta, lai pal\u012bdz\u0113tu elektroapg\u0101des un citu termogr\u0101fijas jomu profesion\u0101\u013ciem \u0113rti apsekot iek\u0101rtas gan telp\u0101s, gan \u0101rpus t\u0101m un mekl\u0113t boj\u0101jumu paz\u012bmes visas dienas garum\u0101. Standarta komplekts: Akumulatora l\u0101d\u0113t\u0101ja baro\u0161anas bloks, 15 W\/3 A baro\u0161anas bloks, druk\u0101ta dokument\u0101cija, SD karte (8 GB), USB 2.0 A uz USB Type-C kabeli, USB Type-C&#8230;<\/p>\n","protected":false},"featured_media":42507,"comment_status":"open","ping_status":"closed","template":"","meta":{"_acf_changed":false},"product_brand":[734],"product_cat":[17729],"product_tag":[],"class_list":{"0":"post-39393","1":"product","2":"type-product","3":"status-publish","4":"has-post-thumbnail","6":"product_brand-flir","7":"product_cat-energijas-un-eku-diagnostika","9":"first","10":"instock","11":"taxable","12":"shipping-taxable","13":"product-type-simple"},"acf":[],"yoast_head":"<!-- This site is optimized with the Yoast SEO plugin v27.0 - https:\/\/yoast.com\/product\/yoast-seo-wordpress\/ -->\n<title>Flir T840 infrasarkan\u0101 kamera - AXIOMA MS<\/title>\n<meta name=\"robots\" content=\"index, follow, max-snippet:-1, max-image-preview:large, max-video-preview:-1\" \/>\n<link rel=\"canonical\" href=\"https:\/\/www.axiomams.eu\/lv\/produktas\/flir-t840-infrasarkana-kamera\" \/>\n<meta property=\"og:locale\" content=\"lv_LV\" \/>\n<meta property=\"og:type\" content=\"article\" \/>\n<meta property=\"og:title\" content=\"Flir T840 infrasarkan\u0101 kamera - AXIOMA MS\" \/>\n<meta property=\"og:description\" content=\"FLIR T840 infrasarkan\u0101 kamera ir izstr\u0101d\u0101ta, lai pal\u012bdz\u0113tu elektroapg\u0101des un citu termogr\u0101fijas jomu profesion\u0101\u013ciem \u0113rti apsekot iek\u0101rtas gan telp\u0101s, gan \u0101rpus t\u0101m un mekl\u0113t boj\u0101jumu paz\u012bmes visas dienas garum\u0101. Standarta komplekts: Akumulatora l\u0101d\u0113t\u0101ja baro\u0161anas bloks, 15 W\/3 A baro\u0161anas bloks, druk\u0101ta dokument\u0101cija, SD karte (8 GB), USB 2.0 A uz USB Type-C kabeli, USB Type-C...\" \/>\n<meta property=\"og:url\" content=\"https:\/\/www.axiomams.eu\/lv\/produktas\/flir-t840-infrasarkana-kamera\" \/>\n<meta property=\"og:site_name\" content=\"AXIOMA MS\" \/>\n<meta property=\"article:publisher\" content=\"https:\/\/www.facebook.com\/AxiomaMS\" \/>\n<meta property=\"article:modified_time\" content=\"2026-03-25T15:01:56+00:00\" \/>\n<meta property=\"og:image\" content=\"https:\/\/www.axiomams.eu\/wp-content\/uploads\/2025\/07\/2602-3352.jpg\" \/>\n\t<meta property=\"og:image:width\" content=\"1100\" \/>\n\t<meta property=\"og:image:height\" content=\"1000\" \/>\n\t<meta property=\"og:image:type\" content=\"image\/jpeg\" \/>\n<meta name=\"twitter:card\" content=\"summary_large_image\" \/>\n<meta name=\"twitter:label1\" content=\"Est. reading time\" \/>\n\t<meta name=\"twitter:data1\" content=\"1 minute\" \/>\n<script type=\"application\/ld+json\" class=\"yoast-schema-graph\">{\"@context\":\"https:\/\/schema.org\",\"@graph\":[{\"@type\":\"WebPage\",\"@id\":\"https:\/\/www.axiomams.eu\/lv\/produktas\/flir-t840-infrasarkana-kamera\",\"url\":\"https:\/\/www.axiomams.eu\/lv\/produktas\/flir-t840-infrasarkana-kamera\",\"name\":\"Flir T840 infrasarkan\u0101 kamera - AXIOMA MS\",\"isPartOf\":{\"@id\":\"https:\/\/www.axiomams.eu\/lv#website\"},\"primaryImageOfPage\":{\"@id\":\"https:\/\/www.axiomams.eu\/lv\/produktas\/flir-t840-infrasarkana-kamera#primaryimage\"},\"image\":{\"@id\":\"https:\/\/www.axiomams.eu\/lv\/produktas\/flir-t840-infrasarkana-kamera#primaryimage\"},\"thumbnailUrl\":\"https:\/\/www.axiomams.eu\/wp-content\/uploads\/2025\/07\/2602-3352.jpg\",\"datePublished\":\"2025-05-15T16:07:48+00:00\",\"dateModified\":\"2026-03-25T15:01:56+00:00\",\"breadcrumb\":{\"@id\":\"https:\/\/www.axiomams.eu\/lv\/produktas\/flir-t840-infrasarkana-kamera#breadcrumb\"},\"inLanguage\":\"lv-LV\",\"potentialAction\":[{\"@type\":\"ReadAction\",\"target\":[\"https:\/\/www.axiomams.eu\/lv\/produktas\/flir-t840-infrasarkana-kamera\"]}]},{\"@type\":\"ImageObject\",\"inLanguage\":\"lv-LV\",\"@id\":\"https:\/\/www.axiomams.eu\/lv\/produktas\/flir-t840-infrasarkana-kamera#primaryimage\",\"url\":\"https:\/\/www.axiomams.eu\/wp-content\/uploads\/2025\/07\/2602-3352.jpg\",\"contentUrl\":\"https:\/\/www.axiomams.eu\/wp-content\/uploads\/2025\/07\/2602-3352.jpg\",\"width\":1100,\"height\":1000},{\"@type\":\"BreadcrumbList\",\"@id\":\"https:\/\/www.axiomams.eu\/lv\/produktas\/flir-t840-infrasarkana-kamera#breadcrumb\",\"itemListElement\":[{\"@type\":\"ListItem\",\"position\":1,\"name\":\"Home\",\"item\":\"https:\/\/www.axiomams.eu\/lv\"},{\"@type\":\"ListItem\",\"position\":2,\"name\":\"Produkti\",\"item\":\"https:\/\/www.axiomams.eu\/lv\/produkti\"},{\"@type\":\"ListItem\",\"position\":3,\"name\":\"Flir T840 infrasarkan\u0101 kamera\"}]},{\"@type\":\"WebSite\",\"@id\":\"https:\/\/www.axiomams.eu\/lv#website\",\"url\":\"https:\/\/www.axiomams.eu\/lv\",\"name\":\"AXIOMA MS\",\"description\":\"Terrmovizoriai ir matavimo \u012franga\",\"publisher\":{\"@id\":\"https:\/\/www.axiomams.eu\/lv#organization\"},\"potentialAction\":[{\"@type\":\"SearchAction\",\"target\":{\"@type\":\"EntryPoint\",\"urlTemplate\":\"https:\/\/www.axiomams.eu\/lv?s={search_term_string}\"},\"query-input\":{\"@type\":\"PropertyValueSpecification\",\"valueRequired\":true,\"valueName\":\"search_term_string\"}}],\"inLanguage\":\"lv-LV\"},{\"@type\":\"Organization\",\"@id\":\"https:\/\/www.axiomams.eu\/lv#organization\",\"name\":\"AXIOMA MS\",\"url\":\"https:\/\/www.axiomams.eu\/lv\",\"logo\":{\"@type\":\"ImageObject\",\"inLanguage\":\"lv-LV\",\"@id\":\"https:\/\/www.axiomams.eu\/lv#\/schema\/logo\/image\/\",\"url\":\"https:\/\/www.axiomams.eu\/wp-content\/uploads\/2025\/06\/axioma-logo-2.png\",\"contentUrl\":\"https:\/\/www.axiomams.eu\/wp-content\/uploads\/2025\/06\/axioma-logo-2.png\",\"width\":1200,\"height\":1200,\"caption\":\"AXIOMA MS\"},\"image\":{\"@id\":\"https:\/\/www.axiomams.eu\/lv#\/schema\/logo\/image\/\"},\"sameAs\":[\"https:\/\/www.facebook.com\/AxiomaMS\",\"https:\/\/www.linkedin.com\/company\/axiomams\/\"]}]}<\/script>\n<!-- \/ Yoast SEO plugin. -->","yoast_head_json":{"title":"Flir T840 infrasarkan\u0101 kamera - AXIOMA MS","robots":{"index":"index","follow":"follow","max-snippet":"max-snippet:-1","max-image-preview":"max-image-preview:large","max-video-preview":"max-video-preview:-1"},"canonical":"https:\/\/www.axiomams.eu\/lv\/produktas\/flir-t840-infrasarkana-kamera","og_locale":"lv_LV","og_type":"article","og_title":"Flir T840 infrasarkan\u0101 kamera - AXIOMA MS","og_description":"FLIR T840 infrasarkan\u0101 kamera ir izstr\u0101d\u0101ta, lai pal\u012bdz\u0113tu elektroapg\u0101des un citu termogr\u0101fijas jomu profesion\u0101\u013ciem \u0113rti apsekot iek\u0101rtas gan telp\u0101s, gan \u0101rpus t\u0101m un mekl\u0113t boj\u0101jumu paz\u012bmes visas dienas garum\u0101. Standarta komplekts: Akumulatora l\u0101d\u0113t\u0101ja baro\u0161anas bloks, 15 W\/3 A baro\u0161anas bloks, druk\u0101ta dokument\u0101cija, SD karte (8 GB), USB 2.0 A uz USB Type-C kabeli, USB Type-C...","og_url":"https:\/\/www.axiomams.eu\/lv\/produktas\/flir-t840-infrasarkana-kamera","og_site_name":"AXIOMA MS","article_publisher":"https:\/\/www.facebook.com\/AxiomaMS","article_modified_time":"2026-03-25T15:01:56+00:00","og_image":[{"width":1100,"height":1000,"url":"https:\/\/www.axiomams.eu\/wp-content\/uploads\/2025\/07\/2602-3352.jpg","type":"image\/jpeg"}],"twitter_card":"summary_large_image","twitter_misc":{"Est. reading time":"1 minute"},"schema":{"@context":"https:\/\/schema.org","@graph":[{"@type":"WebPage","@id":"https:\/\/www.axiomams.eu\/lv\/produktas\/flir-t840-infrasarkana-kamera","url":"https:\/\/www.axiomams.eu\/lv\/produktas\/flir-t840-infrasarkana-kamera","name":"Flir T840 infrasarkan\u0101 kamera - AXIOMA MS","isPartOf":{"@id":"https:\/\/www.axiomams.eu\/lv#website"},"primaryImageOfPage":{"@id":"https:\/\/www.axiomams.eu\/lv\/produktas\/flir-t840-infrasarkana-kamera#primaryimage"},"image":{"@id":"https:\/\/www.axiomams.eu\/lv\/produktas\/flir-t840-infrasarkana-kamera#primaryimage"},"thumbnailUrl":"https:\/\/www.axiomams.eu\/wp-content\/uploads\/2025\/07\/2602-3352.jpg","datePublished":"2025-05-15T16:07:48+00:00","dateModified":"2026-03-25T15:01:56+00:00","breadcrumb":{"@id":"https:\/\/www.axiomams.eu\/lv\/produktas\/flir-t840-infrasarkana-kamera#breadcrumb"},"inLanguage":"lv-LV","potentialAction":[{"@type":"ReadAction","target":["https:\/\/www.axiomams.eu\/lv\/produktas\/flir-t840-infrasarkana-kamera"]}]},{"@type":"ImageObject","inLanguage":"lv-LV","@id":"https:\/\/www.axiomams.eu\/lv\/produktas\/flir-t840-infrasarkana-kamera#primaryimage","url":"https:\/\/www.axiomams.eu\/wp-content\/uploads\/2025\/07\/2602-3352.jpg","contentUrl":"https:\/\/www.axiomams.eu\/wp-content\/uploads\/2025\/07\/2602-3352.jpg","width":1100,"height":1000},{"@type":"BreadcrumbList","@id":"https:\/\/www.axiomams.eu\/lv\/produktas\/flir-t840-infrasarkana-kamera#breadcrumb","itemListElement":[{"@type":"ListItem","position":1,"name":"Home","item":"https:\/\/www.axiomams.eu\/lv"},{"@type":"ListItem","position":2,"name":"Produkti","item":"https:\/\/www.axiomams.eu\/lv\/produkti"},{"@type":"ListItem","position":3,"name":"Flir T840 infrasarkan\u0101 kamera"}]},{"@type":"WebSite","@id":"https:\/\/www.axiomams.eu\/lv#website","url":"https:\/\/www.axiomams.eu\/lv","name":"AXIOMA MS","description":"Terrmovizoriai ir matavimo \u012franga","publisher":{"@id":"https:\/\/www.axiomams.eu\/lv#organization"},"potentialAction":[{"@type":"SearchAction","target":{"@type":"EntryPoint","urlTemplate":"https:\/\/www.axiomams.eu\/lv?s={search_term_string}"},"query-input":{"@type":"PropertyValueSpecification","valueRequired":true,"valueName":"search_term_string"}}],"inLanguage":"lv-LV"},{"@type":"Organization","@id":"https:\/\/www.axiomams.eu\/lv#organization","name":"AXIOMA MS","url":"https:\/\/www.axiomams.eu\/lv","logo":{"@type":"ImageObject","inLanguage":"lv-LV","@id":"https:\/\/www.axiomams.eu\/lv#\/schema\/logo\/image\/","url":"https:\/\/www.axiomams.eu\/wp-content\/uploads\/2025\/06\/axioma-logo-2.png","contentUrl":"https:\/\/www.axiomams.eu\/wp-content\/uploads\/2025\/06\/axioma-logo-2.png","width":1200,"height":1200,"caption":"AXIOMA MS"},"image":{"@id":"https:\/\/www.axiomams.eu\/lv#\/schema\/logo\/image\/"},"sameAs":["https:\/\/www.facebook.com\/AxiomaMS","https:\/\/www.linkedin.com\/company\/axiomams\/"]}]}},"_links":{"self":[{"href":"https:\/\/www.axiomams.eu\/lv\/wp-json\/wp\/v2\/product\/39393","targetHints":{"allow":["GET"]}}],"collection":[{"href":"https:\/\/www.axiomams.eu\/lv\/wp-json\/wp\/v2\/product"}],"about":[{"href":"https:\/\/www.axiomams.eu\/lv\/wp-json\/wp\/v2\/types\/product"}],"replies":[{"embeddable":true,"href":"https:\/\/www.axiomams.eu\/lv\/wp-json\/wp\/v2\/comments?post=39393"}],"wp:featuredmedia":[{"embeddable":true,"href":"https:\/\/www.axiomams.eu\/lv\/wp-json\/wp\/v2\/media\/42507"}],"wp:attachment":[{"href":"https:\/\/www.axiomams.eu\/lv\/wp-json\/wp\/v2\/media?parent=39393"}],"wp:term":[{"taxonomy":"product_brand","embeddable":true,"href":"https:\/\/www.axiomams.eu\/lv\/wp-json\/wp\/v2\/product_brand?post=39393"},{"taxonomy":"product_cat","embeddable":true,"href":"https:\/\/www.axiomams.eu\/lv\/wp-json\/wp\/v2\/product_cat?post=39393"},{"taxonomy":"product_tag","embeddable":true,"href":"https:\/\/www.axiomams.eu\/lv\/wp-json\/wp\/v2\/product_tag?post=39393"}],"curies":[{"name":"wp","href":"https:\/\/api.w.org\/{rel}","templated":true}]}}