{"id":39395,"date":"2025-05-15T18:07:55","date_gmt":"2025-05-15T16:07:55","guid":{"rendered":"https:\/\/www.axiomams.eu\/produktas\/sinus-tango-1-klases-skanas-limena-meritajs"},"modified":"2026-03-25T17:01:58","modified_gmt":"2026-03-25T15:01:58","slug":"sinus-tango-1-klases-skanas-limena-meritajs","status":"publish","type":"product","link":"https:\/\/www.axiomams.eu\/lv\/produktas\/sinus-tango-1-klases-skanas-limena-meritajs","title":{"rendered":"Sinus Tango 1. klases ska\u0146as l\u012bme\u0146a m\u0113r\u012bt\u0101js"},"content":{"rendered":"<p>SINUS Messtechnik Tango ska\u0146as l\u012bme\u0146a m\u0113r\u012bt\u0101js saska\u0146\u0101 ar IEC 61672 ar 1\/1 un 1\/3 okt\u0101vas analizatoru darba un vides aizsardz\u012bbas vajadz\u012bb\u0101m. Iesp\u0113jams izmantot no\u0146emamu mikrofonu un priek\u0161pastiprin\u0101t\u0101ju, izmantojot pagarin\u0101t\u0101ju. Izm\u0113r\u012bt\u0101s v\u0113rt\u012bbas tiek att\u0113lotas TFT kr\u0101su displej\u0101, un t\u0101s ir nolas\u0101mas pat liel\u0101kos att\u0101lumos saules gaism\u0101 vai tums\u0101. Skaidri izvietotajai tastat\u016brai ir j\u016btams tausti\u0146u spiediens.<\/p>\n<p>Standarta komplekts: Tango 1. klases, v\u0113jstikls, somi\u0146a, lietot\u0101ja rokasgr\u0101mata, Tango-Utilities programmat\u016bra.<\/p>\n<h3>Tehnisk\u0101 inform\u0101cija:<\/h3>\n<ul>\n<li><a href=\"https:\/\/axiomams.eu\/importer\/export\/attachments\/en\/sinus-tango-class-1.pdf\" target=\"_blank\">Sinus Tango Class 1.pdf<\/a><\/li>\n<\/ul>\n","protected":false},"excerpt":{"rendered":"<p>SINUS Messtechnik Tango ska\u0146as l\u012bme\u0146a m\u0113r\u012bt\u0101js saska\u0146\u0101 ar IEC 61672 ar 1\/1 un 1\/3 okt\u0101vas analizatoru darba un vides aizsardz\u012bbas vajadz\u012bb\u0101m. Iesp\u0113jams izmantot no\u0146emamu mikrofonu un priek\u0161pastiprin\u0101t\u0101ju, izmantojot pagarin\u0101t\u0101ju. Izm\u0113r\u012bt\u0101s v\u0113rt\u012bbas tiek att\u0113lotas TFT kr\u0101su displej\u0101, un t\u0101s ir nolas\u0101mas pat liel\u0101kos att\u0101lumos saules gaism\u0101 vai tums\u0101. Skaidri izvietotajai tastat\u016brai ir j\u016btams tausti\u0146u spiediens. Standarta&#8230;<\/p>\n","protected":false},"featured_media":42511,"comment_status":"open","ping_status":"closed","template":"","meta":{"_acf_changed":false},"product_brand":[733],"product_cat":[17722],"product_tag":[],"class_list":{"0":"post-39395","1":"product","2":"type-product","3":"status-publish","4":"has-post-thumbnail","6":"product_brand-sinus","7":"product_cat-apgaismojuma-troksna-gaisa-plusmas-merisanai","9":"first","10":"instock","11":"taxable","12":"shipping-taxable","13":"purchasable","14":"product-type-simple"},"acf":[],"yoast_head":"<!-- This site is optimized with the Yoast SEO plugin v27.0 - https:\/\/yoast.com\/product\/yoast-seo-wordpress\/ -->\n<title>Sinus Tango 1. klases ska\u0146as l\u012bme\u0146a m\u0113r\u012bt\u0101js - AXIOMA MS<\/title>\n<meta name=\"robots\" content=\"index, follow, max-snippet:-1, max-image-preview:large, max-video-preview:-1\" \/>\n<link rel=\"canonical\" href=\"https:\/\/www.axiomams.eu\/lv\/produktas\/sinus-tango-1-klases-skanas-limena-meritajs\" \/>\n<meta property=\"og:locale\" content=\"lv_LV\" \/>\n<meta property=\"og:type\" content=\"article\" \/>\n<meta property=\"og:title\" content=\"Sinus Tango 1. klases ska\u0146as l\u012bme\u0146a m\u0113r\u012bt\u0101js - AXIOMA MS\" \/>\n<meta property=\"og:description\" content=\"SINUS Messtechnik Tango ska\u0146as l\u012bme\u0146a m\u0113r\u012bt\u0101js saska\u0146\u0101 ar IEC 61672 ar 1\/1 un 1\/3 okt\u0101vas analizatoru darba un vides aizsardz\u012bbas vajadz\u012bb\u0101m. Iesp\u0113jams izmantot no\u0146emamu mikrofonu un priek\u0161pastiprin\u0101t\u0101ju, izmantojot pagarin\u0101t\u0101ju. Izm\u0113r\u012bt\u0101s v\u0113rt\u012bbas tiek att\u0113lotas TFT kr\u0101su displej\u0101, un t\u0101s ir nolas\u0101mas pat liel\u0101kos att\u0101lumos saules gaism\u0101 vai tums\u0101. Skaidri izvietotajai tastat\u016brai ir j\u016btams tausti\u0146u spiediens. Standarta...\" \/>\n<meta property=\"og:url\" content=\"https:\/\/www.axiomams.eu\/lv\/produktas\/sinus-tango-1-klases-skanas-limena-meritajs\" \/>\n<meta property=\"og:site_name\" content=\"AXIOMA MS\" \/>\n<meta property=\"article:publisher\" content=\"https:\/\/www.facebook.com\/AxiomaMS\" \/>\n<meta property=\"article:modified_time\" content=\"2026-03-25T15:01:58+00:00\" \/>\n<meta property=\"og:image\" content=\"https:\/\/www.axiomams.eu\/wp-content\/uploads\/2025\/07\/3206-4318.jpg\" \/>\n\t<meta property=\"og:image:width\" content=\"692\" \/>\n\t<meta property=\"og:image:height\" content=\"1020\" \/>\n\t<meta property=\"og:image:type\" content=\"image\/jpeg\" \/>\n<meta name=\"twitter:card\" content=\"summary_large_image\" \/>\n<meta name=\"twitter:label1\" content=\"Est. reading time\" \/>\n\t<meta name=\"twitter:data1\" content=\"1 minute\" \/>\n<script type=\"application\/ld+json\" class=\"yoast-schema-graph\">{\"@context\":\"https:\/\/schema.org\",\"@graph\":[{\"@type\":\"WebPage\",\"@id\":\"https:\/\/www.axiomams.eu\/lv\/produktas\/sinus-tango-1-klases-skanas-limena-meritajs\",\"url\":\"https:\/\/www.axiomams.eu\/lv\/produktas\/sinus-tango-1-klases-skanas-limena-meritajs\",\"name\":\"Sinus Tango 1. klases ska\u0146as l\u012bme\u0146a m\u0113r\u012bt\u0101js - AXIOMA MS\",\"isPartOf\":{\"@id\":\"https:\/\/www.axiomams.eu\/lv#website\"},\"primaryImageOfPage\":{\"@id\":\"https:\/\/www.axiomams.eu\/lv\/produktas\/sinus-tango-1-klases-skanas-limena-meritajs#primaryimage\"},\"image\":{\"@id\":\"https:\/\/www.axiomams.eu\/lv\/produktas\/sinus-tango-1-klases-skanas-limena-meritajs#primaryimage\"},\"thumbnailUrl\":\"https:\/\/www.axiomams.eu\/wp-content\/uploads\/2025\/07\/3206-4318.jpg\",\"datePublished\":\"2025-05-15T16:07:55+00:00\",\"dateModified\":\"2026-03-25T15:01:58+00:00\",\"breadcrumb\":{\"@id\":\"https:\/\/www.axiomams.eu\/lv\/produktas\/sinus-tango-1-klases-skanas-limena-meritajs#breadcrumb\"},\"inLanguage\":\"lv-LV\",\"potentialAction\":[{\"@type\":\"ReadAction\",\"target\":[\"https:\/\/www.axiomams.eu\/lv\/produktas\/sinus-tango-1-klases-skanas-limena-meritajs\"]}]},{\"@type\":\"ImageObject\",\"inLanguage\":\"lv-LV\",\"@id\":\"https:\/\/www.axiomams.eu\/lv\/produktas\/sinus-tango-1-klases-skanas-limena-meritajs#primaryimage\",\"url\":\"https:\/\/www.axiomams.eu\/wp-content\/uploads\/2025\/07\/3206-4318.jpg\",\"contentUrl\":\"https:\/\/www.axiomams.eu\/wp-content\/uploads\/2025\/07\/3206-4318.jpg\",\"width\":692,\"height\":1020},{\"@type\":\"BreadcrumbList\",\"@id\":\"https:\/\/www.axiomams.eu\/lv\/produktas\/sinus-tango-1-klases-skanas-limena-meritajs#breadcrumb\",\"itemListElement\":[{\"@type\":\"ListItem\",\"position\":1,\"name\":\"Home\",\"item\":\"https:\/\/www.axiomams.eu\/lv\"},{\"@type\":\"ListItem\",\"position\":2,\"name\":\"Produkti\",\"item\":\"https:\/\/www.axiomams.eu\/lv\/produkti\"},{\"@type\":\"ListItem\",\"position\":3,\"name\":\"Sinus Tango 1. klases ska\u0146as l\u012bme\u0146a m\u0113r\u012bt\u0101js\"}]},{\"@type\":\"WebSite\",\"@id\":\"https:\/\/www.axiomams.eu\/lv#website\",\"url\":\"https:\/\/www.axiomams.eu\/lv\",\"name\":\"AXIOMA MS\",\"description\":\"Terrmovizoriai ir matavimo \u012franga\",\"publisher\":{\"@id\":\"https:\/\/www.axiomams.eu\/lv#organization\"},\"potentialAction\":[{\"@type\":\"SearchAction\",\"target\":{\"@type\":\"EntryPoint\",\"urlTemplate\":\"https:\/\/www.axiomams.eu\/lv?s={search_term_string}\"},\"query-input\":{\"@type\":\"PropertyValueSpecification\",\"valueRequired\":true,\"valueName\":\"search_term_string\"}}],\"inLanguage\":\"lv-LV\"},{\"@type\":\"Organization\",\"@id\":\"https:\/\/www.axiomams.eu\/lv#organization\",\"name\":\"AXIOMA MS\",\"url\":\"https:\/\/www.axiomams.eu\/lv\",\"logo\":{\"@type\":\"ImageObject\",\"inLanguage\":\"lv-LV\",\"@id\":\"https:\/\/www.axiomams.eu\/lv#\/schema\/logo\/image\/\",\"url\":\"https:\/\/www.axiomams.eu\/wp-content\/uploads\/2025\/06\/axioma-logo-2.png\",\"contentUrl\":\"https:\/\/www.axiomams.eu\/wp-content\/uploads\/2025\/06\/axioma-logo-2.png\",\"width\":1200,\"height\":1200,\"caption\":\"AXIOMA MS\"},\"image\":{\"@id\":\"https:\/\/www.axiomams.eu\/lv#\/schema\/logo\/image\/\"},\"sameAs\":[\"https:\/\/www.facebook.com\/AxiomaMS\",\"https:\/\/www.linkedin.com\/company\/axiomams\/\"]}]}<\/script>\n<!-- \/ Yoast SEO plugin. -->","yoast_head_json":{"title":"Sinus Tango 1. klases ska\u0146as l\u012bme\u0146a m\u0113r\u012bt\u0101js - AXIOMA MS","robots":{"index":"index","follow":"follow","max-snippet":"max-snippet:-1","max-image-preview":"max-image-preview:large","max-video-preview":"max-video-preview:-1"},"canonical":"https:\/\/www.axiomams.eu\/lv\/produktas\/sinus-tango-1-klases-skanas-limena-meritajs","og_locale":"lv_LV","og_type":"article","og_title":"Sinus Tango 1. klases ska\u0146as l\u012bme\u0146a m\u0113r\u012bt\u0101js - AXIOMA MS","og_description":"SINUS Messtechnik Tango ska\u0146as l\u012bme\u0146a m\u0113r\u012bt\u0101js saska\u0146\u0101 ar IEC 61672 ar 1\/1 un 1\/3 okt\u0101vas analizatoru darba un vides aizsardz\u012bbas vajadz\u012bb\u0101m. Iesp\u0113jams izmantot no\u0146emamu mikrofonu un priek\u0161pastiprin\u0101t\u0101ju, izmantojot pagarin\u0101t\u0101ju. Izm\u0113r\u012bt\u0101s v\u0113rt\u012bbas tiek att\u0113lotas TFT kr\u0101su displej\u0101, un t\u0101s ir nolas\u0101mas pat liel\u0101kos att\u0101lumos saules gaism\u0101 vai tums\u0101. Skaidri izvietotajai tastat\u016brai ir j\u016btams tausti\u0146u spiediens. Standarta...","og_url":"https:\/\/www.axiomams.eu\/lv\/produktas\/sinus-tango-1-klases-skanas-limena-meritajs","og_site_name":"AXIOMA MS","article_publisher":"https:\/\/www.facebook.com\/AxiomaMS","article_modified_time":"2026-03-25T15:01:58+00:00","og_image":[{"width":692,"height":1020,"url":"https:\/\/www.axiomams.eu\/wp-content\/uploads\/2025\/07\/3206-4318.jpg","type":"image\/jpeg"}],"twitter_card":"summary_large_image","twitter_misc":{"Est. reading time":"1 minute"},"schema":{"@context":"https:\/\/schema.org","@graph":[{"@type":"WebPage","@id":"https:\/\/www.axiomams.eu\/lv\/produktas\/sinus-tango-1-klases-skanas-limena-meritajs","url":"https:\/\/www.axiomams.eu\/lv\/produktas\/sinus-tango-1-klases-skanas-limena-meritajs","name":"Sinus Tango 1. klases ska\u0146as l\u012bme\u0146a m\u0113r\u012bt\u0101js - AXIOMA MS","isPartOf":{"@id":"https:\/\/www.axiomams.eu\/lv#website"},"primaryImageOfPage":{"@id":"https:\/\/www.axiomams.eu\/lv\/produktas\/sinus-tango-1-klases-skanas-limena-meritajs#primaryimage"},"image":{"@id":"https:\/\/www.axiomams.eu\/lv\/produktas\/sinus-tango-1-klases-skanas-limena-meritajs#primaryimage"},"thumbnailUrl":"https:\/\/www.axiomams.eu\/wp-content\/uploads\/2025\/07\/3206-4318.jpg","datePublished":"2025-05-15T16:07:55+00:00","dateModified":"2026-03-25T15:01:58+00:00","breadcrumb":{"@id":"https:\/\/www.axiomams.eu\/lv\/produktas\/sinus-tango-1-klases-skanas-limena-meritajs#breadcrumb"},"inLanguage":"lv-LV","potentialAction":[{"@type":"ReadAction","target":["https:\/\/www.axiomams.eu\/lv\/produktas\/sinus-tango-1-klases-skanas-limena-meritajs"]}]},{"@type":"ImageObject","inLanguage":"lv-LV","@id":"https:\/\/www.axiomams.eu\/lv\/produktas\/sinus-tango-1-klases-skanas-limena-meritajs#primaryimage","url":"https:\/\/www.axiomams.eu\/wp-content\/uploads\/2025\/07\/3206-4318.jpg","contentUrl":"https:\/\/www.axiomams.eu\/wp-content\/uploads\/2025\/07\/3206-4318.jpg","width":692,"height":1020},{"@type":"BreadcrumbList","@id":"https:\/\/www.axiomams.eu\/lv\/produktas\/sinus-tango-1-klases-skanas-limena-meritajs#breadcrumb","itemListElement":[{"@type":"ListItem","position":1,"name":"Home","item":"https:\/\/www.axiomams.eu\/lv"},{"@type":"ListItem","position":2,"name":"Produkti","item":"https:\/\/www.axiomams.eu\/lv\/produkti"},{"@type":"ListItem","position":3,"name":"Sinus Tango 1. klases ska\u0146as l\u012bme\u0146a m\u0113r\u012bt\u0101js"}]},{"@type":"WebSite","@id":"https:\/\/www.axiomams.eu\/lv#website","url":"https:\/\/www.axiomams.eu\/lv","name":"AXIOMA MS","description":"Terrmovizoriai ir matavimo \u012franga","publisher":{"@id":"https:\/\/www.axiomams.eu\/lv#organization"},"potentialAction":[{"@type":"SearchAction","target":{"@type":"EntryPoint","urlTemplate":"https:\/\/www.axiomams.eu\/lv?s={search_term_string}"},"query-input":{"@type":"PropertyValueSpecification","valueRequired":true,"valueName":"search_term_string"}}],"inLanguage":"lv-LV"},{"@type":"Organization","@id":"https:\/\/www.axiomams.eu\/lv#organization","name":"AXIOMA MS","url":"https:\/\/www.axiomams.eu\/lv","logo":{"@type":"ImageObject","inLanguage":"lv-LV","@id":"https:\/\/www.axiomams.eu\/lv#\/schema\/logo\/image\/","url":"https:\/\/www.axiomams.eu\/wp-content\/uploads\/2025\/06\/axioma-logo-2.png","contentUrl":"https:\/\/www.axiomams.eu\/wp-content\/uploads\/2025\/06\/axioma-logo-2.png","width":1200,"height":1200,"caption":"AXIOMA MS"},"image":{"@id":"https:\/\/www.axiomams.eu\/lv#\/schema\/logo\/image\/"},"sameAs":["https:\/\/www.facebook.com\/AxiomaMS","https:\/\/www.linkedin.com\/company\/axiomams\/"]}]}},"_links":{"self":[{"href":"https:\/\/www.axiomams.eu\/lv\/wp-json\/wp\/v2\/product\/39395","targetHints":{"allow":["GET"]}}],"collection":[{"href":"https:\/\/www.axiomams.eu\/lv\/wp-json\/wp\/v2\/product"}],"about":[{"href":"https:\/\/www.axiomams.eu\/lv\/wp-json\/wp\/v2\/types\/product"}],"replies":[{"embeddable":true,"href":"https:\/\/www.axiomams.eu\/lv\/wp-json\/wp\/v2\/comments?post=39395"}],"wp:featuredmedia":[{"embeddable":true,"href":"https:\/\/www.axiomams.eu\/lv\/wp-json\/wp\/v2\/media\/42511"}],"wp:attachment":[{"href":"https:\/\/www.axiomams.eu\/lv\/wp-json\/wp\/v2\/media?parent=39395"}],"wp:term":[{"taxonomy":"product_brand","embeddable":true,"href":"https:\/\/www.axiomams.eu\/lv\/wp-json\/wp\/v2\/product_brand?post=39395"},{"taxonomy":"product_cat","embeddable":true,"href":"https:\/\/www.axiomams.eu\/lv\/wp-json\/wp\/v2\/product_cat?post=39395"},{"taxonomy":"product_tag","embeddable":true,"href":"https:\/\/www.axiomams.eu\/lv\/wp-json\/wp\/v2\/product_tag?post=39395"}],"curies":[{"name":"wp","href":"https:\/\/api.w.org\/{rel}","templated":true}]}}