{"id":39397,"date":"2025-06-12T16:13:00","date_gmt":"2025-06-12T14:13:00","guid":{"rendered":"https:\/\/www.axiomams.eu\/produktas\/pulsar-telos-lrf-xl50-termokamera"},"modified":"2026-03-25T17:01:59","modified_gmt":"2026-03-25T15:01:59","slug":"pulsar-telos-lrf-xl50-termokamera","status":"publish","type":"product","link":"https:\/\/www.axiomams.eu\/lv\/produktas\/pulsar-telos-lrf-xl50-termokamera","title":{"rendered":"Pulsar Telos LRF XL50 termokamera"},"content":{"rendered":"<p><b>Gatavs n\u0101kotnei: uzlabojama veiktsp\u0113ja<\/b><br \/>\nTelos ir pieejami da\u017e\u0101di mode\u013ci, kas atbilst da\u017e\u0101d\u0101m med\u012bbu vajadz\u012bb\u0101m. J\u016bs varat izv\u0113l\u0113ties da\u017e\u0101das iz\u0161\u0137irtsp\u0113jas sensorus (XQ, XG, XP, XL), da\u017e\u0101dus objekt\u012bvus un mode\u013cus ar vai bez l\u0101zera t\u0101lm\u0113r\u012bt\u0101ja.<\/p>\n<p><b>Objekt\u012bva t\u0101lummai\u0146as gredzena vad\u012bba<\/b><br \/>\nTelos var ide\u0101li regul\u0113t att\u0113lu ar vienu roku &#8211; fokus\u0113\u0161anas un vienm\u0113r\u012bg\u0101s t\u0101lummai\u0146as gredzeni ir izvietoti uz objekt\u012bva klasisk\u0101 izk\u0101rtojum\u0101, pa vienam, k\u0101 tas ir profesion\u0101lo kameru objekt\u012bvos. Past\u0101v\u012bgais gredzenu izvietojums \u013cauj \u0101tri un ar minim\u0101lu piep\u016bli ieg\u016bt skaidru att\u0113lu ar vajadz\u012bgo palielin\u0101jumu.<\/p>\n<p><b>Prec\u012bza l\u0101zera t\u0101lummai\u0146a l\u012bdz 1000 m<\/b><br \/>\nIzpratne par m\u0113r\u0137a att\u0101lumu ir b\u016btisks faktors, lai pie\u0146emtu pareizus l\u0113mumus. Ieb\u016bv\u0113tais l\u0101zera t\u0101lm\u0113r\u012bt\u0101js ar diapazonu l\u012bdz pat 1 kilometram \u013cauj m\u0113r\u012bt att\u0101lumus atsevi\u0161\u0137os m\u0113r\u012bjumos un nep\u0101rtrauktas sken\u0113\u0161anas re\u017e\u012bmos ar precizit\u0101ti \u00b1 1 metrs, lai \u0101tri un bez k\u013c\u016bd\u0101m nov\u0113rt\u0113tu situ\u0101ciju.<\/p>\n<p><b>Ergonomisks, nesl\u012bdo\u0161s korpuss ar gumijas p\u0101rkl\u0101jumu<\/b><br \/>\nKorpuss ar gumijas p\u0101rkl\u0101jumu pal\u012bdz dro\u0161i tur\u0113t termokameru rok\u0101 gan saus\u0101 laik\u0101, gan liet\u016b. Korpuss ir \u012bpa\u0161i nodilumiztur\u012bgs un lieliski iztur ekspluat\u0101ciju da\u017e\u0101d\u0101s temperat\u016br\u0101s, tostarp putek\u013cainos un mitros apst\u0101k\u013cos, k\u0101 ar\u012b pasarg\u0101 ier\u012bci no kritieniem. Turkl\u0101t korpuss ir viegli t\u012br\u0101ms un ilgsto\u0161i saglab\u0101 savu s\u0101kotn\u0113jo izskatu.<\/p>\n<p><b>Atk\u0101rtoti nomain\u0101ms akumulators ar tie\u0161o kontaktdak\u0161u un bezvadu \u0101tr\u0101s uzl\u0101des iesp\u0113j\u0101m<\/b><br \/>\nPiln\u012bgi jaunais LPS 7i \u0101tri nomain\u0101mais litija jonu akumulators garant\u0113 vair\u0101k nek\u0101 8 stundu darb\u012bbas laiku. LPS 7i nav nepiecie\u0161ami \u012bpa\u0161i l\u0101d\u0113t\u0101ji &#8211; vienk\u0101r\u0161i pievienojiet to jebkuram t\u012bkla adapterim, izmantojot C tipa USB portu, un \u012bs\u0101 laik\u0101 uzl\u0101d\u0113jiet, izmantojot Power Delivery \u0101tr\u0101s uzl\u0101des protokolu. Turkl\u0101t LPS 7i akumulators atbalsta bezvadu uzl\u0101di.<\/p>\n<p><iframe loading=\"lazy\" width=\"560\" height=\"315\" src=\"https:\/\/www.youtube.com\/embed\/ASFgqJtmOTA?si=8JXs5mVVW7LjEYBI\" title=\"YouTube video atska\u0146ot\u0101js\" frameborder=\"0\" allow=\"accelerometer; autoplay; clipboard-write; encrypted-media; gyroscope; picture-in-picture; web-share\" referrerpolicy=\"strict-origin-when-cross-origin\" allowfullscreen><\/iframe>><\/p>\n","protected":false},"excerpt":{"rendered":"<p>Gatavs n\u0101kotnei: uzlabojama veiktsp\u0113ja Telos ir pieejami da\u017e\u0101di mode\u013ci, kas atbilst da\u017e\u0101d\u0101m med\u012bbu vajadz\u012bb\u0101m. J\u016bs varat izv\u0113l\u0113ties da\u017e\u0101das iz\u0161\u0137irtsp\u0113jas sensorus (XQ, XG, XP, XL), da\u017e\u0101dus objekt\u012bvus un mode\u013cus ar vai bez l\u0101zera t\u0101lm\u0113r\u012bt\u0101ja. Objekt\u012bva t\u0101lummai\u0146as gredzena vad\u012bba Telos var ide\u0101li regul\u0113t att\u0113lu ar vienu roku &#8211; fokus\u0113\u0161anas un vienm\u0113r\u012bg\u0101s t\u0101lummai\u0146as gredzeni ir izvietoti uz objekt\u012bva&#8230;<\/p>\n","protected":false},"featured_media":42515,"comment_status":"open","ping_status":"closed","template":"","meta":{"_acf_changed":false},"product_brand":[17695],"product_cat":[17733],"product_tag":[],"class_list":{"0":"post-39397","1":"product","2":"type-product","3":"status-publish","4":"has-post-thumbnail","6":"product_brand-pulsar","7":"product_cat-medibam-un-noverosanai","9":"first","10":"instock","11":"taxable","12":"shipping-taxable","13":"purchasable","14":"product-type-simple"},"acf":[],"yoast_head":"<!-- This site is optimized with the Yoast SEO plugin v27.0 - https:\/\/yoast.com\/product\/yoast-seo-wordpress\/ -->\n<title>Pulsar Telos LRF XL50 termokamera - AXIOMA MS<\/title>\n<meta name=\"robots\" content=\"index, follow, max-snippet:-1, max-image-preview:large, max-video-preview:-1\" \/>\n<link rel=\"canonical\" href=\"https:\/\/www.axiomams.eu\/lv\/produktas\/pulsar-telos-lrf-xl50-termokamera\" \/>\n<meta property=\"og:locale\" content=\"lv_LV\" \/>\n<meta property=\"og:type\" content=\"article\" \/>\n<meta property=\"og:title\" content=\"Pulsar Telos LRF XL50 termokamera - AXIOMA MS\" \/>\n<meta property=\"og:description\" content=\"Gatavs n\u0101kotnei: uzlabojama veiktsp\u0113ja Telos ir pieejami da\u017e\u0101di mode\u013ci, kas atbilst da\u017e\u0101d\u0101m med\u012bbu vajadz\u012bb\u0101m. J\u016bs varat izv\u0113l\u0113ties da\u017e\u0101das iz\u0161\u0137irtsp\u0113jas sensorus (XQ, XG, XP, XL), da\u017e\u0101dus objekt\u012bvus un mode\u013cus ar vai bez l\u0101zera t\u0101lm\u0113r\u012bt\u0101ja. Objekt\u012bva t\u0101lummai\u0146as gredzena vad\u012bba Telos var ide\u0101li regul\u0113t att\u0113lu ar vienu roku &#8211; fokus\u0113\u0161anas un vienm\u0113r\u012bg\u0101s t\u0101lummai\u0146as gredzeni ir izvietoti uz objekt\u012bva...\" \/>\n<meta property=\"og:url\" content=\"https:\/\/www.axiomams.eu\/lv\/produktas\/pulsar-telos-lrf-xl50-termokamera\" \/>\n<meta property=\"og:site_name\" content=\"AXIOMA MS\" \/>\n<meta property=\"article:publisher\" content=\"https:\/\/www.facebook.com\/AxiomaMS\" \/>\n<meta property=\"article:modified_time\" content=\"2026-03-25T15:01:59+00:00\" \/>\n<meta property=\"og:image\" content=\"https:\/\/www.axiomams.eu\/wp-content\/uploads\/2025\/07\/4611-5934.jpg\" \/>\n\t<meta property=\"og:image:width\" content=\"650\" \/>\n\t<meta property=\"og:image:height\" content=\"650\" \/>\n\t<meta property=\"og:image:type\" content=\"image\/jpeg\" \/>\n<meta name=\"twitter:card\" content=\"summary_large_image\" \/>\n<meta name=\"twitter:label1\" content=\"Est. reading time\" \/>\n\t<meta name=\"twitter:data1\" content=\"2 minutes\" \/>\n<script type=\"application\/ld+json\" class=\"yoast-schema-graph\">{\"@context\":\"https:\/\/schema.org\",\"@graph\":[{\"@type\":\"WebPage\",\"@id\":\"https:\/\/www.axiomams.eu\/lv\/produktas\/pulsar-telos-lrf-xl50-termokamera\",\"url\":\"https:\/\/www.axiomams.eu\/lv\/produktas\/pulsar-telos-lrf-xl50-termokamera\",\"name\":\"Pulsar Telos LRF XL50 termokamera - AXIOMA MS\",\"isPartOf\":{\"@id\":\"https:\/\/www.axiomams.eu\/lv#website\"},\"primaryImageOfPage\":{\"@id\":\"https:\/\/www.axiomams.eu\/lv\/produktas\/pulsar-telos-lrf-xl50-termokamera#primaryimage\"},\"image\":{\"@id\":\"https:\/\/www.axiomams.eu\/lv\/produktas\/pulsar-telos-lrf-xl50-termokamera#primaryimage\"},\"thumbnailUrl\":\"https:\/\/www.axiomams.eu\/wp-content\/uploads\/2025\/07\/4611-5934.jpg\",\"datePublished\":\"2025-06-12T14:13:00+00:00\",\"dateModified\":\"2026-03-25T15:01:59+00:00\",\"breadcrumb\":{\"@id\":\"https:\/\/www.axiomams.eu\/lv\/produktas\/pulsar-telos-lrf-xl50-termokamera#breadcrumb\"},\"inLanguage\":\"lv-LV\",\"potentialAction\":[{\"@type\":\"ReadAction\",\"target\":[\"https:\/\/www.axiomams.eu\/lv\/produktas\/pulsar-telos-lrf-xl50-termokamera\"]}]},{\"@type\":\"ImageObject\",\"inLanguage\":\"lv-LV\",\"@id\":\"https:\/\/www.axiomams.eu\/lv\/produktas\/pulsar-telos-lrf-xl50-termokamera#primaryimage\",\"url\":\"https:\/\/www.axiomams.eu\/wp-content\/uploads\/2025\/07\/4611-5934.jpg\",\"contentUrl\":\"https:\/\/www.axiomams.eu\/wp-content\/uploads\/2025\/07\/4611-5934.jpg\",\"width\":650,\"height\":650},{\"@type\":\"BreadcrumbList\",\"@id\":\"https:\/\/www.axiomams.eu\/lv\/produktas\/pulsar-telos-lrf-xl50-termokamera#breadcrumb\",\"itemListElement\":[{\"@type\":\"ListItem\",\"position\":1,\"name\":\"Home\",\"item\":\"https:\/\/www.axiomams.eu\/lv\"},{\"@type\":\"ListItem\",\"position\":2,\"name\":\"Produkti\",\"item\":\"https:\/\/www.axiomams.eu\/lv\/produkti\"},{\"@type\":\"ListItem\",\"position\":3,\"name\":\"Pulsar Telos LRF XL50 termokamera\"}]},{\"@type\":\"WebSite\",\"@id\":\"https:\/\/www.axiomams.eu\/lv#website\",\"url\":\"https:\/\/www.axiomams.eu\/lv\",\"name\":\"AXIOMA MS\",\"description\":\"Terrmovizoriai ir matavimo \u012franga\",\"publisher\":{\"@id\":\"https:\/\/www.axiomams.eu\/lv#organization\"},\"potentialAction\":[{\"@type\":\"SearchAction\",\"target\":{\"@type\":\"EntryPoint\",\"urlTemplate\":\"https:\/\/www.axiomams.eu\/lv?s={search_term_string}\"},\"query-input\":{\"@type\":\"PropertyValueSpecification\",\"valueRequired\":true,\"valueName\":\"search_term_string\"}}],\"inLanguage\":\"lv-LV\"},{\"@type\":\"Organization\",\"@id\":\"https:\/\/www.axiomams.eu\/lv#organization\",\"name\":\"AXIOMA MS\",\"url\":\"https:\/\/www.axiomams.eu\/lv\",\"logo\":{\"@type\":\"ImageObject\",\"inLanguage\":\"lv-LV\",\"@id\":\"https:\/\/www.axiomams.eu\/lv#\/schema\/logo\/image\/\",\"url\":\"https:\/\/www.axiomams.eu\/wp-content\/uploads\/2025\/06\/axioma-logo-2.png\",\"contentUrl\":\"https:\/\/www.axiomams.eu\/wp-content\/uploads\/2025\/06\/axioma-logo-2.png\",\"width\":1200,\"height\":1200,\"caption\":\"AXIOMA MS\"},\"image\":{\"@id\":\"https:\/\/www.axiomams.eu\/lv#\/schema\/logo\/image\/\"},\"sameAs\":[\"https:\/\/www.facebook.com\/AxiomaMS\",\"https:\/\/www.linkedin.com\/company\/axiomams\/\"]}]}<\/script>\n<!-- \/ Yoast SEO plugin. -->","yoast_head_json":{"title":"Pulsar Telos LRF XL50 termokamera - AXIOMA MS","robots":{"index":"index","follow":"follow","max-snippet":"max-snippet:-1","max-image-preview":"max-image-preview:large","max-video-preview":"max-video-preview:-1"},"canonical":"https:\/\/www.axiomams.eu\/lv\/produktas\/pulsar-telos-lrf-xl50-termokamera","og_locale":"lv_LV","og_type":"article","og_title":"Pulsar Telos LRF XL50 termokamera - AXIOMA MS","og_description":"Gatavs n\u0101kotnei: uzlabojama veiktsp\u0113ja Telos ir pieejami da\u017e\u0101di mode\u013ci, kas atbilst da\u017e\u0101d\u0101m med\u012bbu vajadz\u012bb\u0101m. J\u016bs varat izv\u0113l\u0113ties da\u017e\u0101das iz\u0161\u0137irtsp\u0113jas sensorus (XQ, XG, XP, XL), da\u017e\u0101dus objekt\u012bvus un mode\u013cus ar vai bez l\u0101zera t\u0101lm\u0113r\u012bt\u0101ja. Objekt\u012bva t\u0101lummai\u0146as gredzena vad\u012bba Telos var ide\u0101li regul\u0113t att\u0113lu ar vienu roku &#8211; fokus\u0113\u0161anas un vienm\u0113r\u012bg\u0101s t\u0101lummai\u0146as gredzeni ir izvietoti uz objekt\u012bva...","og_url":"https:\/\/www.axiomams.eu\/lv\/produktas\/pulsar-telos-lrf-xl50-termokamera","og_site_name":"AXIOMA MS","article_publisher":"https:\/\/www.facebook.com\/AxiomaMS","article_modified_time":"2026-03-25T15:01:59+00:00","og_image":[{"width":650,"height":650,"url":"https:\/\/www.axiomams.eu\/wp-content\/uploads\/2025\/07\/4611-5934.jpg","type":"image\/jpeg"}],"twitter_card":"summary_large_image","twitter_misc":{"Est. reading time":"2 minutes"},"schema":{"@context":"https:\/\/schema.org","@graph":[{"@type":"WebPage","@id":"https:\/\/www.axiomams.eu\/lv\/produktas\/pulsar-telos-lrf-xl50-termokamera","url":"https:\/\/www.axiomams.eu\/lv\/produktas\/pulsar-telos-lrf-xl50-termokamera","name":"Pulsar Telos LRF XL50 termokamera - AXIOMA MS","isPartOf":{"@id":"https:\/\/www.axiomams.eu\/lv#website"},"primaryImageOfPage":{"@id":"https:\/\/www.axiomams.eu\/lv\/produktas\/pulsar-telos-lrf-xl50-termokamera#primaryimage"},"image":{"@id":"https:\/\/www.axiomams.eu\/lv\/produktas\/pulsar-telos-lrf-xl50-termokamera#primaryimage"},"thumbnailUrl":"https:\/\/www.axiomams.eu\/wp-content\/uploads\/2025\/07\/4611-5934.jpg","datePublished":"2025-06-12T14:13:00+00:00","dateModified":"2026-03-25T15:01:59+00:00","breadcrumb":{"@id":"https:\/\/www.axiomams.eu\/lv\/produktas\/pulsar-telos-lrf-xl50-termokamera#breadcrumb"},"inLanguage":"lv-LV","potentialAction":[{"@type":"ReadAction","target":["https:\/\/www.axiomams.eu\/lv\/produktas\/pulsar-telos-lrf-xl50-termokamera"]}]},{"@type":"ImageObject","inLanguage":"lv-LV","@id":"https:\/\/www.axiomams.eu\/lv\/produktas\/pulsar-telos-lrf-xl50-termokamera#primaryimage","url":"https:\/\/www.axiomams.eu\/wp-content\/uploads\/2025\/07\/4611-5934.jpg","contentUrl":"https:\/\/www.axiomams.eu\/wp-content\/uploads\/2025\/07\/4611-5934.jpg","width":650,"height":650},{"@type":"BreadcrumbList","@id":"https:\/\/www.axiomams.eu\/lv\/produktas\/pulsar-telos-lrf-xl50-termokamera#breadcrumb","itemListElement":[{"@type":"ListItem","position":1,"name":"Home","item":"https:\/\/www.axiomams.eu\/lv"},{"@type":"ListItem","position":2,"name":"Produkti","item":"https:\/\/www.axiomams.eu\/lv\/produkti"},{"@type":"ListItem","position":3,"name":"Pulsar Telos LRF XL50 termokamera"}]},{"@type":"WebSite","@id":"https:\/\/www.axiomams.eu\/lv#website","url":"https:\/\/www.axiomams.eu\/lv","name":"AXIOMA MS","description":"Terrmovizoriai ir matavimo \u012franga","publisher":{"@id":"https:\/\/www.axiomams.eu\/lv#organization"},"potentialAction":[{"@type":"SearchAction","target":{"@type":"EntryPoint","urlTemplate":"https:\/\/www.axiomams.eu\/lv?s={search_term_string}"},"query-input":{"@type":"PropertyValueSpecification","valueRequired":true,"valueName":"search_term_string"}}],"inLanguage":"lv-LV"},{"@type":"Organization","@id":"https:\/\/www.axiomams.eu\/lv#organization","name":"AXIOMA MS","url":"https:\/\/www.axiomams.eu\/lv","logo":{"@type":"ImageObject","inLanguage":"lv-LV","@id":"https:\/\/www.axiomams.eu\/lv#\/schema\/logo\/image\/","url":"https:\/\/www.axiomams.eu\/wp-content\/uploads\/2025\/06\/axioma-logo-2.png","contentUrl":"https:\/\/www.axiomams.eu\/wp-content\/uploads\/2025\/06\/axioma-logo-2.png","width":1200,"height":1200,"caption":"AXIOMA MS"},"image":{"@id":"https:\/\/www.axiomams.eu\/lv#\/schema\/logo\/image\/"},"sameAs":["https:\/\/www.facebook.com\/AxiomaMS","https:\/\/www.linkedin.com\/company\/axiomams\/"]}]}},"_links":{"self":[{"href":"https:\/\/www.axiomams.eu\/lv\/wp-json\/wp\/v2\/product\/39397","targetHints":{"allow":["GET"]}}],"collection":[{"href":"https:\/\/www.axiomams.eu\/lv\/wp-json\/wp\/v2\/product"}],"about":[{"href":"https:\/\/www.axiomams.eu\/lv\/wp-json\/wp\/v2\/types\/product"}],"replies":[{"embeddable":true,"href":"https:\/\/www.axiomams.eu\/lv\/wp-json\/wp\/v2\/comments?post=39397"}],"wp:featuredmedia":[{"embeddable":true,"href":"https:\/\/www.axiomams.eu\/lv\/wp-json\/wp\/v2\/media\/42515"}],"wp:attachment":[{"href":"https:\/\/www.axiomams.eu\/lv\/wp-json\/wp\/v2\/media?parent=39397"}],"wp:term":[{"taxonomy":"product_brand","embeddable":true,"href":"https:\/\/www.axiomams.eu\/lv\/wp-json\/wp\/v2\/product_brand?post=39397"},{"taxonomy":"product_cat","embeddable":true,"href":"https:\/\/www.axiomams.eu\/lv\/wp-json\/wp\/v2\/product_cat?post=39397"},{"taxonomy":"product_tag","embeddable":true,"href":"https:\/\/www.axiomams.eu\/lv\/wp-json\/wp\/v2\/product_tag?post=39397"}],"curies":[{"name":"wp","href":"https:\/\/api.w.org\/{rel}","templated":true}]}}