{"id":39408,"date":"2025-05-15T18:08:10","date_gmt":"2025-05-15T16:08:10","guid":{"rendered":"https:\/\/www.axiomams.eu\/produktas\/hwm-tmic-nopludes-detektors"},"modified":"2026-03-25T17:02:04","modified_gmt":"2026-03-25T15:02:04","slug":"hwm-tmic-nopludes-detektors","status":"publish","type":"product","link":"https:\/\/www.axiomams.eu\/lv\/produktas\/hwm-tmic-nopludes-detektors","title":{"rendered":"HWM Tmic nopl\u016bdes detektors"},"content":{"rendered":"<p>Tmic ir \u013coti ekonomisks mini \u016bdens nopl\u016bdes detektors ar vizu\u0101lu un akustisku nopl\u016bdes indik\u0101ciju. Ier\u012bce ir \u0113rti ievietojama kabat\u0101, t\u0101p\u0113c t\u0101 ir ide\u0101li piem\u0113rota ikvienam \u016bdenssaimniec\u012bbas speci\u0101listam vai santehni\u0137im, lai uz vietas veiktu t\u016bl\u012bt\u0113ju nopl\u016bdes uzraudz\u012bbu.<\/p>\n<p>Standarta komplekts: Lmic klaus\u012b\u0161an\u0101s n\u016bji\u0146a, maza p\u0101rn\u0113s\u0101jam\u0101 somi\u0146a, Bluetooth austi\u0146as, baterijas, l\u0101d\u0113t\u0101js, pagarin\u0101t\u0101ji (katrs 330 mm gar\u0161), lietot\u0101ja rokasgr\u0101mata.<\/p>\n<h3>Tehnisk\u0101 inform\u0101cija:<\/h3>\n<ul>\n<li><a href=\"https:\/\/axiomams.eu\/importer\/export\/attachments\/en\/tmic.pdf\" target=\"_blank\">Tmic.pdf<\/a><\/li>\n<\/ul>\n","protected":false},"excerpt":{"rendered":"<p>Tmic ir \u013coti ekonomisks mini \u016bdens nopl\u016bdes detektors ar vizu\u0101lu un akustisku nopl\u016bdes indik\u0101ciju. Ier\u012bce ir \u0113rti ievietojama kabat\u0101, t\u0101p\u0113c t\u0101 ir ide\u0101li piem\u0113rota ikvienam \u016bdenssaimniec\u012bbas speci\u0101listam vai santehni\u0137im, lai uz vietas veiktu t\u016bl\u012bt\u0113ju nopl\u016bdes uzraudz\u012bbu. Standarta komplekts: Lmic klaus\u012b\u0161an\u0101s n\u016bji\u0146a, maza p\u0101rn\u0113s\u0101jam\u0101 somi\u0146a, Bluetooth austi\u0146as, baterijas, l\u0101d\u0113t\u0101js, pagarin\u0101t\u0101ji (katrs 330 mm gar\u0161), lietot\u0101ja rokasgr\u0101mata&#8230;.<\/p>\n","protected":false},"featured_media":42539,"comment_status":"open","ping_status":"closed","template":"","meta":{"_acf_changed":false},"product_brand":[1011],"product_cat":[17751],"product_tag":[],"class_list":{"0":"post-39408","1":"product","2":"type-product","3":"status-publish","4":"has-post-thumbnail","6":"product_brand-hwm","7":"product_cat-udens-nopludes-meklesana","9":"first","10":"instock","11":"taxable","12":"shipping-taxable","13":"product-type-simple"},"acf":[],"yoast_head":"<!-- This site is optimized with the Yoast SEO plugin v27.0 - https:\/\/yoast.com\/product\/yoast-seo-wordpress\/ -->\n<title>HWM Tmic nopl\u016bdes detektors - AXIOMA MS<\/title>\n<meta name=\"robots\" content=\"index, follow, max-snippet:-1, max-image-preview:large, max-video-preview:-1\" \/>\n<link rel=\"canonical\" href=\"https:\/\/www.axiomams.eu\/lv\/produktas\/hwm-tmic-nopludes-detektors\" \/>\n<meta property=\"og:locale\" content=\"lv_LV\" \/>\n<meta property=\"og:type\" content=\"article\" \/>\n<meta property=\"og:title\" content=\"HWM Tmic nopl\u016bdes detektors - AXIOMA MS\" \/>\n<meta property=\"og:description\" content=\"Tmic ir \u013coti ekonomisks mini \u016bdens nopl\u016bdes detektors ar vizu\u0101lu un akustisku nopl\u016bdes indik\u0101ciju. Ier\u012bce ir \u0113rti ievietojama kabat\u0101, t\u0101p\u0113c t\u0101 ir ide\u0101li piem\u0113rota ikvienam \u016bdenssaimniec\u012bbas speci\u0101listam vai santehni\u0137im, lai uz vietas veiktu t\u016bl\u012bt\u0113ju nopl\u016bdes uzraudz\u012bbu. Standarta komplekts: Lmic klaus\u012b\u0161an\u0101s n\u016bji\u0146a, maza p\u0101rn\u0113s\u0101jam\u0101 somi\u0146a, Bluetooth austi\u0146as, baterijas, l\u0101d\u0113t\u0101js, pagarin\u0101t\u0101ji (katrs 330 mm gar\u0161), lietot\u0101ja rokasgr\u0101mata....\" \/>\n<meta property=\"og:url\" content=\"https:\/\/www.axiomams.eu\/lv\/produktas\/hwm-tmic-nopludes-detektors\" \/>\n<meta property=\"og:site_name\" content=\"AXIOMA MS\" \/>\n<meta property=\"article:publisher\" content=\"https:\/\/www.facebook.com\/AxiomaMS\" \/>\n<meta property=\"article:modified_time\" content=\"2026-03-25T15:02:04+00:00\" \/>\n<meta property=\"og:image\" content=\"https:\/\/www.axiomams.eu\/wp-content\/uploads\/2025\/07\/199-6090.jpg\" \/>\n\t<meta property=\"og:image:width\" content=\"1020\" \/>\n\t<meta property=\"og:image:height\" content=\"1020\" \/>\n\t<meta property=\"og:image:type\" content=\"image\/jpeg\" \/>\n<meta name=\"twitter:card\" content=\"summary_large_image\" \/>\n<script type=\"application\/ld+json\" class=\"yoast-schema-graph\">{\"@context\":\"https:\/\/schema.org\",\"@graph\":[{\"@type\":\"WebPage\",\"@id\":\"https:\/\/www.axiomams.eu\/lv\/produktas\/hwm-tmic-nopludes-detektors\",\"url\":\"https:\/\/www.axiomams.eu\/lv\/produktas\/hwm-tmic-nopludes-detektors\",\"name\":\"HWM Tmic nopl\u016bdes detektors - AXIOMA MS\",\"isPartOf\":{\"@id\":\"https:\/\/www.axiomams.eu\/lv#website\"},\"primaryImageOfPage\":{\"@id\":\"https:\/\/www.axiomams.eu\/lv\/produktas\/hwm-tmic-nopludes-detektors#primaryimage\"},\"image\":{\"@id\":\"https:\/\/www.axiomams.eu\/lv\/produktas\/hwm-tmic-nopludes-detektors#primaryimage\"},\"thumbnailUrl\":\"https:\/\/www.axiomams.eu\/wp-content\/uploads\/2025\/07\/199-6090.jpg\",\"datePublished\":\"2025-05-15T16:08:10+00:00\",\"dateModified\":\"2026-03-25T15:02:04+00:00\",\"breadcrumb\":{\"@id\":\"https:\/\/www.axiomams.eu\/lv\/produktas\/hwm-tmic-nopludes-detektors#breadcrumb\"},\"inLanguage\":\"lv-LV\",\"potentialAction\":[{\"@type\":\"ReadAction\",\"target\":[\"https:\/\/www.axiomams.eu\/lv\/produktas\/hwm-tmic-nopludes-detektors\"]}]},{\"@type\":\"ImageObject\",\"inLanguage\":\"lv-LV\",\"@id\":\"https:\/\/www.axiomams.eu\/lv\/produktas\/hwm-tmic-nopludes-detektors#primaryimage\",\"url\":\"https:\/\/www.axiomams.eu\/wp-content\/uploads\/2025\/07\/199-6090.jpg\",\"contentUrl\":\"https:\/\/www.axiomams.eu\/wp-content\/uploads\/2025\/07\/199-6090.jpg\",\"width\":1020,\"height\":1020},{\"@type\":\"BreadcrumbList\",\"@id\":\"https:\/\/www.axiomams.eu\/lv\/produktas\/hwm-tmic-nopludes-detektors#breadcrumb\",\"itemListElement\":[{\"@type\":\"ListItem\",\"position\":1,\"name\":\"Home\",\"item\":\"https:\/\/www.axiomams.eu\/lv\"},{\"@type\":\"ListItem\",\"position\":2,\"name\":\"Produkti\",\"item\":\"https:\/\/www.axiomams.eu\/lv\/produkti\"},{\"@type\":\"ListItem\",\"position\":3,\"name\":\"HWM Tmic nopl\u016bdes detektors\"}]},{\"@type\":\"WebSite\",\"@id\":\"https:\/\/www.axiomams.eu\/lv#website\",\"url\":\"https:\/\/www.axiomams.eu\/lv\",\"name\":\"AXIOMA MS\",\"description\":\"Terrmovizoriai ir matavimo \u012franga\",\"publisher\":{\"@id\":\"https:\/\/www.axiomams.eu\/lv#organization\"},\"potentialAction\":[{\"@type\":\"SearchAction\",\"target\":{\"@type\":\"EntryPoint\",\"urlTemplate\":\"https:\/\/www.axiomams.eu\/lv?s={search_term_string}\"},\"query-input\":{\"@type\":\"PropertyValueSpecification\",\"valueRequired\":true,\"valueName\":\"search_term_string\"}}],\"inLanguage\":\"lv-LV\"},{\"@type\":\"Organization\",\"@id\":\"https:\/\/www.axiomams.eu\/lv#organization\",\"name\":\"AXIOMA MS\",\"url\":\"https:\/\/www.axiomams.eu\/lv\",\"logo\":{\"@type\":\"ImageObject\",\"inLanguage\":\"lv-LV\",\"@id\":\"https:\/\/www.axiomams.eu\/lv#\/schema\/logo\/image\/\",\"url\":\"https:\/\/www.axiomams.eu\/wp-content\/uploads\/2025\/06\/axioma-logo-2.png\",\"contentUrl\":\"https:\/\/www.axiomams.eu\/wp-content\/uploads\/2025\/06\/axioma-logo-2.png\",\"width\":1200,\"height\":1200,\"caption\":\"AXIOMA MS\"},\"image\":{\"@id\":\"https:\/\/www.axiomams.eu\/lv#\/schema\/logo\/image\/\"},\"sameAs\":[\"https:\/\/www.facebook.com\/AxiomaMS\",\"https:\/\/www.linkedin.com\/company\/axiomams\/\"]}]}<\/script>\n<!-- \/ Yoast SEO plugin. -->","yoast_head_json":{"title":"HWM Tmic nopl\u016bdes detektors - AXIOMA MS","robots":{"index":"index","follow":"follow","max-snippet":"max-snippet:-1","max-image-preview":"max-image-preview:large","max-video-preview":"max-video-preview:-1"},"canonical":"https:\/\/www.axiomams.eu\/lv\/produktas\/hwm-tmic-nopludes-detektors","og_locale":"lv_LV","og_type":"article","og_title":"HWM Tmic nopl\u016bdes detektors - AXIOMA MS","og_description":"Tmic ir \u013coti ekonomisks mini \u016bdens nopl\u016bdes detektors ar vizu\u0101lu un akustisku nopl\u016bdes indik\u0101ciju. Ier\u012bce ir \u0113rti ievietojama kabat\u0101, t\u0101p\u0113c t\u0101 ir ide\u0101li piem\u0113rota ikvienam \u016bdenssaimniec\u012bbas speci\u0101listam vai santehni\u0137im, lai uz vietas veiktu t\u016bl\u012bt\u0113ju nopl\u016bdes uzraudz\u012bbu. Standarta komplekts: Lmic klaus\u012b\u0161an\u0101s n\u016bji\u0146a, maza p\u0101rn\u0113s\u0101jam\u0101 somi\u0146a, Bluetooth austi\u0146as, baterijas, l\u0101d\u0113t\u0101js, pagarin\u0101t\u0101ji (katrs 330 mm gar\u0161), lietot\u0101ja rokasgr\u0101mata....","og_url":"https:\/\/www.axiomams.eu\/lv\/produktas\/hwm-tmic-nopludes-detektors","og_site_name":"AXIOMA MS","article_publisher":"https:\/\/www.facebook.com\/AxiomaMS","article_modified_time":"2026-03-25T15:02:04+00:00","og_image":[{"width":1020,"height":1020,"url":"https:\/\/www.axiomams.eu\/wp-content\/uploads\/2025\/07\/199-6090.jpg","type":"image\/jpeg"}],"twitter_card":"summary_large_image","schema":{"@context":"https:\/\/schema.org","@graph":[{"@type":"WebPage","@id":"https:\/\/www.axiomams.eu\/lv\/produktas\/hwm-tmic-nopludes-detektors","url":"https:\/\/www.axiomams.eu\/lv\/produktas\/hwm-tmic-nopludes-detektors","name":"HWM Tmic nopl\u016bdes detektors - AXIOMA MS","isPartOf":{"@id":"https:\/\/www.axiomams.eu\/lv#website"},"primaryImageOfPage":{"@id":"https:\/\/www.axiomams.eu\/lv\/produktas\/hwm-tmic-nopludes-detektors#primaryimage"},"image":{"@id":"https:\/\/www.axiomams.eu\/lv\/produktas\/hwm-tmic-nopludes-detektors#primaryimage"},"thumbnailUrl":"https:\/\/www.axiomams.eu\/wp-content\/uploads\/2025\/07\/199-6090.jpg","datePublished":"2025-05-15T16:08:10+00:00","dateModified":"2026-03-25T15:02:04+00:00","breadcrumb":{"@id":"https:\/\/www.axiomams.eu\/lv\/produktas\/hwm-tmic-nopludes-detektors#breadcrumb"},"inLanguage":"lv-LV","potentialAction":[{"@type":"ReadAction","target":["https:\/\/www.axiomams.eu\/lv\/produktas\/hwm-tmic-nopludes-detektors"]}]},{"@type":"ImageObject","inLanguage":"lv-LV","@id":"https:\/\/www.axiomams.eu\/lv\/produktas\/hwm-tmic-nopludes-detektors#primaryimage","url":"https:\/\/www.axiomams.eu\/wp-content\/uploads\/2025\/07\/199-6090.jpg","contentUrl":"https:\/\/www.axiomams.eu\/wp-content\/uploads\/2025\/07\/199-6090.jpg","width":1020,"height":1020},{"@type":"BreadcrumbList","@id":"https:\/\/www.axiomams.eu\/lv\/produktas\/hwm-tmic-nopludes-detektors#breadcrumb","itemListElement":[{"@type":"ListItem","position":1,"name":"Home","item":"https:\/\/www.axiomams.eu\/lv"},{"@type":"ListItem","position":2,"name":"Produkti","item":"https:\/\/www.axiomams.eu\/lv\/produkti"},{"@type":"ListItem","position":3,"name":"HWM Tmic nopl\u016bdes detektors"}]},{"@type":"WebSite","@id":"https:\/\/www.axiomams.eu\/lv#website","url":"https:\/\/www.axiomams.eu\/lv","name":"AXIOMA MS","description":"Terrmovizoriai ir matavimo \u012franga","publisher":{"@id":"https:\/\/www.axiomams.eu\/lv#organization"},"potentialAction":[{"@type":"SearchAction","target":{"@type":"EntryPoint","urlTemplate":"https:\/\/www.axiomams.eu\/lv?s={search_term_string}"},"query-input":{"@type":"PropertyValueSpecification","valueRequired":true,"valueName":"search_term_string"}}],"inLanguage":"lv-LV"},{"@type":"Organization","@id":"https:\/\/www.axiomams.eu\/lv#organization","name":"AXIOMA MS","url":"https:\/\/www.axiomams.eu\/lv","logo":{"@type":"ImageObject","inLanguage":"lv-LV","@id":"https:\/\/www.axiomams.eu\/lv#\/schema\/logo\/image\/","url":"https:\/\/www.axiomams.eu\/wp-content\/uploads\/2025\/06\/axioma-logo-2.png","contentUrl":"https:\/\/www.axiomams.eu\/wp-content\/uploads\/2025\/06\/axioma-logo-2.png","width":1200,"height":1200,"caption":"AXIOMA MS"},"image":{"@id":"https:\/\/www.axiomams.eu\/lv#\/schema\/logo\/image\/"},"sameAs":["https:\/\/www.facebook.com\/AxiomaMS","https:\/\/www.linkedin.com\/company\/axiomams\/"]}]}},"_links":{"self":[{"href":"https:\/\/www.axiomams.eu\/lv\/wp-json\/wp\/v2\/product\/39408","targetHints":{"allow":["GET"]}}],"collection":[{"href":"https:\/\/www.axiomams.eu\/lv\/wp-json\/wp\/v2\/product"}],"about":[{"href":"https:\/\/www.axiomams.eu\/lv\/wp-json\/wp\/v2\/types\/product"}],"replies":[{"embeddable":true,"href":"https:\/\/www.axiomams.eu\/lv\/wp-json\/wp\/v2\/comments?post=39408"}],"wp:featuredmedia":[{"embeddable":true,"href":"https:\/\/www.axiomams.eu\/lv\/wp-json\/wp\/v2\/media\/42539"}],"wp:attachment":[{"href":"https:\/\/www.axiomams.eu\/lv\/wp-json\/wp\/v2\/media?parent=39408"}],"wp:term":[{"taxonomy":"product_brand","embeddable":true,"href":"https:\/\/www.axiomams.eu\/lv\/wp-json\/wp\/v2\/product_brand?post=39408"},{"taxonomy":"product_cat","embeddable":true,"href":"https:\/\/www.axiomams.eu\/lv\/wp-json\/wp\/v2\/product_cat?post=39408"},{"taxonomy":"product_tag","embeddable":true,"href":"https:\/\/www.axiomams.eu\/lv\/wp-json\/wp\/v2\/product_tag?post=39408"}],"curies":[{"name":"wp","href":"https:\/\/api.w.org\/{rel}","templated":true}]}}