{"id":39409,"date":"2025-05-15T18:08:10","date_gmt":"2025-05-15T16:08:10","guid":{"rendered":"https:\/\/www.axiomams.eu\/produktas\/globecore-tor-80-transformatoru-ellas-bojajuma-sprieguma-testeris"},"modified":"2026-03-25T17:02:04","modified_gmt":"2026-03-25T15:02:04","slug":"globecore-tor-80-transformatoru-ellas-bojajuma-sprieguma-testeris","status":"publish","type":"product","link":"https:\/\/www.axiomams.eu\/lv\/produktas\/globecore-tor-80-transformatoru-ellas-bojajuma-sprieguma-testeris","title":{"rendered":"GlobeCore TOR-80 transformatoru e\u013c\u013cas boj\u0101juma sprieguma testeris"},"content":{"rendered":"<p>GlobeCore TOR-80 ir autom\u0101tiska p\u0101rn\u0113s\u0101jama iek\u0101rta, kas paredz\u0113ta transformatoru e\u013c\u013cas un citu \u0161\u0137idro dielektri\u0137u sadal\u012b\u0161an\u0101s sprieguma p\u0101rbaudei saska\u0146\u0101 ar IEC 60156, VDE 0370, ASTM D877, ASTM D1816, IRAM 2341, k\u0101 ar\u012b saska\u0146\u0101 ar lietot\u0101ja proced\u016br\u0101m, kas defin\u0113tas attiec\u012bgaj\u0101 iek\u0101rtas izv\u0113lnes sada\u013c\u0101. Standartu sarakstu var papildin\u0101t un main\u012bt atbilsto\u0161i klientu piepras\u012bjumiem, k\u0101 ar\u012b, ja k\u013c\u016bst pieejamas jaunas standartu versijas.<\/p>\n<p>TOR-80A (TOR-80 ASL) testera iez\u012bme ir iek\u0161\u0113jais uzl\u0101d\u0113jamais akumulators, kas nodro\u0161ina autonomas darb\u012bbas iesp\u0113ju transformatora darb\u012bbas viet\u0101.<\/p>\n<p><b>Feature<\/b><br \/>\n&#8211; Automatiz\u0113ts un prec\u012bzs sadal\u012b\u0161an\u0101s sprieguma m\u0113r\u012bjums l\u012bdz 80 kV un 100 kV.<br \/>\n&#8211; Testa sprieguma t\u016bl\u012bt\u0113ja (4 \u03bcs) atvieno\u0161ana p\u0113c boj\u0101juma.<br \/>\n&#8211; Var darboties autonomi, izmantojot papildu akumulatoru.<br \/>\n&#8211; Datus var p\u0101rs\u016bt\u012bt uz datoru, lai izveidotu viet\u0113jo datu b\u0101zi, \u0123ener\u0113tu p\u0101rskatus, z\u012bm\u0113tu grafikus un izdruk\u0101tu rezult\u0101tus.<br \/>\n&#8211; Ir programmat\u016bra standarta un piel\u0101gotu m\u0113r\u012bjumu proced\u016bru \u012bsteno\u0161anai &#8211; ier\u012bci var izmantot p\u0113tniec\u012bbas vajadz\u012bb\u0101m.<br \/>\n&#8211; Vienk\u0101r\u0161a un viegla lieto\u0161ana un apkope.<\/p>\n<p><b>Tehnisk\u0101s specifik\u0101cijas<\/b><br \/>\n&#8211; Maksim\u0101lais izejas spriegums: 80 kVrms (sinusoid\u0101ls).<br \/>\n&#8211; Izvades sprieguma indik\u0101cijas iz\u0161\u0137irtsp\u0113ja: 0,1 kV<br \/>\n&#8211; Izejas sprieguma m\u0113r\u012bjumu precizit\u0101te: \u00b1 1 %.<br \/>\n&#8211; Sprieguma pieauguma \u0101trums: 0,1 kV\/s &#8230; 5 kV\/s<br \/>\n&#8211; Augstsprieguma p\u0101rtraukuma laiks p\u0113c p\u0101rr\u0101vuma: 10 \u03bcs (maks.), 4 \u03bcs (tipiski)<br \/>\n&#8211; Temperat\u016bras m\u0113r\u012bjumu diapazons: 0 \u00b0\u0421 &#8230; 100 \u00b0\u0421<br \/>\n&#8211; Temperat\u016bras m\u0113r\u012b\u0161anas iz\u0161\u0137irtsp\u0113ja: : 1 \u00b0\u0421<br \/>\n&#8211; M\u0113r\u012b\u0161anas kameras tilpums: 500 cm3<br \/>\n&#8211; Atbalst\u012btie test\u0113\u0161anas standarti: IEC 60156, ASTM D877, ASTM D1816, \u0413\u041e\u0421\u0422 6581<br \/>\n&#8211; Savienojuma interfeiss: USB<br \/>\n&#8211; Ieb\u016bv\u0113ts printeris:<\/p>\n<p><Visp\u0101r\u012bgi dati<\/b><br \/>\n&#8211; Izm\u0113ri: 490 x 320 x 300 mm<br \/>\n&#8211; Svars: 25 kg<br \/>\n&#8211; Darba temperat\u016bra: 0 \u00b0\u0421 &#8230; 50 \u00b0\u0421<br \/>\n&#8211; Relat\u012bvais mitrums: l\u012bdz 90 % (bez kondens\u0101cijas)<\/p>\n<p><iframe loading=\"lazy\" width=\"560\" height=\"315\" src=\"https:\/\/www.youtube.com\/embed\/hU-oapzknUc?si=o2NazZduPRdVPeEt\" title=\"YouTube video atska\u0146ot\u0101js\" frameborder=\"0\" allow=\"accelerometer; autoplay; clipboard-write; encrypted-media; gyroscope; picture-in-picture; web-share\" referrerpolicy=\"strict-origin-when-cross-origin\" allowfullscreen><\/iframe><\/p>\n<h3>Tehnisk\u0101 inform\u0101cija:<\/h3>\n<ul>\n<li><a href=\"https:\/\/axiomams.eu\/importer\/export\/attachments\/en\/globecore-tor-80.pdf\" target=\"_blank\">GlobeCore TOR-80.pdf<\/a><\/li>\n<\/ul>\n","protected":false},"excerpt":{"rendered":"<p>GlobeCore TOR-80 ir autom\u0101tiska p\u0101rn\u0113s\u0101jama iek\u0101rta, kas paredz\u0113ta transformatoru e\u013c\u013cas un citu \u0161\u0137idro dielektri\u0137u sadal\u012b\u0161an\u0101s sprieguma p\u0101rbaudei saska\u0146\u0101 ar IEC 60156, VDE 0370, ASTM D877, ASTM D1816, IRAM 2341, k\u0101 ar\u012b saska\u0146\u0101 ar lietot\u0101ja proced\u016br\u0101m, kas defin\u0113tas attiec\u012bgaj\u0101 iek\u0101rtas izv\u0113lnes sada\u013c\u0101. Standartu sarakstu var papildin\u0101t un main\u012bt atbilsto\u0161i klientu piepras\u012bjumiem, k\u0101 ar\u012b, ja k\u013c\u016bst pieejamas&#8230;<\/p>\n","protected":false},"featured_media":42541,"comment_status":"open","ping_status":"closed","template":"","meta":{"_acf_changed":false},"product_brand":[17688],"product_cat":[17713],"product_tag":[],"class_list":{"0":"post-39409","1":"product","2":"type-product","3":"status-publish","4":"has-post-thumbnail","6":"product_brand-globecore","7":"product_cat-elektroiekartu-testesanai-un-parbaudei","9":"first","10":"instock","11":"taxable","12":"shipping-taxable","13":"product-type-simple"},"acf":[],"yoast_head":"<!-- This site is optimized with the Yoast SEO plugin v27.0 - https:\/\/yoast.com\/product\/yoast-seo-wordpress\/ -->\n<title>GlobeCore TOR-80 transformatoru e\u013c\u013cas boj\u0101juma sprieguma testeris - AXIOMA MS<\/title>\n<meta name=\"robots\" content=\"index, follow, max-snippet:-1, max-image-preview:large, max-video-preview:-1\" \/>\n<link rel=\"canonical\" href=\"https:\/\/www.axiomams.eu\/lv\/produktas\/globecore-tor-80-transformatoru-ellas-bojajuma-sprieguma-testeris\" \/>\n<meta property=\"og:locale\" content=\"lv_LV\" \/>\n<meta property=\"og:type\" content=\"article\" \/>\n<meta property=\"og:title\" content=\"GlobeCore TOR-80 transformatoru e\u013c\u013cas boj\u0101juma sprieguma testeris - AXIOMA MS\" \/>\n<meta property=\"og:description\" content=\"GlobeCore TOR-80 ir autom\u0101tiska p\u0101rn\u0113s\u0101jama iek\u0101rta, kas paredz\u0113ta transformatoru e\u013c\u013cas un citu \u0161\u0137idro dielektri\u0137u sadal\u012b\u0161an\u0101s sprieguma p\u0101rbaudei saska\u0146\u0101 ar IEC 60156, VDE 0370, ASTM D877, ASTM D1816, IRAM 2341, k\u0101 ar\u012b saska\u0146\u0101 ar lietot\u0101ja proced\u016br\u0101m, kas defin\u0113tas attiec\u012bgaj\u0101 iek\u0101rtas izv\u0113lnes sada\u013c\u0101. Standartu sarakstu var papildin\u0101t un main\u012bt atbilsto\u0161i klientu piepras\u012bjumiem, k\u0101 ar\u012b, ja k\u013c\u016bst pieejamas...\" \/>\n<meta property=\"og:url\" content=\"https:\/\/www.axiomams.eu\/lv\/produktas\/globecore-tor-80-transformatoru-ellas-bojajuma-sprieguma-testeris\" \/>\n<meta property=\"og:site_name\" content=\"AXIOMA MS\" \/>\n<meta property=\"article:publisher\" content=\"https:\/\/www.facebook.com\/AxiomaMS\" \/>\n<meta property=\"article:modified_time\" content=\"2026-03-25T15:02:04+00:00\" \/>\n<meta property=\"og:image\" content=\"https:\/\/www.axiomams.eu\/wp-content\/uploads\/2025\/07\/4595-5909.jpg\" \/>\n\t<meta property=\"og:image:width\" content=\"1122\" \/>\n\t<meta property=\"og:image:height\" content=\"1020\" \/>\n\t<meta property=\"og:image:type\" content=\"image\/jpeg\" \/>\n<meta name=\"twitter:card\" content=\"summary_large_image\" \/>\n<meta name=\"twitter:label1\" content=\"Est. reading time\" \/>\n\t<meta name=\"twitter:data1\" content=\"2 minutes\" \/>\n<script type=\"application\/ld+json\" class=\"yoast-schema-graph\">{\"@context\":\"https:\/\/schema.org\",\"@graph\":[{\"@type\":\"WebPage\",\"@id\":\"https:\/\/www.axiomams.eu\/lv\/produktas\/globecore-tor-80-transformatoru-ellas-bojajuma-sprieguma-testeris\",\"url\":\"https:\/\/www.axiomams.eu\/lv\/produktas\/globecore-tor-80-transformatoru-ellas-bojajuma-sprieguma-testeris\",\"name\":\"GlobeCore TOR-80 transformatoru e\u013c\u013cas boj\u0101juma sprieguma testeris - AXIOMA MS\",\"isPartOf\":{\"@id\":\"https:\/\/www.axiomams.eu\/lv#website\"},\"primaryImageOfPage\":{\"@id\":\"https:\/\/www.axiomams.eu\/lv\/produktas\/globecore-tor-80-transformatoru-ellas-bojajuma-sprieguma-testeris#primaryimage\"},\"image\":{\"@id\":\"https:\/\/www.axiomams.eu\/lv\/produktas\/globecore-tor-80-transformatoru-ellas-bojajuma-sprieguma-testeris#primaryimage\"},\"thumbnailUrl\":\"https:\/\/www.axiomams.eu\/wp-content\/uploads\/2025\/07\/4595-5909.jpg\",\"datePublished\":\"2025-05-15T16:08:10+00:00\",\"dateModified\":\"2026-03-25T15:02:04+00:00\",\"breadcrumb\":{\"@id\":\"https:\/\/www.axiomams.eu\/lv\/produktas\/globecore-tor-80-transformatoru-ellas-bojajuma-sprieguma-testeris#breadcrumb\"},\"inLanguage\":\"lv-LV\",\"potentialAction\":[{\"@type\":\"ReadAction\",\"target\":[\"https:\/\/www.axiomams.eu\/lv\/produktas\/globecore-tor-80-transformatoru-ellas-bojajuma-sprieguma-testeris\"]}]},{\"@type\":\"ImageObject\",\"inLanguage\":\"lv-LV\",\"@id\":\"https:\/\/www.axiomams.eu\/lv\/produktas\/globecore-tor-80-transformatoru-ellas-bojajuma-sprieguma-testeris#primaryimage\",\"url\":\"https:\/\/www.axiomams.eu\/wp-content\/uploads\/2025\/07\/4595-5909.jpg\",\"contentUrl\":\"https:\/\/www.axiomams.eu\/wp-content\/uploads\/2025\/07\/4595-5909.jpg\",\"width\":1122,\"height\":1020},{\"@type\":\"BreadcrumbList\",\"@id\":\"https:\/\/www.axiomams.eu\/lv\/produktas\/globecore-tor-80-transformatoru-ellas-bojajuma-sprieguma-testeris#breadcrumb\",\"itemListElement\":[{\"@type\":\"ListItem\",\"position\":1,\"name\":\"Home\",\"item\":\"https:\/\/www.axiomams.eu\/lv\"},{\"@type\":\"ListItem\",\"position\":2,\"name\":\"Produkti\",\"item\":\"https:\/\/www.axiomams.eu\/lv\/produkti\"},{\"@type\":\"ListItem\",\"position\":3,\"name\":\"GlobeCore TOR-80 transformatoru e\u013c\u013cas boj\u0101juma sprieguma testeris\"}]},{\"@type\":\"WebSite\",\"@id\":\"https:\/\/www.axiomams.eu\/lv#website\",\"url\":\"https:\/\/www.axiomams.eu\/lv\",\"name\":\"AXIOMA MS\",\"description\":\"Terrmovizoriai ir matavimo \u012franga\",\"publisher\":{\"@id\":\"https:\/\/www.axiomams.eu\/lv#organization\"},\"potentialAction\":[{\"@type\":\"SearchAction\",\"target\":{\"@type\":\"EntryPoint\",\"urlTemplate\":\"https:\/\/www.axiomams.eu\/lv?s={search_term_string}\"},\"query-input\":{\"@type\":\"PropertyValueSpecification\",\"valueRequired\":true,\"valueName\":\"search_term_string\"}}],\"inLanguage\":\"lv-LV\"},{\"@type\":\"Organization\",\"@id\":\"https:\/\/www.axiomams.eu\/lv#organization\",\"name\":\"AXIOMA MS\",\"url\":\"https:\/\/www.axiomams.eu\/lv\",\"logo\":{\"@type\":\"ImageObject\",\"inLanguage\":\"lv-LV\",\"@id\":\"https:\/\/www.axiomams.eu\/lv#\/schema\/logo\/image\/\",\"url\":\"https:\/\/www.axiomams.eu\/wp-content\/uploads\/2025\/06\/axioma-logo-2.png\",\"contentUrl\":\"https:\/\/www.axiomams.eu\/wp-content\/uploads\/2025\/06\/axioma-logo-2.png\",\"width\":1200,\"height\":1200,\"caption\":\"AXIOMA MS\"},\"image\":{\"@id\":\"https:\/\/www.axiomams.eu\/lv#\/schema\/logo\/image\/\"},\"sameAs\":[\"https:\/\/www.facebook.com\/AxiomaMS\",\"https:\/\/www.linkedin.com\/company\/axiomams\/\"]}]}<\/script>\n<!-- \/ Yoast SEO plugin. -->","yoast_head_json":{"title":"GlobeCore TOR-80 transformatoru e\u013c\u013cas boj\u0101juma sprieguma testeris - AXIOMA MS","robots":{"index":"index","follow":"follow","max-snippet":"max-snippet:-1","max-image-preview":"max-image-preview:large","max-video-preview":"max-video-preview:-1"},"canonical":"https:\/\/www.axiomams.eu\/lv\/produktas\/globecore-tor-80-transformatoru-ellas-bojajuma-sprieguma-testeris","og_locale":"lv_LV","og_type":"article","og_title":"GlobeCore TOR-80 transformatoru e\u013c\u013cas boj\u0101juma sprieguma testeris - AXIOMA MS","og_description":"GlobeCore TOR-80 ir autom\u0101tiska p\u0101rn\u0113s\u0101jama iek\u0101rta, kas paredz\u0113ta transformatoru e\u013c\u013cas un citu \u0161\u0137idro dielektri\u0137u sadal\u012b\u0161an\u0101s sprieguma p\u0101rbaudei saska\u0146\u0101 ar IEC 60156, VDE 0370, ASTM D877, ASTM D1816, IRAM 2341, k\u0101 ar\u012b saska\u0146\u0101 ar lietot\u0101ja proced\u016br\u0101m, kas defin\u0113tas attiec\u012bgaj\u0101 iek\u0101rtas izv\u0113lnes sada\u013c\u0101. Standartu sarakstu var papildin\u0101t un main\u012bt atbilsto\u0161i klientu piepras\u012bjumiem, k\u0101 ar\u012b, ja k\u013c\u016bst pieejamas...","og_url":"https:\/\/www.axiomams.eu\/lv\/produktas\/globecore-tor-80-transformatoru-ellas-bojajuma-sprieguma-testeris","og_site_name":"AXIOMA MS","article_publisher":"https:\/\/www.facebook.com\/AxiomaMS","article_modified_time":"2026-03-25T15:02:04+00:00","og_image":[{"width":1122,"height":1020,"url":"https:\/\/www.axiomams.eu\/wp-content\/uploads\/2025\/07\/4595-5909.jpg","type":"image\/jpeg"}],"twitter_card":"summary_large_image","twitter_misc":{"Est. reading time":"2 minutes"},"schema":{"@context":"https:\/\/schema.org","@graph":[{"@type":"WebPage","@id":"https:\/\/www.axiomams.eu\/lv\/produktas\/globecore-tor-80-transformatoru-ellas-bojajuma-sprieguma-testeris","url":"https:\/\/www.axiomams.eu\/lv\/produktas\/globecore-tor-80-transformatoru-ellas-bojajuma-sprieguma-testeris","name":"GlobeCore TOR-80 transformatoru e\u013c\u013cas boj\u0101juma sprieguma testeris - AXIOMA MS","isPartOf":{"@id":"https:\/\/www.axiomams.eu\/lv#website"},"primaryImageOfPage":{"@id":"https:\/\/www.axiomams.eu\/lv\/produktas\/globecore-tor-80-transformatoru-ellas-bojajuma-sprieguma-testeris#primaryimage"},"image":{"@id":"https:\/\/www.axiomams.eu\/lv\/produktas\/globecore-tor-80-transformatoru-ellas-bojajuma-sprieguma-testeris#primaryimage"},"thumbnailUrl":"https:\/\/www.axiomams.eu\/wp-content\/uploads\/2025\/07\/4595-5909.jpg","datePublished":"2025-05-15T16:08:10+00:00","dateModified":"2026-03-25T15:02:04+00:00","breadcrumb":{"@id":"https:\/\/www.axiomams.eu\/lv\/produktas\/globecore-tor-80-transformatoru-ellas-bojajuma-sprieguma-testeris#breadcrumb"},"inLanguage":"lv-LV","potentialAction":[{"@type":"ReadAction","target":["https:\/\/www.axiomams.eu\/lv\/produktas\/globecore-tor-80-transformatoru-ellas-bojajuma-sprieguma-testeris"]}]},{"@type":"ImageObject","inLanguage":"lv-LV","@id":"https:\/\/www.axiomams.eu\/lv\/produktas\/globecore-tor-80-transformatoru-ellas-bojajuma-sprieguma-testeris#primaryimage","url":"https:\/\/www.axiomams.eu\/wp-content\/uploads\/2025\/07\/4595-5909.jpg","contentUrl":"https:\/\/www.axiomams.eu\/wp-content\/uploads\/2025\/07\/4595-5909.jpg","width":1122,"height":1020},{"@type":"BreadcrumbList","@id":"https:\/\/www.axiomams.eu\/lv\/produktas\/globecore-tor-80-transformatoru-ellas-bojajuma-sprieguma-testeris#breadcrumb","itemListElement":[{"@type":"ListItem","position":1,"name":"Home","item":"https:\/\/www.axiomams.eu\/lv"},{"@type":"ListItem","position":2,"name":"Produkti","item":"https:\/\/www.axiomams.eu\/lv\/produkti"},{"@type":"ListItem","position":3,"name":"GlobeCore TOR-80 transformatoru e\u013c\u013cas boj\u0101juma sprieguma testeris"}]},{"@type":"WebSite","@id":"https:\/\/www.axiomams.eu\/lv#website","url":"https:\/\/www.axiomams.eu\/lv","name":"AXIOMA MS","description":"Terrmovizoriai ir matavimo \u012franga","publisher":{"@id":"https:\/\/www.axiomams.eu\/lv#organization"},"potentialAction":[{"@type":"SearchAction","target":{"@type":"EntryPoint","urlTemplate":"https:\/\/www.axiomams.eu\/lv?s={search_term_string}"},"query-input":{"@type":"PropertyValueSpecification","valueRequired":true,"valueName":"search_term_string"}}],"inLanguage":"lv-LV"},{"@type":"Organization","@id":"https:\/\/www.axiomams.eu\/lv#organization","name":"AXIOMA MS","url":"https:\/\/www.axiomams.eu\/lv","logo":{"@type":"ImageObject","inLanguage":"lv-LV","@id":"https:\/\/www.axiomams.eu\/lv#\/schema\/logo\/image\/","url":"https:\/\/www.axiomams.eu\/wp-content\/uploads\/2025\/06\/axioma-logo-2.png","contentUrl":"https:\/\/www.axiomams.eu\/wp-content\/uploads\/2025\/06\/axioma-logo-2.png","width":1200,"height":1200,"caption":"AXIOMA MS"},"image":{"@id":"https:\/\/www.axiomams.eu\/lv#\/schema\/logo\/image\/"},"sameAs":["https:\/\/www.facebook.com\/AxiomaMS","https:\/\/www.linkedin.com\/company\/axiomams\/"]}]}},"_links":{"self":[{"href":"https:\/\/www.axiomams.eu\/lv\/wp-json\/wp\/v2\/product\/39409","targetHints":{"allow":["GET"]}}],"collection":[{"href":"https:\/\/www.axiomams.eu\/lv\/wp-json\/wp\/v2\/product"}],"about":[{"href":"https:\/\/www.axiomams.eu\/lv\/wp-json\/wp\/v2\/types\/product"}],"replies":[{"embeddable":true,"href":"https:\/\/www.axiomams.eu\/lv\/wp-json\/wp\/v2\/comments?post=39409"}],"wp:featuredmedia":[{"embeddable":true,"href":"https:\/\/www.axiomams.eu\/lv\/wp-json\/wp\/v2\/media\/42541"}],"wp:attachment":[{"href":"https:\/\/www.axiomams.eu\/lv\/wp-json\/wp\/v2\/media?parent=39409"}],"wp:term":[{"taxonomy":"product_brand","embeddable":true,"href":"https:\/\/www.axiomams.eu\/lv\/wp-json\/wp\/v2\/product_brand?post=39409"},{"taxonomy":"product_cat","embeddable":true,"href":"https:\/\/www.axiomams.eu\/lv\/wp-json\/wp\/v2\/product_cat?post=39409"},{"taxonomy":"product_tag","embeddable":true,"href":"https:\/\/www.axiomams.eu\/lv\/wp-json\/wp\/v2\/product_tag?post=39409"}],"curies":[{"name":"wp","href":"https:\/\/api.w.org\/{rel}","templated":true}]}}