{"id":39411,"date":"2025-05-15T18:08:14","date_gmt":"2025-05-15T16:08:14","guid":{"rendered":"https:\/\/www.axiomams.eu\/produktas\/dvpower-twa40d-tinumu-pretestibas-analizators"},"modified":"2026-03-25T17:02:04","modified_gmt":"2026-03-25T15:02:04","slug":"dvpower-twa40d-tinumu-pretestibas-analizators","status":"publish","type":"product","link":"https:\/\/www.axiomams.eu\/lv\/produktas\/dvpower-twa40d-tinumu-pretestibas-analizators","title":{"rendered":"DVpower TWA40D tinumu pretest\u012bbas analizators"},"content":{"rendered":"<p>DV Power TWA40D Tap Changer &#038; Winding Analyzer ir paredz\u0113ts se\u0161u tinumu pretest\u012bbas m\u0113r\u012bjumiem un vienlaic\u012bgai tr\u012bsf\u0101\u017eu transformatora prim\u0101ro un sekund\u0101ro tinumu anal\u012bzei. Tas tiek veikts, izmantojot vienu vienpak\u0101pes kabe\u013ca iestat\u012bjumu, ar testa str\u0101vu l\u012bdz 40 A.<br \/>\nKatrai transformatora konfigur\u0101cijai ir \u012bpa\u0161s m\u0113r\u012bjumu algoritms, kas ir optimiz\u0113ts testa rezult\u0101tu \u0101trai stabiliz\u0101cijai. TWA40D \u0123ener\u0113 patiesu l\u012bdzstr\u0101vas str\u0101vu bez puls\u0101cij\u0101m. Gan str\u0101vas ievad\u012b\u0161ana, gan ener\u0123ijas izvad\u012b\u0161ana no magn\u0113tisk\u0101s \u0137\u0113des tiek autom\u0101tiski regul\u0113ta.<\/p>\n<p>Standarta komplekts: instruments, zem\u0113juma kabelis, USB kabelis, programmat\u016bra, kr\u0101na main\u012bt\u0101js.<\/p>\n<h3>Tehnisk\u0101 inform\u0101cija:<\/h3>\n<ul>\n<li><a href=\"https:\/\/axiomams.eu\/importer\/export\/attachments\/en\/dv-power-twa40d.pdf\" target=\"_blank\">DV Power TWA40D.pdf<\/a><\/li>\n<\/ul>\n","protected":false},"excerpt":{"rendered":"<p>DV Power TWA40D Tap Changer &#038; Winding Analyzer ir paredz\u0113ts se\u0161u tinumu pretest\u012bbas m\u0113r\u012bjumiem un vienlaic\u012bgai tr\u012bsf\u0101\u017eu transformatora prim\u0101ro un sekund\u0101ro tinumu anal\u012bzei. Tas tiek veikts, izmantojot vienu vienpak\u0101pes kabe\u013ca iestat\u012bjumu, ar testa str\u0101vu l\u012bdz 40 A. Katrai transformatora konfigur\u0101cijai ir \u012bpa\u0161s m\u0113r\u012bjumu algoritms, kas ir optimiz\u0113ts testa rezult\u0101tu \u0101trai stabiliz\u0101cijai. TWA40D \u0123ener\u0113 patiesu l\u012bdzstr\u0101vas&#8230;<\/p>\n","protected":false},"featured_media":42545,"comment_status":"open","ping_status":"closed","template":"","meta":{"_acf_changed":false},"product_brand":[1238],"product_cat":[17713],"product_tag":[],"class_list":{"0":"post-39411","1":"product","2":"type-product","3":"status-publish","4":"has-post-thumbnail","6":"product_brand-dvpower","7":"product_cat-elektroiekartu-testesanai-un-parbaudei","9":"first","10":"instock","11":"taxable","12":"shipping-taxable","13":"product-type-simple"},"acf":[],"yoast_head":"<!-- This site is optimized with the Yoast SEO plugin v27.0 - https:\/\/yoast.com\/product\/yoast-seo-wordpress\/ -->\n<title>DVpower TWA40D tinumu pretest\u012bbas analizators - AXIOMA MS<\/title>\n<meta name=\"robots\" content=\"index, follow, max-snippet:-1, max-image-preview:large, max-video-preview:-1\" \/>\n<link rel=\"canonical\" href=\"https:\/\/www.axiomams.eu\/lv\/produktas\/dvpower-twa40d-tinumu-pretestibas-analizators\" \/>\n<meta property=\"og:locale\" content=\"lv_LV\" \/>\n<meta property=\"og:type\" content=\"article\" \/>\n<meta property=\"og:title\" content=\"DVpower TWA40D tinumu pretest\u012bbas analizators - AXIOMA MS\" \/>\n<meta property=\"og:description\" content=\"DV Power TWA40D Tap Changer &#038; Winding Analyzer ir paredz\u0113ts se\u0161u tinumu pretest\u012bbas m\u0113r\u012bjumiem un vienlaic\u012bgai tr\u012bsf\u0101\u017eu transformatora prim\u0101ro un sekund\u0101ro tinumu anal\u012bzei. Tas tiek veikts, izmantojot vienu vienpak\u0101pes kabe\u013ca iestat\u012bjumu, ar testa str\u0101vu l\u012bdz 40 A. Katrai transformatora konfigur\u0101cijai ir \u012bpa\u0161s m\u0113r\u012bjumu algoritms, kas ir optimiz\u0113ts testa rezult\u0101tu \u0101trai stabiliz\u0101cijai. TWA40D \u0123ener\u0113 patiesu l\u012bdzstr\u0101vas...\" \/>\n<meta property=\"og:url\" content=\"https:\/\/www.axiomams.eu\/lv\/produktas\/dvpower-twa40d-tinumu-pretestibas-analizators\" \/>\n<meta property=\"og:site_name\" content=\"AXIOMA MS\" \/>\n<meta property=\"article:publisher\" content=\"https:\/\/www.facebook.com\/AxiomaMS\" \/>\n<meta property=\"article:modified_time\" content=\"2026-03-25T15:02:04+00:00\" \/>\n<meta property=\"og:image\" content=\"https:\/\/www.axiomams.eu\/wp-content\/uploads\/2025\/07\/851-1002.gif\" \/>\n\t<meta property=\"og:image:width\" content=\"640\" \/>\n\t<meta property=\"og:image:height\" content=\"480\" \/>\n\t<meta property=\"og:image:type\" content=\"image\/gif\" \/>\n<meta name=\"twitter:card\" content=\"summary_large_image\" \/>\n<meta name=\"twitter:label1\" content=\"Est. reading time\" \/>\n\t<meta name=\"twitter:data1\" content=\"1 minute\" \/>\n<script type=\"application\/ld+json\" class=\"yoast-schema-graph\">{\"@context\":\"https:\/\/schema.org\",\"@graph\":[{\"@type\":\"WebPage\",\"@id\":\"https:\/\/www.axiomams.eu\/lv\/produktas\/dvpower-twa40d-tinumu-pretestibas-analizators\",\"url\":\"https:\/\/www.axiomams.eu\/lv\/produktas\/dvpower-twa40d-tinumu-pretestibas-analizators\",\"name\":\"DVpower TWA40D tinumu pretest\u012bbas analizators - AXIOMA MS\",\"isPartOf\":{\"@id\":\"https:\/\/www.axiomams.eu\/lv#website\"},\"primaryImageOfPage\":{\"@id\":\"https:\/\/www.axiomams.eu\/lv\/produktas\/dvpower-twa40d-tinumu-pretestibas-analizators#primaryimage\"},\"image\":{\"@id\":\"https:\/\/www.axiomams.eu\/lv\/produktas\/dvpower-twa40d-tinumu-pretestibas-analizators#primaryimage\"},\"thumbnailUrl\":\"https:\/\/www.axiomams.eu\/wp-content\/uploads\/2025\/07\/851-1002.gif\",\"datePublished\":\"2025-05-15T16:08:14+00:00\",\"dateModified\":\"2026-03-25T15:02:04+00:00\",\"breadcrumb\":{\"@id\":\"https:\/\/www.axiomams.eu\/lv\/produktas\/dvpower-twa40d-tinumu-pretestibas-analizators#breadcrumb\"},\"inLanguage\":\"lv-LV\",\"potentialAction\":[{\"@type\":\"ReadAction\",\"target\":[\"https:\/\/www.axiomams.eu\/lv\/produktas\/dvpower-twa40d-tinumu-pretestibas-analizators\"]}]},{\"@type\":\"ImageObject\",\"inLanguage\":\"lv-LV\",\"@id\":\"https:\/\/www.axiomams.eu\/lv\/produktas\/dvpower-twa40d-tinumu-pretestibas-analizators#primaryimage\",\"url\":\"https:\/\/www.axiomams.eu\/wp-content\/uploads\/2025\/07\/851-1002.gif\",\"contentUrl\":\"https:\/\/www.axiomams.eu\/wp-content\/uploads\/2025\/07\/851-1002.gif\",\"width\":640,\"height\":480},{\"@type\":\"BreadcrumbList\",\"@id\":\"https:\/\/www.axiomams.eu\/lv\/produktas\/dvpower-twa40d-tinumu-pretestibas-analizators#breadcrumb\",\"itemListElement\":[{\"@type\":\"ListItem\",\"position\":1,\"name\":\"Home\",\"item\":\"https:\/\/www.axiomams.eu\/lv\"},{\"@type\":\"ListItem\",\"position\":2,\"name\":\"Produkti\",\"item\":\"https:\/\/www.axiomams.eu\/lv\/produkti\"},{\"@type\":\"ListItem\",\"position\":3,\"name\":\"DVpower TWA40D tinumu pretest\u012bbas analizators\"}]},{\"@type\":\"WebSite\",\"@id\":\"https:\/\/www.axiomams.eu\/lv#website\",\"url\":\"https:\/\/www.axiomams.eu\/lv\",\"name\":\"AXIOMA MS\",\"description\":\"Terrmovizoriai ir matavimo \u012franga\",\"publisher\":{\"@id\":\"https:\/\/www.axiomams.eu\/lv#organization\"},\"potentialAction\":[{\"@type\":\"SearchAction\",\"target\":{\"@type\":\"EntryPoint\",\"urlTemplate\":\"https:\/\/www.axiomams.eu\/lv?s={search_term_string}\"},\"query-input\":{\"@type\":\"PropertyValueSpecification\",\"valueRequired\":true,\"valueName\":\"search_term_string\"}}],\"inLanguage\":\"lv-LV\"},{\"@type\":\"Organization\",\"@id\":\"https:\/\/www.axiomams.eu\/lv#organization\",\"name\":\"AXIOMA MS\",\"url\":\"https:\/\/www.axiomams.eu\/lv\",\"logo\":{\"@type\":\"ImageObject\",\"inLanguage\":\"lv-LV\",\"@id\":\"https:\/\/www.axiomams.eu\/lv#\/schema\/logo\/image\/\",\"url\":\"https:\/\/www.axiomams.eu\/wp-content\/uploads\/2025\/06\/axioma-logo-2.png\",\"contentUrl\":\"https:\/\/www.axiomams.eu\/wp-content\/uploads\/2025\/06\/axioma-logo-2.png\",\"width\":1200,\"height\":1200,\"caption\":\"AXIOMA MS\"},\"image\":{\"@id\":\"https:\/\/www.axiomams.eu\/lv#\/schema\/logo\/image\/\"},\"sameAs\":[\"https:\/\/www.facebook.com\/AxiomaMS\",\"https:\/\/www.linkedin.com\/company\/axiomams\/\"]}]}<\/script>\n<!-- \/ Yoast SEO plugin. -->","yoast_head_json":{"title":"DVpower TWA40D tinumu pretest\u012bbas analizators - AXIOMA MS","robots":{"index":"index","follow":"follow","max-snippet":"max-snippet:-1","max-image-preview":"max-image-preview:large","max-video-preview":"max-video-preview:-1"},"canonical":"https:\/\/www.axiomams.eu\/lv\/produktas\/dvpower-twa40d-tinumu-pretestibas-analizators","og_locale":"lv_LV","og_type":"article","og_title":"DVpower TWA40D tinumu pretest\u012bbas analizators - AXIOMA MS","og_description":"DV Power TWA40D Tap Changer &#038; Winding Analyzer ir paredz\u0113ts se\u0161u tinumu pretest\u012bbas m\u0113r\u012bjumiem un vienlaic\u012bgai tr\u012bsf\u0101\u017eu transformatora prim\u0101ro un sekund\u0101ro tinumu anal\u012bzei. Tas tiek veikts, izmantojot vienu vienpak\u0101pes kabe\u013ca iestat\u012bjumu, ar testa str\u0101vu l\u012bdz 40 A. Katrai transformatora konfigur\u0101cijai ir \u012bpa\u0161s m\u0113r\u012bjumu algoritms, kas ir optimiz\u0113ts testa rezult\u0101tu \u0101trai stabiliz\u0101cijai. TWA40D \u0123ener\u0113 patiesu l\u012bdzstr\u0101vas...","og_url":"https:\/\/www.axiomams.eu\/lv\/produktas\/dvpower-twa40d-tinumu-pretestibas-analizators","og_site_name":"AXIOMA MS","article_publisher":"https:\/\/www.facebook.com\/AxiomaMS","article_modified_time":"2026-03-25T15:02:04+00:00","og_image":[{"width":640,"height":480,"url":"https:\/\/www.axiomams.eu\/wp-content\/uploads\/2025\/07\/851-1002.gif","type":"image\/gif"}],"twitter_card":"summary_large_image","twitter_misc":{"Est. reading time":"1 minute"},"schema":{"@context":"https:\/\/schema.org","@graph":[{"@type":"WebPage","@id":"https:\/\/www.axiomams.eu\/lv\/produktas\/dvpower-twa40d-tinumu-pretestibas-analizators","url":"https:\/\/www.axiomams.eu\/lv\/produktas\/dvpower-twa40d-tinumu-pretestibas-analizators","name":"DVpower TWA40D tinumu pretest\u012bbas analizators - AXIOMA MS","isPartOf":{"@id":"https:\/\/www.axiomams.eu\/lv#website"},"primaryImageOfPage":{"@id":"https:\/\/www.axiomams.eu\/lv\/produktas\/dvpower-twa40d-tinumu-pretestibas-analizators#primaryimage"},"image":{"@id":"https:\/\/www.axiomams.eu\/lv\/produktas\/dvpower-twa40d-tinumu-pretestibas-analizators#primaryimage"},"thumbnailUrl":"https:\/\/www.axiomams.eu\/wp-content\/uploads\/2025\/07\/851-1002.gif","datePublished":"2025-05-15T16:08:14+00:00","dateModified":"2026-03-25T15:02:04+00:00","breadcrumb":{"@id":"https:\/\/www.axiomams.eu\/lv\/produktas\/dvpower-twa40d-tinumu-pretestibas-analizators#breadcrumb"},"inLanguage":"lv-LV","potentialAction":[{"@type":"ReadAction","target":["https:\/\/www.axiomams.eu\/lv\/produktas\/dvpower-twa40d-tinumu-pretestibas-analizators"]}]},{"@type":"ImageObject","inLanguage":"lv-LV","@id":"https:\/\/www.axiomams.eu\/lv\/produktas\/dvpower-twa40d-tinumu-pretestibas-analizators#primaryimage","url":"https:\/\/www.axiomams.eu\/wp-content\/uploads\/2025\/07\/851-1002.gif","contentUrl":"https:\/\/www.axiomams.eu\/wp-content\/uploads\/2025\/07\/851-1002.gif","width":640,"height":480},{"@type":"BreadcrumbList","@id":"https:\/\/www.axiomams.eu\/lv\/produktas\/dvpower-twa40d-tinumu-pretestibas-analizators#breadcrumb","itemListElement":[{"@type":"ListItem","position":1,"name":"Home","item":"https:\/\/www.axiomams.eu\/lv"},{"@type":"ListItem","position":2,"name":"Produkti","item":"https:\/\/www.axiomams.eu\/lv\/produkti"},{"@type":"ListItem","position":3,"name":"DVpower TWA40D tinumu pretest\u012bbas analizators"}]},{"@type":"WebSite","@id":"https:\/\/www.axiomams.eu\/lv#website","url":"https:\/\/www.axiomams.eu\/lv","name":"AXIOMA MS","description":"Terrmovizoriai ir matavimo \u012franga","publisher":{"@id":"https:\/\/www.axiomams.eu\/lv#organization"},"potentialAction":[{"@type":"SearchAction","target":{"@type":"EntryPoint","urlTemplate":"https:\/\/www.axiomams.eu\/lv?s={search_term_string}"},"query-input":{"@type":"PropertyValueSpecification","valueRequired":true,"valueName":"search_term_string"}}],"inLanguage":"lv-LV"},{"@type":"Organization","@id":"https:\/\/www.axiomams.eu\/lv#organization","name":"AXIOMA MS","url":"https:\/\/www.axiomams.eu\/lv","logo":{"@type":"ImageObject","inLanguage":"lv-LV","@id":"https:\/\/www.axiomams.eu\/lv#\/schema\/logo\/image\/","url":"https:\/\/www.axiomams.eu\/wp-content\/uploads\/2025\/06\/axioma-logo-2.png","contentUrl":"https:\/\/www.axiomams.eu\/wp-content\/uploads\/2025\/06\/axioma-logo-2.png","width":1200,"height":1200,"caption":"AXIOMA MS"},"image":{"@id":"https:\/\/www.axiomams.eu\/lv#\/schema\/logo\/image\/"},"sameAs":["https:\/\/www.facebook.com\/AxiomaMS","https:\/\/www.linkedin.com\/company\/axiomams\/"]}]}},"_links":{"self":[{"href":"https:\/\/www.axiomams.eu\/lv\/wp-json\/wp\/v2\/product\/39411","targetHints":{"allow":["GET"]}}],"collection":[{"href":"https:\/\/www.axiomams.eu\/lv\/wp-json\/wp\/v2\/product"}],"about":[{"href":"https:\/\/www.axiomams.eu\/lv\/wp-json\/wp\/v2\/types\/product"}],"replies":[{"embeddable":true,"href":"https:\/\/www.axiomams.eu\/lv\/wp-json\/wp\/v2\/comments?post=39411"}],"wp:featuredmedia":[{"embeddable":true,"href":"https:\/\/www.axiomams.eu\/lv\/wp-json\/wp\/v2\/media\/42545"}],"wp:attachment":[{"href":"https:\/\/www.axiomams.eu\/lv\/wp-json\/wp\/v2\/media?parent=39411"}],"wp:term":[{"taxonomy":"product_brand","embeddable":true,"href":"https:\/\/www.axiomams.eu\/lv\/wp-json\/wp\/v2\/product_brand?post=39411"},{"taxonomy":"product_cat","embeddable":true,"href":"https:\/\/www.axiomams.eu\/lv\/wp-json\/wp\/v2\/product_cat?post=39411"},{"taxonomy":"product_tag","embeddable":true,"href":"https:\/\/www.axiomams.eu\/lv\/wp-json\/wp\/v2\/product_tag?post=39411"}],"curies":[{"name":"wp","href":"https:\/\/api.w.org\/{rel}","templated":true}]}}