{"id":39414,"date":"2025-05-15T18:08:15","date_gmt":"2025-05-15T16:08:15","guid":{"rendered":"https:\/\/www.axiomams.eu\/produktas\/ea-technology-ultratev-plus%c2%b2-komplekts2-dalejas-izlades-pd-instruments"},"modified":"2026-03-25T17:02:07","modified_gmt":"2026-03-25T15:02:07","slug":"ea-technology-ultratev-plus%c2%b2-komplekts2-dalejas-izlades-pd-instruments","status":"publish","type":"product","link":"https:\/\/www.axiomams.eu\/lv\/produktas\/ea-technology-ultratev-plus%c2%b2-komplekts2-dalejas-izlades-pd-instruments","title":{"rendered":"EA Technology UltraTEV Plus\u00b2 komplekts2 Da\u013c\u0113jas izl\u0101des (PD) instruments"},"content":{"rendered":"<p>UltraTEVTM Plus2 apvieno tehniku un bag\u0101t\u012bgo pieredzi un zin\u0101\u0161anas, lai viegl\u0101k nek\u0101 jebkad agr\u0101k izvair\u012btos no k\u013c\u016bm\u0113m augstsprieguma t\u012bkl\u0101.<br \/>\n\u0160is jaun\u0101kais rokas da\u013c\u0113jas izl\u0101des (PD) instruments ir viegli lietojams, un tas apvieno papildu sensoru iesp\u0113jas ar progres\u012bv\u0101m anal\u012btisk\u0101m funkcij\u0101m re\u0101laj\u0101 laik\u0101. Sp\u0113ja at\u0161\u0137irt patieso PD no trok\u0161\u0146iem un citiem trauc\u0113jumiem noz\u012bm\u0113, ka j\u016bs varat pie\u0146emt lab\u0101kus l\u0113mumus, ietaup\u012bt laiku, naudu un uzlabot dro\u0161\u012bbu.<\/p>\n<p>2 standarta komplekts: UltraTEV Plus\u00b2, str\u0101vas l\u0101d\u0113t\u0101js, auto l\u0101d\u0113t\u0101js, USB vads, 8 GB MicroSD un SD adapteris, kakla austi\u0146as, ultraska\u0146as kontakta zonde, elast\u012bga mikrofona sensors, RFCT un kabelis, temperat\u016bras un mitruma sensors, p\u0101rn\u0113s\u0101jamais futr\u0101lis.<\/p>\n<p>Specifik\u0101cija: UltraTEV Plus\u00b2<br \/>\nTEV<br \/>\nSensors: Kapacitat\u012bvais<br \/>\nM\u0113r\u012bjumu diapazons: 1: 0 dBmV &#8230; 60 dBmV<br \/>\nIz\u0161\u0137irtsp\u0113ja: 1dB<br \/>\nMinim\u0101lais impulsu \u0101trums: 10 Hz (tikai sl\u012bdo\u0161ajiem displejiem)<br \/>\nLokatora zondes priorit\u0101te: 0,3ns, kas atbilst 10 cm<br \/>\nIzl\u0101des mode\u013ca f\u0101zes atskaite: Optisk\u0101, E-Pola un manu\u0101l\u0101<\/p>\n<p>ULTRASONIC<br \/>\nM\u0113r\u012bjumu diapazons: -7 dB\u03bcV &#8230; 68 dB\u03bcV<br \/>\nIz\u0161\u0137irtsp\u0113ja: 1 dB<br \/>\nPrecizit\u0101te: \u00b11 dB<br \/>\nP\u0101rveidot\u0101ja jut\u012bba: -65 dB (0 dB = 1 volts\/\u03bcbar RMS SPL)<br \/>\nP\u0101rveidot\u0101ja centr\u0101l\u0101 frekvence: 40 kHz<br \/>\nP\u0101rveidot\u0101ja diametrs: 16 mm<br \/>\nHeterodinamisk\u0101 frekvence: 38,4 kHz<\/p>\n<p>KABELIS PD<br \/>\nSensors: RFCT<br \/>\nM\u0113r\u012bjumu diapazons: RFCFCT, RFCT, RFCT, RFCT, RFCT: 0 &#8230; 25000 pC<br \/>\nIz\u0161\u0137irtsp\u0113ja: 98 pC<br \/>\nPrecizit\u0101te: \u00b1 98 pC<br \/>\nMinim\u0101lais impulsu \u0101trums: 10 Hz<\/p>\n<p>HARDWARE<br \/>\nKorpuss: pa\u0161kr\u0101sots plastmasas korpuss, kas veidots injekcijas veid\u0101.<br \/>\nIndikatori: Kr\u0101sains LCD displejs ar apgaismojumu, uzl\u0101des indikatora LED indikators.<br \/>\nVad\u012bbas elementi: Sk\u0101rienekr\u0101ns<br \/>\nSavienot\u0101ji:<br \/>\nSavienot\u0101ji: TEV\/Ultrasonic Lemo jaukta ligzda, TEV Lemo jaukta ligzda, kabe\u013ca PD BNC, \u0101r\u0113j\u0101 ultraska\u0146as sensora Lemo daudzpolu ligzda, bezkontakta temperat\u016bras sensora Lemo daudzpolu ligzda, 3,5 mm stereo austi\u0146u ligzda, USB 1.1 ports A tipa ligzda, 2,1 mm 18 V l\u012bdzstr\u0101vas l\u0101d\u0113t\u0101ja ieeja,<br \/>\nausti\u0146as: austi\u0146as: min. 8 omi<\/p>\n<p>VID\u0112T\u0100JS:<br \/>\nDarba temperat\u016bra: 0\u00b0C &#8230; 55\u00b0C<br \/>\nMitrums: 0% &#8230; 90% bez kondens\u0101cijas<br \/>\nIP kategorija: 42<\/p>\n<p>IESP\u0112JAS IESP\u0112JAS IESP\u0112JAS IESP\u0112JAS<br \/>\nIek\u0161\u0113j\u0101s baterijas: 3,7 V 27,2Ah litija-jonu 3,7 V 27,2Ah litija jonu akumulatori.<br \/>\nTipisks darb\u012bbas laiks: aptuveni 13 stundas<br \/>\nAkumulatora saglab\u0101\u0161ana: Autom\u0101tiska zema akumulatora sprieguma &#8220;izsl\u0113g\u0161an\u0101s<\/p>\n<p>Specifik\u0101cijas: UltraTEV Plus\u00b2 lokatora zonde<br \/>\nTEV<br \/>\nSensors: Kapacitat\u012bvais<br \/>\nM\u0113r\u012b\u0161anas diapazons: 1: 0 dBmV &#8230; 60 dBmV<br \/>\nIz\u0161\u0137irtsp\u0113ja: 1dB<br \/>\nM\u0113r\u012bjumu joslas platums: 3 MHz &#8230; 80 MHz<br \/>\nPrecizit\u0101te: \u00b11 dB<\/p>\n<p>IZM\u0112RI<br \/>\nIzm\u0113rs: 201 x 76 x 34 mm ar 2 m garu kabeli<\/p>\n<p>HARDWARE<br \/>\nKorpuss: pa\u0161kr\u0101sots plastmasas korpuss ar iesmidzin\u0101\u0161anas pa\u0146\u0113mienu.<br \/>\nIndikatori: Str\u0101vas indikators: LED diode<br \/>\nVad\u012bbas elementi: 3 x spiedpogas<br \/>\nSavienot\u0101ji: Kabe\u013ca savienojums ar UltraTEV Plus2<\/p>\n<p>ENVIRONMENT\u0100LAIS<br \/>\nDarba temperat\u016bra: -20\u00b0C &#8230; 50\u00b0C<br \/>\nMitrums: 0 &#8230; 90% bez kondens\u0101cijas<br \/>\nIP kategorija: 54<\/p>\n<h3>Tehnisk\u0101 inform\u0101cija:<\/h3>\n<ul>\n<li><a href=\"https:\/\/axiomams.eu\/importer\/export\/attachments\/en\/ea-technology-ultratev-plus-2.pdf\" target=\"_blank\">EA Technology UltraTEV Plus 2.pdf<\/a><\/li>\n<\/ul>\n","protected":false},"excerpt":{"rendered":"<p>UltraTEVTM Plus2 apvieno tehniku un bag\u0101t\u012bgo pieredzi un zin\u0101\u0161anas, lai viegl\u0101k nek\u0101 jebkad agr\u0101k izvair\u012btos no k\u013c\u016bm\u0113m augstsprieguma t\u012bkl\u0101. \u0160is jaun\u0101kais rokas da\u013c\u0113jas izl\u0101des (PD) instruments ir viegli lietojams, un tas apvieno papildu sensoru iesp\u0113jas ar progres\u012bv\u0101m anal\u012btisk\u0101m funkcij\u0101m re\u0101laj\u0101 laik\u0101. Sp\u0113ja at\u0161\u0137irt patieso PD no trok\u0161\u0146iem un citiem trauc\u0113jumiem noz\u012bm\u0113, ka j\u016bs varat pie\u0146emt&#8230;<\/p>\n","protected":false},"featured_media":42551,"comment_status":"open","ping_status":"closed","template":"","meta":{"_acf_changed":false},"product_brand":[17689],"product_cat":[17713],"product_tag":[],"class_list":{"0":"post-39414","1":"product","2":"type-product","3":"status-publish","4":"has-post-thumbnail","6":"product_brand-ea-technology","7":"product_cat-elektroiekartu-testesanai-un-parbaudei","9":"first","10":"instock","11":"taxable","12":"shipping-taxable","13":"purchasable","14":"product-type-simple"},"acf":[],"yoast_head":"<!-- This site is optimized with the Yoast SEO plugin v27.0 - https:\/\/yoast.com\/product\/yoast-seo-wordpress\/ -->\n<title>EA Technology UltraTEV Plus\u00b2 komplekts2 Da\u013c\u0113jas izl\u0101des (PD) instruments - AXIOMA MS<\/title>\n<meta name=\"robots\" content=\"index, follow, max-snippet:-1, max-image-preview:large, max-video-preview:-1\" \/>\n<link rel=\"canonical\" href=\"https:\/\/www.axiomams.eu\/lv\/produktas\/ea-technology-ultratev-plus%c2%b2-komplekts2-dalejas-izlades-pd-instruments\" \/>\n<meta property=\"og:locale\" content=\"lv_LV\" \/>\n<meta property=\"og:type\" content=\"article\" \/>\n<meta property=\"og:title\" content=\"EA Technology UltraTEV Plus\u00b2 komplekts2 Da\u013c\u0113jas izl\u0101des (PD) instruments - AXIOMA MS\" \/>\n<meta property=\"og:description\" content=\"UltraTEVTM Plus2 apvieno tehniku un bag\u0101t\u012bgo pieredzi un zin\u0101\u0161anas, lai viegl\u0101k nek\u0101 jebkad agr\u0101k izvair\u012btos no k\u013c\u016bm\u0113m augstsprieguma t\u012bkl\u0101. \u0160is jaun\u0101kais rokas da\u013c\u0113jas izl\u0101des (PD) instruments ir viegli lietojams, un tas apvieno papildu sensoru iesp\u0113jas ar progres\u012bv\u0101m anal\u012btisk\u0101m funkcij\u0101m re\u0101laj\u0101 laik\u0101. Sp\u0113ja at\u0161\u0137irt patieso PD no trok\u0161\u0146iem un citiem trauc\u0113jumiem noz\u012bm\u0113, ka j\u016bs varat pie\u0146emt...\" \/>\n<meta property=\"og:url\" content=\"https:\/\/www.axiomams.eu\/lv\/produktas\/ea-technology-ultratev-plus%c2%b2-komplekts2-dalejas-izlades-pd-instruments\" \/>\n<meta property=\"og:site_name\" content=\"AXIOMA MS\" \/>\n<meta property=\"article:publisher\" content=\"https:\/\/www.facebook.com\/AxiomaMS\" \/>\n<meta property=\"article:modified_time\" content=\"2026-03-25T15:02:07+00:00\" \/>\n<meta property=\"og:image\" content=\"https:\/\/www.axiomams.eu\/wp-content\/uploads\/2025\/07\/2945-3879.jpg\" \/>\n\t<meta property=\"og:image:width\" content=\"255\" \/>\n\t<meta property=\"og:image:height\" content=\"255\" \/>\n\t<meta property=\"og:image:type\" content=\"image\/jpeg\" \/>\n<meta name=\"twitter:card\" content=\"summary_large_image\" \/>\n<meta name=\"twitter:label1\" content=\"Est. reading time\" \/>\n\t<meta name=\"twitter:data1\" content=\"2 minutes\" \/>\n<script type=\"application\/ld+json\" class=\"yoast-schema-graph\">{\"@context\":\"https:\/\/schema.org\",\"@graph\":[{\"@type\":\"WebPage\",\"@id\":\"https:\/\/www.axiomams.eu\/lv\/produktas\/ea-technology-ultratev-plus%c2%b2-komplekts2-dalejas-izlades-pd-instruments\",\"url\":\"https:\/\/www.axiomams.eu\/lv\/produktas\/ea-technology-ultratev-plus%c2%b2-komplekts2-dalejas-izlades-pd-instruments\",\"name\":\"EA Technology UltraTEV Plus\u00b2 komplekts2 Da\u013c\u0113jas izl\u0101des (PD) instruments - AXIOMA MS\",\"isPartOf\":{\"@id\":\"https:\/\/www.axiomams.eu\/lv#website\"},\"primaryImageOfPage\":{\"@id\":\"https:\/\/www.axiomams.eu\/lv\/produktas\/ea-technology-ultratev-plus%c2%b2-komplekts2-dalejas-izlades-pd-instruments#primaryimage\"},\"image\":{\"@id\":\"https:\/\/www.axiomams.eu\/lv\/produktas\/ea-technology-ultratev-plus%c2%b2-komplekts2-dalejas-izlades-pd-instruments#primaryimage\"},\"thumbnailUrl\":\"https:\/\/www.axiomams.eu\/wp-content\/uploads\/2025\/07\/2945-3879.jpg\",\"datePublished\":\"2025-05-15T16:08:15+00:00\",\"dateModified\":\"2026-03-25T15:02:07+00:00\",\"breadcrumb\":{\"@id\":\"https:\/\/www.axiomams.eu\/lv\/produktas\/ea-technology-ultratev-plus%c2%b2-komplekts2-dalejas-izlades-pd-instruments#breadcrumb\"},\"inLanguage\":\"lv-LV\",\"potentialAction\":[{\"@type\":\"ReadAction\",\"target\":[\"https:\/\/www.axiomams.eu\/lv\/produktas\/ea-technology-ultratev-plus%c2%b2-komplekts2-dalejas-izlades-pd-instruments\"]}]},{\"@type\":\"ImageObject\",\"inLanguage\":\"lv-LV\",\"@id\":\"https:\/\/www.axiomams.eu\/lv\/produktas\/ea-technology-ultratev-plus%c2%b2-komplekts2-dalejas-izlades-pd-instruments#primaryimage\",\"url\":\"https:\/\/www.axiomams.eu\/wp-content\/uploads\/2025\/07\/2945-3879.jpg\",\"contentUrl\":\"https:\/\/www.axiomams.eu\/wp-content\/uploads\/2025\/07\/2945-3879.jpg\",\"width\":255,\"height\":255},{\"@type\":\"BreadcrumbList\",\"@id\":\"https:\/\/www.axiomams.eu\/lv\/produktas\/ea-technology-ultratev-plus%c2%b2-komplekts2-dalejas-izlades-pd-instruments#breadcrumb\",\"itemListElement\":[{\"@type\":\"ListItem\",\"position\":1,\"name\":\"Home\",\"item\":\"https:\/\/www.axiomams.eu\/lv\"},{\"@type\":\"ListItem\",\"position\":2,\"name\":\"Produkti\",\"item\":\"https:\/\/www.axiomams.eu\/lv\/produkti\"},{\"@type\":\"ListItem\",\"position\":3,\"name\":\"EA Technology UltraTEV Plus\u00b2 komplekts2 Da\u013c\u0113jas izl\u0101des (PD) instruments\"}]},{\"@type\":\"WebSite\",\"@id\":\"https:\/\/www.axiomams.eu\/lv#website\",\"url\":\"https:\/\/www.axiomams.eu\/lv\",\"name\":\"AXIOMA MS\",\"description\":\"Terrmovizoriai ir matavimo \u012franga\",\"publisher\":{\"@id\":\"https:\/\/www.axiomams.eu\/lv#organization\"},\"potentialAction\":[{\"@type\":\"SearchAction\",\"target\":{\"@type\":\"EntryPoint\",\"urlTemplate\":\"https:\/\/www.axiomams.eu\/lv?s={search_term_string}\"},\"query-input\":{\"@type\":\"PropertyValueSpecification\",\"valueRequired\":true,\"valueName\":\"search_term_string\"}}],\"inLanguage\":\"lv-LV\"},{\"@type\":\"Organization\",\"@id\":\"https:\/\/www.axiomams.eu\/lv#organization\",\"name\":\"AXIOMA MS\",\"url\":\"https:\/\/www.axiomams.eu\/lv\",\"logo\":{\"@type\":\"ImageObject\",\"inLanguage\":\"lv-LV\",\"@id\":\"https:\/\/www.axiomams.eu\/lv#\/schema\/logo\/image\/\",\"url\":\"https:\/\/www.axiomams.eu\/wp-content\/uploads\/2025\/06\/axioma-logo-2.png\",\"contentUrl\":\"https:\/\/www.axiomams.eu\/wp-content\/uploads\/2025\/06\/axioma-logo-2.png\",\"width\":1200,\"height\":1200,\"caption\":\"AXIOMA MS\"},\"image\":{\"@id\":\"https:\/\/www.axiomams.eu\/lv#\/schema\/logo\/image\/\"},\"sameAs\":[\"https:\/\/www.facebook.com\/AxiomaMS\",\"https:\/\/www.linkedin.com\/company\/axiomams\/\"]}]}<\/script>\n<!-- \/ Yoast SEO plugin. -->","yoast_head_json":{"title":"EA Technology UltraTEV Plus\u00b2 komplekts2 Da\u013c\u0113jas izl\u0101des (PD) instruments - AXIOMA MS","robots":{"index":"index","follow":"follow","max-snippet":"max-snippet:-1","max-image-preview":"max-image-preview:large","max-video-preview":"max-video-preview:-1"},"canonical":"https:\/\/www.axiomams.eu\/lv\/produktas\/ea-technology-ultratev-plus%c2%b2-komplekts2-dalejas-izlades-pd-instruments","og_locale":"lv_LV","og_type":"article","og_title":"EA Technology UltraTEV Plus\u00b2 komplekts2 Da\u013c\u0113jas izl\u0101des (PD) instruments - AXIOMA MS","og_description":"UltraTEVTM Plus2 apvieno tehniku un bag\u0101t\u012bgo pieredzi un zin\u0101\u0161anas, lai viegl\u0101k nek\u0101 jebkad agr\u0101k izvair\u012btos no k\u013c\u016bm\u0113m augstsprieguma t\u012bkl\u0101. \u0160is jaun\u0101kais rokas da\u013c\u0113jas izl\u0101des (PD) instruments ir viegli lietojams, un tas apvieno papildu sensoru iesp\u0113jas ar progres\u012bv\u0101m anal\u012btisk\u0101m funkcij\u0101m re\u0101laj\u0101 laik\u0101. Sp\u0113ja at\u0161\u0137irt patieso PD no trok\u0161\u0146iem un citiem trauc\u0113jumiem noz\u012bm\u0113, ka j\u016bs varat pie\u0146emt...","og_url":"https:\/\/www.axiomams.eu\/lv\/produktas\/ea-technology-ultratev-plus%c2%b2-komplekts2-dalejas-izlades-pd-instruments","og_site_name":"AXIOMA MS","article_publisher":"https:\/\/www.facebook.com\/AxiomaMS","article_modified_time":"2026-03-25T15:02:07+00:00","og_image":[{"width":255,"height":255,"url":"https:\/\/www.axiomams.eu\/wp-content\/uploads\/2025\/07\/2945-3879.jpg","type":"image\/jpeg"}],"twitter_card":"summary_large_image","twitter_misc":{"Est. reading time":"2 minutes"},"schema":{"@context":"https:\/\/schema.org","@graph":[{"@type":"WebPage","@id":"https:\/\/www.axiomams.eu\/lv\/produktas\/ea-technology-ultratev-plus%c2%b2-komplekts2-dalejas-izlades-pd-instruments","url":"https:\/\/www.axiomams.eu\/lv\/produktas\/ea-technology-ultratev-plus%c2%b2-komplekts2-dalejas-izlades-pd-instruments","name":"EA Technology UltraTEV Plus\u00b2 komplekts2 Da\u013c\u0113jas izl\u0101des (PD) instruments - AXIOMA MS","isPartOf":{"@id":"https:\/\/www.axiomams.eu\/lv#website"},"primaryImageOfPage":{"@id":"https:\/\/www.axiomams.eu\/lv\/produktas\/ea-technology-ultratev-plus%c2%b2-komplekts2-dalejas-izlades-pd-instruments#primaryimage"},"image":{"@id":"https:\/\/www.axiomams.eu\/lv\/produktas\/ea-technology-ultratev-plus%c2%b2-komplekts2-dalejas-izlades-pd-instruments#primaryimage"},"thumbnailUrl":"https:\/\/www.axiomams.eu\/wp-content\/uploads\/2025\/07\/2945-3879.jpg","datePublished":"2025-05-15T16:08:15+00:00","dateModified":"2026-03-25T15:02:07+00:00","breadcrumb":{"@id":"https:\/\/www.axiomams.eu\/lv\/produktas\/ea-technology-ultratev-plus%c2%b2-komplekts2-dalejas-izlades-pd-instruments#breadcrumb"},"inLanguage":"lv-LV","potentialAction":[{"@type":"ReadAction","target":["https:\/\/www.axiomams.eu\/lv\/produktas\/ea-technology-ultratev-plus%c2%b2-komplekts2-dalejas-izlades-pd-instruments"]}]},{"@type":"ImageObject","inLanguage":"lv-LV","@id":"https:\/\/www.axiomams.eu\/lv\/produktas\/ea-technology-ultratev-plus%c2%b2-komplekts2-dalejas-izlades-pd-instruments#primaryimage","url":"https:\/\/www.axiomams.eu\/wp-content\/uploads\/2025\/07\/2945-3879.jpg","contentUrl":"https:\/\/www.axiomams.eu\/wp-content\/uploads\/2025\/07\/2945-3879.jpg","width":255,"height":255},{"@type":"BreadcrumbList","@id":"https:\/\/www.axiomams.eu\/lv\/produktas\/ea-technology-ultratev-plus%c2%b2-komplekts2-dalejas-izlades-pd-instruments#breadcrumb","itemListElement":[{"@type":"ListItem","position":1,"name":"Home","item":"https:\/\/www.axiomams.eu\/lv"},{"@type":"ListItem","position":2,"name":"Produkti","item":"https:\/\/www.axiomams.eu\/lv\/produkti"},{"@type":"ListItem","position":3,"name":"EA Technology UltraTEV Plus\u00b2 komplekts2 Da\u013c\u0113jas izl\u0101des (PD) instruments"}]},{"@type":"WebSite","@id":"https:\/\/www.axiomams.eu\/lv#website","url":"https:\/\/www.axiomams.eu\/lv","name":"AXIOMA MS","description":"Terrmovizoriai ir matavimo \u012franga","publisher":{"@id":"https:\/\/www.axiomams.eu\/lv#organization"},"potentialAction":[{"@type":"SearchAction","target":{"@type":"EntryPoint","urlTemplate":"https:\/\/www.axiomams.eu\/lv?s={search_term_string}"},"query-input":{"@type":"PropertyValueSpecification","valueRequired":true,"valueName":"search_term_string"}}],"inLanguage":"lv-LV"},{"@type":"Organization","@id":"https:\/\/www.axiomams.eu\/lv#organization","name":"AXIOMA MS","url":"https:\/\/www.axiomams.eu\/lv","logo":{"@type":"ImageObject","inLanguage":"lv-LV","@id":"https:\/\/www.axiomams.eu\/lv#\/schema\/logo\/image\/","url":"https:\/\/www.axiomams.eu\/wp-content\/uploads\/2025\/06\/axioma-logo-2.png","contentUrl":"https:\/\/www.axiomams.eu\/wp-content\/uploads\/2025\/06\/axioma-logo-2.png","width":1200,"height":1200,"caption":"AXIOMA MS"},"image":{"@id":"https:\/\/www.axiomams.eu\/lv#\/schema\/logo\/image\/"},"sameAs":["https:\/\/www.facebook.com\/AxiomaMS","https:\/\/www.linkedin.com\/company\/axiomams\/"]}]}},"_links":{"self":[{"href":"https:\/\/www.axiomams.eu\/lv\/wp-json\/wp\/v2\/product\/39414","targetHints":{"allow":["GET"]}}],"collection":[{"href":"https:\/\/www.axiomams.eu\/lv\/wp-json\/wp\/v2\/product"}],"about":[{"href":"https:\/\/www.axiomams.eu\/lv\/wp-json\/wp\/v2\/types\/product"}],"replies":[{"embeddable":true,"href":"https:\/\/www.axiomams.eu\/lv\/wp-json\/wp\/v2\/comments?post=39414"}],"wp:featuredmedia":[{"embeddable":true,"href":"https:\/\/www.axiomams.eu\/lv\/wp-json\/wp\/v2\/media\/42551"}],"wp:attachment":[{"href":"https:\/\/www.axiomams.eu\/lv\/wp-json\/wp\/v2\/media?parent=39414"}],"wp:term":[{"taxonomy":"product_brand","embeddable":true,"href":"https:\/\/www.axiomams.eu\/lv\/wp-json\/wp\/v2\/product_brand?post=39414"},{"taxonomy":"product_cat","embeddable":true,"href":"https:\/\/www.axiomams.eu\/lv\/wp-json\/wp\/v2\/product_cat?post=39414"},{"taxonomy":"product_tag","embeddable":true,"href":"https:\/\/www.axiomams.eu\/lv\/wp-json\/wp\/v2\/product_tag?post=39414"}],"curies":[{"name":"wp","href":"https:\/\/api.w.org\/{rel}","templated":true}]}}