{"id":39421,"date":"2025-05-15T18:08:21","date_gmt":"2025-05-15T16:08:21","guid":{"rendered":"https:\/\/www.axiomams.eu\/produktas\/janitza-umg-96rm-p-elektroenergijas-kvalitates-analizators"},"modified":"2026-03-25T17:02:08","modified_gmt":"2026-03-25T15:02:08","slug":"janitza-umg-96rm-p-elektroenergijas-kvalitates-analizators","status":"publish","type":"product","link":"https:\/\/www.axiomams.eu\/lv\/produktas\/janitza-umg-96rm-p-elektroenergijas-kvalitates-analizators","title":{"rendered":"Janitza UMG 96RM-P elektroener\u0123ijas kvalit\u0101tes analizators"},"content":{"rendered":"<p>Ener\u0123ijas m\u0113riek\u0101rtas un jaudas analizatori ener\u0123ijas p\u0101rvald\u012bbai un ener\u0123ijas kvalit\u0101tes uzraudz\u012bbai ar re\u0101llaika elektroener\u0123ijas pieg\u0101des diagnostiku.<\/p>\n<h3>Tehnisk\u0101 inform\u0101cija:<\/h3>\n<ul>\n<li><a href=\"https:\/\/axiomams.eu\/importer\/export\/attachments\/en\/umg-96rm.pdf\" target=\"_blank\">UMG 96RM.pdf<\/a><\/li>\n<\/ul>\n","protected":false},"excerpt":{"rendered":"<p>Ener\u0123ijas m\u0113riek\u0101rtas un jaudas analizatori ener\u0123ijas p\u0101rvald\u012bbai un ener\u0123ijas kvalit\u0101tes uzraudz\u012bbai ar re\u0101llaika elektroener\u0123ijas pieg\u0101des diagnostiku. Tehnisk\u0101 inform\u0101cija: UMG 96RM.pdf<\/p>\n","protected":false},"featured_media":42565,"comment_status":"open","ping_status":"closed","template":"","meta":{"_acf_changed":false},"product_brand":[1783],"product_cat":[17714],"product_tag":[],"class_list":{"0":"post-39421","1":"product","2":"type-product","3":"status-publish","4":"has-post-thumbnail","6":"product_brand-janitza","7":"product_cat-elektroenergijas-tikla-analizei-un-uzskaitei","9":"first","10":"instock","11":"taxable","12":"shipping-taxable","13":"product-type-simple"},"acf":[],"yoast_head":"<!-- This site is optimized with the Yoast SEO plugin v27.0 - https:\/\/yoast.com\/product\/yoast-seo-wordpress\/ -->\n<title>Janitza UMG 96RM-P elektroener\u0123ijas kvalit\u0101tes analizators - AXIOMA MS<\/title>\n<meta name=\"robots\" content=\"index, follow, max-snippet:-1, max-image-preview:large, max-video-preview:-1\" \/>\n<link rel=\"canonical\" href=\"https:\/\/www.axiomams.eu\/lv\/produktas\/janitza-umg-96rm-p-elektroenergijas-kvalitates-analizators\" \/>\n<meta property=\"og:locale\" content=\"lv_LV\" \/>\n<meta property=\"og:type\" content=\"article\" \/>\n<meta property=\"og:title\" content=\"Janitza UMG 96RM-P elektroener\u0123ijas kvalit\u0101tes analizators - AXIOMA MS\" \/>\n<meta property=\"og:description\" content=\"Ener\u0123ijas m\u0113riek\u0101rtas un jaudas analizatori ener\u0123ijas p\u0101rvald\u012bbai un ener\u0123ijas kvalit\u0101tes uzraudz\u012bbai ar re\u0101llaika elektroener\u0123ijas pieg\u0101des diagnostiku. Tehnisk\u0101 inform\u0101cija: UMG 96RM.pdf\" \/>\n<meta property=\"og:url\" content=\"https:\/\/www.axiomams.eu\/lv\/produktas\/janitza-umg-96rm-p-elektroenergijas-kvalitates-analizators\" \/>\n<meta property=\"og:site_name\" content=\"AXIOMA MS\" \/>\n<meta property=\"article:publisher\" content=\"https:\/\/www.facebook.com\/AxiomaMS\" \/>\n<meta property=\"article:modified_time\" content=\"2026-03-25T15:02:08+00:00\" \/>\n<meta property=\"og:image\" content=\"https:\/\/www.axiomams.eu\/wp-content\/uploads\/2025\/07\/639-613.jpg\" \/>\n\t<meta property=\"og:image:width\" content=\"345\" \/>\n\t<meta property=\"og:image:height\" content=\"363\" \/>\n\t<meta property=\"og:image:type\" content=\"image\/jpeg\" \/>\n<meta name=\"twitter:card\" content=\"summary_large_image\" \/>\n<script type=\"application\/ld+json\" class=\"yoast-schema-graph\">{\"@context\":\"https:\/\/schema.org\",\"@graph\":[{\"@type\":\"WebPage\",\"@id\":\"https:\/\/www.axiomams.eu\/lv\/produktas\/janitza-umg-96rm-p-elektroenergijas-kvalitates-analizators\",\"url\":\"https:\/\/www.axiomams.eu\/lv\/produktas\/janitza-umg-96rm-p-elektroenergijas-kvalitates-analizators\",\"name\":\"Janitza UMG 96RM-P elektroener\u0123ijas kvalit\u0101tes analizators - AXIOMA MS\",\"isPartOf\":{\"@id\":\"https:\/\/www.axiomams.eu\/lv#website\"},\"primaryImageOfPage\":{\"@id\":\"https:\/\/www.axiomams.eu\/lv\/produktas\/janitza-umg-96rm-p-elektroenergijas-kvalitates-analizators#primaryimage\"},\"image\":{\"@id\":\"https:\/\/www.axiomams.eu\/lv\/produktas\/janitza-umg-96rm-p-elektroenergijas-kvalitates-analizators#primaryimage\"},\"thumbnailUrl\":\"https:\/\/www.axiomams.eu\/wp-content\/uploads\/2025\/07\/639-613.jpg\",\"datePublished\":\"2025-05-15T16:08:21+00:00\",\"dateModified\":\"2026-03-25T15:02:08+00:00\",\"breadcrumb\":{\"@id\":\"https:\/\/www.axiomams.eu\/lv\/produktas\/janitza-umg-96rm-p-elektroenergijas-kvalitates-analizators#breadcrumb\"},\"inLanguage\":\"lv-LV\",\"potentialAction\":[{\"@type\":\"ReadAction\",\"target\":[\"https:\/\/www.axiomams.eu\/lv\/produktas\/janitza-umg-96rm-p-elektroenergijas-kvalitates-analizators\"]}]},{\"@type\":\"ImageObject\",\"inLanguage\":\"lv-LV\",\"@id\":\"https:\/\/www.axiomams.eu\/lv\/produktas\/janitza-umg-96rm-p-elektroenergijas-kvalitates-analizators#primaryimage\",\"url\":\"https:\/\/www.axiomams.eu\/wp-content\/uploads\/2025\/07\/639-613.jpg\",\"contentUrl\":\"https:\/\/www.axiomams.eu\/wp-content\/uploads\/2025\/07\/639-613.jpg\",\"width\":345,\"height\":363},{\"@type\":\"BreadcrumbList\",\"@id\":\"https:\/\/www.axiomams.eu\/lv\/produktas\/janitza-umg-96rm-p-elektroenergijas-kvalitates-analizators#breadcrumb\",\"itemListElement\":[{\"@type\":\"ListItem\",\"position\":1,\"name\":\"Home\",\"item\":\"https:\/\/www.axiomams.eu\/lv\"},{\"@type\":\"ListItem\",\"position\":2,\"name\":\"Produkti\",\"item\":\"https:\/\/www.axiomams.eu\/lv\/produkti\"},{\"@type\":\"ListItem\",\"position\":3,\"name\":\"Janitza UMG 96RM-P elektroener\u0123ijas kvalit\u0101tes analizators\"}]},{\"@type\":\"WebSite\",\"@id\":\"https:\/\/www.axiomams.eu\/lv#website\",\"url\":\"https:\/\/www.axiomams.eu\/lv\",\"name\":\"AXIOMA MS\",\"description\":\"Terrmovizoriai ir matavimo \u012franga\",\"publisher\":{\"@id\":\"https:\/\/www.axiomams.eu\/lv#organization\"},\"potentialAction\":[{\"@type\":\"SearchAction\",\"target\":{\"@type\":\"EntryPoint\",\"urlTemplate\":\"https:\/\/www.axiomams.eu\/lv?s={search_term_string}\"},\"query-input\":{\"@type\":\"PropertyValueSpecification\",\"valueRequired\":true,\"valueName\":\"search_term_string\"}}],\"inLanguage\":\"lv-LV\"},{\"@type\":\"Organization\",\"@id\":\"https:\/\/www.axiomams.eu\/lv#organization\",\"name\":\"AXIOMA MS\",\"url\":\"https:\/\/www.axiomams.eu\/lv\",\"logo\":{\"@type\":\"ImageObject\",\"inLanguage\":\"lv-LV\",\"@id\":\"https:\/\/www.axiomams.eu\/lv#\/schema\/logo\/image\/\",\"url\":\"https:\/\/www.axiomams.eu\/wp-content\/uploads\/2025\/06\/axioma-logo-2.png\",\"contentUrl\":\"https:\/\/www.axiomams.eu\/wp-content\/uploads\/2025\/06\/axioma-logo-2.png\",\"width\":1200,\"height\":1200,\"caption\":\"AXIOMA MS\"},\"image\":{\"@id\":\"https:\/\/www.axiomams.eu\/lv#\/schema\/logo\/image\/\"},\"sameAs\":[\"https:\/\/www.facebook.com\/AxiomaMS\",\"https:\/\/www.linkedin.com\/company\/axiomams\/\"]}]}<\/script>\n<!-- \/ Yoast SEO plugin. -->","yoast_head_json":{"title":"Janitza UMG 96RM-P elektroener\u0123ijas kvalit\u0101tes analizators - AXIOMA MS","robots":{"index":"index","follow":"follow","max-snippet":"max-snippet:-1","max-image-preview":"max-image-preview:large","max-video-preview":"max-video-preview:-1"},"canonical":"https:\/\/www.axiomams.eu\/lv\/produktas\/janitza-umg-96rm-p-elektroenergijas-kvalitates-analizators","og_locale":"lv_LV","og_type":"article","og_title":"Janitza UMG 96RM-P elektroener\u0123ijas kvalit\u0101tes analizators - AXIOMA MS","og_description":"Ener\u0123ijas m\u0113riek\u0101rtas un jaudas analizatori ener\u0123ijas p\u0101rvald\u012bbai un ener\u0123ijas kvalit\u0101tes uzraudz\u012bbai ar re\u0101llaika elektroener\u0123ijas pieg\u0101des diagnostiku. Tehnisk\u0101 inform\u0101cija: UMG 96RM.pdf","og_url":"https:\/\/www.axiomams.eu\/lv\/produktas\/janitza-umg-96rm-p-elektroenergijas-kvalitates-analizators","og_site_name":"AXIOMA MS","article_publisher":"https:\/\/www.facebook.com\/AxiomaMS","article_modified_time":"2026-03-25T15:02:08+00:00","og_image":[{"width":345,"height":363,"url":"https:\/\/www.axiomams.eu\/wp-content\/uploads\/2025\/07\/639-613.jpg","type":"image\/jpeg"}],"twitter_card":"summary_large_image","schema":{"@context":"https:\/\/schema.org","@graph":[{"@type":"WebPage","@id":"https:\/\/www.axiomams.eu\/lv\/produktas\/janitza-umg-96rm-p-elektroenergijas-kvalitates-analizators","url":"https:\/\/www.axiomams.eu\/lv\/produktas\/janitza-umg-96rm-p-elektroenergijas-kvalitates-analizators","name":"Janitza UMG 96RM-P elektroener\u0123ijas kvalit\u0101tes analizators - AXIOMA MS","isPartOf":{"@id":"https:\/\/www.axiomams.eu\/lv#website"},"primaryImageOfPage":{"@id":"https:\/\/www.axiomams.eu\/lv\/produktas\/janitza-umg-96rm-p-elektroenergijas-kvalitates-analizators#primaryimage"},"image":{"@id":"https:\/\/www.axiomams.eu\/lv\/produktas\/janitza-umg-96rm-p-elektroenergijas-kvalitates-analizators#primaryimage"},"thumbnailUrl":"https:\/\/www.axiomams.eu\/wp-content\/uploads\/2025\/07\/639-613.jpg","datePublished":"2025-05-15T16:08:21+00:00","dateModified":"2026-03-25T15:02:08+00:00","breadcrumb":{"@id":"https:\/\/www.axiomams.eu\/lv\/produktas\/janitza-umg-96rm-p-elektroenergijas-kvalitates-analizators#breadcrumb"},"inLanguage":"lv-LV","potentialAction":[{"@type":"ReadAction","target":["https:\/\/www.axiomams.eu\/lv\/produktas\/janitza-umg-96rm-p-elektroenergijas-kvalitates-analizators"]}]},{"@type":"ImageObject","inLanguage":"lv-LV","@id":"https:\/\/www.axiomams.eu\/lv\/produktas\/janitza-umg-96rm-p-elektroenergijas-kvalitates-analizators#primaryimage","url":"https:\/\/www.axiomams.eu\/wp-content\/uploads\/2025\/07\/639-613.jpg","contentUrl":"https:\/\/www.axiomams.eu\/wp-content\/uploads\/2025\/07\/639-613.jpg","width":345,"height":363},{"@type":"BreadcrumbList","@id":"https:\/\/www.axiomams.eu\/lv\/produktas\/janitza-umg-96rm-p-elektroenergijas-kvalitates-analizators#breadcrumb","itemListElement":[{"@type":"ListItem","position":1,"name":"Home","item":"https:\/\/www.axiomams.eu\/lv"},{"@type":"ListItem","position":2,"name":"Produkti","item":"https:\/\/www.axiomams.eu\/lv\/produkti"},{"@type":"ListItem","position":3,"name":"Janitza UMG 96RM-P elektroener\u0123ijas kvalit\u0101tes analizators"}]},{"@type":"WebSite","@id":"https:\/\/www.axiomams.eu\/lv#website","url":"https:\/\/www.axiomams.eu\/lv","name":"AXIOMA MS","description":"Terrmovizoriai ir matavimo \u012franga","publisher":{"@id":"https:\/\/www.axiomams.eu\/lv#organization"},"potentialAction":[{"@type":"SearchAction","target":{"@type":"EntryPoint","urlTemplate":"https:\/\/www.axiomams.eu\/lv?s={search_term_string}"},"query-input":{"@type":"PropertyValueSpecification","valueRequired":true,"valueName":"search_term_string"}}],"inLanguage":"lv-LV"},{"@type":"Organization","@id":"https:\/\/www.axiomams.eu\/lv#organization","name":"AXIOMA MS","url":"https:\/\/www.axiomams.eu\/lv","logo":{"@type":"ImageObject","inLanguage":"lv-LV","@id":"https:\/\/www.axiomams.eu\/lv#\/schema\/logo\/image\/","url":"https:\/\/www.axiomams.eu\/wp-content\/uploads\/2025\/06\/axioma-logo-2.png","contentUrl":"https:\/\/www.axiomams.eu\/wp-content\/uploads\/2025\/06\/axioma-logo-2.png","width":1200,"height":1200,"caption":"AXIOMA MS"},"image":{"@id":"https:\/\/www.axiomams.eu\/lv#\/schema\/logo\/image\/"},"sameAs":["https:\/\/www.facebook.com\/AxiomaMS","https:\/\/www.linkedin.com\/company\/axiomams\/"]}]}},"_links":{"self":[{"href":"https:\/\/www.axiomams.eu\/lv\/wp-json\/wp\/v2\/product\/39421","targetHints":{"allow":["GET"]}}],"collection":[{"href":"https:\/\/www.axiomams.eu\/lv\/wp-json\/wp\/v2\/product"}],"about":[{"href":"https:\/\/www.axiomams.eu\/lv\/wp-json\/wp\/v2\/types\/product"}],"replies":[{"embeddable":true,"href":"https:\/\/www.axiomams.eu\/lv\/wp-json\/wp\/v2\/comments?post=39421"}],"wp:featuredmedia":[{"embeddable":true,"href":"https:\/\/www.axiomams.eu\/lv\/wp-json\/wp\/v2\/media\/42565"}],"wp:attachment":[{"href":"https:\/\/www.axiomams.eu\/lv\/wp-json\/wp\/v2\/media?parent=39421"}],"wp:term":[{"taxonomy":"product_brand","embeddable":true,"href":"https:\/\/www.axiomams.eu\/lv\/wp-json\/wp\/v2\/product_brand?post=39421"},{"taxonomy":"product_cat","embeddable":true,"href":"https:\/\/www.axiomams.eu\/lv\/wp-json\/wp\/v2\/product_cat?post=39421"},{"taxonomy":"product_tag","embeddable":true,"href":"https:\/\/www.axiomams.eu\/lv\/wp-json\/wp\/v2\/product_tag?post=39421"}],"curies":[{"name":"wp","href":"https:\/\/api.w.org\/{rel}","templated":true}]}}