{"id":39425,"date":"2025-05-15T18:08:22","date_gmt":"2025-05-15T16:08:22","guid":{"rendered":"https:\/\/www.axiomams.eu\/produktas\/polytec-vibroflex-vibrometrs"},"modified":"2026-03-25T17:02:11","modified_gmt":"2026-03-25T15:02:11","slug":"polytec-vibroflex-vibrometrs","status":"publish","type":"product","link":"https:\/\/www.axiomams.eu\/lv\/produktas\/polytec-vibroflex-vibrometrs","title":{"rendered":"Polytec VibroFlex vibrometrs"},"content":{"rendered":"<p>Ar <b>VibroFlex<\/b>, <b>Polytec<\/b> ievie\u0161 jaunu elast\u012bbu optisko vibr\u0101ciju m\u0113r\u012bjumu jom\u0101 ar modul\u0101ru sensoru risin\u0101jumu, kas piel\u0101gojas j\u016bsu vajadz\u012bb\u0101m: Pievienojiet mikroskopa optiku s\u012bk\u0101m strukt\u016br\u0101m vai izm\u0113riet lielus, sare\u017e\u0123\u012btus paraugus, piem\u0113ram, ma\u0161\u012bnas, motorus utt. Atkl\u0101jiet akustikas un vibr\u0101cijas par\u0101d\u012bbas p\u0113tniec\u012bb\u0101 un produktu izstr\u0101d\u0113, lai \u0101tr\u0101k iek\u013cautu tirg\u016b, vai izmantojiet to uzticam\u0101m ra\u017eo\u0161anas deta\u013cu p\u0101rbaud\u0113m, koncentr\u0113joties uz rentabilit\u0101ti.<\/p>\n<p>&#8211; Apak\u0161-pmiljonu p\u0101rvietojuma iz\u0161\u0137irtsp\u0113ja un vibr\u0101ciju \u0101trums l\u012bdz 30 m\/s.<br \/>\n&#8211; Konfigur\u0113jams frekven\u010du joslas platums no l\u012bdzstr\u0101vas l\u012bdz 24 MHz ar augst\u0101ko laika iz\u0161\u0137irtsp\u0113ju.<br \/>\n&#8211; Patent\u0113ta QTec koncepcija ar vair\u0101kiem detekt\u0113\u0161anas kan\u0101liem lab\u0101kai sign\u0101la un trok\u0161\u0146a attiec\u012bbai.<br \/>\n&#8211; Sensoru galvi\u0146as ar autom\u0101tisko un t\u0101lvad\u012bbas fokusu izcilai sign\u0101la kvalit\u0101tei.<br \/>\n&#8211; Kompakta sensora galva ar integr\u0113tu kameru prec\u012bzai l\u0101zera pozicion\u0113\u0161anai un parauga uzraudz\u012bbai.<br \/>\n&#8211; Diferenci\u0101l\u0101 optisko \u0161\u0137iedru sensoru galva relat\u012bvo kust\u012bbu atdal\u012b\u0161anai<br \/>\n&#8211; Uzticami m\u0113r\u012bjumi pat uz sare\u017e\u0123\u012bt\u0101m virsm\u0101m (tum\u0161\u0101m, taukain\u0101m, sp\u012bd\u012bg\u0101m, karst\u0101m).<br \/>\n&#8211; Digit\u0101lais datu interfeiss \u0113rtai iestat\u012b\u0161anai un lab\u0101kajam SNR<br \/>\n&#8211; Pla\u0161s lietojumiem specifisku piederumu kl\u0101sts<\/p>\n<p><iframe loading=\"lazy\" width=\"560\" height=\"315\" src=\"https:\/\/www.youtube.com\/embed\/xqGnhLMrZ8c\" title=\"YouTube video atska\u0146ot\u0101js\" frameborder=\"0\" allow=\"akselerometrs; autom\u0101tisk\u0101 atska\u0146o\u0161ana; klipbord-rakst\u012b\u0161ana; \u0161ifr\u0113ts medijs; \u017eiroskops; att\u0113ls att\u0113l\u0101; koplieto\u0161ana t\u012bmekl\u012b\" allowfullscreen><\/iframe><\/p>\n<h3>Tehnisk\u0101 inform\u0101cija:<\/h3>\n<ul>\n<li><a href=\"https:\/\/axiomams.eu\/importer\/export\/attachments\/en\/polytec-vibroflex.pdf\" target=\"_blank\">Polytec VibroFlex.pdf<\/a><\/li>\n<\/ul>\n","protected":false},"excerpt":{"rendered":"<p>Ar VibroFlex, Polytec ievie\u0161 jaunu elast\u012bbu optisko vibr\u0101ciju m\u0113r\u012bjumu jom\u0101 ar modul\u0101ru sensoru risin\u0101jumu, kas piel\u0101gojas j\u016bsu vajadz\u012bb\u0101m: Pievienojiet mikroskopa optiku s\u012bk\u0101m strukt\u016br\u0101m vai izm\u0113riet lielus, sare\u017e\u0123\u012btus paraugus, piem\u0113ram, ma\u0161\u012bnas, motorus utt. Atkl\u0101jiet akustikas un vibr\u0101cijas par\u0101d\u012bbas p\u0113tniec\u012bb\u0101 un produktu izstr\u0101d\u0113, lai \u0101tr\u0101k iek\u013cautu tirg\u016b, vai izmantojiet to uzticam\u0101m ra\u017eo\u0161anas deta\u013cu p\u0101rbaud\u0113m, koncentr\u0113joties uz rentabilit\u0101ti&#8230;.<\/p>\n","protected":false},"featured_media":42573,"comment_status":"open","ping_status":"closed","template":"","meta":{"_acf_changed":false},"product_brand":[17687],"product_cat":[17755],"product_tag":[],"class_list":{"0":"post-39425","1":"product","2":"type-product","3":"status-publish","4":"has-post-thumbnail","6":"product_brand-polytec","7":"product_cat-bezkontakta-vibracijas-merijumiem","9":"first","10":"instock","11":"taxable","12":"shipping-taxable","13":"product-type-simple"},"acf":[],"yoast_head":"<!-- This site is optimized with the Yoast SEO plugin v27.0 - https:\/\/yoast.com\/product\/yoast-seo-wordpress\/ -->\n<title>Polytec VibroFlex vibrometrs - AXIOMA MS<\/title>\n<meta name=\"robots\" content=\"index, follow, max-snippet:-1, max-image-preview:large, max-video-preview:-1\" \/>\n<link rel=\"canonical\" href=\"https:\/\/www.axiomams.eu\/lv\/produktas\/polytec-vibroflex-vibrometrs\" \/>\n<meta property=\"og:locale\" content=\"lv_LV\" \/>\n<meta property=\"og:type\" content=\"article\" \/>\n<meta property=\"og:title\" content=\"Polytec VibroFlex vibrometrs - AXIOMA MS\" \/>\n<meta property=\"og:description\" content=\"Ar VibroFlex, Polytec ievie\u0161 jaunu elast\u012bbu optisko vibr\u0101ciju m\u0113r\u012bjumu jom\u0101 ar modul\u0101ru sensoru risin\u0101jumu, kas piel\u0101gojas j\u016bsu vajadz\u012bb\u0101m: Pievienojiet mikroskopa optiku s\u012bk\u0101m strukt\u016br\u0101m vai izm\u0113riet lielus, sare\u017e\u0123\u012btus paraugus, piem\u0113ram, ma\u0161\u012bnas, motorus utt. Atkl\u0101jiet akustikas un vibr\u0101cijas par\u0101d\u012bbas p\u0113tniec\u012bb\u0101 un produktu izstr\u0101d\u0113, lai \u0101tr\u0101k iek\u013cautu tirg\u016b, vai izmantojiet to uzticam\u0101m ra\u017eo\u0161anas deta\u013cu p\u0101rbaud\u0113m, koncentr\u0113joties uz rentabilit\u0101ti....\" \/>\n<meta property=\"og:url\" content=\"https:\/\/www.axiomams.eu\/lv\/produktas\/polytec-vibroflex-vibrometrs\" \/>\n<meta property=\"og:site_name\" content=\"AXIOMA MS\" \/>\n<meta property=\"article:publisher\" content=\"https:\/\/www.facebook.com\/AxiomaMS\" \/>\n<meta property=\"article:modified_time\" content=\"2026-03-25T15:02:11+00:00\" \/>\n<meta property=\"og:image\" content=\"https:\/\/www.axiomams.eu\/wp-content\/uploads\/2025\/07\/3412-4572.jpg\" \/>\n\t<meta property=\"og:image:width\" content=\"1100\" \/>\n\t<meta property=\"og:image:height\" content=\"734\" \/>\n\t<meta property=\"og:image:type\" content=\"image\/jpeg\" \/>\n<meta name=\"twitter:card\" content=\"summary_large_image\" \/>\n<meta name=\"twitter:label1\" content=\"Est. reading time\" \/>\n\t<meta name=\"twitter:data1\" content=\"1 minute\" \/>\n<script type=\"application\/ld+json\" class=\"yoast-schema-graph\">{\"@context\":\"https:\/\/schema.org\",\"@graph\":[{\"@type\":\"WebPage\",\"@id\":\"https:\/\/www.axiomams.eu\/lv\/produktas\/polytec-vibroflex-vibrometrs\",\"url\":\"https:\/\/www.axiomams.eu\/lv\/produktas\/polytec-vibroflex-vibrometrs\",\"name\":\"Polytec VibroFlex vibrometrs - AXIOMA MS\",\"isPartOf\":{\"@id\":\"https:\/\/www.axiomams.eu\/lv#website\"},\"primaryImageOfPage\":{\"@id\":\"https:\/\/www.axiomams.eu\/lv\/produktas\/polytec-vibroflex-vibrometrs#primaryimage\"},\"image\":{\"@id\":\"https:\/\/www.axiomams.eu\/lv\/produktas\/polytec-vibroflex-vibrometrs#primaryimage\"},\"thumbnailUrl\":\"https:\/\/www.axiomams.eu\/wp-content\/uploads\/2025\/07\/3412-4572.jpg\",\"datePublished\":\"2025-05-15T16:08:22+00:00\",\"dateModified\":\"2026-03-25T15:02:11+00:00\",\"breadcrumb\":{\"@id\":\"https:\/\/www.axiomams.eu\/lv\/produktas\/polytec-vibroflex-vibrometrs#breadcrumb\"},\"inLanguage\":\"lv-LV\",\"potentialAction\":[{\"@type\":\"ReadAction\",\"target\":[\"https:\/\/www.axiomams.eu\/lv\/produktas\/polytec-vibroflex-vibrometrs\"]}]},{\"@type\":\"ImageObject\",\"inLanguage\":\"lv-LV\",\"@id\":\"https:\/\/www.axiomams.eu\/lv\/produktas\/polytec-vibroflex-vibrometrs#primaryimage\",\"url\":\"https:\/\/www.axiomams.eu\/wp-content\/uploads\/2025\/07\/3412-4572.jpg\",\"contentUrl\":\"https:\/\/www.axiomams.eu\/wp-content\/uploads\/2025\/07\/3412-4572.jpg\",\"width\":1100,\"height\":734},{\"@type\":\"BreadcrumbList\",\"@id\":\"https:\/\/www.axiomams.eu\/lv\/produktas\/polytec-vibroflex-vibrometrs#breadcrumb\",\"itemListElement\":[{\"@type\":\"ListItem\",\"position\":1,\"name\":\"Home\",\"item\":\"https:\/\/www.axiomams.eu\/lv\"},{\"@type\":\"ListItem\",\"position\":2,\"name\":\"Produkti\",\"item\":\"https:\/\/www.axiomams.eu\/lv\/produkti\"},{\"@type\":\"ListItem\",\"position\":3,\"name\":\"Polytec VibroFlex vibrometrs\"}]},{\"@type\":\"WebSite\",\"@id\":\"https:\/\/www.axiomams.eu\/lv#website\",\"url\":\"https:\/\/www.axiomams.eu\/lv\",\"name\":\"AXIOMA MS\",\"description\":\"Terrmovizoriai ir matavimo \u012franga\",\"publisher\":{\"@id\":\"https:\/\/www.axiomams.eu\/lv#organization\"},\"potentialAction\":[{\"@type\":\"SearchAction\",\"target\":{\"@type\":\"EntryPoint\",\"urlTemplate\":\"https:\/\/www.axiomams.eu\/lv?s={search_term_string}\"},\"query-input\":{\"@type\":\"PropertyValueSpecification\",\"valueRequired\":true,\"valueName\":\"search_term_string\"}}],\"inLanguage\":\"lv-LV\"},{\"@type\":\"Organization\",\"@id\":\"https:\/\/www.axiomams.eu\/lv#organization\",\"name\":\"AXIOMA MS\",\"url\":\"https:\/\/www.axiomams.eu\/lv\",\"logo\":{\"@type\":\"ImageObject\",\"inLanguage\":\"lv-LV\",\"@id\":\"https:\/\/www.axiomams.eu\/lv#\/schema\/logo\/image\/\",\"url\":\"https:\/\/www.axiomams.eu\/wp-content\/uploads\/2025\/06\/axioma-logo-2.png\",\"contentUrl\":\"https:\/\/www.axiomams.eu\/wp-content\/uploads\/2025\/06\/axioma-logo-2.png\",\"width\":1200,\"height\":1200,\"caption\":\"AXIOMA MS\"},\"image\":{\"@id\":\"https:\/\/www.axiomams.eu\/lv#\/schema\/logo\/image\/\"},\"sameAs\":[\"https:\/\/www.facebook.com\/AxiomaMS\",\"https:\/\/www.linkedin.com\/company\/axiomams\/\"]}]}<\/script>\n<!-- \/ Yoast SEO plugin. -->","yoast_head_json":{"title":"Polytec VibroFlex vibrometrs - AXIOMA MS","robots":{"index":"index","follow":"follow","max-snippet":"max-snippet:-1","max-image-preview":"max-image-preview:large","max-video-preview":"max-video-preview:-1"},"canonical":"https:\/\/www.axiomams.eu\/lv\/produktas\/polytec-vibroflex-vibrometrs","og_locale":"lv_LV","og_type":"article","og_title":"Polytec VibroFlex vibrometrs - AXIOMA MS","og_description":"Ar VibroFlex, Polytec ievie\u0161 jaunu elast\u012bbu optisko vibr\u0101ciju m\u0113r\u012bjumu jom\u0101 ar modul\u0101ru sensoru risin\u0101jumu, kas piel\u0101gojas j\u016bsu vajadz\u012bb\u0101m: Pievienojiet mikroskopa optiku s\u012bk\u0101m strukt\u016br\u0101m vai izm\u0113riet lielus, sare\u017e\u0123\u012btus paraugus, piem\u0113ram, ma\u0161\u012bnas, motorus utt. Atkl\u0101jiet akustikas un vibr\u0101cijas par\u0101d\u012bbas p\u0113tniec\u012bb\u0101 un produktu izstr\u0101d\u0113, lai \u0101tr\u0101k iek\u013cautu tirg\u016b, vai izmantojiet to uzticam\u0101m ra\u017eo\u0161anas deta\u013cu p\u0101rbaud\u0113m, koncentr\u0113joties uz rentabilit\u0101ti....","og_url":"https:\/\/www.axiomams.eu\/lv\/produktas\/polytec-vibroflex-vibrometrs","og_site_name":"AXIOMA MS","article_publisher":"https:\/\/www.facebook.com\/AxiomaMS","article_modified_time":"2026-03-25T15:02:11+00:00","og_image":[{"width":1100,"height":734,"url":"https:\/\/www.axiomams.eu\/wp-content\/uploads\/2025\/07\/3412-4572.jpg","type":"image\/jpeg"}],"twitter_card":"summary_large_image","twitter_misc":{"Est. reading time":"1 minute"},"schema":{"@context":"https:\/\/schema.org","@graph":[{"@type":"WebPage","@id":"https:\/\/www.axiomams.eu\/lv\/produktas\/polytec-vibroflex-vibrometrs","url":"https:\/\/www.axiomams.eu\/lv\/produktas\/polytec-vibroflex-vibrometrs","name":"Polytec VibroFlex vibrometrs - AXIOMA MS","isPartOf":{"@id":"https:\/\/www.axiomams.eu\/lv#website"},"primaryImageOfPage":{"@id":"https:\/\/www.axiomams.eu\/lv\/produktas\/polytec-vibroflex-vibrometrs#primaryimage"},"image":{"@id":"https:\/\/www.axiomams.eu\/lv\/produktas\/polytec-vibroflex-vibrometrs#primaryimage"},"thumbnailUrl":"https:\/\/www.axiomams.eu\/wp-content\/uploads\/2025\/07\/3412-4572.jpg","datePublished":"2025-05-15T16:08:22+00:00","dateModified":"2026-03-25T15:02:11+00:00","breadcrumb":{"@id":"https:\/\/www.axiomams.eu\/lv\/produktas\/polytec-vibroflex-vibrometrs#breadcrumb"},"inLanguage":"lv-LV","potentialAction":[{"@type":"ReadAction","target":["https:\/\/www.axiomams.eu\/lv\/produktas\/polytec-vibroflex-vibrometrs"]}]},{"@type":"ImageObject","inLanguage":"lv-LV","@id":"https:\/\/www.axiomams.eu\/lv\/produktas\/polytec-vibroflex-vibrometrs#primaryimage","url":"https:\/\/www.axiomams.eu\/wp-content\/uploads\/2025\/07\/3412-4572.jpg","contentUrl":"https:\/\/www.axiomams.eu\/wp-content\/uploads\/2025\/07\/3412-4572.jpg","width":1100,"height":734},{"@type":"BreadcrumbList","@id":"https:\/\/www.axiomams.eu\/lv\/produktas\/polytec-vibroflex-vibrometrs#breadcrumb","itemListElement":[{"@type":"ListItem","position":1,"name":"Home","item":"https:\/\/www.axiomams.eu\/lv"},{"@type":"ListItem","position":2,"name":"Produkti","item":"https:\/\/www.axiomams.eu\/lv\/produkti"},{"@type":"ListItem","position":3,"name":"Polytec VibroFlex vibrometrs"}]},{"@type":"WebSite","@id":"https:\/\/www.axiomams.eu\/lv#website","url":"https:\/\/www.axiomams.eu\/lv","name":"AXIOMA MS","description":"Terrmovizoriai ir matavimo \u012franga","publisher":{"@id":"https:\/\/www.axiomams.eu\/lv#organization"},"potentialAction":[{"@type":"SearchAction","target":{"@type":"EntryPoint","urlTemplate":"https:\/\/www.axiomams.eu\/lv?s={search_term_string}"},"query-input":{"@type":"PropertyValueSpecification","valueRequired":true,"valueName":"search_term_string"}}],"inLanguage":"lv-LV"},{"@type":"Organization","@id":"https:\/\/www.axiomams.eu\/lv#organization","name":"AXIOMA MS","url":"https:\/\/www.axiomams.eu\/lv","logo":{"@type":"ImageObject","inLanguage":"lv-LV","@id":"https:\/\/www.axiomams.eu\/lv#\/schema\/logo\/image\/","url":"https:\/\/www.axiomams.eu\/wp-content\/uploads\/2025\/06\/axioma-logo-2.png","contentUrl":"https:\/\/www.axiomams.eu\/wp-content\/uploads\/2025\/06\/axioma-logo-2.png","width":1200,"height":1200,"caption":"AXIOMA MS"},"image":{"@id":"https:\/\/www.axiomams.eu\/lv#\/schema\/logo\/image\/"},"sameAs":["https:\/\/www.facebook.com\/AxiomaMS","https:\/\/www.linkedin.com\/company\/axiomams\/"]}]}},"_links":{"self":[{"href":"https:\/\/www.axiomams.eu\/lv\/wp-json\/wp\/v2\/product\/39425","targetHints":{"allow":["GET"]}}],"collection":[{"href":"https:\/\/www.axiomams.eu\/lv\/wp-json\/wp\/v2\/product"}],"about":[{"href":"https:\/\/www.axiomams.eu\/lv\/wp-json\/wp\/v2\/types\/product"}],"replies":[{"embeddable":true,"href":"https:\/\/www.axiomams.eu\/lv\/wp-json\/wp\/v2\/comments?post=39425"}],"wp:featuredmedia":[{"embeddable":true,"href":"https:\/\/www.axiomams.eu\/lv\/wp-json\/wp\/v2\/media\/42573"}],"wp:attachment":[{"href":"https:\/\/www.axiomams.eu\/lv\/wp-json\/wp\/v2\/media?parent=39425"}],"wp:term":[{"taxonomy":"product_brand","embeddable":true,"href":"https:\/\/www.axiomams.eu\/lv\/wp-json\/wp\/v2\/product_brand?post=39425"},{"taxonomy":"product_cat","embeddable":true,"href":"https:\/\/www.axiomams.eu\/lv\/wp-json\/wp\/v2\/product_cat?post=39425"},{"taxonomy":"product_tag","embeddable":true,"href":"https:\/\/www.axiomams.eu\/lv\/wp-json\/wp\/v2\/product_tag?post=39425"}],"curies":[{"name":"wp","href":"https:\/\/api.w.org\/{rel}","templated":true}]}}