{"id":39426,"date":"2025-05-15T18:08:25","date_gmt":"2025-05-15T16:08:25","guid":{"rendered":"https:\/\/www.axiomams.eu\/produktas\/polytec-vibrogo-vibrometrs"},"modified":"2026-03-25T17:02:11","modified_gmt":"2026-03-25T15:02:11","slug":"polytec-vibrogo-vibrometrs","status":"publish","type":"product","link":"https:\/\/www.axiomams.eu\/lv\/produktas\/polytec-vibrogo-vibrometrs","title":{"rendered":"Polytec VibroGo vibrometrs"},"content":{"rendered":"<p><b>Polytec VibroGo<\/b> ir patiesi p\u0101rn\u0113s\u0101jams, ar akumulatoru darbin\u0101ms l\u0101zera vibrometrs lauka p\u0113t\u012bjumiem un \u0101trai un vienk\u0101r\u0161ai ma\u0161\u012bnu un iek\u0101rtu st\u0101vok\u013ca kontrolei, atrodoties ce\u013c\u0101. \u0160is p\u0101rn\u0113s\u0101jamais sensors nosaka troksni un vibr\u0101ciju un tie\u0161i par\u0101da m\u0113r\u012bjumu datus laika un frekven\u010du jom\u0101.<\/p>\n<p>&#8211; Akustikas un dinamikas p\u0113t\u012bjumi ar l\u0101zera precizit\u0101ti lauka un laboratorijas apst\u0101k\u013cos.<br \/>\n&#8211; Viegli lietojams, ar sk\u0101rienekr\u0101nu un autom\u0101tisko fokus\u0113\u0161anu.<br \/>\n&#8211; Ieb\u016bv\u0113ta m\u0113r\u012bjumu datu glab\u0101\u0161ana, uzraudz\u012bba un \u0101tra anal\u012bze.<br \/>\n&#8211; Bezvadu m\u0113r\u012bjumi un t\u0101lvad\u012bba no jebkuras vietas, izmantojot uzlabotu savienojam\u012bbas koncepciju.<br \/>\n&#8211; Viegls, univers\u0101ls un iztur\u012bgs pret \u0101ra apst\u0101k\u013ciem (IP64).<br \/>\n&#8211; M\u0113r\u012b\u0161ana no dro\u0161a att\u0101luma l\u012bdz 30 m, no l\u012bdzstr\u0101vas l\u012bdz 320 kHz<br \/>\n&#8211; Papla\u0161in\u0101ts \u0101truma diapazons l\u012bdz 6 m\/s<br \/>\n&#8211; P\u0101rvietojums un pa\u0101trin\u0101jums pieejami k\u0101 papildu izejas sign\u0101li<br \/>\n&#8211; Analog\u0101 un digit\u0101l\u0101 sign\u0101la izeja<br \/>\n&#8211; Papildu mobilais baro\u0161anas avots darbam l\u012bdz 3 stund\u0101m<\/p>\n<p><iframe loading=\"lazy\" width=\"560\" height=\"315\" src=\"https:\/\/www.youtube.com\/embed\/zyPLt-YI8BM\" title=\"YouTube video atska\u0146ot\u0101js\" frameborder=\"0\" allow=\"akselerometrs; autoplay; clipboard-write; encrypted-media; gyroscope; picture-in-picture; web-share\" allowfullscreen><\/iframe><\/p>\n<h3>Tehnisk\u0101 inform\u0101cija:<\/h3>\n<ul>\n<li><a href=\"https:\/\/axiomams.eu\/importer\/export\/attachments\/en\/polytec-vibrogo.pdf\" target=\"_blank\">Polytec VibroGo.pdf<\/a><\/li>\n<\/ul>\n","protected":false},"excerpt":{"rendered":"<p>Polytec VibroGo ir patiesi p\u0101rn\u0113s\u0101jams, ar akumulatoru darbin\u0101ms l\u0101zera vibrometrs lauka p\u0113t\u012bjumiem un \u0101trai un vienk\u0101r\u0161ai ma\u0161\u012bnu un iek\u0101rtu st\u0101vok\u013ca kontrolei, atrodoties ce\u013c\u0101. \u0160is p\u0101rn\u0113s\u0101jamais sensors nosaka troksni un vibr\u0101ciju un tie\u0161i par\u0101da m\u0113r\u012bjumu datus laika un frekven\u010du jom\u0101. &#8211; Akustikas un dinamikas p\u0113t\u012bjumi ar l\u0101zera precizit\u0101ti lauka un laboratorijas apst\u0101k\u013cos. &#8211; Viegli lietojams, ar&#8230;<\/p>\n","protected":false},"featured_media":42575,"comment_status":"open","ping_status":"closed","template":"","meta":{"_acf_changed":false},"product_brand":[17687],"product_cat":[17755],"product_tag":[],"class_list":{"0":"post-39426","1":"product","2":"type-product","3":"status-publish","4":"has-post-thumbnail","6":"product_brand-polytec","7":"product_cat-bezkontakta-vibracijas-merijumiem","9":"first","10":"instock","11":"taxable","12":"shipping-taxable","13":"product-type-simple"},"acf":[],"yoast_head":"<!-- This site is optimized with the Yoast SEO plugin v27.0 - https:\/\/yoast.com\/product\/yoast-seo-wordpress\/ -->\n<title>Polytec VibroGo vibrometrs - AXIOMA MS<\/title>\n<meta name=\"robots\" content=\"index, follow, max-snippet:-1, max-image-preview:large, max-video-preview:-1\" \/>\n<link rel=\"canonical\" href=\"https:\/\/www.axiomams.eu\/lv\/produktas\/polytec-vibrogo-vibrometrs\" \/>\n<meta property=\"og:locale\" content=\"lv_LV\" \/>\n<meta property=\"og:type\" content=\"article\" \/>\n<meta property=\"og:title\" content=\"Polytec VibroGo vibrometrs - AXIOMA MS\" \/>\n<meta property=\"og:description\" content=\"Polytec VibroGo ir patiesi p\u0101rn\u0113s\u0101jams, ar akumulatoru darbin\u0101ms l\u0101zera vibrometrs lauka p\u0113t\u012bjumiem un \u0101trai un vienk\u0101r\u0161ai ma\u0161\u012bnu un iek\u0101rtu st\u0101vok\u013ca kontrolei, atrodoties ce\u013c\u0101. \u0160is p\u0101rn\u0113s\u0101jamais sensors nosaka troksni un vibr\u0101ciju un tie\u0161i par\u0101da m\u0113r\u012bjumu datus laika un frekven\u010du jom\u0101. &#8211; Akustikas un dinamikas p\u0113t\u012bjumi ar l\u0101zera precizit\u0101ti lauka un laboratorijas apst\u0101k\u013cos. &#8211; Viegli lietojams, ar...\" \/>\n<meta property=\"og:url\" content=\"https:\/\/www.axiomams.eu\/lv\/produktas\/polytec-vibrogo-vibrometrs\" \/>\n<meta property=\"og:site_name\" content=\"AXIOMA MS\" \/>\n<meta property=\"article:publisher\" content=\"https:\/\/www.facebook.com\/AxiomaMS\" \/>\n<meta property=\"article:modified_time\" content=\"2026-03-25T15:02:11+00:00\" \/>\n<meta property=\"og:image\" content=\"https:\/\/www.axiomams.eu\/wp-content\/uploads\/2025\/07\/3428-4598.jpg\" \/>\n\t<meta property=\"og:image:width\" content=\"930\" \/>\n\t<meta property=\"og:image:height\" content=\"930\" \/>\n\t<meta property=\"og:image:type\" content=\"image\/jpeg\" \/>\n<meta name=\"twitter:card\" content=\"summary_large_image\" \/>\n<meta name=\"twitter:label1\" content=\"Est. reading time\" \/>\n\t<meta name=\"twitter:data1\" content=\"1 minute\" \/>\n<script type=\"application\/ld+json\" class=\"yoast-schema-graph\">{\"@context\":\"https:\/\/schema.org\",\"@graph\":[{\"@type\":\"WebPage\",\"@id\":\"https:\/\/www.axiomams.eu\/lv\/produktas\/polytec-vibrogo-vibrometrs\",\"url\":\"https:\/\/www.axiomams.eu\/lv\/produktas\/polytec-vibrogo-vibrometrs\",\"name\":\"Polytec VibroGo vibrometrs - AXIOMA MS\",\"isPartOf\":{\"@id\":\"https:\/\/www.axiomams.eu\/lv#website\"},\"primaryImageOfPage\":{\"@id\":\"https:\/\/www.axiomams.eu\/lv\/produktas\/polytec-vibrogo-vibrometrs#primaryimage\"},\"image\":{\"@id\":\"https:\/\/www.axiomams.eu\/lv\/produktas\/polytec-vibrogo-vibrometrs#primaryimage\"},\"thumbnailUrl\":\"https:\/\/www.axiomams.eu\/wp-content\/uploads\/2025\/07\/3428-4598.jpg\",\"datePublished\":\"2025-05-15T16:08:25+00:00\",\"dateModified\":\"2026-03-25T15:02:11+00:00\",\"breadcrumb\":{\"@id\":\"https:\/\/www.axiomams.eu\/lv\/produktas\/polytec-vibrogo-vibrometrs#breadcrumb\"},\"inLanguage\":\"lv-LV\",\"potentialAction\":[{\"@type\":\"ReadAction\",\"target\":[\"https:\/\/www.axiomams.eu\/lv\/produktas\/polytec-vibrogo-vibrometrs\"]}]},{\"@type\":\"ImageObject\",\"inLanguage\":\"lv-LV\",\"@id\":\"https:\/\/www.axiomams.eu\/lv\/produktas\/polytec-vibrogo-vibrometrs#primaryimage\",\"url\":\"https:\/\/www.axiomams.eu\/wp-content\/uploads\/2025\/07\/3428-4598.jpg\",\"contentUrl\":\"https:\/\/www.axiomams.eu\/wp-content\/uploads\/2025\/07\/3428-4598.jpg\",\"width\":930,\"height\":930},{\"@type\":\"BreadcrumbList\",\"@id\":\"https:\/\/www.axiomams.eu\/lv\/produktas\/polytec-vibrogo-vibrometrs#breadcrumb\",\"itemListElement\":[{\"@type\":\"ListItem\",\"position\":1,\"name\":\"Home\",\"item\":\"https:\/\/www.axiomams.eu\/lv\"},{\"@type\":\"ListItem\",\"position\":2,\"name\":\"Produkti\",\"item\":\"https:\/\/www.axiomams.eu\/lv\/produkti\"},{\"@type\":\"ListItem\",\"position\":3,\"name\":\"Polytec VibroGo vibrometrs\"}]},{\"@type\":\"WebSite\",\"@id\":\"https:\/\/www.axiomams.eu\/lv#website\",\"url\":\"https:\/\/www.axiomams.eu\/lv\",\"name\":\"AXIOMA MS\",\"description\":\"Terrmovizoriai ir matavimo \u012franga\",\"publisher\":{\"@id\":\"https:\/\/www.axiomams.eu\/lv#organization\"},\"potentialAction\":[{\"@type\":\"SearchAction\",\"target\":{\"@type\":\"EntryPoint\",\"urlTemplate\":\"https:\/\/www.axiomams.eu\/lv?s={search_term_string}\"},\"query-input\":{\"@type\":\"PropertyValueSpecification\",\"valueRequired\":true,\"valueName\":\"search_term_string\"}}],\"inLanguage\":\"lv-LV\"},{\"@type\":\"Organization\",\"@id\":\"https:\/\/www.axiomams.eu\/lv#organization\",\"name\":\"AXIOMA MS\",\"url\":\"https:\/\/www.axiomams.eu\/lv\",\"logo\":{\"@type\":\"ImageObject\",\"inLanguage\":\"lv-LV\",\"@id\":\"https:\/\/www.axiomams.eu\/lv#\/schema\/logo\/image\/\",\"url\":\"https:\/\/www.axiomams.eu\/wp-content\/uploads\/2025\/06\/axioma-logo-2.png\",\"contentUrl\":\"https:\/\/www.axiomams.eu\/wp-content\/uploads\/2025\/06\/axioma-logo-2.png\",\"width\":1200,\"height\":1200,\"caption\":\"AXIOMA MS\"},\"image\":{\"@id\":\"https:\/\/www.axiomams.eu\/lv#\/schema\/logo\/image\/\"},\"sameAs\":[\"https:\/\/www.facebook.com\/AxiomaMS\",\"https:\/\/www.linkedin.com\/company\/axiomams\/\"]}]}<\/script>\n<!-- \/ Yoast SEO plugin. -->","yoast_head_json":{"title":"Polytec VibroGo vibrometrs - AXIOMA MS","robots":{"index":"index","follow":"follow","max-snippet":"max-snippet:-1","max-image-preview":"max-image-preview:large","max-video-preview":"max-video-preview:-1"},"canonical":"https:\/\/www.axiomams.eu\/lv\/produktas\/polytec-vibrogo-vibrometrs","og_locale":"lv_LV","og_type":"article","og_title":"Polytec VibroGo vibrometrs - AXIOMA MS","og_description":"Polytec VibroGo ir patiesi p\u0101rn\u0113s\u0101jams, ar akumulatoru darbin\u0101ms l\u0101zera vibrometrs lauka p\u0113t\u012bjumiem un \u0101trai un vienk\u0101r\u0161ai ma\u0161\u012bnu un iek\u0101rtu st\u0101vok\u013ca kontrolei, atrodoties ce\u013c\u0101. \u0160is p\u0101rn\u0113s\u0101jamais sensors nosaka troksni un vibr\u0101ciju un tie\u0161i par\u0101da m\u0113r\u012bjumu datus laika un frekven\u010du jom\u0101. &#8211; Akustikas un dinamikas p\u0113t\u012bjumi ar l\u0101zera precizit\u0101ti lauka un laboratorijas apst\u0101k\u013cos. &#8211; Viegli lietojams, ar...","og_url":"https:\/\/www.axiomams.eu\/lv\/produktas\/polytec-vibrogo-vibrometrs","og_site_name":"AXIOMA MS","article_publisher":"https:\/\/www.facebook.com\/AxiomaMS","article_modified_time":"2026-03-25T15:02:11+00:00","og_image":[{"width":930,"height":930,"url":"https:\/\/www.axiomams.eu\/wp-content\/uploads\/2025\/07\/3428-4598.jpg","type":"image\/jpeg"}],"twitter_card":"summary_large_image","twitter_misc":{"Est. reading time":"1 minute"},"schema":{"@context":"https:\/\/schema.org","@graph":[{"@type":"WebPage","@id":"https:\/\/www.axiomams.eu\/lv\/produktas\/polytec-vibrogo-vibrometrs","url":"https:\/\/www.axiomams.eu\/lv\/produktas\/polytec-vibrogo-vibrometrs","name":"Polytec VibroGo vibrometrs - AXIOMA MS","isPartOf":{"@id":"https:\/\/www.axiomams.eu\/lv#website"},"primaryImageOfPage":{"@id":"https:\/\/www.axiomams.eu\/lv\/produktas\/polytec-vibrogo-vibrometrs#primaryimage"},"image":{"@id":"https:\/\/www.axiomams.eu\/lv\/produktas\/polytec-vibrogo-vibrometrs#primaryimage"},"thumbnailUrl":"https:\/\/www.axiomams.eu\/wp-content\/uploads\/2025\/07\/3428-4598.jpg","datePublished":"2025-05-15T16:08:25+00:00","dateModified":"2026-03-25T15:02:11+00:00","breadcrumb":{"@id":"https:\/\/www.axiomams.eu\/lv\/produktas\/polytec-vibrogo-vibrometrs#breadcrumb"},"inLanguage":"lv-LV","potentialAction":[{"@type":"ReadAction","target":["https:\/\/www.axiomams.eu\/lv\/produktas\/polytec-vibrogo-vibrometrs"]}]},{"@type":"ImageObject","inLanguage":"lv-LV","@id":"https:\/\/www.axiomams.eu\/lv\/produktas\/polytec-vibrogo-vibrometrs#primaryimage","url":"https:\/\/www.axiomams.eu\/wp-content\/uploads\/2025\/07\/3428-4598.jpg","contentUrl":"https:\/\/www.axiomams.eu\/wp-content\/uploads\/2025\/07\/3428-4598.jpg","width":930,"height":930},{"@type":"BreadcrumbList","@id":"https:\/\/www.axiomams.eu\/lv\/produktas\/polytec-vibrogo-vibrometrs#breadcrumb","itemListElement":[{"@type":"ListItem","position":1,"name":"Home","item":"https:\/\/www.axiomams.eu\/lv"},{"@type":"ListItem","position":2,"name":"Produkti","item":"https:\/\/www.axiomams.eu\/lv\/produkti"},{"@type":"ListItem","position":3,"name":"Polytec VibroGo vibrometrs"}]},{"@type":"WebSite","@id":"https:\/\/www.axiomams.eu\/lv#website","url":"https:\/\/www.axiomams.eu\/lv","name":"AXIOMA MS","description":"Terrmovizoriai ir matavimo \u012franga","publisher":{"@id":"https:\/\/www.axiomams.eu\/lv#organization"},"potentialAction":[{"@type":"SearchAction","target":{"@type":"EntryPoint","urlTemplate":"https:\/\/www.axiomams.eu\/lv?s={search_term_string}"},"query-input":{"@type":"PropertyValueSpecification","valueRequired":true,"valueName":"search_term_string"}}],"inLanguage":"lv-LV"},{"@type":"Organization","@id":"https:\/\/www.axiomams.eu\/lv#organization","name":"AXIOMA MS","url":"https:\/\/www.axiomams.eu\/lv","logo":{"@type":"ImageObject","inLanguage":"lv-LV","@id":"https:\/\/www.axiomams.eu\/lv#\/schema\/logo\/image\/","url":"https:\/\/www.axiomams.eu\/wp-content\/uploads\/2025\/06\/axioma-logo-2.png","contentUrl":"https:\/\/www.axiomams.eu\/wp-content\/uploads\/2025\/06\/axioma-logo-2.png","width":1200,"height":1200,"caption":"AXIOMA MS"},"image":{"@id":"https:\/\/www.axiomams.eu\/lv#\/schema\/logo\/image\/"},"sameAs":["https:\/\/www.facebook.com\/AxiomaMS","https:\/\/www.linkedin.com\/company\/axiomams\/"]}]}},"_links":{"self":[{"href":"https:\/\/www.axiomams.eu\/lv\/wp-json\/wp\/v2\/product\/39426","targetHints":{"allow":["GET"]}}],"collection":[{"href":"https:\/\/www.axiomams.eu\/lv\/wp-json\/wp\/v2\/product"}],"about":[{"href":"https:\/\/www.axiomams.eu\/lv\/wp-json\/wp\/v2\/types\/product"}],"replies":[{"embeddable":true,"href":"https:\/\/www.axiomams.eu\/lv\/wp-json\/wp\/v2\/comments?post=39426"}],"wp:featuredmedia":[{"embeddable":true,"href":"https:\/\/www.axiomams.eu\/lv\/wp-json\/wp\/v2\/media\/42575"}],"wp:attachment":[{"href":"https:\/\/www.axiomams.eu\/lv\/wp-json\/wp\/v2\/media?parent=39426"}],"wp:term":[{"taxonomy":"product_brand","embeddable":true,"href":"https:\/\/www.axiomams.eu\/lv\/wp-json\/wp\/v2\/product_brand?post=39426"},{"taxonomy":"product_cat","embeddable":true,"href":"https:\/\/www.axiomams.eu\/lv\/wp-json\/wp\/v2\/product_cat?post=39426"},{"taxonomy":"product_tag","embeddable":true,"href":"https:\/\/www.axiomams.eu\/lv\/wp-json\/wp\/v2\/product_tag?post=39426"}],"curies":[{"name":"wp","href":"https:\/\/api.w.org\/{rel}","templated":true}]}}