{"id":39428,"date":"2025-05-15T18:08:28","date_gmt":"2025-05-15T16:08:28","guid":{"rendered":"https:\/\/www.axiomams.eu\/produktas\/mmf-vm25-vibraciju-meritajs"},"modified":"2026-03-25T17:02:11","modified_gmt":"2026-03-25T15:02:11","slug":"mmf-vm25-vibraciju-meritajs","status":"publish","type":"product","link":"https:\/\/www.axiomams.eu\/lv\/produktas\/mmf-vm25-vibraciju-meritajs","title":{"rendered":"MMF VM25 vibr\u0101ciju m\u0113r\u012bt\u0101js"},"content":{"rendered":"<p>Vibr\u0101ciju m\u0113r\u012bt\u0101js ma\u0161\u012bnu st\u0101vok\u013ca kontrolei saska\u0146\u0101 ar ISO 10816-1\/-3\/-6\/-7 u.c.. Izmanto pla\u0161\u0101 pielietojum\u0101: no laboratorij\u0101m l\u012bdz r\u016bpniecisko ma\u0161\u012bnu uzraudz\u012bbai. Uzticams un p\u0101rliec\u012bbu sniedzo\u0161s instruments ikviena vajadz\u012bb\u0101m. Instrumentam ir ar\u012b temperat\u016bras m\u0113r\u012b\u0161anas funkcija, iesp\u0113ja pievienot austi\u0146as, rot\u0101cijas m\u0113r\u012b\u0161anas funkcija, frekvences anal\u012bzes funkcija.<\/p>\n<p>Standarta komplekts: ier\u012bce, sensors ar kabeli, USB kabelis, lietot\u0101ja rokasgr\u0101mata, plastmasas futr\u0101lis, austi\u0146u adapteris.<\/p>\n<h3>Tehnisk\u0101 inform\u0101cija:<\/h3>\n<ul>\n<li><a href=\"https:\/\/axiomams.eu\/importer\/export\/attachments\/en\/vm2x_datasheet_en.pdf\" target=\"_blank\">VM2x_datasheet_EN.pdf<\/a><\/li>\n<\/ul>\n","protected":false},"excerpt":{"rendered":"<p>Vibr\u0101ciju m\u0113r\u012bt\u0101js ma\u0161\u012bnu st\u0101vok\u013ca kontrolei saska\u0146\u0101 ar ISO 10816-1\/-3\/-6\/-7 u.c.. Izmanto pla\u0161\u0101 pielietojum\u0101: no laboratorij\u0101m l\u012bdz r\u016bpniecisko ma\u0161\u012bnu uzraudz\u012bbai. Uzticams un p\u0101rliec\u012bbu sniedzo\u0161s instruments ikviena vajadz\u012bb\u0101m. Instrumentam ir ar\u012b temperat\u016bras m\u0113r\u012b\u0161anas funkcija, iesp\u0113ja pievienot austi\u0146as, rot\u0101cijas m\u0113r\u012b\u0161anas funkcija, frekvences anal\u012bzes funkcija. Standarta komplekts: ier\u012bce, sensors ar kabeli, USB kabelis, lietot\u0101ja rokasgr\u0101mata, plastmasas futr\u0101lis, austi\u0146u adapteris&#8230;.<\/p>\n","protected":false},"featured_media":42579,"comment_status":"open","ping_status":"closed","template":"","meta":{"_acf_changed":false},"product_brand":[1823],"product_cat":[17776],"product_tag":[],"class_list":{"0":"post-39428","1":"product","2":"type-product","3":"status-publish","4":"has-post-thumbnail","6":"product_brand-mmf","7":"product_cat-vibracijas-merijumiem","9":"first","10":"instock","11":"taxable","12":"shipping-taxable","13":"purchasable","14":"product-type-simple"},"acf":[],"yoast_head":"<!-- This site is optimized with the Yoast SEO plugin v27.0 - https:\/\/yoast.com\/product\/yoast-seo-wordpress\/ -->\n<title>MMF VM25 vibr\u0101ciju m\u0113r\u012bt\u0101js - AXIOMA MS<\/title>\n<meta name=\"robots\" content=\"index, follow, max-snippet:-1, max-image-preview:large, max-video-preview:-1\" \/>\n<link rel=\"canonical\" href=\"https:\/\/www.axiomams.eu\/lv\/produktas\/mmf-vm25-vibraciju-meritajs\" \/>\n<meta property=\"og:locale\" content=\"lv_LV\" \/>\n<meta property=\"og:type\" content=\"article\" \/>\n<meta property=\"og:title\" content=\"MMF VM25 vibr\u0101ciju m\u0113r\u012bt\u0101js - AXIOMA MS\" \/>\n<meta property=\"og:description\" content=\"Vibr\u0101ciju m\u0113r\u012bt\u0101js ma\u0161\u012bnu st\u0101vok\u013ca kontrolei saska\u0146\u0101 ar ISO 10816-1\/-3\/-6\/-7 u.c.. Izmanto pla\u0161\u0101 pielietojum\u0101: no laboratorij\u0101m l\u012bdz r\u016bpniecisko ma\u0161\u012bnu uzraudz\u012bbai. Uzticams un p\u0101rliec\u012bbu sniedzo\u0161s instruments ikviena vajadz\u012bb\u0101m. Instrumentam ir ar\u012b temperat\u016bras m\u0113r\u012b\u0161anas funkcija, iesp\u0113ja pievienot austi\u0146as, rot\u0101cijas m\u0113r\u012b\u0161anas funkcija, frekvences anal\u012bzes funkcija. Standarta komplekts: ier\u012bce, sensors ar kabeli, USB kabelis, lietot\u0101ja rokasgr\u0101mata, plastmasas futr\u0101lis, austi\u0146u adapteris....\" \/>\n<meta property=\"og:url\" content=\"https:\/\/www.axiomams.eu\/lv\/produktas\/mmf-vm25-vibraciju-meritajs\" \/>\n<meta property=\"og:site_name\" content=\"AXIOMA MS\" \/>\n<meta property=\"article:publisher\" content=\"https:\/\/www.facebook.com\/AxiomaMS\" \/>\n<meta property=\"article:modified_time\" content=\"2026-03-25T15:02:11+00:00\" \/>\n<meta property=\"og:image\" content=\"https:\/\/www.axiomams.eu\/wp-content\/uploads\/2025\/07\/680-1472.png\" \/>\n\t<meta property=\"og:image:width\" content=\"1122\" \/>\n\t<meta property=\"og:image:height\" content=\"1020\" \/>\n\t<meta property=\"og:image:type\" content=\"image\/png\" \/>\n<meta name=\"twitter:card\" content=\"summary_large_image\" \/>\n<script type=\"application\/ld+json\" class=\"yoast-schema-graph\">{\"@context\":\"https:\/\/schema.org\",\"@graph\":[{\"@type\":\"WebPage\",\"@id\":\"https:\/\/www.axiomams.eu\/lv\/produktas\/mmf-vm25-vibraciju-meritajs\",\"url\":\"https:\/\/www.axiomams.eu\/lv\/produktas\/mmf-vm25-vibraciju-meritajs\",\"name\":\"MMF VM25 vibr\u0101ciju m\u0113r\u012bt\u0101js - AXIOMA MS\",\"isPartOf\":{\"@id\":\"https:\/\/www.axiomams.eu\/lv#website\"},\"primaryImageOfPage\":{\"@id\":\"https:\/\/www.axiomams.eu\/lv\/produktas\/mmf-vm25-vibraciju-meritajs#primaryimage\"},\"image\":{\"@id\":\"https:\/\/www.axiomams.eu\/lv\/produktas\/mmf-vm25-vibraciju-meritajs#primaryimage\"},\"thumbnailUrl\":\"https:\/\/www.axiomams.eu\/wp-content\/uploads\/2025\/07\/680-1472.png\",\"datePublished\":\"2025-05-15T16:08:28+00:00\",\"dateModified\":\"2026-03-25T15:02:11+00:00\",\"breadcrumb\":{\"@id\":\"https:\/\/www.axiomams.eu\/lv\/produktas\/mmf-vm25-vibraciju-meritajs#breadcrumb\"},\"inLanguage\":\"lv-LV\",\"potentialAction\":[{\"@type\":\"ReadAction\",\"target\":[\"https:\/\/www.axiomams.eu\/lv\/produktas\/mmf-vm25-vibraciju-meritajs\"]}]},{\"@type\":\"ImageObject\",\"inLanguage\":\"lv-LV\",\"@id\":\"https:\/\/www.axiomams.eu\/lv\/produktas\/mmf-vm25-vibraciju-meritajs#primaryimage\",\"url\":\"https:\/\/www.axiomams.eu\/wp-content\/uploads\/2025\/07\/680-1472.png\",\"contentUrl\":\"https:\/\/www.axiomams.eu\/wp-content\/uploads\/2025\/07\/680-1472.png\",\"width\":1122,\"height\":1020},{\"@type\":\"BreadcrumbList\",\"@id\":\"https:\/\/www.axiomams.eu\/lv\/produktas\/mmf-vm25-vibraciju-meritajs#breadcrumb\",\"itemListElement\":[{\"@type\":\"ListItem\",\"position\":1,\"name\":\"Home\",\"item\":\"https:\/\/www.axiomams.eu\/lv\"},{\"@type\":\"ListItem\",\"position\":2,\"name\":\"Produkti\",\"item\":\"https:\/\/www.axiomams.eu\/lv\/produkti\"},{\"@type\":\"ListItem\",\"position\":3,\"name\":\"MMF VM25 vibr\u0101ciju m\u0113r\u012bt\u0101js\"}]},{\"@type\":\"WebSite\",\"@id\":\"https:\/\/www.axiomams.eu\/lv#website\",\"url\":\"https:\/\/www.axiomams.eu\/lv\",\"name\":\"AXIOMA MS\",\"description\":\"Terrmovizoriai ir matavimo \u012franga\",\"publisher\":{\"@id\":\"https:\/\/www.axiomams.eu\/lv#organization\"},\"potentialAction\":[{\"@type\":\"SearchAction\",\"target\":{\"@type\":\"EntryPoint\",\"urlTemplate\":\"https:\/\/www.axiomams.eu\/lv?s={search_term_string}\"},\"query-input\":{\"@type\":\"PropertyValueSpecification\",\"valueRequired\":true,\"valueName\":\"search_term_string\"}}],\"inLanguage\":\"lv-LV\"},{\"@type\":\"Organization\",\"@id\":\"https:\/\/www.axiomams.eu\/lv#organization\",\"name\":\"AXIOMA MS\",\"url\":\"https:\/\/www.axiomams.eu\/lv\",\"logo\":{\"@type\":\"ImageObject\",\"inLanguage\":\"lv-LV\",\"@id\":\"https:\/\/www.axiomams.eu\/lv#\/schema\/logo\/image\/\",\"url\":\"https:\/\/www.axiomams.eu\/wp-content\/uploads\/2025\/06\/axioma-logo-2.png\",\"contentUrl\":\"https:\/\/www.axiomams.eu\/wp-content\/uploads\/2025\/06\/axioma-logo-2.png\",\"width\":1200,\"height\":1200,\"caption\":\"AXIOMA MS\"},\"image\":{\"@id\":\"https:\/\/www.axiomams.eu\/lv#\/schema\/logo\/image\/\"},\"sameAs\":[\"https:\/\/www.facebook.com\/AxiomaMS\",\"https:\/\/www.linkedin.com\/company\/axiomams\/\"]}]}<\/script>\n<!-- \/ Yoast SEO plugin. -->","yoast_head_json":{"title":"MMF VM25 vibr\u0101ciju m\u0113r\u012bt\u0101js - AXIOMA MS","robots":{"index":"index","follow":"follow","max-snippet":"max-snippet:-1","max-image-preview":"max-image-preview:large","max-video-preview":"max-video-preview:-1"},"canonical":"https:\/\/www.axiomams.eu\/lv\/produktas\/mmf-vm25-vibraciju-meritajs","og_locale":"lv_LV","og_type":"article","og_title":"MMF VM25 vibr\u0101ciju m\u0113r\u012bt\u0101js - AXIOMA MS","og_description":"Vibr\u0101ciju m\u0113r\u012bt\u0101js ma\u0161\u012bnu st\u0101vok\u013ca kontrolei saska\u0146\u0101 ar ISO 10816-1\/-3\/-6\/-7 u.c.. Izmanto pla\u0161\u0101 pielietojum\u0101: no laboratorij\u0101m l\u012bdz r\u016bpniecisko ma\u0161\u012bnu uzraudz\u012bbai. Uzticams un p\u0101rliec\u012bbu sniedzo\u0161s instruments ikviena vajadz\u012bb\u0101m. Instrumentam ir ar\u012b temperat\u016bras m\u0113r\u012b\u0161anas funkcija, iesp\u0113ja pievienot austi\u0146as, rot\u0101cijas m\u0113r\u012b\u0161anas funkcija, frekvences anal\u012bzes funkcija. Standarta komplekts: ier\u012bce, sensors ar kabeli, USB kabelis, lietot\u0101ja rokasgr\u0101mata, plastmasas futr\u0101lis, austi\u0146u adapteris....","og_url":"https:\/\/www.axiomams.eu\/lv\/produktas\/mmf-vm25-vibraciju-meritajs","og_site_name":"AXIOMA MS","article_publisher":"https:\/\/www.facebook.com\/AxiomaMS","article_modified_time":"2026-03-25T15:02:11+00:00","og_image":[{"width":1122,"height":1020,"url":"https:\/\/www.axiomams.eu\/wp-content\/uploads\/2025\/07\/680-1472.png","type":"image\/png"}],"twitter_card":"summary_large_image","schema":{"@context":"https:\/\/schema.org","@graph":[{"@type":"WebPage","@id":"https:\/\/www.axiomams.eu\/lv\/produktas\/mmf-vm25-vibraciju-meritajs","url":"https:\/\/www.axiomams.eu\/lv\/produktas\/mmf-vm25-vibraciju-meritajs","name":"MMF VM25 vibr\u0101ciju m\u0113r\u012bt\u0101js - AXIOMA MS","isPartOf":{"@id":"https:\/\/www.axiomams.eu\/lv#website"},"primaryImageOfPage":{"@id":"https:\/\/www.axiomams.eu\/lv\/produktas\/mmf-vm25-vibraciju-meritajs#primaryimage"},"image":{"@id":"https:\/\/www.axiomams.eu\/lv\/produktas\/mmf-vm25-vibraciju-meritajs#primaryimage"},"thumbnailUrl":"https:\/\/www.axiomams.eu\/wp-content\/uploads\/2025\/07\/680-1472.png","datePublished":"2025-05-15T16:08:28+00:00","dateModified":"2026-03-25T15:02:11+00:00","breadcrumb":{"@id":"https:\/\/www.axiomams.eu\/lv\/produktas\/mmf-vm25-vibraciju-meritajs#breadcrumb"},"inLanguage":"lv-LV","potentialAction":[{"@type":"ReadAction","target":["https:\/\/www.axiomams.eu\/lv\/produktas\/mmf-vm25-vibraciju-meritajs"]}]},{"@type":"ImageObject","inLanguage":"lv-LV","@id":"https:\/\/www.axiomams.eu\/lv\/produktas\/mmf-vm25-vibraciju-meritajs#primaryimage","url":"https:\/\/www.axiomams.eu\/wp-content\/uploads\/2025\/07\/680-1472.png","contentUrl":"https:\/\/www.axiomams.eu\/wp-content\/uploads\/2025\/07\/680-1472.png","width":1122,"height":1020},{"@type":"BreadcrumbList","@id":"https:\/\/www.axiomams.eu\/lv\/produktas\/mmf-vm25-vibraciju-meritajs#breadcrumb","itemListElement":[{"@type":"ListItem","position":1,"name":"Home","item":"https:\/\/www.axiomams.eu\/lv"},{"@type":"ListItem","position":2,"name":"Produkti","item":"https:\/\/www.axiomams.eu\/lv\/produkti"},{"@type":"ListItem","position":3,"name":"MMF VM25 vibr\u0101ciju m\u0113r\u012bt\u0101js"}]},{"@type":"WebSite","@id":"https:\/\/www.axiomams.eu\/lv#website","url":"https:\/\/www.axiomams.eu\/lv","name":"AXIOMA MS","description":"Terrmovizoriai ir matavimo \u012franga","publisher":{"@id":"https:\/\/www.axiomams.eu\/lv#organization"},"potentialAction":[{"@type":"SearchAction","target":{"@type":"EntryPoint","urlTemplate":"https:\/\/www.axiomams.eu\/lv?s={search_term_string}"},"query-input":{"@type":"PropertyValueSpecification","valueRequired":true,"valueName":"search_term_string"}}],"inLanguage":"lv-LV"},{"@type":"Organization","@id":"https:\/\/www.axiomams.eu\/lv#organization","name":"AXIOMA MS","url":"https:\/\/www.axiomams.eu\/lv","logo":{"@type":"ImageObject","inLanguage":"lv-LV","@id":"https:\/\/www.axiomams.eu\/lv#\/schema\/logo\/image\/","url":"https:\/\/www.axiomams.eu\/wp-content\/uploads\/2025\/06\/axioma-logo-2.png","contentUrl":"https:\/\/www.axiomams.eu\/wp-content\/uploads\/2025\/06\/axioma-logo-2.png","width":1200,"height":1200,"caption":"AXIOMA MS"},"image":{"@id":"https:\/\/www.axiomams.eu\/lv#\/schema\/logo\/image\/"},"sameAs":["https:\/\/www.facebook.com\/AxiomaMS","https:\/\/www.linkedin.com\/company\/axiomams\/"]}]}},"_links":{"self":[{"href":"https:\/\/www.axiomams.eu\/lv\/wp-json\/wp\/v2\/product\/39428","targetHints":{"allow":["GET"]}}],"collection":[{"href":"https:\/\/www.axiomams.eu\/lv\/wp-json\/wp\/v2\/product"}],"about":[{"href":"https:\/\/www.axiomams.eu\/lv\/wp-json\/wp\/v2\/types\/product"}],"replies":[{"embeddable":true,"href":"https:\/\/www.axiomams.eu\/lv\/wp-json\/wp\/v2\/comments?post=39428"}],"wp:featuredmedia":[{"embeddable":true,"href":"https:\/\/www.axiomams.eu\/lv\/wp-json\/wp\/v2\/media\/42579"}],"wp:attachment":[{"href":"https:\/\/www.axiomams.eu\/lv\/wp-json\/wp\/v2\/media?parent=39428"}],"wp:term":[{"taxonomy":"product_brand","embeddable":true,"href":"https:\/\/www.axiomams.eu\/lv\/wp-json\/wp\/v2\/product_brand?post=39428"},{"taxonomy":"product_cat","embeddable":true,"href":"https:\/\/www.axiomams.eu\/lv\/wp-json\/wp\/v2\/product_cat?post=39428"},{"taxonomy":"product_tag","embeddable":true,"href":"https:\/\/www.axiomams.eu\/lv\/wp-json\/wp\/v2\/product_tag?post=39428"}],"curies":[{"name":"wp","href":"https:\/\/api.w.org\/{rel}","templated":true}]}}