{"id":39431,"date":"2025-10-13T10:33:12","date_gmt":"2025-10-13T08:33:12","guid":{"rendered":"https:\/\/www.axiomams.eu\/produktas\/extech-vpc260-dalinu-skaititajs"},"modified":"2026-03-25T17:02:11","modified_gmt":"2026-03-25T15:02:11","slug":"extech-vpc260-dalinu-skaititajs","status":"publish","type":"product","link":"https:\/\/www.axiomams.eu\/lv\/produktas\/extech-vpc260-dalinu-skaititajs","title":{"rendered":"Extech VPC260 da\u013ci\u0146u skait\u012bt\u0101js"},"content":{"rendered":"<p>Extech VPC260 ir prec\u012bzs 6 kan\u0101lu da\u013ci\u0146u skait\u012bt\u0101js, kas paredz\u0113ts darba vides un iek\u0161telpu gaisa kvalit\u0101tes uzraudz\u012bbai. Tas m\u0113ra l\u012bdz pat se\u0161iem da\u013ci\u0146u izm\u0113ru kan\u0101liem kop\u0101 ar galvenajiem atmosf\u0113ras parametriem, piem\u0113ram, gaisa temperat\u016bru, relat\u012bvo mitrumu, rasas punktu un mitro termometru. VPC260 ir ide\u0101li piem\u0113rots izpl\u016bdes g\u0101zu, d\u016bmu, respir\u0113jamo krist\u0101lisk\u0101 sil\u012bcija dioks\u012bda putek\u013cu (RCS), gais\u0101 eso\u0161o dego\u0161o putek\u013cu un citu b\u012bstamu gaisa pies\u0101r\u0146ot\u0101ju noteik\u0161anai un nov\u0113rt\u0113\u0161anai, nodro\u0161inot uzticamus un prec\u012bzus datus dro\u0161as un vesel\u012bbai nekait\u012bgas darba vides uztur\u0113\u0161anai.<\/p>\n<p>Standarta komplekt\u0101cij\u0101: ier\u012bce, univers\u0101lais l\u0101d\u0113t\u0101js, USB kabelis, programmat\u016bra, stat\u012bvs, filtrs, cietais apvalks, lietot\u0101ja rokasgr\u0101mata.<\/p>\n<h3>Tehnisk\u0101 inform\u0101cija:<\/h3>\n<ul>\n<li><a href=\"https:\/\/axiomams.eu\/importer\/export\/attachments\/en\/vpc260-datasheet.pdf\" target=\"_blank\">VPC260 Datasheet.pdf<\/a><\/li>\n<\/ul>\n","protected":false},"excerpt":{"rendered":"<p>Extech VPC260 ir prec\u012bzs 6 kan\u0101lu da\u013ci\u0146u skait\u012bt\u0101js, kas paredz\u0113ts darba vides un iek\u0161telpu gaisa kvalit\u0101tes uzraudz\u012bbai. Tas m\u0113ra l\u012bdz pat se\u0161iem da\u013ci\u0146u izm\u0113ru kan\u0101liem kop\u0101 ar galvenajiem atmosf\u0113ras parametriem, piem\u0113ram, gaisa temperat\u016bru, relat\u012bvo mitrumu, rasas punktu un mitro termometru. VPC260 ir ide\u0101li piem\u0113rots izpl\u016bdes g\u0101zu, d\u016bmu, respir\u0113jamo krist\u0101lisk\u0101 sil\u012bcija dioks\u012bda putek\u013cu (RCS), gais\u0101 eso\u0161o&#8230;<\/p>\n","protected":false},"featured_media":42585,"comment_status":"open","ping_status":"closed","template":"","meta":{"_acf_changed":false},"product_brand":[738],"product_cat":[17723],"product_tag":[],"class_list":{"0":"post-39431","1":"product","2":"type-product","3":"status-publish","4":"has-post-thumbnail","6":"product_brand-extech","7":"product_cat-putekliem-elektromagnetiska-lauka-merijumiem","9":"first","10":"instock","11":"taxable","12":"shipping-taxable","13":"purchasable","14":"product-type-simple"},"acf":[],"yoast_head":"<!-- This site is optimized with the Yoast SEO plugin v27.0 - https:\/\/yoast.com\/product\/yoast-seo-wordpress\/ -->\n<title>Extech VPC260 da\u013ci\u0146u skait\u012bt\u0101js - AXIOMA MS<\/title>\n<meta name=\"robots\" content=\"index, follow, max-snippet:-1, max-image-preview:large, max-video-preview:-1\" \/>\n<link rel=\"canonical\" href=\"https:\/\/www.axiomams.eu\/lv\/produktas\/extech-vpc260-dalinu-skaititajs\" \/>\n<meta property=\"og:locale\" content=\"lv_LV\" \/>\n<meta property=\"og:type\" content=\"article\" \/>\n<meta property=\"og:title\" content=\"Extech VPC260 da\u013ci\u0146u skait\u012bt\u0101js - AXIOMA MS\" \/>\n<meta property=\"og:description\" content=\"Extech VPC260 ir prec\u012bzs 6 kan\u0101lu da\u013ci\u0146u skait\u012bt\u0101js, kas paredz\u0113ts darba vides un iek\u0161telpu gaisa kvalit\u0101tes uzraudz\u012bbai. Tas m\u0113ra l\u012bdz pat se\u0161iem da\u013ci\u0146u izm\u0113ru kan\u0101liem kop\u0101 ar galvenajiem atmosf\u0113ras parametriem, piem\u0113ram, gaisa temperat\u016bru, relat\u012bvo mitrumu, rasas punktu un mitro termometru. VPC260 ir ide\u0101li piem\u0113rots izpl\u016bdes g\u0101zu, d\u016bmu, respir\u0113jamo krist\u0101lisk\u0101 sil\u012bcija dioks\u012bda putek\u013cu (RCS), gais\u0101 eso\u0161o...\" \/>\n<meta property=\"og:url\" content=\"https:\/\/www.axiomams.eu\/lv\/produktas\/extech-vpc260-dalinu-skaititajs\" \/>\n<meta property=\"og:site_name\" content=\"AXIOMA MS\" \/>\n<meta property=\"article:publisher\" content=\"https:\/\/www.facebook.com\/AxiomaMS\" \/>\n<meta property=\"article:modified_time\" content=\"2026-03-25T15:02:11+00:00\" \/>\n<meta property=\"og:image\" content=\"https:\/\/www.axiomams.eu\/wp-content\/uploads\/2025\/10\/4682-6194.jpg\" \/>\n\t<meta property=\"og:image:width\" content=\"600\" \/>\n\t<meta property=\"og:image:height\" content=\"625\" \/>\n\t<meta property=\"og:image:type\" content=\"image\/jpeg\" \/>\n<meta name=\"twitter:card\" content=\"summary_large_image\" \/>\n<meta name=\"twitter:label1\" content=\"Est. reading time\" \/>\n\t<meta name=\"twitter:data1\" content=\"1 minute\" \/>\n<script type=\"application\/ld+json\" class=\"yoast-schema-graph\">{\"@context\":\"https:\/\/schema.org\",\"@graph\":[{\"@type\":\"WebPage\",\"@id\":\"https:\/\/www.axiomams.eu\/lv\/produktas\/extech-vpc260-dalinu-skaititajs\",\"url\":\"https:\/\/www.axiomams.eu\/lv\/produktas\/extech-vpc260-dalinu-skaititajs\",\"name\":\"Extech VPC260 da\u013ci\u0146u skait\u012bt\u0101js - AXIOMA MS\",\"isPartOf\":{\"@id\":\"https:\/\/www.axiomams.eu\/lv#website\"},\"primaryImageOfPage\":{\"@id\":\"https:\/\/www.axiomams.eu\/lv\/produktas\/extech-vpc260-dalinu-skaititajs#primaryimage\"},\"image\":{\"@id\":\"https:\/\/www.axiomams.eu\/lv\/produktas\/extech-vpc260-dalinu-skaititajs#primaryimage\"},\"thumbnailUrl\":\"https:\/\/www.axiomams.eu\/wp-content\/uploads\/2025\/10\/4682-6194.jpg\",\"datePublished\":\"2025-10-13T08:33:12+00:00\",\"dateModified\":\"2026-03-25T15:02:11+00:00\",\"breadcrumb\":{\"@id\":\"https:\/\/www.axiomams.eu\/lv\/produktas\/extech-vpc260-dalinu-skaititajs#breadcrumb\"},\"inLanguage\":\"lv-LV\",\"potentialAction\":[{\"@type\":\"ReadAction\",\"target\":[\"https:\/\/www.axiomams.eu\/lv\/produktas\/extech-vpc260-dalinu-skaititajs\"]}]},{\"@type\":\"ImageObject\",\"inLanguage\":\"lv-LV\",\"@id\":\"https:\/\/www.axiomams.eu\/lv\/produktas\/extech-vpc260-dalinu-skaititajs#primaryimage\",\"url\":\"https:\/\/www.axiomams.eu\/wp-content\/uploads\/2025\/10\/4682-6194.jpg\",\"contentUrl\":\"https:\/\/www.axiomams.eu\/wp-content\/uploads\/2025\/10\/4682-6194.jpg\",\"width\":600,\"height\":625},{\"@type\":\"BreadcrumbList\",\"@id\":\"https:\/\/www.axiomams.eu\/lv\/produktas\/extech-vpc260-dalinu-skaititajs#breadcrumb\",\"itemListElement\":[{\"@type\":\"ListItem\",\"position\":1,\"name\":\"Home\",\"item\":\"https:\/\/www.axiomams.eu\/lv\"},{\"@type\":\"ListItem\",\"position\":2,\"name\":\"Produkti\",\"item\":\"https:\/\/www.axiomams.eu\/lv\/produkti\"},{\"@type\":\"ListItem\",\"position\":3,\"name\":\"Extech VPC260 da\u013ci\u0146u skait\u012bt\u0101js\"}]},{\"@type\":\"WebSite\",\"@id\":\"https:\/\/www.axiomams.eu\/lv#website\",\"url\":\"https:\/\/www.axiomams.eu\/lv\",\"name\":\"AXIOMA MS\",\"description\":\"Terrmovizoriai ir matavimo \u012franga\",\"publisher\":{\"@id\":\"https:\/\/www.axiomams.eu\/lv#organization\"},\"potentialAction\":[{\"@type\":\"SearchAction\",\"target\":{\"@type\":\"EntryPoint\",\"urlTemplate\":\"https:\/\/www.axiomams.eu\/lv?s={search_term_string}\"},\"query-input\":{\"@type\":\"PropertyValueSpecification\",\"valueRequired\":true,\"valueName\":\"search_term_string\"}}],\"inLanguage\":\"lv-LV\"},{\"@type\":\"Organization\",\"@id\":\"https:\/\/www.axiomams.eu\/lv#organization\",\"name\":\"AXIOMA MS\",\"url\":\"https:\/\/www.axiomams.eu\/lv\",\"logo\":{\"@type\":\"ImageObject\",\"inLanguage\":\"lv-LV\",\"@id\":\"https:\/\/www.axiomams.eu\/lv#\/schema\/logo\/image\/\",\"url\":\"https:\/\/www.axiomams.eu\/wp-content\/uploads\/2025\/06\/axioma-logo-2.png\",\"contentUrl\":\"https:\/\/www.axiomams.eu\/wp-content\/uploads\/2025\/06\/axioma-logo-2.png\",\"width\":1200,\"height\":1200,\"caption\":\"AXIOMA MS\"},\"image\":{\"@id\":\"https:\/\/www.axiomams.eu\/lv#\/schema\/logo\/image\/\"},\"sameAs\":[\"https:\/\/www.facebook.com\/AxiomaMS\",\"https:\/\/www.linkedin.com\/company\/axiomams\/\"]}]}<\/script>\n<!-- \/ Yoast SEO plugin. -->","yoast_head_json":{"title":"Extech VPC260 da\u013ci\u0146u skait\u012bt\u0101js - AXIOMA MS","robots":{"index":"index","follow":"follow","max-snippet":"max-snippet:-1","max-image-preview":"max-image-preview:large","max-video-preview":"max-video-preview:-1"},"canonical":"https:\/\/www.axiomams.eu\/lv\/produktas\/extech-vpc260-dalinu-skaititajs","og_locale":"lv_LV","og_type":"article","og_title":"Extech VPC260 da\u013ci\u0146u skait\u012bt\u0101js - AXIOMA MS","og_description":"Extech VPC260 ir prec\u012bzs 6 kan\u0101lu da\u013ci\u0146u skait\u012bt\u0101js, kas paredz\u0113ts darba vides un iek\u0161telpu gaisa kvalit\u0101tes uzraudz\u012bbai. Tas m\u0113ra l\u012bdz pat se\u0161iem da\u013ci\u0146u izm\u0113ru kan\u0101liem kop\u0101 ar galvenajiem atmosf\u0113ras parametriem, piem\u0113ram, gaisa temperat\u016bru, relat\u012bvo mitrumu, rasas punktu un mitro termometru. VPC260 ir ide\u0101li piem\u0113rots izpl\u016bdes g\u0101zu, d\u016bmu, respir\u0113jamo krist\u0101lisk\u0101 sil\u012bcija dioks\u012bda putek\u013cu (RCS), gais\u0101 eso\u0161o...","og_url":"https:\/\/www.axiomams.eu\/lv\/produktas\/extech-vpc260-dalinu-skaititajs","og_site_name":"AXIOMA MS","article_publisher":"https:\/\/www.facebook.com\/AxiomaMS","article_modified_time":"2026-03-25T15:02:11+00:00","og_image":[{"width":600,"height":625,"url":"https:\/\/www.axiomams.eu\/wp-content\/uploads\/2025\/10\/4682-6194.jpg","type":"image\/jpeg"}],"twitter_card":"summary_large_image","twitter_misc":{"Est. reading time":"1 minute"},"schema":{"@context":"https:\/\/schema.org","@graph":[{"@type":"WebPage","@id":"https:\/\/www.axiomams.eu\/lv\/produktas\/extech-vpc260-dalinu-skaititajs","url":"https:\/\/www.axiomams.eu\/lv\/produktas\/extech-vpc260-dalinu-skaititajs","name":"Extech VPC260 da\u013ci\u0146u skait\u012bt\u0101js - AXIOMA MS","isPartOf":{"@id":"https:\/\/www.axiomams.eu\/lv#website"},"primaryImageOfPage":{"@id":"https:\/\/www.axiomams.eu\/lv\/produktas\/extech-vpc260-dalinu-skaititajs#primaryimage"},"image":{"@id":"https:\/\/www.axiomams.eu\/lv\/produktas\/extech-vpc260-dalinu-skaititajs#primaryimage"},"thumbnailUrl":"https:\/\/www.axiomams.eu\/wp-content\/uploads\/2025\/10\/4682-6194.jpg","datePublished":"2025-10-13T08:33:12+00:00","dateModified":"2026-03-25T15:02:11+00:00","breadcrumb":{"@id":"https:\/\/www.axiomams.eu\/lv\/produktas\/extech-vpc260-dalinu-skaititajs#breadcrumb"},"inLanguage":"lv-LV","potentialAction":[{"@type":"ReadAction","target":["https:\/\/www.axiomams.eu\/lv\/produktas\/extech-vpc260-dalinu-skaititajs"]}]},{"@type":"ImageObject","inLanguage":"lv-LV","@id":"https:\/\/www.axiomams.eu\/lv\/produktas\/extech-vpc260-dalinu-skaititajs#primaryimage","url":"https:\/\/www.axiomams.eu\/wp-content\/uploads\/2025\/10\/4682-6194.jpg","contentUrl":"https:\/\/www.axiomams.eu\/wp-content\/uploads\/2025\/10\/4682-6194.jpg","width":600,"height":625},{"@type":"BreadcrumbList","@id":"https:\/\/www.axiomams.eu\/lv\/produktas\/extech-vpc260-dalinu-skaititajs#breadcrumb","itemListElement":[{"@type":"ListItem","position":1,"name":"Home","item":"https:\/\/www.axiomams.eu\/lv"},{"@type":"ListItem","position":2,"name":"Produkti","item":"https:\/\/www.axiomams.eu\/lv\/produkti"},{"@type":"ListItem","position":3,"name":"Extech VPC260 da\u013ci\u0146u skait\u012bt\u0101js"}]},{"@type":"WebSite","@id":"https:\/\/www.axiomams.eu\/lv#website","url":"https:\/\/www.axiomams.eu\/lv","name":"AXIOMA MS","description":"Terrmovizoriai ir matavimo \u012franga","publisher":{"@id":"https:\/\/www.axiomams.eu\/lv#organization"},"potentialAction":[{"@type":"SearchAction","target":{"@type":"EntryPoint","urlTemplate":"https:\/\/www.axiomams.eu\/lv?s={search_term_string}"},"query-input":{"@type":"PropertyValueSpecification","valueRequired":true,"valueName":"search_term_string"}}],"inLanguage":"lv-LV"},{"@type":"Organization","@id":"https:\/\/www.axiomams.eu\/lv#organization","name":"AXIOMA MS","url":"https:\/\/www.axiomams.eu\/lv","logo":{"@type":"ImageObject","inLanguage":"lv-LV","@id":"https:\/\/www.axiomams.eu\/lv#\/schema\/logo\/image\/","url":"https:\/\/www.axiomams.eu\/wp-content\/uploads\/2025\/06\/axioma-logo-2.png","contentUrl":"https:\/\/www.axiomams.eu\/wp-content\/uploads\/2025\/06\/axioma-logo-2.png","width":1200,"height":1200,"caption":"AXIOMA MS"},"image":{"@id":"https:\/\/www.axiomams.eu\/lv#\/schema\/logo\/image\/"},"sameAs":["https:\/\/www.facebook.com\/AxiomaMS","https:\/\/www.linkedin.com\/company\/axiomams\/"]}]}},"_links":{"self":[{"href":"https:\/\/www.axiomams.eu\/lv\/wp-json\/wp\/v2\/product\/39431","targetHints":{"allow":["GET"]}}],"collection":[{"href":"https:\/\/www.axiomams.eu\/lv\/wp-json\/wp\/v2\/product"}],"about":[{"href":"https:\/\/www.axiomams.eu\/lv\/wp-json\/wp\/v2\/types\/product"}],"replies":[{"embeddable":true,"href":"https:\/\/www.axiomams.eu\/lv\/wp-json\/wp\/v2\/comments?post=39431"}],"wp:featuredmedia":[{"embeddable":true,"href":"https:\/\/www.axiomams.eu\/lv\/wp-json\/wp\/v2\/media\/42585"}],"wp:attachment":[{"href":"https:\/\/www.axiomams.eu\/lv\/wp-json\/wp\/v2\/media?parent=39431"}],"wp:term":[{"taxonomy":"product_brand","embeddable":true,"href":"https:\/\/www.axiomams.eu\/lv\/wp-json\/wp\/v2\/product_brand?post=39431"},{"taxonomy":"product_cat","embeddable":true,"href":"https:\/\/www.axiomams.eu\/lv\/wp-json\/wp\/v2\/product_cat?post=39431"},{"taxonomy":"product_tag","embeddable":true,"href":"https:\/\/www.axiomams.eu\/lv\/wp-json\/wp\/v2\/product_tag?post=39431"}],"curies":[{"name":"wp","href":"https:\/\/api.w.org\/{rel}","templated":true}]}}