{"id":39432,"date":"2025-05-15T18:08:32","date_gmt":"2025-05-15T16:08:32","guid":{"rendered":"https:\/\/www.axiomams.eu\/produktas\/extech-vpc300-dalinu-skaititajs"},"modified":"2026-03-25T17:02:12","modified_gmt":"2026-03-25T15:02:12","slug":"extech-vpc300-dalinu-skaititajs","status":"publish","type":"product","link":"https:\/\/www.axiomams.eu\/lv\/produktas\/extech-vpc300-dalinu-skaititajs","title":{"rendered":"Extech VPC300 da\u013ci\u0146u skait\u012bt\u0101js"},"content":{"rendered":"<p>Pateicoties lielam ekr\u0101nam, intuit\u012bvai navig\u0101cijas izv\u0113lnei un ekr\u0101n\u0101 redzamajiem datiem, m\u0113rier\u012bce \u013cauj lietot\u0101jiem \u0101tri veikt vair\u0101k testu, maz\u0101k laika pavadot datu ieg\u016b\u0161anai, izmantojot ekr\u0101nus. Da\u013ci\u0146u skait\u012bt\u0101js ir viegls un viegli lietojams jebkur\u0101 poz\u012bcij\u0101, un ar vienk\u0101r\u0161\u0101m datu eksport\u0113\u0161anas iesp\u0113j\u0101m, izmantojot USB kabeli, ir viegli p\u0101rskat\u012bt un analiz\u0113t datus jebkur\u0101 viet\u0101 un jebkur\u0101 laik\u0101.<\/p>\n<p>Standarta komplekt\u0101cij\u0101: ier\u012bce, univers\u0101lais l\u0101d\u0113t\u0101js, USB kabelis, programmat\u016bra, stat\u012bvs, filtrs, cietais futr\u0101lis, lietot\u0101ja rokasgr\u0101mata.<\/p>\n<h3>Tehnisk\u0101 inform\u0101cija:<\/h3>\n<ul>\n<li><a href=\"https:\/\/axiomams.eu\/importer\/export\/attachments\/en\/vpc300.pdf\" target=\"_blank\">VPC300.pdf<\/a><\/li>\n<\/ul>\n","protected":false},"excerpt":{"rendered":"<p>Pateicoties lielam ekr\u0101nam, intuit\u012bvai navig\u0101cijas izv\u0113lnei un ekr\u0101n\u0101 redzamajiem datiem, m\u0113rier\u012bce \u013cauj lietot\u0101jiem \u0101tri veikt vair\u0101k testu, maz\u0101k laika pavadot datu ieg\u016b\u0161anai, izmantojot ekr\u0101nus. Da\u013ci\u0146u skait\u012bt\u0101js ir viegls un viegli lietojams jebkur\u0101 poz\u012bcij\u0101, un ar vienk\u0101r\u0161\u0101m datu eksport\u0113\u0161anas iesp\u0113j\u0101m, izmantojot USB kabeli, ir viegli p\u0101rskat\u012bt un analiz\u0113t datus jebkur\u0101 viet\u0101 un jebkur\u0101 laik\u0101. Standarta komplekt\u0101cij\u0101:&#8230;<\/p>\n","protected":false},"featured_media":42587,"comment_status":"open","ping_status":"closed","template":"","meta":{"_acf_changed":false},"product_brand":[738],"product_cat":[17723],"product_tag":[],"class_list":{"0":"post-39432","1":"product","2":"type-product","3":"status-publish","4":"has-post-thumbnail","6":"product_brand-extech","7":"product_cat-putekliem-elektromagnetiska-lauka-merijumiem","9":"first","10":"instock","11":"taxable","12":"shipping-taxable","13":"purchasable","14":"product-type-simple"},"acf":[],"yoast_head":"<!-- This site is optimized with the Yoast SEO plugin v27.0 - https:\/\/yoast.com\/product\/yoast-seo-wordpress\/ -->\n<title>Extech VPC300 da\u013ci\u0146u skait\u012bt\u0101js - AXIOMA MS<\/title>\n<meta name=\"robots\" content=\"index, follow, max-snippet:-1, max-image-preview:large, max-video-preview:-1\" \/>\n<link rel=\"canonical\" href=\"https:\/\/www.axiomams.eu\/lv\/produktas\/extech-vpc300-dalinu-skaititajs\" \/>\n<meta property=\"og:locale\" content=\"lv_LV\" \/>\n<meta property=\"og:type\" content=\"article\" \/>\n<meta property=\"og:title\" content=\"Extech VPC300 da\u013ci\u0146u skait\u012bt\u0101js - AXIOMA MS\" \/>\n<meta property=\"og:description\" content=\"Pateicoties lielam ekr\u0101nam, intuit\u012bvai navig\u0101cijas izv\u0113lnei un ekr\u0101n\u0101 redzamajiem datiem, m\u0113rier\u012bce \u013cauj lietot\u0101jiem \u0101tri veikt vair\u0101k testu, maz\u0101k laika pavadot datu ieg\u016b\u0161anai, izmantojot ekr\u0101nus. Da\u013ci\u0146u skait\u012bt\u0101js ir viegls un viegli lietojams jebkur\u0101 poz\u012bcij\u0101, un ar vienk\u0101r\u0161\u0101m datu eksport\u0113\u0161anas iesp\u0113j\u0101m, izmantojot USB kabeli, ir viegli p\u0101rskat\u012bt un analiz\u0113t datus jebkur\u0101 viet\u0101 un jebkur\u0101 laik\u0101. Standarta komplekt\u0101cij\u0101:...\" \/>\n<meta property=\"og:url\" content=\"https:\/\/www.axiomams.eu\/lv\/produktas\/extech-vpc300-dalinu-skaititajs\" \/>\n<meta property=\"og:site_name\" content=\"AXIOMA MS\" \/>\n<meta property=\"article:publisher\" content=\"https:\/\/www.facebook.com\/AxiomaMS\" \/>\n<meta property=\"article:modified_time\" content=\"2026-03-25T15:02:12+00:00\" \/>\n<meta property=\"og:image\" content=\"https:\/\/www.axiomams.eu\/wp-content\/uploads\/2025\/07\/106-666.jpg\" \/>\n\t<meta property=\"og:image:width\" content=\"768\" \/>\n\t<meta property=\"og:image:height\" content=\"500\" \/>\n\t<meta property=\"og:image:type\" content=\"image\/jpeg\" \/>\n<meta name=\"twitter:card\" content=\"summary_large_image\" \/>\n<meta name=\"twitter:label1\" content=\"Est. reading time\" \/>\n\t<meta name=\"twitter:data1\" content=\"1 minute\" \/>\n<script type=\"application\/ld+json\" class=\"yoast-schema-graph\">{\"@context\":\"https:\/\/schema.org\",\"@graph\":[{\"@type\":\"WebPage\",\"@id\":\"https:\/\/www.axiomams.eu\/lv\/produktas\/extech-vpc300-dalinu-skaititajs\",\"url\":\"https:\/\/www.axiomams.eu\/lv\/produktas\/extech-vpc300-dalinu-skaititajs\",\"name\":\"Extech VPC300 da\u013ci\u0146u skait\u012bt\u0101js - AXIOMA MS\",\"isPartOf\":{\"@id\":\"https:\/\/www.axiomams.eu\/lv#website\"},\"primaryImageOfPage\":{\"@id\":\"https:\/\/www.axiomams.eu\/lv\/produktas\/extech-vpc300-dalinu-skaititajs#primaryimage\"},\"image\":{\"@id\":\"https:\/\/www.axiomams.eu\/lv\/produktas\/extech-vpc300-dalinu-skaititajs#primaryimage\"},\"thumbnailUrl\":\"https:\/\/www.axiomams.eu\/wp-content\/uploads\/2025\/07\/106-666.jpg\",\"datePublished\":\"2025-05-15T16:08:32+00:00\",\"dateModified\":\"2026-03-25T15:02:12+00:00\",\"breadcrumb\":{\"@id\":\"https:\/\/www.axiomams.eu\/lv\/produktas\/extech-vpc300-dalinu-skaititajs#breadcrumb\"},\"inLanguage\":\"lv-LV\",\"potentialAction\":[{\"@type\":\"ReadAction\",\"target\":[\"https:\/\/www.axiomams.eu\/lv\/produktas\/extech-vpc300-dalinu-skaititajs\"]}]},{\"@type\":\"ImageObject\",\"inLanguage\":\"lv-LV\",\"@id\":\"https:\/\/www.axiomams.eu\/lv\/produktas\/extech-vpc300-dalinu-skaititajs#primaryimage\",\"url\":\"https:\/\/www.axiomams.eu\/wp-content\/uploads\/2025\/07\/106-666.jpg\",\"contentUrl\":\"https:\/\/www.axiomams.eu\/wp-content\/uploads\/2025\/07\/106-666.jpg\",\"width\":768,\"height\":500},{\"@type\":\"BreadcrumbList\",\"@id\":\"https:\/\/www.axiomams.eu\/lv\/produktas\/extech-vpc300-dalinu-skaititajs#breadcrumb\",\"itemListElement\":[{\"@type\":\"ListItem\",\"position\":1,\"name\":\"Home\",\"item\":\"https:\/\/www.axiomams.eu\/lv\"},{\"@type\":\"ListItem\",\"position\":2,\"name\":\"Produkti\",\"item\":\"https:\/\/www.axiomams.eu\/lv\/produkti\"},{\"@type\":\"ListItem\",\"position\":3,\"name\":\"Extech VPC300 da\u013ci\u0146u skait\u012bt\u0101js\"}]},{\"@type\":\"WebSite\",\"@id\":\"https:\/\/www.axiomams.eu\/lv#website\",\"url\":\"https:\/\/www.axiomams.eu\/lv\",\"name\":\"AXIOMA MS\",\"description\":\"Terrmovizoriai ir matavimo \u012franga\",\"publisher\":{\"@id\":\"https:\/\/www.axiomams.eu\/lv#organization\"},\"potentialAction\":[{\"@type\":\"SearchAction\",\"target\":{\"@type\":\"EntryPoint\",\"urlTemplate\":\"https:\/\/www.axiomams.eu\/lv?s={search_term_string}\"},\"query-input\":{\"@type\":\"PropertyValueSpecification\",\"valueRequired\":true,\"valueName\":\"search_term_string\"}}],\"inLanguage\":\"lv-LV\"},{\"@type\":\"Organization\",\"@id\":\"https:\/\/www.axiomams.eu\/lv#organization\",\"name\":\"AXIOMA MS\",\"url\":\"https:\/\/www.axiomams.eu\/lv\",\"logo\":{\"@type\":\"ImageObject\",\"inLanguage\":\"lv-LV\",\"@id\":\"https:\/\/www.axiomams.eu\/lv#\/schema\/logo\/image\/\",\"url\":\"https:\/\/www.axiomams.eu\/wp-content\/uploads\/2025\/06\/axioma-logo-2.png\",\"contentUrl\":\"https:\/\/www.axiomams.eu\/wp-content\/uploads\/2025\/06\/axioma-logo-2.png\",\"width\":1200,\"height\":1200,\"caption\":\"AXIOMA MS\"},\"image\":{\"@id\":\"https:\/\/www.axiomams.eu\/lv#\/schema\/logo\/image\/\"},\"sameAs\":[\"https:\/\/www.facebook.com\/AxiomaMS\",\"https:\/\/www.linkedin.com\/company\/axiomams\/\"]}]}<\/script>\n<!-- \/ Yoast SEO plugin. -->","yoast_head_json":{"title":"Extech VPC300 da\u013ci\u0146u skait\u012bt\u0101js - AXIOMA MS","robots":{"index":"index","follow":"follow","max-snippet":"max-snippet:-1","max-image-preview":"max-image-preview:large","max-video-preview":"max-video-preview:-1"},"canonical":"https:\/\/www.axiomams.eu\/lv\/produktas\/extech-vpc300-dalinu-skaititajs","og_locale":"lv_LV","og_type":"article","og_title":"Extech VPC300 da\u013ci\u0146u skait\u012bt\u0101js - AXIOMA MS","og_description":"Pateicoties lielam ekr\u0101nam, intuit\u012bvai navig\u0101cijas izv\u0113lnei un ekr\u0101n\u0101 redzamajiem datiem, m\u0113rier\u012bce \u013cauj lietot\u0101jiem \u0101tri veikt vair\u0101k testu, maz\u0101k laika pavadot datu ieg\u016b\u0161anai, izmantojot ekr\u0101nus. Da\u013ci\u0146u skait\u012bt\u0101js ir viegls un viegli lietojams jebkur\u0101 poz\u012bcij\u0101, un ar vienk\u0101r\u0161\u0101m datu eksport\u0113\u0161anas iesp\u0113j\u0101m, izmantojot USB kabeli, ir viegli p\u0101rskat\u012bt un analiz\u0113t datus jebkur\u0101 viet\u0101 un jebkur\u0101 laik\u0101. Standarta komplekt\u0101cij\u0101:...","og_url":"https:\/\/www.axiomams.eu\/lv\/produktas\/extech-vpc300-dalinu-skaititajs","og_site_name":"AXIOMA MS","article_publisher":"https:\/\/www.facebook.com\/AxiomaMS","article_modified_time":"2026-03-25T15:02:12+00:00","og_image":[{"width":768,"height":500,"url":"https:\/\/www.axiomams.eu\/wp-content\/uploads\/2025\/07\/106-666.jpg","type":"image\/jpeg"}],"twitter_card":"summary_large_image","twitter_misc":{"Est. reading time":"1 minute"},"schema":{"@context":"https:\/\/schema.org","@graph":[{"@type":"WebPage","@id":"https:\/\/www.axiomams.eu\/lv\/produktas\/extech-vpc300-dalinu-skaititajs","url":"https:\/\/www.axiomams.eu\/lv\/produktas\/extech-vpc300-dalinu-skaititajs","name":"Extech VPC300 da\u013ci\u0146u skait\u012bt\u0101js - AXIOMA MS","isPartOf":{"@id":"https:\/\/www.axiomams.eu\/lv#website"},"primaryImageOfPage":{"@id":"https:\/\/www.axiomams.eu\/lv\/produktas\/extech-vpc300-dalinu-skaititajs#primaryimage"},"image":{"@id":"https:\/\/www.axiomams.eu\/lv\/produktas\/extech-vpc300-dalinu-skaititajs#primaryimage"},"thumbnailUrl":"https:\/\/www.axiomams.eu\/wp-content\/uploads\/2025\/07\/106-666.jpg","datePublished":"2025-05-15T16:08:32+00:00","dateModified":"2026-03-25T15:02:12+00:00","breadcrumb":{"@id":"https:\/\/www.axiomams.eu\/lv\/produktas\/extech-vpc300-dalinu-skaititajs#breadcrumb"},"inLanguage":"lv-LV","potentialAction":[{"@type":"ReadAction","target":["https:\/\/www.axiomams.eu\/lv\/produktas\/extech-vpc300-dalinu-skaititajs"]}]},{"@type":"ImageObject","inLanguage":"lv-LV","@id":"https:\/\/www.axiomams.eu\/lv\/produktas\/extech-vpc300-dalinu-skaititajs#primaryimage","url":"https:\/\/www.axiomams.eu\/wp-content\/uploads\/2025\/07\/106-666.jpg","contentUrl":"https:\/\/www.axiomams.eu\/wp-content\/uploads\/2025\/07\/106-666.jpg","width":768,"height":500},{"@type":"BreadcrumbList","@id":"https:\/\/www.axiomams.eu\/lv\/produktas\/extech-vpc300-dalinu-skaititajs#breadcrumb","itemListElement":[{"@type":"ListItem","position":1,"name":"Home","item":"https:\/\/www.axiomams.eu\/lv"},{"@type":"ListItem","position":2,"name":"Produkti","item":"https:\/\/www.axiomams.eu\/lv\/produkti"},{"@type":"ListItem","position":3,"name":"Extech VPC300 da\u013ci\u0146u skait\u012bt\u0101js"}]},{"@type":"WebSite","@id":"https:\/\/www.axiomams.eu\/lv#website","url":"https:\/\/www.axiomams.eu\/lv","name":"AXIOMA MS","description":"Terrmovizoriai ir matavimo \u012franga","publisher":{"@id":"https:\/\/www.axiomams.eu\/lv#organization"},"potentialAction":[{"@type":"SearchAction","target":{"@type":"EntryPoint","urlTemplate":"https:\/\/www.axiomams.eu\/lv?s={search_term_string}"},"query-input":{"@type":"PropertyValueSpecification","valueRequired":true,"valueName":"search_term_string"}}],"inLanguage":"lv-LV"},{"@type":"Organization","@id":"https:\/\/www.axiomams.eu\/lv#organization","name":"AXIOMA MS","url":"https:\/\/www.axiomams.eu\/lv","logo":{"@type":"ImageObject","inLanguage":"lv-LV","@id":"https:\/\/www.axiomams.eu\/lv#\/schema\/logo\/image\/","url":"https:\/\/www.axiomams.eu\/wp-content\/uploads\/2025\/06\/axioma-logo-2.png","contentUrl":"https:\/\/www.axiomams.eu\/wp-content\/uploads\/2025\/06\/axioma-logo-2.png","width":1200,"height":1200,"caption":"AXIOMA MS"},"image":{"@id":"https:\/\/www.axiomams.eu\/lv#\/schema\/logo\/image\/"},"sameAs":["https:\/\/www.facebook.com\/AxiomaMS","https:\/\/www.linkedin.com\/company\/axiomams\/"]}]}},"_links":{"self":[{"href":"https:\/\/www.axiomams.eu\/lv\/wp-json\/wp\/v2\/product\/39432","targetHints":{"allow":["GET"]}}],"collection":[{"href":"https:\/\/www.axiomams.eu\/lv\/wp-json\/wp\/v2\/product"}],"about":[{"href":"https:\/\/www.axiomams.eu\/lv\/wp-json\/wp\/v2\/types\/product"}],"replies":[{"embeddable":true,"href":"https:\/\/www.axiomams.eu\/lv\/wp-json\/wp\/v2\/comments?post=39432"}],"wp:featuredmedia":[{"embeddable":true,"href":"https:\/\/www.axiomams.eu\/lv\/wp-json\/wp\/v2\/media\/42587"}],"wp:attachment":[{"href":"https:\/\/www.axiomams.eu\/lv\/wp-json\/wp\/v2\/media?parent=39432"}],"wp:term":[{"taxonomy":"product_brand","embeddable":true,"href":"https:\/\/www.axiomams.eu\/lv\/wp-json\/wp\/v2\/product_brand?post=39432"},{"taxonomy":"product_cat","embeddable":true,"href":"https:\/\/www.axiomams.eu\/lv\/wp-json\/wp\/v2\/product_cat?post=39432"},{"taxonomy":"product_tag","embeddable":true,"href":"https:\/\/www.axiomams.eu\/lv\/wp-json\/wp\/v2\/product_tag?post=39432"}],"curies":[{"name":"wp","href":"https:\/\/api.w.org\/{rel}","templated":true}]}}