{"id":39433,"date":"2025-05-15T18:08:33","date_gmt":"2025-05-15T16:08:33","guid":{"rendered":"https:\/\/www.axiomams.eu\/produktas\/flir-vs290-32-videoskops"},"modified":"2026-03-25T17:02:12","modified_gmt":"2026-03-25T15:02:12","slug":"flir-vs290-32-videoskops","status":"publish","type":"product","link":"https:\/\/www.axiomams.eu\/lv\/produktas\/flir-vs290-32-videoskops","title":{"rendered":"Flir VS290-32 videoskops"},"content":{"rendered":"<p>FLIR VS290-32 ir industri\u0101lais term\u0101lais un vizu\u0101lais videoskops, kas izstr\u0101d\u0101ts, lai pal\u012bdz\u0113tu profesion\u0101\u013ciem \u0101tri un dro\u0161i atrast sl\u0113pt\u0101s briesmas gr\u016bti pieejam\u0101s viet\u0101s, \u012bpa\u0161i pazemes elektr\u012bbas sadales \u0161aht\u0101s. VS290-32 ir apr\u012bkots ar 160 \u00d7 120 \u012bsto termokameru un MSX, kas \u013cauj lietot\u0101jiem fiks\u0113t karstos punktus, pirms rodas boj\u0101jums, lai saglab\u0101tu darb\u012bbas laiku. 2 m kameras zonde \u013cauj viegli veikt p\u0101rbaudes caur neliel\u0101m atver\u0113m, t\u0101d\u0113j\u0101di uzlabojot produktivit\u0101ti un samazinot diagnostikas laiku. Turkl\u0101t CAT IV 600 V dro\u0161\u012bbas kategorija padara VS290-32 par iztur\u012bgu un univers\u0101lu r\u012bku vispras\u012bg\u0101kaj\u0101s vid\u0113s komun\u0101lo pakalpojumu, ra\u017eo\u0161anas un \u0113ku apkopes lietojumos.<\/p>\n<p>Standarta komplekts: Komplekt\u0101: Videoscope displejs, termisk\u0101s MSX kameras zonde, divas uzl\u0101d\u0113jamas baterijas, akumulatora l\u0101d\u0113t\u0101js, akumulatora l\u0101d\u0113t\u0101ja baro\u0161anas avots, SD karte, USB kabelis, rokas siksna, ciets futr\u0101lis, druk\u0101ti dokumenti.<\/p>\n<h3>Tehnisk\u0101 inform\u0101cija:<\/h3>\n<ul>\n<li><a href=\"https:\/\/axiomams.eu\/importer\/export\/attachments\/en\/flir-vs290.pdf\" target=\"_blank\">FLIR VS290.pdf<\/a><\/li>\n<\/ul>\n","protected":false},"excerpt":{"rendered":"<p>FLIR VS290-32 ir industri\u0101lais term\u0101lais un vizu\u0101lais videoskops, kas izstr\u0101d\u0101ts, lai pal\u012bdz\u0113tu profesion\u0101\u013ciem \u0101tri un dro\u0161i atrast sl\u0113pt\u0101s briesmas gr\u016bti pieejam\u0101s viet\u0101s, \u012bpa\u0161i pazemes elektr\u012bbas sadales \u0161aht\u0101s. VS290-32 ir apr\u012bkots ar 160 \u00d7 120 \u012bsto termokameru un MSX, kas \u013cauj lietot\u0101jiem fiks\u0113t karstos punktus, pirms rodas boj\u0101jums, lai saglab\u0101tu darb\u012bbas laiku. 2 m kameras zonde&#8230;<\/p>\n","protected":false},"featured_media":42589,"comment_status":"open","ping_status":"closed","template":"","meta":{"_acf_changed":false},"product_brand":[734],"product_cat":[17775],"product_tag":[],"class_list":{"0":"post-39433","1":"product","2":"type-product","3":"status-publish","4":"has-post-thumbnail","6":"product_brand-flir","7":"product_cat-vizuala-parbaude","9":"first","10":"instock","11":"taxable","12":"shipping-taxable","13":"purchasable","14":"product-type-simple"},"acf":[],"yoast_head":"<!-- This site is optimized with the Yoast SEO plugin v27.0 - https:\/\/yoast.com\/product\/yoast-seo-wordpress\/ -->\n<title>Flir VS290-32 videoskops - AXIOMA MS<\/title>\n<meta name=\"robots\" content=\"index, follow, max-snippet:-1, max-image-preview:large, max-video-preview:-1\" \/>\n<link rel=\"canonical\" href=\"https:\/\/www.axiomams.eu\/lv\/produktas\/flir-vs290-32-videoskops\" \/>\n<meta property=\"og:locale\" content=\"lv_LV\" \/>\n<meta property=\"og:type\" content=\"article\" \/>\n<meta property=\"og:title\" content=\"Flir VS290-32 videoskops - AXIOMA MS\" \/>\n<meta property=\"og:description\" content=\"FLIR VS290-32 ir industri\u0101lais term\u0101lais un vizu\u0101lais videoskops, kas izstr\u0101d\u0101ts, lai pal\u012bdz\u0113tu profesion\u0101\u013ciem \u0101tri un dro\u0161i atrast sl\u0113pt\u0101s briesmas gr\u016bti pieejam\u0101s viet\u0101s, \u012bpa\u0161i pazemes elektr\u012bbas sadales \u0161aht\u0101s. VS290-32 ir apr\u012bkots ar 160 \u00d7 120 \u012bsto termokameru un MSX, kas \u013cauj lietot\u0101jiem fiks\u0113t karstos punktus, pirms rodas boj\u0101jums, lai saglab\u0101tu darb\u012bbas laiku. 2 m kameras zonde...\" \/>\n<meta property=\"og:url\" content=\"https:\/\/www.axiomams.eu\/lv\/produktas\/flir-vs290-32-videoskops\" \/>\n<meta property=\"og:site_name\" content=\"AXIOMA MS\" \/>\n<meta property=\"article:publisher\" content=\"https:\/\/www.facebook.com\/AxiomaMS\" \/>\n<meta property=\"article:modified_time\" content=\"2026-03-25T15:02:12+00:00\" \/>\n<meta property=\"og:image\" content=\"https:\/\/www.axiomams.eu\/wp-content\/uploads\/2025\/07\/2988-3940.jpg\" \/>\n\t<meta property=\"og:image:width\" content=\"933\" \/>\n\t<meta property=\"og:image:height\" content=\"893\" \/>\n\t<meta property=\"og:image:type\" content=\"image\/jpeg\" \/>\n<meta name=\"twitter:card\" content=\"summary_large_image\" \/>\n<meta name=\"twitter:label1\" content=\"Est. reading time\" \/>\n\t<meta name=\"twitter:data1\" content=\"1 minute\" \/>\n<script type=\"application\/ld+json\" class=\"yoast-schema-graph\">{\"@context\":\"https:\/\/schema.org\",\"@graph\":[{\"@type\":\"WebPage\",\"@id\":\"https:\/\/www.axiomams.eu\/lv\/produktas\/flir-vs290-32-videoskops\",\"url\":\"https:\/\/www.axiomams.eu\/lv\/produktas\/flir-vs290-32-videoskops\",\"name\":\"Flir VS290-32 videoskops - AXIOMA MS\",\"isPartOf\":{\"@id\":\"https:\/\/www.axiomams.eu\/lv#website\"},\"primaryImageOfPage\":{\"@id\":\"https:\/\/www.axiomams.eu\/lv\/produktas\/flir-vs290-32-videoskops#primaryimage\"},\"image\":{\"@id\":\"https:\/\/www.axiomams.eu\/lv\/produktas\/flir-vs290-32-videoskops#primaryimage\"},\"thumbnailUrl\":\"https:\/\/www.axiomams.eu\/wp-content\/uploads\/2025\/07\/2988-3940.jpg\",\"datePublished\":\"2025-05-15T16:08:33+00:00\",\"dateModified\":\"2026-03-25T15:02:12+00:00\",\"breadcrumb\":{\"@id\":\"https:\/\/www.axiomams.eu\/lv\/produktas\/flir-vs290-32-videoskops#breadcrumb\"},\"inLanguage\":\"lv-LV\",\"potentialAction\":[{\"@type\":\"ReadAction\",\"target\":[\"https:\/\/www.axiomams.eu\/lv\/produktas\/flir-vs290-32-videoskops\"]}]},{\"@type\":\"ImageObject\",\"inLanguage\":\"lv-LV\",\"@id\":\"https:\/\/www.axiomams.eu\/lv\/produktas\/flir-vs290-32-videoskops#primaryimage\",\"url\":\"https:\/\/www.axiomams.eu\/wp-content\/uploads\/2025\/07\/2988-3940.jpg\",\"contentUrl\":\"https:\/\/www.axiomams.eu\/wp-content\/uploads\/2025\/07\/2988-3940.jpg\",\"width\":933,\"height\":893},{\"@type\":\"BreadcrumbList\",\"@id\":\"https:\/\/www.axiomams.eu\/lv\/produktas\/flir-vs290-32-videoskops#breadcrumb\",\"itemListElement\":[{\"@type\":\"ListItem\",\"position\":1,\"name\":\"Home\",\"item\":\"https:\/\/www.axiomams.eu\/lv\"},{\"@type\":\"ListItem\",\"position\":2,\"name\":\"Produkti\",\"item\":\"https:\/\/www.axiomams.eu\/lv\/produkti\"},{\"@type\":\"ListItem\",\"position\":3,\"name\":\"Flir VS290-32 videoskops\"}]},{\"@type\":\"WebSite\",\"@id\":\"https:\/\/www.axiomams.eu\/lv#website\",\"url\":\"https:\/\/www.axiomams.eu\/lv\",\"name\":\"AXIOMA MS\",\"description\":\"Terrmovizoriai ir matavimo \u012franga\",\"publisher\":{\"@id\":\"https:\/\/www.axiomams.eu\/lv#organization\"},\"potentialAction\":[{\"@type\":\"SearchAction\",\"target\":{\"@type\":\"EntryPoint\",\"urlTemplate\":\"https:\/\/www.axiomams.eu\/lv?s={search_term_string}\"},\"query-input\":{\"@type\":\"PropertyValueSpecification\",\"valueRequired\":true,\"valueName\":\"search_term_string\"}}],\"inLanguage\":\"lv-LV\"},{\"@type\":\"Organization\",\"@id\":\"https:\/\/www.axiomams.eu\/lv#organization\",\"name\":\"AXIOMA MS\",\"url\":\"https:\/\/www.axiomams.eu\/lv\",\"logo\":{\"@type\":\"ImageObject\",\"inLanguage\":\"lv-LV\",\"@id\":\"https:\/\/www.axiomams.eu\/lv#\/schema\/logo\/image\/\",\"url\":\"https:\/\/www.axiomams.eu\/wp-content\/uploads\/2025\/06\/axioma-logo-2.png\",\"contentUrl\":\"https:\/\/www.axiomams.eu\/wp-content\/uploads\/2025\/06\/axioma-logo-2.png\",\"width\":1200,\"height\":1200,\"caption\":\"AXIOMA MS\"},\"image\":{\"@id\":\"https:\/\/www.axiomams.eu\/lv#\/schema\/logo\/image\/\"},\"sameAs\":[\"https:\/\/www.facebook.com\/AxiomaMS\",\"https:\/\/www.linkedin.com\/company\/axiomams\/\"]}]}<\/script>\n<!-- \/ Yoast SEO plugin. -->","yoast_head_json":{"title":"Flir VS290-32 videoskops - AXIOMA MS","robots":{"index":"index","follow":"follow","max-snippet":"max-snippet:-1","max-image-preview":"max-image-preview:large","max-video-preview":"max-video-preview:-1"},"canonical":"https:\/\/www.axiomams.eu\/lv\/produktas\/flir-vs290-32-videoskops","og_locale":"lv_LV","og_type":"article","og_title":"Flir VS290-32 videoskops - AXIOMA MS","og_description":"FLIR VS290-32 ir industri\u0101lais term\u0101lais un vizu\u0101lais videoskops, kas izstr\u0101d\u0101ts, lai pal\u012bdz\u0113tu profesion\u0101\u013ciem \u0101tri un dro\u0161i atrast sl\u0113pt\u0101s briesmas gr\u016bti pieejam\u0101s viet\u0101s, \u012bpa\u0161i pazemes elektr\u012bbas sadales \u0161aht\u0101s. VS290-32 ir apr\u012bkots ar 160 \u00d7 120 \u012bsto termokameru un MSX, kas \u013cauj lietot\u0101jiem fiks\u0113t karstos punktus, pirms rodas boj\u0101jums, lai saglab\u0101tu darb\u012bbas laiku. 2 m kameras zonde...","og_url":"https:\/\/www.axiomams.eu\/lv\/produktas\/flir-vs290-32-videoskops","og_site_name":"AXIOMA MS","article_publisher":"https:\/\/www.facebook.com\/AxiomaMS","article_modified_time":"2026-03-25T15:02:12+00:00","og_image":[{"width":933,"height":893,"url":"https:\/\/www.axiomams.eu\/wp-content\/uploads\/2025\/07\/2988-3940.jpg","type":"image\/jpeg"}],"twitter_card":"summary_large_image","twitter_misc":{"Est. reading time":"1 minute"},"schema":{"@context":"https:\/\/schema.org","@graph":[{"@type":"WebPage","@id":"https:\/\/www.axiomams.eu\/lv\/produktas\/flir-vs290-32-videoskops","url":"https:\/\/www.axiomams.eu\/lv\/produktas\/flir-vs290-32-videoskops","name":"Flir VS290-32 videoskops - AXIOMA MS","isPartOf":{"@id":"https:\/\/www.axiomams.eu\/lv#website"},"primaryImageOfPage":{"@id":"https:\/\/www.axiomams.eu\/lv\/produktas\/flir-vs290-32-videoskops#primaryimage"},"image":{"@id":"https:\/\/www.axiomams.eu\/lv\/produktas\/flir-vs290-32-videoskops#primaryimage"},"thumbnailUrl":"https:\/\/www.axiomams.eu\/wp-content\/uploads\/2025\/07\/2988-3940.jpg","datePublished":"2025-05-15T16:08:33+00:00","dateModified":"2026-03-25T15:02:12+00:00","breadcrumb":{"@id":"https:\/\/www.axiomams.eu\/lv\/produktas\/flir-vs290-32-videoskops#breadcrumb"},"inLanguage":"lv-LV","potentialAction":[{"@type":"ReadAction","target":["https:\/\/www.axiomams.eu\/lv\/produktas\/flir-vs290-32-videoskops"]}]},{"@type":"ImageObject","inLanguage":"lv-LV","@id":"https:\/\/www.axiomams.eu\/lv\/produktas\/flir-vs290-32-videoskops#primaryimage","url":"https:\/\/www.axiomams.eu\/wp-content\/uploads\/2025\/07\/2988-3940.jpg","contentUrl":"https:\/\/www.axiomams.eu\/wp-content\/uploads\/2025\/07\/2988-3940.jpg","width":933,"height":893},{"@type":"BreadcrumbList","@id":"https:\/\/www.axiomams.eu\/lv\/produktas\/flir-vs290-32-videoskops#breadcrumb","itemListElement":[{"@type":"ListItem","position":1,"name":"Home","item":"https:\/\/www.axiomams.eu\/lv"},{"@type":"ListItem","position":2,"name":"Produkti","item":"https:\/\/www.axiomams.eu\/lv\/produkti"},{"@type":"ListItem","position":3,"name":"Flir VS290-32 videoskops"}]},{"@type":"WebSite","@id":"https:\/\/www.axiomams.eu\/lv#website","url":"https:\/\/www.axiomams.eu\/lv","name":"AXIOMA MS","description":"Terrmovizoriai ir matavimo \u012franga","publisher":{"@id":"https:\/\/www.axiomams.eu\/lv#organization"},"potentialAction":[{"@type":"SearchAction","target":{"@type":"EntryPoint","urlTemplate":"https:\/\/www.axiomams.eu\/lv?s={search_term_string}"},"query-input":{"@type":"PropertyValueSpecification","valueRequired":true,"valueName":"search_term_string"}}],"inLanguage":"lv-LV"},{"@type":"Organization","@id":"https:\/\/www.axiomams.eu\/lv#organization","name":"AXIOMA MS","url":"https:\/\/www.axiomams.eu\/lv","logo":{"@type":"ImageObject","inLanguage":"lv-LV","@id":"https:\/\/www.axiomams.eu\/lv#\/schema\/logo\/image\/","url":"https:\/\/www.axiomams.eu\/wp-content\/uploads\/2025\/06\/axioma-logo-2.png","contentUrl":"https:\/\/www.axiomams.eu\/wp-content\/uploads\/2025\/06\/axioma-logo-2.png","width":1200,"height":1200,"caption":"AXIOMA MS"},"image":{"@id":"https:\/\/www.axiomams.eu\/lv#\/schema\/logo\/image\/"},"sameAs":["https:\/\/www.facebook.com\/AxiomaMS","https:\/\/www.linkedin.com\/company\/axiomams\/"]}]}},"_links":{"self":[{"href":"https:\/\/www.axiomams.eu\/lv\/wp-json\/wp\/v2\/product\/39433","targetHints":{"allow":["GET"]}}],"collection":[{"href":"https:\/\/www.axiomams.eu\/lv\/wp-json\/wp\/v2\/product"}],"about":[{"href":"https:\/\/www.axiomams.eu\/lv\/wp-json\/wp\/v2\/types\/product"}],"replies":[{"embeddable":true,"href":"https:\/\/www.axiomams.eu\/lv\/wp-json\/wp\/v2\/comments?post=39433"}],"wp:featuredmedia":[{"embeddable":true,"href":"https:\/\/www.axiomams.eu\/lv\/wp-json\/wp\/v2\/media\/42589"}],"wp:attachment":[{"href":"https:\/\/www.axiomams.eu\/lv\/wp-json\/wp\/v2\/media?parent=39433"}],"wp:term":[{"taxonomy":"product_brand","embeddable":true,"href":"https:\/\/www.axiomams.eu\/lv\/wp-json\/wp\/v2\/product_brand?post=39433"},{"taxonomy":"product_cat","embeddable":true,"href":"https:\/\/www.axiomams.eu\/lv\/wp-json\/wp\/v2\/product_cat?post=39433"},{"taxonomy":"product_tag","embeddable":true,"href":"https:\/\/www.axiomams.eu\/lv\/wp-json\/wp\/v2\/product_tag?post=39433"}],"curies":[{"name":"wp","href":"https:\/\/api.w.org\/{rel}","templated":true}]}}